{"id":6129,"date":"2022-06-20T03:33:17","date_gmt":"2022-06-20T03:33:17","guid":{"rendered":"https:\/\/btektech.com\/product\/304-american-handle-throat-hoop-hose-clamps\/"},"modified":"2022-11-21T02:02:07","modified_gmt":"2022-11-21T02:02:07","slug":"abracadeira-sem-fim","status":"publish","type":"product","link":"https:\/\/btektech.com\/pt-pt\/product\/abracadeira-sem-fim\/","title":{"rendered":"Abra\u00e7adeira Sem Fim"},"content":{"rendered":"<p>Os Abra\u00e7adeira Sem Fim s\u00e3o usados para tubos de \u00e1gua, tubos de lavagem de carros, tubos de entrega de g\u00e1s, mangueiras de fixa\u00e7\u00e3o, tubos, cabos, tubos de combust\u00edvel, etc. Perfeito para automotivo interno ou externo, industrial, marinho\/marinho, escudo, casa, etc. Constru\u00e7\u00e3o de alta resist\u00eancia de grampos de mangueira com al\u00e7a para f\u00e1cil instala\u00e7\u00e3o. E o produto vem com uma faixa s\u00f3lida enrolada para m\u00e1xima prote\u00e7\u00e3o da mangueira. Melhore muito a efici\u00eancia de veda\u00e7\u00e3o.<br \/>\nOs Abra\u00e7adeira Sem Fim t\u00eam um design \u00fanico e inovador e podem ser instalados com uma simples tor\u00e7\u00e3o manual. N\u00e3o s\u00e3o necess\u00e1rias ferramentas para instalar estes grampos exclusivos. Basta remover a tampa do parafuso pl\u00e1stico reutiliz\u00e1vel para uma conex\u00e3o \u00e0 prova de adultera\u00e7\u00e3o. Estes grampos s\u00e3o fabricados com fita de a\u00e7o inoxid\u00e1vel de 1\/2&#8243;. Os grampos de chave de fenda s\u00e3o ideais para mangueiras de ventila\u00e7\u00e3o do secador, sacos de filtro, mangueiras de esgoto rv e cabos e feixes de fios.<\/p>\n<div style=\"overflow: auto;\">\n<table width=\"100%\" style=\"text-align: center;\">\n<tbody>\n<tr>\n<th style=\"font-weight: 400;vertical-align: middle;\" rowspan=\"4\">Tipos<\/th>\n<td style=\"font-weight: 400;\">Al\u00e7a alem\u00e3<\/td>\n<\/tr>\n<tr>\n<td style=\"font-weight: 400;\">Al\u00e7a americana<\/td>\n<\/tr>\n<tr>\n<td style=\"font-weight: 400;\">Al\u00e7a de beleza pequena<\/td>\n<\/tr>\n<tr>\n<td style=\"font-weight: 400;\">Al\u00e7a de fio duplo<\/td>\n<\/tr>\n<tr>\n<th style=\"font-weight: 400;\">Material<\/th>\n<td>Semi-a\u00e7o de a\u00e7o carbono todo a\u00e7o<\/td>\n<\/tr>\n<tr>\n<th style=\"font-weight: 400;\">Tratamento de superf\u00edcie<\/th>\n<td>Platina. polimento<\/td>\n<\/tr>\n<tr>\n<th style=\"font-weight: 400;\">W1<\/th>\n<td>Toda a banda, carca\u00e7a e parafuso \u00e9 a\u00e7o galvanizado;<\/td>\n<\/tr>\n<tr>\n<th style=\"font-weight: 400;\">W2<\/th>\n<td>Banda e carca\u00e7a 200s ou 300ss a\u00e7o inoxid\u00e1vel, a\u00e7o galvanizado parafuso<\/td>\n<\/tr>\n<tr>\n<th style=\"font-weight: 400;\">W3<\/th>\n<td>Toda a banda, carca\u00e7a e parafuso s\u00e3o 200s ou 300 a\u00e7o inoxid\u00e1vel<\/td>\n<\/tr>\n<tr>\n<th style=\"font-weight: 400;\">W4<\/th>\n<td>Toda a banda, carca\u00e7a e parafuso \u00e9 316ss a\u00e7o inoxid\u00e1vel<\/td>\n<\/tr>\n<\/tbody>\n<\/table>\n<\/div>\n","protected":false},"excerpt":{"rendered":"<p>O Abra\u00e7adeira Sem Fim (incluindo correia, carca\u00e7a e parafusos) \u00e9 feito de material de a\u00e7o inoxid\u00e1vel de alta qualidade. Resistente ao sal, \u00e0 prova de ferrugem, anticorros\u00e3o, imperme\u00e1vel, \u00e0 prova de \u00f3leo. Os grampos s\u00e3o fortes, resistentes e confi\u00e1veis. Grampos de mangueira com al\u00e7as est\u00e3o dispon\u00edveis em uma ampla gama de tamanhos ajust\u00e1veis, os grampos de mangueira s\u00e3o male\u00e1veis e ajust\u00e1veis em uma ampla gama de tamanhos.<\/p>\n","protected":false},"featured_media":6205,"comment_status":"open","ping_status":"closed","template":"","meta":{"_acf_changed":false},"product_brand":[],"product_cat":[140],"product_tag":[],"class_list":{"0":"post-6129","1":"product","2":"type-product","3":"status-publish","4":"has-post-thumbnail","6":"product_cat-abracadeiras","8":"first","9":"instock","10":"shipping-taxable","11":"product-type-simple"},"acf":[],"yoast_head":"<!-- This site is optimized with the Yoast SEO plugin v26.0 - https:\/\/yoast.com\/wordpress\/plugins\/seo\/ -->\n<title>Abra\u00e7adeira Sem Fim - Btektech<\/title>\n<meta name=\"description\" content=\"O Abra\u00e7adeira Sem Fim \u00e9 forte, resistente e confi\u00e1vel. E o produto vem com uma faixa s\u00f3lida enrolada para m\u00e1xima prote\u00e7\u00e3o da mangueira. Melhore muito a efici\u00eancia de veda\u00e7\u00e3o.\" \/>\n<meta name=\"robots\" content=\"index, follow, max-snippet:-1, max-image-preview:large, max-video-preview:-1\" \/>\n<link rel=\"canonical\" href=\"https:\/\/btektech.com\/pt-pt\/product\/abracadeira-sem-fim\/\" \/>\n<meta property=\"og:locale\" content=\"pt_PT\" \/>\n<meta property=\"og:type\" content=\"article\" \/>\n<meta property=\"og:title\" content=\"Abra\u00e7adeira Sem Fim - Btektech\" \/>\n<meta property=\"og:description\" content=\"O Abra\u00e7adeira Sem Fim \u00e9 forte, resistente e confi\u00e1vel. E o produto vem com uma faixa s\u00f3lida enrolada para m\u00e1xima prote\u00e7\u00e3o da mangueira. Melhore muito a efici\u00eancia de veda\u00e7\u00e3o.\" \/>\n<meta property=\"og:url\" content=\"https:\/\/btektech.com\/pt-pt\/product\/abracadeira-sem-fim\/\" \/>\n<meta property=\"og:site_name\" content=\"Btektech\" \/>\n<meta property=\"article:modified_time\" content=\"2022-11-21T02:02:07+00:00\" \/>\n<meta property=\"og:image\" content=\"https:\/\/btektech.com\/wp-content\/uploads\/2022\/06\/Worm-Gear-Hose-Clamp-6.jpg\" \/>\n\t<meta property=\"og:image:width\" content=\"550\" \/>\n\t<meta property=\"og:image:height\" content=\"550\" \/>\n\t<meta property=\"og:image:type\" content=\"image\/jpeg\" \/>\n<meta name=\"twitter:card\" content=\"summary_large_image\" \/>\n<meta name=\"twitter:site\" content=\"@Btektech1\" \/>\n<meta name=\"twitter:label1\" content=\"Tempo estimado de leitura\" \/>\n\t<meta name=\"twitter:data1\" content=\"1 minuto\" \/>\n<script type=\"application\/ld+json\" class=\"yoast-schema-graph\">{\"@context\":\"https:\/\/schema.org\",\"@graph\":[{\"@type\":[\"WebPage\",\"ItemPage\"],\"@id\":\"https:\/\/btektech.com\/pt-pt\/product\/abracadeira-sem-fim\/\",\"url\":\"https:\/\/btektech.com\/pt-pt\/product\/abracadeira-sem-fim\/\",\"name\":\"Abra\u00e7adeira Sem Fim - Btektech\",\"isPartOf\":{\"@id\":\"https:\/\/btektech.com\/#website\"},\"primaryImageOfPage\":{\"@id\":\"https:\/\/btektech.com\/pt-pt\/product\/abracadeira-sem-fim\/#primaryimage\"},\"image\":{\"@id\":\"https:\/\/btektech.com\/pt-pt\/product\/abracadeira-sem-fim\/#primaryimage\"},\"thumbnailUrl\":\"https:\/\/btektech.com\/wp-content\/uploads\/2022\/06\/Worm-Gear-Hose-Clamp-6.jpg\",\"datePublished\":\"2022-06-20T03:33:17+00:00\",\"dateModified\":\"2022-11-21T02:02:07+00:00\",\"description\":\"O Abra\u00e7adeira Sem Fim \u00e9 forte, resistente e confi\u00e1vel. E o produto vem com uma faixa s\u00f3lida enrolada para m\u00e1xima prote\u00e7\u00e3o da mangueira. Melhore muito a efici\u00eancia de veda\u00e7\u00e3o.\",\"breadcrumb\":{\"@id\":\"https:\/\/btektech.com\/pt-pt\/product\/abracadeira-sem-fim\/#breadcrumb\"},\"inLanguage\":\"pt-PT\",\"potentialAction\":[{\"@type\":\"ReadAction\",\"target\":[\"https:\/\/btektech.com\/pt-pt\/product\/abracadeira-sem-fim\/\"]}]},{\"@type\":\"ImageObject\",\"inLanguage\":\"pt-PT\",\"@id\":\"https:\/\/btektech.com\/pt-pt\/product\/abracadeira-sem-fim\/#primaryimage\",\"url\":\"https:\/\/btektech.com\/wp-content\/uploads\/2022\/06\/Worm-Gear-Hose-Clamp-6.jpg\",\"contentUrl\":\"https:\/\/btektech.com\/wp-content\/uploads\/2022\/06\/Worm-Gear-Hose-Clamp-6.jpg\",\"width\":550,\"height\":550,\"caption\":\"Abra\u00e7adeira Sem Fim\"},{\"@type\":\"BreadcrumbList\",\"@id\":\"https:\/\/btektech.com\/pt-pt\/product\/abracadeira-sem-fim\/#breadcrumb\",\"itemListElement\":[{\"@type\":\"ListItem\",\"position\":1,\"name\":\"Home\",\"item\":\"https:\/\/btektech.com\/pt-pt\/home-2\/\"},{\"@type\":\"ListItem\",\"position\":2,\"name\":\"\u00dcr\u00fcnler\",\"item\":\"https:\/\/btektech.com\/tr\/shop\/\"},{\"@type\":\"ListItem\",\"position\":3,\"name\":\"Heavy-Duty &amp; Industrial Hose Clamps\",\"item\":\"https:\/\/btektech.com\/product-category\/heavy-duty-and-industrial-hose-clamps\/\"},{\"@type\":\"ListItem\",\"position\":4,\"name\":\"Abra\u00e7adeira Sem Fim\"}]},{\"@type\":\"WebSite\",\"@id\":\"https:\/\/btektech.com\/#website\",\"url\":\"https:\/\/btektech.com\/\",\"name\":\"Btektech\",\"description\":\"\",\"publisher\":{\"@id\":\"https:\/\/btektech.com\/#organization\"},\"potentialAction\":[{\"@type\":\"SearchAction\",\"target\":{\"@type\":\"EntryPoint\",\"urlTemplate\":\"https:\/\/btektech.com\/?s={search_term_string}\"},\"query-input\":{\"@type\":\"PropertyValueSpecification\",\"valueRequired\":true,\"valueName\":\"search_term_string\"}}],\"inLanguage\":\"pt-PT\"},{\"@type\":\"Organization\",\"@id\":\"https:\/\/btektech.com\/#organization\",\"name\":\"Btektech\",\"url\":\"https:\/\/btektech.com\/\",\"logo\":{\"@type\":\"ImageObject\",\"inLanguage\":\"pt-PT\",\"@id\":\"https:\/\/btektech.com\/#\/schema\/logo\/image\/\",\"url\":\"https:\/\/btektech.com\/wp-content\/uploads\/2021\/08\/btektech-logo.png\",\"contentUrl\":\"https:\/\/btektech.com\/wp-content\/uploads\/2021\/08\/btektech-logo.png\",\"width\":250,\"height\":114,\"caption\":\"Btektech\"},\"image\":{\"@id\":\"https:\/\/btektech.com\/#\/schema\/logo\/image\/\"},\"sameAs\":[\"https:\/\/x.com\/Btektech1\",\"https:\/\/www.instagram.com\/btektech\/\",\"https:\/\/www.linkedin.com\/company\/suzhou-baotailong-electronic-materials-co-ltd\/\",\"https:\/\/www.pinterest.com\/btektech\/_saved\/\",\"https:\/\/www.youtube.com\/channel\/UCBiw4Bc4CmQDrdo-QqyVTqQ\"]}]}<\/script>\n<!-- \/ Yoast SEO plugin. -->","yoast_head_json":{"title":"Abra\u00e7adeira Sem Fim - Btektech","description":"O Abra\u00e7adeira Sem Fim \u00e9 forte, resistente e confi\u00e1vel. E o produto vem com uma faixa s\u00f3lida enrolada para m\u00e1xima prote\u00e7\u00e3o da mangueira. Melhore muito a efici\u00eancia de veda\u00e7\u00e3o.","robots":{"index":"index","follow":"follow","max-snippet":"max-snippet:-1","max-image-preview":"max-image-preview:large","max-video-preview":"max-video-preview:-1"},"canonical":"https:\/\/btektech.com\/pt-pt\/product\/abracadeira-sem-fim\/","og_locale":"pt_PT","og_type":"article","og_title":"Abra\u00e7adeira Sem Fim - Btektech","og_description":"O Abra\u00e7adeira Sem Fim \u00e9 forte, resistente e confi\u00e1vel. E o produto vem com uma faixa s\u00f3lida enrolada para m\u00e1xima prote\u00e7\u00e3o da mangueira. Melhore muito a efici\u00eancia de veda\u00e7\u00e3o.","og_url":"https:\/\/btektech.com\/pt-pt\/product\/abracadeira-sem-fim\/","og_site_name":"Btektech","article_modified_time":"2022-11-21T02:02:07+00:00","og_image":[{"width":550,"height":550,"url":"https:\/\/btektech.com\/wp-content\/uploads\/2022\/06\/Worm-Gear-Hose-Clamp-6.jpg","type":"image\/jpeg"}],"twitter_card":"summary_large_image","twitter_site":"@Btektech1","twitter_misc":{"Tempo estimado de leitura":"1 minuto"},"schema":{"@context":"https:\/\/schema.org","@graph":[{"@type":["WebPage","ItemPage"],"@id":"https:\/\/btektech.com\/pt-pt\/product\/abracadeira-sem-fim\/","url":"https:\/\/btektech.com\/pt-pt\/product\/abracadeira-sem-fim\/","name":"Abra\u00e7adeira Sem Fim - Btektech","isPartOf":{"@id":"https:\/\/btektech.com\/#website"},"primaryImageOfPage":{"@id":"https:\/\/btektech.com\/pt-pt\/product\/abracadeira-sem-fim\/#primaryimage"},"image":{"@id":"https:\/\/btektech.com\/pt-pt\/product\/abracadeira-sem-fim\/#primaryimage"},"thumbnailUrl":"https:\/\/btektech.com\/wp-content\/uploads\/2022\/06\/Worm-Gear-Hose-Clamp-6.jpg","datePublished":"2022-06-20T03:33:17+00:00","dateModified":"2022-11-21T02:02:07+00:00","description":"O Abra\u00e7adeira Sem Fim \u00e9 forte, resistente e confi\u00e1vel. E o produto vem com uma faixa s\u00f3lida enrolada para m\u00e1xima prote\u00e7\u00e3o da mangueira. Melhore muito a efici\u00eancia de veda\u00e7\u00e3o.","breadcrumb":{"@id":"https:\/\/btektech.com\/pt-pt\/product\/abracadeira-sem-fim\/#breadcrumb"},"inLanguage":"pt-PT","potentialAction":[{"@type":"ReadAction","target":["https:\/\/btektech.com\/pt-pt\/product\/abracadeira-sem-fim\/"]}]},{"@type":"ImageObject","inLanguage":"pt-PT","@id":"https:\/\/btektech.com\/pt-pt\/product\/abracadeira-sem-fim\/#primaryimage","url":"https:\/\/btektech.com\/wp-content\/uploads\/2022\/06\/Worm-Gear-Hose-Clamp-6.jpg","contentUrl":"https:\/\/btektech.com\/wp-content\/uploads\/2022\/06\/Worm-Gear-Hose-Clamp-6.jpg","width":550,"height":550,"caption":"Abra\u00e7adeira Sem Fim"},{"@type":"BreadcrumbList","@id":"https:\/\/btektech.com\/pt-pt\/product\/abracadeira-sem-fim\/#breadcrumb","itemListElement":[{"@type":"ListItem","position":1,"name":"Home","item":"https:\/\/btektech.com\/pt-pt\/home-2\/"},{"@type":"ListItem","position":2,"name":"\u00dcr\u00fcnler","item":"https:\/\/btektech.com\/tr\/shop\/"},{"@type":"ListItem","position":3,"name":"Heavy-Duty &amp; Industrial Hose Clamps","item":"https:\/\/btektech.com\/product-category\/heavy-duty-and-industrial-hose-clamps\/"},{"@type":"ListItem","position":4,"name":"Abra\u00e7adeira Sem Fim"}]},{"@type":"WebSite","@id":"https:\/\/btektech.com\/#website","url":"https:\/\/btektech.com\/","name":"Btektech","description":"","publisher":{"@id":"https:\/\/btektech.com\/#organization"},"potentialAction":[{"@type":"SearchAction","target":{"@type":"EntryPoint","urlTemplate":"https:\/\/btektech.com\/?s={search_term_string}"},"query-input":{"@type":"PropertyValueSpecification","valueRequired":true,"valueName":"search_term_string"}}],"inLanguage":"pt-PT"},{"@type":"Organization","@id":"https:\/\/btektech.com\/#organization","name":"Btektech","url":"https:\/\/btektech.com\/","logo":{"@type":"ImageObject","inLanguage":"pt-PT","@id":"https:\/\/btektech.com\/#\/schema\/logo\/image\/","url":"https:\/\/btektech.com\/wp-content\/uploads\/2021\/08\/btektech-logo.png","contentUrl":"https:\/\/btektech.com\/wp-content\/uploads\/2021\/08\/btektech-logo.png","width":250,"height":114,"caption":"Btektech"},"image":{"@id":"https:\/\/btektech.com\/#\/schema\/logo\/image\/"},"sameAs":["https:\/\/x.com\/Btektech1","https:\/\/www.instagram.com\/btektech\/","https:\/\/www.linkedin.com\/company\/suzhou-baotailong-electronic-materials-co-ltd\/","https:\/\/www.pinterest.com\/btektech\/_saved\/","https:\/\/www.youtube.com\/channel\/UCBiw4Bc4CmQDrdo-QqyVTqQ"]}]}},"_links":{"self":[{"href":"https:\/\/btektech.com\/pt-pt\/wp-json\/wp\/v2\/product\/6129","targetHints":{"allow":["GET"]}}],"collection":[{"href":"https:\/\/btektech.com\/pt-pt\/wp-json\/wp\/v2\/product"}],"about":[{"href":"https:\/\/btektech.com\/pt-pt\/wp-json\/wp\/v2\/types\/product"}],"replies":[{"embeddable":true,"href":"https:\/\/btektech.com\/pt-pt\/wp-json\/wp\/v2\/comments?post=6129"}],"version-history":[{"count":0,"href":"https:\/\/btektech.com\/pt-pt\/wp-json\/wp\/v2\/product\/6129\/revisions"}],"wp:featuredmedia":[{"embeddable":true,"href":"https:\/\/btektech.com\/pt-pt\/wp-json\/wp\/v2\/media\/6205"}],"wp:attachment":[{"href":"https:\/\/btektech.com\/pt-pt\/wp-json\/wp\/v2\/media?parent=6129"}],"wp:term":[{"taxonomy":"product_brand","embeddable":true,"href":"https:\/\/btektech.com\/pt-pt\/wp-json\/wp\/v2\/product_brand?post=6129"},{"taxonomy":"product_cat","embeddable":true,"href":"https:\/\/btektech.com\/pt-pt\/wp-json\/wp\/v2\/product_cat?post=6129"},{"taxonomy":"product_tag","embeddable":true,"href":"https:\/\/btektech.com\/pt-pt\/wp-json\/wp\/v2\/product_tag?post=6129"}],"curies":[{"name":"wp","href":"https:\/\/api.w.org\/{rel}","templated":true}]}}