{"id":5516,"date":"2021-08-25T09:15:48","date_gmt":"2022-04-26T17:04:28","guid":{"rendered":"https:\/\/btektech.com\/product\/dicas-de-distribuicao-de-boca-plana-de-uso-geral\/"},"modified":"2022-09-08T06:16:49","modified_gmt":"2022-09-08T06:16:49","slug":"agulhas-de-dispensacao-de-boca-plana-de-uso-geral","status":"publish","type":"product","link":"https:\/\/btektech.com\/pt-pt\/product\/agulhas-de-dispensacao-de-boca-plana-de-uso-geral\/","title":{"rendered":"Agulhas de Dispensa\u00e7\u00e3o de boca plana de uso geral"},"content":{"rendered":"<p>Pontas de distribui\u00e7\u00e3o de pl\u00e1stico de uso geral, amplamente utilizadas. Pode ser utilizado com cartucho de seringa, v\u00e1lvula doseadora e tubo misturador. O comprimento normal das especifica\u00e7\u00f5es comuns pode ser entregue rapidamente, se necessitar de especifica\u00e7\u00f5es especiais, ou comprimento n\u00e3o normalizado, a Btektech ir\u00e1 completar a encomenda para si o mais rapidamente poss\u00edvel.<\/p>\n<div style=\"text-align: center;\">\n<img fetchpriority=\"high\" decoding=\"async\" class=\"alignnone wp-image-1791 size-full\" src=\"https:\/\/btektech.com\/wp-content\/uploads\/2021\/08\/Screenshot-2021-09-03-155525.jpg\" alt=\"\" width=\"693\" height=\"295\" srcset=\"https:\/\/btektech.com\/wp-content\/uploads\/2021\/08\/Screenshot-2021-09-03-155525.jpg 693w, https:\/\/btektech.com\/wp-content\/uploads\/2021\/08\/Screenshot-2021-09-03-155525-400x170.jpg 400w, https:\/\/btektech.com\/wp-content\/uploads\/2021\/08\/Screenshot-2021-09-03-155525-300x128.jpg 300w\" sizes=\"(max-width: 693px) 100vw, 693px\" \/>\n<\/div>\n<div style=\"overflow: auto;\">\n<table style=\"text-align: center;\">\n<tbody>\n<tr>\n<th>Gauge<\/th>\n<th>Cor<\/th>\n<th>ID(mm)<\/th>\n<th>OD(mm)<\/th>\n<th>6.35mm(1\/4&#8243;)<\/th>\n<th>12.7mm(1\/2&#8243;)<\/th>\n<th>25.4mm(1&#8243;)<\/th>\n<th>38,1mm(3\/2&#8243;)<\/th>\n<\/tr>\n<tr>\n<td>14<\/td>\n<td>Azeitona<\/td>\n<td>1.54<br \/>\n(0.06&#8243;)<\/td>\n<td>1.83<br \/>\n(0.072&#8243;)<\/td>\n<td>9018029<\/td>\n<td>9018043<\/td>\n<td>9018032<\/td>\n<td>9018035<\/td>\n<\/tr>\n<tr>\n<td>15<\/td>\n<td>\u00c2mbar<\/td>\n<td>1.36<br \/>\n(0.053&#8243;)<\/td>\n<td>1.65 (0.065&#8243;)<\/td>\n<td>9018056<\/td>\n<td>9018068<\/td>\n<td>9018059<\/td>\n<td>9018062<\/td>\n<\/tr>\n<tr>\n<td>16<\/td>\n<td>Cinzento<\/td>\n<td>1.19<br \/>\n(0.047&#8243;)<\/td>\n<td>1.64 (0.06\u201d)<\/td>\n<td>9018072<\/td>\n<td>9018073<\/td>\n<td>9018074<\/td>\n<td>9018075<\/td>\n<\/tr>\n<tr>\n<td>18<\/td>\n<td>Verde<\/td>\n<td>0.84<br \/>\n(0.033&#8243;)<\/td>\n<td>1.27<br \/>\n(0.05&#8243;)<\/td>\n<td>9018107<\/td>\n<td>9018122<\/td>\n<td>9018110<\/td>\n<td>9018113<\/td>\n<\/tr>\n<tr>\n<td>20<\/td>\n<td>Pink<\/td>\n<td>0.61<br \/>\n(0.024&#8243;)<\/td>\n<td>0.91<br \/>\n(0.036&#8243;)<\/td>\n<td>9018163<\/td>\n<td>9018716<\/td>\n<td>9018166<\/td>\n<td>9018169<\/td>\n<\/tr>\n<tr>\n<td>21<\/td>\n<td>P\u00farpura<\/td>\n<td>0.51<br \/>\n(0.02&#8243;)<\/td>\n<td>0.82<br \/>\n(0.032&#8243;)<\/td>\n<td>9005005<\/td>\n<td>9018233<\/td>\n<td>9018222<\/td>\n<td>9018225<\/td>\n<\/tr>\n<tr>\n<td>22<\/td>\n<td>Azul<\/td>\n<td>0.41<br \/>\n(0.016&#8243;)<\/td>\n<td>0.72<br \/>\n(0.028&#8243;)<\/td>\n<td>9018260<\/td>\n<td>9018272<\/td>\n<td>9018263<\/td>\n<td>9018266<\/td>\n<\/tr>\n<tr>\n<td>23<\/td>\n<td>Laranja<\/td>\n<td>0.33<br \/>\n(0.013&#8243;)<\/td>\n<td>0.65<br \/>\n(0.025&#8243;)<\/td>\n<td>9018302<\/td>\n<td>9018314<\/td>\n<td>9018305<\/td>\n<td>9018308<\/td>\n<\/tr>\n<tr>\n<td>25<\/td>\n<td>Vermelho<\/td>\n<td>0.25<br \/>\n(0.01&#8243;)<\/td>\n<td>0.52<br \/>\n(0.02&#8243;)<\/td>\n<td>9018333<\/td>\n<td>9018345<\/td>\n<td>9018336<\/td>\n<td>9018339<\/td>\n<\/tr>\n<tr>\n<td>27<\/td>\n<td>Limpar<\/td>\n<td>0.2<br \/>\n(0.008&#8243;)<\/td>\n<td>0.42<br \/>\n(0.016&#8243;)<\/td>\n<td>9018395<\/td>\n<td>9005008<\/td>\n<td>N\/A<\/td>\n<td>N\/A<\/td>\n<\/tr>\n<tr>\n<td>30<\/td>\n<td>Alfazema<\/td>\n<td>0.15<br \/>\n(0.006&#8243;)<\/td>\n<td>0.31<br \/>\n(0.012&#8243;)<\/td>\n<td>9018424<\/td>\n<td>9018433<\/td>\n<td>N\/A<\/td>\n<td>N\/A<\/td>\n<\/tr>\n<tr>\n<td>32<\/td>\n<td>Amarelo<\/td>\n<td>0.1<br \/>\n(0.004&#8243;)<\/td>\n<td>0.24<br \/>\n(0.009&#8243;)<\/td>\n<td>9018452<\/td>\n<td>N\/A<\/td>\n<td>N\/A<\/td>\n<td>N\/A<\/td>\n<\/tr>\n<\/tbody>\n<\/table>\n<\/div>\n","protected":false},"excerpt":{"rendered":"<p>Base de desenho de rosca dupla, parafuso fixado no cilindro de borracha, n\u00e3o se soltam.<\/p>\n","protected":false},"featured_media":21488,"comment_status":"open","ping_status":"closed","template":"","meta":{"_acf_changed":false},"product_brand":[],"product_cat":[154],"product_tag":[1395],"class_list":{"0":"post-5516","1":"product","2":"type-product","3":"status-publish","4":"has-post-thumbnail","6":"product_cat-pontas-e-agulhas-de-dispensacao","7":"product_tag-parent","9":"first","10":"instock","11":"shipping-taxable","12":"product-type-simple"},"acf":[],"yoast_head":"<!-- This site is optimized with the Yoast SEO plugin v26.0 - https:\/\/yoast.com\/wordpress\/plugins\/seo\/ -->\n<title>Agulhas de Dispensa\u00e7\u00e3o de boca plana de uso geral - Btektech<\/title>\n<meta name=\"description\" content=\"Agulhas de Dispensa\u00e7\u00e3o de pl\u00e1stico de uso geral, amplamente utilizadas. Pode ser utilizado com cartucho de seringa, v\u00e1lvula doseadora e tubo misturador.\" \/>\n<meta name=\"robots\" content=\"index, follow, max-snippet:-1, max-image-preview:large, max-video-preview:-1\" \/>\n<link rel=\"canonical\" href=\"https:\/\/btektech.com\/pt-pt\/product\/agulhas-de-dispensacao-de-boca-plana-de-uso-geral\/\" \/>\n<meta property=\"og:locale\" content=\"pt_PT\" \/>\n<meta property=\"og:type\" content=\"article\" \/>\n<meta property=\"og:title\" content=\"Agulhas de Dispensa\u00e7\u00e3o de boca plana de uso geral - Btektech\" \/>\n<meta property=\"og:description\" content=\"Agulhas de Dispensa\u00e7\u00e3o de pl\u00e1stico de uso geral, amplamente utilizadas. Pode ser utilizado com cartucho de seringa, v\u00e1lvula doseadora e tubo misturador.\" \/>\n<meta property=\"og:url\" content=\"https:\/\/btektech.com\/pt-pt\/product\/agulhas-de-dispensacao-de-boca-plana-de-uso-geral\/\" \/>\n<meta property=\"og:site_name\" content=\"Btektech\" \/>\n<meta property=\"article:modified_time\" content=\"2022-09-08T06:16:49+00:00\" \/>\n<meta property=\"og:image\" content=\"https:\/\/btektech.com\/wp-content\/uploads\/2021\/08\/1.jpg\" \/>\n\t<meta property=\"og:image:width\" content=\"800\" \/>\n\t<meta property=\"og:image:height\" content=\"800\" \/>\n\t<meta property=\"og:image:type\" content=\"image\/jpeg\" \/>\n<meta name=\"twitter:card\" content=\"summary_large_image\" \/>\n<meta name=\"twitter:site\" content=\"@Btektech1\" \/>\n<meta name=\"twitter:label1\" content=\"Tempo estimado de leitura\" \/>\n\t<meta name=\"twitter:data1\" content=\"1 minuto\" \/>\n<script type=\"application\/ld+json\" class=\"yoast-schema-graph\">{\"@context\":\"https:\/\/schema.org\",\"@graph\":[{\"@type\":[\"WebPage\",\"ItemPage\"],\"@id\":\"https:\/\/btektech.com\/pt-pt\/product\/agulhas-de-dispensacao-de-boca-plana-de-uso-geral\/\",\"url\":\"https:\/\/btektech.com\/pt-pt\/product\/agulhas-de-dispensacao-de-boca-plana-de-uso-geral\/\",\"name\":\"Agulhas de Dispensa\u00e7\u00e3o de boca plana de uso geral - Btektech\",\"isPartOf\":{\"@id\":\"https:\/\/btektech.com\/#website\"},\"primaryImageOfPage\":{\"@id\":\"https:\/\/btektech.com\/pt-pt\/product\/agulhas-de-dispensacao-de-boca-plana-de-uso-geral\/#primaryimage\"},\"image\":{\"@id\":\"https:\/\/btektech.com\/pt-pt\/product\/agulhas-de-dispensacao-de-boca-plana-de-uso-geral\/#primaryimage\"},\"thumbnailUrl\":\"https:\/\/btektech.com\/wp-content\/uploads\/2025\/12\/2.jpg\",\"datePublished\":\"2022-04-26T17:04:28+00:00\",\"dateModified\":\"2022-09-08T06:16:49+00:00\",\"description\":\"Agulhas de Dispensa\u00e7\u00e3o de pl\u00e1stico de uso geral, amplamente utilizadas. Pode ser utilizado com cartucho de seringa, v\u00e1lvula doseadora e tubo misturador.\",\"breadcrumb\":{\"@id\":\"https:\/\/btektech.com\/pt-pt\/product\/agulhas-de-dispensacao-de-boca-plana-de-uso-geral\/#breadcrumb\"},\"inLanguage\":\"pt-PT\",\"potentialAction\":[{\"@type\":\"ReadAction\",\"target\":[\"https:\/\/btektech.com\/pt-pt\/product\/agulhas-de-dispensacao-de-boca-plana-de-uso-geral\/\"]}]},{\"@type\":\"ImageObject\",\"inLanguage\":\"pt-PT\",\"@id\":\"https:\/\/btektech.com\/pt-pt\/product\/agulhas-de-dispensacao-de-boca-plana-de-uso-geral\/#primaryimage\",\"url\":\"https:\/\/btektech.com\/wp-content\/uploads\/2025\/12\/2.jpg\",\"contentUrl\":\"https:\/\/btektech.com\/wp-content\/uploads\/2025\/12\/2.jpg\",\"width\":800,\"height\":800,\"caption\":\"blunt tip needle\"},{\"@type\":\"BreadcrumbList\",\"@id\":\"https:\/\/btektech.com\/pt-pt\/product\/agulhas-de-dispensacao-de-boca-plana-de-uso-geral\/#breadcrumb\",\"itemListElement\":[{\"@type\":\"ListItem\",\"position\":1,\"name\":\"Home\",\"item\":\"https:\/\/btektech.com\/pt-pt\/\"},{\"@type\":\"ListItem\",\"position\":2,\"name\":\"\u00dcr\u00fcnler\",\"item\":\"https:\/\/btektech.com\/tr\/shop\/\"},{\"@type\":\"ListItem\",\"position\":3,\"name\":\"Dispensing Tips\",\"item\":\"https:\/\/btektech.com\/product-category\/dispensing-tips\/\"},{\"@type\":\"ListItem\",\"position\":4,\"name\":\"Agulhas de Dispensa\u00e7\u00e3o de boca plana de uso geral\"}]},{\"@type\":\"WebSite\",\"@id\":\"https:\/\/btektech.com\/#website\",\"url\":\"https:\/\/btektech.com\/\",\"name\":\"Btektech\",\"description\":\"\",\"publisher\":{\"@id\":\"https:\/\/btektech.com\/#organization\"},\"potentialAction\":[{\"@type\":\"SearchAction\",\"target\":{\"@type\":\"EntryPoint\",\"urlTemplate\":\"https:\/\/btektech.com\/?s={search_term_string}\"},\"query-input\":{\"@type\":\"PropertyValueSpecification\",\"valueRequired\":true,\"valueName\":\"search_term_string\"}}],\"inLanguage\":\"pt-PT\"},{\"@type\":\"Organization\",\"@id\":\"https:\/\/btektech.com\/#organization\",\"name\":\"Btektech\",\"url\":\"https:\/\/btektech.com\/\",\"logo\":{\"@type\":\"ImageObject\",\"inLanguage\":\"pt-PT\",\"@id\":\"https:\/\/btektech.com\/#\/schema\/logo\/image\/\",\"url\":\"https:\/\/btektech.com\/wp-content\/uploads\/2021\/08\/btektech-logo.png\",\"contentUrl\":\"https:\/\/btektech.com\/wp-content\/uploads\/2021\/08\/btektech-logo.png\",\"width\":250,\"height\":114,\"caption\":\"Btektech\"},\"image\":{\"@id\":\"https:\/\/btektech.com\/#\/schema\/logo\/image\/\"},\"sameAs\":[\"https:\/\/x.com\/Btektech1\",\"https:\/\/www.instagram.com\/btektech\/\",\"https:\/\/www.linkedin.com\/company\/suzhou-baotailong-electronic-materials-co-ltd\/\",\"https:\/\/www.pinterest.com\/btektech\/_saved\/\",\"https:\/\/www.youtube.com\/channel\/UCBiw4Bc4CmQDrdo-QqyVTqQ\"]}]}<\/script>\n<!-- \/ Yoast SEO plugin. -->","yoast_head_json":{"title":"Agulhas de Dispensa\u00e7\u00e3o de boca plana de uso geral - Btektech","description":"Agulhas de Dispensa\u00e7\u00e3o de pl\u00e1stico de uso geral, amplamente utilizadas. Pode ser utilizado com cartucho de seringa, v\u00e1lvula doseadora e tubo misturador.","robots":{"index":"index","follow":"follow","max-snippet":"max-snippet:-1","max-image-preview":"max-image-preview:large","max-video-preview":"max-video-preview:-1"},"canonical":"https:\/\/btektech.com\/pt-pt\/product\/agulhas-de-dispensacao-de-boca-plana-de-uso-geral\/","og_locale":"pt_PT","og_type":"article","og_title":"Agulhas de Dispensa\u00e7\u00e3o de boca plana de uso geral - Btektech","og_description":"Agulhas de Dispensa\u00e7\u00e3o de pl\u00e1stico de uso geral, amplamente utilizadas. Pode ser utilizado com cartucho de seringa, v\u00e1lvula doseadora e tubo misturador.","og_url":"https:\/\/btektech.com\/pt-pt\/product\/agulhas-de-dispensacao-de-boca-plana-de-uso-geral\/","og_site_name":"Btektech","article_modified_time":"2022-09-08T06:16:49+00:00","og_image":[{"width":800,"height":800,"url":"https:\/\/btektech.com\/wp-content\/uploads\/2021\/08\/1.jpg","type":"image\/jpeg"}],"twitter_card":"summary_large_image","twitter_site":"@Btektech1","twitter_misc":{"Tempo estimado de leitura":"1 minuto"},"schema":{"@context":"https:\/\/schema.org","@graph":[{"@type":["WebPage","ItemPage"],"@id":"https:\/\/btektech.com\/pt-pt\/product\/agulhas-de-dispensacao-de-boca-plana-de-uso-geral\/","url":"https:\/\/btektech.com\/pt-pt\/product\/agulhas-de-dispensacao-de-boca-plana-de-uso-geral\/","name":"Agulhas de Dispensa\u00e7\u00e3o de boca plana de uso geral - Btektech","isPartOf":{"@id":"https:\/\/btektech.com\/#website"},"primaryImageOfPage":{"@id":"https:\/\/btektech.com\/pt-pt\/product\/agulhas-de-dispensacao-de-boca-plana-de-uso-geral\/#primaryimage"},"image":{"@id":"https:\/\/btektech.com\/pt-pt\/product\/agulhas-de-dispensacao-de-boca-plana-de-uso-geral\/#primaryimage"},"thumbnailUrl":"https:\/\/btektech.com\/wp-content\/uploads\/2025\/12\/2.jpg","datePublished":"2022-04-26T17:04:28+00:00","dateModified":"2022-09-08T06:16:49+00:00","description":"Agulhas de Dispensa\u00e7\u00e3o de pl\u00e1stico de uso geral, amplamente utilizadas. Pode ser utilizado com cartucho de seringa, v\u00e1lvula doseadora e tubo misturador.","breadcrumb":{"@id":"https:\/\/btektech.com\/pt-pt\/product\/agulhas-de-dispensacao-de-boca-plana-de-uso-geral\/#breadcrumb"},"inLanguage":"pt-PT","potentialAction":[{"@type":"ReadAction","target":["https:\/\/btektech.com\/pt-pt\/product\/agulhas-de-dispensacao-de-boca-plana-de-uso-geral\/"]}]},{"@type":"ImageObject","inLanguage":"pt-PT","@id":"https:\/\/btektech.com\/pt-pt\/product\/agulhas-de-dispensacao-de-boca-plana-de-uso-geral\/#primaryimage","url":"https:\/\/btektech.com\/wp-content\/uploads\/2025\/12\/2.jpg","contentUrl":"https:\/\/btektech.com\/wp-content\/uploads\/2025\/12\/2.jpg","width":800,"height":800,"caption":"blunt tip needle"},{"@type":"BreadcrumbList","@id":"https:\/\/btektech.com\/pt-pt\/product\/agulhas-de-dispensacao-de-boca-plana-de-uso-geral\/#breadcrumb","itemListElement":[{"@type":"ListItem","position":1,"name":"Home","item":"https:\/\/btektech.com\/pt-pt\/"},{"@type":"ListItem","position":2,"name":"\u00dcr\u00fcnler","item":"https:\/\/btektech.com\/tr\/shop\/"},{"@type":"ListItem","position":3,"name":"Dispensing Tips","item":"https:\/\/btektech.com\/product-category\/dispensing-tips\/"},{"@type":"ListItem","position":4,"name":"Agulhas de Dispensa\u00e7\u00e3o de boca plana de uso geral"}]},{"@type":"WebSite","@id":"https:\/\/btektech.com\/#website","url":"https:\/\/btektech.com\/","name":"Btektech","description":"","publisher":{"@id":"https:\/\/btektech.com\/#organization"},"potentialAction":[{"@type":"SearchAction","target":{"@type":"EntryPoint","urlTemplate":"https:\/\/btektech.com\/?s={search_term_string}"},"query-input":{"@type":"PropertyValueSpecification","valueRequired":true,"valueName":"search_term_string"}}],"inLanguage":"pt-PT"},{"@type":"Organization","@id":"https:\/\/btektech.com\/#organization","name":"Btektech","url":"https:\/\/btektech.com\/","logo":{"@type":"ImageObject","inLanguage":"pt-PT","@id":"https:\/\/btektech.com\/#\/schema\/logo\/image\/","url":"https:\/\/btektech.com\/wp-content\/uploads\/2021\/08\/btektech-logo.png","contentUrl":"https:\/\/btektech.com\/wp-content\/uploads\/2021\/08\/btektech-logo.png","width":250,"height":114,"caption":"Btektech"},"image":{"@id":"https:\/\/btektech.com\/#\/schema\/logo\/image\/"},"sameAs":["https:\/\/x.com\/Btektech1","https:\/\/www.instagram.com\/btektech\/","https:\/\/www.linkedin.com\/company\/suzhou-baotailong-electronic-materials-co-ltd\/","https:\/\/www.pinterest.com\/btektech\/_saved\/","https:\/\/www.youtube.com\/channel\/UCBiw4Bc4CmQDrdo-QqyVTqQ"]}]}},"_links":{"self":[{"href":"https:\/\/btektech.com\/pt-pt\/wp-json\/wp\/v2\/product\/5516","targetHints":{"allow":["GET"]}}],"collection":[{"href":"https:\/\/btektech.com\/pt-pt\/wp-json\/wp\/v2\/product"}],"about":[{"href":"https:\/\/btektech.com\/pt-pt\/wp-json\/wp\/v2\/types\/product"}],"replies":[{"embeddable":true,"href":"https:\/\/btektech.com\/pt-pt\/wp-json\/wp\/v2\/comments?post=5516"}],"version-history":[{"count":0,"href":"https:\/\/btektech.com\/pt-pt\/wp-json\/wp\/v2\/product\/5516\/revisions"}],"wp:featuredmedia":[{"embeddable":true,"href":"https:\/\/btektech.com\/pt-pt\/wp-json\/wp\/v2\/media\/21488"}],"wp:attachment":[{"href":"https:\/\/btektech.com\/pt-pt\/wp-json\/wp\/v2\/media?parent=5516"}],"wp:term":[{"taxonomy":"product_brand","embeddable":true,"href":"https:\/\/btektech.com\/pt-pt\/wp-json\/wp\/v2\/product_brand?post=5516"},{"taxonomy":"product_cat","embeddable":true,"href":"https:\/\/btektech.com\/pt-pt\/wp-json\/wp\/v2\/product_cat?post=5516"},{"taxonomy":"product_tag","embeddable":true,"href":"https:\/\/btektech.com\/pt-pt\/wp-json\/wp\/v2\/product_tag?post=5516"}],"curies":[{"name":"wp","href":"https:\/\/api.w.org\/{rel}","templated":true}]}}