{"id":5513,"date":"2021-08-25T09:11:12","date_gmt":"2022-04-26T17:03:12","guid":{"rendered":"https:\/\/btektech.com\/product\/cartucho-de-seringa-a-moda-americana\/"},"modified":"2022-08-16T08:34:57","modified_gmt":"2022-08-16T08:34:57","slug":"dispensacao-de-barris-de-seringa","status":"publish","type":"product","link":"https:\/\/btektech.com\/pt-pt\/product\/dispensacao-de-barris-de-seringa\/","title":{"rendered":"Dispensa\u00e7\u00e3o de Barris de Seringa"},"content":{"rendered":"<p>Especialmente concebida para dentes de parafuso de parede vertical n\u00e3o inclin\u00e1veis, transparente e uniforme, a agulha \u00e9 f\u00e1cil de apertar, n\u00e3o f\u00e1cil de cair, na dispensa com um pist\u00e3o especial, para que o l\u00edquido na seringa limpe sem cola residual.<br \/>\nDispon\u00edvel em tr\u00eas cores: transparente para fluidos gerais: bronzeado para adesivo UV (cobrindo 280 a 390nm de comprimento de onda), e preto para adesivo fotocur\u00e1vel com protec\u00e7\u00e3o UV.<\/p>\n<div style=\"overflow: auto;\">\n<table style=\"text-align: center;\">\n<tbody>\n<tr>\n<th>Cor<\/th>\n<th>Capacidade(CC)<\/th>\n<th>ID(mm)<\/th>\n<th>OD(mm)<\/th>\n<th>Comprimento(mm)<\/th>\n<\/tr>\n<tr>\n<td>Limpar\/Ambar<\/td>\n<td>3<\/td>\n<td>9.5<\/td>\n<td>11.5<\/td>\n<td>74.4<\/td>\n<\/tr>\n<tr>\n<td>Limpar\/Ambar<\/td>\n<td>5<\/td>\n<td>12.6<\/td>\n<td>14.4<\/td>\n<td>70<\/td>\n<\/tr>\n<tr>\n<td>Limpar\/Ambar<\/td>\n<td>10<\/td>\n<td>15.6<\/td>\n<td>18.5<\/td>\n<td>91<\/td>\n<\/tr>\n<tr>\n<td>Limpar\/Ambar<\/td>\n<td>30<\/td>\n<td>22.5<\/td>\n<td>25.5<\/td>\n<td>118.5<\/td>\n<\/tr>\n<tr>\n<td>Limpar\/Ambar<\/td>\n<td>55<\/td>\n<td>22.5<\/td>\n<td>25.5<\/td>\n<td>174.5<\/td>\n<\/tr>\n<tr>\n<td>Limpar\/Ambar<\/td>\n<td>100<\/td>\n<td>31<\/td>\n<td>37<\/td>\n<td>191.5<\/td>\n<\/tr>\n<tr>\n<td>Limpar\/Ambar<\/td>\n<td>200<\/td>\n<td>40<\/td>\n<td>45.4<\/td>\n<td>230<\/td>\n<\/tr>\n<tr>\n<td>Limpar\/Ambar<\/td>\n<td>300<\/td>\n<td>50<\/td>\n<td>55<\/td>\n<td>200<\/td>\n<\/tr>\n<\/tbody>\n<\/table>\n<\/div>\n","protected":false},"excerpt":{"rendered":"<p>O corpo do barril adopta material de espessamento importado, que n\u00e3o \u00e9 f\u00e1cil de rebentar. O desenho da boca do fio pode garantir que a agulha n\u00e3o se solte. Especifica\u00e7\u00f5es de fornecimento de 3CC a 300CC.<\/p>\n","protected":false},"featured_media":1811,"comment_status":"open","ping_status":"closed","template":"","meta":{"_acf_changed":false},"product_brand":[],"product_cat":[267],"product_tag":[],"class_list":{"0":"post-5513","1":"product","2":"type-product","3":"status-publish","4":"has-post-thumbnail","6":"product_cat-uncategorized-pt-pt","8":"first","9":"instock","10":"shipping-taxable","11":"product-type-simple"},"acf":[],"yoast_head":"<!-- This site is optimized with the Yoast SEO plugin v26.0 - https:\/\/yoast.com\/wordpress\/plugins\/seo\/ -->\n<title>Dispensa\u00e7\u00e3o de Barris de Seringa - Btektech<\/title>\n<meta name=\"description\" content=\"O corpo do barril adopta material de espessamento importado, que n\u00e3o \u00e9 f\u00e1cil de rebentar.\" \/>\n<meta name=\"robots\" content=\"index, follow, max-snippet:-1, max-image-preview:large, max-video-preview:-1\" \/>\n<link rel=\"canonical\" href=\"https:\/\/btektech.com\/pt-pt\/product\/dispensacao-de-barris-de-seringa\/\" \/>\n<meta property=\"og:locale\" content=\"pt_PT\" \/>\n<meta property=\"og:type\" content=\"article\" \/>\n<meta property=\"og:title\" content=\"Dispensa\u00e7\u00e3o de Barris de Seringa - Btektech\" \/>\n<meta property=\"og:description\" content=\"O corpo do barril adopta material de espessamento importado, que n\u00e3o \u00e9 f\u00e1cil de rebentar.\" \/>\n<meta property=\"og:url\" content=\"https:\/\/btektech.com\/pt-pt\/product\/dispensacao-de-barris-de-seringa\/\" \/>\n<meta property=\"og:site_name\" content=\"Btektech\" \/>\n<meta property=\"article:modified_time\" content=\"2022-08-16T08:34:57+00:00\" \/>\n<meta property=\"og:image\" content=\"https:\/\/btektech.com\/wp-content\/uploads\/2021\/08\/IMG_4814-b.jpg\" \/>\n\t<meta property=\"og:image:width\" content=\"800\" \/>\n\t<meta property=\"og:image:height\" content=\"800\" \/>\n\t<meta property=\"og:image:type\" content=\"image\/jpeg\" \/>\n<meta name=\"twitter:card\" content=\"summary_large_image\" \/>\n<meta name=\"twitter:site\" content=\"@Btektech1\" \/>\n<meta name=\"twitter:label1\" content=\"Tempo estimado de leitura\" \/>\n\t<meta name=\"twitter:data1\" content=\"1 minuto\" \/>\n<script type=\"application\/ld+json\" class=\"yoast-schema-graph\">{\"@context\":\"https:\/\/schema.org\",\"@graph\":[{\"@type\":[\"WebPage\",\"ItemPage\"],\"@id\":\"https:\/\/btektech.com\/pt-pt\/product\/dispensacao-de-barris-de-seringa\/\",\"url\":\"https:\/\/btektech.com\/pt-pt\/product\/dispensacao-de-barris-de-seringa\/\",\"name\":\"Dispensa\u00e7\u00e3o de Barris de Seringa - Btektech\",\"isPartOf\":{\"@id\":\"https:\/\/btektech.com\/#website\"},\"primaryImageOfPage\":{\"@id\":\"https:\/\/btektech.com\/pt-pt\/product\/dispensacao-de-barris-de-seringa\/#primaryimage\"},\"image\":{\"@id\":\"https:\/\/btektech.com\/pt-pt\/product\/dispensacao-de-barris-de-seringa\/#primaryimage\"},\"thumbnailUrl\":\"https:\/\/btektech.com\/wp-content\/uploads\/2021\/08\/IMG_4814-b.jpg\",\"datePublished\":\"2022-04-26T17:03:12+00:00\",\"dateModified\":\"2022-08-16T08:34:57+00:00\",\"description\":\"O corpo do barril adopta material de espessamento importado, que n\u00e3o \u00e9 f\u00e1cil de rebentar.\",\"breadcrumb\":{\"@id\":\"https:\/\/btektech.com\/pt-pt\/product\/dispensacao-de-barris-de-seringa\/#breadcrumb\"},\"inLanguage\":\"pt-PT\",\"potentialAction\":[{\"@type\":\"ReadAction\",\"target\":[\"https:\/\/btektech.com\/pt-pt\/product\/dispensacao-de-barris-de-seringa\/\"]}]},{\"@type\":\"ImageObject\",\"inLanguage\":\"pt-PT\",\"@id\":\"https:\/\/btektech.com\/pt-pt\/product\/dispensacao-de-barris-de-seringa\/#primaryimage\",\"url\":\"https:\/\/btektech.com\/wp-content\/uploads\/2021\/08\/IMG_4814-b.jpg\",\"contentUrl\":\"https:\/\/btektech.com\/wp-content\/uploads\/2021\/08\/IMG_4814-b.jpg\",\"width\":800,\"height\":800,\"caption\":\"Dispensa\u00e7\u00e3o de Barris de Seringa\"},{\"@type\":\"BreadcrumbList\",\"@id\":\"https:\/\/btektech.com\/pt-pt\/product\/dispensacao-de-barris-de-seringa\/#breadcrumb\",\"itemListElement\":[{\"@type\":\"ListItem\",\"position\":1,\"name\":\"Home\",\"item\":\"https:\/\/btektech.com\/pt-pt\/home-2\/\"},{\"@type\":\"ListItem\",\"position\":2,\"name\":\"\u00dcr\u00fcnler\",\"item\":\"https:\/\/btektech.com\/tr\/shop\/\"},{\"@type\":\"ListItem\",\"position\":3,\"name\":\"Dispensa\u00e7\u00e3o de Barris de Seringa\"}]},{\"@type\":\"WebSite\",\"@id\":\"https:\/\/btektech.com\/#website\",\"url\":\"https:\/\/btektech.com\/\",\"name\":\"Btektech\",\"description\":\"\",\"publisher\":{\"@id\":\"https:\/\/btektech.com\/#organization\"},\"potentialAction\":[{\"@type\":\"SearchAction\",\"target\":{\"@type\":\"EntryPoint\",\"urlTemplate\":\"https:\/\/btektech.com\/?s={search_term_string}\"},\"query-input\":{\"@type\":\"PropertyValueSpecification\",\"valueRequired\":true,\"valueName\":\"search_term_string\"}}],\"inLanguage\":\"pt-PT\"},{\"@type\":\"Organization\",\"@id\":\"https:\/\/btektech.com\/#organization\",\"name\":\"Btektech\",\"url\":\"https:\/\/btektech.com\/\",\"logo\":{\"@type\":\"ImageObject\",\"inLanguage\":\"pt-PT\",\"@id\":\"https:\/\/btektech.com\/#\/schema\/logo\/image\/\",\"url\":\"https:\/\/btektech.com\/wp-content\/uploads\/2021\/08\/btektech-logo.png\",\"contentUrl\":\"https:\/\/btektech.com\/wp-content\/uploads\/2021\/08\/btektech-logo.png\",\"width\":250,\"height\":114,\"caption\":\"Btektech\"},\"image\":{\"@id\":\"https:\/\/btektech.com\/#\/schema\/logo\/image\/\"},\"sameAs\":[\"https:\/\/x.com\/Btektech1\",\"https:\/\/www.instagram.com\/btektech\/\",\"https:\/\/www.linkedin.com\/company\/suzhou-baotailong-electronic-materials-co-ltd\/\",\"https:\/\/www.pinterest.com\/btektech\/_saved\/\",\"https:\/\/www.youtube.com\/channel\/UCBiw4Bc4CmQDrdo-QqyVTqQ\"]}]}<\/script>\n<!-- \/ Yoast SEO plugin. -->","yoast_head_json":{"title":"Dispensa\u00e7\u00e3o de Barris de Seringa - Btektech","description":"O corpo do barril adopta material de espessamento importado, que n\u00e3o \u00e9 f\u00e1cil de rebentar.","robots":{"index":"index","follow":"follow","max-snippet":"max-snippet:-1","max-image-preview":"max-image-preview:large","max-video-preview":"max-video-preview:-1"},"canonical":"https:\/\/btektech.com\/pt-pt\/product\/dispensacao-de-barris-de-seringa\/","og_locale":"pt_PT","og_type":"article","og_title":"Dispensa\u00e7\u00e3o de Barris de Seringa - Btektech","og_description":"O corpo do barril adopta material de espessamento importado, que n\u00e3o \u00e9 f\u00e1cil de rebentar.","og_url":"https:\/\/btektech.com\/pt-pt\/product\/dispensacao-de-barris-de-seringa\/","og_site_name":"Btektech","article_modified_time":"2022-08-16T08:34:57+00:00","og_image":[{"width":800,"height":800,"url":"https:\/\/btektech.com\/wp-content\/uploads\/2021\/08\/IMG_4814-b.jpg","type":"image\/jpeg"}],"twitter_card":"summary_large_image","twitter_site":"@Btektech1","twitter_misc":{"Tempo estimado de leitura":"1 minuto"},"schema":{"@context":"https:\/\/schema.org","@graph":[{"@type":["WebPage","ItemPage"],"@id":"https:\/\/btektech.com\/pt-pt\/product\/dispensacao-de-barris-de-seringa\/","url":"https:\/\/btektech.com\/pt-pt\/product\/dispensacao-de-barris-de-seringa\/","name":"Dispensa\u00e7\u00e3o de Barris de Seringa - Btektech","isPartOf":{"@id":"https:\/\/btektech.com\/#website"},"primaryImageOfPage":{"@id":"https:\/\/btektech.com\/pt-pt\/product\/dispensacao-de-barris-de-seringa\/#primaryimage"},"image":{"@id":"https:\/\/btektech.com\/pt-pt\/product\/dispensacao-de-barris-de-seringa\/#primaryimage"},"thumbnailUrl":"https:\/\/btektech.com\/wp-content\/uploads\/2021\/08\/IMG_4814-b.jpg","datePublished":"2022-04-26T17:03:12+00:00","dateModified":"2022-08-16T08:34:57+00:00","description":"O corpo do barril adopta material de espessamento importado, que n\u00e3o \u00e9 f\u00e1cil de rebentar.","breadcrumb":{"@id":"https:\/\/btektech.com\/pt-pt\/product\/dispensacao-de-barris-de-seringa\/#breadcrumb"},"inLanguage":"pt-PT","potentialAction":[{"@type":"ReadAction","target":["https:\/\/btektech.com\/pt-pt\/product\/dispensacao-de-barris-de-seringa\/"]}]},{"@type":"ImageObject","inLanguage":"pt-PT","@id":"https:\/\/btektech.com\/pt-pt\/product\/dispensacao-de-barris-de-seringa\/#primaryimage","url":"https:\/\/btektech.com\/wp-content\/uploads\/2021\/08\/IMG_4814-b.jpg","contentUrl":"https:\/\/btektech.com\/wp-content\/uploads\/2021\/08\/IMG_4814-b.jpg","width":800,"height":800,"caption":"Dispensa\u00e7\u00e3o de Barris de Seringa"},{"@type":"BreadcrumbList","@id":"https:\/\/btektech.com\/pt-pt\/product\/dispensacao-de-barris-de-seringa\/#breadcrumb","itemListElement":[{"@type":"ListItem","position":1,"name":"Home","item":"https:\/\/btektech.com\/pt-pt\/home-2\/"},{"@type":"ListItem","position":2,"name":"\u00dcr\u00fcnler","item":"https:\/\/btektech.com\/tr\/shop\/"},{"@type":"ListItem","position":3,"name":"Dispensa\u00e7\u00e3o de Barris de Seringa"}]},{"@type":"WebSite","@id":"https:\/\/btektech.com\/#website","url":"https:\/\/btektech.com\/","name":"Btektech","description":"","publisher":{"@id":"https:\/\/btektech.com\/#organization"},"potentialAction":[{"@type":"SearchAction","target":{"@type":"EntryPoint","urlTemplate":"https:\/\/btektech.com\/?s={search_term_string}"},"query-input":{"@type":"PropertyValueSpecification","valueRequired":true,"valueName":"search_term_string"}}],"inLanguage":"pt-PT"},{"@type":"Organization","@id":"https:\/\/btektech.com\/#organization","name":"Btektech","url":"https:\/\/btektech.com\/","logo":{"@type":"ImageObject","inLanguage":"pt-PT","@id":"https:\/\/btektech.com\/#\/schema\/logo\/image\/","url":"https:\/\/btektech.com\/wp-content\/uploads\/2021\/08\/btektech-logo.png","contentUrl":"https:\/\/btektech.com\/wp-content\/uploads\/2021\/08\/btektech-logo.png","width":250,"height":114,"caption":"Btektech"},"image":{"@id":"https:\/\/btektech.com\/#\/schema\/logo\/image\/"},"sameAs":["https:\/\/x.com\/Btektech1","https:\/\/www.instagram.com\/btektech\/","https:\/\/www.linkedin.com\/company\/suzhou-baotailong-electronic-materials-co-ltd\/","https:\/\/www.pinterest.com\/btektech\/_saved\/","https:\/\/www.youtube.com\/channel\/UCBiw4Bc4CmQDrdo-QqyVTqQ"]}]}},"_links":{"self":[{"href":"https:\/\/btektech.com\/pt-pt\/wp-json\/wp\/v2\/product\/5513","targetHints":{"allow":["GET"]}}],"collection":[{"href":"https:\/\/btektech.com\/pt-pt\/wp-json\/wp\/v2\/product"}],"about":[{"href":"https:\/\/btektech.com\/pt-pt\/wp-json\/wp\/v2\/types\/product"}],"replies":[{"embeddable":true,"href":"https:\/\/btektech.com\/pt-pt\/wp-json\/wp\/v2\/comments?post=5513"}],"version-history":[{"count":0,"href":"https:\/\/btektech.com\/pt-pt\/wp-json\/wp\/v2\/product\/5513\/revisions"}],"wp:featuredmedia":[{"embeddable":true,"href":"https:\/\/btektech.com\/pt-pt\/wp-json\/wp\/v2\/media\/1811"}],"wp:attachment":[{"href":"https:\/\/btektech.com\/pt-pt\/wp-json\/wp\/v2\/media?parent=5513"}],"wp:term":[{"taxonomy":"product_brand","embeddable":true,"href":"https:\/\/btektech.com\/pt-pt\/wp-json\/wp\/v2\/product_brand?post=5513"},{"taxonomy":"product_cat","embeddable":true,"href":"https:\/\/btektech.com\/pt-pt\/wp-json\/wp\/v2\/product_cat?post=5513"},{"taxonomy":"product_tag","embeddable":true,"href":"https:\/\/btektech.com\/pt-pt\/wp-json\/wp\/v2\/product_tag?post=5513"}],"curies":[{"name":"wp","href":"https:\/\/api.w.org\/{rel}","templated":true}]}}