{"id":5508,"date":"2021-08-25T09:04:32","date_gmt":"2022-04-26T17:00:48","guid":{"rendered":"https:\/\/btektech.com\/product\/tubo-misturador-de-plastico-tubo-misturador-dinamico\/"},"modified":"2022-09-09T07:35:29","modified_gmt":"2022-09-09T07:35:29","slug":"tubo-misturador-de-plastico-tubo-misturador-dinamico","status":"publish","type":"product","link":"https:\/\/btektech.com\/pt-pt\/product\/tubo-misturador-de-plastico-tubo-misturador-dinamico\/","title":{"rendered":"Tubo Misturador de Pl\u00e1stico Tubo Misturador Din\u00e2mico"},"content":{"rendered":"<p>A diferen\u00e7a entre Tubo Misturador Din\u00e2mica de Pl\u00e1stico e tubo de mistura est\u00e1tica, a folha espiral do tubo pode rodar rapidamente, claro, a for\u00e7a rotacional vem da combina\u00e7\u00e3o da m\u00e1quina, a folga deste tubo de mistura de propor\u00e7\u00e3o \u00fanica \u00e9 adequada para o l\u00edquido, e a espuma l\u00edquida, como o etano, como a borracha,  o tubo de mistura din\u00e2mica \u00e9 muito f\u00e1cil de limpar, \u00e9 uma mistura l\u00edquida de dois componentes fornece uma solu\u00e7\u00e3o de baixo custo, A utiliza\u00e7\u00e3o do tubo de mistura pode poupar m\u00e3o-de-obra, reduzir o desperd\u00edcio, melhorar a produtividade e reduzir significativamente o custo de produ\u00e7\u00e3o, a aplica\u00e7\u00e3o do produto no fabrico electr\u00f3nico, fabrico el\u00e9ctrico, constru\u00e7\u00e3o civil,  fabrico autom\u00f3vel, decora\u00e7\u00e3o de presentes, etc. amplamente utilizado em todos os tipos de adesivo de dois componentes, mistura de enchimento (incluindo resina epoxi, silicone, PU, UV).<\/p>\n<div style=\"text-align: center;\">\n<img decoding=\"async\" class=\"alignnone size-medium wp-image-1172\" src=\"https:\/\/btektech.com\/wp-content\/uploads\/2021\/08\/%E9%9D%99%E6%80%81-300x70.jpg\" alt=\"\" width=\"300\" height=\"70\">\n<\/div>\n<div style=\"overflow: auto;\">\n<table style=\"text-align: center;\">\n<tbody>\n<tr>\n<th>N\u00e3o.<\/th>\n<th>Parte No.<\/th>\n<th>Elementos<\/th>\n<th>I.D(mm)<\/th>\n<th>L(mm)<\/th>\n<th>O.D(mm)<\/th>\n<th>A(mm)<\/th>\n<th>Cor interior<\/th>\n<\/tr>\n<tr>\n<td>D1<\/td>\n<td>RM12-16<\/td>\n<td>16<\/td>\n<td>12<\/td>\n<td>128<\/td>\n<td>16<\/td>\n<td>2.8<\/td>\n<td>Vermelho<\/td>\n<\/tr>\n<tr>\n<td>D2<\/td>\n<td>RM12-16<\/td>\n<td>16<\/td>\n<td>12<\/td>\n<td>128<\/td>\n<td>16<\/td>\n<td>2.8<\/td>\n<td>Verde<\/td>\n<\/tr>\n<tr>\n<td>D3<\/td>\n<td>RM12-26<\/td>\n<td>26<\/td>\n<td>12<\/td>\n<td>182<\/td>\n<td>16<\/td>\n<td>4.5<\/td>\n<td>Vermelho<\/td>\n<\/tr>\n<tr>\n<td>D4<\/td>\n<td>RM12-26<\/td>\n<td>26<\/td>\n<td>12<\/td>\n<td>182<\/td>\n<td>16<\/td>\n<td>4.5<\/td>\n<td>Verde<\/td>\n<\/tr>\n<tr>\n<td>D5<\/td>\n<td>RM17-26<\/td>\n<td>26<\/td>\n<td>17<\/td>\n<td>216<\/td>\n<td>21<\/td>\n<td>4.5<\/td>\n<td>Vermelho<\/td>\n<\/tr>\n<tr>\n<td>D6<\/td>\n<td>RM17-26<\/td>\n<td>26<\/td>\n<td>17<\/td>\n<td>216<\/td>\n<td>21<\/td>\n<td>4.5<\/td>\n<td>Verde<\/td>\n<\/tr>\n<tr>\n<td>D7<\/td>\n<td>RS12-16<\/td>\n<td>16<\/td>\n<td>12<\/td>\n<td>128<\/td>\n<td>16<\/td>\n<td>2.8<\/td>\n<td>Vermelho<\/td>\n<\/tr>\n<tr>\n<td>D8<\/td>\n<td>RS12-16<\/td>\n<td>16<\/td>\n<td>12<\/td>\n<td>128<\/td>\n<td>16<\/td>\n<td>2.8<\/td>\n<td>Verde<\/td>\n<\/tr>\n<tr>\n<td>D9<\/td>\n<td>RS12-26<\/td>\n<td>26<\/td>\n<td>12<\/td>\n<td>182<\/td>\n<td>16<\/td>\n<td>4.5<\/td>\n<td>Vermelho<\/td>\n<\/tr>\n<tr>\n<td>D10<\/td>\n<td>RS12-26<\/td>\n<td>26<\/td>\n<td>12<\/td>\n<td>182<\/td>\n<td>16<\/td>\n<td>4.5<\/td>\n<td>Verde<\/td>\n<\/tr>\n<tr>\n<td>D11<\/td>\n<td>R10-12S<\/td>\n<td>12<\/td>\n<td>10<\/td>\n<td>155<\/td>\n<td>14<\/td>\n<td>3<\/td>\n<td>Verde<\/td>\n<\/tr>\n<tr>\n<td>D12<\/td>\n<td>R13-12S<\/td>\n<td>12<\/td>\n<td>13<\/td>\n<td>197<\/td>\n<td>17<\/td>\n<td>4<\/td>\n<td>Verde<\/td>\n<\/tr>\n<tr>\n<td>D13<\/td>\n<td>SEC13-25<\/td>\n<td>23<\/td>\n<td>13<\/td>\n<td>178<\/td>\n<td>18<\/td>\n<td>4.5<\/td>\n<td>Vermelho<\/td>\n<\/tr>\n<\/tbody>\n<\/table>\n<\/div>\n","protected":false},"excerpt":{"rendered":"<p>O bocal de mistura din\u00e2mica da s\u00e9rie RM\/RS, \u00e9 um tubo de mistura dom\u00e9stico, desenho cient\u00edfico, material dur\u00e1vel, combinando com a v\u00e1lvula de mistura din\u00e2mica apropriada, para fornecer aos clientes um esquema de mistura de cola e perfus\u00e3o gota-a-gota adequado e de baixo custo.<\/p>\n","protected":false},"featured_media":4316,"comment_status":"open","ping_status":"closed","template":"","meta":{"_acf_changed":false},"product_brand":[],"product_cat":[267],"product_tag":[],"class_list":{"0":"post-5508","1":"product","2":"type-product","3":"status-publish","4":"has-post-thumbnail","6":"product_cat-uncategorized-pt-pt","8":"first","9":"instock","10":"shipping-taxable","11":"product-type-simple"},"acf":[],"yoast_head":"<!-- This site is optimized with the Yoast SEO plugin v26.0 - https:\/\/yoast.com\/wordpress\/plugins\/seo\/ -->\n<title>Tubo Misturador de Pl\u00e1stico Tubo Misturador Din\u00e2mico - Btektech<\/title>\n<meta name=\"description\" content=\"O Tubo Misturador Din\u00e2mica de Pl\u00e1stico da s\u00e9rie RM\/RS, \u00e9 um tubo de mistura dom\u00e9stico, desenho cient\u00edfico, material dur\u00e1vel\" \/>\n<meta name=\"robots\" content=\"index, follow, max-snippet:-1, max-image-preview:large, max-video-preview:-1\" \/>\n<link rel=\"canonical\" href=\"https:\/\/btektech.com\/pt-pt\/product\/tubo-misturador-de-plastico-tubo-misturador-dinamico\/\" \/>\n<meta property=\"og:locale\" content=\"pt_PT\" \/>\n<meta property=\"og:type\" content=\"article\" \/>\n<meta property=\"og:title\" content=\"Tubo Misturador de Pl\u00e1stico Tubo Misturador Din\u00e2mico - Btektech\" \/>\n<meta property=\"og:description\" content=\"O Tubo Misturador Din\u00e2mica de Pl\u00e1stico da s\u00e9rie RM\/RS, \u00e9 um tubo de mistura dom\u00e9stico, desenho cient\u00edfico, material dur\u00e1vel\" \/>\n<meta property=\"og:url\" content=\"https:\/\/btektech.com\/pt-pt\/product\/tubo-misturador-de-plastico-tubo-misturador-dinamico\/\" \/>\n<meta property=\"og:site_name\" content=\"Btektech\" \/>\n<meta property=\"article:modified_time\" content=\"2022-09-09T07:35:29+00:00\" \/>\n<meta property=\"og:image\" content=\"https:\/\/btektech.com\/wp-content\/uploads\/2021\/08\/20211130.jpg\" \/>\n\t<meta property=\"og:image:width\" content=\"1400\" \/>\n\t<meta property=\"og:image:height\" content=\"1400\" \/>\n\t<meta property=\"og:image:type\" content=\"image\/jpeg\" \/>\n<meta name=\"twitter:card\" content=\"summary_large_image\" \/>\n<meta name=\"twitter:site\" content=\"@Btektech1\" \/>\n<meta name=\"twitter:label1\" content=\"Tempo estimado de leitura\" \/>\n\t<meta name=\"twitter:data1\" content=\"2 minutos\" \/>\n<script type=\"application\/ld+json\" class=\"yoast-schema-graph\">{\"@context\":\"https:\/\/schema.org\",\"@graph\":[{\"@type\":[\"WebPage\",\"ItemPage\"],\"@id\":\"https:\/\/btektech.com\/pt-pt\/product\/tubo-misturador-de-plastico-tubo-misturador-dinamico\/\",\"url\":\"https:\/\/btektech.com\/pt-pt\/product\/tubo-misturador-de-plastico-tubo-misturador-dinamico\/\",\"name\":\"Tubo Misturador de Pl\u00e1stico Tubo Misturador Din\u00e2mico - Btektech\",\"isPartOf\":{\"@id\":\"https:\/\/btektech.com\/#website\"},\"primaryImageOfPage\":{\"@id\":\"https:\/\/btektech.com\/pt-pt\/product\/tubo-misturador-de-plastico-tubo-misturador-dinamico\/#primaryimage\"},\"image\":{\"@id\":\"https:\/\/btektech.com\/pt-pt\/product\/tubo-misturador-de-plastico-tubo-misturador-dinamico\/#primaryimage\"},\"thumbnailUrl\":\"https:\/\/btektech.com\/wp-content\/uploads\/2021\/08\/20211130.jpg\",\"datePublished\":\"2022-04-26T17:00:48+00:00\",\"dateModified\":\"2022-09-09T07:35:29+00:00\",\"description\":\"O Tubo Misturador Din\u00e2mica de Pl\u00e1stico da s\u00e9rie RM\/RS, \u00e9 um tubo de mistura dom\u00e9stico, desenho cient\u00edfico, material dur\u00e1vel\",\"breadcrumb\":{\"@id\":\"https:\/\/btektech.com\/pt-pt\/product\/tubo-misturador-de-plastico-tubo-misturador-dinamico\/#breadcrumb\"},\"inLanguage\":\"pt-PT\",\"potentialAction\":[{\"@type\":\"ReadAction\",\"target\":[\"https:\/\/btektech.com\/pt-pt\/product\/tubo-misturador-de-plastico-tubo-misturador-dinamico\/\"]}]},{\"@type\":\"ImageObject\",\"inLanguage\":\"pt-PT\",\"@id\":\"https:\/\/btektech.com\/pt-pt\/product\/tubo-misturador-de-plastico-tubo-misturador-dinamico\/#primaryimage\",\"url\":\"https:\/\/btektech.com\/wp-content\/uploads\/2021\/08\/20211130.jpg\",\"contentUrl\":\"https:\/\/btektech.com\/wp-content\/uploads\/2021\/08\/20211130.jpg\",\"width\":1400,\"height\":1400,\"caption\":\"Tubo Misturador de Pl\u00e1stico Tubo Misturador Din\u00e2mico\"},{\"@type\":\"BreadcrumbList\",\"@id\":\"https:\/\/btektech.com\/pt-pt\/product\/tubo-misturador-de-plastico-tubo-misturador-dinamico\/#breadcrumb\",\"itemListElement\":[{\"@type\":\"ListItem\",\"position\":1,\"name\":\"Home\",\"item\":\"https:\/\/btektech.com\/pt-pt\/home-2\/\"},{\"@type\":\"ListItem\",\"position\":2,\"name\":\"\u00dcr\u00fcnler\",\"item\":\"https:\/\/btektech.com\/tr\/shop\/\"},{\"@type\":\"ListItem\",\"position\":3,\"name\":\"Tubo Misturador de Pl\u00e1stico Tubo Misturador Din\u00e2mico\"}]},{\"@type\":\"WebSite\",\"@id\":\"https:\/\/btektech.com\/#website\",\"url\":\"https:\/\/btektech.com\/\",\"name\":\"Btektech\",\"description\":\"\",\"publisher\":{\"@id\":\"https:\/\/btektech.com\/#organization\"},\"potentialAction\":[{\"@type\":\"SearchAction\",\"target\":{\"@type\":\"EntryPoint\",\"urlTemplate\":\"https:\/\/btektech.com\/?s={search_term_string}\"},\"query-input\":{\"@type\":\"PropertyValueSpecification\",\"valueRequired\":true,\"valueName\":\"search_term_string\"}}],\"inLanguage\":\"pt-PT\"},{\"@type\":\"Organization\",\"@id\":\"https:\/\/btektech.com\/#organization\",\"name\":\"Btektech\",\"url\":\"https:\/\/btektech.com\/\",\"logo\":{\"@type\":\"ImageObject\",\"inLanguage\":\"pt-PT\",\"@id\":\"https:\/\/btektech.com\/#\/schema\/logo\/image\/\",\"url\":\"https:\/\/btektech.com\/wp-content\/uploads\/2021\/08\/btektech-logo.png\",\"contentUrl\":\"https:\/\/btektech.com\/wp-content\/uploads\/2021\/08\/btektech-logo.png\",\"width\":250,\"height\":114,\"caption\":\"Btektech\"},\"image\":{\"@id\":\"https:\/\/btektech.com\/#\/schema\/logo\/image\/\"},\"sameAs\":[\"https:\/\/x.com\/Btektech1\",\"https:\/\/www.instagram.com\/btektech\/\",\"https:\/\/www.linkedin.com\/company\/suzhou-baotailong-electronic-materials-co-ltd\/\",\"https:\/\/www.pinterest.com\/btektech\/_saved\/\",\"https:\/\/www.youtube.com\/channel\/UCBiw4Bc4CmQDrdo-QqyVTqQ\"]}]}<\/script>\n<!-- \/ Yoast SEO plugin. -->","yoast_head_json":{"title":"Tubo Misturador de Pl\u00e1stico Tubo Misturador Din\u00e2mico - Btektech","description":"O Tubo Misturador Din\u00e2mica de Pl\u00e1stico da s\u00e9rie RM\/RS, \u00e9 um tubo de mistura dom\u00e9stico, desenho cient\u00edfico, material dur\u00e1vel","robots":{"index":"index","follow":"follow","max-snippet":"max-snippet:-1","max-image-preview":"max-image-preview:large","max-video-preview":"max-video-preview:-1"},"canonical":"https:\/\/btektech.com\/pt-pt\/product\/tubo-misturador-de-plastico-tubo-misturador-dinamico\/","og_locale":"pt_PT","og_type":"article","og_title":"Tubo Misturador de Pl\u00e1stico Tubo Misturador Din\u00e2mico - Btektech","og_description":"O Tubo Misturador Din\u00e2mica de Pl\u00e1stico da s\u00e9rie RM\/RS, \u00e9 um tubo de mistura dom\u00e9stico, desenho cient\u00edfico, material dur\u00e1vel","og_url":"https:\/\/btektech.com\/pt-pt\/product\/tubo-misturador-de-plastico-tubo-misturador-dinamico\/","og_site_name":"Btektech","article_modified_time":"2022-09-09T07:35:29+00:00","og_image":[{"width":1400,"height":1400,"url":"https:\/\/btektech.com\/wp-content\/uploads\/2021\/08\/20211130.jpg","type":"image\/jpeg"}],"twitter_card":"summary_large_image","twitter_site":"@Btektech1","twitter_misc":{"Tempo estimado de leitura":"2 minutos"},"schema":{"@context":"https:\/\/schema.org","@graph":[{"@type":["WebPage","ItemPage"],"@id":"https:\/\/btektech.com\/pt-pt\/product\/tubo-misturador-de-plastico-tubo-misturador-dinamico\/","url":"https:\/\/btektech.com\/pt-pt\/product\/tubo-misturador-de-plastico-tubo-misturador-dinamico\/","name":"Tubo Misturador de Pl\u00e1stico Tubo Misturador Din\u00e2mico - Btektech","isPartOf":{"@id":"https:\/\/btektech.com\/#website"},"primaryImageOfPage":{"@id":"https:\/\/btektech.com\/pt-pt\/product\/tubo-misturador-de-plastico-tubo-misturador-dinamico\/#primaryimage"},"image":{"@id":"https:\/\/btektech.com\/pt-pt\/product\/tubo-misturador-de-plastico-tubo-misturador-dinamico\/#primaryimage"},"thumbnailUrl":"https:\/\/btektech.com\/wp-content\/uploads\/2021\/08\/20211130.jpg","datePublished":"2022-04-26T17:00:48+00:00","dateModified":"2022-09-09T07:35:29+00:00","description":"O Tubo Misturador Din\u00e2mica de Pl\u00e1stico da s\u00e9rie RM\/RS, \u00e9 um tubo de mistura dom\u00e9stico, desenho cient\u00edfico, material dur\u00e1vel","breadcrumb":{"@id":"https:\/\/btektech.com\/pt-pt\/product\/tubo-misturador-de-plastico-tubo-misturador-dinamico\/#breadcrumb"},"inLanguage":"pt-PT","potentialAction":[{"@type":"ReadAction","target":["https:\/\/btektech.com\/pt-pt\/product\/tubo-misturador-de-plastico-tubo-misturador-dinamico\/"]}]},{"@type":"ImageObject","inLanguage":"pt-PT","@id":"https:\/\/btektech.com\/pt-pt\/product\/tubo-misturador-de-plastico-tubo-misturador-dinamico\/#primaryimage","url":"https:\/\/btektech.com\/wp-content\/uploads\/2021\/08\/20211130.jpg","contentUrl":"https:\/\/btektech.com\/wp-content\/uploads\/2021\/08\/20211130.jpg","width":1400,"height":1400,"caption":"Tubo Misturador de Pl\u00e1stico Tubo Misturador Din\u00e2mico"},{"@type":"BreadcrumbList","@id":"https:\/\/btektech.com\/pt-pt\/product\/tubo-misturador-de-plastico-tubo-misturador-dinamico\/#breadcrumb","itemListElement":[{"@type":"ListItem","position":1,"name":"Home","item":"https:\/\/btektech.com\/pt-pt\/home-2\/"},{"@type":"ListItem","position":2,"name":"\u00dcr\u00fcnler","item":"https:\/\/btektech.com\/tr\/shop\/"},{"@type":"ListItem","position":3,"name":"Tubo Misturador de Pl\u00e1stico Tubo Misturador Din\u00e2mico"}]},{"@type":"WebSite","@id":"https:\/\/btektech.com\/#website","url":"https:\/\/btektech.com\/","name":"Btektech","description":"","publisher":{"@id":"https:\/\/btektech.com\/#organization"},"potentialAction":[{"@type":"SearchAction","target":{"@type":"EntryPoint","urlTemplate":"https:\/\/btektech.com\/?s={search_term_string}"},"query-input":{"@type":"PropertyValueSpecification","valueRequired":true,"valueName":"search_term_string"}}],"inLanguage":"pt-PT"},{"@type":"Organization","@id":"https:\/\/btektech.com\/#organization","name":"Btektech","url":"https:\/\/btektech.com\/","logo":{"@type":"ImageObject","inLanguage":"pt-PT","@id":"https:\/\/btektech.com\/#\/schema\/logo\/image\/","url":"https:\/\/btektech.com\/wp-content\/uploads\/2021\/08\/btektech-logo.png","contentUrl":"https:\/\/btektech.com\/wp-content\/uploads\/2021\/08\/btektech-logo.png","width":250,"height":114,"caption":"Btektech"},"image":{"@id":"https:\/\/btektech.com\/#\/schema\/logo\/image\/"},"sameAs":["https:\/\/x.com\/Btektech1","https:\/\/www.instagram.com\/btektech\/","https:\/\/www.linkedin.com\/company\/suzhou-baotailong-electronic-materials-co-ltd\/","https:\/\/www.pinterest.com\/btektech\/_saved\/","https:\/\/www.youtube.com\/channel\/UCBiw4Bc4CmQDrdo-QqyVTqQ"]}]}},"_links":{"self":[{"href":"https:\/\/btektech.com\/pt-pt\/wp-json\/wp\/v2\/product\/5508","targetHints":{"allow":["GET"]}}],"collection":[{"href":"https:\/\/btektech.com\/pt-pt\/wp-json\/wp\/v2\/product"}],"about":[{"href":"https:\/\/btektech.com\/pt-pt\/wp-json\/wp\/v2\/types\/product"}],"replies":[{"embeddable":true,"href":"https:\/\/btektech.com\/pt-pt\/wp-json\/wp\/v2\/comments?post=5508"}],"version-history":[{"count":0,"href":"https:\/\/btektech.com\/pt-pt\/wp-json\/wp\/v2\/product\/5508\/revisions"}],"wp:featuredmedia":[{"embeddable":true,"href":"https:\/\/btektech.com\/pt-pt\/wp-json\/wp\/v2\/media\/4316"}],"wp:attachment":[{"href":"https:\/\/btektech.com\/pt-pt\/wp-json\/wp\/v2\/media?parent=5508"}],"wp:term":[{"taxonomy":"product_brand","embeddable":true,"href":"https:\/\/btektech.com\/pt-pt\/wp-json\/wp\/v2\/product_brand?post=5508"},{"taxonomy":"product_cat","embeddable":true,"href":"https:\/\/btektech.com\/pt-pt\/wp-json\/wp\/v2\/product_cat?post=5508"},{"taxonomy":"product_tag","embeddable":true,"href":"https:\/\/btektech.com\/pt-pt\/wp-json\/wp\/v2\/product_tag?post=5508"}],"curies":[{"name":"wp","href":"https:\/\/api.w.org\/{rel}","templated":true}]}}