{"id":5496,"date":"2021-09-06T09:28:51","date_gmt":"2022-04-26T16:58:01","guid":{"rendered":"https:\/\/btektech.com\/product\/tubo-misturador-estatico-de-plastico-descartavel\/"},"modified":"2022-07-29T01:53:21","modified_gmt":"2022-07-29T01:53:21","slug":"tubo-misturador-estatico-de-plastico-descartavel","status":"publish","type":"product","link":"https:\/\/btektech.com\/pt-pt\/product\/tubo-misturador-estatico-de-plastico-descartavel\/","title":{"rendered":"Tubo Misturador Est\u00e1tico de Pl\u00e1stico Descart\u00e1vel"},"content":{"rendered":"<p>Tubo de mistura est\u00e1tica GSM tipo X estrutura especial<\/p>\n<p>O seu elemento \u00e9 composto por material PP ou nylon. Cada elemento atravessa a 90 graus. Portanto, a efici\u00eancia do misturador est\u00e1tico descart\u00e1vel X-Grid \u00e9 3-10 vezes superior \u00e0 dos tubos de mistura est\u00e1ticos em espiral e quadrados, e pode resolver o problema da baixa efici\u00eancia dos tubos de mistura est\u00e1ticos comuns. Portanto, o tubo de mistura do tipo X \u00e9 adequado para as seguintes situa\u00e7\u00f5es: O intervalo de consist\u00eancia da cola A e B \u00e9 grande; a rela\u00e7\u00e3o de mistura da cola A e B \u00e9 ampla; o fluxo da cola A e B \u00e9 demasiado r\u00e1pido.<\/p>\n<div style=\"overflow: auto;\">\n<table style=\"text-align: center;\">\n<tbody>\n<tr>\n<th>N\u00e3o.  <\/th>\n<th>Parte No.  <\/th>\n<th>Elementos  <\/th>\n<th>Identifica\u00e7\u00e3o(mm)  <\/th>\n<th>L(mm)  <\/th>\n<th>D.O.(mm)  <\/th>\n<th>A(mm)  <\/th>\n<th>Cor do n\u00facleo interior  <\/th>\n<\/tr>\n<tr>\n<td>G1<\/td>\n<td>  GSM9-12<\/td>\n<td>12<\/td>\n<td>9.3<\/td>\n<td>146<\/td>\n<td>12.5<\/td>\n<td>3<\/td>\n<td>Branco\/amarelo<\/td>\n<\/tr>\n<tr>\n<td>G2<\/td>\n<td>  GSM9-14<\/td>\n<td>14<\/td>\n<td>9.3<\/td>\n<td>164<\/td>\n<td>12.5<\/td>\n<td>3<\/td>\n<td>Azul\/amarelo<\/td>\n<\/tr>\n<tr>\n<td>G3<\/td>\n<td>  GSM9-16<\/td>\n<td>16<\/td>\n<td>9.3<\/td>\n<td>183<\/td>\n<td>12.5<\/td>\n<td>3<\/td>\n<td>Branco\/azul<\/td>\n<\/tr>\n<tr>\n<td>G4<\/td>\n<td>  GSM9-20<\/td>\n<td>20<\/td>\n<td>9.3<\/td>\n<td>220<\/td>\n<td>12.5<\/td>\n<td>3<\/td>\n<td>Azul\/vermelho<\/td>\n<\/tr>\n<\/tbody>\n<\/table>\n<\/div>\n","protected":false},"excerpt":{"rendered":"<p>X-Grid misturador est\u00e1tico descart\u00e1vel<\/p>\n<p>A caracter\u00edstica deste produto \u00e9 que pode misturar rapidamente, extrus\u00e3o r\u00e1pida, poupar cola, e n\u00e3o pode ser facilmente bloqueado.<\/p>\n","protected":false},"featured_media":1891,"comment_status":"open","ping_status":"closed","template":"","meta":{"_acf_changed":false},"product_brand":[],"product_cat":[267],"product_tag":[],"class_list":{"0":"post-5496","1":"product","2":"type-product","3":"status-publish","4":"has-post-thumbnail","6":"product_cat-uncategorized-pt-pt","8":"first","9":"instock","10":"shipping-taxable","11":"product-type-simple"},"acf":[],"yoast_head":"<!-- This site is optimized with the Yoast SEO plugin v26.0 - https:\/\/yoast.com\/wordpress\/plugins\/seo\/ -->\n<title>Tubo Misturador Est\u00e1tico de Pl\u00e1stico Descart\u00e1vel - Btektech<\/title>\n<meta name=\"description\" content=\"A caracter\u00edstica deste produto \u00e9 que pode misturar rapidamente, extrus\u00e3o r\u00e1pida, poupar cola, e n\u00e3o pode ser facilmente bloqueado.\" \/>\n<meta name=\"robots\" content=\"index, follow, max-snippet:-1, max-image-preview:large, max-video-preview:-1\" \/>\n<link rel=\"canonical\" href=\"https:\/\/btektech.com\/pt-pt\/product\/tubo-misturador-estatico-de-plastico-descartavel\/\" \/>\n<meta property=\"og:locale\" content=\"pt_PT\" \/>\n<meta property=\"og:type\" content=\"article\" \/>\n<meta property=\"og:title\" content=\"Tubo Misturador Est\u00e1tico de Pl\u00e1stico Descart\u00e1vel - Btektech\" \/>\n<meta property=\"og:description\" content=\"A caracter\u00edstica deste produto \u00e9 que pode misturar rapidamente, extrus\u00e3o r\u00e1pida, poupar cola, e n\u00e3o pode ser facilmente bloqueado.\" \/>\n<meta property=\"og:url\" content=\"https:\/\/btektech.com\/pt-pt\/product\/tubo-misturador-estatico-de-plastico-descartavel\/\" \/>\n<meta property=\"og:site_name\" content=\"Btektech\" \/>\n<meta property=\"article:modified_time\" content=\"2022-07-29T01:53:21+00:00\" \/>\n<meta property=\"og:image\" content=\"https:\/\/btektech.com\/wp-content\/uploads\/2021\/09\/G.jpg\" \/>\n\t<meta property=\"og:image:width\" content=\"800\" \/>\n\t<meta property=\"og:image:height\" content=\"800\" \/>\n\t<meta property=\"og:image:type\" content=\"image\/jpeg\" \/>\n<meta name=\"twitter:card\" content=\"summary_large_image\" \/>\n<meta name=\"twitter:site\" content=\"@Btektech1\" \/>\n<meta name=\"twitter:label1\" content=\"Tempo estimado de leitura\" \/>\n\t<meta name=\"twitter:data1\" content=\"1 minuto\" \/>\n<script type=\"application\/ld+json\" class=\"yoast-schema-graph\">{\"@context\":\"https:\/\/schema.org\",\"@graph\":[{\"@type\":[\"WebPage\",\"ItemPage\"],\"@id\":\"https:\/\/btektech.com\/pt-pt\/product\/tubo-misturador-estatico-de-plastico-descartavel\/\",\"url\":\"https:\/\/btektech.com\/pt-pt\/product\/tubo-misturador-estatico-de-plastico-descartavel\/\",\"name\":\"Tubo Misturador Est\u00e1tico de Pl\u00e1stico Descart\u00e1vel - Btektech\",\"isPartOf\":{\"@id\":\"https:\/\/btektech.com\/#website\"},\"primaryImageOfPage\":{\"@id\":\"https:\/\/btektech.com\/pt-pt\/product\/tubo-misturador-estatico-de-plastico-descartavel\/#primaryimage\"},\"image\":{\"@id\":\"https:\/\/btektech.com\/pt-pt\/product\/tubo-misturador-estatico-de-plastico-descartavel\/#primaryimage\"},\"thumbnailUrl\":\"https:\/\/btektech.com\/wp-content\/uploads\/2021\/09\/G.jpg\",\"datePublished\":\"2022-04-26T16:58:01+00:00\",\"dateModified\":\"2022-07-29T01:53:21+00:00\",\"description\":\"A caracter\u00edstica deste produto \u00e9 que pode misturar rapidamente, extrus\u00e3o r\u00e1pida, poupar cola, e n\u00e3o pode ser facilmente bloqueado.\",\"breadcrumb\":{\"@id\":\"https:\/\/btektech.com\/pt-pt\/product\/tubo-misturador-estatico-de-plastico-descartavel\/#breadcrumb\"},\"inLanguage\":\"pt-PT\",\"potentialAction\":[{\"@type\":\"ReadAction\",\"target\":[\"https:\/\/btektech.com\/pt-pt\/product\/tubo-misturador-estatico-de-plastico-descartavel\/\"]}]},{\"@type\":\"ImageObject\",\"inLanguage\":\"pt-PT\",\"@id\":\"https:\/\/btektech.com\/pt-pt\/product\/tubo-misturador-estatico-de-plastico-descartavel\/#primaryimage\",\"url\":\"https:\/\/btektech.com\/wp-content\/uploads\/2021\/09\/G.jpg\",\"contentUrl\":\"https:\/\/btektech.com\/wp-content\/uploads\/2021\/09\/G.jpg\",\"width\":800,\"height\":800,\"caption\":\"Tubo Misturador Est\u00e1tico de Pl\u00e1stico Descart\u00e1vel\"},{\"@type\":\"BreadcrumbList\",\"@id\":\"https:\/\/btektech.com\/pt-pt\/product\/tubo-misturador-estatico-de-plastico-descartavel\/#breadcrumb\",\"itemListElement\":[{\"@type\":\"ListItem\",\"position\":1,\"name\":\"Home\",\"item\":\"https:\/\/btektech.com\/pt-pt\/home-2\/\"},{\"@type\":\"ListItem\",\"position\":2,\"name\":\"\u00dcr\u00fcnler\",\"item\":\"https:\/\/btektech.com\/tr\/shop\/\"},{\"@type\":\"ListItem\",\"position\":3,\"name\":\"Tubo Misturador Est\u00e1tico de Pl\u00e1stico Descart\u00e1vel\"}]},{\"@type\":\"WebSite\",\"@id\":\"https:\/\/btektech.com\/#website\",\"url\":\"https:\/\/btektech.com\/\",\"name\":\"Btektech\",\"description\":\"\",\"publisher\":{\"@id\":\"https:\/\/btektech.com\/#organization\"},\"potentialAction\":[{\"@type\":\"SearchAction\",\"target\":{\"@type\":\"EntryPoint\",\"urlTemplate\":\"https:\/\/btektech.com\/?s={search_term_string}\"},\"query-input\":{\"@type\":\"PropertyValueSpecification\",\"valueRequired\":true,\"valueName\":\"search_term_string\"}}],\"inLanguage\":\"pt-PT\"},{\"@type\":\"Organization\",\"@id\":\"https:\/\/btektech.com\/#organization\",\"name\":\"Btektech\",\"url\":\"https:\/\/btektech.com\/\",\"logo\":{\"@type\":\"ImageObject\",\"inLanguage\":\"pt-PT\",\"@id\":\"https:\/\/btektech.com\/#\/schema\/logo\/image\/\",\"url\":\"https:\/\/btektech.com\/wp-content\/uploads\/2021\/08\/btektech-logo.png\",\"contentUrl\":\"https:\/\/btektech.com\/wp-content\/uploads\/2021\/08\/btektech-logo.png\",\"width\":250,\"height\":114,\"caption\":\"Btektech\"},\"image\":{\"@id\":\"https:\/\/btektech.com\/#\/schema\/logo\/image\/\"},\"sameAs\":[\"https:\/\/x.com\/Btektech1\",\"https:\/\/www.instagram.com\/btektech\/\",\"https:\/\/www.linkedin.com\/company\/suzhou-baotailong-electronic-materials-co-ltd\/\",\"https:\/\/www.pinterest.com\/btektech\/_saved\/\",\"https:\/\/www.youtube.com\/channel\/UCBiw4Bc4CmQDrdo-QqyVTqQ\"]}]}<\/script>\n<!-- \/ Yoast SEO plugin. -->","yoast_head_json":{"title":"Tubo Misturador Est\u00e1tico de Pl\u00e1stico Descart\u00e1vel - Btektech","description":"A caracter\u00edstica deste produto \u00e9 que pode misturar rapidamente, extrus\u00e3o r\u00e1pida, poupar cola, e n\u00e3o pode ser facilmente bloqueado.","robots":{"index":"index","follow":"follow","max-snippet":"max-snippet:-1","max-image-preview":"max-image-preview:large","max-video-preview":"max-video-preview:-1"},"canonical":"https:\/\/btektech.com\/pt-pt\/product\/tubo-misturador-estatico-de-plastico-descartavel\/","og_locale":"pt_PT","og_type":"article","og_title":"Tubo Misturador Est\u00e1tico de Pl\u00e1stico Descart\u00e1vel - Btektech","og_description":"A caracter\u00edstica deste produto \u00e9 que pode misturar rapidamente, extrus\u00e3o r\u00e1pida, poupar cola, e n\u00e3o pode ser facilmente bloqueado.","og_url":"https:\/\/btektech.com\/pt-pt\/product\/tubo-misturador-estatico-de-plastico-descartavel\/","og_site_name":"Btektech","article_modified_time":"2022-07-29T01:53:21+00:00","og_image":[{"width":800,"height":800,"url":"https:\/\/btektech.com\/wp-content\/uploads\/2021\/09\/G.jpg","type":"image\/jpeg"}],"twitter_card":"summary_large_image","twitter_site":"@Btektech1","twitter_misc":{"Tempo estimado de leitura":"1 minuto"},"schema":{"@context":"https:\/\/schema.org","@graph":[{"@type":["WebPage","ItemPage"],"@id":"https:\/\/btektech.com\/pt-pt\/product\/tubo-misturador-estatico-de-plastico-descartavel\/","url":"https:\/\/btektech.com\/pt-pt\/product\/tubo-misturador-estatico-de-plastico-descartavel\/","name":"Tubo Misturador Est\u00e1tico de Pl\u00e1stico Descart\u00e1vel - Btektech","isPartOf":{"@id":"https:\/\/btektech.com\/#website"},"primaryImageOfPage":{"@id":"https:\/\/btektech.com\/pt-pt\/product\/tubo-misturador-estatico-de-plastico-descartavel\/#primaryimage"},"image":{"@id":"https:\/\/btektech.com\/pt-pt\/product\/tubo-misturador-estatico-de-plastico-descartavel\/#primaryimage"},"thumbnailUrl":"https:\/\/btektech.com\/wp-content\/uploads\/2021\/09\/G.jpg","datePublished":"2022-04-26T16:58:01+00:00","dateModified":"2022-07-29T01:53:21+00:00","description":"A caracter\u00edstica deste produto \u00e9 que pode misturar rapidamente, extrus\u00e3o r\u00e1pida, poupar cola, e n\u00e3o pode ser facilmente bloqueado.","breadcrumb":{"@id":"https:\/\/btektech.com\/pt-pt\/product\/tubo-misturador-estatico-de-plastico-descartavel\/#breadcrumb"},"inLanguage":"pt-PT","potentialAction":[{"@type":"ReadAction","target":["https:\/\/btektech.com\/pt-pt\/product\/tubo-misturador-estatico-de-plastico-descartavel\/"]}]},{"@type":"ImageObject","inLanguage":"pt-PT","@id":"https:\/\/btektech.com\/pt-pt\/product\/tubo-misturador-estatico-de-plastico-descartavel\/#primaryimage","url":"https:\/\/btektech.com\/wp-content\/uploads\/2021\/09\/G.jpg","contentUrl":"https:\/\/btektech.com\/wp-content\/uploads\/2021\/09\/G.jpg","width":800,"height":800,"caption":"Tubo Misturador Est\u00e1tico de Pl\u00e1stico Descart\u00e1vel"},{"@type":"BreadcrumbList","@id":"https:\/\/btektech.com\/pt-pt\/product\/tubo-misturador-estatico-de-plastico-descartavel\/#breadcrumb","itemListElement":[{"@type":"ListItem","position":1,"name":"Home","item":"https:\/\/btektech.com\/pt-pt\/home-2\/"},{"@type":"ListItem","position":2,"name":"\u00dcr\u00fcnler","item":"https:\/\/btektech.com\/tr\/shop\/"},{"@type":"ListItem","position":3,"name":"Tubo Misturador Est\u00e1tico de Pl\u00e1stico Descart\u00e1vel"}]},{"@type":"WebSite","@id":"https:\/\/btektech.com\/#website","url":"https:\/\/btektech.com\/","name":"Btektech","description":"","publisher":{"@id":"https:\/\/btektech.com\/#organization"},"potentialAction":[{"@type":"SearchAction","target":{"@type":"EntryPoint","urlTemplate":"https:\/\/btektech.com\/?s={search_term_string}"},"query-input":{"@type":"PropertyValueSpecification","valueRequired":true,"valueName":"search_term_string"}}],"inLanguage":"pt-PT"},{"@type":"Organization","@id":"https:\/\/btektech.com\/#organization","name":"Btektech","url":"https:\/\/btektech.com\/","logo":{"@type":"ImageObject","inLanguage":"pt-PT","@id":"https:\/\/btektech.com\/#\/schema\/logo\/image\/","url":"https:\/\/btektech.com\/wp-content\/uploads\/2021\/08\/btektech-logo.png","contentUrl":"https:\/\/btektech.com\/wp-content\/uploads\/2021\/08\/btektech-logo.png","width":250,"height":114,"caption":"Btektech"},"image":{"@id":"https:\/\/btektech.com\/#\/schema\/logo\/image\/"},"sameAs":["https:\/\/x.com\/Btektech1","https:\/\/www.instagram.com\/btektech\/","https:\/\/www.linkedin.com\/company\/suzhou-baotailong-electronic-materials-co-ltd\/","https:\/\/www.pinterest.com\/btektech\/_saved\/","https:\/\/www.youtube.com\/channel\/UCBiw4Bc4CmQDrdo-QqyVTqQ"]}]}},"_links":{"self":[{"href":"https:\/\/btektech.com\/pt-pt\/wp-json\/wp\/v2\/product\/5496","targetHints":{"allow":["GET"]}}],"collection":[{"href":"https:\/\/btektech.com\/pt-pt\/wp-json\/wp\/v2\/product"}],"about":[{"href":"https:\/\/btektech.com\/pt-pt\/wp-json\/wp\/v2\/types\/product"}],"replies":[{"embeddable":true,"href":"https:\/\/btektech.com\/pt-pt\/wp-json\/wp\/v2\/comments?post=5496"}],"version-history":[{"count":0,"href":"https:\/\/btektech.com\/pt-pt\/wp-json\/wp\/v2\/product\/5496\/revisions"}],"wp:featuredmedia":[{"embeddable":true,"href":"https:\/\/btektech.com\/pt-pt\/wp-json\/wp\/v2\/media\/1891"}],"wp:attachment":[{"href":"https:\/\/btektech.com\/pt-pt\/wp-json\/wp\/v2\/media?parent=5496"}],"wp:term":[{"taxonomy":"product_brand","embeddable":true,"href":"https:\/\/btektech.com\/pt-pt\/wp-json\/wp\/v2\/product_brand?post=5496"},{"taxonomy":"product_cat","embeddable":true,"href":"https:\/\/btektech.com\/pt-pt\/wp-json\/wp\/v2\/product_cat?post=5496"},{"taxonomy":"product_tag","embeddable":true,"href":"https:\/\/btektech.com\/pt-pt\/wp-json\/wp\/v2\/product_tag?post=5496"}],"curies":[{"name":"wp","href":"https:\/\/api.w.org\/{rel}","templated":true}]}}