{"id":5484,"date":"2021-09-07T03:58:18","date_gmt":"2022-04-26T16:57:04","guid":{"rendered":"https:\/\/btektech.com\/product\/dicas-de-distribuicao-agulha-forrada-ptef\/"},"modified":"2022-08-12T02:16:49","modified_gmt":"2022-08-12T02:16:49","slug":"pontas-de-ptfe","status":"publish","type":"product","link":"https:\/\/btektech.com\/pt-pt\/product\/pontas-de-ptfe\/","title":{"rendered":"PONTAS DE PTFE"},"content":{"rendered":"<p><span class=\"transSent\" data-group=\"0-0\">A agulha PTFE tem um porta-agulhas de polipropileno de rosca dupla e um tubo exterior pressionado com precis\u00e3o com o revestimento PTFE, que \u00e9 exposto aproximadamente 3mm do interior da agulha de a\u00e7o inoxid\u00e1vel.  <\/span><span class=\"transSent\" data-group=\"0-1\">  Ao utilizar pontas forradas com PTFE, evita que o cianopropionato bloqueie e danifique a base.  <\/span><\/p>\n<div style=\"overflow: auto;\">\n<table style=\"text-align: center;\">\n<tbody>\n<tr>\n<th>Gauge<\/th>\n<th>Cor<\/th>\n<th>ID(mm)<\/th>\n<th>OD(mm)<\/th>\n<th>12,7mm(1\/2&#8243;)<\/th>\n<th>25,4mm(1&#8243;)<\/th>\n<\/tr>\n<tr>\n<td>20<\/td>\n<td>Cinzento<\/td>\n<td>0.6<\/td>\n<td>1.1<\/td>\n<td>PT 20050<\/td>\n<td>PT 20100<\/td>\n<\/tr>\n<tr>\n<td>25<\/td>\n<td>Pink<\/td>\n<td>0.3<\/td>\n<td>0.78<\/td>\n<td>PT 25050<\/td>\n<td>PT 25100<\/td>\n<\/tr>\n<tr>\n<td>27<\/td>\n<td>Vermelho<\/td>\n<td>0.2<\/td>\n<td>0.55<\/td>\n<td>PT 27050<\/td>\n<td>PT 27100<\/td>\n<\/tr>\n<\/tbody>\n<\/table>\n<\/div>\n","protected":false},"excerpt":{"rendered":"<p class=\"src grammarSection\" data-group=\"1-1\">O desenho do revestimento das pontas em PTFE pode n\u00e3o s\u00f3 impedir eficazmente a colagem r\u00e1pida da cola instant\u00e2nea, mas tamb\u00e9m assegurar a boa directividade da agulha.<\/p>\n","protected":false},"featured_media":1955,"comment_status":"open","ping_status":"closed","template":"","meta":{"_acf_changed":false},"product_brand":[],"product_cat":[154],"product_tag":[1395],"class_list":{"0":"post-5484","1":"product","2":"type-product","3":"status-publish","4":"has-post-thumbnail","6":"product_cat-pontas-e-agulhas-de-dispensacao","7":"product_tag-parent","9":"first","10":"instock","11":"shipping-taxable","12":"product-type-simple"},"acf":[],"yoast_head":"<!-- This site is optimized with the Yoast SEO plugin v26.0 - https:\/\/yoast.com\/wordpress\/plugins\/seo\/ -->\n<title>PONTAS DE PTFE - Btektech<\/title>\n<meta name=\"description\" content=\"O desenho do revestimento das pontas em PTFE pode n\u00e3o s\u00f3 impedir eficazmente a colagem r\u00e1pida da cola instant\u00e2nea\" \/>\n<meta name=\"robots\" content=\"index, follow, max-snippet:-1, max-image-preview:large, max-video-preview:-1\" \/>\n<link rel=\"canonical\" href=\"https:\/\/btektech.com\/pt-pt\/product\/pontas-de-ptfe\/\" \/>\n<meta property=\"og:locale\" content=\"pt_PT\" \/>\n<meta property=\"og:type\" content=\"article\" \/>\n<meta property=\"og:title\" content=\"PONTAS DE PTFE - Btektech\" \/>\n<meta property=\"og:description\" content=\"O desenho do revestimento das pontas em PTFE pode n\u00e3o s\u00f3 impedir eficazmente a colagem r\u00e1pida da cola instant\u00e2nea\" \/>\n<meta property=\"og:url\" content=\"https:\/\/btektech.com\/pt-pt\/product\/pontas-de-ptfe\/\" \/>\n<meta property=\"og:site_name\" content=\"Btektech\" \/>\n<meta property=\"article:modified_time\" content=\"2022-08-12T02:16:49+00:00\" \/>\n<meta property=\"og:image\" content=\"https:\/\/btektech.com\/wp-content\/uploads\/2021\/09\/photobank-2-1.jpg\" \/>\n\t<meta property=\"og:image:width\" content=\"650\" \/>\n\t<meta property=\"og:image:height\" content=\"650\" \/>\n\t<meta property=\"og:image:type\" content=\"image\/jpeg\" \/>\n<meta name=\"twitter:card\" content=\"summary_large_image\" \/>\n<meta name=\"twitter:site\" content=\"@Btektech1\" \/>\n<script type=\"application\/ld+json\" class=\"yoast-schema-graph\">{\"@context\":\"https:\/\/schema.org\",\"@graph\":[{\"@type\":[\"WebPage\",\"ItemPage\"],\"@id\":\"https:\/\/btektech.com\/pt-pt\/product\/pontas-de-ptfe\/\",\"url\":\"https:\/\/btektech.com\/pt-pt\/product\/pontas-de-ptfe\/\",\"name\":\"PONTAS DE PTFE - Btektech\",\"isPartOf\":{\"@id\":\"https:\/\/btektech.com\/#website\"},\"primaryImageOfPage\":{\"@id\":\"https:\/\/btektech.com\/pt-pt\/product\/pontas-de-ptfe\/#primaryimage\"},\"image\":{\"@id\":\"https:\/\/btektech.com\/pt-pt\/product\/pontas-de-ptfe\/#primaryimage\"},\"thumbnailUrl\":\"https:\/\/btektech.com\/wp-content\/uploads\/2021\/09\/photobank-2-1.jpg\",\"datePublished\":\"2022-04-26T16:57:04+00:00\",\"dateModified\":\"2022-08-12T02:16:49+00:00\",\"description\":\"O desenho do revestimento das pontas em PTFE pode n\u00e3o s\u00f3 impedir eficazmente a colagem r\u00e1pida da cola instant\u00e2nea\",\"breadcrumb\":{\"@id\":\"https:\/\/btektech.com\/pt-pt\/product\/pontas-de-ptfe\/#breadcrumb\"},\"inLanguage\":\"pt-PT\",\"potentialAction\":[{\"@type\":\"ReadAction\",\"target\":[\"https:\/\/btektech.com\/pt-pt\/product\/pontas-de-ptfe\/\"]}]},{\"@type\":\"ImageObject\",\"inLanguage\":\"pt-PT\",\"@id\":\"https:\/\/btektech.com\/pt-pt\/product\/pontas-de-ptfe\/#primaryimage\",\"url\":\"https:\/\/btektech.com\/wp-content\/uploads\/2021\/09\/photobank-2-1.jpg\",\"contentUrl\":\"https:\/\/btektech.com\/wp-content\/uploads\/2021\/09\/photobank-2-1.jpg\",\"width\":650,\"height\":650,\"caption\":\"PONTAS DE PTFE\"},{\"@type\":\"BreadcrumbList\",\"@id\":\"https:\/\/btektech.com\/pt-pt\/product\/pontas-de-ptfe\/#breadcrumb\",\"itemListElement\":[{\"@type\":\"ListItem\",\"position\":1,\"name\":\"Home\",\"item\":\"https:\/\/btektech.com\/pt-pt\/\"},{\"@type\":\"ListItem\",\"position\":2,\"name\":\"\u00dcr\u00fcnler\",\"item\":\"https:\/\/btektech.com\/tr\/shop\/\"},{\"@type\":\"ListItem\",\"position\":3,\"name\":\"Dispensing Tips\",\"item\":\"https:\/\/btektech.com\/product-category\/dispensing-tips\/\"},{\"@type\":\"ListItem\",\"position\":4,\"name\":\"PONTAS DE PTFE\"}]},{\"@type\":\"WebSite\",\"@id\":\"https:\/\/btektech.com\/#website\",\"url\":\"https:\/\/btektech.com\/\",\"name\":\"Btektech\",\"description\":\"\",\"publisher\":{\"@id\":\"https:\/\/btektech.com\/#organization\"},\"potentialAction\":[{\"@type\":\"SearchAction\",\"target\":{\"@type\":\"EntryPoint\",\"urlTemplate\":\"https:\/\/btektech.com\/?s={search_term_string}\"},\"query-input\":{\"@type\":\"PropertyValueSpecification\",\"valueRequired\":true,\"valueName\":\"search_term_string\"}}],\"inLanguage\":\"pt-PT\"},{\"@type\":\"Organization\",\"@id\":\"https:\/\/btektech.com\/#organization\",\"name\":\"Btektech\",\"url\":\"https:\/\/btektech.com\/\",\"logo\":{\"@type\":\"ImageObject\",\"inLanguage\":\"pt-PT\",\"@id\":\"https:\/\/btektech.com\/#\/schema\/logo\/image\/\",\"url\":\"https:\/\/btektech.com\/wp-content\/uploads\/2021\/08\/btektech-logo.png\",\"contentUrl\":\"https:\/\/btektech.com\/wp-content\/uploads\/2021\/08\/btektech-logo.png\",\"width\":250,\"height\":114,\"caption\":\"Btektech\"},\"image\":{\"@id\":\"https:\/\/btektech.com\/#\/schema\/logo\/image\/\"},\"sameAs\":[\"https:\/\/x.com\/Btektech1\",\"https:\/\/www.instagram.com\/btektech\/\",\"https:\/\/www.linkedin.com\/company\/suzhou-baotailong-electronic-materials-co-ltd\/\",\"https:\/\/www.pinterest.com\/btektech\/_saved\/\",\"https:\/\/www.youtube.com\/channel\/UCBiw4Bc4CmQDrdo-QqyVTqQ\"]}]}<\/script>\n<!-- \/ Yoast SEO plugin. -->","yoast_head_json":{"title":"PONTAS DE PTFE - Btektech","description":"O desenho do revestimento das pontas em PTFE pode n\u00e3o s\u00f3 impedir eficazmente a colagem r\u00e1pida da cola instant\u00e2nea","robots":{"index":"index","follow":"follow","max-snippet":"max-snippet:-1","max-image-preview":"max-image-preview:large","max-video-preview":"max-video-preview:-1"},"canonical":"https:\/\/btektech.com\/pt-pt\/product\/pontas-de-ptfe\/","og_locale":"pt_PT","og_type":"article","og_title":"PONTAS DE PTFE - Btektech","og_description":"O desenho do revestimento das pontas em PTFE pode n\u00e3o s\u00f3 impedir eficazmente a colagem r\u00e1pida da cola instant\u00e2nea","og_url":"https:\/\/btektech.com\/pt-pt\/product\/pontas-de-ptfe\/","og_site_name":"Btektech","article_modified_time":"2022-08-12T02:16:49+00:00","og_image":[{"width":650,"height":650,"url":"https:\/\/btektech.com\/wp-content\/uploads\/2021\/09\/photobank-2-1.jpg","type":"image\/jpeg"}],"twitter_card":"summary_large_image","twitter_site":"@Btektech1","schema":{"@context":"https:\/\/schema.org","@graph":[{"@type":["WebPage","ItemPage"],"@id":"https:\/\/btektech.com\/pt-pt\/product\/pontas-de-ptfe\/","url":"https:\/\/btektech.com\/pt-pt\/product\/pontas-de-ptfe\/","name":"PONTAS DE PTFE - Btektech","isPartOf":{"@id":"https:\/\/btektech.com\/#website"},"primaryImageOfPage":{"@id":"https:\/\/btektech.com\/pt-pt\/product\/pontas-de-ptfe\/#primaryimage"},"image":{"@id":"https:\/\/btektech.com\/pt-pt\/product\/pontas-de-ptfe\/#primaryimage"},"thumbnailUrl":"https:\/\/btektech.com\/wp-content\/uploads\/2021\/09\/photobank-2-1.jpg","datePublished":"2022-04-26T16:57:04+00:00","dateModified":"2022-08-12T02:16:49+00:00","description":"O desenho do revestimento das pontas em PTFE pode n\u00e3o s\u00f3 impedir eficazmente a colagem r\u00e1pida da cola instant\u00e2nea","breadcrumb":{"@id":"https:\/\/btektech.com\/pt-pt\/product\/pontas-de-ptfe\/#breadcrumb"},"inLanguage":"pt-PT","potentialAction":[{"@type":"ReadAction","target":["https:\/\/btektech.com\/pt-pt\/product\/pontas-de-ptfe\/"]}]},{"@type":"ImageObject","inLanguage":"pt-PT","@id":"https:\/\/btektech.com\/pt-pt\/product\/pontas-de-ptfe\/#primaryimage","url":"https:\/\/btektech.com\/wp-content\/uploads\/2021\/09\/photobank-2-1.jpg","contentUrl":"https:\/\/btektech.com\/wp-content\/uploads\/2021\/09\/photobank-2-1.jpg","width":650,"height":650,"caption":"PONTAS DE PTFE"},{"@type":"BreadcrumbList","@id":"https:\/\/btektech.com\/pt-pt\/product\/pontas-de-ptfe\/#breadcrumb","itemListElement":[{"@type":"ListItem","position":1,"name":"Home","item":"https:\/\/btektech.com\/pt-pt\/"},{"@type":"ListItem","position":2,"name":"\u00dcr\u00fcnler","item":"https:\/\/btektech.com\/tr\/shop\/"},{"@type":"ListItem","position":3,"name":"Dispensing Tips","item":"https:\/\/btektech.com\/product-category\/dispensing-tips\/"},{"@type":"ListItem","position":4,"name":"PONTAS DE PTFE"}]},{"@type":"WebSite","@id":"https:\/\/btektech.com\/#website","url":"https:\/\/btektech.com\/","name":"Btektech","description":"","publisher":{"@id":"https:\/\/btektech.com\/#organization"},"potentialAction":[{"@type":"SearchAction","target":{"@type":"EntryPoint","urlTemplate":"https:\/\/btektech.com\/?s={search_term_string}"},"query-input":{"@type":"PropertyValueSpecification","valueRequired":true,"valueName":"search_term_string"}}],"inLanguage":"pt-PT"},{"@type":"Organization","@id":"https:\/\/btektech.com\/#organization","name":"Btektech","url":"https:\/\/btektech.com\/","logo":{"@type":"ImageObject","inLanguage":"pt-PT","@id":"https:\/\/btektech.com\/#\/schema\/logo\/image\/","url":"https:\/\/btektech.com\/wp-content\/uploads\/2021\/08\/btektech-logo.png","contentUrl":"https:\/\/btektech.com\/wp-content\/uploads\/2021\/08\/btektech-logo.png","width":250,"height":114,"caption":"Btektech"},"image":{"@id":"https:\/\/btektech.com\/#\/schema\/logo\/image\/"},"sameAs":["https:\/\/x.com\/Btektech1","https:\/\/www.instagram.com\/btektech\/","https:\/\/www.linkedin.com\/company\/suzhou-baotailong-electronic-materials-co-ltd\/","https:\/\/www.pinterest.com\/btektech\/_saved\/","https:\/\/www.youtube.com\/channel\/UCBiw4Bc4CmQDrdo-QqyVTqQ"]}]}},"_links":{"self":[{"href":"https:\/\/btektech.com\/pt-pt\/wp-json\/wp\/v2\/product\/5484","targetHints":{"allow":["GET"]}}],"collection":[{"href":"https:\/\/btektech.com\/pt-pt\/wp-json\/wp\/v2\/product"}],"about":[{"href":"https:\/\/btektech.com\/pt-pt\/wp-json\/wp\/v2\/types\/product"}],"replies":[{"embeddable":true,"href":"https:\/\/btektech.com\/pt-pt\/wp-json\/wp\/v2\/comments?post=5484"}],"version-history":[{"count":0,"href":"https:\/\/btektech.com\/pt-pt\/wp-json\/wp\/v2\/product\/5484\/revisions"}],"wp:featuredmedia":[{"embeddable":true,"href":"https:\/\/btektech.com\/pt-pt\/wp-json\/wp\/v2\/media\/1955"}],"wp:attachment":[{"href":"https:\/\/btektech.com\/pt-pt\/wp-json\/wp\/v2\/media?parent=5484"}],"wp:term":[{"taxonomy":"product_brand","embeddable":true,"href":"https:\/\/btektech.com\/pt-pt\/wp-json\/wp\/v2\/product_brand?post=5484"},{"taxonomy":"product_cat","embeddable":true,"href":"https:\/\/btektech.com\/pt-pt\/wp-json\/wp\/v2\/product_cat?post=5484"},{"taxonomy":"product_tag","embeddable":true,"href":"https:\/\/btektech.com\/pt-pt\/wp-json\/wp\/v2\/product_tag?post=5484"}],"curies":[{"name":"wp","href":"https:\/\/api.w.org\/{rel}","templated":true}]}}