{"id":5481,"date":"2021-09-07T05:54:18","date_gmt":"2022-04-26T16:57:01","guid":{"rendered":"https:\/\/btektech.com\/product\/dicas-de-distribuicao-flexivel\/"},"modified":"2022-09-08T06:43:08","modified_gmt":"2022-09-08T06:43:08","slug":"pontas-de-dispensacao-flexivel","status":"publish","type":"product","link":"https:\/\/btektech.com\/pt-pt\/product\/pontas-de-dispensacao-flexivel\/","title":{"rendered":"Pontas de Dispensa\u00e7\u00e3o Flex\u00edvel"},"content":{"rendered":"<p>As Pontas de Dispensa\u00e7\u00e3o Flex\u00edvel s\u00e3o resistentes \u00e0 corros\u00e3o e a parte da agulha n\u00e3o vai arranhar facilmente a posi\u00e7\u00e3o em que toca. Tamb\u00e9m pode cortar conforme necess\u00e1rio.<\/p>\n<div style=\"overflow: auto;\">\n<table style=\"text-align: center;\">\n<tbody>\n<tr>\n<th>Bitola<\/th>\n<th>Cor<\/th>\n<th>ID(mm)<\/th>\n<th>OD(mm)<\/th>\n<th>6.35mm(1\/4&#8243;)<\/th>\n<th>12.7mm(1\/2&#8243;)<\/th>\n<th>25.4mm(1&#8243;)<\/th>\n<th>38,1mm(3\/2&#8243;)<\/th>\n<\/tr>\n<tr>\n<td>14<\/td>\n<td>Azeitona<\/td>\n<td>1.3<\/td>\n<td>1.78<\/td>\n<td>FT 14025<\/td>\n<td>FT 14050<\/td>\n<td>FT 14100<\/td>\n<td>FT 14150<\/td>\n<\/tr>\n<tr>\n<td>15<\/td>\n<td>\u00c2mbar<\/td>\n<td>1.1<\/td>\n<td>1.78<\/td>\n<td>FT 15025<\/td>\n<td>FT 15050<\/td>\n<td>FT 15100<\/td>\n<td>FT 15150<\/td>\n<\/tr>\n<tr>\n<td>16<\/td>\n<td>Cinzento<\/td>\n<td>1<\/td>\n<td>1.65<\/td>\n<td>FT 15025<\/td>\n<td>FT 15050<\/td>\n<td>FT 15100<\/td>\n<td>FT 15150<\/td>\n<\/tr>\n<tr>\n<td>18<\/td>\n<td>Verde<\/td>\n<td>0.84<\/td>\n<td>1.26<\/td>\n<td>FT 18025<\/td>\n<td>FT 18050<\/td>\n<td>FT 18100<\/td>\n<td>FT 18150<\/td>\n<\/tr>\n<tr>\n<td>20<\/td>\n<td>Pink<\/td>\n<td>0.6<\/td>\n<td>0.9<\/td>\n<td>FT 20025<\/td>\n<td>FT 20050<\/td>\n<td>FT 20100<\/td>\n<td>FT 20150<\/td>\n<\/tr>\n<tr>\n<td>22<\/td>\n<td>Azul<\/td>\n<td>0.41<\/td>\n<td>0.7<\/td>\n<td>FT 22025<\/td>\n<td>FT 22050<\/td>\n<td>FT 22100<\/td>\n<td>FT 22150<\/td>\n<\/tr>\n<tr>\n<td>25<\/td>\n<td>Vermelho<\/td>\n<td>0.3<\/td>\n<td>0.78<\/td>\n<td>FT 25025<\/td>\n<td>FT 25050<\/td>\n<td>FT 25100<\/td>\n<td>FT 25150<\/td>\n<\/tr>\n<\/tbody>\n<\/table>\n<\/div>\n","protected":false},"excerpt":{"rendered":"<p>A pontas de dispensa\u00e7\u00e3o flex\u00edvel \u00e9 constitu\u00edda por um tubo de agulha PP e uma base de polietileno, ideal para dispensar em superf\u00edcies de trabalho complexas.<\/p>\n","protected":false},"featured_media":21500,"comment_status":"open","ping_status":"closed","template":"","meta":{"_acf_changed":false},"product_brand":[],"product_cat":[154],"product_tag":[1395],"class_list":{"0":"post-5481","1":"product","2":"type-product","3":"status-publish","4":"has-post-thumbnail","6":"product_cat-pontas-e-agulhas-de-dispensacao","7":"product_tag-parent","9":"first","10":"instock","11":"shipping-taxable","12":"product-type-simple"},"acf":[],"yoast_head":"<!-- This site is optimized with the Yoast SEO plugin v26.0 - https:\/\/yoast.com\/wordpress\/plugins\/seo\/ -->\n<title>Pontas de Dispensa\u00e7\u00e3o Flex\u00edvel - Btektech<\/title>\n<meta name=\"description\" content=\"A pontas de dispensa\u00e7\u00e3o flex\u00edvel \u00e9 constitu\u00edda por um tubo de agulha PP e uma base de polietileno, ideal para dispensar em superf\u00edcies de trabalho complexas.\" \/>\n<meta name=\"robots\" content=\"index, follow, max-snippet:-1, max-image-preview:large, max-video-preview:-1\" \/>\n<link rel=\"canonical\" href=\"https:\/\/btektech.com\/pt-pt\/product\/pontas-de-dispensacao-flexivel\/\" \/>\n<meta property=\"og:locale\" content=\"pt_PT\" \/>\n<meta property=\"og:type\" content=\"article\" \/>\n<meta property=\"og:title\" content=\"Pontas de Dispensa\u00e7\u00e3o Flex\u00edvel - Btektech\" \/>\n<meta property=\"og:description\" content=\"A pontas de dispensa\u00e7\u00e3o flex\u00edvel \u00e9 constitu\u00edda por um tubo de agulha PP e uma base de polietileno, ideal para dispensar em superf\u00edcies de trabalho complexas.\" \/>\n<meta property=\"og:url\" content=\"https:\/\/btektech.com\/pt-pt\/product\/pontas-de-dispensacao-flexivel\/\" \/>\n<meta property=\"og:site_name\" content=\"Btektech\" \/>\n<meta property=\"article:modified_time\" content=\"2022-09-08T06:43:08+00:00\" \/>\n<meta property=\"og:image\" content=\"https:\/\/btektech.com\/wp-content\/uploads\/2021\/09\/pp-15G-1.jpg\" \/>\n\t<meta property=\"og:image:width\" content=\"1000\" \/>\n\t<meta property=\"og:image:height\" content=\"1000\" \/>\n\t<meta property=\"og:image:type\" content=\"image\/jpeg\" \/>\n<meta name=\"twitter:card\" content=\"summary_large_image\" \/>\n<meta name=\"twitter:site\" content=\"@Btektech1\" \/>\n<meta name=\"twitter:label1\" content=\"Tempo estimado de leitura\" \/>\n\t<meta name=\"twitter:data1\" content=\"1 minuto\" \/>\n<script type=\"application\/ld+json\" class=\"yoast-schema-graph\">{\"@context\":\"https:\/\/schema.org\",\"@graph\":[{\"@type\":[\"WebPage\",\"ItemPage\"],\"@id\":\"https:\/\/btektech.com\/pt-pt\/product\/pontas-de-dispensacao-flexivel\/\",\"url\":\"https:\/\/btektech.com\/pt-pt\/product\/pontas-de-dispensacao-flexivel\/\",\"name\":\"Pontas de Dispensa\u00e7\u00e3o Flex\u00edvel - Btektech\",\"isPartOf\":{\"@id\":\"https:\/\/btektech.com\/#website\"},\"primaryImageOfPage\":{\"@id\":\"https:\/\/btektech.com\/pt-pt\/product\/pontas-de-dispensacao-flexivel\/#primaryimage\"},\"image\":{\"@id\":\"https:\/\/btektech.com\/pt-pt\/product\/pontas-de-dispensacao-flexivel\/#primaryimage\"},\"thumbnailUrl\":\"https:\/\/btektech.com\/wp-content\/uploads\/2025\/12\/4.jpg\",\"datePublished\":\"2022-04-26T16:57:01+00:00\",\"dateModified\":\"2022-09-08T06:43:08+00:00\",\"description\":\"A pontas de dispensa\u00e7\u00e3o flex\u00edvel \u00e9 constitu\u00edda por um tubo de agulha PP e uma base de polietileno, ideal para dispensar em superf\u00edcies de trabalho complexas.\",\"breadcrumb\":{\"@id\":\"https:\/\/btektech.com\/pt-pt\/product\/pontas-de-dispensacao-flexivel\/#breadcrumb\"},\"inLanguage\":\"pt-PT\",\"potentialAction\":[{\"@type\":\"ReadAction\",\"target\":[\"https:\/\/btektech.com\/pt-pt\/product\/pontas-de-dispensacao-flexivel\/\"]}]},{\"@type\":\"ImageObject\",\"inLanguage\":\"pt-PT\",\"@id\":\"https:\/\/btektech.com\/pt-pt\/product\/pontas-de-dispensacao-flexivel\/#primaryimage\",\"url\":\"https:\/\/btektech.com\/wp-content\/uploads\/2025\/12\/4.jpg\",\"contentUrl\":\"https:\/\/btektech.com\/wp-content\/uploads\/2025\/12\/4.jpg\",\"width\":800,\"height\":800,\"caption\":\"Flexible Dispensing Tips\"},{\"@type\":\"BreadcrumbList\",\"@id\":\"https:\/\/btektech.com\/pt-pt\/product\/pontas-de-dispensacao-flexivel\/#breadcrumb\",\"itemListElement\":[{\"@type\":\"ListItem\",\"position\":1,\"name\":\"Home\",\"item\":\"https:\/\/btektech.com\/pt-pt\/\"},{\"@type\":\"ListItem\",\"position\":2,\"name\":\"\u00dcr\u00fcnler\",\"item\":\"https:\/\/btektech.com\/tr\/shop\/\"},{\"@type\":\"ListItem\",\"position\":3,\"name\":\"Dispensing Tips\",\"item\":\"https:\/\/btektech.com\/product-category\/dispensing-tips\/\"},{\"@type\":\"ListItem\",\"position\":4,\"name\":\"Pontas de Dispensa\u00e7\u00e3o Flex\u00edvel\"}]},{\"@type\":\"WebSite\",\"@id\":\"https:\/\/btektech.com\/#website\",\"url\":\"https:\/\/btektech.com\/\",\"name\":\"Btektech\",\"description\":\"\",\"publisher\":{\"@id\":\"https:\/\/btektech.com\/#organization\"},\"potentialAction\":[{\"@type\":\"SearchAction\",\"target\":{\"@type\":\"EntryPoint\",\"urlTemplate\":\"https:\/\/btektech.com\/?s={search_term_string}\"},\"query-input\":{\"@type\":\"PropertyValueSpecification\",\"valueRequired\":true,\"valueName\":\"search_term_string\"}}],\"inLanguage\":\"pt-PT\"},{\"@type\":\"Organization\",\"@id\":\"https:\/\/btektech.com\/#organization\",\"name\":\"Btektech\",\"url\":\"https:\/\/btektech.com\/\",\"logo\":{\"@type\":\"ImageObject\",\"inLanguage\":\"pt-PT\",\"@id\":\"https:\/\/btektech.com\/#\/schema\/logo\/image\/\",\"url\":\"https:\/\/btektech.com\/wp-content\/uploads\/2021\/08\/btektech-logo.png\",\"contentUrl\":\"https:\/\/btektech.com\/wp-content\/uploads\/2021\/08\/btektech-logo.png\",\"width\":250,\"height\":114,\"caption\":\"Btektech\"},\"image\":{\"@id\":\"https:\/\/btektech.com\/#\/schema\/logo\/image\/\"},\"sameAs\":[\"https:\/\/x.com\/Btektech1\",\"https:\/\/www.instagram.com\/btektech\/\",\"https:\/\/www.linkedin.com\/company\/suzhou-baotailong-electronic-materials-co-ltd\/\",\"https:\/\/www.pinterest.com\/btektech\/_saved\/\",\"https:\/\/www.youtube.com\/channel\/UCBiw4Bc4CmQDrdo-QqyVTqQ\"]}]}<\/script>\n<!-- \/ Yoast SEO plugin. -->","yoast_head_json":{"title":"Pontas de Dispensa\u00e7\u00e3o Flex\u00edvel - Btektech","description":"A pontas de dispensa\u00e7\u00e3o flex\u00edvel \u00e9 constitu\u00edda por um tubo de agulha PP e uma base de polietileno, ideal para dispensar em superf\u00edcies de trabalho complexas.","robots":{"index":"index","follow":"follow","max-snippet":"max-snippet:-1","max-image-preview":"max-image-preview:large","max-video-preview":"max-video-preview:-1"},"canonical":"https:\/\/btektech.com\/pt-pt\/product\/pontas-de-dispensacao-flexivel\/","og_locale":"pt_PT","og_type":"article","og_title":"Pontas de Dispensa\u00e7\u00e3o Flex\u00edvel - Btektech","og_description":"A pontas de dispensa\u00e7\u00e3o flex\u00edvel \u00e9 constitu\u00edda por um tubo de agulha PP e uma base de polietileno, ideal para dispensar em superf\u00edcies de trabalho complexas.","og_url":"https:\/\/btektech.com\/pt-pt\/product\/pontas-de-dispensacao-flexivel\/","og_site_name":"Btektech","article_modified_time":"2022-09-08T06:43:08+00:00","og_image":[{"width":1000,"height":1000,"url":"https:\/\/btektech.com\/wp-content\/uploads\/2021\/09\/pp-15G-1.jpg","type":"image\/jpeg"}],"twitter_card":"summary_large_image","twitter_site":"@Btektech1","twitter_misc":{"Tempo estimado de leitura":"1 minuto"},"schema":{"@context":"https:\/\/schema.org","@graph":[{"@type":["WebPage","ItemPage"],"@id":"https:\/\/btektech.com\/pt-pt\/product\/pontas-de-dispensacao-flexivel\/","url":"https:\/\/btektech.com\/pt-pt\/product\/pontas-de-dispensacao-flexivel\/","name":"Pontas de Dispensa\u00e7\u00e3o Flex\u00edvel - Btektech","isPartOf":{"@id":"https:\/\/btektech.com\/#website"},"primaryImageOfPage":{"@id":"https:\/\/btektech.com\/pt-pt\/product\/pontas-de-dispensacao-flexivel\/#primaryimage"},"image":{"@id":"https:\/\/btektech.com\/pt-pt\/product\/pontas-de-dispensacao-flexivel\/#primaryimage"},"thumbnailUrl":"https:\/\/btektech.com\/wp-content\/uploads\/2025\/12\/4.jpg","datePublished":"2022-04-26T16:57:01+00:00","dateModified":"2022-09-08T06:43:08+00:00","description":"A pontas de dispensa\u00e7\u00e3o flex\u00edvel \u00e9 constitu\u00edda por um tubo de agulha PP e uma base de polietileno, ideal para dispensar em superf\u00edcies de trabalho complexas.","breadcrumb":{"@id":"https:\/\/btektech.com\/pt-pt\/product\/pontas-de-dispensacao-flexivel\/#breadcrumb"},"inLanguage":"pt-PT","potentialAction":[{"@type":"ReadAction","target":["https:\/\/btektech.com\/pt-pt\/product\/pontas-de-dispensacao-flexivel\/"]}]},{"@type":"ImageObject","inLanguage":"pt-PT","@id":"https:\/\/btektech.com\/pt-pt\/product\/pontas-de-dispensacao-flexivel\/#primaryimage","url":"https:\/\/btektech.com\/wp-content\/uploads\/2025\/12\/4.jpg","contentUrl":"https:\/\/btektech.com\/wp-content\/uploads\/2025\/12\/4.jpg","width":800,"height":800,"caption":"Flexible Dispensing Tips"},{"@type":"BreadcrumbList","@id":"https:\/\/btektech.com\/pt-pt\/product\/pontas-de-dispensacao-flexivel\/#breadcrumb","itemListElement":[{"@type":"ListItem","position":1,"name":"Home","item":"https:\/\/btektech.com\/pt-pt\/"},{"@type":"ListItem","position":2,"name":"\u00dcr\u00fcnler","item":"https:\/\/btektech.com\/tr\/shop\/"},{"@type":"ListItem","position":3,"name":"Dispensing Tips","item":"https:\/\/btektech.com\/product-category\/dispensing-tips\/"},{"@type":"ListItem","position":4,"name":"Pontas de Dispensa\u00e7\u00e3o Flex\u00edvel"}]},{"@type":"WebSite","@id":"https:\/\/btektech.com\/#website","url":"https:\/\/btektech.com\/","name":"Btektech","description":"","publisher":{"@id":"https:\/\/btektech.com\/#organization"},"potentialAction":[{"@type":"SearchAction","target":{"@type":"EntryPoint","urlTemplate":"https:\/\/btektech.com\/?s={search_term_string}"},"query-input":{"@type":"PropertyValueSpecification","valueRequired":true,"valueName":"search_term_string"}}],"inLanguage":"pt-PT"},{"@type":"Organization","@id":"https:\/\/btektech.com\/#organization","name":"Btektech","url":"https:\/\/btektech.com\/","logo":{"@type":"ImageObject","inLanguage":"pt-PT","@id":"https:\/\/btektech.com\/#\/schema\/logo\/image\/","url":"https:\/\/btektech.com\/wp-content\/uploads\/2021\/08\/btektech-logo.png","contentUrl":"https:\/\/btektech.com\/wp-content\/uploads\/2021\/08\/btektech-logo.png","width":250,"height":114,"caption":"Btektech"},"image":{"@id":"https:\/\/btektech.com\/#\/schema\/logo\/image\/"},"sameAs":["https:\/\/x.com\/Btektech1","https:\/\/www.instagram.com\/btektech\/","https:\/\/www.linkedin.com\/company\/suzhou-baotailong-electronic-materials-co-ltd\/","https:\/\/www.pinterest.com\/btektech\/_saved\/","https:\/\/www.youtube.com\/channel\/UCBiw4Bc4CmQDrdo-QqyVTqQ"]}]}},"_links":{"self":[{"href":"https:\/\/btektech.com\/pt-pt\/wp-json\/wp\/v2\/product\/5481","targetHints":{"allow":["GET"]}}],"collection":[{"href":"https:\/\/btektech.com\/pt-pt\/wp-json\/wp\/v2\/product"}],"about":[{"href":"https:\/\/btektech.com\/pt-pt\/wp-json\/wp\/v2\/types\/product"}],"replies":[{"embeddable":true,"href":"https:\/\/btektech.com\/pt-pt\/wp-json\/wp\/v2\/comments?post=5481"}],"version-history":[{"count":0,"href":"https:\/\/btektech.com\/pt-pt\/wp-json\/wp\/v2\/product\/5481\/revisions"}],"wp:featuredmedia":[{"embeddable":true,"href":"https:\/\/btektech.com\/pt-pt\/wp-json\/wp\/v2\/media\/21500"}],"wp:attachment":[{"href":"https:\/\/btektech.com\/pt-pt\/wp-json\/wp\/v2\/media?parent=5481"}],"wp:term":[{"taxonomy":"product_brand","embeddable":true,"href":"https:\/\/btektech.com\/pt-pt\/wp-json\/wp\/v2\/product_brand?post=5481"},{"taxonomy":"product_cat","embeddable":true,"href":"https:\/\/btektech.com\/pt-pt\/wp-json\/wp\/v2\/product_cat?post=5481"},{"taxonomy":"product_tag","embeddable":true,"href":"https:\/\/btektech.com\/pt-pt\/wp-json\/wp\/v2\/product_tag?post=5481"}],"curies":[{"name":"wp","href":"https:\/\/api.w.org\/{rel}","templated":true}]}}