{"id":5478,"date":"2021-09-07T07:39:58","date_gmt":"2022-04-26T16:56:57","guid":{"rendered":"https:\/\/btektech.com\/product\/dicas-de-distribuicao-de-agulhas-conicas\/"},"modified":"2022-09-08T05:36:23","modified_gmt":"2022-09-08T05:36:23","slug":"agulhas-de-dispensacao-afiladas","status":"publish","type":"product","link":"https:\/\/btektech.com\/pt-pt\/product\/agulhas-de-dispensacao-afiladas\/","title":{"rendered":"Agulhas de Dispensa\u00e7\u00e3o Afiladas"},"content":{"rendered":"<p>O design de agulhas afunilados \u00e9 \u00fanico e adequado para a maioria dos l\u00edquidos, incluindo g\u00e9is, adesivos epoxy, resinas, selantes, etc. E a sua precis\u00e3o de sa\u00edda forma-se sem rebarbas, para garantir que a cola \u00e9 precisa e consistente.<\/p>\n<div style=\"overflow: auto;\">\n<table style=\"border-collapse: collapse; text-align: center;\" border=\"0\"  cellspacing=\"0\" cellpadding=\"0\">\n<tbody>\n<tr>\n<th>Bitola<\/th>\n<th>Cor<\/th>\n<th>Comprimento(mm)<\/th>\n<th>ID(mm)<\/th>\n<\/tr>\n<tr>\n<td>14<\/td>\n<td>Azeitona<\/td>\n<td>31.6<\/td>\n<td>1.55<\/td>\n<\/tr>\n<tr>\n<td>16<\/td>\n<td>Cinza<\/td>\n<td>31.6<\/td>\n<td>1.35<\/td>\n<\/tr>\n<tr>\n<td>18<\/td>\n<td>Verde<\/td>\n<td>31.6<\/td>\n<td>0.84<\/td>\n<\/tr>\n<tr>\n<td>20<\/td>\n<td>Rosa<\/td>\n<td>31.6<\/td>\n<td>0.6<\/td>\n<\/tr>\n<tr>\n<td>22<\/td>\n<td>Azul<\/td>\n<td>31.6<\/td>\n<td>0.41<\/td>\n<\/tr>\n<tr>\n<td>25<\/td>\n<td>Vermelho<\/td>\n<td>31.6<\/td>\n<td>0.3<\/td>\n<\/tr>\n<tr>\n<td>27<\/td>\n<td>Claro<\/td>\n<td>31.6<\/td>\n<td>0.2<\/td>\n<\/tr>\n<tr>\n<td>30<\/td>\n<td>Lavanda<\/td>\n<td>31.6<\/td>\n<td>0.16<\/td>\n<\/tr>\n<\/tbody>\n<\/table>\n<\/div>\n","protected":false},"excerpt":{"rendered":"<p>O design do funil da Agulhas de Dispensa\u00e7\u00e3o Afiladas permite que o fluido flua suavemente.<\/p>\n","protected":false},"featured_media":21530,"comment_status":"open","ping_status":"closed","template":"","meta":{"_acf_changed":false},"product_brand":[],"product_cat":[154],"product_tag":[1395],"class_list":{"0":"post-5478","1":"product","2":"type-product","3":"status-publish","4":"has-post-thumbnail","6":"product_cat-pontas-e-agulhas-de-dispensacao","7":"product_tag-parent","9":"first","10":"instock","11":"shipping-taxable","12":"product-type-simple"},"acf":[],"yoast_head":"<!-- This site is optimized with the Yoast SEO plugin v26.0 - https:\/\/yoast.com\/wordpress\/plugins\/seo\/ -->\n<title>Agulhas de Dispensa\u00e7\u00e3o Afiladas - Btektech<\/title>\n<meta name=\"description\" content=\"O design de Agulhas de Dispensa\u00e7\u00e3o Afiladas \u00e9 \u00fanico e adequado para a maioria dos l\u00edquidos, incluindo g\u00e9is, adesivos epoxy, resinas, selantes, etc.\" \/>\n<meta name=\"robots\" content=\"index, follow, max-snippet:-1, max-image-preview:large, max-video-preview:-1\" \/>\n<link rel=\"canonical\" href=\"https:\/\/btektech.com\/pt-pt\/product\/agulhas-de-dispensacao-afiladas\/\" \/>\n<meta property=\"og:locale\" content=\"pt_PT\" \/>\n<meta property=\"og:type\" content=\"article\" \/>\n<meta property=\"og:title\" content=\"Agulhas de Dispensa\u00e7\u00e3o Afiladas - Btektech\" \/>\n<meta property=\"og:description\" content=\"O design de Agulhas de Dispensa\u00e7\u00e3o Afiladas \u00e9 \u00fanico e adequado para a maioria dos l\u00edquidos, incluindo g\u00e9is, adesivos epoxy, resinas, selantes, etc.\" \/>\n<meta property=\"og:url\" content=\"https:\/\/btektech.com\/pt-pt\/product\/agulhas-de-dispensacao-afiladas\/\" \/>\n<meta property=\"og:site_name\" content=\"Btektech\" \/>\n<meta property=\"article:modified_time\" content=\"2022-09-08T05:36:23+00:00\" \/>\n<meta property=\"og:image\" content=\"https:\/\/btektech.com\/wp-content\/uploads\/2021\/09\/Screenshot-2021-09-07-162928.jpg\" \/>\n\t<meta property=\"og:image:width\" content=\"548\" \/>\n\t<meta property=\"og:image:height\" content=\"548\" \/>\n\t<meta property=\"og:image:type\" content=\"image\/jpeg\" \/>\n<meta name=\"twitter:card\" content=\"summary_large_image\" \/>\n<meta name=\"twitter:site\" content=\"@Btektech1\" \/>\n<meta name=\"twitter:label1\" content=\"Tempo estimado de leitura\" \/>\n\t<meta name=\"twitter:data1\" content=\"1 minuto\" \/>\n<script type=\"application\/ld+json\" class=\"yoast-schema-graph\">{\"@context\":\"https:\/\/schema.org\",\"@graph\":[{\"@type\":[\"WebPage\",\"ItemPage\"],\"@id\":\"https:\/\/btektech.com\/pt-pt\/product\/agulhas-de-dispensacao-afiladas\/\",\"url\":\"https:\/\/btektech.com\/pt-pt\/product\/agulhas-de-dispensacao-afiladas\/\",\"name\":\"Agulhas de Dispensa\u00e7\u00e3o Afiladas - Btektech\",\"isPartOf\":{\"@id\":\"https:\/\/btektech.com\/#website\"},\"primaryImageOfPage\":{\"@id\":\"https:\/\/btektech.com\/pt-pt\/product\/agulhas-de-dispensacao-afiladas\/#primaryimage\"},\"image\":{\"@id\":\"https:\/\/btektech.com\/pt-pt\/product\/agulhas-de-dispensacao-afiladas\/#primaryimage\"},\"thumbnailUrl\":\"https:\/\/btektech.com\/wp-content\/uploads\/2025\/12\/9.jpg\",\"datePublished\":\"2022-04-26T16:56:57+00:00\",\"dateModified\":\"2022-09-08T05:36:23+00:00\",\"description\":\"O design de Agulhas de Dispensa\u00e7\u00e3o Afiladas \u00e9 \u00fanico e adequado para a maioria dos l\u00edquidos, incluindo g\u00e9is, adesivos epoxy, resinas, selantes, etc.\",\"breadcrumb\":{\"@id\":\"https:\/\/btektech.com\/pt-pt\/product\/agulhas-de-dispensacao-afiladas\/#breadcrumb\"},\"inLanguage\":\"pt-PT\",\"potentialAction\":[{\"@type\":\"ReadAction\",\"target\":[\"https:\/\/btektech.com\/pt-pt\/product\/agulhas-de-dispensacao-afiladas\/\"]}]},{\"@type\":\"ImageObject\",\"inLanguage\":\"pt-PT\",\"@id\":\"https:\/\/btektech.com\/pt-pt\/product\/agulhas-de-dispensacao-afiladas\/#primaryimage\",\"url\":\"https:\/\/btektech.com\/wp-content\/uploads\/2025\/12\/9.jpg\",\"contentUrl\":\"https:\/\/btektech.com\/wp-content\/uploads\/2025\/12\/9.jpg\",\"width\":800,\"height\":800,\"caption\":\"Tapered Tips\"},{\"@type\":\"BreadcrumbList\",\"@id\":\"https:\/\/btektech.com\/pt-pt\/product\/agulhas-de-dispensacao-afiladas\/#breadcrumb\",\"itemListElement\":[{\"@type\":\"ListItem\",\"position\":1,\"name\":\"Home\",\"item\":\"https:\/\/btektech.com\/pt-pt\/home-2\/\"},{\"@type\":\"ListItem\",\"position\":2,\"name\":\"\u00dcr\u00fcnler\",\"item\":\"https:\/\/btektech.com\/tr\/shop\/\"},{\"@type\":\"ListItem\",\"position\":3,\"name\":\"Dispensing Tips\",\"item\":\"https:\/\/btektech.com\/product-category\/dispensing-tips\/\"},{\"@type\":\"ListItem\",\"position\":4,\"name\":\"Agulhas de Dispensa\u00e7\u00e3o Afiladas\"}]},{\"@type\":\"WebSite\",\"@id\":\"https:\/\/btektech.com\/#website\",\"url\":\"https:\/\/btektech.com\/\",\"name\":\"Btektech\",\"description\":\"\",\"publisher\":{\"@id\":\"https:\/\/btektech.com\/#organization\"},\"potentialAction\":[{\"@type\":\"SearchAction\",\"target\":{\"@type\":\"EntryPoint\",\"urlTemplate\":\"https:\/\/btektech.com\/?s={search_term_string}\"},\"query-input\":{\"@type\":\"PropertyValueSpecification\",\"valueRequired\":true,\"valueName\":\"search_term_string\"}}],\"inLanguage\":\"pt-PT\"},{\"@type\":\"Organization\",\"@id\":\"https:\/\/btektech.com\/#organization\",\"name\":\"Btektech\",\"url\":\"https:\/\/btektech.com\/\",\"logo\":{\"@type\":\"ImageObject\",\"inLanguage\":\"pt-PT\",\"@id\":\"https:\/\/btektech.com\/#\/schema\/logo\/image\/\",\"url\":\"https:\/\/btektech.com\/wp-content\/uploads\/2021\/08\/btektech-logo.png\",\"contentUrl\":\"https:\/\/btektech.com\/wp-content\/uploads\/2021\/08\/btektech-logo.png\",\"width\":250,\"height\":114,\"caption\":\"Btektech\"},\"image\":{\"@id\":\"https:\/\/btektech.com\/#\/schema\/logo\/image\/\"},\"sameAs\":[\"https:\/\/x.com\/Btektech1\",\"https:\/\/www.instagram.com\/btektech\/\",\"https:\/\/www.linkedin.com\/company\/suzhou-baotailong-electronic-materials-co-ltd\/\",\"https:\/\/www.pinterest.com\/btektech\/_saved\/\",\"https:\/\/www.youtube.com\/channel\/UCBiw4Bc4CmQDrdo-QqyVTqQ\"]}]}<\/script>\n<!-- \/ Yoast SEO plugin. -->","yoast_head_json":{"title":"Agulhas de Dispensa\u00e7\u00e3o Afiladas - Btektech","description":"O design de Agulhas de Dispensa\u00e7\u00e3o Afiladas \u00e9 \u00fanico e adequado para a maioria dos l\u00edquidos, incluindo g\u00e9is, adesivos epoxy, resinas, selantes, etc.","robots":{"index":"index","follow":"follow","max-snippet":"max-snippet:-1","max-image-preview":"max-image-preview:large","max-video-preview":"max-video-preview:-1"},"canonical":"https:\/\/btektech.com\/pt-pt\/product\/agulhas-de-dispensacao-afiladas\/","og_locale":"pt_PT","og_type":"article","og_title":"Agulhas de Dispensa\u00e7\u00e3o Afiladas - Btektech","og_description":"O design de Agulhas de Dispensa\u00e7\u00e3o Afiladas \u00e9 \u00fanico e adequado para a maioria dos l\u00edquidos, incluindo g\u00e9is, adesivos epoxy, resinas, selantes, etc.","og_url":"https:\/\/btektech.com\/pt-pt\/product\/agulhas-de-dispensacao-afiladas\/","og_site_name":"Btektech","article_modified_time":"2022-09-08T05:36:23+00:00","og_image":[{"width":548,"height":548,"url":"https:\/\/btektech.com\/wp-content\/uploads\/2021\/09\/Screenshot-2021-09-07-162928.jpg","type":"image\/jpeg"}],"twitter_card":"summary_large_image","twitter_site":"@Btektech1","twitter_misc":{"Tempo estimado de leitura":"1 minuto"},"schema":{"@context":"https:\/\/schema.org","@graph":[{"@type":["WebPage","ItemPage"],"@id":"https:\/\/btektech.com\/pt-pt\/product\/agulhas-de-dispensacao-afiladas\/","url":"https:\/\/btektech.com\/pt-pt\/product\/agulhas-de-dispensacao-afiladas\/","name":"Agulhas de Dispensa\u00e7\u00e3o Afiladas - Btektech","isPartOf":{"@id":"https:\/\/btektech.com\/#website"},"primaryImageOfPage":{"@id":"https:\/\/btektech.com\/pt-pt\/product\/agulhas-de-dispensacao-afiladas\/#primaryimage"},"image":{"@id":"https:\/\/btektech.com\/pt-pt\/product\/agulhas-de-dispensacao-afiladas\/#primaryimage"},"thumbnailUrl":"https:\/\/btektech.com\/wp-content\/uploads\/2025\/12\/9.jpg","datePublished":"2022-04-26T16:56:57+00:00","dateModified":"2022-09-08T05:36:23+00:00","description":"O design de Agulhas de Dispensa\u00e7\u00e3o Afiladas \u00e9 \u00fanico e adequado para a maioria dos l\u00edquidos, incluindo g\u00e9is, adesivos epoxy, resinas, selantes, etc.","breadcrumb":{"@id":"https:\/\/btektech.com\/pt-pt\/product\/agulhas-de-dispensacao-afiladas\/#breadcrumb"},"inLanguage":"pt-PT","potentialAction":[{"@type":"ReadAction","target":["https:\/\/btektech.com\/pt-pt\/product\/agulhas-de-dispensacao-afiladas\/"]}]},{"@type":"ImageObject","inLanguage":"pt-PT","@id":"https:\/\/btektech.com\/pt-pt\/product\/agulhas-de-dispensacao-afiladas\/#primaryimage","url":"https:\/\/btektech.com\/wp-content\/uploads\/2025\/12\/9.jpg","contentUrl":"https:\/\/btektech.com\/wp-content\/uploads\/2025\/12\/9.jpg","width":800,"height":800,"caption":"Tapered Tips"},{"@type":"BreadcrumbList","@id":"https:\/\/btektech.com\/pt-pt\/product\/agulhas-de-dispensacao-afiladas\/#breadcrumb","itemListElement":[{"@type":"ListItem","position":1,"name":"Home","item":"https:\/\/btektech.com\/pt-pt\/home-2\/"},{"@type":"ListItem","position":2,"name":"\u00dcr\u00fcnler","item":"https:\/\/btektech.com\/tr\/shop\/"},{"@type":"ListItem","position":3,"name":"Dispensing Tips","item":"https:\/\/btektech.com\/product-category\/dispensing-tips\/"},{"@type":"ListItem","position":4,"name":"Agulhas de Dispensa\u00e7\u00e3o Afiladas"}]},{"@type":"WebSite","@id":"https:\/\/btektech.com\/#website","url":"https:\/\/btektech.com\/","name":"Btektech","description":"","publisher":{"@id":"https:\/\/btektech.com\/#organization"},"potentialAction":[{"@type":"SearchAction","target":{"@type":"EntryPoint","urlTemplate":"https:\/\/btektech.com\/?s={search_term_string}"},"query-input":{"@type":"PropertyValueSpecification","valueRequired":true,"valueName":"search_term_string"}}],"inLanguage":"pt-PT"},{"@type":"Organization","@id":"https:\/\/btektech.com\/#organization","name":"Btektech","url":"https:\/\/btektech.com\/","logo":{"@type":"ImageObject","inLanguage":"pt-PT","@id":"https:\/\/btektech.com\/#\/schema\/logo\/image\/","url":"https:\/\/btektech.com\/wp-content\/uploads\/2021\/08\/btektech-logo.png","contentUrl":"https:\/\/btektech.com\/wp-content\/uploads\/2021\/08\/btektech-logo.png","width":250,"height":114,"caption":"Btektech"},"image":{"@id":"https:\/\/btektech.com\/#\/schema\/logo\/image\/"},"sameAs":["https:\/\/x.com\/Btektech1","https:\/\/www.instagram.com\/btektech\/","https:\/\/www.linkedin.com\/company\/suzhou-baotailong-electronic-materials-co-ltd\/","https:\/\/www.pinterest.com\/btektech\/_saved\/","https:\/\/www.youtube.com\/channel\/UCBiw4Bc4CmQDrdo-QqyVTqQ"]}]}},"_links":{"self":[{"href":"https:\/\/btektech.com\/pt-pt\/wp-json\/wp\/v2\/product\/5478","targetHints":{"allow":["GET"]}}],"collection":[{"href":"https:\/\/btektech.com\/pt-pt\/wp-json\/wp\/v2\/product"}],"about":[{"href":"https:\/\/btektech.com\/pt-pt\/wp-json\/wp\/v2\/types\/product"}],"replies":[{"embeddable":true,"href":"https:\/\/btektech.com\/pt-pt\/wp-json\/wp\/v2\/comments?post=5478"}],"version-history":[{"count":0,"href":"https:\/\/btektech.com\/pt-pt\/wp-json\/wp\/v2\/product\/5478\/revisions"}],"wp:featuredmedia":[{"embeddable":true,"href":"https:\/\/btektech.com\/pt-pt\/wp-json\/wp\/v2\/media\/21530"}],"wp:attachment":[{"href":"https:\/\/btektech.com\/pt-pt\/wp-json\/wp\/v2\/media?parent=5478"}],"wp:term":[{"taxonomy":"product_brand","embeddable":true,"href":"https:\/\/btektech.com\/pt-pt\/wp-json\/wp\/v2\/product_brand?post=5478"},{"taxonomy":"product_cat","embeddable":true,"href":"https:\/\/btektech.com\/pt-pt\/wp-json\/wp\/v2\/product_cat?post=5478"},{"taxonomy":"product_tag","embeddable":true,"href":"https:\/\/btektech.com\/pt-pt\/wp-json\/wp\/v2\/product_tag?post=5478"}],"curies":[{"name":"wp","href":"https:\/\/api.w.org\/{rel}","templated":true}]}}