{"id":5475,"date":"2021-09-07T10:52:02","date_gmt":"2022-04-26T16:49:34","guid":{"rendered":"https:\/\/btektech.com\/product\/agulha-de-dispensa-de-dicas-resistentes-a-corrosao\/"},"modified":"2022-09-08T03:39:53","modified_gmt":"2022-09-08T03:39:53","slug":"ponta-e-agulhas-dispensacao-resistentes-a-corrosao","status":"publish","type":"product","link":"https:\/\/btektech.com\/pt-pt\/product\/ponta-e-agulhas-dispensacao-resistentes-a-corrosao\/","title":{"rendered":"Ponta e Agulhas Dispensa\u00e7\u00e3o resistentes \u00e0 corros\u00e3o"},"content":{"rendered":"<p style=\"font-weight:600;\">Ponta e Agulhas Dispensa\u00e7\u00e3o resistentes \u00e0 corros\u00e3o:<\/p>\n<p>Agulha flex\u00edvel PP integrada de assento quadrado, tamb\u00e9m conhecida como agulha de distribui\u00e7\u00e3o s\u00e9rie P, que adota o modo de produ\u00e7\u00e3o de forma\u00e7\u00e3o de um corpo, para garantir que a base da agulha e o tubo da agulha n\u00e3o caiam, tem as caracter\u00edsticas de resist\u00eancia \u00e0 corros\u00e3o<\/p>\n<div style=\"overflow: auto;\">\n<table style=\"text-align: center;\">\n<tbody>\n<caption style=\"font-size:40px;font-weight:600;\">Ponta e Agulhas Dispensa\u00e7\u00e3o resistentes \u00e0 corros\u00e3o<\/caption>\n<tr>\n<th>Bitola<\/th>\n<th>Cor<\/th>\n<th>ID(mm)<\/th>\n<th>OD(mm)<\/th>\n<th>12,7mm(1\/2&#8243;)<\/th>\n<th>25.4mm(1&#8243;)<\/th>\n<\/tr>\n<tr>\n<td>14<\/td>\n<td>Claro<\/td>\n<td>1.55<\/td>\n<td>1.84<\/td>\n<td>CRT 14050<\/td>\n<td>CRT 14100<\/td>\n<\/tr>\n<tr>\n<td>15<\/td>\n<td>Claro<\/td>\n<td>1.2<\/td>\n<td>1.64<\/td>\n<td>CRT 15050<\/td>\n<td>CRT 15100<\/td>\n<\/tr>\n<tr>\n<td>18<\/td>\n<td>Vermelho<\/td>\n<td>0.84<\/td>\n<td>1.28<\/td>\n<td>CRT 18050<\/td>\n<td>CRT 18100<\/td>\n<\/tr>\n<tr>\n<td>20<\/td>\n<td>Amarelo<\/td>\n<td>0.6<\/td>\n<td>1.05<\/td>\n<td>CRT 20050<\/td>\n<td>CRT 20100<\/td>\n<\/tr>\n<tr>\n<td>22<\/td>\n<td>Claro<\/td>\n<td>0.4<\/td>\n<td>0.9<\/td>\n<td>CRT 22050<\/td>\n<td>CRT 22100<\/td>\n<\/tr>\n<tr>\n<td>25<\/td>\n<td>Claro<\/td>\n<td>0.3<\/td>\n<td>0.8<\/td>\n<td>CRT 25050<\/td>\n<td>CRT 25100<\/td>\n<\/tr>\n<\/tbody>\n<\/table>\n<\/div>\n","protected":false},"excerpt":{"rendered":"<p>Btektech Ponta e Agulhas Dispensa\u00e7\u00e3o resistentes \u00e0 corros\u00e3o tem uma boa elasticidade e \u00e9 f\u00e1cil de estender a superf\u00edcies de trabalho complexas, principalmente para evitar riscos na superf\u00edcie do produto.<\/p>\n","protected":false},"featured_media":2059,"comment_status":"open","ping_status":"closed","template":"","meta":{"_acf_changed":false},"product_brand":[],"product_cat":[267],"product_tag":[],"class_list":{"0":"post-5475","1":"product","2":"type-product","3":"status-publish","4":"has-post-thumbnail","6":"product_cat-uncategorized-pt-pt","8":"first","9":"instock","10":"shipping-taxable","11":"purchasable","12":"product-type-simple"},"acf":[],"yoast_head":"<!-- This site is optimized with the Yoast SEO plugin v26.0 - https:\/\/yoast.com\/wordpress\/plugins\/seo\/ -->\n<title>Ponta e Agulhas Dispensa\u00e7\u00e3o resistentes \u00e0 corros\u00e3o - Btektech<\/title>\n<meta name=\"description\" content=\"Btektech Ponta e Agulhas Dispensa\u00e7\u00e3o resistentes \u00e0 corros\u00e3o tem uma boa elasticidade e \u00e9 f\u00e1cil de estender a superf\u00edcies de trabalho complexas.\" \/>\n<meta name=\"robots\" content=\"index, follow, max-snippet:-1, max-image-preview:large, max-video-preview:-1\" \/>\n<link rel=\"canonical\" href=\"https:\/\/btektech.com\/pt-pt\/product\/ponta-e-agulhas-dispensacao-resistentes-a-corrosao\/\" \/>\n<meta property=\"og:locale\" content=\"pt_PT\" \/>\n<meta property=\"og:type\" content=\"article\" \/>\n<meta property=\"og:title\" content=\"Ponta e Agulhas Dispensa\u00e7\u00e3o resistentes \u00e0 corros\u00e3o - Btektech\" \/>\n<meta property=\"og:description\" content=\"Btektech Ponta e Agulhas Dispensa\u00e7\u00e3o resistentes \u00e0 corros\u00e3o tem uma boa elasticidade e \u00e9 f\u00e1cil de estender a superf\u00edcies de trabalho complexas.\" \/>\n<meta property=\"og:url\" content=\"https:\/\/btektech.com\/pt-pt\/product\/ponta-e-agulhas-dispensacao-resistentes-a-corrosao\/\" \/>\n<meta property=\"og:site_name\" content=\"Btektech\" \/>\n<meta property=\"article:modified_time\" content=\"2022-09-08T03:39:53+00:00\" \/>\n<meta property=\"og:image\" content=\"https:\/\/btektech.com\/wp-content\/uploads\/2021\/09\/\u4e00\u4f53\u94882a.jpg\" \/>\n\t<meta property=\"og:image:width\" content=\"1000\" \/>\n\t<meta property=\"og:image:height\" content=\"1000\" \/>\n\t<meta property=\"og:image:type\" content=\"image\/jpeg\" \/>\n<meta name=\"twitter:card\" content=\"summary_large_image\" \/>\n<meta name=\"twitter:site\" content=\"@Btektech1\" \/>\n<meta name=\"twitter:label1\" content=\"Tempo estimado de leitura\" \/>\n\t<meta name=\"twitter:data1\" content=\"1 minuto\" \/>\n<script type=\"application\/ld+json\" class=\"yoast-schema-graph\">{\"@context\":\"https:\/\/schema.org\",\"@graph\":[{\"@type\":[\"WebPage\",\"ItemPage\"],\"@id\":\"https:\/\/btektech.com\/pt-pt\/product\/ponta-e-agulhas-dispensacao-resistentes-a-corrosao\/\",\"url\":\"https:\/\/btektech.com\/pt-pt\/product\/ponta-e-agulhas-dispensacao-resistentes-a-corrosao\/\",\"name\":\"Ponta e Agulhas Dispensa\u00e7\u00e3o resistentes \u00e0 corros\u00e3o - Btektech\",\"isPartOf\":{\"@id\":\"https:\/\/btektech.com\/#website\"},\"primaryImageOfPage\":{\"@id\":\"https:\/\/btektech.com\/pt-pt\/product\/ponta-e-agulhas-dispensacao-resistentes-a-corrosao\/#primaryimage\"},\"image\":{\"@id\":\"https:\/\/btektech.com\/pt-pt\/product\/ponta-e-agulhas-dispensacao-resistentes-a-corrosao\/#primaryimage\"},\"thumbnailUrl\":\"https:\/\/btektech.com\/wp-content\/uploads\/2021\/09\/\u4e00\u4f53\u94882a.jpg\",\"datePublished\":\"2022-04-26T16:49:34+00:00\",\"dateModified\":\"2022-09-08T03:39:53+00:00\",\"description\":\"Btektech Ponta e Agulhas Dispensa\u00e7\u00e3o resistentes \u00e0 corros\u00e3o tem uma boa elasticidade e \u00e9 f\u00e1cil de estender a superf\u00edcies de trabalho complexas.\",\"breadcrumb\":{\"@id\":\"https:\/\/btektech.com\/pt-pt\/product\/ponta-e-agulhas-dispensacao-resistentes-a-corrosao\/#breadcrumb\"},\"inLanguage\":\"pt-PT\",\"potentialAction\":[{\"@type\":\"ReadAction\",\"target\":[\"https:\/\/btektech.com\/pt-pt\/product\/ponta-e-agulhas-dispensacao-resistentes-a-corrosao\/\"]}]},{\"@type\":\"ImageObject\",\"inLanguage\":\"pt-PT\",\"@id\":\"https:\/\/btektech.com\/pt-pt\/product\/ponta-e-agulhas-dispensacao-resistentes-a-corrosao\/#primaryimage\",\"url\":\"https:\/\/btektech.com\/wp-content\/uploads\/2021\/09\/\u4e00\u4f53\u94882a.jpg\",\"contentUrl\":\"https:\/\/btektech.com\/wp-content\/uploads\/2021\/09\/\u4e00\u4f53\u94882a.jpg\",\"width\":1000,\"height\":1000,\"caption\":\"Agulha de dispensa de dicas resistentes \u00e0 corros\u00e3o\"},{\"@type\":\"BreadcrumbList\",\"@id\":\"https:\/\/btektech.com\/pt-pt\/product\/ponta-e-agulhas-dispensacao-resistentes-a-corrosao\/#breadcrumb\",\"itemListElement\":[{\"@type\":\"ListItem\",\"position\":1,\"name\":\"Home\",\"item\":\"https:\/\/btektech.com\/pt-pt\/home-2\/\"},{\"@type\":\"ListItem\",\"position\":2,\"name\":\"\u00dcr\u00fcnler\",\"item\":\"https:\/\/btektech.com\/tr\/shop\/\"},{\"@type\":\"ListItem\",\"position\":3,\"name\":\"Dispensing Tips\",\"item\":\"https:\/\/btektech.com\/product-category\/dispensing-tips\/\"},{\"@type\":\"ListItem\",\"position\":4,\"name\":\"Ponta e Agulhas Dispensa\u00e7\u00e3o resistentes \u00e0 corros\u00e3o\"}]},{\"@type\":\"WebSite\",\"@id\":\"https:\/\/btektech.com\/#website\",\"url\":\"https:\/\/btektech.com\/\",\"name\":\"Btektech\",\"description\":\"\",\"publisher\":{\"@id\":\"https:\/\/btektech.com\/#organization\"},\"potentialAction\":[{\"@type\":\"SearchAction\",\"target\":{\"@type\":\"EntryPoint\",\"urlTemplate\":\"https:\/\/btektech.com\/?s={search_term_string}\"},\"query-input\":{\"@type\":\"PropertyValueSpecification\",\"valueRequired\":true,\"valueName\":\"search_term_string\"}}],\"inLanguage\":\"pt-PT\"},{\"@type\":\"Organization\",\"@id\":\"https:\/\/btektech.com\/#organization\",\"name\":\"Btektech\",\"url\":\"https:\/\/btektech.com\/\",\"logo\":{\"@type\":\"ImageObject\",\"inLanguage\":\"pt-PT\",\"@id\":\"https:\/\/btektech.com\/#\/schema\/logo\/image\/\",\"url\":\"https:\/\/btektech.com\/wp-content\/uploads\/2021\/08\/btektech-logo.png\",\"contentUrl\":\"https:\/\/btektech.com\/wp-content\/uploads\/2021\/08\/btektech-logo.png\",\"width\":250,\"height\":114,\"caption\":\"Btektech\"},\"image\":{\"@id\":\"https:\/\/btektech.com\/#\/schema\/logo\/image\/\"},\"sameAs\":[\"https:\/\/x.com\/Btektech1\",\"https:\/\/www.instagram.com\/btektech\/\",\"https:\/\/www.linkedin.com\/company\/suzhou-baotailong-electronic-materials-co-ltd\/\",\"https:\/\/www.pinterest.com\/btektech\/_saved\/\",\"https:\/\/www.youtube.com\/channel\/UCBiw4Bc4CmQDrdo-QqyVTqQ\"]}]}<\/script>\n<!-- \/ Yoast SEO plugin. -->","yoast_head_json":{"title":"Ponta e Agulhas Dispensa\u00e7\u00e3o resistentes \u00e0 corros\u00e3o - Btektech","description":"Btektech Ponta e Agulhas Dispensa\u00e7\u00e3o resistentes \u00e0 corros\u00e3o tem uma boa elasticidade e \u00e9 f\u00e1cil de estender a superf\u00edcies de trabalho complexas.","robots":{"index":"index","follow":"follow","max-snippet":"max-snippet:-1","max-image-preview":"max-image-preview:large","max-video-preview":"max-video-preview:-1"},"canonical":"https:\/\/btektech.com\/pt-pt\/product\/ponta-e-agulhas-dispensacao-resistentes-a-corrosao\/","og_locale":"pt_PT","og_type":"article","og_title":"Ponta e Agulhas Dispensa\u00e7\u00e3o resistentes \u00e0 corros\u00e3o - Btektech","og_description":"Btektech Ponta e Agulhas Dispensa\u00e7\u00e3o resistentes \u00e0 corros\u00e3o tem uma boa elasticidade e \u00e9 f\u00e1cil de estender a superf\u00edcies de trabalho complexas.","og_url":"https:\/\/btektech.com\/pt-pt\/product\/ponta-e-agulhas-dispensacao-resistentes-a-corrosao\/","og_site_name":"Btektech","article_modified_time":"2022-09-08T03:39:53+00:00","og_image":[{"width":1000,"height":1000,"url":"https:\/\/btektech.com\/wp-content\/uploads\/2021\/09\/\u4e00\u4f53\u94882a.jpg","type":"image\/jpeg"}],"twitter_card":"summary_large_image","twitter_site":"@Btektech1","twitter_misc":{"Tempo estimado de leitura":"1 minuto"},"schema":{"@context":"https:\/\/schema.org","@graph":[{"@type":["WebPage","ItemPage"],"@id":"https:\/\/btektech.com\/pt-pt\/product\/ponta-e-agulhas-dispensacao-resistentes-a-corrosao\/","url":"https:\/\/btektech.com\/pt-pt\/product\/ponta-e-agulhas-dispensacao-resistentes-a-corrosao\/","name":"Ponta e Agulhas Dispensa\u00e7\u00e3o resistentes \u00e0 corros\u00e3o - Btektech","isPartOf":{"@id":"https:\/\/btektech.com\/#website"},"primaryImageOfPage":{"@id":"https:\/\/btektech.com\/pt-pt\/product\/ponta-e-agulhas-dispensacao-resistentes-a-corrosao\/#primaryimage"},"image":{"@id":"https:\/\/btektech.com\/pt-pt\/product\/ponta-e-agulhas-dispensacao-resistentes-a-corrosao\/#primaryimage"},"thumbnailUrl":"https:\/\/btektech.com\/wp-content\/uploads\/2021\/09\/\u4e00\u4f53\u94882a.jpg","datePublished":"2022-04-26T16:49:34+00:00","dateModified":"2022-09-08T03:39:53+00:00","description":"Btektech Ponta e Agulhas Dispensa\u00e7\u00e3o resistentes \u00e0 corros\u00e3o tem uma boa elasticidade e \u00e9 f\u00e1cil de estender a superf\u00edcies de trabalho complexas.","breadcrumb":{"@id":"https:\/\/btektech.com\/pt-pt\/product\/ponta-e-agulhas-dispensacao-resistentes-a-corrosao\/#breadcrumb"},"inLanguage":"pt-PT","potentialAction":[{"@type":"ReadAction","target":["https:\/\/btektech.com\/pt-pt\/product\/ponta-e-agulhas-dispensacao-resistentes-a-corrosao\/"]}]},{"@type":"ImageObject","inLanguage":"pt-PT","@id":"https:\/\/btektech.com\/pt-pt\/product\/ponta-e-agulhas-dispensacao-resistentes-a-corrosao\/#primaryimage","url":"https:\/\/btektech.com\/wp-content\/uploads\/2021\/09\/\u4e00\u4f53\u94882a.jpg","contentUrl":"https:\/\/btektech.com\/wp-content\/uploads\/2021\/09\/\u4e00\u4f53\u94882a.jpg","width":1000,"height":1000,"caption":"Agulha de dispensa de dicas resistentes \u00e0 corros\u00e3o"},{"@type":"BreadcrumbList","@id":"https:\/\/btektech.com\/pt-pt\/product\/ponta-e-agulhas-dispensacao-resistentes-a-corrosao\/#breadcrumb","itemListElement":[{"@type":"ListItem","position":1,"name":"Home","item":"https:\/\/btektech.com\/pt-pt\/home-2\/"},{"@type":"ListItem","position":2,"name":"\u00dcr\u00fcnler","item":"https:\/\/btektech.com\/tr\/shop\/"},{"@type":"ListItem","position":3,"name":"Dispensing Tips","item":"https:\/\/btektech.com\/product-category\/dispensing-tips\/"},{"@type":"ListItem","position":4,"name":"Ponta e Agulhas Dispensa\u00e7\u00e3o resistentes \u00e0 corros\u00e3o"}]},{"@type":"WebSite","@id":"https:\/\/btektech.com\/#website","url":"https:\/\/btektech.com\/","name":"Btektech","description":"","publisher":{"@id":"https:\/\/btektech.com\/#organization"},"potentialAction":[{"@type":"SearchAction","target":{"@type":"EntryPoint","urlTemplate":"https:\/\/btektech.com\/?s={search_term_string}"},"query-input":{"@type":"PropertyValueSpecification","valueRequired":true,"valueName":"search_term_string"}}],"inLanguage":"pt-PT"},{"@type":"Organization","@id":"https:\/\/btektech.com\/#organization","name":"Btektech","url":"https:\/\/btektech.com\/","logo":{"@type":"ImageObject","inLanguage":"pt-PT","@id":"https:\/\/btektech.com\/#\/schema\/logo\/image\/","url":"https:\/\/btektech.com\/wp-content\/uploads\/2021\/08\/btektech-logo.png","contentUrl":"https:\/\/btektech.com\/wp-content\/uploads\/2021\/08\/btektech-logo.png","width":250,"height":114,"caption":"Btektech"},"image":{"@id":"https:\/\/btektech.com\/#\/schema\/logo\/image\/"},"sameAs":["https:\/\/x.com\/Btektech1","https:\/\/www.instagram.com\/btektech\/","https:\/\/www.linkedin.com\/company\/suzhou-baotailong-electronic-materials-co-ltd\/","https:\/\/www.pinterest.com\/btektech\/_saved\/","https:\/\/www.youtube.com\/channel\/UCBiw4Bc4CmQDrdo-QqyVTqQ"]}]}},"_links":{"self":[{"href":"https:\/\/btektech.com\/pt-pt\/wp-json\/wp\/v2\/product\/5475","targetHints":{"allow":["GET"]}}],"collection":[{"href":"https:\/\/btektech.com\/pt-pt\/wp-json\/wp\/v2\/product"}],"about":[{"href":"https:\/\/btektech.com\/pt-pt\/wp-json\/wp\/v2\/types\/product"}],"replies":[{"embeddable":true,"href":"https:\/\/btektech.com\/pt-pt\/wp-json\/wp\/v2\/comments?post=5475"}],"version-history":[{"count":0,"href":"https:\/\/btektech.com\/pt-pt\/wp-json\/wp\/v2\/product\/5475\/revisions"}],"wp:featuredmedia":[{"embeddable":true,"href":"https:\/\/btektech.com\/pt-pt\/wp-json\/wp\/v2\/media\/2059"}],"wp:attachment":[{"href":"https:\/\/btektech.com\/pt-pt\/wp-json\/wp\/v2\/media?parent=5475"}],"wp:term":[{"taxonomy":"product_brand","embeddable":true,"href":"https:\/\/btektech.com\/pt-pt\/wp-json\/wp\/v2\/product_brand?post=5475"},{"taxonomy":"product_cat","embeddable":true,"href":"https:\/\/btektech.com\/pt-pt\/wp-json\/wp\/v2\/product_cat?post=5475"},{"taxonomy":"product_tag","embeddable":true,"href":"https:\/\/btektech.com\/pt-pt\/wp-json\/wp\/v2\/product_tag?post=5475"}],"curies":[{"name":"wp","href":"https:\/\/api.w.org\/{rel}","templated":true}]}}