{"id":5473,"date":"2021-09-07T10:36:08","date_gmt":"2022-04-26T16:49:31","guid":{"rendered":"https:\/\/btektech.com\/product\/dicas-de-distribuicao-de-agulhas-de-escova\/"},"modified":"2022-09-08T05:53:59","modified_gmt":"2022-09-08T05:53:59","slug":"pontas-de-dispensacao-de-agulhas-de-escova","status":"publish","type":"product","link":"https:\/\/btektech.com\/pt-pt\/product\/pontas-de-dispensacao-de-agulhas-de-escova\/","title":{"rendered":"Pontas de Dispensa\u00e7\u00e3o de Agulhas de Escova"},"content":{"rendered":"<p>O design \u00fanico de Pontas de Dispensa\u00e7\u00e3o de Agulhas de Escova \u00e9 simples e conveniente, para garantir que a cola \u00e9 precisa e consistente, usada para todas as pistolas de cola, m\u00e1quinas de dispensa\u00e7\u00e3o.<br \/>\nAdequado para prim\u00e1rio, catalisador, material de revestimento, \u00f3leo lubrificante, solvente, fluxo, creme irradiando, gel de s\u00edlica, tinta e tinta. N\u00e3o \u00e9 adequado para a cola de secagem r\u00e1pida e para o coloide de alta viscosidade.<\/p>\n<div style=\"overflow: auto;\">\n<table style=\"border-collapse: collapse; text-align: center;\" border=\"0\"  cellspacing=\"0\" cellpadding=\"0\">\n<tbody>\n<tr>\n<th>Bitola<\/th>\n<th>Cor<\/th>\n<th colspan=\"5\">Redondo(mm)<\/th>\n<th colspan=\"4\" >Plano(mm)<\/th>\n<\/tr>\n<tr>\n<td>14<\/td>\n<td>Azeitona<\/td>\n<td>NA<\/td>\n<td>NA<\/td>\n<td>4<\/td>\n<td>5<\/td>\n<td>6<\/td>\n<td>NA<\/td>\n<td>4<\/td>\n<td>5<\/td>\n<td>6<\/td>\n<\/tr>\n<tr>\n<td>15<\/td>\n<td>\u00c2mbar<\/td>\n<td>NA<\/td>\n<td>NA<\/td>\n<td>4<\/td>\n<td>5<\/td>\n<td>6<\/td>\n<td>NA<\/td>\n<td>4<\/td>\n<td>5<\/td>\n<td>6<\/td>\n<\/tr>\n<tr>\n<td>16<\/td>\n<td>Cinza<\/td>\n<td>NA<\/td>\n<td>NA<\/td>\n<td>4<\/td>\n<td>5<\/td>\n<td>6<\/td>\n<td>NA<\/td>\n<td>4<\/td>\n<td>5<\/td>\n<td>6<\/td>\n<\/tr>\n<tr>\n<td>18<\/td>\n<td>Verde<\/td>\n<td>NA<\/td>\n<td>NA<\/td>\n<td>4<\/td>\n<td>5<\/td>\n<td>6<\/td>\n<td>3<\/td>\n<td>4<\/td>\n<td>5<\/td>\n<td>6<\/td>\n<\/tr>\n<tr>\n<td>20<\/td>\n<td>Rosa<\/td>\n<td>2<\/td>\n<td>3<\/td>\n<td>4<\/td>\n<td>5<\/td>\n<td>6<\/td>\n<td>3<\/td>\n<td>4<\/td>\n<td>5<\/td>\n<td>6<\/td>\n<\/tr>\n<tr>\n<td>21<\/td>\n<td>Roxo<\/td>\n<td>2<\/td>\n<td>3<\/td>\n<td>4<\/td>\n<td>5<\/td>\n<td>6<\/td>\n<td>3<\/td>\n<td>4<\/td>\n<td>5<\/td>\n<td>6<\/td>\n<\/tr>\n<tr>\n<td>22<\/td>\n<td>Azul<\/td>\n<td>2<\/td>\n<td>3<\/td>\n<td>4<\/td>\n<td>5<\/td>\n<td>6<\/td>\n<td>3<\/td>\n<td>4<\/td>\n<td>5<\/td>\n<td>6<\/td>\n<\/tr>\n<tr>\n<td>23<\/td>\n<td>Laranja<\/td>\n<td>2<\/td>\n<td>3<\/td>\n<td>4<\/td>\n<td>5<\/td>\n<td>6<\/td>\n<td>3<\/td>\n<td>4<\/td>\n<td>5<\/td>\n<td>6<\/td>\n<\/tr>\n<tr>\n<td>25<\/td>\n<td>Vermelho<\/td>\n<td>2<\/td>\n<td>3<\/td>\n<td>4<\/td>\n<td>5<\/td>\n<td>6<\/td>\n<td>3<\/td>\n<td>4<\/td>\n<td>5<\/td>\n<td>6<\/td>\n<\/tr>\n<tr>\n<td>27<\/td>\n<td>Claro<\/td>\n<td>2<\/td>\n<td>3<\/td>\n<td>4<\/td>\n<td>5<\/td>\n<td>6<\/td>\n<td>3<\/td>\n<td>4<\/td>\n<td>5<\/td>\n<td>6<\/td>\n<\/tr>\n<tr>\n<td>30<\/td>\n<td>Lavanda<\/td>\n<td>2<\/td>\n<td>3<\/td>\n<td>4<\/td>\n<td>5<\/td>\n<td>6<\/td>\n<td>3<\/td>\n<td>4<\/td>\n<td>5<\/td>\n<td>6<\/td>\n<\/tr>\n<tr>\n<td>32<\/td>\n<td>Amarelo<\/td>\n<td>2<\/td>\n<td>3<\/td>\n<td>4<\/td>\n<td>5<\/td>\n<td>6<\/td>\n<td>3<\/td>\n<td>4<\/td>\n<td>5<\/td>\n<td>6<\/td>\n<\/tr>\n<\/tbody>\n<\/table>\n<\/div>\n","protected":false},"excerpt":{"rendered":"<p>Pontas de Dispensa\u00e7\u00e3o de Agulhas de Escova, n\u00e3o perca cabelo, anti-est\u00e1tica, h\u00e1 cerdas macias brancas e cerdas duras amarelas dois tipos.<\/p>\n","protected":false},"featured_media":2019,"comment_status":"open","ping_status":"closed","template":"","meta":{"_acf_changed":false},"product_brand":[],"product_cat":[154],"product_tag":[],"class_list":{"0":"post-5473","1":"product","2":"type-product","3":"status-publish","4":"has-post-thumbnail","6":"product_cat-pontas-e-agulhas-de-dispensacao","8":"first","9":"instock","10":"shipping-taxable","11":"purchasable","12":"product-type-simple"},"acf":[],"yoast_head":"<!-- This site is optimized with the Yoast SEO plugin v26.0 - https:\/\/yoast.com\/wordpress\/plugins\/seo\/ -->\n<title>Pontas de Dispensa\u00e7\u00e3o de Agulhas de Escova - Btektech<\/title>\n<meta name=\"description\" content=\"O design \u00fanico de Pontas de Dispensa\u00e7\u00e3o de Agulhas de Escova \u00e9 simples e conveniente,usada para todas as pistolas de cola, m\u00e1quinas de dispensa\u00e7\u00e3o.\" \/>\n<meta name=\"robots\" content=\"index, follow, max-snippet:-1, max-image-preview:large, max-video-preview:-1\" \/>\n<link rel=\"canonical\" href=\"https:\/\/btektech.com\/pt-pt\/product\/pontas-de-dispensacao-de-agulhas-de-escova\/\" \/>\n<meta property=\"og:locale\" content=\"pt_PT\" \/>\n<meta property=\"og:type\" content=\"article\" \/>\n<meta property=\"og:title\" content=\"Pontas de Dispensa\u00e7\u00e3o de Agulhas de Escova - Btektech\" \/>\n<meta property=\"og:description\" content=\"O design \u00fanico de Pontas de Dispensa\u00e7\u00e3o de Agulhas de Escova \u00e9 simples e conveniente,usada para todas as pistolas de cola, m\u00e1quinas de dispensa\u00e7\u00e3o.\" \/>\n<meta property=\"og:url\" content=\"https:\/\/btektech.com\/pt-pt\/product\/pontas-de-dispensacao-de-agulhas-de-escova\/\" \/>\n<meta property=\"og:site_name\" content=\"Btektech\" \/>\n<meta property=\"article:modified_time\" content=\"2022-09-08T05:53:59+00:00\" \/>\n<meta property=\"og:image\" content=\"https:\/\/btektech.com\/wp-content\/uploads\/2021\/09\/Brush-1-scaled.jpg\" \/>\n\t<meta property=\"og:image:width\" content=\"2560\" \/>\n\t<meta property=\"og:image:height\" content=\"2560\" \/>\n\t<meta property=\"og:image:type\" content=\"image\/jpeg\" \/>\n<meta name=\"twitter:card\" content=\"summary_large_image\" \/>\n<meta name=\"twitter:site\" content=\"@Btektech1\" \/>\n<meta name=\"twitter:label1\" content=\"Tempo estimado de leitura\" \/>\n\t<meta name=\"twitter:data1\" content=\"1 minuto\" \/>\n<script type=\"application\/ld+json\" class=\"yoast-schema-graph\">{\"@context\":\"https:\/\/schema.org\",\"@graph\":[{\"@type\":[\"WebPage\",\"ItemPage\"],\"@id\":\"https:\/\/btektech.com\/pt-pt\/product\/pontas-de-dispensacao-de-agulhas-de-escova\/\",\"url\":\"https:\/\/btektech.com\/pt-pt\/product\/pontas-de-dispensacao-de-agulhas-de-escova\/\",\"name\":\"Pontas de Dispensa\u00e7\u00e3o de Agulhas de Escova - Btektech\",\"isPartOf\":{\"@id\":\"https:\/\/btektech.com\/#website\"},\"primaryImageOfPage\":{\"@id\":\"https:\/\/btektech.com\/pt-pt\/product\/pontas-de-dispensacao-de-agulhas-de-escova\/#primaryimage\"},\"image\":{\"@id\":\"https:\/\/btektech.com\/pt-pt\/product\/pontas-de-dispensacao-de-agulhas-de-escova\/#primaryimage\"},\"thumbnailUrl\":\"https:\/\/btektech.com\/wp-content\/uploads\/2021\/09\/Brush-1-scaled-scaled-scaled.jpg\",\"datePublished\":\"2022-04-26T16:49:31+00:00\",\"dateModified\":\"2022-09-08T05:53:59+00:00\",\"description\":\"O design \u00fanico de Pontas de Dispensa\u00e7\u00e3o de Agulhas de Escova \u00e9 simples e conveniente,usada para todas as pistolas de cola, m\u00e1quinas de dispensa\u00e7\u00e3o.\",\"breadcrumb\":{\"@id\":\"https:\/\/btektech.com\/pt-pt\/product\/pontas-de-dispensacao-de-agulhas-de-escova\/#breadcrumb\"},\"inLanguage\":\"pt-PT\",\"potentialAction\":[{\"@type\":\"ReadAction\",\"target\":[\"https:\/\/btektech.com\/pt-pt\/product\/pontas-de-dispensacao-de-agulhas-de-escova\/\"]}]},{\"@type\":\"ImageObject\",\"inLanguage\":\"pt-PT\",\"@id\":\"https:\/\/btektech.com\/pt-pt\/product\/pontas-de-dispensacao-de-agulhas-de-escova\/#primaryimage\",\"url\":\"https:\/\/btektech.com\/wp-content\/uploads\/2021\/09\/Brush-1-scaled-scaled-scaled.jpg\",\"contentUrl\":\"https:\/\/btektech.com\/wp-content\/uploads\/2021\/09\/Brush-1-scaled-scaled-scaled.jpg\",\"width\":2560,\"height\":2560,\"caption\":\"Dicas de distribui\u00e7\u00e3o de agulhas de escova\"},{\"@type\":\"BreadcrumbList\",\"@id\":\"https:\/\/btektech.com\/pt-pt\/product\/pontas-de-dispensacao-de-agulhas-de-escova\/#breadcrumb\",\"itemListElement\":[{\"@type\":\"ListItem\",\"position\":1,\"name\":\"Home\",\"item\":\"https:\/\/btektech.com\/pt-pt\/home-2\/\"},{\"@type\":\"ListItem\",\"position\":2,\"name\":\"\u00dcr\u00fcnler\",\"item\":\"https:\/\/btektech.com\/tr\/shop\/\"},{\"@type\":\"ListItem\",\"position\":3,\"name\":\"Dispensing Tips\",\"item\":\"https:\/\/btektech.com\/product-category\/dispensing-tips\/\"},{\"@type\":\"ListItem\",\"position\":4,\"name\":\"Pontas de Dispensa\u00e7\u00e3o de Agulhas de Escova\"}]},{\"@type\":\"WebSite\",\"@id\":\"https:\/\/btektech.com\/#website\",\"url\":\"https:\/\/btektech.com\/\",\"name\":\"Btektech\",\"description\":\"\",\"publisher\":{\"@id\":\"https:\/\/btektech.com\/#organization\"},\"potentialAction\":[{\"@type\":\"SearchAction\",\"target\":{\"@type\":\"EntryPoint\",\"urlTemplate\":\"https:\/\/btektech.com\/?s={search_term_string}\"},\"query-input\":{\"@type\":\"PropertyValueSpecification\",\"valueRequired\":true,\"valueName\":\"search_term_string\"}}],\"inLanguage\":\"pt-PT\"},{\"@type\":\"Organization\",\"@id\":\"https:\/\/btektech.com\/#organization\",\"name\":\"Btektech\",\"url\":\"https:\/\/btektech.com\/\",\"logo\":{\"@type\":\"ImageObject\",\"inLanguage\":\"pt-PT\",\"@id\":\"https:\/\/btektech.com\/#\/schema\/logo\/image\/\",\"url\":\"https:\/\/btektech.com\/wp-content\/uploads\/2021\/08\/btektech-logo.png\",\"contentUrl\":\"https:\/\/btektech.com\/wp-content\/uploads\/2021\/08\/btektech-logo.png\",\"width\":250,\"height\":114,\"caption\":\"Btektech\"},\"image\":{\"@id\":\"https:\/\/btektech.com\/#\/schema\/logo\/image\/\"},\"sameAs\":[\"https:\/\/x.com\/Btektech1\",\"https:\/\/www.instagram.com\/btektech\/\",\"https:\/\/www.linkedin.com\/company\/suzhou-baotailong-electronic-materials-co-ltd\/\",\"https:\/\/www.pinterest.com\/btektech\/_saved\/\",\"https:\/\/www.youtube.com\/channel\/UCBiw4Bc4CmQDrdo-QqyVTqQ\"]}]}<\/script>\n<!-- \/ Yoast SEO plugin. -->","yoast_head_json":{"title":"Pontas de Dispensa\u00e7\u00e3o de Agulhas de Escova - Btektech","description":"O design \u00fanico de Pontas de Dispensa\u00e7\u00e3o de Agulhas de Escova \u00e9 simples e conveniente,usada para todas as pistolas de cola, m\u00e1quinas de dispensa\u00e7\u00e3o.","robots":{"index":"index","follow":"follow","max-snippet":"max-snippet:-1","max-image-preview":"max-image-preview:large","max-video-preview":"max-video-preview:-1"},"canonical":"https:\/\/btektech.com\/pt-pt\/product\/pontas-de-dispensacao-de-agulhas-de-escova\/","og_locale":"pt_PT","og_type":"article","og_title":"Pontas de Dispensa\u00e7\u00e3o de Agulhas de Escova - Btektech","og_description":"O design \u00fanico de Pontas de Dispensa\u00e7\u00e3o de Agulhas de Escova \u00e9 simples e conveniente,usada para todas as pistolas de cola, m\u00e1quinas de dispensa\u00e7\u00e3o.","og_url":"https:\/\/btektech.com\/pt-pt\/product\/pontas-de-dispensacao-de-agulhas-de-escova\/","og_site_name":"Btektech","article_modified_time":"2022-09-08T05:53:59+00:00","og_image":[{"width":2560,"height":2560,"url":"https:\/\/btektech.com\/wp-content\/uploads\/2021\/09\/Brush-1-scaled.jpg","type":"image\/jpeg"}],"twitter_card":"summary_large_image","twitter_site":"@Btektech1","twitter_misc":{"Tempo estimado de leitura":"1 minuto"},"schema":{"@context":"https:\/\/schema.org","@graph":[{"@type":["WebPage","ItemPage"],"@id":"https:\/\/btektech.com\/pt-pt\/product\/pontas-de-dispensacao-de-agulhas-de-escova\/","url":"https:\/\/btektech.com\/pt-pt\/product\/pontas-de-dispensacao-de-agulhas-de-escova\/","name":"Pontas de Dispensa\u00e7\u00e3o de Agulhas de Escova - Btektech","isPartOf":{"@id":"https:\/\/btektech.com\/#website"},"primaryImageOfPage":{"@id":"https:\/\/btektech.com\/pt-pt\/product\/pontas-de-dispensacao-de-agulhas-de-escova\/#primaryimage"},"image":{"@id":"https:\/\/btektech.com\/pt-pt\/product\/pontas-de-dispensacao-de-agulhas-de-escova\/#primaryimage"},"thumbnailUrl":"https:\/\/btektech.com\/wp-content\/uploads\/2021\/09\/Brush-1-scaled-scaled-scaled.jpg","datePublished":"2022-04-26T16:49:31+00:00","dateModified":"2022-09-08T05:53:59+00:00","description":"O design \u00fanico de Pontas de Dispensa\u00e7\u00e3o de Agulhas de Escova \u00e9 simples e conveniente,usada para todas as pistolas de cola, m\u00e1quinas de dispensa\u00e7\u00e3o.","breadcrumb":{"@id":"https:\/\/btektech.com\/pt-pt\/product\/pontas-de-dispensacao-de-agulhas-de-escova\/#breadcrumb"},"inLanguage":"pt-PT","potentialAction":[{"@type":"ReadAction","target":["https:\/\/btektech.com\/pt-pt\/product\/pontas-de-dispensacao-de-agulhas-de-escova\/"]}]},{"@type":"ImageObject","inLanguage":"pt-PT","@id":"https:\/\/btektech.com\/pt-pt\/product\/pontas-de-dispensacao-de-agulhas-de-escova\/#primaryimage","url":"https:\/\/btektech.com\/wp-content\/uploads\/2021\/09\/Brush-1-scaled-scaled-scaled.jpg","contentUrl":"https:\/\/btektech.com\/wp-content\/uploads\/2021\/09\/Brush-1-scaled-scaled-scaled.jpg","width":2560,"height":2560,"caption":"Dicas de distribui\u00e7\u00e3o de agulhas de escova"},{"@type":"BreadcrumbList","@id":"https:\/\/btektech.com\/pt-pt\/product\/pontas-de-dispensacao-de-agulhas-de-escova\/#breadcrumb","itemListElement":[{"@type":"ListItem","position":1,"name":"Home","item":"https:\/\/btektech.com\/pt-pt\/home-2\/"},{"@type":"ListItem","position":2,"name":"\u00dcr\u00fcnler","item":"https:\/\/btektech.com\/tr\/shop\/"},{"@type":"ListItem","position":3,"name":"Dispensing Tips","item":"https:\/\/btektech.com\/product-category\/dispensing-tips\/"},{"@type":"ListItem","position":4,"name":"Pontas de Dispensa\u00e7\u00e3o de Agulhas de Escova"}]},{"@type":"WebSite","@id":"https:\/\/btektech.com\/#website","url":"https:\/\/btektech.com\/","name":"Btektech","description":"","publisher":{"@id":"https:\/\/btektech.com\/#organization"},"potentialAction":[{"@type":"SearchAction","target":{"@type":"EntryPoint","urlTemplate":"https:\/\/btektech.com\/?s={search_term_string}"},"query-input":{"@type":"PropertyValueSpecification","valueRequired":true,"valueName":"search_term_string"}}],"inLanguage":"pt-PT"},{"@type":"Organization","@id":"https:\/\/btektech.com\/#organization","name":"Btektech","url":"https:\/\/btektech.com\/","logo":{"@type":"ImageObject","inLanguage":"pt-PT","@id":"https:\/\/btektech.com\/#\/schema\/logo\/image\/","url":"https:\/\/btektech.com\/wp-content\/uploads\/2021\/08\/btektech-logo.png","contentUrl":"https:\/\/btektech.com\/wp-content\/uploads\/2021\/08\/btektech-logo.png","width":250,"height":114,"caption":"Btektech"},"image":{"@id":"https:\/\/btektech.com\/#\/schema\/logo\/image\/"},"sameAs":["https:\/\/x.com\/Btektech1","https:\/\/www.instagram.com\/btektech\/","https:\/\/www.linkedin.com\/company\/suzhou-baotailong-electronic-materials-co-ltd\/","https:\/\/www.pinterest.com\/btektech\/_saved\/","https:\/\/www.youtube.com\/channel\/UCBiw4Bc4CmQDrdo-QqyVTqQ"]}]}},"_links":{"self":[{"href":"https:\/\/btektech.com\/pt-pt\/wp-json\/wp\/v2\/product\/5473","targetHints":{"allow":["GET"]}}],"collection":[{"href":"https:\/\/btektech.com\/pt-pt\/wp-json\/wp\/v2\/product"}],"about":[{"href":"https:\/\/btektech.com\/pt-pt\/wp-json\/wp\/v2\/types\/product"}],"replies":[{"embeddable":true,"href":"https:\/\/btektech.com\/pt-pt\/wp-json\/wp\/v2\/comments?post=5473"}],"version-history":[{"count":0,"href":"https:\/\/btektech.com\/pt-pt\/wp-json\/wp\/v2\/product\/5473\/revisions"}],"wp:featuredmedia":[{"embeddable":true,"href":"https:\/\/btektech.com\/pt-pt\/wp-json\/wp\/v2\/media\/2019"}],"wp:attachment":[{"href":"https:\/\/btektech.com\/pt-pt\/wp-json\/wp\/v2\/media?parent=5473"}],"wp:term":[{"taxonomy":"product_brand","embeddable":true,"href":"https:\/\/btektech.com\/pt-pt\/wp-json\/wp\/v2\/product_brand?post=5473"},{"taxonomy":"product_cat","embeddable":true,"href":"https:\/\/btektech.com\/pt-pt\/wp-json\/wp\/v2\/product_cat?post=5473"},{"taxonomy":"product_tag","embeddable":true,"href":"https:\/\/btektech.com\/pt-pt\/wp-json\/wp\/v2\/product_tag?post=5473"}],"curies":[{"name":"wp","href":"https:\/\/api.w.org\/{rel}","templated":true}]}}