{"id":5471,"date":"2021-09-07T10:14:24","date_gmt":"2022-04-26T16:49:26","guid":{"rendered":"https:\/\/btektech.com\/product\/ponta-de-dispensa-do-hub-de-aluminio\/"},"modified":"2022-09-08T07:16:21","modified_gmt":"2022-09-08T07:16:21","slug":"agulhas-de-dispensacao-do-hub-de-aluminio","status":"publish","type":"product","link":"https:\/\/btektech.com\/pt-pt\/product\/agulhas-de-dispensacao-do-hub-de-aluminio\/","title":{"rendered":"Agulhas de Dispensa\u00e7\u00e3o do hub de alum\u00ednio"},"content":{"rendered":"<p>Ligue o suporte da agulha a um tubo de a\u00e7o por rebite de inlay de alum\u00ednio. Evite a cola adesiva convencional da agulha que seja f\u00e1cil de danificar, ou o perigo de alguma corros\u00e3o l\u00edquida, de modo a melhorar a vida \u00fatil da agulha de cola de ponto.<\/p>\n<div style=\"overflow: auto;\">\n<table style=\"text-align: center;\">\n<tbody>\n<tr>\n<th>Bitola<\/th>\n<th>Cor<\/th>\n<th>ID(mm)<\/th>\n<th>OD(mm)<\/th>\n<th>12,7 mm (1\/2&#8243;)<\/th>\n<\/tr>\n<tr>\n<td>14<\/td>\n<td>Azeitona<\/td>\n<td>1.65<\/td>\n<td>1.81<\/td>\n<td>\u00c0S 14:050<\/td>\n<\/tr>\n<tr>\n<td>15<\/td>\n<td>\u00c2mbar<\/td>\n<td>1.4<\/td>\n<td>1.81<\/td>\n<td>\u00c0S 15:050<\/td>\n<\/tr>\n<tr>\n<td>16<\/td>\n<td>Cinza<\/td>\n<td>1.19<\/td>\n<td>1.62<\/td>\n<td>\u00c0S 16:050<\/td>\n<\/tr>\n<tr>\n<td>18<\/td>\n<td>Verde<\/td>\n<td>0.84<\/td>\n<td>1.28<\/td>\n<td>\u00c0S 18:050<\/td>\n<\/tr>\n<tr>\n<td>20<\/td>\n<td>Rosa<\/td>\n<td>0.6<\/td>\n<td>0.91<\/td>\n<td>EM 20050<\/td>\n<\/tr>\n<tr>\n<td>21<\/td>\n<td>Roxo<\/td>\n<td>0.51<\/td>\n<td>0.81<\/td>\n<td>EM 21050<\/td>\n<\/tr>\n<tr>\n<td>22<\/td>\n<td>Azul<\/td>\n<td>0.41<\/td>\n<td>0.71<\/td>\n<td>\u00c0S 22H050<\/td>\n<\/tr>\n<tr>\n<td>23<\/td>\n<td>Laranja<\/td>\n<td>0.33<\/td>\n<td>0.63<\/td>\n<td>\u00c0S 23:050<\/td>\n<\/tr>\n<tr>\n<td>25<\/td>\n<td>Vermelho<\/td>\n<td>0.26<\/td>\n<td>0.51<\/td>\n<td>\u00c0S 25:050<\/td>\n<\/tr>\n<\/tbody>\n<\/table>\n<\/div>\n","protected":false},"excerpt":{"rendered":"<p><span class=\"src\" data-group=\"0-0\">Os tubos de a\u00e7o inoxid\u00e1vel s\u00e3o cortados em comprimentos exatos e mo\u00eddos para n\u00e3o burr.  <\/span><span class=\"src\" data-group=\"0-1\">  Tubo de a\u00e7o inoxid\u00e1vel inserido na base da agulha, fixado por rebita\u00e7\u00e3o de alum\u00ednio.<\/span><\/p>\n","protected":false},"featured_media":2007,"comment_status":"open","ping_status":"closed","template":"","meta":{"_acf_changed":false},"product_brand":[],"product_cat":[267],"product_tag":[],"class_list":{"0":"post-5471","1":"product","2":"type-product","3":"status-publish","4":"has-post-thumbnail","6":"product_cat-uncategorized-pt-pt","8":"first","9":"instock","10":"shipping-taxable","11":"purchasable","12":"product-type-simple"},"acf":[],"yoast_head":"<!-- This site is optimized with the Yoast SEO plugin v26.0 - https:\/\/yoast.com\/wordpress\/plugins\/seo\/ -->\n<title>Agulhas de Dispensa\u00e7\u00e3o do hub de alum\u00ednio - Btektech<\/title>\n<meta name=\"description\" content=\"Agulhas de Dispensa\u00e7\u00e3o do hub de alum\u00ednio os Ligue o suporte da agulha a um tubo de a\u00e7o por rebite de inlay de alum\u00ednio.\" \/>\n<meta name=\"robots\" content=\"index, follow, max-snippet:-1, max-image-preview:large, max-video-preview:-1\" \/>\n<link rel=\"canonical\" href=\"https:\/\/btektech.com\/pt-pt\/product\/agulhas-de-dispensacao-do-hub-de-aluminio\/\" \/>\n<meta property=\"og:locale\" content=\"pt_PT\" \/>\n<meta property=\"og:type\" content=\"article\" \/>\n<meta property=\"og:title\" content=\"Agulhas de Dispensa\u00e7\u00e3o do hub de alum\u00ednio - Btektech\" \/>\n<meta property=\"og:description\" content=\"Agulhas de Dispensa\u00e7\u00e3o do hub de alum\u00ednio os Ligue o suporte da agulha a um tubo de a\u00e7o por rebite de inlay de alum\u00ednio.\" \/>\n<meta property=\"og:url\" content=\"https:\/\/btektech.com\/pt-pt\/product\/agulhas-de-dispensacao-do-hub-de-aluminio\/\" \/>\n<meta property=\"og:site_name\" content=\"Btektech\" \/>\n<meta property=\"article:modified_time\" content=\"2022-09-08T07:16:21+00:00\" \/>\n<meta property=\"og:image\" content=\"https:\/\/btektech.com\/wp-content\/uploads\/2021\/09\/\u94dd\u9576\u5d4c.jpg\" \/>\n\t<meta property=\"og:image:width\" content=\"386\" \/>\n\t<meta property=\"og:image:height\" content=\"383\" \/>\n\t<meta property=\"og:image:type\" content=\"image\/jpeg\" \/>\n<meta name=\"twitter:card\" content=\"summary_large_image\" \/>\n<meta name=\"twitter:site\" content=\"@Btektech1\" \/>\n<meta name=\"twitter:label1\" content=\"Tempo estimado de leitura\" \/>\n\t<meta name=\"twitter:data1\" content=\"1 minuto\" \/>\n<script type=\"application\/ld+json\" class=\"yoast-schema-graph\">{\"@context\":\"https:\/\/schema.org\",\"@graph\":[{\"@type\":[\"WebPage\",\"ItemPage\"],\"@id\":\"https:\/\/btektech.com\/pt-pt\/product\/agulhas-de-dispensacao-do-hub-de-aluminio\/\",\"url\":\"https:\/\/btektech.com\/pt-pt\/product\/agulhas-de-dispensacao-do-hub-de-aluminio\/\",\"name\":\"Agulhas de Dispensa\u00e7\u00e3o do hub de alum\u00ednio - Btektech\",\"isPartOf\":{\"@id\":\"https:\/\/btektech.com\/#website\"},\"primaryImageOfPage\":{\"@id\":\"https:\/\/btektech.com\/pt-pt\/product\/agulhas-de-dispensacao-do-hub-de-aluminio\/#primaryimage\"},\"image\":{\"@id\":\"https:\/\/btektech.com\/pt-pt\/product\/agulhas-de-dispensacao-do-hub-de-aluminio\/#primaryimage\"},\"thumbnailUrl\":\"https:\/\/btektech.com\/wp-content\/uploads\/2021\/09\/\u94dd\u9576\u5d4c.jpg\",\"datePublished\":\"2022-04-26T16:49:26+00:00\",\"dateModified\":\"2022-09-08T07:16:21+00:00\",\"description\":\"Agulhas de Dispensa\u00e7\u00e3o do hub de alum\u00ednio os Ligue o suporte da agulha a um tubo de a\u00e7o por rebite de inlay de alum\u00ednio.\",\"breadcrumb\":{\"@id\":\"https:\/\/btektech.com\/pt-pt\/product\/agulhas-de-dispensacao-do-hub-de-aluminio\/#breadcrumb\"},\"inLanguage\":\"pt-PT\",\"potentialAction\":[{\"@type\":\"ReadAction\",\"target\":[\"https:\/\/btektech.com\/pt-pt\/product\/agulhas-de-dispensacao-do-hub-de-aluminio\/\"]}]},{\"@type\":\"ImageObject\",\"inLanguage\":\"pt-PT\",\"@id\":\"https:\/\/btektech.com\/pt-pt\/product\/agulhas-de-dispensacao-do-hub-de-aluminio\/#primaryimage\",\"url\":\"https:\/\/btektech.com\/wp-content\/uploads\/2021\/09\/\u94dd\u9576\u5d4c.jpg\",\"contentUrl\":\"https:\/\/btektech.com\/wp-content\/uploads\/2021\/09\/\u94dd\u9576\u5d4c.jpg\",\"width\":386,\"height\":383,\"caption\":\"Agulhas de Dispensa\u00e7\u00e3o do hub de alum\u00ednio\"},{\"@type\":\"BreadcrumbList\",\"@id\":\"https:\/\/btektech.com\/pt-pt\/product\/agulhas-de-dispensacao-do-hub-de-aluminio\/#breadcrumb\",\"itemListElement\":[{\"@type\":\"ListItem\",\"position\":1,\"name\":\"Home\",\"item\":\"https:\/\/btektech.com\/pt-pt\/\"},{\"@type\":\"ListItem\",\"position\":2,\"name\":\"\u00dcr\u00fcnler\",\"item\":\"https:\/\/btektech.com\/tr\/shop\/\"},{\"@type\":\"ListItem\",\"position\":3,\"name\":\"Dispensing Tips\",\"item\":\"https:\/\/btektech.com\/product-category\/dispensing-tips\/\"},{\"@type\":\"ListItem\",\"position\":4,\"name\":\"Agulhas de Dispensa\u00e7\u00e3o do hub de alum\u00ednio\"}]},{\"@type\":\"WebSite\",\"@id\":\"https:\/\/btektech.com\/#website\",\"url\":\"https:\/\/btektech.com\/\",\"name\":\"Btektech\",\"description\":\"\",\"publisher\":{\"@id\":\"https:\/\/btektech.com\/#organization\"},\"potentialAction\":[{\"@type\":\"SearchAction\",\"target\":{\"@type\":\"EntryPoint\",\"urlTemplate\":\"https:\/\/btektech.com\/?s={search_term_string}\"},\"query-input\":{\"@type\":\"PropertyValueSpecification\",\"valueRequired\":true,\"valueName\":\"search_term_string\"}}],\"inLanguage\":\"pt-PT\"},{\"@type\":\"Organization\",\"@id\":\"https:\/\/btektech.com\/#organization\",\"name\":\"Btektech\",\"url\":\"https:\/\/btektech.com\/\",\"logo\":{\"@type\":\"ImageObject\",\"inLanguage\":\"pt-PT\",\"@id\":\"https:\/\/btektech.com\/#\/schema\/logo\/image\/\",\"url\":\"https:\/\/btektech.com\/wp-content\/uploads\/2021\/08\/btektech-logo.png\",\"contentUrl\":\"https:\/\/btektech.com\/wp-content\/uploads\/2021\/08\/btektech-logo.png\",\"width\":250,\"height\":114,\"caption\":\"Btektech\"},\"image\":{\"@id\":\"https:\/\/btektech.com\/#\/schema\/logo\/image\/\"},\"sameAs\":[\"https:\/\/x.com\/Btektech1\",\"https:\/\/www.instagram.com\/btektech\/\",\"https:\/\/www.linkedin.com\/company\/suzhou-baotailong-electronic-materials-co-ltd\/\",\"https:\/\/www.pinterest.com\/btektech\/_saved\/\",\"https:\/\/www.youtube.com\/channel\/UCBiw4Bc4CmQDrdo-QqyVTqQ\"]}]}<\/script>\n<!-- \/ Yoast SEO plugin. -->","yoast_head_json":{"title":"Agulhas de Dispensa\u00e7\u00e3o do hub de alum\u00ednio - Btektech","description":"Agulhas de Dispensa\u00e7\u00e3o do hub de alum\u00ednio os Ligue o suporte da agulha a um tubo de a\u00e7o por rebite de inlay de alum\u00ednio.","robots":{"index":"index","follow":"follow","max-snippet":"max-snippet:-1","max-image-preview":"max-image-preview:large","max-video-preview":"max-video-preview:-1"},"canonical":"https:\/\/btektech.com\/pt-pt\/product\/agulhas-de-dispensacao-do-hub-de-aluminio\/","og_locale":"pt_PT","og_type":"article","og_title":"Agulhas de Dispensa\u00e7\u00e3o do hub de alum\u00ednio - Btektech","og_description":"Agulhas de Dispensa\u00e7\u00e3o do hub de alum\u00ednio os Ligue o suporte da agulha a um tubo de a\u00e7o por rebite de inlay de alum\u00ednio.","og_url":"https:\/\/btektech.com\/pt-pt\/product\/agulhas-de-dispensacao-do-hub-de-aluminio\/","og_site_name":"Btektech","article_modified_time":"2022-09-08T07:16:21+00:00","og_image":[{"width":386,"height":383,"url":"https:\/\/btektech.com\/wp-content\/uploads\/2021\/09\/\u94dd\u9576\u5d4c.jpg","type":"image\/jpeg"}],"twitter_card":"summary_large_image","twitter_site":"@Btektech1","twitter_misc":{"Tempo estimado de leitura":"1 minuto"},"schema":{"@context":"https:\/\/schema.org","@graph":[{"@type":["WebPage","ItemPage"],"@id":"https:\/\/btektech.com\/pt-pt\/product\/agulhas-de-dispensacao-do-hub-de-aluminio\/","url":"https:\/\/btektech.com\/pt-pt\/product\/agulhas-de-dispensacao-do-hub-de-aluminio\/","name":"Agulhas de Dispensa\u00e7\u00e3o do hub de alum\u00ednio - Btektech","isPartOf":{"@id":"https:\/\/btektech.com\/#website"},"primaryImageOfPage":{"@id":"https:\/\/btektech.com\/pt-pt\/product\/agulhas-de-dispensacao-do-hub-de-aluminio\/#primaryimage"},"image":{"@id":"https:\/\/btektech.com\/pt-pt\/product\/agulhas-de-dispensacao-do-hub-de-aluminio\/#primaryimage"},"thumbnailUrl":"https:\/\/btektech.com\/wp-content\/uploads\/2021\/09\/\u94dd\u9576\u5d4c.jpg","datePublished":"2022-04-26T16:49:26+00:00","dateModified":"2022-09-08T07:16:21+00:00","description":"Agulhas de Dispensa\u00e7\u00e3o do hub de alum\u00ednio os Ligue o suporte da agulha a um tubo de a\u00e7o por rebite de inlay de alum\u00ednio.","breadcrumb":{"@id":"https:\/\/btektech.com\/pt-pt\/product\/agulhas-de-dispensacao-do-hub-de-aluminio\/#breadcrumb"},"inLanguage":"pt-PT","potentialAction":[{"@type":"ReadAction","target":["https:\/\/btektech.com\/pt-pt\/product\/agulhas-de-dispensacao-do-hub-de-aluminio\/"]}]},{"@type":"ImageObject","inLanguage":"pt-PT","@id":"https:\/\/btektech.com\/pt-pt\/product\/agulhas-de-dispensacao-do-hub-de-aluminio\/#primaryimage","url":"https:\/\/btektech.com\/wp-content\/uploads\/2021\/09\/\u94dd\u9576\u5d4c.jpg","contentUrl":"https:\/\/btektech.com\/wp-content\/uploads\/2021\/09\/\u94dd\u9576\u5d4c.jpg","width":386,"height":383,"caption":"Agulhas de Dispensa\u00e7\u00e3o do hub de alum\u00ednio"},{"@type":"BreadcrumbList","@id":"https:\/\/btektech.com\/pt-pt\/product\/agulhas-de-dispensacao-do-hub-de-aluminio\/#breadcrumb","itemListElement":[{"@type":"ListItem","position":1,"name":"Home","item":"https:\/\/btektech.com\/pt-pt\/"},{"@type":"ListItem","position":2,"name":"\u00dcr\u00fcnler","item":"https:\/\/btektech.com\/tr\/shop\/"},{"@type":"ListItem","position":3,"name":"Dispensing Tips","item":"https:\/\/btektech.com\/product-category\/dispensing-tips\/"},{"@type":"ListItem","position":4,"name":"Agulhas de Dispensa\u00e7\u00e3o do hub de alum\u00ednio"}]},{"@type":"WebSite","@id":"https:\/\/btektech.com\/#website","url":"https:\/\/btektech.com\/","name":"Btektech","description":"","publisher":{"@id":"https:\/\/btektech.com\/#organization"},"potentialAction":[{"@type":"SearchAction","target":{"@type":"EntryPoint","urlTemplate":"https:\/\/btektech.com\/?s={search_term_string}"},"query-input":{"@type":"PropertyValueSpecification","valueRequired":true,"valueName":"search_term_string"}}],"inLanguage":"pt-PT"},{"@type":"Organization","@id":"https:\/\/btektech.com\/#organization","name":"Btektech","url":"https:\/\/btektech.com\/","logo":{"@type":"ImageObject","inLanguage":"pt-PT","@id":"https:\/\/btektech.com\/#\/schema\/logo\/image\/","url":"https:\/\/btektech.com\/wp-content\/uploads\/2021\/08\/btektech-logo.png","contentUrl":"https:\/\/btektech.com\/wp-content\/uploads\/2021\/08\/btektech-logo.png","width":250,"height":114,"caption":"Btektech"},"image":{"@id":"https:\/\/btektech.com\/#\/schema\/logo\/image\/"},"sameAs":["https:\/\/x.com\/Btektech1","https:\/\/www.instagram.com\/btektech\/","https:\/\/www.linkedin.com\/company\/suzhou-baotailong-electronic-materials-co-ltd\/","https:\/\/www.pinterest.com\/btektech\/_saved\/","https:\/\/www.youtube.com\/channel\/UCBiw4Bc4CmQDrdo-QqyVTqQ"]}]}},"_links":{"self":[{"href":"https:\/\/btektech.com\/pt-pt\/wp-json\/wp\/v2\/product\/5471","targetHints":{"allow":["GET"]}}],"collection":[{"href":"https:\/\/btektech.com\/pt-pt\/wp-json\/wp\/v2\/product"}],"about":[{"href":"https:\/\/btektech.com\/pt-pt\/wp-json\/wp\/v2\/types\/product"}],"replies":[{"embeddable":true,"href":"https:\/\/btektech.com\/pt-pt\/wp-json\/wp\/v2\/comments?post=5471"}],"version-history":[{"count":0,"href":"https:\/\/btektech.com\/pt-pt\/wp-json\/wp\/v2\/product\/5471\/revisions"}],"wp:featuredmedia":[{"embeddable":true,"href":"https:\/\/btektech.com\/pt-pt\/wp-json\/wp\/v2\/media\/2007"}],"wp:attachment":[{"href":"https:\/\/btektech.com\/pt-pt\/wp-json\/wp\/v2\/media?parent=5471"}],"wp:term":[{"taxonomy":"product_brand","embeddable":true,"href":"https:\/\/btektech.com\/pt-pt\/wp-json\/wp\/v2\/product_brand?post=5471"},{"taxonomy":"product_cat","embeddable":true,"href":"https:\/\/btektech.com\/pt-pt\/wp-json\/wp\/v2\/product_cat?post=5471"},{"taxonomy":"product_tag","embeddable":true,"href":"https:\/\/btektech.com\/pt-pt\/wp-json\/wp\/v2\/product_tag?post=5471"}],"curies":[{"name":"wp","href":"https:\/\/api.w.org\/{rel}","templated":true}]}}