{"id":5469,"date":"2021-09-08T06:01:59","date_gmt":"2022-04-26T16:49:05","guid":{"rendered":"https:\/\/btektech.com\/product\/dicas-de-distribuicao-ovais\/"},"modified":"2022-09-08T06:57:09","modified_gmt":"2022-09-08T06:57:09","slug":"pontas-de-dispensacao-oval","status":"publish","type":"product","link":"https:\/\/btektech.com\/pt-pt\/product\/pontas-de-dispensacao-oval\/","title":{"rendered":"Pontas de Dispensa\u00e7\u00e3o Oval"},"content":{"rendered":"<p>Agulhas de uso geral e agulhas de a\u00e7o inoxid\u00e1vel podem ser mais maquinados para fazer Pontas de Dispensa\u00e7\u00e3o Boca Oval<\/p>\n<div style=\"overflow: auto;\">\n<table style=\"text-align: center;\">\n<tbody>\n<tr>\n<th>Bitola<\/th>\n<th>Cor<\/th>\n<th>ID(mm)<\/th>\n<th>OD(mm)<\/th>\n<th>12,7mm(1\/2&#8243;)<\/th>\n<th>25.4mm(1&#8243;)<\/th>\n<th>38.1mm(3\/2&#8243;)<\/th>\n<\/tr>\n<tr>\n<td>14G<\/td>\n<td>Azeitona<\/td>\n<td>1.55<\/td>\n<td>2.1<\/td>\n<td>OT 14050<\/td>\n<td>OT 14100<\/td>\n<td>OT 14150<\/td>\n<\/tr>\n<tr>\n<td>15G<\/td>\n<td>\u00c2mbar<\/td>\n<td>1.35<\/td>\n<td>1.8<\/td>\n<td>OT 15050<\/td>\n<td>OT 15100<\/td>\n<td>OT 15150<\/td>\n<\/tr>\n<tr>\n<td>10<\/td>\n<td>Metal<\/td>\n<td>2.8mm<\/td>\n<td>3,5mm<\/td>\n<td>OS 10050<\/td>\n<td>OS 10100<\/td>\n<td>OS 10150<\/td>\n<\/tr>\n<tr>\n<td>11<\/td>\n<td>Metal<\/td>\n<td>2.5mm<\/td>\n<td>3mm<\/td>\n<td>OS 11050<\/td>\n<td>OS 11100<\/td>\n<td>OS 11150<\/td>\n<\/tr>\n<tr>\n<td>12<\/td>\n<td>Metal<\/td>\n<td>2.27mm<\/td>\n<td>2.77mm<\/td>\n<td>OS 12050<\/td>\n<td>OS 12100<\/td>\n<td>OS 12150<\/td>\n<\/tr>\n<tr>\n<td>13<\/td>\n<td>Metal<\/td>\n<td>1,94mm<\/td>\n<td>2.4mm<\/td>\n<td>OS 13050<\/td>\n<td>OS 13100<\/td>\n<td>OS 13150<\/td>\n<\/tr>\n<tr>\n<td>14<\/td>\n<td>Metal<\/td>\n<td>1,65mm<\/td>\n<td>1,81mm<\/td>\n<td>OS 14050<\/td>\n<td>OS 14100<\/td>\n<td>OS 14150<\/td>\n<\/tr>\n<tr>\n<td>15<\/td>\n<td>Metal<\/td>\n<td>1.43mm<\/td>\n<td>1,81mm<\/td>\n<td>OS 15050<\/td>\n<td>OS 15100<\/td>\n<td>OS 15150<\/td>\n<\/tr>\n<\/tbody>\n<\/table>\n<\/div>\n","protected":false},"excerpt":{"rendered":"<p>As Pontas de Dispensa\u00e7\u00e3o Oval aplicam fitas planas de l\u00edquidos espessos, tais como pasta, vedantes e bandas planas de resinas ep\u00f3xi.<\/p>\n","protected":false},"featured_media":21506,"comment_status":"open","ping_status":"closed","template":"","meta":{"_acf_changed":false},"product_brand":[],"product_cat":[154],"product_tag":[1395],"class_list":{"0":"post-5469","1":"product","2":"type-product","3":"status-publish","4":"has-post-thumbnail","6":"product_cat-pontas-e-agulhas-de-dispensacao","7":"product_tag-parent","9":"first","10":"instock","11":"shipping-taxable","12":"product-type-simple"},"acf":[],"yoast_head":"<!-- This site is optimized with the Yoast SEO plugin v26.0 - https:\/\/yoast.com\/wordpress\/plugins\/seo\/ -->\n<title>Pontas de Dispensa\u00e7\u00e3o Oval - Btektech<\/title>\n<meta name=\"description\" content=\"As Pontas de Dispensa\u00e7\u00e3o Oval aplicam fitas planas de l\u00edquidos espessos, tais como pasta, vedantes e bandas planas de resinas ep\u00f3xi.\" \/>\n<meta name=\"robots\" content=\"index, follow, max-snippet:-1, max-image-preview:large, max-video-preview:-1\" \/>\n<link rel=\"canonical\" href=\"https:\/\/btektech.com\/pt-pt\/product\/pontas-de-dispensacao-oval\/\" \/>\n<meta property=\"og:locale\" content=\"pt_PT\" \/>\n<meta property=\"og:type\" content=\"article\" \/>\n<meta property=\"og:title\" content=\"Pontas de Dispensa\u00e7\u00e3o Oval - Btektech\" \/>\n<meta property=\"og:description\" content=\"As Pontas de Dispensa\u00e7\u00e3o Oval aplicam fitas planas de l\u00edquidos espessos, tais como pasta, vedantes e bandas planas de resinas ep\u00f3xi.\" \/>\n<meta property=\"og:url\" content=\"https:\/\/btektech.com\/pt-pt\/product\/pontas-de-dispensacao-oval\/\" \/>\n<meta property=\"og:site_name\" content=\"Btektech\" \/>\n<meta property=\"article:modified_time\" content=\"2022-09-08T06:57:09+00:00\" \/>\n<meta property=\"og:image\" content=\"https:\/\/btektech.com\/wp-content\/uploads\/2021\/09\/15-Oval-1.jpg\" \/>\n\t<meta property=\"og:image:width\" content=\"1417\" \/>\n\t<meta property=\"og:image:height\" content=\"1417\" \/>\n\t<meta property=\"og:image:type\" content=\"image\/jpeg\" \/>\n<meta name=\"twitter:card\" content=\"summary_large_image\" \/>\n<meta name=\"twitter:site\" content=\"@Btektech1\" \/>\n<meta name=\"twitter:label1\" content=\"Tempo estimado de leitura\" \/>\n\t<meta name=\"twitter:data1\" content=\"1 minuto\" \/>\n<script type=\"application\/ld+json\" class=\"yoast-schema-graph\">{\"@context\":\"https:\/\/schema.org\",\"@graph\":[{\"@type\":[\"WebPage\",\"ItemPage\"],\"@id\":\"https:\/\/btektech.com\/pt-pt\/product\/pontas-de-dispensacao-oval\/\",\"url\":\"https:\/\/btektech.com\/pt-pt\/product\/pontas-de-dispensacao-oval\/\",\"name\":\"Pontas de Dispensa\u00e7\u00e3o Oval - Btektech\",\"isPartOf\":{\"@id\":\"https:\/\/btektech.com\/#website\"},\"primaryImageOfPage\":{\"@id\":\"https:\/\/btektech.com\/pt-pt\/product\/pontas-de-dispensacao-oval\/#primaryimage\"},\"image\":{\"@id\":\"https:\/\/btektech.com\/pt-pt\/product\/pontas-de-dispensacao-oval\/#primaryimage\"},\"thumbnailUrl\":\"https:\/\/btektech.com\/wp-content\/uploads\/2025\/12\/5.jpg\",\"datePublished\":\"2022-04-26T16:49:05+00:00\",\"dateModified\":\"2022-09-08T06:57:09+00:00\",\"description\":\"As Pontas de Dispensa\u00e7\u00e3o Oval aplicam fitas planas de l\u00edquidos espessos, tais como pasta, vedantes e bandas planas de resinas ep\u00f3xi.\",\"breadcrumb\":{\"@id\":\"https:\/\/btektech.com\/pt-pt\/product\/pontas-de-dispensacao-oval\/#breadcrumb\"},\"inLanguage\":\"pt-PT\",\"potentialAction\":[{\"@type\":\"ReadAction\",\"target\":[\"https:\/\/btektech.com\/pt-pt\/product\/pontas-de-dispensacao-oval\/\"]}]},{\"@type\":\"ImageObject\",\"inLanguage\":\"pt-PT\",\"@id\":\"https:\/\/btektech.com\/pt-pt\/product\/pontas-de-dispensacao-oval\/#primaryimage\",\"url\":\"https:\/\/btektech.com\/wp-content\/uploads\/2025\/12\/5.jpg\",\"contentUrl\":\"https:\/\/btektech.com\/wp-content\/uploads\/2025\/12\/5.jpg\",\"width\":800,\"height\":800,\"caption\":\"Oval Dispensing Tips\"},{\"@type\":\"BreadcrumbList\",\"@id\":\"https:\/\/btektech.com\/pt-pt\/product\/pontas-de-dispensacao-oval\/#breadcrumb\",\"itemListElement\":[{\"@type\":\"ListItem\",\"position\":1,\"name\":\"Home\",\"item\":\"https:\/\/btektech.com\/pt-pt\/home-2\/\"},{\"@type\":\"ListItem\",\"position\":2,\"name\":\"\u00dcr\u00fcnler\",\"item\":\"https:\/\/btektech.com\/tr\/shop\/\"},{\"@type\":\"ListItem\",\"position\":3,\"name\":\"Dispensing Tips\",\"item\":\"https:\/\/btektech.com\/product-category\/dispensing-tips\/\"},{\"@type\":\"ListItem\",\"position\":4,\"name\":\"Pontas de Dispensa\u00e7\u00e3o Oval\"}]},{\"@type\":\"WebSite\",\"@id\":\"https:\/\/btektech.com\/#website\",\"url\":\"https:\/\/btektech.com\/\",\"name\":\"Btektech\",\"description\":\"\",\"publisher\":{\"@id\":\"https:\/\/btektech.com\/#organization\"},\"potentialAction\":[{\"@type\":\"SearchAction\",\"target\":{\"@type\":\"EntryPoint\",\"urlTemplate\":\"https:\/\/btektech.com\/?s={search_term_string}\"},\"query-input\":{\"@type\":\"PropertyValueSpecification\",\"valueRequired\":true,\"valueName\":\"search_term_string\"}}],\"inLanguage\":\"pt-PT\"},{\"@type\":\"Organization\",\"@id\":\"https:\/\/btektech.com\/#organization\",\"name\":\"Btektech\",\"url\":\"https:\/\/btektech.com\/\",\"logo\":{\"@type\":\"ImageObject\",\"inLanguage\":\"pt-PT\",\"@id\":\"https:\/\/btektech.com\/#\/schema\/logo\/image\/\",\"url\":\"https:\/\/btektech.com\/wp-content\/uploads\/2021\/08\/btektech-logo.png\",\"contentUrl\":\"https:\/\/btektech.com\/wp-content\/uploads\/2021\/08\/btektech-logo.png\",\"width\":250,\"height\":114,\"caption\":\"Btektech\"},\"image\":{\"@id\":\"https:\/\/btektech.com\/#\/schema\/logo\/image\/\"},\"sameAs\":[\"https:\/\/x.com\/Btektech1\",\"https:\/\/www.instagram.com\/btektech\/\",\"https:\/\/www.linkedin.com\/company\/suzhou-baotailong-electronic-materials-co-ltd\/\",\"https:\/\/www.pinterest.com\/btektech\/_saved\/\",\"https:\/\/www.youtube.com\/channel\/UCBiw4Bc4CmQDrdo-QqyVTqQ\"]}]}<\/script>\n<!-- \/ Yoast SEO plugin. -->","yoast_head_json":{"title":"Pontas de Dispensa\u00e7\u00e3o Oval - Btektech","description":"As Pontas de Dispensa\u00e7\u00e3o Oval aplicam fitas planas de l\u00edquidos espessos, tais como pasta, vedantes e bandas planas de resinas ep\u00f3xi.","robots":{"index":"index","follow":"follow","max-snippet":"max-snippet:-1","max-image-preview":"max-image-preview:large","max-video-preview":"max-video-preview:-1"},"canonical":"https:\/\/btektech.com\/pt-pt\/product\/pontas-de-dispensacao-oval\/","og_locale":"pt_PT","og_type":"article","og_title":"Pontas de Dispensa\u00e7\u00e3o Oval - Btektech","og_description":"As Pontas de Dispensa\u00e7\u00e3o Oval aplicam fitas planas de l\u00edquidos espessos, tais como pasta, vedantes e bandas planas de resinas ep\u00f3xi.","og_url":"https:\/\/btektech.com\/pt-pt\/product\/pontas-de-dispensacao-oval\/","og_site_name":"Btektech","article_modified_time":"2022-09-08T06:57:09+00:00","og_image":[{"width":1417,"height":1417,"url":"https:\/\/btektech.com\/wp-content\/uploads\/2021\/09\/15-Oval-1.jpg","type":"image\/jpeg"}],"twitter_card":"summary_large_image","twitter_site":"@Btektech1","twitter_misc":{"Tempo estimado de leitura":"1 minuto"},"schema":{"@context":"https:\/\/schema.org","@graph":[{"@type":["WebPage","ItemPage"],"@id":"https:\/\/btektech.com\/pt-pt\/product\/pontas-de-dispensacao-oval\/","url":"https:\/\/btektech.com\/pt-pt\/product\/pontas-de-dispensacao-oval\/","name":"Pontas de Dispensa\u00e7\u00e3o Oval - Btektech","isPartOf":{"@id":"https:\/\/btektech.com\/#website"},"primaryImageOfPage":{"@id":"https:\/\/btektech.com\/pt-pt\/product\/pontas-de-dispensacao-oval\/#primaryimage"},"image":{"@id":"https:\/\/btektech.com\/pt-pt\/product\/pontas-de-dispensacao-oval\/#primaryimage"},"thumbnailUrl":"https:\/\/btektech.com\/wp-content\/uploads\/2025\/12\/5.jpg","datePublished":"2022-04-26T16:49:05+00:00","dateModified":"2022-09-08T06:57:09+00:00","description":"As Pontas de Dispensa\u00e7\u00e3o Oval aplicam fitas planas de l\u00edquidos espessos, tais como pasta, vedantes e bandas planas de resinas ep\u00f3xi.","breadcrumb":{"@id":"https:\/\/btektech.com\/pt-pt\/product\/pontas-de-dispensacao-oval\/#breadcrumb"},"inLanguage":"pt-PT","potentialAction":[{"@type":"ReadAction","target":["https:\/\/btektech.com\/pt-pt\/product\/pontas-de-dispensacao-oval\/"]}]},{"@type":"ImageObject","inLanguage":"pt-PT","@id":"https:\/\/btektech.com\/pt-pt\/product\/pontas-de-dispensacao-oval\/#primaryimage","url":"https:\/\/btektech.com\/wp-content\/uploads\/2025\/12\/5.jpg","contentUrl":"https:\/\/btektech.com\/wp-content\/uploads\/2025\/12\/5.jpg","width":800,"height":800,"caption":"Oval Dispensing Tips"},{"@type":"BreadcrumbList","@id":"https:\/\/btektech.com\/pt-pt\/product\/pontas-de-dispensacao-oval\/#breadcrumb","itemListElement":[{"@type":"ListItem","position":1,"name":"Home","item":"https:\/\/btektech.com\/pt-pt\/home-2\/"},{"@type":"ListItem","position":2,"name":"\u00dcr\u00fcnler","item":"https:\/\/btektech.com\/tr\/shop\/"},{"@type":"ListItem","position":3,"name":"Dispensing Tips","item":"https:\/\/btektech.com\/product-category\/dispensing-tips\/"},{"@type":"ListItem","position":4,"name":"Pontas de Dispensa\u00e7\u00e3o Oval"}]},{"@type":"WebSite","@id":"https:\/\/btektech.com\/#website","url":"https:\/\/btektech.com\/","name":"Btektech","description":"","publisher":{"@id":"https:\/\/btektech.com\/#organization"},"potentialAction":[{"@type":"SearchAction","target":{"@type":"EntryPoint","urlTemplate":"https:\/\/btektech.com\/?s={search_term_string}"},"query-input":{"@type":"PropertyValueSpecification","valueRequired":true,"valueName":"search_term_string"}}],"inLanguage":"pt-PT"},{"@type":"Organization","@id":"https:\/\/btektech.com\/#organization","name":"Btektech","url":"https:\/\/btektech.com\/","logo":{"@type":"ImageObject","inLanguage":"pt-PT","@id":"https:\/\/btektech.com\/#\/schema\/logo\/image\/","url":"https:\/\/btektech.com\/wp-content\/uploads\/2021\/08\/btektech-logo.png","contentUrl":"https:\/\/btektech.com\/wp-content\/uploads\/2021\/08\/btektech-logo.png","width":250,"height":114,"caption":"Btektech"},"image":{"@id":"https:\/\/btektech.com\/#\/schema\/logo\/image\/"},"sameAs":["https:\/\/x.com\/Btektech1","https:\/\/www.instagram.com\/btektech\/","https:\/\/www.linkedin.com\/company\/suzhou-baotailong-electronic-materials-co-ltd\/","https:\/\/www.pinterest.com\/btektech\/_saved\/","https:\/\/www.youtube.com\/channel\/UCBiw4Bc4CmQDrdo-QqyVTqQ"]}]}},"_links":{"self":[{"href":"https:\/\/btektech.com\/pt-pt\/wp-json\/wp\/v2\/product\/5469","targetHints":{"allow":["GET"]}}],"collection":[{"href":"https:\/\/btektech.com\/pt-pt\/wp-json\/wp\/v2\/product"}],"about":[{"href":"https:\/\/btektech.com\/pt-pt\/wp-json\/wp\/v2\/types\/product"}],"replies":[{"embeddable":true,"href":"https:\/\/btektech.com\/pt-pt\/wp-json\/wp\/v2\/comments?post=5469"}],"version-history":[{"count":0,"href":"https:\/\/btektech.com\/pt-pt\/wp-json\/wp\/v2\/product\/5469\/revisions"}],"wp:featuredmedia":[{"embeddable":true,"href":"https:\/\/btektech.com\/pt-pt\/wp-json\/wp\/v2\/media\/21506"}],"wp:attachment":[{"href":"https:\/\/btektech.com\/pt-pt\/wp-json\/wp\/v2\/media?parent=5469"}],"wp:term":[{"taxonomy":"product_brand","embeddable":true,"href":"https:\/\/btektech.com\/pt-pt\/wp-json\/wp\/v2\/product_brand?post=5469"},{"taxonomy":"product_cat","embeddable":true,"href":"https:\/\/btektech.com\/pt-pt\/wp-json\/wp\/v2\/product_cat?post=5469"},{"taxonomy":"product_tag","embeddable":true,"href":"https:\/\/btektech.com\/pt-pt\/wp-json\/wp\/v2\/product_tag?post=5469"}],"curies":[{"name":"wp","href":"https:\/\/api.w.org\/{rel}","templated":true}]}}