{"id":5460,"date":"2021-09-09T03:10:00","date_gmt":"2022-04-26T16:46:58","guid":{"rendered":"https:\/\/btektech.com\/product\/pinca-de-mangueira-americana\/"},"modified":"2022-11-21T01:52:51","modified_gmt":"2022-11-21T01:52:51","slug":"abracadeira-americana","status":"publish","type":"product","link":"https:\/\/btektech.com\/pt-pt\/product\/abracadeira-americana\/","title":{"rendered":"Abra\u00e7adeira Americana"},"content":{"rendered":"<p>O aro da garganta americano \u00e9 amplamente usado. Al\u00e9m disso, devido \u00e0 forte flexibilidade do cinto de a\u00e7o da mangueira americana, pode ser eficazmente utilizado em objetos n\u00e3o circulares e objetos cil\u00edndricos quadrados, tais como tubos de escape de fumo e estruturas de a\u00e7o exterior, incompar\u00e1veis com outras pin\u00e7as de mangueira.<\/p>\n<div style=\"overflow: auto;\">\n<table style=\"text-align: center;\">\n<tbody>\n<tr>\n<th>Largura de banda(mm)<\/th>\n<th>Alcance(mm)<\/th>\n<th>Alcance(polegada)<\/th>\n<th>Espessura(mm)<\/th>\n<th>Quebrar o bin\u00e1rio(NM)<\/th>\n<\/tr>\n<tr>\n<td>8<\/td>\n<td>8-12<\/td>\n<td>3\/8-1\/2&#8243;<\/td>\n<td>0.6<\/td>\n<td>5Nm<\/td>\n<\/tr>\n<tr>\n<td>8<\/td>\n<td>10-16<\/td>\n<td>3\/8-0.629&#8243;<\/td>\n<td>0.6<\/td>\n<td>5Nm<\/td>\n<\/tr>\n<tr>\n<td>8<\/td>\n<td>13-19<\/td>\n<td>1\/2-3\/4&#8243;<\/td>\n<td>0.6<\/td>\n<td>5Nm<\/td>\n<\/tr>\n<tr>\n<td>8<\/td>\n<td>11-20<\/td>\n<td>0.44-0.78&#8243;<\/td>\n<td>0.6<\/td>\n<td>5Nm<\/td>\n<\/tr>\n<tr>\n<td>8<\/td>\n<td>14-27<\/td>\n<td>0.56-1.06&#8243;<\/td>\n<td>0.6<\/td>\n<td>5Nm<\/td>\n<\/tr>\n<tr>\n<td>12.7<\/td>\n<td>18-32<\/td>\n<td>0.69-1.25&#8243;<\/td>\n<td>0.6<\/td>\n<td>8Nm<\/td>\n<\/tr>\n<tr>\n<td>12.7<\/td>\n<td>21-38<\/td>\n<td>0.81-1.5&#8243;<\/td>\n<td>0.6<\/td>\n<td>8Nm<\/td>\n<\/tr>\n<tr>\n<td>12.7<\/td>\n<td>21-44<\/td>\n<td>0.81-1.75&#8243;<\/td>\n<td>0.6<\/td>\n<td>8Nm<\/td>\n<\/tr>\n<tr>\n<td>12.7<\/td>\n<td>27-51<\/td>\n<td>1.06-2.0&#8243;<\/td>\n<td>0.6<\/td>\n<td>8Nm<\/td>\n<\/tr>\n<tr>\n<td>12.7<\/td>\n<td>33-57<\/td>\n<td>1.31-2.25&#8243;<\/td>\n<td>0.6<\/td>\n<td>8Nm<\/td>\n<\/tr>\n<tr>\n<td>12.7<\/td>\n<td>40-64<\/td>\n<td>1.56-2.5&#8243;<\/td>\n<td>0.6<\/td>\n<td>8Nm<\/td>\n<\/tr>\n<tr>\n<td>12.7<\/td>\n<td>52-76<\/td>\n<td>2.06-3&#8243;<\/td>\n<td>0.6<\/td>\n<td>8Nm<\/td>\n<\/tr>\n<tr>\n<td>12.7<\/td>\n<td>59-83<\/td>\n<td>2.31-3.25&#8243;<\/td>\n<td>0.6<\/td>\n<td>8Nm<\/td>\n<\/tr>\n<tr>\n<td>12.7<\/td>\n<td>65-89<\/td>\n<td>2.56-3.5&#8243;<\/td>\n<td>0.6<\/td>\n<td>8Nm<\/td>\n<\/tr>\n<tr>\n<td>12.7<\/td>\n<td>70-95<\/td>\n<td>2.81-3.75&#8243;<\/td>\n<td>0.6<\/td>\n<td>8Nm<\/td>\n<\/tr>\n<tr>\n<td>12.7<\/td>\n<td>78-101<\/td>\n<td>3.06-4&#8243;<\/td>\n<td>0.6<\/td>\n<td>8Nm<\/td>\n<\/tr>\n<tr>\n<td>12.7<\/td>\n<td>90-114<\/td>\n<td>3.56-4.5&#8243;<\/td>\n<td>0.6<\/td>\n<td>8Nm<\/td>\n<\/tr>\n<tr>\n<td>12.7<\/td>\n<td>105-127<\/td>\n<td>4.06-5.5&#8243;<\/td>\n<td>0.6<\/td>\n<td>8Nm<\/td>\n<\/tr>\n<tr>\n<td>12.7<\/td>\n<td>117-140<\/td>\n<td>4.62-5.5&#8243;<\/td>\n<td>0.6<\/td>\n<td>8Nm<\/td>\n<\/tr>\n<tr>\n<td>12.7<\/td>\n<td>130-152<\/td>\n<td>5.12-6&#8243;<\/td>\n<td>0.6<\/td>\n<td>8Nm<\/td>\n<\/tr>\n<tr>\n<td>12.7<\/td>\n<td>141-165<\/td>\n<td>5.56-6.5&#8243;<\/td>\n<td>0.6<\/td>\n<td>8Nm<\/td>\n<\/tr>\n<tr>\n<td>12.7<\/td>\n<td>153-178<\/td>\n<td>6.18-7&#8243;<\/td>\n<td>0.6<\/td>\n<td>8Nm<\/td>\n<\/tr>\n<\/tbody>\n<\/table>\n<\/div>\n","protected":false},"excerpt":{"rendered":"<p>Banda perfurada, com bin\u00e1rio de instala\u00e7\u00e3o baixa e bin\u00e1rio de rutura elevada.<\/p>\n","protected":false},"featured_media":2151,"comment_status":"open","ping_status":"closed","template":"","meta":{"_acf_changed":false},"product_brand":[],"product_cat":[140],"product_tag":[],"class_list":{"0":"post-5460","1":"product","2":"type-product","3":"status-publish","4":"has-post-thumbnail","6":"product_cat-abracadeiras","8":"first","9":"instock","10":"shipping-taxable","11":"product-type-simple"},"acf":[],"yoast_head":"<!-- This site is optimized with the Yoast SEO plugin v26.0 - https:\/\/yoast.com\/wordpress\/plugins\/seo\/ -->\n<title>Abra\u00e7adeira Americana - Btektech<\/title>\n<meta name=\"description\" content=\"Abra\u00e7adeira Americana Banda perfurada, com bin\u00e1rio de instala\u00e7\u00e3o baixa e bin\u00e1rio de rutura elevada.\" \/>\n<meta name=\"robots\" content=\"index, follow, max-snippet:-1, max-image-preview:large, max-video-preview:-1\" \/>\n<link rel=\"canonical\" href=\"https:\/\/btektech.com\/pt-pt\/product\/abracadeira-americana\/\" \/>\n<meta property=\"og:locale\" content=\"pt_PT\" \/>\n<meta property=\"og:type\" content=\"article\" \/>\n<meta property=\"og:title\" content=\"Abra\u00e7adeira Americana - Btektech\" \/>\n<meta property=\"og:description\" content=\"Abra\u00e7adeira Americana Banda perfurada, com bin\u00e1rio de instala\u00e7\u00e3o baixa e bin\u00e1rio de rutura elevada.\" \/>\n<meta property=\"og:url\" content=\"https:\/\/btektech.com\/pt-pt\/product\/abracadeira-americana\/\" \/>\n<meta property=\"og:site_name\" content=\"Btektech\" \/>\n<meta property=\"article:modified_time\" content=\"2022-11-21T01:52:51+00:00\" \/>\n<meta property=\"og:image\" content=\"https:\/\/btektech.com\/wp-content\/uploads\/2021\/09\/US.jpg\" \/>\n\t<meta property=\"og:image:width\" content=\"788\" \/>\n\t<meta property=\"og:image:height\" content=\"788\" \/>\n\t<meta property=\"og:image:type\" content=\"image\/jpeg\" \/>\n<meta name=\"twitter:card\" content=\"summary_large_image\" \/>\n<meta name=\"twitter:site\" content=\"@Btektech1\" \/>\n<meta name=\"twitter:label1\" content=\"Tempo estimado de leitura\" \/>\n\t<meta name=\"twitter:data1\" content=\"1 minuto\" \/>\n<script type=\"application\/ld+json\" class=\"yoast-schema-graph\">{\"@context\":\"https:\/\/schema.org\",\"@graph\":[{\"@type\":[\"WebPage\",\"ItemPage\"],\"@id\":\"https:\/\/btektech.com\/pt-pt\/product\/abracadeira-americana\/\",\"url\":\"https:\/\/btektech.com\/pt-pt\/product\/abracadeira-americana\/\",\"name\":\"Abra\u00e7adeira Americana - Btektech\",\"isPartOf\":{\"@id\":\"https:\/\/btektech.com\/#website\"},\"primaryImageOfPage\":{\"@id\":\"https:\/\/btektech.com\/pt-pt\/product\/abracadeira-americana\/#primaryimage\"},\"image\":{\"@id\":\"https:\/\/btektech.com\/pt-pt\/product\/abracadeira-americana\/#primaryimage\"},\"thumbnailUrl\":\"https:\/\/btektech.com\/wp-content\/uploads\/2021\/09\/US.jpg\",\"datePublished\":\"2022-04-26T16:46:58+00:00\",\"dateModified\":\"2022-11-21T01:52:51+00:00\",\"description\":\"Abra\u00e7adeira Americana Banda perfurada, com bin\u00e1rio de instala\u00e7\u00e3o baixa e bin\u00e1rio de rutura elevada.\",\"breadcrumb\":{\"@id\":\"https:\/\/btektech.com\/pt-pt\/product\/abracadeira-americana\/#breadcrumb\"},\"inLanguage\":\"pt-PT\",\"potentialAction\":[{\"@type\":\"ReadAction\",\"target\":[\"https:\/\/btektech.com\/pt-pt\/product\/abracadeira-americana\/\"]}]},{\"@type\":\"ImageObject\",\"inLanguage\":\"pt-PT\",\"@id\":\"https:\/\/btektech.com\/pt-pt\/product\/abracadeira-americana\/#primaryimage\",\"url\":\"https:\/\/btektech.com\/wp-content\/uploads\/2021\/09\/US.jpg\",\"contentUrl\":\"https:\/\/btektech.com\/wp-content\/uploads\/2021\/09\/US.jpg\",\"width\":788,\"height\":788,\"caption\":\"Abra\u00e7adeira Americana\"},{\"@type\":\"BreadcrumbList\",\"@id\":\"https:\/\/btektech.com\/pt-pt\/product\/abracadeira-americana\/#breadcrumb\",\"itemListElement\":[{\"@type\":\"ListItem\",\"position\":1,\"name\":\"Home\",\"item\":\"https:\/\/btektech.com\/pt-pt\/home-2\/\"},{\"@type\":\"ListItem\",\"position\":2,\"name\":\"\u00dcr\u00fcnler\",\"item\":\"https:\/\/btektech.com\/tr\/shop\/\"},{\"@type\":\"ListItem\",\"position\":3,\"name\":\"Heavy-Duty &amp; Industrial Hose Clamps\",\"item\":\"https:\/\/btektech.com\/product-category\/heavy-duty-and-industrial-hose-clamps\/\"},{\"@type\":\"ListItem\",\"position\":4,\"name\":\"Abra\u00e7adeira Americana\"}]},{\"@type\":\"WebSite\",\"@id\":\"https:\/\/btektech.com\/#website\",\"url\":\"https:\/\/btektech.com\/\",\"name\":\"Btektech\",\"description\":\"\",\"publisher\":{\"@id\":\"https:\/\/btektech.com\/#organization\"},\"potentialAction\":[{\"@type\":\"SearchAction\",\"target\":{\"@type\":\"EntryPoint\",\"urlTemplate\":\"https:\/\/btektech.com\/?s={search_term_string}\"},\"query-input\":{\"@type\":\"PropertyValueSpecification\",\"valueRequired\":true,\"valueName\":\"search_term_string\"}}],\"inLanguage\":\"pt-PT\"},{\"@type\":\"Organization\",\"@id\":\"https:\/\/btektech.com\/#organization\",\"name\":\"Btektech\",\"url\":\"https:\/\/btektech.com\/\",\"logo\":{\"@type\":\"ImageObject\",\"inLanguage\":\"pt-PT\",\"@id\":\"https:\/\/btektech.com\/#\/schema\/logo\/image\/\",\"url\":\"https:\/\/btektech.com\/wp-content\/uploads\/2021\/08\/btektech-logo.png\",\"contentUrl\":\"https:\/\/btektech.com\/wp-content\/uploads\/2021\/08\/btektech-logo.png\",\"width\":250,\"height\":114,\"caption\":\"Btektech\"},\"image\":{\"@id\":\"https:\/\/btektech.com\/#\/schema\/logo\/image\/\"},\"sameAs\":[\"https:\/\/x.com\/Btektech1\",\"https:\/\/www.instagram.com\/btektech\/\",\"https:\/\/www.linkedin.com\/company\/suzhou-baotailong-electronic-materials-co-ltd\/\",\"https:\/\/www.pinterest.com\/btektech\/_saved\/\",\"https:\/\/www.youtube.com\/channel\/UCBiw4Bc4CmQDrdo-QqyVTqQ\"]}]}<\/script>\n<!-- \/ Yoast SEO plugin. -->","yoast_head_json":{"title":"Abra\u00e7adeira Americana - Btektech","description":"Abra\u00e7adeira Americana Banda perfurada, com bin\u00e1rio de instala\u00e7\u00e3o baixa e bin\u00e1rio de rutura elevada.","robots":{"index":"index","follow":"follow","max-snippet":"max-snippet:-1","max-image-preview":"max-image-preview:large","max-video-preview":"max-video-preview:-1"},"canonical":"https:\/\/btektech.com\/pt-pt\/product\/abracadeira-americana\/","og_locale":"pt_PT","og_type":"article","og_title":"Abra\u00e7adeira Americana - Btektech","og_description":"Abra\u00e7adeira Americana Banda perfurada, com bin\u00e1rio de instala\u00e7\u00e3o baixa e bin\u00e1rio de rutura elevada.","og_url":"https:\/\/btektech.com\/pt-pt\/product\/abracadeira-americana\/","og_site_name":"Btektech","article_modified_time":"2022-11-21T01:52:51+00:00","og_image":[{"width":788,"height":788,"url":"https:\/\/btektech.com\/wp-content\/uploads\/2021\/09\/US.jpg","type":"image\/jpeg"}],"twitter_card":"summary_large_image","twitter_site":"@Btektech1","twitter_misc":{"Tempo estimado de leitura":"1 minuto"},"schema":{"@context":"https:\/\/schema.org","@graph":[{"@type":["WebPage","ItemPage"],"@id":"https:\/\/btektech.com\/pt-pt\/product\/abracadeira-americana\/","url":"https:\/\/btektech.com\/pt-pt\/product\/abracadeira-americana\/","name":"Abra\u00e7adeira Americana - Btektech","isPartOf":{"@id":"https:\/\/btektech.com\/#website"},"primaryImageOfPage":{"@id":"https:\/\/btektech.com\/pt-pt\/product\/abracadeira-americana\/#primaryimage"},"image":{"@id":"https:\/\/btektech.com\/pt-pt\/product\/abracadeira-americana\/#primaryimage"},"thumbnailUrl":"https:\/\/btektech.com\/wp-content\/uploads\/2021\/09\/US.jpg","datePublished":"2022-04-26T16:46:58+00:00","dateModified":"2022-11-21T01:52:51+00:00","description":"Abra\u00e7adeira Americana Banda perfurada, com bin\u00e1rio de instala\u00e7\u00e3o baixa e bin\u00e1rio de rutura elevada.","breadcrumb":{"@id":"https:\/\/btektech.com\/pt-pt\/product\/abracadeira-americana\/#breadcrumb"},"inLanguage":"pt-PT","potentialAction":[{"@type":"ReadAction","target":["https:\/\/btektech.com\/pt-pt\/product\/abracadeira-americana\/"]}]},{"@type":"ImageObject","inLanguage":"pt-PT","@id":"https:\/\/btektech.com\/pt-pt\/product\/abracadeira-americana\/#primaryimage","url":"https:\/\/btektech.com\/wp-content\/uploads\/2021\/09\/US.jpg","contentUrl":"https:\/\/btektech.com\/wp-content\/uploads\/2021\/09\/US.jpg","width":788,"height":788,"caption":"Abra\u00e7adeira Americana"},{"@type":"BreadcrumbList","@id":"https:\/\/btektech.com\/pt-pt\/product\/abracadeira-americana\/#breadcrumb","itemListElement":[{"@type":"ListItem","position":1,"name":"Home","item":"https:\/\/btektech.com\/pt-pt\/home-2\/"},{"@type":"ListItem","position":2,"name":"\u00dcr\u00fcnler","item":"https:\/\/btektech.com\/tr\/shop\/"},{"@type":"ListItem","position":3,"name":"Heavy-Duty &amp; Industrial Hose Clamps","item":"https:\/\/btektech.com\/product-category\/heavy-duty-and-industrial-hose-clamps\/"},{"@type":"ListItem","position":4,"name":"Abra\u00e7adeira Americana"}]},{"@type":"WebSite","@id":"https:\/\/btektech.com\/#website","url":"https:\/\/btektech.com\/","name":"Btektech","description":"","publisher":{"@id":"https:\/\/btektech.com\/#organization"},"potentialAction":[{"@type":"SearchAction","target":{"@type":"EntryPoint","urlTemplate":"https:\/\/btektech.com\/?s={search_term_string}"},"query-input":{"@type":"PropertyValueSpecification","valueRequired":true,"valueName":"search_term_string"}}],"inLanguage":"pt-PT"},{"@type":"Organization","@id":"https:\/\/btektech.com\/#organization","name":"Btektech","url":"https:\/\/btektech.com\/","logo":{"@type":"ImageObject","inLanguage":"pt-PT","@id":"https:\/\/btektech.com\/#\/schema\/logo\/image\/","url":"https:\/\/btektech.com\/wp-content\/uploads\/2021\/08\/btektech-logo.png","contentUrl":"https:\/\/btektech.com\/wp-content\/uploads\/2021\/08\/btektech-logo.png","width":250,"height":114,"caption":"Btektech"},"image":{"@id":"https:\/\/btektech.com\/#\/schema\/logo\/image\/"},"sameAs":["https:\/\/x.com\/Btektech1","https:\/\/www.instagram.com\/btektech\/","https:\/\/www.linkedin.com\/company\/suzhou-baotailong-electronic-materials-co-ltd\/","https:\/\/www.pinterest.com\/btektech\/_saved\/","https:\/\/www.youtube.com\/channel\/UCBiw4Bc4CmQDrdo-QqyVTqQ"]}]}},"_links":{"self":[{"href":"https:\/\/btektech.com\/pt-pt\/wp-json\/wp\/v2\/product\/5460","targetHints":{"allow":["GET"]}}],"collection":[{"href":"https:\/\/btektech.com\/pt-pt\/wp-json\/wp\/v2\/product"}],"about":[{"href":"https:\/\/btektech.com\/pt-pt\/wp-json\/wp\/v2\/types\/product"}],"replies":[{"embeddable":true,"href":"https:\/\/btektech.com\/pt-pt\/wp-json\/wp\/v2\/comments?post=5460"}],"version-history":[{"count":0,"href":"https:\/\/btektech.com\/pt-pt\/wp-json\/wp\/v2\/product\/5460\/revisions"}],"wp:featuredmedia":[{"embeddable":true,"href":"https:\/\/btektech.com\/pt-pt\/wp-json\/wp\/v2\/media\/2151"}],"wp:attachment":[{"href":"https:\/\/btektech.com\/pt-pt\/wp-json\/wp\/v2\/media?parent=5460"}],"wp:term":[{"taxonomy":"product_brand","embeddable":true,"href":"https:\/\/btektech.com\/pt-pt\/wp-json\/wp\/v2\/product_brand?post=5460"},{"taxonomy":"product_cat","embeddable":true,"href":"https:\/\/btektech.com\/pt-pt\/wp-json\/wp\/v2\/product_cat?post=5460"},{"taxonomy":"product_tag","embeddable":true,"href":"https:\/\/btektech.com\/pt-pt\/wp-json\/wp\/v2\/product_tag?post=5460"}],"curies":[{"name":"wp","href":"https:\/\/api.w.org\/{rel}","templated":true}]}}