{"id":5459,"date":"2021-09-24T07:50:06","date_gmt":"2022-04-26T16:46:57","guid":{"rendered":"https:\/\/btektech.com\/product\/agulha-fora-da-valvula-de-distribuicao\/"},"modified":"2022-09-19T05:33:45","modified_gmt":"2022-09-19T05:33:45","slug":"valvula-dispensadora-de-agulha","status":"publish","type":"product","link":"https:\/\/btektech.com\/pt-pt\/product\/valvula-dispensadora-de-agulha\/","title":{"rendered":"V\u00e1lvula Dispensadora de Agulha"},"content":{"rendered":"<p>A liga de alum\u00ednio anodizada como o material principal, forte resist\u00eancia \u00e0 corros\u00e3o. Pode ligar todo o tipo de agulhas.<\/p>\n<div style=\"overflow-x: auto;\">\n<table style=\"text-align:center;\">\n<tbody>\n<tr>\n<th>Parte N\u00ba<\/th>\n<th>YK-11<\/th>\n<th>MY-S10<\/th>\n<th>JF004<\/th>\n<th>HMJQ-19<\/th>\n<th>YK-58<\/th>\n<\/tr>\n<tr>\n<td>Estrutura<\/td>\n<td>Agulha fora<\/td>\n<td>Agulha fora<\/td>\n<td>Tipo de dedal m\u00f3vel m\u00faltiplo \/ 1000 minutos de afina\u00e7\u00e3o<\/td>\n<td>Tipo de dedal m\u00f3vel m\u00faltiplo<\/td>\n<td>Tipo de dedal m\u00f3vel m\u00faltiplo<\/td>\n<\/tr>\n<tr>\n<td>Press\u00e3o<\/td>\n<td>4-7KGF\/cm<\/td>\n<td>0.1-7KGF\/cm<\/td>\n<td>4-7KGF\/CM<\/td>\n<td>4-7KGF\/CM<\/td>\n<td>4-7KGF\/CM<\/td>\n<\/tr>\n<tr>\n<td>Quantidade m\u00ednima<\/td>\n<td>0,1ml<\/td>\n<td>0.05ml<\/td>\n<td>0.001ml<\/td>\n<td>0.001ml<\/td>\n<td>0.001ml<\/td>\n<\/tr>\n<tr>\n<td>Viscosidade<\/td>\n<td>1-1000000CPS<\/td>\n<td>1-1000000CPS<\/td>\n<td>1-1000000CPS<\/td>\n<td>1-1000000CPS<\/td>\n<td>1-1000000CPS<\/td>\n<\/tr>\n<tr>\n<td>Tamanho da sa\u00edda de entrada<\/td>\n<td>8*6mm<\/td>\n<td>8*6mm<\/td>\n<td>1\/8&#8243;TNP(F)<\/td>\n<td>1\/8&#8243; NPT(F)<\/td>\n<td>1\/8&#8243; NPT(F)<\/td>\n<\/tr>\n<tr>\n<td>M\u00e9todo de Controlo<\/td>\n<td><\/td>\n<td>Controlo manual<\/td>\n<td>&lt;600\/MIN<\/td>\n<td>&lt;600\/MIN<\/td>\n<td>&lt;600\/MIN<\/td>\n<\/tr>\n<tr>\n<td>Peso<\/td>\n<td>150g<\/td>\n<td>130g<\/td>\n<td>190g<\/td>\n<td>158g<\/td>\n<td><\/td>\n<\/tr>\n<tr>\n<td>Di\u00e2metro exterior<\/td>\n<td>\u00a220mm<\/td>\n<td>\u00a219mm<\/td>\n<td>(D)21*(H)130(MM) QUADRADO<\/td>\n<td>Pe\u00e7a \u226419* parte do cilindro \u226424 *(H)165mm redondo<\/td>\n<td>Parte 19* parte do cilindro \u226424 *(H)165mm redondo<\/td>\n<\/tr>\n<tr>\n<td>Dimens\u00f5es<\/td>\n<td>180mm<\/td>\n<td>150mm<\/td>\n<td>\/<\/td>\n<td>\/<\/td>\n<td>\/<\/td>\n<\/tr>\n<tr>\n<td>Di\u00e2metro Interno<\/td>\n<td>3mm<\/td>\n<td>1,5mm<\/td>\n<td>\/<\/td>\n<td>\/<\/td>\n<td>\/<\/td>\n<\/tr>\n<tr>\n<td>Material Principal<\/td>\n<td>Liga de alum\u00ednio (anodizada), POM e a\u00e7o inoxid\u00e1vel.<\/td>\n<td>\u00c2nodo de alum\u00ednio e a\u00e7o inoxid\u00e1vel<\/td>\n<td>A\u00e7o inoxid\u00e1vel SUS304<\/td>\n<td>Liga de alum\u00ednio (anodizada)<\/td>\n<td>Liga de alum\u00ednio (anodizada)<\/td>\n<\/tr>\n<\/tbody>\n<\/table>\n<\/div>\n","protected":false},"excerpt":{"rendered":"<p>O modo stop-off \u00e9 o bloqueio do dedal, que pode parar de cuspir instantaneamente.<\/p>\n","protected":false},"featured_media":2536,"comment_status":"open","ping_status":"closed","template":"","meta":{"_acf_changed":false},"product_brand":[],"product_cat":[267,137],"product_tag":[],"class_list":{"0":"post-5459","1":"product","2":"type-product","3":"status-publish","4":"has-post-thumbnail","6":"product_cat-uncategorized-pt-pt","7":"product_cat-valvulas-dispensadoras","9":"first","10":"instock","11":"shipping-taxable","12":"product-type-simple"},"acf":[],"yoast_head":"<!-- This site is optimized with the Yoast SEO plugin v26.0 - https:\/\/yoast.com\/wordpress\/plugins\/seo\/ -->\n<title>V\u00e1lvula Dispensadora de Agulha - Btektech<\/title>\n<meta name=\"description\" content=\"A liga de alum\u00ednio anodizada como o material principal, forte resist\u00eancia \u00e0 corros\u00e3o. Pode ligar todo o tipo de agulhas.\" \/>\n<meta name=\"robots\" content=\"index, follow, max-snippet:-1, max-image-preview:large, max-video-preview:-1\" \/>\n<link rel=\"canonical\" href=\"https:\/\/btektech.com\/pt-pt\/product\/valvula-dispensadora-de-agulha\/\" \/>\n<meta property=\"og:locale\" content=\"pt_PT\" \/>\n<meta property=\"og:type\" content=\"article\" \/>\n<meta property=\"og:title\" content=\"V\u00e1lvula Dispensadora de Agulha - Btektech\" \/>\n<meta property=\"og:description\" content=\"A liga de alum\u00ednio anodizada como o material principal, forte resist\u00eancia \u00e0 corros\u00e3o. Pode ligar todo o tipo de agulhas.\" \/>\n<meta property=\"og:url\" content=\"https:\/\/btektech.com\/pt-pt\/product\/valvula-dispensadora-de-agulha\/\" \/>\n<meta property=\"og:site_name\" content=\"Btektech\" \/>\n<meta property=\"article:modified_time\" content=\"2022-09-19T05:33:45+00:00\" \/>\n<meta property=\"og:image\" content=\"https:\/\/btektech.com\/wp-content\/uploads\/2021\/09\/7-1.jpg\" \/>\n\t<meta property=\"og:image:width\" content=\"800\" \/>\n\t<meta property=\"og:image:height\" content=\"800\" \/>\n\t<meta property=\"og:image:type\" content=\"image\/jpeg\" \/>\n<meta name=\"twitter:card\" content=\"summary_large_image\" \/>\n<meta name=\"twitter:site\" content=\"@Btektech1\" \/>\n<meta name=\"twitter:label1\" content=\"Tempo estimado de leitura\" \/>\n\t<meta name=\"twitter:data1\" content=\"1 minuto\" \/>\n<script type=\"application\/ld+json\" class=\"yoast-schema-graph\">{\"@context\":\"https:\/\/schema.org\",\"@graph\":[{\"@type\":[\"WebPage\",\"ItemPage\"],\"@id\":\"https:\/\/btektech.com\/pt-pt\/product\/valvula-dispensadora-de-agulha\/\",\"url\":\"https:\/\/btektech.com\/pt-pt\/product\/valvula-dispensadora-de-agulha\/\",\"name\":\"V\u00e1lvula Dispensadora de Agulha - Btektech\",\"isPartOf\":{\"@id\":\"https:\/\/btektech.com\/#website\"},\"primaryImageOfPage\":{\"@id\":\"https:\/\/btektech.com\/pt-pt\/product\/valvula-dispensadora-de-agulha\/#primaryimage\"},\"image\":{\"@id\":\"https:\/\/btektech.com\/pt-pt\/product\/valvula-dispensadora-de-agulha\/#primaryimage\"},\"thumbnailUrl\":\"https:\/\/btektech.com\/wp-content\/uploads\/2021\/09\/7-1.jpg\",\"datePublished\":\"2022-04-26T16:46:57+00:00\",\"dateModified\":\"2022-09-19T05:33:45+00:00\",\"description\":\"A liga de alum\u00ednio anodizada como o material principal, forte resist\u00eancia \u00e0 corros\u00e3o. Pode ligar todo o tipo de agulhas.\",\"breadcrumb\":{\"@id\":\"https:\/\/btektech.com\/pt-pt\/product\/valvula-dispensadora-de-agulha\/#breadcrumb\"},\"inLanguage\":\"pt-PT\",\"potentialAction\":[{\"@type\":\"ReadAction\",\"target\":[\"https:\/\/btektech.com\/pt-pt\/product\/valvula-dispensadora-de-agulha\/\"]}]},{\"@type\":\"ImageObject\",\"inLanguage\":\"pt-PT\",\"@id\":\"https:\/\/btektech.com\/pt-pt\/product\/valvula-dispensadora-de-agulha\/#primaryimage\",\"url\":\"https:\/\/btektech.com\/wp-content\/uploads\/2021\/09\/7-1.jpg\",\"contentUrl\":\"https:\/\/btektech.com\/wp-content\/uploads\/2021\/09\/7-1.jpg\",\"width\":800,\"height\":800,\"caption\":\"V\u00e1lvula Dispensadora de Agulha\"},{\"@type\":\"BreadcrumbList\",\"@id\":\"https:\/\/btektech.com\/pt-pt\/product\/valvula-dispensadora-de-agulha\/#breadcrumb\",\"itemListElement\":[{\"@type\":\"ListItem\",\"position\":1,\"name\":\"Home\",\"item\":\"https:\/\/btektech.com\/pt-pt\/home-2\/\"},{\"@type\":\"ListItem\",\"position\":2,\"name\":\"\u00dcr\u00fcnler\",\"item\":\"https:\/\/btektech.com\/tr\/shop\/\"},{\"@type\":\"ListItem\",\"position\":3,\"name\":\"Dispensing Valves\",\"item\":\"https:\/\/btektech.com\/product-category\/dispensing-valves\/\"},{\"@type\":\"ListItem\",\"position\":4,\"name\":\"V\u00e1lvula Dispensadora de Agulha\"}]},{\"@type\":\"WebSite\",\"@id\":\"https:\/\/btektech.com\/#website\",\"url\":\"https:\/\/btektech.com\/\",\"name\":\"Btektech\",\"description\":\"\",\"publisher\":{\"@id\":\"https:\/\/btektech.com\/#organization\"},\"potentialAction\":[{\"@type\":\"SearchAction\",\"target\":{\"@type\":\"EntryPoint\",\"urlTemplate\":\"https:\/\/btektech.com\/?s={search_term_string}\"},\"query-input\":{\"@type\":\"PropertyValueSpecification\",\"valueRequired\":true,\"valueName\":\"search_term_string\"}}],\"inLanguage\":\"pt-PT\"},{\"@type\":\"Organization\",\"@id\":\"https:\/\/btektech.com\/#organization\",\"name\":\"Btektech\",\"url\":\"https:\/\/btektech.com\/\",\"logo\":{\"@type\":\"ImageObject\",\"inLanguage\":\"pt-PT\",\"@id\":\"https:\/\/btektech.com\/#\/schema\/logo\/image\/\",\"url\":\"https:\/\/btektech.com\/wp-content\/uploads\/2021\/08\/btektech-logo.png\",\"contentUrl\":\"https:\/\/btektech.com\/wp-content\/uploads\/2021\/08\/btektech-logo.png\",\"width\":250,\"height\":114,\"caption\":\"Btektech\"},\"image\":{\"@id\":\"https:\/\/btektech.com\/#\/schema\/logo\/image\/\"},\"sameAs\":[\"https:\/\/x.com\/Btektech1\",\"https:\/\/www.instagram.com\/btektech\/\",\"https:\/\/www.linkedin.com\/company\/suzhou-baotailong-electronic-materials-co-ltd\/\",\"https:\/\/www.pinterest.com\/btektech\/_saved\/\",\"https:\/\/www.youtube.com\/channel\/UCBiw4Bc4CmQDrdo-QqyVTqQ\"]}]}<\/script>\n<!-- \/ Yoast SEO plugin. -->","yoast_head_json":{"title":"V\u00e1lvula Dispensadora de Agulha - Btektech","description":"A liga de alum\u00ednio anodizada como o material principal, forte resist\u00eancia \u00e0 corros\u00e3o. Pode ligar todo o tipo de agulhas.","robots":{"index":"index","follow":"follow","max-snippet":"max-snippet:-1","max-image-preview":"max-image-preview:large","max-video-preview":"max-video-preview:-1"},"canonical":"https:\/\/btektech.com\/pt-pt\/product\/valvula-dispensadora-de-agulha\/","og_locale":"pt_PT","og_type":"article","og_title":"V\u00e1lvula Dispensadora de Agulha - Btektech","og_description":"A liga de alum\u00ednio anodizada como o material principal, forte resist\u00eancia \u00e0 corros\u00e3o. Pode ligar todo o tipo de agulhas.","og_url":"https:\/\/btektech.com\/pt-pt\/product\/valvula-dispensadora-de-agulha\/","og_site_name":"Btektech","article_modified_time":"2022-09-19T05:33:45+00:00","og_image":[{"width":800,"height":800,"url":"https:\/\/btektech.com\/wp-content\/uploads\/2021\/09\/7-1.jpg","type":"image\/jpeg"}],"twitter_card":"summary_large_image","twitter_site":"@Btektech1","twitter_misc":{"Tempo estimado de leitura":"1 minuto"},"schema":{"@context":"https:\/\/schema.org","@graph":[{"@type":["WebPage","ItemPage"],"@id":"https:\/\/btektech.com\/pt-pt\/product\/valvula-dispensadora-de-agulha\/","url":"https:\/\/btektech.com\/pt-pt\/product\/valvula-dispensadora-de-agulha\/","name":"V\u00e1lvula Dispensadora de Agulha - Btektech","isPartOf":{"@id":"https:\/\/btektech.com\/#website"},"primaryImageOfPage":{"@id":"https:\/\/btektech.com\/pt-pt\/product\/valvula-dispensadora-de-agulha\/#primaryimage"},"image":{"@id":"https:\/\/btektech.com\/pt-pt\/product\/valvula-dispensadora-de-agulha\/#primaryimage"},"thumbnailUrl":"https:\/\/btektech.com\/wp-content\/uploads\/2021\/09\/7-1.jpg","datePublished":"2022-04-26T16:46:57+00:00","dateModified":"2022-09-19T05:33:45+00:00","description":"A liga de alum\u00ednio anodizada como o material principal, forte resist\u00eancia \u00e0 corros\u00e3o. Pode ligar todo o tipo de agulhas.","breadcrumb":{"@id":"https:\/\/btektech.com\/pt-pt\/product\/valvula-dispensadora-de-agulha\/#breadcrumb"},"inLanguage":"pt-PT","potentialAction":[{"@type":"ReadAction","target":["https:\/\/btektech.com\/pt-pt\/product\/valvula-dispensadora-de-agulha\/"]}]},{"@type":"ImageObject","inLanguage":"pt-PT","@id":"https:\/\/btektech.com\/pt-pt\/product\/valvula-dispensadora-de-agulha\/#primaryimage","url":"https:\/\/btektech.com\/wp-content\/uploads\/2021\/09\/7-1.jpg","contentUrl":"https:\/\/btektech.com\/wp-content\/uploads\/2021\/09\/7-1.jpg","width":800,"height":800,"caption":"V\u00e1lvula Dispensadora de Agulha"},{"@type":"BreadcrumbList","@id":"https:\/\/btektech.com\/pt-pt\/product\/valvula-dispensadora-de-agulha\/#breadcrumb","itemListElement":[{"@type":"ListItem","position":1,"name":"Home","item":"https:\/\/btektech.com\/pt-pt\/home-2\/"},{"@type":"ListItem","position":2,"name":"\u00dcr\u00fcnler","item":"https:\/\/btektech.com\/tr\/shop\/"},{"@type":"ListItem","position":3,"name":"Dispensing Valves","item":"https:\/\/btektech.com\/product-category\/dispensing-valves\/"},{"@type":"ListItem","position":4,"name":"V\u00e1lvula Dispensadora de Agulha"}]},{"@type":"WebSite","@id":"https:\/\/btektech.com\/#website","url":"https:\/\/btektech.com\/","name":"Btektech","description":"","publisher":{"@id":"https:\/\/btektech.com\/#organization"},"potentialAction":[{"@type":"SearchAction","target":{"@type":"EntryPoint","urlTemplate":"https:\/\/btektech.com\/?s={search_term_string}"},"query-input":{"@type":"PropertyValueSpecification","valueRequired":true,"valueName":"search_term_string"}}],"inLanguage":"pt-PT"},{"@type":"Organization","@id":"https:\/\/btektech.com\/#organization","name":"Btektech","url":"https:\/\/btektech.com\/","logo":{"@type":"ImageObject","inLanguage":"pt-PT","@id":"https:\/\/btektech.com\/#\/schema\/logo\/image\/","url":"https:\/\/btektech.com\/wp-content\/uploads\/2021\/08\/btektech-logo.png","contentUrl":"https:\/\/btektech.com\/wp-content\/uploads\/2021\/08\/btektech-logo.png","width":250,"height":114,"caption":"Btektech"},"image":{"@id":"https:\/\/btektech.com\/#\/schema\/logo\/image\/"},"sameAs":["https:\/\/x.com\/Btektech1","https:\/\/www.instagram.com\/btektech\/","https:\/\/www.linkedin.com\/company\/suzhou-baotailong-electronic-materials-co-ltd\/","https:\/\/www.pinterest.com\/btektech\/_saved\/","https:\/\/www.youtube.com\/channel\/UCBiw4Bc4CmQDrdo-QqyVTqQ"]}]}},"_links":{"self":[{"href":"https:\/\/btektech.com\/pt-pt\/wp-json\/wp\/v2\/product\/5459","targetHints":{"allow":["GET"]}}],"collection":[{"href":"https:\/\/btektech.com\/pt-pt\/wp-json\/wp\/v2\/product"}],"about":[{"href":"https:\/\/btektech.com\/pt-pt\/wp-json\/wp\/v2\/types\/product"}],"replies":[{"embeddable":true,"href":"https:\/\/btektech.com\/pt-pt\/wp-json\/wp\/v2\/comments?post=5459"}],"version-history":[{"count":0,"href":"https:\/\/btektech.com\/pt-pt\/wp-json\/wp\/v2\/product\/5459\/revisions"}],"wp:featuredmedia":[{"embeddable":true,"href":"https:\/\/btektech.com\/pt-pt\/wp-json\/wp\/v2\/media\/2536"}],"wp:attachment":[{"href":"https:\/\/btektech.com\/pt-pt\/wp-json\/wp\/v2\/media?parent=5459"}],"wp:term":[{"taxonomy":"product_brand","embeddable":true,"href":"https:\/\/btektech.com\/pt-pt\/wp-json\/wp\/v2\/product_brand?post=5459"},{"taxonomy":"product_cat","embeddable":true,"href":"https:\/\/btektech.com\/pt-pt\/wp-json\/wp\/v2\/product_cat?post=5459"},{"taxonomy":"product_tag","embeddable":true,"href":"https:\/\/btektech.com\/pt-pt\/wp-json\/wp\/v2\/product_tag?post=5459"}],"curies":[{"name":"wp","href":"https:\/\/api.w.org\/{rel}","templated":true}]}}