{"id":5457,"date":"2021-09-09T10:18:53","date_gmt":"2022-04-26T16:46:56","guid":{"rendered":"https:\/\/btektech.com\/product\/cartucho-de-seringa-padrao\/"},"modified":"2022-09-13T05:56:38","modified_gmt":"2022-09-13T05:56:38","slug":"seringa-manual-luer-lock","status":"publish","type":"product","link":"https:\/\/btektech.com\/pt-pt\/product\/seringa-manual-luer-lock\/","title":{"rendered":"Seringa Manual Luer Lock"},"content":{"rendered":"<p style=\"font-weight:600;font-size:30px;\"> Seringa Manual Luer Lock:<\/p>\n<p><span class=\"src\" data-group=\"0-0\">O barril de seringa \u00e9 moldado a partir de polipropileno, e a haste manual \u00e9 adequada para a maioria dos fluidos de distribui\u00e7\u00e3o.  <\/span><span class=\"src\" data-group=\"0-1\">O estilo padr\u00e3o da seringa \u00e9 um cadeado Luer. Os estilos de deslize luer e taper tamb\u00e9m est\u00e3o dispon\u00edveis.<\/span><\/p>\n<div style=\"overflow: auto;\">\n<table style=\"text-align: center;\">\n<tbody>\n<tr>\n<th >Cor(CC)<\/th>\n<th >Capacidade<\/th>\n<th>Estilo de cabe\u00e7a<\/th>\n<th>ID(mm)<\/th>\n<th>OD(mm)<\/th>\n<th>Comprimento(mm)<\/th>\n<\/tr>\n<tr>\n<td>Claro<\/td>\n<td >1<\/td>\n<td>Luer\/ Non Luer<\/td>\n<td>4.7<\/td>\n<td>6.4<\/td>\n<td>97.5<\/td>\n<\/tr>\n<tr>\n<td>Claro<\/td>\n<td >3<\/td>\n<td>Luer\/ Non Luer<\/td>\n<td>9<\/td>\n<td>10.4<\/td>\n<td>86<\/td>\n<\/tr>\n<tr>\n<td>Claro<\/td>\n<td >5<\/td>\n<td>Luer\/ Non Luer<\/td>\n<td>12.5<\/td>\n<td>13.6<\/td>\n<td>83.6<\/td>\n<\/tr>\n<tr>\n<td>Claro<\/td>\n<td >10<\/td>\n<td>Luer\/ Non Luer<\/td>\n<td>15<\/td>\n<td>16.5<\/td>\n<td>84.9<\/td>\n<\/tr>\n<tr>\n<td>Claro<\/td>\n<td >20<\/td>\n<td>Luer\/ Non Luer<\/td>\n<td>19.2<\/td>\n<td>20.9<\/td>\n<td>122.1<\/td>\n<\/tr>\n<tr>\n<td>Claro<\/td>\n<td >30<\/td>\n<td>Luer\/ Non Luer<\/td>\n<td>22.6<\/td>\n<td>23.7<\/td>\n<td>136.2<\/td>\n<\/tr>\n<tr>\n<td>Claro<\/td>\n<td >50<\/td>\n<td>Luer\/ Non Luer<\/td>\n<td>29.25<\/td>\n<td>31.3<\/td>\n<td>145<\/td>\n<\/tr>\n<tr>\n<td>Claro<\/td>\n<td >100<\/td>\n<td>Luer\/ Non Luer<\/td>\n<td>32.1<\/td>\n<td>35.3<\/td>\n<td>189<\/td>\n<\/tr>\n<tr>\n<td>Claro<\/td>\n<td >150<\/td>\n<td>Luer\/ Non Luer<\/td>\n<td>40.2<\/td>\n<td>42.7<\/td>\n<td>209<\/td>\n<\/tr>\n<tr>\n<td>Claro<\/td>\n<td >200<\/td>\n<td>Luer\/ Non Luer<\/td>\n<td>44<\/td>\n<td>47<\/td>\n<td>215<\/td>\n<\/tr>\n<tr>\n<td>Claro<\/td>\n<td >250<\/td>\n<td>N\u00e3o Luer<\/td>\n<td>45<\/td>\n<td>48<\/td>\n<td>246<\/td>\n<\/tr>\n<tr>\n<td>Claro<\/td>\n<td >300<\/td>\n<td>N\u00e3o Luer<\/td>\n<td>51<\/td>\n<td>56<\/td>\n<td>220<\/td>\n<\/tr>\n<tr>\n<td>Claro<\/td>\n<td >500<\/td>\n<td>N\u00e3o Luer<\/td>\n<td>60<\/td>\n<td>63<\/td>\n<td>265<\/td>\n<\/tr>\n<\/tbody>\n<\/table>\n<\/div>\n","protected":false},"excerpt":{"rendered":"<p>Os Seringa Manual Luer Lock fornecem solu\u00e7\u00f5es de distribui\u00e7\u00e3o simples e r\u00e1pidas sem necessidade de ar comprimido.<\/p>\n","protected":false},"featured_media":2184,"comment_status":"open","ping_status":"closed","template":"","meta":{"_acf_changed":false},"product_brand":[],"product_cat":[150],"product_tag":[],"class_list":{"0":"post-5457","1":"product","2":"type-product","3":"status-publish","4":"has-post-thumbnail","6":"product_cat-barrils-de-seringa","8":"first","9":"instock","10":"shipping-taxable","11":"product-type-simple"},"acf":[],"yoast_head":"<!-- This site is optimized with the Yoast SEO plugin v26.0 - https:\/\/yoast.com\/wordpress\/plugins\/seo\/ -->\n<title>Seringa Manual Luer Lock - Btektech<\/title>\n<meta name=\"description\" content=\"Os Seringa Manual Luer Lock fornecem solu\u00e7\u00f5es de distribui\u00e7\u00e3o simples e r\u00e1pidas sem necessidade de ar comprimido.\" \/>\n<meta name=\"robots\" content=\"index, follow, max-snippet:-1, max-image-preview:large, max-video-preview:-1\" \/>\n<link rel=\"canonical\" href=\"https:\/\/btektech.com\/pt-pt\/product\/seringa-manual-luer-lock\/\" \/>\n<meta property=\"og:locale\" content=\"pt_PT\" \/>\n<meta property=\"og:type\" content=\"article\" \/>\n<meta property=\"og:title\" content=\"Seringa Manual Luer Lock - Btektech\" \/>\n<meta property=\"og:description\" content=\"Os Seringa Manual Luer Lock fornecem solu\u00e7\u00f5es de distribui\u00e7\u00e3o simples e r\u00e1pidas sem necessidade de ar comprimido.\" \/>\n<meta property=\"og:url\" content=\"https:\/\/btektech.com\/pt-pt\/product\/seringa-manual-luer-lock\/\" \/>\n<meta property=\"og:site_name\" content=\"Btektech\" \/>\n<meta property=\"article:modified_time\" content=\"2022-09-13T05:56:38+00:00\" \/>\n<meta property=\"og:image\" content=\"https:\/\/btektech.com\/wp-content\/uploads\/2021\/09\/Screenshot-2021-09-09-180018.jpg\" \/>\n\t<meta property=\"og:image:width\" content=\"538\" \/>\n\t<meta property=\"og:image:height\" content=\"538\" \/>\n\t<meta property=\"og:image:type\" content=\"image\/jpeg\" \/>\n<meta name=\"twitter:card\" content=\"summary_large_image\" \/>\n<meta name=\"twitter:site\" content=\"@Btektech1\" \/>\n<meta name=\"twitter:label1\" content=\"Tempo estimado de leitura\" \/>\n\t<meta name=\"twitter:data1\" content=\"1 minuto\" \/>\n<script type=\"application\/ld+json\" class=\"yoast-schema-graph\">{\"@context\":\"https:\/\/schema.org\",\"@graph\":[{\"@type\":[\"WebPage\",\"ItemPage\"],\"@id\":\"https:\/\/btektech.com\/pt-pt\/product\/seringa-manual-luer-lock\/\",\"url\":\"https:\/\/btektech.com\/pt-pt\/product\/seringa-manual-luer-lock\/\",\"name\":\"Seringa Manual Luer Lock - Btektech\",\"isPartOf\":{\"@id\":\"https:\/\/btektech.com\/#website\"},\"primaryImageOfPage\":{\"@id\":\"https:\/\/btektech.com\/pt-pt\/product\/seringa-manual-luer-lock\/#primaryimage\"},\"image\":{\"@id\":\"https:\/\/btektech.com\/pt-pt\/product\/seringa-manual-luer-lock\/#primaryimage\"},\"thumbnailUrl\":\"https:\/\/btektech.com\/wp-content\/uploads\/2021\/09\/Screenshot-2021-09-09-180018.jpg\",\"datePublished\":\"2022-04-26T16:46:56+00:00\",\"dateModified\":\"2022-09-13T05:56:38+00:00\",\"description\":\"Os Seringa Manual Luer Lock fornecem solu\u00e7\u00f5es de distribui\u00e7\u00e3o simples e r\u00e1pidas sem necessidade de ar comprimido.\",\"breadcrumb\":{\"@id\":\"https:\/\/btektech.com\/pt-pt\/product\/seringa-manual-luer-lock\/#breadcrumb\"},\"inLanguage\":\"pt-PT\",\"potentialAction\":[{\"@type\":\"ReadAction\",\"target\":[\"https:\/\/btektech.com\/pt-pt\/product\/seringa-manual-luer-lock\/\"]}]},{\"@type\":\"ImageObject\",\"inLanguage\":\"pt-PT\",\"@id\":\"https:\/\/btektech.com\/pt-pt\/product\/seringa-manual-luer-lock\/#primaryimage\",\"url\":\"https:\/\/btektech.com\/wp-content\/uploads\/2021\/09\/Screenshot-2021-09-09-180018.jpg\",\"contentUrl\":\"https:\/\/btektech.com\/wp-content\/uploads\/2021\/09\/Screenshot-2021-09-09-180018.jpg\",\"width\":538,\"height\":538,\"caption\":\"Seringa Manual Luer Lock\"},{\"@type\":\"BreadcrumbList\",\"@id\":\"https:\/\/btektech.com\/pt-pt\/product\/seringa-manual-luer-lock\/#breadcrumb\",\"itemListElement\":[{\"@type\":\"ListItem\",\"position\":1,\"name\":\"Home\",\"item\":\"https:\/\/btektech.com\/pt-pt\/\"},{\"@type\":\"ListItem\",\"position\":2,\"name\":\"\u00dcr\u00fcnler\",\"item\":\"https:\/\/btektech.com\/tr\/shop\/\"},{\"@type\":\"ListItem\",\"position\":3,\"name\":\"Syringe Barrels\",\"item\":\"https:\/\/btektech.com\/product-category\/syringe-barrels\/\"},{\"@type\":\"ListItem\",\"position\":4,\"name\":\"Seringa Manual Luer Lock\"}]},{\"@type\":\"WebSite\",\"@id\":\"https:\/\/btektech.com\/#website\",\"url\":\"https:\/\/btektech.com\/\",\"name\":\"Btektech\",\"description\":\"\",\"publisher\":{\"@id\":\"https:\/\/btektech.com\/#organization\"},\"potentialAction\":[{\"@type\":\"SearchAction\",\"target\":{\"@type\":\"EntryPoint\",\"urlTemplate\":\"https:\/\/btektech.com\/?s={search_term_string}\"},\"query-input\":{\"@type\":\"PropertyValueSpecification\",\"valueRequired\":true,\"valueName\":\"search_term_string\"}}],\"inLanguage\":\"pt-PT\"},{\"@type\":\"Organization\",\"@id\":\"https:\/\/btektech.com\/#organization\",\"name\":\"Btektech\",\"url\":\"https:\/\/btektech.com\/\",\"logo\":{\"@type\":\"ImageObject\",\"inLanguage\":\"pt-PT\",\"@id\":\"https:\/\/btektech.com\/#\/schema\/logo\/image\/\",\"url\":\"https:\/\/btektech.com\/wp-content\/uploads\/2021\/08\/btektech-logo.png\",\"contentUrl\":\"https:\/\/btektech.com\/wp-content\/uploads\/2021\/08\/btektech-logo.png\",\"width\":250,\"height\":114,\"caption\":\"Btektech\"},\"image\":{\"@id\":\"https:\/\/btektech.com\/#\/schema\/logo\/image\/\"},\"sameAs\":[\"https:\/\/x.com\/Btektech1\",\"https:\/\/www.instagram.com\/btektech\/\",\"https:\/\/www.linkedin.com\/company\/suzhou-baotailong-electronic-materials-co-ltd\/\",\"https:\/\/www.pinterest.com\/btektech\/_saved\/\",\"https:\/\/www.youtube.com\/channel\/UCBiw4Bc4CmQDrdo-QqyVTqQ\"]}]}<\/script>\n<!-- \/ Yoast SEO plugin. -->","yoast_head_json":{"title":"Seringa Manual Luer Lock - Btektech","description":"Os Seringa Manual Luer Lock fornecem solu\u00e7\u00f5es de distribui\u00e7\u00e3o simples e r\u00e1pidas sem necessidade de ar comprimido.","robots":{"index":"index","follow":"follow","max-snippet":"max-snippet:-1","max-image-preview":"max-image-preview:large","max-video-preview":"max-video-preview:-1"},"canonical":"https:\/\/btektech.com\/pt-pt\/product\/seringa-manual-luer-lock\/","og_locale":"pt_PT","og_type":"article","og_title":"Seringa Manual Luer Lock - Btektech","og_description":"Os Seringa Manual Luer Lock fornecem solu\u00e7\u00f5es de distribui\u00e7\u00e3o simples e r\u00e1pidas sem necessidade de ar comprimido.","og_url":"https:\/\/btektech.com\/pt-pt\/product\/seringa-manual-luer-lock\/","og_site_name":"Btektech","article_modified_time":"2022-09-13T05:56:38+00:00","og_image":[{"width":538,"height":538,"url":"https:\/\/btektech.com\/wp-content\/uploads\/2021\/09\/Screenshot-2021-09-09-180018.jpg","type":"image\/jpeg"}],"twitter_card":"summary_large_image","twitter_site":"@Btektech1","twitter_misc":{"Tempo estimado de leitura":"1 minuto"},"schema":{"@context":"https:\/\/schema.org","@graph":[{"@type":["WebPage","ItemPage"],"@id":"https:\/\/btektech.com\/pt-pt\/product\/seringa-manual-luer-lock\/","url":"https:\/\/btektech.com\/pt-pt\/product\/seringa-manual-luer-lock\/","name":"Seringa Manual Luer Lock - Btektech","isPartOf":{"@id":"https:\/\/btektech.com\/#website"},"primaryImageOfPage":{"@id":"https:\/\/btektech.com\/pt-pt\/product\/seringa-manual-luer-lock\/#primaryimage"},"image":{"@id":"https:\/\/btektech.com\/pt-pt\/product\/seringa-manual-luer-lock\/#primaryimage"},"thumbnailUrl":"https:\/\/btektech.com\/wp-content\/uploads\/2021\/09\/Screenshot-2021-09-09-180018.jpg","datePublished":"2022-04-26T16:46:56+00:00","dateModified":"2022-09-13T05:56:38+00:00","description":"Os Seringa Manual Luer Lock fornecem solu\u00e7\u00f5es de distribui\u00e7\u00e3o simples e r\u00e1pidas sem necessidade de ar comprimido.","breadcrumb":{"@id":"https:\/\/btektech.com\/pt-pt\/product\/seringa-manual-luer-lock\/#breadcrumb"},"inLanguage":"pt-PT","potentialAction":[{"@type":"ReadAction","target":["https:\/\/btektech.com\/pt-pt\/product\/seringa-manual-luer-lock\/"]}]},{"@type":"ImageObject","inLanguage":"pt-PT","@id":"https:\/\/btektech.com\/pt-pt\/product\/seringa-manual-luer-lock\/#primaryimage","url":"https:\/\/btektech.com\/wp-content\/uploads\/2021\/09\/Screenshot-2021-09-09-180018.jpg","contentUrl":"https:\/\/btektech.com\/wp-content\/uploads\/2021\/09\/Screenshot-2021-09-09-180018.jpg","width":538,"height":538,"caption":"Seringa Manual Luer Lock"},{"@type":"BreadcrumbList","@id":"https:\/\/btektech.com\/pt-pt\/product\/seringa-manual-luer-lock\/#breadcrumb","itemListElement":[{"@type":"ListItem","position":1,"name":"Home","item":"https:\/\/btektech.com\/pt-pt\/"},{"@type":"ListItem","position":2,"name":"\u00dcr\u00fcnler","item":"https:\/\/btektech.com\/tr\/shop\/"},{"@type":"ListItem","position":3,"name":"Syringe Barrels","item":"https:\/\/btektech.com\/product-category\/syringe-barrels\/"},{"@type":"ListItem","position":4,"name":"Seringa Manual Luer Lock"}]},{"@type":"WebSite","@id":"https:\/\/btektech.com\/#website","url":"https:\/\/btektech.com\/","name":"Btektech","description":"","publisher":{"@id":"https:\/\/btektech.com\/#organization"},"potentialAction":[{"@type":"SearchAction","target":{"@type":"EntryPoint","urlTemplate":"https:\/\/btektech.com\/?s={search_term_string}"},"query-input":{"@type":"PropertyValueSpecification","valueRequired":true,"valueName":"search_term_string"}}],"inLanguage":"pt-PT"},{"@type":"Organization","@id":"https:\/\/btektech.com\/#organization","name":"Btektech","url":"https:\/\/btektech.com\/","logo":{"@type":"ImageObject","inLanguage":"pt-PT","@id":"https:\/\/btektech.com\/#\/schema\/logo\/image\/","url":"https:\/\/btektech.com\/wp-content\/uploads\/2021\/08\/btektech-logo.png","contentUrl":"https:\/\/btektech.com\/wp-content\/uploads\/2021\/08\/btektech-logo.png","width":250,"height":114,"caption":"Btektech"},"image":{"@id":"https:\/\/btektech.com\/#\/schema\/logo\/image\/"},"sameAs":["https:\/\/x.com\/Btektech1","https:\/\/www.instagram.com\/btektech\/","https:\/\/www.linkedin.com\/company\/suzhou-baotailong-electronic-materials-co-ltd\/","https:\/\/www.pinterest.com\/btektech\/_saved\/","https:\/\/www.youtube.com\/channel\/UCBiw4Bc4CmQDrdo-QqyVTqQ"]}]}},"_links":{"self":[{"href":"https:\/\/btektech.com\/pt-pt\/wp-json\/wp\/v2\/product\/5457","targetHints":{"allow":["GET"]}}],"collection":[{"href":"https:\/\/btektech.com\/pt-pt\/wp-json\/wp\/v2\/product"}],"about":[{"href":"https:\/\/btektech.com\/pt-pt\/wp-json\/wp\/v2\/types\/product"}],"replies":[{"embeddable":true,"href":"https:\/\/btektech.com\/pt-pt\/wp-json\/wp\/v2\/comments?post=5457"}],"version-history":[{"count":0,"href":"https:\/\/btektech.com\/pt-pt\/wp-json\/wp\/v2\/product\/5457\/revisions"}],"wp:featuredmedia":[{"embeddable":true,"href":"https:\/\/btektech.com\/pt-pt\/wp-json\/wp\/v2\/media\/2184"}],"wp:attachment":[{"href":"https:\/\/btektech.com\/pt-pt\/wp-json\/wp\/v2\/media?parent=5457"}],"wp:term":[{"taxonomy":"product_brand","embeddable":true,"href":"https:\/\/btektech.com\/pt-pt\/wp-json\/wp\/v2\/product_brand?post=5457"},{"taxonomy":"product_cat","embeddable":true,"href":"https:\/\/btektech.com\/pt-pt\/wp-json\/wp\/v2\/product_cat?post=5457"},{"taxonomy":"product_tag","embeddable":true,"href":"https:\/\/btektech.com\/pt-pt\/wp-json\/wp\/v2\/product_tag?post=5457"}],"curies":[{"name":"wp","href":"https:\/\/api.w.org\/{rel}","templated":true}]}}