{"id":5453,"date":"2021-09-15T03:02:12","date_gmt":"2022-04-26T16:46:54","guid":{"rendered":"https:\/\/btektech.com\/product\/duas-pincas-auriculares\/"},"modified":"2022-11-21T01:51:18","modified_gmt":"2022-11-21T01:51:18","slug":"abracadeira-2-orelhas","status":"publish","type":"product","link":"https:\/\/btektech.com\/pt-pt\/product\/abracadeira-2-orelhas\/","title":{"rendered":"Abra\u00e7adeira 2 Orelhas"},"content":{"rendered":"<p>O Abra\u00e7adeira 2 Orelhas \u00e9 amplamente utilizado para fornecimento de oxig\u00eanio e para apertar juntas de tubos de fluido. O material de cinto de a\u00e7o mais espesso, com maior for\u00e7a de fixa\u00e7\u00e3o, pode efetivamente impedir o fluxo de g\u00e1s de alta press\u00e3o, l\u00edquido solto, O Abra\u00e7adeira 2 Orelhas amplamente utilizado em eletrodom\u00e9sticos, gasodutos autom\u00f3veis e gasodutos hidr\u00e1ulicos mec\u00e2nicos.<\/p>\n<div style=\"text-align: center;\">\n<img fetchpriority=\"high\" decoding=\"async\" class=\"alignnone size-medium wp-image-2232\" src=\"https:\/\/btektech.com\/wp-content\/uploads\/2021\/09\/two-ear-300x209.jpg\" alt=\"\" width=\"300\" height=\"209\" srcset=\"https:\/\/btektech.com\/wp-content\/uploads\/2021\/09\/two-ear-300x209.jpg 300w, https:\/\/btektech.com\/wp-content\/uploads\/2021\/09\/two-ear.jpg 303w\" sizes=\"(max-width: 300px) 100vw, 300px\" \/><img decoding=\"async\" class=\"alignnone size-medium wp-image-2236\" src=\"https:\/\/btektech.com\/wp-content\/uploads\/2021\/09\/Screenshot-2021-09-15-105926-300x211.jpg\" alt=\"\" width=\"300\" height=\"211\" srcset=\"https:\/\/btektech.com\/wp-content\/uploads\/2021\/09\/Screenshot-2021-09-15-105926-300x211.jpg 300w, https:\/\/btektech.com\/wp-content\/uploads\/2021\/09\/Screenshot-2021-09-15-105926.jpg 375w\" sizes=\"(max-width: 300px) 100vw, 300px\" \/><\/div>\n<div style=\"overflow: auto;\">\n<table style=\"border-collapse: collapse;text-align:center;\" border=\"0\" width=\"491\" cellspacing=\"0\" cellpadding=\"0\">\n<tbody>\n<caption style=\"font-weight: 600;font-size:30px;\">A\u00e7o galvanizado<\/caption>\n<tr>\n<th>Tipo\/D<\/th>\n<th>Largura\/B<\/th>\n<th>Espessura\/T<\/th>\n<th>Largura do ouvido\/S<\/th>\n<th>M\u00ednimo<\/th>\n<th>m\u00e1ximo<\/th>\n<\/tr>\n<tr>\n<td>5-7<\/td>\n<td rowspan=\"4\" style=\"vertical-align:middle;\">7<\/td>\n<td>0.7<\/td>\n<td>2.4<\/td>\n<td>5<\/td>\n<td>7<\/td>\n<\/tr>\n<tr>\n<td>7-9<\/td>\n<td><\/td>\n<td>3.2<\/td>\n<td>7<\/td>\n<td>9<\/td>\n<\/tr>\n<tr>\n<td>9-11<\/td>\n<td>0.9<\/td>\n<td>3.5<\/td>\n<td>9<\/td>\n<td>11<\/td>\n<\/tr>\n<tr>\n<td>11-13<\/td>\n<td  rowspan=\"2\" style=\"vertical-align:middle;\">1<\/td>\n<td>4.3<\/td>\n<td>11<\/td>\n<td>13<\/td>\n<\/tr>\n<tr>\n<td>13-15<\/td>\n<td  rowspan=\"3\" style=\"vertical-align:middle;\">7.5<\/td>\n<td>4.3<\/td>\n<td>13<\/td>\n<td>15<\/td>\n<\/tr>\n<tr>\n<td>15-18<\/td>\n<td  rowspan=\"2\" style=\"vertical-align:middle;\">1.2<\/td>\n<td>4.3<\/td>\n<td>15<\/td>\n<td>18<\/td>\n<\/tr>\n<tr>\n<td>17-20<\/td>\n<td>5<\/td>\n<td>17<\/td>\n<td>20<\/td>\n<\/tr>\n<tr>\n<td>20-23<\/td>\n<td  rowspan=\"4\" style=\"vertical-align:middle;\">9<\/td>\n<td>1.3<\/td>\n<td>5.8<\/td>\n<td>20<\/td>\n<td>23<\/td>\n<\/tr>\n<tr>\n<td >22-25<\/td>\n<td><\/td>\n<td>6.5<\/td>\n<td>22<\/td>\n<td>25<\/td>\n<\/tr>\n<tr>\n<td >23-27<\/td>\n<td  rowspan=\"4\" style=\"vertical-align:middle;\">1.4<\/td>\n<td>6.5<\/td>\n<td>23<\/td>\n<td>27<\/td>\n<\/tr>\n<tr>\n<td >25-28<\/td>\n<td>6.5<\/td>\n<td>25<\/td>\n<td>28<\/td>\n<\/tr>\n<tr>\n<td >28-31<\/td>\n<td  rowspan=\"2\" style=\"vertical-align:middle;\">9.5<\/td>\n<td>6.5<\/td>\n<td>28<\/td>\n<td>31<\/td>\n<\/tr>\n<tr>\n<td >31-34<\/td>\n<td>6.5<\/td>\n<td>31<\/td>\n<td>34<\/td>\n<\/tr>\n<tr>\n<td >34-37<\/td>\n<td>9.5<\/td>\n<td>1.5<\/td>\n<td>6.5<\/td>\n<td>34<\/td>\n<td>37<\/td>\n<\/tr>\n<tr>\n<td >37-40<\/td>\n<td>9.5<\/td>\n<td>1.5<\/td>\n<td>7<\/td>\n<td>37<\/td>\n<td>40<\/td>\n<\/tr>\n<tr>\n<td >40-43<\/td>\n<td>9.5<\/td>\n<td>1.5<\/td>\n<td>7.5<\/td>\n<td>40<\/td>\n<td>43<\/td>\n<\/tr>\n<tr>\n<td >43-47<\/td>\n<td>9.5<\/td>\n<td>1.5<\/td>\n<td>7.5<\/td>\n<td>43<\/td>\n<td>47<\/td>\n<\/tr>\n<\/tbody>\n<\/table>\n<\/div>\n<p>&nbsp;<\/p>\n<div style=\"overflow: auto;\">\n<table style=\"border-collapse: collapse; text-align: center;\" border=\"0\"  cellspacing=\"0\" cellpadding=\"0\">\n<tbody>\n<caption style=\"font-weight: 600;font-size:30px\">SUS304<\/caption>\n<tr>\n<th>especifica\u00e7\u00e3o<\/th>\n<th>Largura<\/th>\n<th>espessura<\/th>\n<th>Largura do ouvido interno<\/th>\n<th>For\u00e7a de aperto<\/th>\n<th >Rio KGg<\/th>\n<\/tr>\n<tr>\n<td>5-7<\/td>\n<td >7<\/td>\n<td>0.6<\/td>\n<td>3.3<\/td>\n<td >3600N<\/td>\n<td >0.8<\/td>\n<\/tr>\n<tr>\n<td>7-9<\/td>\n<td >7<\/td>\n<td>0.7<\/td>\n<td>3.3<\/td>\n<td >3600N<\/td>\n<td >1.3<\/td>\n<\/tr>\n<tr>\n<td>9-11<\/td>\n<td >7<\/td>\n<td>0.7<\/td>\n<td>4<\/td>\n<td >3600N<\/td>\n<td >1.8<\/td>\n<\/tr>\n<tr>\n<td>11-13<\/td>\n<td >7<\/td>\n<td>0.7<\/td>\n<td>4<\/td>\n<td >3600N<\/td>\n<td >2<\/td>\n<\/tr>\n<tr>\n<td>13-15<\/td>\n<td >7<\/td>\n<td>0.8<\/td>\n<td>4.5<\/td>\n<td >3600N<\/td>\n<td >2.6<\/td>\n<\/tr>\n<tr>\n<td>14-17<\/td>\n<td >7<\/td>\n<td>0.9<\/td>\n<td>4.5<\/td>\n<td >3600N<\/td>\n<td >3.5<\/td>\n<\/tr>\n<tr>\n<td>15-18<\/td>\n<td >7.5<\/td>\n<td>0.9<\/td>\n<td>5<\/td>\n<td >3600N<\/td>\n<td >3.9<\/td>\n<\/tr>\n<tr>\n<td>17-20<\/td>\n<td >7.5<\/td>\n<td>0.9<\/td>\n<td>5.5<\/td>\n<td >3600N<\/td>\n<td >4.8<\/td>\n<\/tr>\n<tr>\n<td>20-23<\/td>\n<td >8<\/td>\n<td>0.9<\/td>\n<td>6.5<\/td>\n<td >3600N<\/td>\n<td >5.3<\/td>\n<\/tr>\n<tr>\n<td>22-25<\/td>\n<td >8<\/td>\n<td>0.9<\/td>\n<td>7<\/td>\n<td >3600N<\/td>\n<td >6.3<\/td>\n<\/tr>\n<tr>\n<td>23-27<\/td>\n<td >8.5<\/td>\n<td>1<\/td>\n<td>8<\/td>\n<td >3600N<\/td>\n<td >7.5<\/td>\n<\/tr>\n<tr>\n<td>25-28<\/td>\n<td >9<\/td>\n<td>1.2<\/td>\n<td>10<\/td>\n<td >3600N<\/td>\n<td >8.6<\/td>\n<\/tr>\n<tr>\n<td>28-31<\/td>\n<td >10<\/td>\n<td>1.2<\/td>\n<td>10<\/td>\n<td >3600N<\/td>\n<td >10<\/td>\n<\/tr>\n<tr>\n<td>31-34<\/td>\n<td >10<\/td>\n<td>1.2<\/td>\n<td>10<\/td>\n<td >3600N<\/td>\n<td >11<\/td>\n<\/tr>\n<tr>\n<td>34-37<\/td>\n<td >10<\/td>\n<td>1.2<\/td>\n<td>10<\/td>\n<td >3600N<\/td>\n<td >12.3<\/td>\n<\/tr>\n<tr>\n<td>37-40<\/td>\n<td >10<\/td>\n<td>1.2<\/td>\n<td>10<\/td>\n<td >3600N<\/td>\n<td >14.5<\/td>\n<\/tr>\n<\/tbody>\n<\/table>\n<\/div>\n","protected":false},"excerpt":{"rendered":"<p>O Abra\u00e7adeira 2 Orelhas \u00e9 feito de tubo de a\u00e7o sem costura de alta qualidade prensado, e a superf\u00edcie \u00e9 tratada com electro-galvaniza\u00e7\u00e3o de alta qualidade. Tem as caracter\u00edsticas de veda\u00e7\u00e3o forte, grande for\u00e7a de aperto, e n\u00e3o \u00e9 f\u00e1cil de soltar. \u00c9 amplamente utilizado na transmiss\u00e3o de oxig\u00e9nio e na fixa\u00e7\u00e3o das juntas de tubos l\u00edquidos.<\/p>\n","protected":false},"featured_media":2240,"comment_status":"open","ping_status":"closed","template":"","meta":{"_acf_changed":false},"product_brand":[],"product_cat":[140,267],"product_tag":[],"class_list":{"0":"post-5453","1":"product","2":"type-product","3":"status-publish","4":"has-post-thumbnail","6":"product_cat-abracadeiras","7":"product_cat-uncategorized-pt-pt","9":"first","10":"instock","11":"shipping-taxable","12":"product-type-simple"},"acf":[],"yoast_head":"<!-- This site is optimized with the Yoast SEO plugin v26.0 - https:\/\/yoast.com\/wordpress\/plugins\/seo\/ -->\n<title>Abra\u00e7adeira 2 Orelhas - Btektech<\/title>\n<meta name=\"description\" content=\"O Abra\u00e7adeira 2 Orelhas \u00e9 feito de tubo de a\u00e7o sem costura de alta qualidade prensado, e a superf\u00edcie \u00e9 tratada com electro-galvaniza\u00e7\u00e3o de alta qualidade.\" \/>\n<meta name=\"robots\" content=\"index, follow, max-snippet:-1, max-image-preview:large, max-video-preview:-1\" \/>\n<link rel=\"canonical\" href=\"https:\/\/btektech.com\/pt-pt\/product\/abracadeira-2-orelhas\/\" \/>\n<meta property=\"og:locale\" content=\"pt_PT\" \/>\n<meta property=\"og:type\" content=\"article\" \/>\n<meta property=\"og:title\" content=\"Abra\u00e7adeira 2 Orelhas - Btektech\" \/>\n<meta property=\"og:description\" content=\"O Abra\u00e7adeira 2 Orelhas \u00e9 feito de tubo de a\u00e7o sem costura de alta qualidade prensado, e a superf\u00edcie \u00e9 tratada com electro-galvaniza\u00e7\u00e3o de alta qualidade.\" \/>\n<meta property=\"og:url\" content=\"https:\/\/btektech.com\/pt-pt\/product\/abracadeira-2-orelhas\/\" \/>\n<meta property=\"og:site_name\" content=\"Btektech\" \/>\n<meta property=\"article:modified_time\" content=\"2022-11-21T01:51:18+00:00\" \/>\n<meta property=\"og:image\" content=\"https:\/\/btektech.com\/wp-content\/uploads\/2021\/09\/two-ear-2021-09-15-101335.jpg\" \/>\n\t<meta property=\"og:image:width\" content=\"561\" \/>\n\t<meta property=\"og:image:height\" content=\"561\" \/>\n\t<meta property=\"og:image:type\" content=\"image\/jpeg\" \/>\n<meta name=\"twitter:card\" content=\"summary_large_image\" \/>\n<meta name=\"twitter:site\" content=\"@Btektech1\" \/>\n<meta name=\"twitter:label1\" content=\"Tempo estimado de leitura\" \/>\n\t<meta name=\"twitter:data1\" content=\"2 minutos\" \/>\n<script type=\"application\/ld+json\" class=\"yoast-schema-graph\">{\"@context\":\"https:\/\/schema.org\",\"@graph\":[{\"@type\":[\"WebPage\",\"ItemPage\"],\"@id\":\"https:\/\/btektech.com\/pt-pt\/product\/abracadeira-2-orelhas\/\",\"url\":\"https:\/\/btektech.com\/pt-pt\/product\/abracadeira-2-orelhas\/\",\"name\":\"Abra\u00e7adeira 2 Orelhas - Btektech\",\"isPartOf\":{\"@id\":\"https:\/\/btektech.com\/#website\"},\"primaryImageOfPage\":{\"@id\":\"https:\/\/btektech.com\/pt-pt\/product\/abracadeira-2-orelhas\/#primaryimage\"},\"image\":{\"@id\":\"https:\/\/btektech.com\/pt-pt\/product\/abracadeira-2-orelhas\/#primaryimage\"},\"thumbnailUrl\":\"https:\/\/btektech.com\/wp-content\/uploads\/2021\/09\/two-ear-2021-09-15-101335.jpg\",\"datePublished\":\"2022-04-26T16:46:54+00:00\",\"dateModified\":\"2022-11-21T01:51:18+00:00\",\"description\":\"O Abra\u00e7adeira 2 Orelhas \u00e9 feito de tubo de a\u00e7o sem costura de alta qualidade prensado, e a superf\u00edcie \u00e9 tratada com electro-galvaniza\u00e7\u00e3o de alta qualidade.\",\"breadcrumb\":{\"@id\":\"https:\/\/btektech.com\/pt-pt\/product\/abracadeira-2-orelhas\/#breadcrumb\"},\"inLanguage\":\"pt-PT\",\"potentialAction\":[{\"@type\":\"ReadAction\",\"target\":[\"https:\/\/btektech.com\/pt-pt\/product\/abracadeira-2-orelhas\/\"]}]},{\"@type\":\"ImageObject\",\"inLanguage\":\"pt-PT\",\"@id\":\"https:\/\/btektech.com\/pt-pt\/product\/abracadeira-2-orelhas\/#primaryimage\",\"url\":\"https:\/\/btektech.com\/wp-content\/uploads\/2021\/09\/two-ear-2021-09-15-101335.jpg\",\"contentUrl\":\"https:\/\/btektech.com\/wp-content\/uploads\/2021\/09\/two-ear-2021-09-15-101335.jpg\",\"width\":561,\"height\":561,\"caption\":\"Duas pin\u00e7as auriculares\"},{\"@type\":\"BreadcrumbList\",\"@id\":\"https:\/\/btektech.com\/pt-pt\/product\/abracadeira-2-orelhas\/#breadcrumb\",\"itemListElement\":[{\"@type\":\"ListItem\",\"position\":1,\"name\":\"Home\",\"item\":\"https:\/\/btektech.com\/pt-pt\/home-2\/\"},{\"@type\":\"ListItem\",\"position\":2,\"name\":\"\u00dcr\u00fcnler\",\"item\":\"https:\/\/btektech.com\/tr\/shop\/\"},{\"@type\":\"ListItem\",\"position\":3,\"name\":\"Heavy-Duty &amp; Industrial Hose Clamps\",\"item\":\"https:\/\/btektech.com\/product-category\/heavy-duty-and-industrial-hose-clamps\/\"},{\"@type\":\"ListItem\",\"position\":4,\"name\":\"Abra\u00e7adeira 2 Orelhas\"}]},{\"@type\":\"WebSite\",\"@id\":\"https:\/\/btektech.com\/#website\",\"url\":\"https:\/\/btektech.com\/\",\"name\":\"Btektech\",\"description\":\"\",\"publisher\":{\"@id\":\"https:\/\/btektech.com\/#organization\"},\"potentialAction\":[{\"@type\":\"SearchAction\",\"target\":{\"@type\":\"EntryPoint\",\"urlTemplate\":\"https:\/\/btektech.com\/?s={search_term_string}\"},\"query-input\":{\"@type\":\"PropertyValueSpecification\",\"valueRequired\":true,\"valueName\":\"search_term_string\"}}],\"inLanguage\":\"pt-PT\"},{\"@type\":\"Organization\",\"@id\":\"https:\/\/btektech.com\/#organization\",\"name\":\"Btektech\",\"url\":\"https:\/\/btektech.com\/\",\"logo\":{\"@type\":\"ImageObject\",\"inLanguage\":\"pt-PT\",\"@id\":\"https:\/\/btektech.com\/#\/schema\/logo\/image\/\",\"url\":\"https:\/\/btektech.com\/wp-content\/uploads\/2021\/08\/btektech-logo.png\",\"contentUrl\":\"https:\/\/btektech.com\/wp-content\/uploads\/2021\/08\/btektech-logo.png\",\"width\":250,\"height\":114,\"caption\":\"Btektech\"},\"image\":{\"@id\":\"https:\/\/btektech.com\/#\/schema\/logo\/image\/\"},\"sameAs\":[\"https:\/\/x.com\/Btektech1\",\"https:\/\/www.instagram.com\/btektech\/\",\"https:\/\/www.linkedin.com\/company\/suzhou-baotailong-electronic-materials-co-ltd\/\",\"https:\/\/www.pinterest.com\/btektech\/_saved\/\",\"https:\/\/www.youtube.com\/channel\/UCBiw4Bc4CmQDrdo-QqyVTqQ\"]}]}<\/script>\n<!-- \/ Yoast SEO plugin. -->","yoast_head_json":{"title":"Abra\u00e7adeira 2 Orelhas - Btektech","description":"O Abra\u00e7adeira 2 Orelhas \u00e9 feito de tubo de a\u00e7o sem costura de alta qualidade prensado, e a superf\u00edcie \u00e9 tratada com electro-galvaniza\u00e7\u00e3o de alta qualidade.","robots":{"index":"index","follow":"follow","max-snippet":"max-snippet:-1","max-image-preview":"max-image-preview:large","max-video-preview":"max-video-preview:-1"},"canonical":"https:\/\/btektech.com\/pt-pt\/product\/abracadeira-2-orelhas\/","og_locale":"pt_PT","og_type":"article","og_title":"Abra\u00e7adeira 2 Orelhas - Btektech","og_description":"O Abra\u00e7adeira 2 Orelhas \u00e9 feito de tubo de a\u00e7o sem costura de alta qualidade prensado, e a superf\u00edcie \u00e9 tratada com electro-galvaniza\u00e7\u00e3o de alta qualidade.","og_url":"https:\/\/btektech.com\/pt-pt\/product\/abracadeira-2-orelhas\/","og_site_name":"Btektech","article_modified_time":"2022-11-21T01:51:18+00:00","og_image":[{"width":561,"height":561,"url":"https:\/\/btektech.com\/wp-content\/uploads\/2021\/09\/two-ear-2021-09-15-101335.jpg","type":"image\/jpeg"}],"twitter_card":"summary_large_image","twitter_site":"@Btektech1","twitter_misc":{"Tempo estimado de leitura":"2 minutos"},"schema":{"@context":"https:\/\/schema.org","@graph":[{"@type":["WebPage","ItemPage"],"@id":"https:\/\/btektech.com\/pt-pt\/product\/abracadeira-2-orelhas\/","url":"https:\/\/btektech.com\/pt-pt\/product\/abracadeira-2-orelhas\/","name":"Abra\u00e7adeira 2 Orelhas - Btektech","isPartOf":{"@id":"https:\/\/btektech.com\/#website"},"primaryImageOfPage":{"@id":"https:\/\/btektech.com\/pt-pt\/product\/abracadeira-2-orelhas\/#primaryimage"},"image":{"@id":"https:\/\/btektech.com\/pt-pt\/product\/abracadeira-2-orelhas\/#primaryimage"},"thumbnailUrl":"https:\/\/btektech.com\/wp-content\/uploads\/2021\/09\/two-ear-2021-09-15-101335.jpg","datePublished":"2022-04-26T16:46:54+00:00","dateModified":"2022-11-21T01:51:18+00:00","description":"O Abra\u00e7adeira 2 Orelhas \u00e9 feito de tubo de a\u00e7o sem costura de alta qualidade prensado, e a superf\u00edcie \u00e9 tratada com electro-galvaniza\u00e7\u00e3o de alta qualidade.","breadcrumb":{"@id":"https:\/\/btektech.com\/pt-pt\/product\/abracadeira-2-orelhas\/#breadcrumb"},"inLanguage":"pt-PT","potentialAction":[{"@type":"ReadAction","target":["https:\/\/btektech.com\/pt-pt\/product\/abracadeira-2-orelhas\/"]}]},{"@type":"ImageObject","inLanguage":"pt-PT","@id":"https:\/\/btektech.com\/pt-pt\/product\/abracadeira-2-orelhas\/#primaryimage","url":"https:\/\/btektech.com\/wp-content\/uploads\/2021\/09\/two-ear-2021-09-15-101335.jpg","contentUrl":"https:\/\/btektech.com\/wp-content\/uploads\/2021\/09\/two-ear-2021-09-15-101335.jpg","width":561,"height":561,"caption":"Duas pin\u00e7as auriculares"},{"@type":"BreadcrumbList","@id":"https:\/\/btektech.com\/pt-pt\/product\/abracadeira-2-orelhas\/#breadcrumb","itemListElement":[{"@type":"ListItem","position":1,"name":"Home","item":"https:\/\/btektech.com\/pt-pt\/home-2\/"},{"@type":"ListItem","position":2,"name":"\u00dcr\u00fcnler","item":"https:\/\/btektech.com\/tr\/shop\/"},{"@type":"ListItem","position":3,"name":"Heavy-Duty &amp; Industrial Hose Clamps","item":"https:\/\/btektech.com\/product-category\/heavy-duty-and-industrial-hose-clamps\/"},{"@type":"ListItem","position":4,"name":"Abra\u00e7adeira 2 Orelhas"}]},{"@type":"WebSite","@id":"https:\/\/btektech.com\/#website","url":"https:\/\/btektech.com\/","name":"Btektech","description":"","publisher":{"@id":"https:\/\/btektech.com\/#organization"},"potentialAction":[{"@type":"SearchAction","target":{"@type":"EntryPoint","urlTemplate":"https:\/\/btektech.com\/?s={search_term_string}"},"query-input":{"@type":"PropertyValueSpecification","valueRequired":true,"valueName":"search_term_string"}}],"inLanguage":"pt-PT"},{"@type":"Organization","@id":"https:\/\/btektech.com\/#organization","name":"Btektech","url":"https:\/\/btektech.com\/","logo":{"@type":"ImageObject","inLanguage":"pt-PT","@id":"https:\/\/btektech.com\/#\/schema\/logo\/image\/","url":"https:\/\/btektech.com\/wp-content\/uploads\/2021\/08\/btektech-logo.png","contentUrl":"https:\/\/btektech.com\/wp-content\/uploads\/2021\/08\/btektech-logo.png","width":250,"height":114,"caption":"Btektech"},"image":{"@id":"https:\/\/btektech.com\/#\/schema\/logo\/image\/"},"sameAs":["https:\/\/x.com\/Btektech1","https:\/\/www.instagram.com\/btektech\/","https:\/\/www.linkedin.com\/company\/suzhou-baotailong-electronic-materials-co-ltd\/","https:\/\/www.pinterest.com\/btektech\/_saved\/","https:\/\/www.youtube.com\/channel\/UCBiw4Bc4CmQDrdo-QqyVTqQ"]}]}},"_links":{"self":[{"href":"https:\/\/btektech.com\/pt-pt\/wp-json\/wp\/v2\/product\/5453","targetHints":{"allow":["GET"]}}],"collection":[{"href":"https:\/\/btektech.com\/pt-pt\/wp-json\/wp\/v2\/product"}],"about":[{"href":"https:\/\/btektech.com\/pt-pt\/wp-json\/wp\/v2\/types\/product"}],"replies":[{"embeddable":true,"href":"https:\/\/btektech.com\/pt-pt\/wp-json\/wp\/v2\/comments?post=5453"}],"version-history":[{"count":0,"href":"https:\/\/btektech.com\/pt-pt\/wp-json\/wp\/v2\/product\/5453\/revisions"}],"wp:featuredmedia":[{"embeddable":true,"href":"https:\/\/btektech.com\/pt-pt\/wp-json\/wp\/v2\/media\/2240"}],"wp:attachment":[{"href":"https:\/\/btektech.com\/pt-pt\/wp-json\/wp\/v2\/media?parent=5453"}],"wp:term":[{"taxonomy":"product_brand","embeddable":true,"href":"https:\/\/btektech.com\/pt-pt\/wp-json\/wp\/v2\/product_brand?post=5453"},{"taxonomy":"product_cat","embeddable":true,"href":"https:\/\/btektech.com\/pt-pt\/wp-json\/wp\/v2\/product_cat?post=5453"},{"taxonomy":"product_tag","embeddable":true,"href":"https:\/\/btektech.com\/pt-pt\/wp-json\/wp\/v2\/product_tag?post=5453"}],"curies":[{"name":"wp","href":"https:\/\/api.w.org\/{rel}","templated":true}]}}