{"id":5448,"date":"2021-09-10T08:23:28","date_gmt":"2022-04-26T16:46:51","guid":{"rendered":"https:\/\/btektech.com\/product\/cartucho-de-seringa-de-estilo-japones\/"},"modified":"2022-09-13T05:33:49","modified_gmt":"2022-09-13T05:33:49","slug":"seringa-japonesa","status":"publish","type":"product","link":"https:\/\/btektech.com\/pt-pt\/product\/seringa-japonesa\/","title":{"rendered":"Seringa Japonesa"},"content":{"rendered":"<p style=\"font-weight:600;font-size:30px;\">Seringa Japonesa:<\/p>\n<p>A seringa transparente \u00e9 adequada para todos os tipos de adesivos de embalagem electr\u00f3nica, adesivo condutor, fluxo, pasta de soldadura, adesivo vermelho de adesivo SM, \u00f3leo lubrificante, tinta, e assim por diante. A seringa preta \u00e9 adequada para adesivo de cura UV e outras ocasi\u00f5es que requerem sombra preta. A seringa verde pode bloquear a luz ultravioleta, a luz vis\u00edvel atrav\u00e9s de 3%, especialmente adequada para o armazenamento a longo prazo da cola UV e requisitos de seguran\u00e7a de transporte de longa dist\u00e2ncia. As seringas de \u00e2mbar s\u00f3 s\u00e3o adequadas para locais gerais de prote\u00e7\u00e3o UV e n\u00e3o s\u00e3o recomendadas para armazenamento a longo prazo de cola UV.<\/p>\n<div style=\"overflow: auto;\">\n<table style=\"text-align: center;\">\n<tbody>\n<tr>\n<th>Cor<\/th>\n<th>Capacidade(CC)<\/th>\n<th>ID(mm)<\/th>\n<th>OD(mm)<\/th>\n<th>Comprimento(mm)<\/th>\n<th>Pacote<\/th>\n<\/tr>\n<tr>\n<td>Claro\/verde\/preto\/laranja<\/td>\n<td>5<\/td>\n<td>13<\/td>\n<td>15.4<\/td>\n<td>77<\/td>\n<td>50pcs\/saco<\/td>\n<\/tr>\n<tr>\n<td>Claro\/verde\/preto\/laranja<\/td>\n<td>10<\/td>\n<td>15.1<\/td>\n<td>17.5<\/td>\n<td>106<\/td>\n<td>50pcs\/saco<\/td>\n<\/tr>\n<tr>\n<td>Claro\/verde\/preto\/laranja<\/td>\n<td>30<\/td>\n<td>22.8<\/td>\n<td>25.5<\/td>\n<td>130<\/td>\n<td>20pcs\/saco<\/td>\n<\/tr>\n<tr>\n<td>Claro\/verde\/preto\/laranja<\/td>\n<td>55<\/td>\n<td>22.8<\/td>\n<td>25.5<\/td>\n<td>162<\/td>\n<td>20pcs\/saco<\/td>\n<\/tr>\n<tr>\n<td>Claro\/verde\/preto\/laranja<\/td>\n<td>70<\/td>\n<td>22.80<\/td>\n<td>25.5<\/td>\n<td>223<\/td>\n<td>10pcs\/saco<\/td>\n<\/tr>\n<\/tbody>\n<\/table>\n<\/div>\n","protected":false},"excerpt":{"rendered":"<p>Estrutura de corrente ultra-baixa \u00fanica do barril de seringa, alta precis\u00e3o dentro do di\u00e2metro, boa estabilidade. S\u00e3o constitu\u00eddos por silicone compat\u00edvel com a ind\u00fastria e polipropileno sem cloro e de baixa fric\u00e7\u00e3o.<\/p>\n","protected":false},"featured_media":4760,"comment_status":"open","ping_status":"closed","template":"","meta":{"_acf_changed":false},"product_brand":[],"product_cat":[150],"product_tag":[],"class_list":{"0":"post-5448","1":"product","2":"type-product","3":"status-publish","4":"has-post-thumbnail","6":"product_cat-barrils-de-seringa","8":"first","9":"instock","10":"shipping-taxable","11":"product-type-simple"},"acf":[],"yoast_head":"<!-- This site is optimized with the Yoast SEO plugin v26.0 - https:\/\/yoast.com\/wordpress\/plugins\/seo\/ -->\n<title>Seringa Japonesa - Btektech<\/title>\n<meta name=\"description\" content=\"Seringa Japonesa de corrente ultra-baixa \u00fanica do barril de seringa, alta precis\u00e3o dentro do di\u00e2metro, boa estabilidade.\" \/>\n<meta name=\"robots\" content=\"index, follow, max-snippet:-1, max-image-preview:large, max-video-preview:-1\" \/>\n<link rel=\"canonical\" href=\"https:\/\/btektech.com\/pt-pt\/product\/seringa-japonesa\/\" \/>\n<meta property=\"og:locale\" content=\"pt_PT\" \/>\n<meta property=\"og:type\" content=\"article\" \/>\n<meta property=\"og:title\" content=\"Seringa Japonesa - Btektech\" \/>\n<meta property=\"og:description\" content=\"Seringa Japonesa de corrente ultra-baixa \u00fanica do barril de seringa, alta precis\u00e3o dentro do di\u00e2metro, boa estabilidade.\" \/>\n<meta property=\"og:url\" content=\"https:\/\/btektech.com\/pt-pt\/product\/seringa-japonesa\/\" \/>\n<meta property=\"og:site_name\" content=\"Btektech\" \/>\n<meta property=\"article:modified_time\" content=\"2022-09-13T05:33:49+00:00\" \/>\n<meta property=\"og:image\" content=\"https:\/\/btektech.com\/wp-content\/uploads\/2021\/09\/5614b.jpg\" \/>\n\t<meta property=\"og:image:width\" content=\"800\" \/>\n\t<meta property=\"og:image:height\" content=\"800\" \/>\n\t<meta property=\"og:image:type\" content=\"image\/jpeg\" \/>\n<meta name=\"twitter:card\" content=\"summary_large_image\" \/>\n<meta name=\"twitter:site\" content=\"@Btektech1\" \/>\n<meta name=\"twitter:label1\" content=\"Tempo estimado de leitura\" \/>\n\t<meta name=\"twitter:data1\" content=\"1 minuto\" \/>\n<script type=\"application\/ld+json\" class=\"yoast-schema-graph\">{\"@context\":\"https:\/\/schema.org\",\"@graph\":[{\"@type\":[\"WebPage\",\"ItemPage\"],\"@id\":\"https:\/\/btektech.com\/pt-pt\/product\/seringa-japonesa\/\",\"url\":\"https:\/\/btektech.com\/pt-pt\/product\/seringa-japonesa\/\",\"name\":\"Seringa Japonesa - Btektech\",\"isPartOf\":{\"@id\":\"https:\/\/btektech.com\/#website\"},\"primaryImageOfPage\":{\"@id\":\"https:\/\/btektech.com\/pt-pt\/product\/seringa-japonesa\/#primaryimage\"},\"image\":{\"@id\":\"https:\/\/btektech.com\/pt-pt\/product\/seringa-japonesa\/#primaryimage\"},\"thumbnailUrl\":\"https:\/\/btektech.com\/wp-content\/uploads\/2021\/09\/5614b.jpg\",\"datePublished\":\"2022-04-26T16:46:51+00:00\",\"dateModified\":\"2022-09-13T05:33:49+00:00\",\"description\":\"Seringa Japonesa de corrente ultra-baixa \u00fanica do barril de seringa, alta precis\u00e3o dentro do di\u00e2metro, boa estabilidade.\",\"breadcrumb\":{\"@id\":\"https:\/\/btektech.com\/pt-pt\/product\/seringa-japonesa\/#breadcrumb\"},\"inLanguage\":\"pt-PT\",\"potentialAction\":[{\"@type\":\"ReadAction\",\"target\":[\"https:\/\/btektech.com\/pt-pt\/product\/seringa-japonesa\/\"]}]},{\"@type\":\"ImageObject\",\"inLanguage\":\"pt-PT\",\"@id\":\"https:\/\/btektech.com\/pt-pt\/product\/seringa-japonesa\/#primaryimage\",\"url\":\"https:\/\/btektech.com\/wp-content\/uploads\/2021\/09\/5614b.jpg\",\"contentUrl\":\"https:\/\/btektech.com\/wp-content\/uploads\/2021\/09\/5614b.jpg\",\"width\":800,\"height\":800,\"caption\":\"Seringa Japonesa\"},{\"@type\":\"BreadcrumbList\",\"@id\":\"https:\/\/btektech.com\/pt-pt\/product\/seringa-japonesa\/#breadcrumb\",\"itemListElement\":[{\"@type\":\"ListItem\",\"position\":1,\"name\":\"Home\",\"item\":\"https:\/\/btektech.com\/pt-pt\/\"},{\"@type\":\"ListItem\",\"position\":2,\"name\":\"\u00dcr\u00fcnler\",\"item\":\"https:\/\/btektech.com\/tr\/shop\/\"},{\"@type\":\"ListItem\",\"position\":3,\"name\":\"Syringe Barrels\",\"item\":\"https:\/\/btektech.com\/product-category\/syringe-barrels\/\"},{\"@type\":\"ListItem\",\"position\":4,\"name\":\"Seringa Japonesa\"}]},{\"@type\":\"WebSite\",\"@id\":\"https:\/\/btektech.com\/#website\",\"url\":\"https:\/\/btektech.com\/\",\"name\":\"Btektech\",\"description\":\"\",\"publisher\":{\"@id\":\"https:\/\/btektech.com\/#organization\"},\"potentialAction\":[{\"@type\":\"SearchAction\",\"target\":{\"@type\":\"EntryPoint\",\"urlTemplate\":\"https:\/\/btektech.com\/?s={search_term_string}\"},\"query-input\":{\"@type\":\"PropertyValueSpecification\",\"valueRequired\":true,\"valueName\":\"search_term_string\"}}],\"inLanguage\":\"pt-PT\"},{\"@type\":\"Organization\",\"@id\":\"https:\/\/btektech.com\/#organization\",\"name\":\"Btektech\",\"url\":\"https:\/\/btektech.com\/\",\"logo\":{\"@type\":\"ImageObject\",\"inLanguage\":\"pt-PT\",\"@id\":\"https:\/\/btektech.com\/#\/schema\/logo\/image\/\",\"url\":\"https:\/\/btektech.com\/wp-content\/uploads\/2021\/08\/btektech-logo.png\",\"contentUrl\":\"https:\/\/btektech.com\/wp-content\/uploads\/2021\/08\/btektech-logo.png\",\"width\":250,\"height\":114,\"caption\":\"Btektech\"},\"image\":{\"@id\":\"https:\/\/btektech.com\/#\/schema\/logo\/image\/\"},\"sameAs\":[\"https:\/\/x.com\/Btektech1\",\"https:\/\/www.instagram.com\/btektech\/\",\"https:\/\/www.linkedin.com\/company\/suzhou-baotailong-electronic-materials-co-ltd\/\",\"https:\/\/www.pinterest.com\/btektech\/_saved\/\",\"https:\/\/www.youtube.com\/channel\/UCBiw4Bc4CmQDrdo-QqyVTqQ\"]}]}<\/script>\n<!-- \/ Yoast SEO plugin. -->","yoast_head_json":{"title":"Seringa Japonesa - Btektech","description":"Seringa Japonesa de corrente ultra-baixa \u00fanica do barril de seringa, alta precis\u00e3o dentro do di\u00e2metro, boa estabilidade.","robots":{"index":"index","follow":"follow","max-snippet":"max-snippet:-1","max-image-preview":"max-image-preview:large","max-video-preview":"max-video-preview:-1"},"canonical":"https:\/\/btektech.com\/pt-pt\/product\/seringa-japonesa\/","og_locale":"pt_PT","og_type":"article","og_title":"Seringa Japonesa - Btektech","og_description":"Seringa Japonesa de corrente ultra-baixa \u00fanica do barril de seringa, alta precis\u00e3o dentro do di\u00e2metro, boa estabilidade.","og_url":"https:\/\/btektech.com\/pt-pt\/product\/seringa-japonesa\/","og_site_name":"Btektech","article_modified_time":"2022-09-13T05:33:49+00:00","og_image":[{"width":800,"height":800,"url":"https:\/\/btektech.com\/wp-content\/uploads\/2021\/09\/5614b.jpg","type":"image\/jpeg"}],"twitter_card":"summary_large_image","twitter_site":"@Btektech1","twitter_misc":{"Tempo estimado de leitura":"1 minuto"},"schema":{"@context":"https:\/\/schema.org","@graph":[{"@type":["WebPage","ItemPage"],"@id":"https:\/\/btektech.com\/pt-pt\/product\/seringa-japonesa\/","url":"https:\/\/btektech.com\/pt-pt\/product\/seringa-japonesa\/","name":"Seringa Japonesa - Btektech","isPartOf":{"@id":"https:\/\/btektech.com\/#website"},"primaryImageOfPage":{"@id":"https:\/\/btektech.com\/pt-pt\/product\/seringa-japonesa\/#primaryimage"},"image":{"@id":"https:\/\/btektech.com\/pt-pt\/product\/seringa-japonesa\/#primaryimage"},"thumbnailUrl":"https:\/\/btektech.com\/wp-content\/uploads\/2021\/09\/5614b.jpg","datePublished":"2022-04-26T16:46:51+00:00","dateModified":"2022-09-13T05:33:49+00:00","description":"Seringa Japonesa de corrente ultra-baixa \u00fanica do barril de seringa, alta precis\u00e3o dentro do di\u00e2metro, boa estabilidade.","breadcrumb":{"@id":"https:\/\/btektech.com\/pt-pt\/product\/seringa-japonesa\/#breadcrumb"},"inLanguage":"pt-PT","potentialAction":[{"@type":"ReadAction","target":["https:\/\/btektech.com\/pt-pt\/product\/seringa-japonesa\/"]}]},{"@type":"ImageObject","inLanguage":"pt-PT","@id":"https:\/\/btektech.com\/pt-pt\/product\/seringa-japonesa\/#primaryimage","url":"https:\/\/btektech.com\/wp-content\/uploads\/2021\/09\/5614b.jpg","contentUrl":"https:\/\/btektech.com\/wp-content\/uploads\/2021\/09\/5614b.jpg","width":800,"height":800,"caption":"Seringa Japonesa"},{"@type":"BreadcrumbList","@id":"https:\/\/btektech.com\/pt-pt\/product\/seringa-japonesa\/#breadcrumb","itemListElement":[{"@type":"ListItem","position":1,"name":"Home","item":"https:\/\/btektech.com\/pt-pt\/"},{"@type":"ListItem","position":2,"name":"\u00dcr\u00fcnler","item":"https:\/\/btektech.com\/tr\/shop\/"},{"@type":"ListItem","position":3,"name":"Syringe Barrels","item":"https:\/\/btektech.com\/product-category\/syringe-barrels\/"},{"@type":"ListItem","position":4,"name":"Seringa Japonesa"}]},{"@type":"WebSite","@id":"https:\/\/btektech.com\/#website","url":"https:\/\/btektech.com\/","name":"Btektech","description":"","publisher":{"@id":"https:\/\/btektech.com\/#organization"},"potentialAction":[{"@type":"SearchAction","target":{"@type":"EntryPoint","urlTemplate":"https:\/\/btektech.com\/?s={search_term_string}"},"query-input":{"@type":"PropertyValueSpecification","valueRequired":true,"valueName":"search_term_string"}}],"inLanguage":"pt-PT"},{"@type":"Organization","@id":"https:\/\/btektech.com\/#organization","name":"Btektech","url":"https:\/\/btektech.com\/","logo":{"@type":"ImageObject","inLanguage":"pt-PT","@id":"https:\/\/btektech.com\/#\/schema\/logo\/image\/","url":"https:\/\/btektech.com\/wp-content\/uploads\/2021\/08\/btektech-logo.png","contentUrl":"https:\/\/btektech.com\/wp-content\/uploads\/2021\/08\/btektech-logo.png","width":250,"height":114,"caption":"Btektech"},"image":{"@id":"https:\/\/btektech.com\/#\/schema\/logo\/image\/"},"sameAs":["https:\/\/x.com\/Btektech1","https:\/\/www.instagram.com\/btektech\/","https:\/\/www.linkedin.com\/company\/suzhou-baotailong-electronic-materials-co-ltd\/","https:\/\/www.pinterest.com\/btektech\/_saved\/","https:\/\/www.youtube.com\/channel\/UCBiw4Bc4CmQDrdo-QqyVTqQ"]}]}},"_links":{"self":[{"href":"https:\/\/btektech.com\/pt-pt\/wp-json\/wp\/v2\/product\/5448","targetHints":{"allow":["GET"]}}],"collection":[{"href":"https:\/\/btektech.com\/pt-pt\/wp-json\/wp\/v2\/product"}],"about":[{"href":"https:\/\/btektech.com\/pt-pt\/wp-json\/wp\/v2\/types\/product"}],"replies":[{"embeddable":true,"href":"https:\/\/btektech.com\/pt-pt\/wp-json\/wp\/v2\/comments?post=5448"}],"version-history":[{"count":0,"href":"https:\/\/btektech.com\/pt-pt\/wp-json\/wp\/v2\/product\/5448\/revisions"}],"wp:featuredmedia":[{"embeddable":true,"href":"https:\/\/btektech.com\/pt-pt\/wp-json\/wp\/v2\/media\/4760"}],"wp:attachment":[{"href":"https:\/\/btektech.com\/pt-pt\/wp-json\/wp\/v2\/media?parent=5448"}],"wp:term":[{"taxonomy":"product_brand","embeddable":true,"href":"https:\/\/btektech.com\/pt-pt\/wp-json\/wp\/v2\/product_brand?post=5448"},{"taxonomy":"product_cat","embeddable":true,"href":"https:\/\/btektech.com\/pt-pt\/wp-json\/wp\/v2\/product_cat?post=5448"},{"taxonomy":"product_tag","embeddable":true,"href":"https:\/\/btektech.com\/pt-pt\/wp-json\/wp\/v2\/product_tag?post=5448"}],"curies":[{"name":"wp","href":"https:\/\/api.w.org\/{rel}","templated":true}]}}