{"id":5447,"date":"2021-09-09T09:20:44","date_gmt":"2022-04-26T16:46:51","guid":{"rendered":"https:\/\/btektech.com\/product\/dois-componentes-dual-cartucho\/"},"modified":"2022-09-13T03:36:55","modified_gmt":"2022-09-13T03:36:55","slug":"cartucho-vazio-de-barril-duplo","status":"publish","type":"product","link":"https:\/\/btektech.com\/pt-pt\/product\/cartucho-vazio-de-barril-duplo\/","title":{"rendered":"Cartucho vazio de barril duplo"},"content":{"rendered":"<p>Dois tubos de capacidade espec\u00edfica, partilhando uma tomada, podem ser usados para embalar ou misturar dois l\u00edquidos em propor\u00e7\u00e3o. A borda do pist\u00e3o correspondente est\u00e1 perto da parede do tubo para garantir que o l\u00edquido \u00e9 libertado suavemente sem fugas.<\/p>\n<div style=\"overflow: auto;\">\n<table style=\"text-align: center;\">\n<tbody>\n<tr>\n<th>Item N\u00ba.<\/th>\n<th>Rela\u00e7\u00e3o<\/th>\n<th>Capacidade<\/th>\n<th>Exaustivo<\/th>\n<th>Material(Cartucho)<\/th>\n<th>Material(Cartucho)<\/th>\n<\/tr>\n<tr>\n<td>E1<\/td>\n<td>1\uff1a1<\/td>\n<td>50ml<\/td>\n<td>Y<\/td>\n<td>PP<\/td>\n<td>PE<\/td>\n<\/tr>\n<tr>\n<td>E2<\/td>\n<td>1\uff1a1<\/td>\n<td>50ml<\/td>\n<td>N<\/td>\n<td>PP<\/td>\n<td>PE<\/td>\n<\/tr>\n<tr>\n<td>E3<\/td>\n<td>2\uff1a1<\/td>\n<td>50ml<\/td>\n<td>Y<\/td>\n<td>PP<\/td>\n<td>PE<\/td>\n<\/tr>\n<tr>\n<td>E4<\/td>\n<td>2\uff1a1<\/td>\n<td>50ml<\/td>\n<td>N<\/td>\n<td>PP<\/td>\n<td>PE<\/td>\n<\/tr>\n<tr>\n<td>E5<\/td>\n<td>10:1<\/td>\n<td>50ml<\/td>\n<td>Y<\/td>\n<td>PBT<\/td>\n<td>PE<\/td>\n<\/tr>\n<tr>\n<td>E6<\/td>\n<td>10:1<\/td>\n<td>75ml<\/td>\n<td>Y<\/td>\n<td>PBT<\/td>\n<td>PE<\/td>\n<\/tr>\n<tr>\n<td>E7<\/td>\n<td>1\uff1a1<\/td>\n<td>400ml<\/td>\n<td>Y<\/td>\n<td>PE<\/td>\n<td>PE<\/td>\n<\/tr>\n<tr>\n<td>E8<\/td>\n<td>4\uff1a1<\/td>\n<td>50ml<\/td>\n<td>Y<\/td>\n<td>PP<\/td>\n<td>PE<\/td>\n<\/tr>\n<tr>\n<td>ABNS1<\/td>\n<td>  1:1<\/td>\n<td>5ml<\/td>\n<td>N<\/td>\n<td>PP<\/td>\n<td>PE<\/td>\n<\/tr>\n<tr>\n<td>ABNS2<\/td>\n<td>  1:1<\/td>\n<td>24ml<\/td>\n<td>\/<\/td>\n<td>PP<\/td>\n<td>PE<\/td>\n<\/tr>\n<tr>\n<td>ABNS3<\/td>\n<td>  1:1<\/td>\n<td>590ml<\/td>\n<td>Y<\/td>\n<td>PP<\/td>\n<td>PE<\/td>\n<\/tr>\n<tr>\n<td>ABNS4<\/td>\n<td>  1:1<\/td>\n<td>600ml<\/td>\n<td>Y<\/td>\n<td>PP<\/td>\n<td>PE<\/td>\n<\/tr>\n<tr>\n<td>ABNS5<\/td>\n<td>  2:1<\/td>\n<td>450ml<\/td>\n<td>Y<\/td>\n<td>PE<\/td>\n<td>PE<\/td>\n<\/tr>\n<tr>\n<td>ABNS6<\/td>\n<td>  2:1<\/td>\n<td>900ml<\/td>\n<td>N<\/td>\n<td>PP<\/td>\n<td>PE<\/td>\n<\/tr>\n<tr>\n<td>ABNS7<\/td>\n<td>  3:1<\/td>\n<td>385ml<\/td>\n<td>Y<\/td>\n<td>PP<\/td>\n<td>PE<\/td>\n<\/tr>\n<tr>\n<td>ABNS8<\/td>\n<td>  3:1<\/td>\n<td>390ml<\/td>\n<td>N<\/td>\n<td>PP<\/td>\n<td>PE<\/td>\n<\/tr>\n<tr>\n<td>ABNS9<\/td>\n<td>  5:1<\/td>\n<td>360ml<\/td>\n<td>Y<\/td>\n<td>PP<\/td>\n<td>PE<\/td>\n<\/tr>\n<tr>\n<td>ABNS10<\/td>\n<td>  10:1<\/td>\n<td>250ml<\/td>\n<td>Y<\/td>\n<td>PBT<\/td>\n<td>PE<\/td>\n<\/tr>\n<tr>\n<td>ABNS11<\/td>\n<td>  10:1<\/td>\n<td>345ml<\/td>\n<td>Y<\/td>\n<td>PP<\/td>\n<td>PE<\/td>\n<\/tr>\n<tr>\n<td>ABNS12<\/td>\n<td>  10:1<\/td>\n<td>380ml<\/td>\n<td>N<\/td>\n<td>PP<\/td>\n<td>PE<\/td>\n<\/tr>\n<tr>\n<td>ABNS13<\/td>\n<td>  10:1<\/td>\n<td>490ml<\/td>\n<td>Y<\/td>\n<td>PBT<\/td>\n<td>PE<\/td>\n<\/tr>\n<tr>\n<td>ABNS14<\/td>\n<td>  1:1<\/td>\n<td>1500ml<\/td>\n<td>Y\/N<\/td>\n<td>PP<\/td>\n<td>PE<\/td>\n<\/tr>\n<\/tbody>\n<\/table>\n<\/div>\n","protected":false},"excerpt":{"rendered":"<p>O Cartucho vazio de barril duplo fornecido pela Btektech \u00e9 adequado para a embalagem de l\u00edquidos de dois componentes de alta qualidade.<\/p>\n","protected":false},"featured_media":2159,"comment_status":"open","ping_status":"closed","template":"","meta":{"_acf_changed":false},"product_brand":[],"product_cat":[267],"product_tag":[],"class_list":{"0":"post-5447","1":"product","2":"type-product","3":"status-publish","4":"has-post-thumbnail","6":"product_cat-uncategorized-pt-pt","8":"first","9":"instock","10":"shipping-taxable","11":"product-type-simple"},"acf":[],"yoast_head":"<!-- This site is optimized with the Yoast SEO plugin v26.0 - https:\/\/yoast.com\/wordpress\/plugins\/seo\/ -->\n<title>Cartucho vazio de barril duplo - Btektech<\/title>\n<meta name=\"description\" content=\"O Cartucho vazio de barril duplo fornecido pela Btektech \u00e9 adequado para a embalagem de l\u00edquidos de dois componentes de alta qualidade.\" \/>\n<meta name=\"robots\" content=\"index, follow, max-snippet:-1, max-image-preview:large, max-video-preview:-1\" \/>\n<link rel=\"canonical\" href=\"https:\/\/btektech.com\/pt-pt\/product\/cartucho-vazio-de-barril-duplo\/\" \/>\n<meta property=\"og:locale\" content=\"pt_PT\" \/>\n<meta property=\"og:type\" content=\"article\" \/>\n<meta property=\"og:title\" content=\"Cartucho vazio de barril duplo - Btektech\" \/>\n<meta property=\"og:description\" content=\"O Cartucho vazio de barril duplo fornecido pela Btektech \u00e9 adequado para a embalagem de l\u00edquidos de dois componentes de alta qualidade.\" \/>\n<meta property=\"og:url\" content=\"https:\/\/btektech.com\/pt-pt\/product\/cartucho-vazio-de-barril-duplo\/\" \/>\n<meta property=\"og:site_name\" content=\"Btektech\" \/>\n<meta property=\"article:modified_time\" content=\"2022-09-13T03:36:55+00:00\" \/>\n<meta property=\"og:image\" content=\"https:\/\/btektech.com\/wp-content\/uploads\/2021\/09\/1-1a.jpg\" \/>\n\t<meta property=\"og:image:width\" content=\"1000\" \/>\n\t<meta property=\"og:image:height\" content=\"1000\" \/>\n\t<meta property=\"og:image:type\" content=\"image\/jpeg\" \/>\n<meta name=\"twitter:card\" content=\"summary_large_image\" \/>\n<meta name=\"twitter:site\" content=\"@Btektech1\" \/>\n<meta name=\"twitter:label1\" content=\"Tempo estimado de leitura\" \/>\n\t<meta name=\"twitter:data1\" content=\"1 minuto\" \/>\n<script type=\"application\/ld+json\" class=\"yoast-schema-graph\">{\"@context\":\"https:\/\/schema.org\",\"@graph\":[{\"@type\":[\"WebPage\",\"ItemPage\"],\"@id\":\"https:\/\/btektech.com\/pt-pt\/product\/cartucho-vazio-de-barril-duplo\/\",\"url\":\"https:\/\/btektech.com\/pt-pt\/product\/cartucho-vazio-de-barril-duplo\/\",\"name\":\"Cartucho vazio de barril duplo - Btektech\",\"isPartOf\":{\"@id\":\"https:\/\/btektech.com\/#website\"},\"primaryImageOfPage\":{\"@id\":\"https:\/\/btektech.com\/pt-pt\/product\/cartucho-vazio-de-barril-duplo\/#primaryimage\"},\"image\":{\"@id\":\"https:\/\/btektech.com\/pt-pt\/product\/cartucho-vazio-de-barril-duplo\/#primaryimage\"},\"thumbnailUrl\":\"https:\/\/btektech.com\/wp-content\/uploads\/2021\/09\/1-1a.jpg\",\"datePublished\":\"2022-04-26T16:46:51+00:00\",\"dateModified\":\"2022-09-13T03:36:55+00:00\",\"description\":\"O Cartucho vazio de barril duplo fornecido pela Btektech \u00e9 adequado para a embalagem de l\u00edquidos de dois componentes de alta qualidade.\",\"breadcrumb\":{\"@id\":\"https:\/\/btektech.com\/pt-pt\/product\/cartucho-vazio-de-barril-duplo\/#breadcrumb\"},\"inLanguage\":\"pt-PT\",\"potentialAction\":[{\"@type\":\"ReadAction\",\"target\":[\"https:\/\/btektech.com\/pt-pt\/product\/cartucho-vazio-de-barril-duplo\/\"]}]},{\"@type\":\"ImageObject\",\"inLanguage\":\"pt-PT\",\"@id\":\"https:\/\/btektech.com\/pt-pt\/product\/cartucho-vazio-de-barril-duplo\/#primaryimage\",\"url\":\"https:\/\/btektech.com\/wp-content\/uploads\/2021\/09\/1-1a.jpg\",\"contentUrl\":\"https:\/\/btektech.com\/wp-content\/uploads\/2021\/09\/1-1a.jpg\",\"width\":1000,\"height\":1000,\"caption\":\"Cartucho vazio de barril duplo\"},{\"@type\":\"BreadcrumbList\",\"@id\":\"https:\/\/btektech.com\/pt-pt\/product\/cartucho-vazio-de-barril-duplo\/#breadcrumb\",\"itemListElement\":[{\"@type\":\"ListItem\",\"position\":1,\"name\":\"Home\",\"item\":\"https:\/\/btektech.com\/pt-pt\/home-2\/\"},{\"@type\":\"ListItem\",\"position\":2,\"name\":\"\u00dcr\u00fcnler\",\"item\":\"https:\/\/btektech.com\/tr\/shop\/\"},{\"@type\":\"ListItem\",\"position\":3,\"name\":\"Cartucho vazio de barril duplo\"}]},{\"@type\":\"WebSite\",\"@id\":\"https:\/\/btektech.com\/#website\",\"url\":\"https:\/\/btektech.com\/\",\"name\":\"Btektech\",\"description\":\"\",\"publisher\":{\"@id\":\"https:\/\/btektech.com\/#organization\"},\"potentialAction\":[{\"@type\":\"SearchAction\",\"target\":{\"@type\":\"EntryPoint\",\"urlTemplate\":\"https:\/\/btektech.com\/?s={search_term_string}\"},\"query-input\":{\"@type\":\"PropertyValueSpecification\",\"valueRequired\":true,\"valueName\":\"search_term_string\"}}],\"inLanguage\":\"pt-PT\"},{\"@type\":\"Organization\",\"@id\":\"https:\/\/btektech.com\/#organization\",\"name\":\"Btektech\",\"url\":\"https:\/\/btektech.com\/\",\"logo\":{\"@type\":\"ImageObject\",\"inLanguage\":\"pt-PT\",\"@id\":\"https:\/\/btektech.com\/#\/schema\/logo\/image\/\",\"url\":\"https:\/\/btektech.com\/wp-content\/uploads\/2021\/08\/btektech-logo.png\",\"contentUrl\":\"https:\/\/btektech.com\/wp-content\/uploads\/2021\/08\/btektech-logo.png\",\"width\":250,\"height\":114,\"caption\":\"Btektech\"},\"image\":{\"@id\":\"https:\/\/btektech.com\/#\/schema\/logo\/image\/\"},\"sameAs\":[\"https:\/\/x.com\/Btektech1\",\"https:\/\/www.instagram.com\/btektech\/\",\"https:\/\/www.linkedin.com\/company\/suzhou-baotailong-electronic-materials-co-ltd\/\",\"https:\/\/www.pinterest.com\/btektech\/_saved\/\",\"https:\/\/www.youtube.com\/channel\/UCBiw4Bc4CmQDrdo-QqyVTqQ\"]}]}<\/script>\n<!-- \/ Yoast SEO plugin. -->","yoast_head_json":{"title":"Cartucho vazio de barril duplo - Btektech","description":"O Cartucho vazio de barril duplo fornecido pela Btektech \u00e9 adequado para a embalagem de l\u00edquidos de dois componentes de alta qualidade.","robots":{"index":"index","follow":"follow","max-snippet":"max-snippet:-1","max-image-preview":"max-image-preview:large","max-video-preview":"max-video-preview:-1"},"canonical":"https:\/\/btektech.com\/pt-pt\/product\/cartucho-vazio-de-barril-duplo\/","og_locale":"pt_PT","og_type":"article","og_title":"Cartucho vazio de barril duplo - Btektech","og_description":"O Cartucho vazio de barril duplo fornecido pela Btektech \u00e9 adequado para a embalagem de l\u00edquidos de dois componentes de alta qualidade.","og_url":"https:\/\/btektech.com\/pt-pt\/product\/cartucho-vazio-de-barril-duplo\/","og_site_name":"Btektech","article_modified_time":"2022-09-13T03:36:55+00:00","og_image":[{"width":1000,"height":1000,"url":"https:\/\/btektech.com\/wp-content\/uploads\/2021\/09\/1-1a.jpg","type":"image\/jpeg"}],"twitter_card":"summary_large_image","twitter_site":"@Btektech1","twitter_misc":{"Tempo estimado de leitura":"1 minuto"},"schema":{"@context":"https:\/\/schema.org","@graph":[{"@type":["WebPage","ItemPage"],"@id":"https:\/\/btektech.com\/pt-pt\/product\/cartucho-vazio-de-barril-duplo\/","url":"https:\/\/btektech.com\/pt-pt\/product\/cartucho-vazio-de-barril-duplo\/","name":"Cartucho vazio de barril duplo - Btektech","isPartOf":{"@id":"https:\/\/btektech.com\/#website"},"primaryImageOfPage":{"@id":"https:\/\/btektech.com\/pt-pt\/product\/cartucho-vazio-de-barril-duplo\/#primaryimage"},"image":{"@id":"https:\/\/btektech.com\/pt-pt\/product\/cartucho-vazio-de-barril-duplo\/#primaryimage"},"thumbnailUrl":"https:\/\/btektech.com\/wp-content\/uploads\/2021\/09\/1-1a.jpg","datePublished":"2022-04-26T16:46:51+00:00","dateModified":"2022-09-13T03:36:55+00:00","description":"O Cartucho vazio de barril duplo fornecido pela Btektech \u00e9 adequado para a embalagem de l\u00edquidos de dois componentes de alta qualidade.","breadcrumb":{"@id":"https:\/\/btektech.com\/pt-pt\/product\/cartucho-vazio-de-barril-duplo\/#breadcrumb"},"inLanguage":"pt-PT","potentialAction":[{"@type":"ReadAction","target":["https:\/\/btektech.com\/pt-pt\/product\/cartucho-vazio-de-barril-duplo\/"]}]},{"@type":"ImageObject","inLanguage":"pt-PT","@id":"https:\/\/btektech.com\/pt-pt\/product\/cartucho-vazio-de-barril-duplo\/#primaryimage","url":"https:\/\/btektech.com\/wp-content\/uploads\/2021\/09\/1-1a.jpg","contentUrl":"https:\/\/btektech.com\/wp-content\/uploads\/2021\/09\/1-1a.jpg","width":1000,"height":1000,"caption":"Cartucho vazio de barril duplo"},{"@type":"BreadcrumbList","@id":"https:\/\/btektech.com\/pt-pt\/product\/cartucho-vazio-de-barril-duplo\/#breadcrumb","itemListElement":[{"@type":"ListItem","position":1,"name":"Home","item":"https:\/\/btektech.com\/pt-pt\/home-2\/"},{"@type":"ListItem","position":2,"name":"\u00dcr\u00fcnler","item":"https:\/\/btektech.com\/tr\/shop\/"},{"@type":"ListItem","position":3,"name":"Cartucho vazio de barril duplo"}]},{"@type":"WebSite","@id":"https:\/\/btektech.com\/#website","url":"https:\/\/btektech.com\/","name":"Btektech","description":"","publisher":{"@id":"https:\/\/btektech.com\/#organization"},"potentialAction":[{"@type":"SearchAction","target":{"@type":"EntryPoint","urlTemplate":"https:\/\/btektech.com\/?s={search_term_string}"},"query-input":{"@type":"PropertyValueSpecification","valueRequired":true,"valueName":"search_term_string"}}],"inLanguage":"pt-PT"},{"@type":"Organization","@id":"https:\/\/btektech.com\/#organization","name":"Btektech","url":"https:\/\/btektech.com\/","logo":{"@type":"ImageObject","inLanguage":"pt-PT","@id":"https:\/\/btektech.com\/#\/schema\/logo\/image\/","url":"https:\/\/btektech.com\/wp-content\/uploads\/2021\/08\/btektech-logo.png","contentUrl":"https:\/\/btektech.com\/wp-content\/uploads\/2021\/08\/btektech-logo.png","width":250,"height":114,"caption":"Btektech"},"image":{"@id":"https:\/\/btektech.com\/#\/schema\/logo\/image\/"},"sameAs":["https:\/\/x.com\/Btektech1","https:\/\/www.instagram.com\/btektech\/","https:\/\/www.linkedin.com\/company\/suzhou-baotailong-electronic-materials-co-ltd\/","https:\/\/www.pinterest.com\/btektech\/_saved\/","https:\/\/www.youtube.com\/channel\/UCBiw4Bc4CmQDrdo-QqyVTqQ"]}]}},"_links":{"self":[{"href":"https:\/\/btektech.com\/pt-pt\/wp-json\/wp\/v2\/product\/5447","targetHints":{"allow":["GET"]}}],"collection":[{"href":"https:\/\/btektech.com\/pt-pt\/wp-json\/wp\/v2\/product"}],"about":[{"href":"https:\/\/btektech.com\/pt-pt\/wp-json\/wp\/v2\/types\/product"}],"replies":[{"embeddable":true,"href":"https:\/\/btektech.com\/pt-pt\/wp-json\/wp\/v2\/comments?post=5447"}],"version-history":[{"count":0,"href":"https:\/\/btektech.com\/pt-pt\/wp-json\/wp\/v2\/product\/5447\/revisions"}],"wp:featuredmedia":[{"embeddable":true,"href":"https:\/\/btektech.com\/pt-pt\/wp-json\/wp\/v2\/media\/2159"}],"wp:attachment":[{"href":"https:\/\/btektech.com\/pt-pt\/wp-json\/wp\/v2\/media?parent=5447"}],"wp:term":[{"taxonomy":"product_brand","embeddable":true,"href":"https:\/\/btektech.com\/pt-pt\/wp-json\/wp\/v2\/product_brand?post=5447"},{"taxonomy":"product_cat","embeddable":true,"href":"https:\/\/btektech.com\/pt-pt\/wp-json\/wp\/v2\/product_cat?post=5447"},{"taxonomy":"product_tag","embeddable":true,"href":"https:\/\/btektech.com\/pt-pt\/wp-json\/wp\/v2\/product_tag?post=5447"}],"curies":[{"name":"wp","href":"https:\/\/api.w.org\/{rel}","templated":true}]}}