{"id":5444,"date":"2021-09-10T09:05:34","date_gmt":"2022-04-26T16:46:15","guid":{"rendered":"https:\/\/btektech.com\/product\/adaptador-de-seringa\/"},"modified":"2022-07-28T09:33:08","modified_gmt":"2022-07-28T09:33:08","slug":"adaptador-de-seringa","status":"publish","type":"product","link":"https:\/\/btektech.com\/pt-pt\/product\/adaptador-de-seringa\/","title":{"rendered":"Adaptador de seringa"},"content":{"rendered":"<p>A liga\u00e7\u00e3o do cartucho \u00e9 feita de materiais \u00e1cidos e resistentes \u00e0 alcalino e resistentes \u00e0 corros\u00e3o para garantir a qualidade industrial. Todos adotam bordas incorporadas, bordas com anel de veda\u00e7\u00e3o de silicone org\u00e2nico ou anel de veda\u00e7\u00e3o de borracha. O comprimento padr\u00e3o do tubo de ar \u00e9 de 1 metro, e pode suportar 1,5mpa de alta press\u00e3o. As juntas de tubos de ar americano e japon\u00eas podem ser usadas intercambiavelmente.<\/p>\n<div style=\"overflow: auto;\">\n<table style=\"text-align: center;\" border=\"0\"  cellspacing=\"0\" cellpadding=\"0\">\n<tbody>\n<tr>\n<th>Item N\u00ba.<\/th>\n<th>Capacidade<\/th>\n<\/tr>\n<tr>\n<td>SA03<\/td>\n<td>3CC<\/td>\n<\/tr>\n<tr>\n<td>SA05<\/td>\n<td>5CC<\/td>\n<\/tr>\n<tr>\n<td>SA10<\/td>\n<td>10CC<\/td>\n<\/tr>\n<tr>\n<td>SA30<\/td>\n<td>30CC<\/td>\n<\/tr>\n<tr>\n<td>SA55<\/td>\n<td>55CC<\/td>\n<\/tr>\n<\/tbody>\n<\/table>\n<\/div>\n","protected":false},"excerpt":{"rendered":"<p><span class=\"src\" data-group=\"0-0\">Os conectores adaptadores s\u00e3o feitos de materiais resistentes \u00e0 corros\u00e3o e de alta resist\u00eancia.  <\/span><span class=\"src\" data-group=\"0-1\">Pode garantir um longo tempo num ambiente de alta press\u00e3o sem fraturas.  <\/span><\/p>\n","protected":false},"featured_media":2216,"comment_status":"open","ping_status":"closed","template":"","meta":{"_acf_changed":false},"product_brand":[],"product_cat":[143],"product_tag":[],"class_list":{"0":"post-5444","1":"product","2":"type-product","3":"status-publish","4":"has-post-thumbnail","6":"product_cat-outros-suprimentos-de-distribuicao","8":"first","9":"instock","10":"shipping-taxable","11":"product-type-simple"},"acf":[],"yoast_head":"<!-- This site is optimized with the Yoast SEO plugin v26.0 - https:\/\/yoast.com\/wordpress\/plugins\/seo\/ -->\n<title>Adaptador de seringa - Btektech<\/title>\n<meta name=\"description\" content=\"Adaptador de seringa os conectores adaptadores s\u00e3o feitos de materiais resistentes \u00e0 corros\u00e3o e de alta resist\u00eancia.\" \/>\n<meta name=\"robots\" content=\"index, follow, max-snippet:-1, max-image-preview:large, max-video-preview:-1\" \/>\n<link rel=\"canonical\" href=\"https:\/\/btektech.com\/pt-pt\/product\/adaptador-de-seringa\/\" \/>\n<meta property=\"og:locale\" content=\"pt_PT\" \/>\n<meta property=\"og:type\" content=\"article\" \/>\n<meta property=\"og:title\" content=\"Adaptador de seringa - Btektech\" \/>\n<meta property=\"og:description\" content=\"Adaptador de seringa os conectores adaptadores s\u00e3o feitos de materiais resistentes \u00e0 corros\u00e3o e de alta resist\u00eancia.\" \/>\n<meta property=\"og:url\" content=\"https:\/\/btektech.com\/pt-pt\/product\/adaptador-de-seringa\/\" \/>\n<meta property=\"og:site_name\" content=\"Btektech\" \/>\n<meta property=\"article:modified_time\" content=\"2022-07-28T09:33:08+00:00\" \/>\n<meta property=\"og:image\" content=\"https:\/\/btektech.com\/wp-content\/uploads\/2021\/09\/52541a.jpg\" \/>\n\t<meta property=\"og:image:width\" content=\"1000\" \/>\n\t<meta property=\"og:image:height\" content=\"1000\" \/>\n\t<meta property=\"og:image:type\" content=\"image\/jpeg\" \/>\n<meta name=\"twitter:card\" content=\"summary_large_image\" \/>\n<meta name=\"twitter:site\" content=\"@Btektech1\" \/>\n<script type=\"application\/ld+json\" class=\"yoast-schema-graph\">{\"@context\":\"https:\/\/schema.org\",\"@graph\":[{\"@type\":[\"WebPage\",\"ItemPage\"],\"@id\":\"https:\/\/btektech.com\/pt-pt\/product\/adaptador-de-seringa\/\",\"url\":\"https:\/\/btektech.com\/pt-pt\/product\/adaptador-de-seringa\/\",\"name\":\"Adaptador de seringa - Btektech\",\"isPartOf\":{\"@id\":\"https:\/\/btektech.com\/#website\"},\"primaryImageOfPage\":{\"@id\":\"https:\/\/btektech.com\/pt-pt\/product\/adaptador-de-seringa\/#primaryimage\"},\"image\":{\"@id\":\"https:\/\/btektech.com\/pt-pt\/product\/adaptador-de-seringa\/#primaryimage\"},\"thumbnailUrl\":\"https:\/\/btektech.com\/wp-content\/uploads\/2021\/09\/52541a.jpg\",\"datePublished\":\"2022-04-26T16:46:15+00:00\",\"dateModified\":\"2022-07-28T09:33:08+00:00\",\"description\":\"Adaptador de seringa os conectores adaptadores s\u00e3o feitos de materiais resistentes \u00e0 corros\u00e3o e de alta resist\u00eancia.\",\"breadcrumb\":{\"@id\":\"https:\/\/btektech.com\/pt-pt\/product\/adaptador-de-seringa\/#breadcrumb\"},\"inLanguage\":\"pt-PT\",\"potentialAction\":[{\"@type\":\"ReadAction\",\"target\":[\"https:\/\/btektech.com\/pt-pt\/product\/adaptador-de-seringa\/\"]}]},{\"@type\":\"ImageObject\",\"inLanguage\":\"pt-PT\",\"@id\":\"https:\/\/btektech.com\/pt-pt\/product\/adaptador-de-seringa\/#primaryimage\",\"url\":\"https:\/\/btektech.com\/wp-content\/uploads\/2021\/09\/52541a.jpg\",\"contentUrl\":\"https:\/\/btektech.com\/wp-content\/uploads\/2021\/09\/52541a.jpg\",\"width\":1000,\"height\":1000,\"caption\":\"Adaptador de seringa\"},{\"@type\":\"BreadcrumbList\",\"@id\":\"https:\/\/btektech.com\/pt-pt\/product\/adaptador-de-seringa\/#breadcrumb\",\"itemListElement\":[{\"@type\":\"ListItem\",\"position\":1,\"name\":\"Home\",\"item\":\"https:\/\/btektech.com\/pt-pt\/home-2\/\"},{\"@type\":\"ListItem\",\"position\":2,\"name\":\"\u00dcr\u00fcnler\",\"item\":\"https:\/\/btektech.com\/tr\/shop\/\"},{\"@type\":\"ListItem\",\"position\":3,\"name\":\"Uncategorized\",\"item\":\"https:\/\/btektech.com\/pt-pt\/Categoria-de-Produto\/uncategorized-pt-pt\/\"},{\"@type\":\"ListItem\",\"position\":4,\"name\":\"Adaptador de seringa\"}]},{\"@type\":\"WebSite\",\"@id\":\"https:\/\/btektech.com\/#website\",\"url\":\"https:\/\/btektech.com\/\",\"name\":\"Btektech\",\"description\":\"\",\"publisher\":{\"@id\":\"https:\/\/btektech.com\/#organization\"},\"potentialAction\":[{\"@type\":\"SearchAction\",\"target\":{\"@type\":\"EntryPoint\",\"urlTemplate\":\"https:\/\/btektech.com\/?s={search_term_string}\"},\"query-input\":{\"@type\":\"PropertyValueSpecification\",\"valueRequired\":true,\"valueName\":\"search_term_string\"}}],\"inLanguage\":\"pt-PT\"},{\"@type\":\"Organization\",\"@id\":\"https:\/\/btektech.com\/#organization\",\"name\":\"Btektech\",\"url\":\"https:\/\/btektech.com\/\",\"logo\":{\"@type\":\"ImageObject\",\"inLanguage\":\"pt-PT\",\"@id\":\"https:\/\/btektech.com\/#\/schema\/logo\/image\/\",\"url\":\"https:\/\/btektech.com\/wp-content\/uploads\/2021\/08\/btektech-logo.png\",\"contentUrl\":\"https:\/\/btektech.com\/wp-content\/uploads\/2021\/08\/btektech-logo.png\",\"width\":250,\"height\":114,\"caption\":\"Btektech\"},\"image\":{\"@id\":\"https:\/\/btektech.com\/#\/schema\/logo\/image\/\"},\"sameAs\":[\"https:\/\/x.com\/Btektech1\",\"https:\/\/www.instagram.com\/btektech\/\",\"https:\/\/www.linkedin.com\/company\/suzhou-baotailong-electronic-materials-co-ltd\/\",\"https:\/\/www.pinterest.com\/btektech\/_saved\/\",\"https:\/\/www.youtube.com\/channel\/UCBiw4Bc4CmQDrdo-QqyVTqQ\"]}]}<\/script>\n<!-- \/ Yoast SEO plugin. -->","yoast_head_json":{"title":"Adaptador de seringa - Btektech","description":"Adaptador de seringa os conectores adaptadores s\u00e3o feitos de materiais resistentes \u00e0 corros\u00e3o e de alta resist\u00eancia.","robots":{"index":"index","follow":"follow","max-snippet":"max-snippet:-1","max-image-preview":"max-image-preview:large","max-video-preview":"max-video-preview:-1"},"canonical":"https:\/\/btektech.com\/pt-pt\/product\/adaptador-de-seringa\/","og_locale":"pt_PT","og_type":"article","og_title":"Adaptador de seringa - Btektech","og_description":"Adaptador de seringa os conectores adaptadores s\u00e3o feitos de materiais resistentes \u00e0 corros\u00e3o e de alta resist\u00eancia.","og_url":"https:\/\/btektech.com\/pt-pt\/product\/adaptador-de-seringa\/","og_site_name":"Btektech","article_modified_time":"2022-07-28T09:33:08+00:00","og_image":[{"width":1000,"height":1000,"url":"https:\/\/btektech.com\/wp-content\/uploads\/2021\/09\/52541a.jpg","type":"image\/jpeg"}],"twitter_card":"summary_large_image","twitter_site":"@Btektech1","schema":{"@context":"https:\/\/schema.org","@graph":[{"@type":["WebPage","ItemPage"],"@id":"https:\/\/btektech.com\/pt-pt\/product\/adaptador-de-seringa\/","url":"https:\/\/btektech.com\/pt-pt\/product\/adaptador-de-seringa\/","name":"Adaptador de seringa - Btektech","isPartOf":{"@id":"https:\/\/btektech.com\/#website"},"primaryImageOfPage":{"@id":"https:\/\/btektech.com\/pt-pt\/product\/adaptador-de-seringa\/#primaryimage"},"image":{"@id":"https:\/\/btektech.com\/pt-pt\/product\/adaptador-de-seringa\/#primaryimage"},"thumbnailUrl":"https:\/\/btektech.com\/wp-content\/uploads\/2021\/09\/52541a.jpg","datePublished":"2022-04-26T16:46:15+00:00","dateModified":"2022-07-28T09:33:08+00:00","description":"Adaptador de seringa os conectores adaptadores s\u00e3o feitos de materiais resistentes \u00e0 corros\u00e3o e de alta resist\u00eancia.","breadcrumb":{"@id":"https:\/\/btektech.com\/pt-pt\/product\/adaptador-de-seringa\/#breadcrumb"},"inLanguage":"pt-PT","potentialAction":[{"@type":"ReadAction","target":["https:\/\/btektech.com\/pt-pt\/product\/adaptador-de-seringa\/"]}]},{"@type":"ImageObject","inLanguage":"pt-PT","@id":"https:\/\/btektech.com\/pt-pt\/product\/adaptador-de-seringa\/#primaryimage","url":"https:\/\/btektech.com\/wp-content\/uploads\/2021\/09\/52541a.jpg","contentUrl":"https:\/\/btektech.com\/wp-content\/uploads\/2021\/09\/52541a.jpg","width":1000,"height":1000,"caption":"Adaptador de seringa"},{"@type":"BreadcrumbList","@id":"https:\/\/btektech.com\/pt-pt\/product\/adaptador-de-seringa\/#breadcrumb","itemListElement":[{"@type":"ListItem","position":1,"name":"Home","item":"https:\/\/btektech.com\/pt-pt\/home-2\/"},{"@type":"ListItem","position":2,"name":"\u00dcr\u00fcnler","item":"https:\/\/btektech.com\/tr\/shop\/"},{"@type":"ListItem","position":3,"name":"Uncategorized","item":"https:\/\/btektech.com\/pt-pt\/Categoria-de-Produto\/uncategorized-pt-pt\/"},{"@type":"ListItem","position":4,"name":"Adaptador de seringa"}]},{"@type":"WebSite","@id":"https:\/\/btektech.com\/#website","url":"https:\/\/btektech.com\/","name":"Btektech","description":"","publisher":{"@id":"https:\/\/btektech.com\/#organization"},"potentialAction":[{"@type":"SearchAction","target":{"@type":"EntryPoint","urlTemplate":"https:\/\/btektech.com\/?s={search_term_string}"},"query-input":{"@type":"PropertyValueSpecification","valueRequired":true,"valueName":"search_term_string"}}],"inLanguage":"pt-PT"},{"@type":"Organization","@id":"https:\/\/btektech.com\/#organization","name":"Btektech","url":"https:\/\/btektech.com\/","logo":{"@type":"ImageObject","inLanguage":"pt-PT","@id":"https:\/\/btektech.com\/#\/schema\/logo\/image\/","url":"https:\/\/btektech.com\/wp-content\/uploads\/2021\/08\/btektech-logo.png","contentUrl":"https:\/\/btektech.com\/wp-content\/uploads\/2021\/08\/btektech-logo.png","width":250,"height":114,"caption":"Btektech"},"image":{"@id":"https:\/\/btektech.com\/#\/schema\/logo\/image\/"},"sameAs":["https:\/\/x.com\/Btektech1","https:\/\/www.instagram.com\/btektech\/","https:\/\/www.linkedin.com\/company\/suzhou-baotailong-electronic-materials-co-ltd\/","https:\/\/www.pinterest.com\/btektech\/_saved\/","https:\/\/www.youtube.com\/channel\/UCBiw4Bc4CmQDrdo-QqyVTqQ"]}]}},"_links":{"self":[{"href":"https:\/\/btektech.com\/pt-pt\/wp-json\/wp\/v2\/product\/5444","targetHints":{"allow":["GET"]}}],"collection":[{"href":"https:\/\/btektech.com\/pt-pt\/wp-json\/wp\/v2\/product"}],"about":[{"href":"https:\/\/btektech.com\/pt-pt\/wp-json\/wp\/v2\/types\/product"}],"replies":[{"embeddable":true,"href":"https:\/\/btektech.com\/pt-pt\/wp-json\/wp\/v2\/comments?post=5444"}],"version-history":[{"count":0,"href":"https:\/\/btektech.com\/pt-pt\/wp-json\/wp\/v2\/product\/5444\/revisions"}],"wp:featuredmedia":[{"embeddable":true,"href":"https:\/\/btektech.com\/pt-pt\/wp-json\/wp\/v2\/media\/2216"}],"wp:attachment":[{"href":"https:\/\/btektech.com\/pt-pt\/wp-json\/wp\/v2\/media?parent=5444"}],"wp:term":[{"taxonomy":"product_brand","embeddable":true,"href":"https:\/\/btektech.com\/pt-pt\/wp-json\/wp\/v2\/product_brand?post=5444"},{"taxonomy":"product_cat","embeddable":true,"href":"https:\/\/btektech.com\/pt-pt\/wp-json\/wp\/v2\/product_cat?post=5444"},{"taxonomy":"product_tag","embeddable":true,"href":"https:\/\/btektech.com\/pt-pt\/wp-json\/wp\/v2\/product_tag?post=5444"}],"curies":[{"name":"wp","href":"https:\/\/api.w.org\/{rel}","templated":true}]}}