{"id":5438,"date":"2021-09-15T05:44:38","date_gmt":"2022-04-26T16:45:28","guid":{"rendered":"https:\/\/btektech.com\/product\/pinca-rebitante-de-orelha-unica\/"},"modified":"2022-11-21T01:58:17","modified_gmt":"2022-11-21T01:58:17","slug":"abracadeira-de-orelha-de-rebitagem","status":"publish","type":"product","link":"https:\/\/btektech.com\/pt-pt\/product\/abracadeira-de-orelha-de-rebitagem\/","title":{"rendered":"Abra\u00e7adeira de Orelha de Rebitagem"},"content":{"rendered":"<p>Existem moldes prontos para este tipo de grampo em especifica\u00e7\u00f5es comuns abaixo de 36.1, e todas as pequenas especifica\u00e7\u00f5es est\u00e3o dispon\u00edveis em stock.<\/p>\n<div style=\"text-align: center;\">\n<img fetchpriority=\"high\" decoding=\"async\" class=\"alignnone size-medium wp-image-2264\" src=\"https:\/\/btektech.com\/wp-content\/uploads\/2021\/09\/Screenshot-2021-09-15-132624-300x176.jpg\" alt=\"\" width=\"300\" height=\"176\" srcset=\"https:\/\/btektech.com\/wp-content\/uploads\/2021\/09\/Screenshot-2021-09-15-132624-300x176.jpg 300w, https:\/\/btektech.com\/wp-content\/uploads\/2021\/09\/Screenshot-2021-09-15-132624-400x235.jpg 400w, https:\/\/btektech.com\/wp-content\/uploads\/2021\/09\/Screenshot-2021-09-15-132624.jpg 408w\" sizes=\"(max-width: 300px) 100vw, 300px\" \/><img decoding=\"async\" class=\"alignnone size-medium wp-image-2268\" src=\"https:\/\/btektech.com\/wp-content\/uploads\/2021\/09\/single-ear-2021-09-15-132937-300x158.jpg\" alt=\"\" width=\"300\" height=\"158\" srcset=\"https:\/\/btektech.com\/wp-content\/uploads\/2021\/09\/single-ear-2021-09-15-132937-300x158.jpg 300w, https:\/\/btektech.com\/wp-content\/uploads\/2021\/09\/single-ear-2021-09-15-132937.jpg 329w\" sizes=\"(max-width: 300px) 100vw, 300px\" \/><\/div>\n<div style=\"overflow: auto;\">\n<table style=\"text-align: center;\">\n<tbody>\n<tr>\n<th>N\u00c3O.<\/th>\n<th>especifica\u00e7\u00e3o<\/th>\n<th>Largura do ouvido interno (mm)<\/th>\n<th>For\u00e7a de aperto<\/th>\n<th>peso(g)<\/th>\n<\/tr>\n<tr>\n<td>5105<\/td>\n<td>8.8-10.5<\/td>\n<td>5<\/td>\n<td>1200N<\/td>\n<td>1.45<\/td>\n<\/tr>\n<tr>\n<td>5113<\/td>\n<td>9.6-11.3<\/td>\n<td>6<\/td>\n<td>1200N<\/td>\n<td>1.46<\/td>\n<\/tr>\n<tr>\n<td>7123<\/td>\n<td>9.8-12.3<\/td>\n<td>6<\/td>\n<td>1200N<\/td>\n<td>1.47<\/td>\n<\/tr>\n<tr>\n<td>7133<\/td>\n<td>10.8-13.3<\/td>\n<td>6.5<\/td>\n<td>1200N<\/td>\n<td>1.48<\/td>\n<\/tr>\n<tr>\n<td>7138<\/td>\n<td>11.3-13.8<\/td>\n<td>6<\/td>\n<td>1200N<\/td>\n<td>1.5<\/td>\n<\/tr>\n<tr>\n<td>7140<\/td>\n<td>11.5-14.0<\/td>\n<td>6.5<\/td>\n<td>1200N<\/td>\n<td>1.75<\/td>\n<\/tr>\n<tr>\n<td>7145<\/td>\n<td>12.0-14.5<\/td>\n<td>6<\/td>\n<td>1200N<\/td>\n<td>1.75<\/td>\n<\/tr>\n<tr>\n<td>7157<\/td>\n<td>13.2-15.7<\/td>\n<td>7<\/td>\n<td>1200N<\/td>\n<td>1.9<\/td>\n<\/tr>\n<tr>\n<td>7170<\/td>\n<td>14.5-17.0<\/td>\n<td>6<\/td>\n<td>1200N<\/td>\n<td>1.98<\/td>\n<\/tr>\n<tr>\n<td>7185<\/td>\n<td>15.3-18.5<\/td>\n<td>9<\/td>\n<td>2000N<\/td>\n<td>2<\/td>\n<\/tr>\n<tr>\n<td>7192<\/td>\n<td>16.0-19.2<\/td>\n<td>9<\/td>\n<td>2000N<\/td>\n<td>2.1<\/td>\n<\/tr>\n<tr>\n<td>7198<\/td>\n<td>16.6-19.8<\/td>\n<td>9<\/td>\n<td>2000N<\/td>\n<td>2.1<\/td>\n<\/tr>\n<tr>\n<td>7210<\/td>\n<td>17.8-21.0<\/td>\n<td>9<\/td>\n<td>2000N<\/td>\n<td>2.26<\/td>\n<\/tr>\n<tr>\n<td>7226<\/td>\n<td>19.4-22.6<\/td>\n<td>9<\/td>\n<td>2000N<\/td>\n<td>2.42<\/td>\n<\/tr>\n<tr>\n<td>7241<\/td>\n<td>20.9-24.1<\/td>\n<td>9<\/td>\n<td>2000N<\/td>\n<td>2.58<\/td>\n<\/tr>\n<tr>\n<td>7256<\/td>\n<td>22.4-25.6<\/td>\n<td>9<\/td>\n<td>2000N<\/td>\n<td>2.74<\/td>\n<\/tr>\n<tr>\n<td>7271<\/td>\n<td>23.9-27.1<\/td>\n<td>10<\/td>\n<td>2000N<\/td>\n<td>2.9<\/td>\n<\/tr>\n<tr>\n<td>7286<\/td>\n<td>25.4-28.6<\/td>\n<td>10<\/td>\n<td>2000N<\/td>\n<td>3.06<\/td>\n<\/tr>\n<tr>\n<td>7301<\/td>\n<td>26.9-30.1<\/td>\n<td>10<\/td>\n<td>2000N<\/td>\n<td>3.22<\/td>\n<\/tr>\n<tr>\n<td>7316<\/td>\n<td>28.4-31.6<\/td>\n<td>10<\/td>\n<td>2000N<\/td>\n<td>3.38<\/td>\n<\/tr>\n<tr>\n<td>7331<\/td>\n<td>29.9-33.1<\/td>\n<td>10<\/td>\n<td>2000N<\/td>\n<td>3.54<\/td>\n<\/tr>\n<\/tbody>\n<\/table>\n<\/div>\n","protected":false},"excerpt":{"rendered":"<p>o peso \u00e9 mais leve, no caso de grandes quantidades, o pre\u00e7o \u00e9 mais barato.<\/p>\n","protected":false},"featured_media":2272,"comment_status":"open","ping_status":"closed","template":"","meta":{"_acf_changed":false},"product_brand":[],"product_cat":[140],"product_tag":[],"class_list":{"0":"post-5438","1":"product","2":"type-product","3":"status-publish","4":"has-post-thumbnail","6":"product_cat-abracadeiras","8":"first","9":"instock","10":"shipping-taxable","11":"product-type-simple"},"acf":[],"yoast_head":"<!-- This site is optimized with the Yoast SEO plugin v26.0 - https:\/\/yoast.com\/wordpress\/plugins\/seo\/ -->\n<title>Abra\u00e7adeira de Orelha de Rebitagem - Btektech<\/title>\n<meta name=\"description\" content=\"Abra\u00e7adeira de Orelha de Rebitagem \u00e9 mais leve, no caso de grandes quantidades, o pre\u00e7o \u00e9 mais barato.\" \/>\n<meta name=\"robots\" content=\"index, follow, max-snippet:-1, max-image-preview:large, max-video-preview:-1\" \/>\n<link rel=\"canonical\" href=\"https:\/\/btektech.com\/pt-pt\/product\/abracadeira-de-orelha-de-rebitagem\/\" \/>\n<meta property=\"og:locale\" content=\"pt_PT\" \/>\n<meta property=\"og:type\" content=\"article\" \/>\n<meta property=\"og:title\" content=\"Abra\u00e7adeira de Orelha de Rebitagem - Btektech\" \/>\n<meta property=\"og:description\" content=\"Abra\u00e7adeira de Orelha de Rebitagem \u00e9 mais leve, no caso de grandes quantidades, o pre\u00e7o \u00e9 mais barato.\" \/>\n<meta property=\"og:url\" content=\"https:\/\/btektech.com\/pt-pt\/product\/abracadeira-de-orelha-de-rebitagem\/\" \/>\n<meta property=\"og:site_name\" content=\"Btektech\" \/>\n<meta property=\"article:modified_time\" content=\"2022-11-21T01:58:17+00:00\" \/>\n<meta property=\"og:image\" content=\"https:\/\/btektech.com\/wp-content\/uploads\/2021\/09\/Single-ear-2021-09-15-132754.jpg\" \/>\n\t<meta property=\"og:image:width\" content=\"220\" \/>\n\t<meta property=\"og:image:height\" content=\"220\" \/>\n\t<meta property=\"og:image:type\" content=\"image\/jpeg\" \/>\n<meta name=\"twitter:card\" content=\"summary_large_image\" \/>\n<meta name=\"twitter:site\" content=\"@Btektech1\" \/>\n<meta name=\"twitter:label1\" content=\"Tempo estimado de leitura\" \/>\n\t<meta name=\"twitter:data1\" content=\"2 minutos\" \/>\n<script type=\"application\/ld+json\" class=\"yoast-schema-graph\">{\"@context\":\"https:\/\/schema.org\",\"@graph\":[{\"@type\":[\"WebPage\",\"ItemPage\"],\"@id\":\"https:\/\/btektech.com\/pt-pt\/product\/abracadeira-de-orelha-de-rebitagem\/\",\"url\":\"https:\/\/btektech.com\/pt-pt\/product\/abracadeira-de-orelha-de-rebitagem\/\",\"name\":\"Abra\u00e7adeira de Orelha de Rebitagem - Btektech\",\"isPartOf\":{\"@id\":\"https:\/\/btektech.com\/#website\"},\"primaryImageOfPage\":{\"@id\":\"https:\/\/btektech.com\/pt-pt\/product\/abracadeira-de-orelha-de-rebitagem\/#primaryimage\"},\"image\":{\"@id\":\"https:\/\/btektech.com\/pt-pt\/product\/abracadeira-de-orelha-de-rebitagem\/#primaryimage\"},\"thumbnailUrl\":\"https:\/\/btektech.com\/wp-content\/uploads\/2021\/09\/Single-ear-2021-09-15-132754.jpg\",\"datePublished\":\"2022-04-26T16:45:28+00:00\",\"dateModified\":\"2022-11-21T01:58:17+00:00\",\"description\":\"Abra\u00e7adeira de Orelha de Rebitagem \u00e9 mais leve, no caso de grandes quantidades, o pre\u00e7o \u00e9 mais barato.\",\"breadcrumb\":{\"@id\":\"https:\/\/btektech.com\/pt-pt\/product\/abracadeira-de-orelha-de-rebitagem\/#breadcrumb\"},\"inLanguage\":\"pt-PT\",\"potentialAction\":[{\"@type\":\"ReadAction\",\"target\":[\"https:\/\/btektech.com\/pt-pt\/product\/abracadeira-de-orelha-de-rebitagem\/\"]}]},{\"@type\":\"ImageObject\",\"inLanguage\":\"pt-PT\",\"@id\":\"https:\/\/btektech.com\/pt-pt\/product\/abracadeira-de-orelha-de-rebitagem\/#primaryimage\",\"url\":\"https:\/\/btektech.com\/wp-content\/uploads\/2021\/09\/Single-ear-2021-09-15-132754.jpg\",\"contentUrl\":\"https:\/\/btektech.com\/wp-content\/uploads\/2021\/09\/Single-ear-2021-09-15-132754.jpg\",\"width\":220,\"height\":220,\"caption\":\"Abra\u00e7adeira de Orelha de Rebitagem\"},{\"@type\":\"BreadcrumbList\",\"@id\":\"https:\/\/btektech.com\/pt-pt\/product\/abracadeira-de-orelha-de-rebitagem\/#breadcrumb\",\"itemListElement\":[{\"@type\":\"ListItem\",\"position\":1,\"name\":\"Home\",\"item\":\"https:\/\/btektech.com\/pt-pt\/\"},{\"@type\":\"ListItem\",\"position\":2,\"name\":\"\u00dcr\u00fcnler\",\"item\":\"https:\/\/btektech.com\/tr\/shop\/\"},{\"@type\":\"ListItem\",\"position\":3,\"name\":\"Heavy-Duty &amp; Industrial Hose Clamps\",\"item\":\"https:\/\/btektech.com\/product-category\/heavy-duty-and-industrial-hose-clamps\/\"},{\"@type\":\"ListItem\",\"position\":4,\"name\":\"Abra\u00e7adeira de Orelha de Rebitagem\"}]},{\"@type\":\"WebSite\",\"@id\":\"https:\/\/btektech.com\/#website\",\"url\":\"https:\/\/btektech.com\/\",\"name\":\"Btektech\",\"description\":\"\",\"publisher\":{\"@id\":\"https:\/\/btektech.com\/#organization\"},\"potentialAction\":[{\"@type\":\"SearchAction\",\"target\":{\"@type\":\"EntryPoint\",\"urlTemplate\":\"https:\/\/btektech.com\/?s={search_term_string}\"},\"query-input\":{\"@type\":\"PropertyValueSpecification\",\"valueRequired\":true,\"valueName\":\"search_term_string\"}}],\"inLanguage\":\"pt-PT\"},{\"@type\":\"Organization\",\"@id\":\"https:\/\/btektech.com\/#organization\",\"name\":\"Btektech\",\"url\":\"https:\/\/btektech.com\/\",\"logo\":{\"@type\":\"ImageObject\",\"inLanguage\":\"pt-PT\",\"@id\":\"https:\/\/btektech.com\/#\/schema\/logo\/image\/\",\"url\":\"https:\/\/btektech.com\/wp-content\/uploads\/2021\/08\/btektech-logo.png\",\"contentUrl\":\"https:\/\/btektech.com\/wp-content\/uploads\/2021\/08\/btektech-logo.png\",\"width\":250,\"height\":114,\"caption\":\"Btektech\"},\"image\":{\"@id\":\"https:\/\/btektech.com\/#\/schema\/logo\/image\/\"},\"sameAs\":[\"https:\/\/x.com\/Btektech1\",\"https:\/\/www.instagram.com\/btektech\/\",\"https:\/\/www.linkedin.com\/company\/suzhou-baotailong-electronic-materials-co-ltd\/\",\"https:\/\/www.pinterest.com\/btektech\/_saved\/\",\"https:\/\/www.youtube.com\/channel\/UCBiw4Bc4CmQDrdo-QqyVTqQ\"]}]}<\/script>\n<!-- \/ Yoast SEO plugin. -->","yoast_head_json":{"title":"Abra\u00e7adeira de Orelha de Rebitagem - Btektech","description":"Abra\u00e7adeira de Orelha de Rebitagem \u00e9 mais leve, no caso de grandes quantidades, o pre\u00e7o \u00e9 mais barato.","robots":{"index":"index","follow":"follow","max-snippet":"max-snippet:-1","max-image-preview":"max-image-preview:large","max-video-preview":"max-video-preview:-1"},"canonical":"https:\/\/btektech.com\/pt-pt\/product\/abracadeira-de-orelha-de-rebitagem\/","og_locale":"pt_PT","og_type":"article","og_title":"Abra\u00e7adeira de Orelha de Rebitagem - Btektech","og_description":"Abra\u00e7adeira de Orelha de Rebitagem \u00e9 mais leve, no caso de grandes quantidades, o pre\u00e7o \u00e9 mais barato.","og_url":"https:\/\/btektech.com\/pt-pt\/product\/abracadeira-de-orelha-de-rebitagem\/","og_site_name":"Btektech","article_modified_time":"2022-11-21T01:58:17+00:00","og_image":[{"width":220,"height":220,"url":"https:\/\/btektech.com\/wp-content\/uploads\/2021\/09\/Single-ear-2021-09-15-132754.jpg","type":"image\/jpeg"}],"twitter_card":"summary_large_image","twitter_site":"@Btektech1","twitter_misc":{"Tempo estimado de leitura":"2 minutos"},"schema":{"@context":"https:\/\/schema.org","@graph":[{"@type":["WebPage","ItemPage"],"@id":"https:\/\/btektech.com\/pt-pt\/product\/abracadeira-de-orelha-de-rebitagem\/","url":"https:\/\/btektech.com\/pt-pt\/product\/abracadeira-de-orelha-de-rebitagem\/","name":"Abra\u00e7adeira de Orelha de Rebitagem - Btektech","isPartOf":{"@id":"https:\/\/btektech.com\/#website"},"primaryImageOfPage":{"@id":"https:\/\/btektech.com\/pt-pt\/product\/abracadeira-de-orelha-de-rebitagem\/#primaryimage"},"image":{"@id":"https:\/\/btektech.com\/pt-pt\/product\/abracadeira-de-orelha-de-rebitagem\/#primaryimage"},"thumbnailUrl":"https:\/\/btektech.com\/wp-content\/uploads\/2021\/09\/Single-ear-2021-09-15-132754.jpg","datePublished":"2022-04-26T16:45:28+00:00","dateModified":"2022-11-21T01:58:17+00:00","description":"Abra\u00e7adeira de Orelha de Rebitagem \u00e9 mais leve, no caso de grandes quantidades, o pre\u00e7o \u00e9 mais barato.","breadcrumb":{"@id":"https:\/\/btektech.com\/pt-pt\/product\/abracadeira-de-orelha-de-rebitagem\/#breadcrumb"},"inLanguage":"pt-PT","potentialAction":[{"@type":"ReadAction","target":["https:\/\/btektech.com\/pt-pt\/product\/abracadeira-de-orelha-de-rebitagem\/"]}]},{"@type":"ImageObject","inLanguage":"pt-PT","@id":"https:\/\/btektech.com\/pt-pt\/product\/abracadeira-de-orelha-de-rebitagem\/#primaryimage","url":"https:\/\/btektech.com\/wp-content\/uploads\/2021\/09\/Single-ear-2021-09-15-132754.jpg","contentUrl":"https:\/\/btektech.com\/wp-content\/uploads\/2021\/09\/Single-ear-2021-09-15-132754.jpg","width":220,"height":220,"caption":"Abra\u00e7adeira de Orelha de Rebitagem"},{"@type":"BreadcrumbList","@id":"https:\/\/btektech.com\/pt-pt\/product\/abracadeira-de-orelha-de-rebitagem\/#breadcrumb","itemListElement":[{"@type":"ListItem","position":1,"name":"Home","item":"https:\/\/btektech.com\/pt-pt\/"},{"@type":"ListItem","position":2,"name":"\u00dcr\u00fcnler","item":"https:\/\/btektech.com\/tr\/shop\/"},{"@type":"ListItem","position":3,"name":"Heavy-Duty &amp; Industrial Hose Clamps","item":"https:\/\/btektech.com\/product-category\/heavy-duty-and-industrial-hose-clamps\/"},{"@type":"ListItem","position":4,"name":"Abra\u00e7adeira de Orelha de Rebitagem"}]},{"@type":"WebSite","@id":"https:\/\/btektech.com\/#website","url":"https:\/\/btektech.com\/","name":"Btektech","description":"","publisher":{"@id":"https:\/\/btektech.com\/#organization"},"potentialAction":[{"@type":"SearchAction","target":{"@type":"EntryPoint","urlTemplate":"https:\/\/btektech.com\/?s={search_term_string}"},"query-input":{"@type":"PropertyValueSpecification","valueRequired":true,"valueName":"search_term_string"}}],"inLanguage":"pt-PT"},{"@type":"Organization","@id":"https:\/\/btektech.com\/#organization","name":"Btektech","url":"https:\/\/btektech.com\/","logo":{"@type":"ImageObject","inLanguage":"pt-PT","@id":"https:\/\/btektech.com\/#\/schema\/logo\/image\/","url":"https:\/\/btektech.com\/wp-content\/uploads\/2021\/08\/btektech-logo.png","contentUrl":"https:\/\/btektech.com\/wp-content\/uploads\/2021\/08\/btektech-logo.png","width":250,"height":114,"caption":"Btektech"},"image":{"@id":"https:\/\/btektech.com\/#\/schema\/logo\/image\/"},"sameAs":["https:\/\/x.com\/Btektech1","https:\/\/www.instagram.com\/btektech\/","https:\/\/www.linkedin.com\/company\/suzhou-baotailong-electronic-materials-co-ltd\/","https:\/\/www.pinterest.com\/btektech\/_saved\/","https:\/\/www.youtube.com\/channel\/UCBiw4Bc4CmQDrdo-QqyVTqQ"]}]}},"_links":{"self":[{"href":"https:\/\/btektech.com\/pt-pt\/wp-json\/wp\/v2\/product\/5438","targetHints":{"allow":["GET"]}}],"collection":[{"href":"https:\/\/btektech.com\/pt-pt\/wp-json\/wp\/v2\/product"}],"about":[{"href":"https:\/\/btektech.com\/pt-pt\/wp-json\/wp\/v2\/types\/product"}],"replies":[{"embeddable":true,"href":"https:\/\/btektech.com\/pt-pt\/wp-json\/wp\/v2\/comments?post=5438"}],"version-history":[{"count":0,"href":"https:\/\/btektech.com\/pt-pt\/wp-json\/wp\/v2\/product\/5438\/revisions"}],"wp:featuredmedia":[{"embeddable":true,"href":"https:\/\/btektech.com\/pt-pt\/wp-json\/wp\/v2\/media\/2272"}],"wp:attachment":[{"href":"https:\/\/btektech.com\/pt-pt\/wp-json\/wp\/v2\/media?parent=5438"}],"wp:term":[{"taxonomy":"product_brand","embeddable":true,"href":"https:\/\/btektech.com\/pt-pt\/wp-json\/wp\/v2\/product_brand?post=5438"},{"taxonomy":"product_cat","embeddable":true,"href":"https:\/\/btektech.com\/pt-pt\/wp-json\/wp\/v2\/product_cat?post=5438"},{"taxonomy":"product_tag","embeddable":true,"href":"https:\/\/btektech.com\/pt-pt\/wp-json\/wp\/v2\/product_tag?post=5438"}],"curies":[{"name":"wp","href":"https:\/\/api.w.org\/{rel}","templated":true}]}}