{"id":5413,"date":"2021-09-15T10:17:54","date_gmt":"2022-04-25T17:59:53","guid":{"rendered":"https:\/\/btektech.com\/product\/pinca-integral-do-ouvido-unico\/"},"modified":"2022-11-21T01:59:28","modified_gmt":"2022-11-21T01:59:28","slug":"abracadeira-de-orelha-integrada","status":"publish","type":"product","link":"https:\/\/btektech.com\/pt-pt\/product\/abracadeira-de-orelha-integrada\/","title":{"rendered":"Abra\u00e7adeira de orelha Integrada"},"content":{"rendered":"<p>Liga\u00e7\u00e3o s\u00f3lida e fi\u00e1vel de design integrado compacta, adequada para pequenas pe\u00e7as. As arestas sem retoque reduzem o risco de danos na pe\u00e7a de trabalho.<\/p>\n<div style=\"text-align: center;\">\n<img fetchpriority=\"high\" decoding=\"async\" class=\"alignnone size-full wp-image-2336\" src=\"https:\/\/btektech.com\/wp-content\/uploads\/2021\/09\/2021-09-15-174740.jpg\" alt=\"\" width=\"296\" height=\"195\"><\/div>\n<div style=\"overflow: auto;\">\n<table style=\"border-collapse: collapse; text-align: center;\" border=\"0\"  cellspacing=\"0\" cellpadding=\"0\">\n<tbody>\n<tr>\n<th>especifica\u00e7\u00e3o<\/th>\n<th>Largura<\/th>\n<th>espessura<\/th>\n<th>Largura do ouvido<\/th>\n<\/tr>\n<tr>\n<td>5.5-6.6<\/td>\n<td>5<\/td>\n<td>0.6<\/td>\n<td>3.2<\/td>\n<\/tr>\n<tr>\n<td>6.0-7.0<\/td>\n<td>5<\/td>\n<td>0.6<\/td>\n<td>3<\/td>\n<\/tr>\n<tr>\n<td>6.3-7.5<\/td>\n<td>5<\/td>\n<td>0.6<\/td>\n<td>3.5<\/td>\n<\/tr>\n<tr>\n<td>6.7-8.0<\/td>\n<td>5<\/td>\n<td>0.6<\/td>\n<td>4<\/td>\n<\/tr>\n<tr>\n<td>7.4-8.7<\/td>\n<td>5<\/td>\n<td>0.6<\/td>\n<td>4<\/td>\n<\/tr>\n<tr>\n<td>7.4-9.0<\/td>\n<td>5<\/td>\n<td>0.6<\/td>\n<td>5<\/td>\n<\/tr>\n<tr>\n<td>7.9-9.5<\/td>\n<td>5<\/td>\n<td>0.6<\/td>\n<td>5<\/td>\n<\/tr>\n<tr>\n<td>8.4-10.0<\/td>\n<td>5<\/td>\n<td>0.6<\/td>\n<td>5<\/td>\n<\/tr>\n<tr>\n<td>8.7-10.5<\/td>\n<td>5<\/td>\n<td>0.6<\/td>\n<td>5<\/td>\n<\/tr>\n<tr>\n<td>9.5-11.3<\/td>\n<td>7<\/td>\n<td>0.7<\/td>\n<td>5.5<\/td>\n<\/tr>\n<tr>\n<td>10.2-12.0<\/td>\n<td>7<\/td>\n<td>0.7<\/td>\n<td>5.5<\/td>\n<\/tr>\n<tr>\n<td>10.2-12.3<\/td>\n<td>7<\/td>\n<td>0.7<\/td>\n<td>6.5<\/td>\n<\/tr>\n<tr>\n<td>10.7-12.8<\/td>\n<td>7<\/td>\n<td>0.7<\/td>\n<td>6.5<\/td>\n<\/tr>\n<tr>\n<td>11.2-13.3<\/td>\n<td>7<\/td>\n<td>0.7<\/td>\n<td>6.5<\/td>\n<\/tr>\n<tr>\n<td>11.7-13.8<\/td>\n<td>7<\/td>\n<td>0.7<\/td>\n<td>6.5<\/td>\n<\/tr>\n<tr>\n<td>11.9-14.0<\/td>\n<td>7<\/td>\n<td>0.7<\/td>\n<td>6.5<\/td>\n<\/tr>\n<tr>\n<td>12.4-14.5<\/td>\n<td>7<\/td>\n<td>0.7<\/td>\n<td>6.5<\/td>\n<\/tr>\n<tr>\n<td>14.3-15.5<\/td>\n<td>7<\/td>\n<td>0.7<\/td>\n<td>6.5<\/td>\n<\/tr>\n<tr>\n<td>13.7-16.0<\/td>\n<td>7<\/td>\n<td>0.7<\/td>\n<td>7<\/td>\n<\/tr>\n<tr>\n<td>14.5-16.8<\/td>\n<td>7<\/td>\n<td>0.7<\/td>\n<td>7<\/td>\n<\/tr>\n<tr>\n<td>15.2-17.5<\/td>\n<td>7<\/td>\n<td>0.7<\/td>\n<td>7<\/td>\n<\/tr>\n<tr>\n<td>16.2-18.5<\/td>\n<td>7<\/td>\n<td>0.7<\/td>\n<td>7<\/td>\n<\/tr>\n<tr>\n<td>16.9-19.2<\/td>\n<td>7<\/td>\n<td>0.7<\/td>\n<td>7<\/td>\n<\/tr>\n<\/tbody>\n<\/table>\n<\/div>\n","protected":false},"excerpt":{"rendered":"<p>Efeito de instala\u00e7\u00e3o visual r\u00e1pido e f\u00e1cil de instalar.<\/p>\n","protected":false},"featured_media":2340,"comment_status":"open","ping_status":"closed","template":"","meta":{"_acf_changed":false},"product_brand":[],"product_cat":[140],"product_tag":[],"class_list":{"0":"post-5413","1":"product","2":"type-product","3":"status-publish","4":"has-post-thumbnail","6":"product_cat-abracadeiras","8":"first","9":"instock","10":"shipping-taxable","11":"product-type-simple"},"acf":[],"yoast_head":"<!-- This site is optimized with the Yoast SEO plugin v26.0 - https:\/\/yoast.com\/wordpress\/plugins\/seo\/ -->\n<title>Abra\u00e7adeira de orelha Integrada - Btektech<\/title>\n<meta name=\"description\" content=\"Liga\u00e7\u00e3o s\u00f3lida e fi\u00e1vel de design integrado compacta, adequada para pequenas pe\u00e7as. As arestas sem retoque reduzem o risco de danos na pe\u00e7a de trabalho.\" \/>\n<meta name=\"robots\" content=\"index, follow, max-snippet:-1, max-image-preview:large, max-video-preview:-1\" \/>\n<link rel=\"canonical\" href=\"https:\/\/btektech.com\/pt-pt\/product\/abracadeira-de-orelha-integrada\/\" \/>\n<meta property=\"og:locale\" content=\"pt_PT\" \/>\n<meta property=\"og:type\" content=\"article\" \/>\n<meta property=\"og:title\" content=\"Abra\u00e7adeira de orelha Integrada - Btektech\" \/>\n<meta property=\"og:description\" content=\"Liga\u00e7\u00e3o s\u00f3lida e fi\u00e1vel de design integrado compacta, adequada para pequenas pe\u00e7as. As arestas sem retoque reduzem o risco de danos na pe\u00e7a de trabalho.\" \/>\n<meta property=\"og:url\" content=\"https:\/\/btektech.com\/pt-pt\/product\/abracadeira-de-orelha-integrada\/\" \/>\n<meta property=\"og:site_name\" content=\"Btektech\" \/>\n<meta property=\"article:modified_time\" content=\"2022-11-21T01:59:28+00:00\" \/>\n<meta property=\"og:image\" content=\"https:\/\/btektech.com\/wp-content\/uploads\/2021\/09\/20210915180554.jpg\" \/>\n\t<meta property=\"og:image:width\" content=\"800\" \/>\n\t<meta property=\"og:image:height\" content=\"800\" \/>\n\t<meta property=\"og:image:type\" content=\"image\/jpeg\" \/>\n<meta name=\"twitter:card\" content=\"summary_large_image\" \/>\n<meta name=\"twitter:site\" content=\"@Btektech1\" \/>\n<meta name=\"twitter:label1\" content=\"Tempo estimado de leitura\" \/>\n\t<meta name=\"twitter:data1\" content=\"1 minuto\" \/>\n<script type=\"application\/ld+json\" class=\"yoast-schema-graph\">{\"@context\":\"https:\/\/schema.org\",\"@graph\":[{\"@type\":[\"WebPage\",\"ItemPage\"],\"@id\":\"https:\/\/btektech.com\/pt-pt\/product\/abracadeira-de-orelha-integrada\/\",\"url\":\"https:\/\/btektech.com\/pt-pt\/product\/abracadeira-de-orelha-integrada\/\",\"name\":\"Abra\u00e7adeira de orelha Integrada - Btektech\",\"isPartOf\":{\"@id\":\"https:\/\/btektech.com\/#website\"},\"primaryImageOfPage\":{\"@id\":\"https:\/\/btektech.com\/pt-pt\/product\/abracadeira-de-orelha-integrada\/#primaryimage\"},\"image\":{\"@id\":\"https:\/\/btektech.com\/pt-pt\/product\/abracadeira-de-orelha-integrada\/#primaryimage\"},\"thumbnailUrl\":\"https:\/\/btektech.com\/wp-content\/uploads\/2021\/09\/20210915180554.jpg\",\"datePublished\":\"2022-04-25T17:59:53+00:00\",\"dateModified\":\"2022-11-21T01:59:28+00:00\",\"description\":\"Liga\u00e7\u00e3o s\u00f3lida e fi\u00e1vel de design integrado compacta, adequada para pequenas pe\u00e7as. As arestas sem retoque reduzem o risco de danos na pe\u00e7a de trabalho.\",\"breadcrumb\":{\"@id\":\"https:\/\/btektech.com\/pt-pt\/product\/abracadeira-de-orelha-integrada\/#breadcrumb\"},\"inLanguage\":\"pt-PT\",\"potentialAction\":[{\"@type\":\"ReadAction\",\"target\":[\"https:\/\/btektech.com\/pt-pt\/product\/abracadeira-de-orelha-integrada\/\"]}]},{\"@type\":\"ImageObject\",\"inLanguage\":\"pt-PT\",\"@id\":\"https:\/\/btektech.com\/pt-pt\/product\/abracadeira-de-orelha-integrada\/#primaryimage\",\"url\":\"https:\/\/btektech.com\/wp-content\/uploads\/2021\/09\/20210915180554.jpg\",\"contentUrl\":\"https:\/\/btektech.com\/wp-content\/uploads\/2021\/09\/20210915180554.jpg\",\"width\":800,\"height\":800,\"caption\":\"Abra\u00e7adeira de orelha Integrada\"},{\"@type\":\"BreadcrumbList\",\"@id\":\"https:\/\/btektech.com\/pt-pt\/product\/abracadeira-de-orelha-integrada\/#breadcrumb\",\"itemListElement\":[{\"@type\":\"ListItem\",\"position\":1,\"name\":\"Home\",\"item\":\"https:\/\/btektech.com\/pt-pt\/home-2\/\"},{\"@type\":\"ListItem\",\"position\":2,\"name\":\"\u00dcr\u00fcnler\",\"item\":\"https:\/\/btektech.com\/tr\/shop\/\"},{\"@type\":\"ListItem\",\"position\":3,\"name\":\"Heavy-Duty &amp; Industrial Hose Clamps\",\"item\":\"https:\/\/btektech.com\/product-category\/heavy-duty-and-industrial-hose-clamps\/\"},{\"@type\":\"ListItem\",\"position\":4,\"name\":\"Abra\u00e7adeira de orelha Integrada\"}]},{\"@type\":\"WebSite\",\"@id\":\"https:\/\/btektech.com\/#website\",\"url\":\"https:\/\/btektech.com\/\",\"name\":\"Btektech\",\"description\":\"\",\"publisher\":{\"@id\":\"https:\/\/btektech.com\/#organization\"},\"potentialAction\":[{\"@type\":\"SearchAction\",\"target\":{\"@type\":\"EntryPoint\",\"urlTemplate\":\"https:\/\/btektech.com\/?s={search_term_string}\"},\"query-input\":{\"@type\":\"PropertyValueSpecification\",\"valueRequired\":true,\"valueName\":\"search_term_string\"}}],\"inLanguage\":\"pt-PT\"},{\"@type\":\"Organization\",\"@id\":\"https:\/\/btektech.com\/#organization\",\"name\":\"Btektech\",\"url\":\"https:\/\/btektech.com\/\",\"logo\":{\"@type\":\"ImageObject\",\"inLanguage\":\"pt-PT\",\"@id\":\"https:\/\/btektech.com\/#\/schema\/logo\/image\/\",\"url\":\"https:\/\/btektech.com\/wp-content\/uploads\/2021\/08\/btektech-logo.png\",\"contentUrl\":\"https:\/\/btektech.com\/wp-content\/uploads\/2021\/08\/btektech-logo.png\",\"width\":250,\"height\":114,\"caption\":\"Btektech\"},\"image\":{\"@id\":\"https:\/\/btektech.com\/#\/schema\/logo\/image\/\"},\"sameAs\":[\"https:\/\/x.com\/Btektech1\",\"https:\/\/www.instagram.com\/btektech\/\",\"https:\/\/www.linkedin.com\/company\/suzhou-baotailong-electronic-materials-co-ltd\/\",\"https:\/\/www.pinterest.com\/btektech\/_saved\/\",\"https:\/\/www.youtube.com\/channel\/UCBiw4Bc4CmQDrdo-QqyVTqQ\"]}]}<\/script>\n<!-- \/ Yoast SEO plugin. -->","yoast_head_json":{"title":"Abra\u00e7adeira de orelha Integrada - Btektech","description":"Liga\u00e7\u00e3o s\u00f3lida e fi\u00e1vel de design integrado compacta, adequada para pequenas pe\u00e7as. As arestas sem retoque reduzem o risco de danos na pe\u00e7a de trabalho.","robots":{"index":"index","follow":"follow","max-snippet":"max-snippet:-1","max-image-preview":"max-image-preview:large","max-video-preview":"max-video-preview:-1"},"canonical":"https:\/\/btektech.com\/pt-pt\/product\/abracadeira-de-orelha-integrada\/","og_locale":"pt_PT","og_type":"article","og_title":"Abra\u00e7adeira de orelha Integrada - Btektech","og_description":"Liga\u00e7\u00e3o s\u00f3lida e fi\u00e1vel de design integrado compacta, adequada para pequenas pe\u00e7as. As arestas sem retoque reduzem o risco de danos na pe\u00e7a de trabalho.","og_url":"https:\/\/btektech.com\/pt-pt\/product\/abracadeira-de-orelha-integrada\/","og_site_name":"Btektech","article_modified_time":"2022-11-21T01:59:28+00:00","og_image":[{"width":800,"height":800,"url":"https:\/\/btektech.com\/wp-content\/uploads\/2021\/09\/20210915180554.jpg","type":"image\/jpeg"}],"twitter_card":"summary_large_image","twitter_site":"@Btektech1","twitter_misc":{"Tempo estimado de leitura":"1 minuto"},"schema":{"@context":"https:\/\/schema.org","@graph":[{"@type":["WebPage","ItemPage"],"@id":"https:\/\/btektech.com\/pt-pt\/product\/abracadeira-de-orelha-integrada\/","url":"https:\/\/btektech.com\/pt-pt\/product\/abracadeira-de-orelha-integrada\/","name":"Abra\u00e7adeira de orelha Integrada - Btektech","isPartOf":{"@id":"https:\/\/btektech.com\/#website"},"primaryImageOfPage":{"@id":"https:\/\/btektech.com\/pt-pt\/product\/abracadeira-de-orelha-integrada\/#primaryimage"},"image":{"@id":"https:\/\/btektech.com\/pt-pt\/product\/abracadeira-de-orelha-integrada\/#primaryimage"},"thumbnailUrl":"https:\/\/btektech.com\/wp-content\/uploads\/2021\/09\/20210915180554.jpg","datePublished":"2022-04-25T17:59:53+00:00","dateModified":"2022-11-21T01:59:28+00:00","description":"Liga\u00e7\u00e3o s\u00f3lida e fi\u00e1vel de design integrado compacta, adequada para pequenas pe\u00e7as. As arestas sem retoque reduzem o risco de danos na pe\u00e7a de trabalho.","breadcrumb":{"@id":"https:\/\/btektech.com\/pt-pt\/product\/abracadeira-de-orelha-integrada\/#breadcrumb"},"inLanguage":"pt-PT","potentialAction":[{"@type":"ReadAction","target":["https:\/\/btektech.com\/pt-pt\/product\/abracadeira-de-orelha-integrada\/"]}]},{"@type":"ImageObject","inLanguage":"pt-PT","@id":"https:\/\/btektech.com\/pt-pt\/product\/abracadeira-de-orelha-integrada\/#primaryimage","url":"https:\/\/btektech.com\/wp-content\/uploads\/2021\/09\/20210915180554.jpg","contentUrl":"https:\/\/btektech.com\/wp-content\/uploads\/2021\/09\/20210915180554.jpg","width":800,"height":800,"caption":"Abra\u00e7adeira de orelha Integrada"},{"@type":"BreadcrumbList","@id":"https:\/\/btektech.com\/pt-pt\/product\/abracadeira-de-orelha-integrada\/#breadcrumb","itemListElement":[{"@type":"ListItem","position":1,"name":"Home","item":"https:\/\/btektech.com\/pt-pt\/home-2\/"},{"@type":"ListItem","position":2,"name":"\u00dcr\u00fcnler","item":"https:\/\/btektech.com\/tr\/shop\/"},{"@type":"ListItem","position":3,"name":"Heavy-Duty &amp; Industrial Hose Clamps","item":"https:\/\/btektech.com\/product-category\/heavy-duty-and-industrial-hose-clamps\/"},{"@type":"ListItem","position":4,"name":"Abra\u00e7adeira de orelha Integrada"}]},{"@type":"WebSite","@id":"https:\/\/btektech.com\/#website","url":"https:\/\/btektech.com\/","name":"Btektech","description":"","publisher":{"@id":"https:\/\/btektech.com\/#organization"},"potentialAction":[{"@type":"SearchAction","target":{"@type":"EntryPoint","urlTemplate":"https:\/\/btektech.com\/?s={search_term_string}"},"query-input":{"@type":"PropertyValueSpecification","valueRequired":true,"valueName":"search_term_string"}}],"inLanguage":"pt-PT"},{"@type":"Organization","@id":"https:\/\/btektech.com\/#organization","name":"Btektech","url":"https:\/\/btektech.com\/","logo":{"@type":"ImageObject","inLanguage":"pt-PT","@id":"https:\/\/btektech.com\/#\/schema\/logo\/image\/","url":"https:\/\/btektech.com\/wp-content\/uploads\/2021\/08\/btektech-logo.png","contentUrl":"https:\/\/btektech.com\/wp-content\/uploads\/2021\/08\/btektech-logo.png","width":250,"height":114,"caption":"Btektech"},"image":{"@id":"https:\/\/btektech.com\/#\/schema\/logo\/image\/"},"sameAs":["https:\/\/x.com\/Btektech1","https:\/\/www.instagram.com\/btektech\/","https:\/\/www.linkedin.com\/company\/suzhou-baotailong-electronic-materials-co-ltd\/","https:\/\/www.pinterest.com\/btektech\/_saved\/","https:\/\/www.youtube.com\/channel\/UCBiw4Bc4CmQDrdo-QqyVTqQ"]}]}},"_links":{"self":[{"href":"https:\/\/btektech.com\/pt-pt\/wp-json\/wp\/v2\/product\/5413","targetHints":{"allow":["GET"]}}],"collection":[{"href":"https:\/\/btektech.com\/pt-pt\/wp-json\/wp\/v2\/product"}],"about":[{"href":"https:\/\/btektech.com\/pt-pt\/wp-json\/wp\/v2\/types\/product"}],"replies":[{"embeddable":true,"href":"https:\/\/btektech.com\/pt-pt\/wp-json\/wp\/v2\/comments?post=5413"}],"version-history":[{"count":0,"href":"https:\/\/btektech.com\/pt-pt\/wp-json\/wp\/v2\/product\/5413\/revisions"}],"wp:featuredmedia":[{"embeddable":true,"href":"https:\/\/btektech.com\/pt-pt\/wp-json\/wp\/v2\/media\/2340"}],"wp:attachment":[{"href":"https:\/\/btektech.com\/pt-pt\/wp-json\/wp\/v2\/media?parent=5413"}],"wp:term":[{"taxonomy":"product_brand","embeddable":true,"href":"https:\/\/btektech.com\/pt-pt\/wp-json\/wp\/v2\/product_brand?post=5413"},{"taxonomy":"product_cat","embeddable":true,"href":"https:\/\/btektech.com\/pt-pt\/wp-json\/wp\/v2\/product_cat?post=5413"},{"taxonomy":"product_tag","embeddable":true,"href":"https:\/\/btektech.com\/pt-pt\/wp-json\/wp\/v2\/product_tag?post=5413"}],"curies":[{"name":"wp","href":"https:\/\/api.w.org\/{rel}","templated":true}]}}