{"id":5401,"date":"2021-09-16T09:21:24","date_gmt":"2022-04-25T17:56:28","guid":{"rendered":"https:\/\/btektech.com\/product\/pinca-de-orelha-unica-com-tubo-de-elevacao-de-espigoes\/"},"modified":"2022-11-21T01:57:12","modified_gmt":"2022-11-21T01:57:12","slug":"abracadeira-de-orelha-com-parafuso","status":"publish","type":"product","link":"https:\/\/btektech.com\/pt-pt\/product\/abracadeira-de-orelha-com-parafuso\/","title":{"rendered":"Abra\u00e7adeira de Orelha com Parafuso"},"content":{"rendered":"<p>Abra\u00e7adeira de Orelha com Parafuso projetado para airbags autom\u00f3veis, a for\u00e7a de aperto e a resist\u00eancia ao impacto s\u00e3o muito fortes.<\/p>\n<div style=\"text-align: center;\">\n<img fetchpriority=\"high\" decoding=\"async\" class=\"alignnone size-medium wp-image-2360\" src=\"https:\/\/btektech.com\/wp-content\/uploads\/2021\/09\/Screenshot-2021-09-16-165219-300x169.jpg\" alt=\"\" width=\"300\" height=\"169\" srcset=\"https:\/\/btektech.com\/wp-content\/uploads\/2021\/09\/Screenshot-2021-09-16-165219-300x169.jpg 300w, https:\/\/btektech.com\/wp-content\/uploads\/2021\/09\/Screenshot-2021-09-16-165219-400x225.jpg 400w, https:\/\/btektech.com\/wp-content\/uploads\/2021\/09\/Screenshot-2021-09-16-165219.jpg 739w\" sizes=\"(max-width: 300px) 100vw, 300px\" \/><\/div>\n<div style=\"overflow: auto;\">\n<table style=\"border-collapse: collapse; text-align: center;\" border=\"0\"  cellspacing=\"0\" cellpadding=\"0\">\n<tbody>\n<tr>\n<th>material(largura*espessura)<\/th>\n<th>di\u00e2metro<\/th>\n<th>parafuso<\/th>\n<th>For\u00e7a de aperto<\/th>\n<th>pin\u00e7as pneum\u00e1ticas<\/th>\n<th>Grampo manual<\/th>\n<\/tr>\n<tr>\n<td>10*1.0<\/td>\n<td>20.6-50<\/td>\n<td>M6<\/td>\n<td>4600<\/td>\n<td>TM5000<\/td>\n<td>M03<\/td>\n<\/tr>\n<tr>\n<td>10*1.0<\/td>\n<td>20.6-50<\/td>\n<td>M5<\/td>\n<td>5000<\/td>\n<td>TM5000<\/td>\n<td>M03<\/td>\n<\/tr>\n<tr>\n<td>14*1.0<\/td>\n<td>20.6-50<\/td>\n<td>M6<\/td>\n<td>7000<\/td>\n<td>TM7000<\/td>\n<td>M03<\/td>\n<\/tr>\n<tr>\n<td>14*1.0<\/td>\n<td>20.6-50<\/td>\n<td>M5<\/td>\n<td>7400<\/td>\n<td>TM7000<\/td>\n<td>M03<\/td>\n<\/tr>\n<\/tbody>\n<\/table>\n<\/div>\n","protected":false},"excerpt":{"rendered":"<p>Os materiais de a\u00e7o galvanizados de alta qualidade, a corros\u00e3o e o efeito de preven\u00e7\u00e3o da ferrugem s\u00e3o bons. F\u00e1cil e r\u00e1pido de instalar.<\/p>\n","protected":false},"featured_media":2364,"comment_status":"open","ping_status":"closed","template":"","meta":{"_acf_changed":false},"product_brand":[],"product_cat":[140],"product_tag":[],"class_list":{"0":"post-5401","1":"product","2":"type-product","3":"status-publish","4":"has-post-thumbnail","6":"product_cat-abracadeiras","8":"first","9":"instock","10":"shipping-taxable","11":"product-type-simple"},"acf":[],"yoast_head":"<!-- This site is optimized with the Yoast SEO plugin v26.0 - https:\/\/yoast.com\/wordpress\/plugins\/seo\/ -->\n<title>Abra\u00e7adeira de Orelha com Parafuso - Btektech<\/title>\n<meta name=\"description\" content=\"Abra\u00e7adeira de Orelha com Parafuso a corros\u00e3o e o efeito de preven\u00e7\u00e3o da ferrugem s\u00e3o bons.\" \/>\n<meta name=\"robots\" content=\"index, follow, max-snippet:-1, max-image-preview:large, max-video-preview:-1\" \/>\n<link rel=\"canonical\" href=\"https:\/\/btektech.com\/pt-pt\/product\/abracadeira-de-orelha-com-parafuso\/\" \/>\n<meta property=\"og:locale\" content=\"pt_PT\" \/>\n<meta property=\"og:type\" content=\"article\" \/>\n<meta property=\"og:title\" content=\"Abra\u00e7adeira de Orelha com Parafuso - Btektech\" \/>\n<meta property=\"og:description\" content=\"Abra\u00e7adeira de Orelha com Parafuso a corros\u00e3o e o efeito de preven\u00e7\u00e3o da ferrugem s\u00e3o bons.\" \/>\n<meta property=\"og:url\" content=\"https:\/\/btektech.com\/pt-pt\/product\/abracadeira-de-orelha-com-parafuso\/\" \/>\n<meta property=\"og:site_name\" content=\"Btektech\" \/>\n<meta property=\"article:modified_time\" content=\"2022-11-21T01:57:12+00:00\" \/>\n<meta property=\"og:image\" content=\"https:\/\/btektech.com\/wp-content\/uploads\/2021\/09\/car_20210916171230.jpg\" \/>\n\t<meta property=\"og:image:width\" content=\"600\" \/>\n\t<meta property=\"og:image:height\" content=\"600\" \/>\n\t<meta property=\"og:image:type\" content=\"image\/jpeg\" \/>\n<meta name=\"twitter:card\" content=\"summary_large_image\" \/>\n<meta name=\"twitter:site\" content=\"@Btektech1\" \/>\n<meta name=\"twitter:label1\" content=\"Tempo estimado de leitura\" \/>\n\t<meta name=\"twitter:data1\" content=\"1 minuto\" \/>\n<script type=\"application\/ld+json\" class=\"yoast-schema-graph\">{\"@context\":\"https:\/\/schema.org\",\"@graph\":[{\"@type\":[\"WebPage\",\"ItemPage\"],\"@id\":\"https:\/\/btektech.com\/pt-pt\/product\/abracadeira-de-orelha-com-parafuso\/\",\"url\":\"https:\/\/btektech.com\/pt-pt\/product\/abracadeira-de-orelha-com-parafuso\/\",\"name\":\"Abra\u00e7adeira de Orelha com Parafuso - Btektech\",\"isPartOf\":{\"@id\":\"https:\/\/btektech.com\/#website\"},\"primaryImageOfPage\":{\"@id\":\"https:\/\/btektech.com\/pt-pt\/product\/abracadeira-de-orelha-com-parafuso\/#primaryimage\"},\"image\":{\"@id\":\"https:\/\/btektech.com\/pt-pt\/product\/abracadeira-de-orelha-com-parafuso\/#primaryimage\"},\"thumbnailUrl\":\"https:\/\/btektech.com\/wp-content\/uploads\/2021\/09\/car_20210916171230.jpg\",\"datePublished\":\"2022-04-25T17:56:28+00:00\",\"dateModified\":\"2022-11-21T01:57:12+00:00\",\"description\":\"Abra\u00e7adeira de Orelha com Parafuso a corros\u00e3o e o efeito de preven\u00e7\u00e3o da ferrugem s\u00e3o bons.\",\"breadcrumb\":{\"@id\":\"https:\/\/btektech.com\/pt-pt\/product\/abracadeira-de-orelha-com-parafuso\/#breadcrumb\"},\"inLanguage\":\"pt-PT\",\"potentialAction\":[{\"@type\":\"ReadAction\",\"target\":[\"https:\/\/btektech.com\/pt-pt\/product\/abracadeira-de-orelha-com-parafuso\/\"]}]},{\"@type\":\"ImageObject\",\"inLanguage\":\"pt-PT\",\"@id\":\"https:\/\/btektech.com\/pt-pt\/product\/abracadeira-de-orelha-com-parafuso\/#primaryimage\",\"url\":\"https:\/\/btektech.com\/wp-content\/uploads\/2021\/09\/car_20210916171230.jpg\",\"contentUrl\":\"https:\/\/btektech.com\/wp-content\/uploads\/2021\/09\/car_20210916171230.jpg\",\"width\":600,\"height\":600,\"caption\":\"Abra\u00e7adeira de Orelha com Parafuso\"},{\"@type\":\"BreadcrumbList\",\"@id\":\"https:\/\/btektech.com\/pt-pt\/product\/abracadeira-de-orelha-com-parafuso\/#breadcrumb\",\"itemListElement\":[{\"@type\":\"ListItem\",\"position\":1,\"name\":\"Home\",\"item\":\"https:\/\/btektech.com\/pt-pt\/home-2\/\"},{\"@type\":\"ListItem\",\"position\":2,\"name\":\"\u00dcr\u00fcnler\",\"item\":\"https:\/\/btektech.com\/tr\/shop\/\"},{\"@type\":\"ListItem\",\"position\":3,\"name\":\"Heavy-Duty &amp; Industrial Hose Clamps\",\"item\":\"https:\/\/btektech.com\/product-category\/heavy-duty-and-industrial-hose-clamps\/\"},{\"@type\":\"ListItem\",\"position\":4,\"name\":\"Abra\u00e7adeira de Orelha com Parafuso\"}]},{\"@type\":\"WebSite\",\"@id\":\"https:\/\/btektech.com\/#website\",\"url\":\"https:\/\/btektech.com\/\",\"name\":\"Btektech\",\"description\":\"\",\"publisher\":{\"@id\":\"https:\/\/btektech.com\/#organization\"},\"potentialAction\":[{\"@type\":\"SearchAction\",\"target\":{\"@type\":\"EntryPoint\",\"urlTemplate\":\"https:\/\/btektech.com\/?s={search_term_string}\"},\"query-input\":{\"@type\":\"PropertyValueSpecification\",\"valueRequired\":true,\"valueName\":\"search_term_string\"}}],\"inLanguage\":\"pt-PT\"},{\"@type\":\"Organization\",\"@id\":\"https:\/\/btektech.com\/#organization\",\"name\":\"Btektech\",\"url\":\"https:\/\/btektech.com\/\",\"logo\":{\"@type\":\"ImageObject\",\"inLanguage\":\"pt-PT\",\"@id\":\"https:\/\/btektech.com\/#\/schema\/logo\/image\/\",\"url\":\"https:\/\/btektech.com\/wp-content\/uploads\/2021\/08\/btektech-logo.png\",\"contentUrl\":\"https:\/\/btektech.com\/wp-content\/uploads\/2021\/08\/btektech-logo.png\",\"width\":250,\"height\":114,\"caption\":\"Btektech\"},\"image\":{\"@id\":\"https:\/\/btektech.com\/#\/schema\/logo\/image\/\"},\"sameAs\":[\"https:\/\/x.com\/Btektech1\",\"https:\/\/www.instagram.com\/btektech\/\",\"https:\/\/www.linkedin.com\/company\/suzhou-baotailong-electronic-materials-co-ltd\/\",\"https:\/\/www.pinterest.com\/btektech\/_saved\/\",\"https:\/\/www.youtube.com\/channel\/UCBiw4Bc4CmQDrdo-QqyVTqQ\"]}]}<\/script>\n<!-- \/ Yoast SEO plugin. -->","yoast_head_json":{"title":"Abra\u00e7adeira de Orelha com Parafuso - Btektech","description":"Abra\u00e7adeira de Orelha com Parafuso a corros\u00e3o e o efeito de preven\u00e7\u00e3o da ferrugem s\u00e3o bons.","robots":{"index":"index","follow":"follow","max-snippet":"max-snippet:-1","max-image-preview":"max-image-preview:large","max-video-preview":"max-video-preview:-1"},"canonical":"https:\/\/btektech.com\/pt-pt\/product\/abracadeira-de-orelha-com-parafuso\/","og_locale":"pt_PT","og_type":"article","og_title":"Abra\u00e7adeira de Orelha com Parafuso - Btektech","og_description":"Abra\u00e7adeira de Orelha com Parafuso a corros\u00e3o e o efeito de preven\u00e7\u00e3o da ferrugem s\u00e3o bons.","og_url":"https:\/\/btektech.com\/pt-pt\/product\/abracadeira-de-orelha-com-parafuso\/","og_site_name":"Btektech","article_modified_time":"2022-11-21T01:57:12+00:00","og_image":[{"width":600,"height":600,"url":"https:\/\/btektech.com\/wp-content\/uploads\/2021\/09\/car_20210916171230.jpg","type":"image\/jpeg"}],"twitter_card":"summary_large_image","twitter_site":"@Btektech1","twitter_misc":{"Tempo estimado de leitura":"1 minuto"},"schema":{"@context":"https:\/\/schema.org","@graph":[{"@type":["WebPage","ItemPage"],"@id":"https:\/\/btektech.com\/pt-pt\/product\/abracadeira-de-orelha-com-parafuso\/","url":"https:\/\/btektech.com\/pt-pt\/product\/abracadeira-de-orelha-com-parafuso\/","name":"Abra\u00e7adeira de Orelha com Parafuso - Btektech","isPartOf":{"@id":"https:\/\/btektech.com\/#website"},"primaryImageOfPage":{"@id":"https:\/\/btektech.com\/pt-pt\/product\/abracadeira-de-orelha-com-parafuso\/#primaryimage"},"image":{"@id":"https:\/\/btektech.com\/pt-pt\/product\/abracadeira-de-orelha-com-parafuso\/#primaryimage"},"thumbnailUrl":"https:\/\/btektech.com\/wp-content\/uploads\/2021\/09\/car_20210916171230.jpg","datePublished":"2022-04-25T17:56:28+00:00","dateModified":"2022-11-21T01:57:12+00:00","description":"Abra\u00e7adeira de Orelha com Parafuso a corros\u00e3o e o efeito de preven\u00e7\u00e3o da ferrugem s\u00e3o bons.","breadcrumb":{"@id":"https:\/\/btektech.com\/pt-pt\/product\/abracadeira-de-orelha-com-parafuso\/#breadcrumb"},"inLanguage":"pt-PT","potentialAction":[{"@type":"ReadAction","target":["https:\/\/btektech.com\/pt-pt\/product\/abracadeira-de-orelha-com-parafuso\/"]}]},{"@type":"ImageObject","inLanguage":"pt-PT","@id":"https:\/\/btektech.com\/pt-pt\/product\/abracadeira-de-orelha-com-parafuso\/#primaryimage","url":"https:\/\/btektech.com\/wp-content\/uploads\/2021\/09\/car_20210916171230.jpg","contentUrl":"https:\/\/btektech.com\/wp-content\/uploads\/2021\/09\/car_20210916171230.jpg","width":600,"height":600,"caption":"Abra\u00e7adeira de Orelha com Parafuso"},{"@type":"BreadcrumbList","@id":"https:\/\/btektech.com\/pt-pt\/product\/abracadeira-de-orelha-com-parafuso\/#breadcrumb","itemListElement":[{"@type":"ListItem","position":1,"name":"Home","item":"https:\/\/btektech.com\/pt-pt\/home-2\/"},{"@type":"ListItem","position":2,"name":"\u00dcr\u00fcnler","item":"https:\/\/btektech.com\/tr\/shop\/"},{"@type":"ListItem","position":3,"name":"Heavy-Duty &amp; Industrial Hose Clamps","item":"https:\/\/btektech.com\/product-category\/heavy-duty-and-industrial-hose-clamps\/"},{"@type":"ListItem","position":4,"name":"Abra\u00e7adeira de Orelha com Parafuso"}]},{"@type":"WebSite","@id":"https:\/\/btektech.com\/#website","url":"https:\/\/btektech.com\/","name":"Btektech","description":"","publisher":{"@id":"https:\/\/btektech.com\/#organization"},"potentialAction":[{"@type":"SearchAction","target":{"@type":"EntryPoint","urlTemplate":"https:\/\/btektech.com\/?s={search_term_string}"},"query-input":{"@type":"PropertyValueSpecification","valueRequired":true,"valueName":"search_term_string"}}],"inLanguage":"pt-PT"},{"@type":"Organization","@id":"https:\/\/btektech.com\/#organization","name":"Btektech","url":"https:\/\/btektech.com\/","logo":{"@type":"ImageObject","inLanguage":"pt-PT","@id":"https:\/\/btektech.com\/#\/schema\/logo\/image\/","url":"https:\/\/btektech.com\/wp-content\/uploads\/2021\/08\/btektech-logo.png","contentUrl":"https:\/\/btektech.com\/wp-content\/uploads\/2021\/08\/btektech-logo.png","width":250,"height":114,"caption":"Btektech"},"image":{"@id":"https:\/\/btektech.com\/#\/schema\/logo\/image\/"},"sameAs":["https:\/\/x.com\/Btektech1","https:\/\/www.instagram.com\/btektech\/","https:\/\/www.linkedin.com\/company\/suzhou-baotailong-electronic-materials-co-ltd\/","https:\/\/www.pinterest.com\/btektech\/_saved\/","https:\/\/www.youtube.com\/channel\/UCBiw4Bc4CmQDrdo-QqyVTqQ"]}]}},"_links":{"self":[{"href":"https:\/\/btektech.com\/pt-pt\/wp-json\/wp\/v2\/product\/5401","targetHints":{"allow":["GET"]}}],"collection":[{"href":"https:\/\/btektech.com\/pt-pt\/wp-json\/wp\/v2\/product"}],"about":[{"href":"https:\/\/btektech.com\/pt-pt\/wp-json\/wp\/v2\/types\/product"}],"replies":[{"embeddable":true,"href":"https:\/\/btektech.com\/pt-pt\/wp-json\/wp\/v2\/comments?post=5401"}],"version-history":[{"count":0,"href":"https:\/\/btektech.com\/pt-pt\/wp-json\/wp\/v2\/product\/5401\/revisions"}],"wp:featuredmedia":[{"embeddable":true,"href":"https:\/\/btektech.com\/pt-pt\/wp-json\/wp\/v2\/media\/2364"}],"wp:attachment":[{"href":"https:\/\/btektech.com\/pt-pt\/wp-json\/wp\/v2\/media?parent=5401"}],"wp:term":[{"taxonomy":"product_brand","embeddable":true,"href":"https:\/\/btektech.com\/pt-pt\/wp-json\/wp\/v2\/product_brand?post=5401"},{"taxonomy":"product_cat","embeddable":true,"href":"https:\/\/btektech.com\/pt-pt\/wp-json\/wp\/v2\/product_cat?post=5401"},{"taxonomy":"product_tag","embeddable":true,"href":"https:\/\/btektech.com\/pt-pt\/wp-json\/wp\/v2\/product_tag?post=5401"}],"curies":[{"name":"wp","href":"https:\/\/api.w.org\/{rel}","templated":true}]}}