{"id":5396,"date":"2021-09-23T10:15:31","date_gmt":"2022-04-25T17:53:06","guid":{"rendered":"https:\/\/btektech.com\/product\/grampo-de-mangueira-de-arame-duplo\/"},"modified":"2022-11-21T01:54:25","modified_gmt":"2022-11-21T01:54:25","slug":"abracadeira-de-arame-duplo","status":"publish","type":"product","link":"https:\/\/btektech.com\/pt-pt\/product\/abracadeira-de-arame-duplo\/","title":{"rendered":"Abra\u00e7adeira de Arame Duplo"},"content":{"rendered":"<p>A maior diferen\u00e7a entre o grampo da mangueira de dois fios e outras pin\u00e7as de mangueira \u00e9 que dois fios de a\u00e7o s\u00e3o usados como suporte de fixa\u00e7\u00e3o, e os fios de a\u00e7o s\u00e3o utilizados para fixar a \u00e1rea de carga mais pequena, que pode concentrar a press\u00e3o numa superf\u00edcie de trabalho. De modo a tornar a log\u00edstica mais firme.<\/p>\n<div style=\"overflow-x: auto;\">\n<table style=\"text-align: center;\">\n<tbody>\n<tr>\n<th>Alcance(mm)<\/th>\n<th>Alcance(Polegada)<\/th>\n<th>Di\u00e2metro do fio(mm)<\/th>\n<th>Tamanho do parafuso(mm)<\/th>\n<th>Bin\u00e1rio de carga(N)<\/th>\n<\/tr>\n<tr>\n<td>8-12<\/td>\n<td>0.31&#8243;-0.47&#8243;<\/td>\n<td>1.5<\/td>\n<td>M5*35<\/td>\n<td>5-7Nm<\/td>\n<\/tr>\n<tr>\n<td>11-14<\/td>\n<td>0.43&#8243;-0.55&#8243;<\/td>\n<td>1.5<\/td>\n<td>M5*35<\/td>\n<td>5-7Nm<\/td>\n<\/tr>\n<tr>\n<td>13-16<\/td>\n<td>0.51&#8243;-0.63&#8243;<\/td>\n<td>1.5<\/td>\n<td>M5*35<\/td>\n<td>5-7Nm<\/td>\n<\/tr>\n<tr>\n<td>15-18<\/td>\n<td>0.59&#8243;-0.71&#8243;<\/td>\n<td>1.5<\/td>\n<td>M5*35<\/td>\n<td>5-7Nm<\/td>\n<\/tr>\n<tr>\n<td>17-20<\/td>\n<td>0.67&#8243;-0.79&#8243;<\/td>\n<td>1.8<\/td>\n<td>M5*35<\/td>\n<td>5-7Nm<\/td>\n<\/tr>\n<tr>\n<td>19-22<\/td>\n<td>0.75&#8243;-0.87&#8243;<\/td>\n<td>1.8<\/td>\n<td>M5*35<\/td>\n<td>5-7Nm<\/td>\n<\/tr>\n<tr>\n<td>20-24<\/td>\n<td>0.79&#8243;-0.94&#8243;<\/td>\n<td>1.8<\/td>\n<td>M5*35<\/td>\n<td>5-7Nm<\/td>\n<\/tr>\n<tr>\n<td>22-26<\/td>\n<td>0.87&#8243;-1.02&#8243;<\/td>\n<td>1.8<\/td>\n<td>M5*35<\/td>\n<td>5-7Nm<\/td>\n<\/tr>\n<tr>\n<td>24-28<\/td>\n<td>0.94&#8243;-1.1&#8243;<\/td>\n<td>1.8<\/td>\n<td>M5*35<\/td>\n<td>5-7Nm<\/td>\n<\/tr>\n<tr>\n<td>26-30<\/td>\n<td>1.02&#8243;-1.18<\/td>\n<td>2<\/td>\n<td>N6*40<\/td>\n<td>5-7Nm<\/td>\n<\/tr>\n<tr>\n<td>28-32<\/td>\n<td>1.1&#8243;-1.26&#8243;<\/td>\n<td>2<\/td>\n<td>N6*40<\/td>\n<td>5-7Nm<\/td>\n<\/tr>\n<tr>\n<td>31-35<\/td>\n<td>1.22&#8243;-1.38&#8243;<\/td>\n<td>2<\/td>\n<td>N6*40<\/td>\n<td>5-7Nm<\/td>\n<\/tr>\n<tr>\n<td>34-38<\/td>\n<td>1.34&#8243;-1.5&#8243;<\/td>\n<td>2<\/td>\n<td>M6*50<\/td>\n<td>5-7Nm<\/td>\n<\/tr>\n<tr>\n<td>35-40<\/td>\n<td>1.38&#8243;-1.57&#8243;<\/td>\n<td>2.5<\/td>\n<td>M6*50<\/td>\n<td>5-7Nm<\/td>\n<\/tr>\n<tr>\n<td>37-42<\/td>\n<td>1.46&#8243;-1.65&#8243;<\/td>\n<td>2.5<\/td>\n<td>M6*50<\/td>\n<td>5-7Nm<\/td>\n<\/tr>\n<tr>\n<td>40-45<\/td>\n<td>1.57&#8243;-1.77&#8243;<\/td>\n<td>2.5<\/td>\n<td>M6*50<\/td>\n<td>5-7Nm<\/td>\n<\/tr>\n<tr>\n<td>43-48<\/td>\n<td>1.69&#8243;-1.89&#8243;<\/td>\n<td>2.5<\/td>\n<td>M6*50<\/td>\n<td>5-7Nm<\/td>\n<\/tr>\n<tr>\n<td>45-50<\/td>\n<td>1.77&#8243;-1.97&#8243;<\/td>\n<td>2.5<\/td>\n<td>M6*50<\/td>\n<td>5-7Nm<\/td>\n<\/tr>\n<tr>\n<td>47-52<\/td>\n<td>1.85&#8243;-2.05&#8243;<\/td>\n<td>2.5<\/td>\n<td>M6*50<\/td>\n<td>5-7Nm<\/td>\n<\/tr>\n<tr>\n<td>50-55<\/td>\n<td>1.97&#8243;-2.17&#8243;<\/td>\n<td>2.5<\/td>\n<td>M6*50<\/td>\n<td>5-7Nm<\/td>\n<\/tr>\n<tr>\n<td>53-58<\/td>\n<td>2.09&#8243;-2.28&#8243;<\/td>\n<td>2.5<\/td>\n<td>M6*50<\/td>\n<td>5-7Nm<\/td>\n<\/tr>\n<tr>\n<td>55-60<\/td>\n<td>2.17&#8243;-2.36&#8243;<\/td>\n<td>2.5<\/td>\n<td>M6*60<\/td>\n<td>5-7Nm<\/td>\n<\/tr>\n<tr>\n<td>54-62<\/td>\n<td>2.13&#8243;-2.44&#8243;<\/td>\n<td>2.5<\/td>\n<td>M6*60<\/td>\n<td>5-7Nm<\/td>\n<\/tr>\n<tr>\n<td>60-65<\/td>\n<td>2.36&#8243;-2.56&#8243;<\/td>\n<td>2.5<\/td>\n<td>M6*60<\/td>\n<td>5-7Nm<\/td>\n<\/tr>\n<tr>\n<td>63-68<\/td>\n<td>2.48&#8243;-2.68&#8243;<\/td>\n<td>3<\/td>\n<td>M6*60<\/td>\n<td>5-7Nm<\/td>\n<\/tr>\n<tr>\n<td>65-70<\/td>\n<td>2.56&#8243;-2.76&#8243;<\/td>\n<td>3<\/td>\n<td>M6*60<\/td>\n<td>5-7Nm<\/td>\n<\/tr>\n<tr>\n<td>70-75<\/td>\n<td>2.76&#8243;-2.95&#8243;<\/td>\n<td>3<\/td>\n<td>M6*60<\/td>\n<td>5-7Nm<\/td>\n<\/tr>\n<tr>\n<td>75-80<\/td>\n<td>2.95&#8243;-3.15&#8243;<\/td>\n<td>3<\/td>\n<td>M6*60<\/td>\n<td>5-7Nm<\/td>\n<\/tr>\n<tr>\n<td>80-85<\/td>\n<td>3.15&#8243;-3.35&#8243;<\/td>\n<td>3<\/td>\n<td>M6*60<\/td>\n<td>5-7Nm<\/td>\n<\/tr>\n<tr>\n<td>84-90<\/td>\n<td>3.31&#8243;-3.54&#8243;<\/td>\n<td>3<\/td>\n<td>M6*60<\/td>\n<td>5-7Nm<\/td>\n<\/tr>\n<tr>\n<td>89-95<\/td>\n<td>3.5&#8243;-3.74&#8243;<\/td>\n<td>3<\/td>\n<td>M6*60<\/td>\n<td>5-7Nm<\/td>\n<\/tr>\n<tr>\n<td>94-100<\/td>\n<td>3.7&#8243;-3.94&#8243;<\/td>\n<td>3<\/td>\n<td>M6*60<\/td>\n<td>5-7Nm<\/td>\n<\/tr>\n<tr>\n<td>98-105<\/td>\n<td>4.06&#8243;-4.33&#8243;<\/td>\n<td>3<\/td>\n<td>M6*60<\/td>\n<td>5-7Nm<\/td>\n<\/tr>\n<\/tbody>\n<\/table>\n<\/div>\n","protected":false},"excerpt":{"rendered":"<p>A Abra\u00e7adeira de Arame Duplo permanece a mesma que a pin\u00e7a de mangueira forte, ambos usam o princ\u00edpio de transmiss\u00e3o triangular de parafusos e porcas, a sele\u00e7\u00e3o Abra\u00e7adeira de Arame Duplo \u00e9 mais rigorosa.<\/p>\n","protected":false},"featured_media":6031,"comment_status":"open","ping_status":"closed","template":"","meta":{"_acf_changed":false},"product_brand":[],"product_cat":[140],"product_tag":[],"class_list":{"0":"post-5396","1":"product","2":"type-product","3":"status-publish","4":"has-post-thumbnail","6":"product_cat-abracadeiras","8":"first","9":"instock","10":"shipping-taxable","11":"product-type-simple"},"acf":[],"yoast_head":"<!-- This site is optimized with the Yoast SEO plugin v26.0 - https:\/\/yoast.com\/wordpress\/plugins\/seo\/ -->\n<title>Abra\u00e7adeira de Arame Duplo - Btektech<\/title>\n<meta name=\"description\" content=\"A Abra\u00e7adeira de Arame Duplo permanece a mesma que a pin\u00e7a de mangueira forte, ambos usam o princ\u00edpio de transmiss\u00e3o triangular de parafusos e porcas, a sele\u00e7\u00e3o Abra\u00e7adeira de Arame Duplo \u00e9 mais rigorosa.\" \/>\n<meta name=\"robots\" content=\"index, follow, max-snippet:-1, max-image-preview:large, max-video-preview:-1\" \/>\n<link rel=\"canonical\" href=\"https:\/\/btektech.com\/pt-pt\/product\/abracadeira-de-arame-duplo\/\" \/>\n<meta property=\"og:locale\" content=\"pt_PT\" \/>\n<meta property=\"og:type\" content=\"article\" \/>\n<meta property=\"og:title\" content=\"Abra\u00e7adeira de Arame Duplo - Btektech\" \/>\n<meta property=\"og:description\" content=\"A Abra\u00e7adeira de Arame Duplo permanece a mesma que a pin\u00e7a de mangueira forte, ambos usam o princ\u00edpio de transmiss\u00e3o triangular de parafusos e porcas, a sele\u00e7\u00e3o Abra\u00e7adeira de Arame Duplo \u00e9 mais rigorosa.\" \/>\n<meta property=\"og:url\" content=\"https:\/\/btektech.com\/pt-pt\/product\/abracadeira-de-arame-duplo\/\" \/>\n<meta property=\"og:site_name\" content=\"Btektech\" \/>\n<meta property=\"article:modified_time\" content=\"2022-11-21T01:54:25+00:00\" \/>\n<meta property=\"og:image\" content=\"https:\/\/btektech.com\/wp-content\/uploads\/2021\/09\/double-wire-202109231808.jpg-1.webp\" \/>\n\t<meta property=\"og:image:width\" content=\"272\" \/>\n\t<meta property=\"og:image:height\" content=\"272\" \/>\n\t<meta property=\"og:image:type\" content=\"image\/webp\" \/>\n<meta name=\"twitter:card\" content=\"summary_large_image\" \/>\n<meta name=\"twitter:site\" content=\"@Btektech1\" \/>\n<meta name=\"twitter:label1\" content=\"Tempo estimado de leitura\" \/>\n\t<meta name=\"twitter:data1\" content=\"2 minutos\" \/>\n<script type=\"application\/ld+json\" class=\"yoast-schema-graph\">{\"@context\":\"https:\/\/schema.org\",\"@graph\":[{\"@type\":[\"WebPage\",\"ItemPage\"],\"@id\":\"https:\/\/btektech.com\/pt-pt\/product\/abracadeira-de-arame-duplo\/\",\"url\":\"https:\/\/btektech.com\/pt-pt\/product\/abracadeira-de-arame-duplo\/\",\"name\":\"Abra\u00e7adeira de Arame Duplo - Btektech\",\"isPartOf\":{\"@id\":\"https:\/\/btektech.com\/#website\"},\"primaryImageOfPage\":{\"@id\":\"https:\/\/btektech.com\/pt-pt\/product\/abracadeira-de-arame-duplo\/#primaryimage\"},\"image\":{\"@id\":\"https:\/\/btektech.com\/pt-pt\/product\/abracadeira-de-arame-duplo\/#primaryimage\"},\"thumbnailUrl\":\"https:\/\/btektech.com\/wp-content\/uploads\/2021\/09\/double-wire-202109231808.jpg-1.webp\",\"datePublished\":\"2022-04-25T17:53:06+00:00\",\"dateModified\":\"2022-11-21T01:54:25+00:00\",\"description\":\"A Abra\u00e7adeira de Arame Duplo permanece a mesma que a pin\u00e7a de mangueira forte, ambos usam o princ\u00edpio de transmiss\u00e3o triangular de parafusos e porcas, a sele\u00e7\u00e3o Abra\u00e7adeira de Arame Duplo \u00e9 mais rigorosa.\",\"breadcrumb\":{\"@id\":\"https:\/\/btektech.com\/pt-pt\/product\/abracadeira-de-arame-duplo\/#breadcrumb\"},\"inLanguage\":\"pt-PT\",\"potentialAction\":[{\"@type\":\"ReadAction\",\"target\":[\"https:\/\/btektech.com\/pt-pt\/product\/abracadeira-de-arame-duplo\/\"]}]},{\"@type\":\"ImageObject\",\"inLanguage\":\"pt-PT\",\"@id\":\"https:\/\/btektech.com\/pt-pt\/product\/abracadeira-de-arame-duplo\/#primaryimage\",\"url\":\"https:\/\/btektech.com\/wp-content\/uploads\/2021\/09\/double-wire-202109231808.jpg-1.webp\",\"contentUrl\":\"https:\/\/btektech.com\/wp-content\/uploads\/2021\/09\/double-wire-202109231808.jpg-1.webp\",\"width\":272,\"height\":272,\"caption\":\"Grampo de mangueira de arame duplo\"},{\"@type\":\"BreadcrumbList\",\"@id\":\"https:\/\/btektech.com\/pt-pt\/product\/abracadeira-de-arame-duplo\/#breadcrumb\",\"itemListElement\":[{\"@type\":\"ListItem\",\"position\":1,\"name\":\"Home\",\"item\":\"https:\/\/btektech.com\/pt-pt\/home-2\/\"},{\"@type\":\"ListItem\",\"position\":2,\"name\":\"\u00dcr\u00fcnler\",\"item\":\"https:\/\/btektech.com\/tr\/shop\/\"},{\"@type\":\"ListItem\",\"position\":3,\"name\":\"Heavy-Duty &amp; Industrial Hose Clamps\",\"item\":\"https:\/\/btektech.com\/product-category\/heavy-duty-and-industrial-hose-clamps\/\"},{\"@type\":\"ListItem\",\"position\":4,\"name\":\"Abra\u00e7adeira de Arame Duplo\"}]},{\"@type\":\"WebSite\",\"@id\":\"https:\/\/btektech.com\/#website\",\"url\":\"https:\/\/btektech.com\/\",\"name\":\"Btektech\",\"description\":\"\",\"publisher\":{\"@id\":\"https:\/\/btektech.com\/#organization\"},\"potentialAction\":[{\"@type\":\"SearchAction\",\"target\":{\"@type\":\"EntryPoint\",\"urlTemplate\":\"https:\/\/btektech.com\/?s={search_term_string}\"},\"query-input\":{\"@type\":\"PropertyValueSpecification\",\"valueRequired\":true,\"valueName\":\"search_term_string\"}}],\"inLanguage\":\"pt-PT\"},{\"@type\":\"Organization\",\"@id\":\"https:\/\/btektech.com\/#organization\",\"name\":\"Btektech\",\"url\":\"https:\/\/btektech.com\/\",\"logo\":{\"@type\":\"ImageObject\",\"inLanguage\":\"pt-PT\",\"@id\":\"https:\/\/btektech.com\/#\/schema\/logo\/image\/\",\"url\":\"https:\/\/btektech.com\/wp-content\/uploads\/2021\/08\/btektech-logo.png\",\"contentUrl\":\"https:\/\/btektech.com\/wp-content\/uploads\/2021\/08\/btektech-logo.png\",\"width\":250,\"height\":114,\"caption\":\"Btektech\"},\"image\":{\"@id\":\"https:\/\/btektech.com\/#\/schema\/logo\/image\/\"},\"sameAs\":[\"https:\/\/x.com\/Btektech1\",\"https:\/\/www.instagram.com\/btektech\/\",\"https:\/\/www.linkedin.com\/company\/suzhou-baotailong-electronic-materials-co-ltd\/\",\"https:\/\/www.pinterest.com\/btektech\/_saved\/\",\"https:\/\/www.youtube.com\/channel\/UCBiw4Bc4CmQDrdo-QqyVTqQ\"]}]}<\/script>\n<!-- \/ Yoast SEO plugin. -->","yoast_head_json":{"title":"Abra\u00e7adeira de Arame Duplo - Btektech","description":"A Abra\u00e7adeira de Arame Duplo permanece a mesma que a pin\u00e7a de mangueira forte, ambos usam o princ\u00edpio de transmiss\u00e3o triangular de parafusos e porcas, a sele\u00e7\u00e3o Abra\u00e7adeira de Arame Duplo \u00e9 mais rigorosa.","robots":{"index":"index","follow":"follow","max-snippet":"max-snippet:-1","max-image-preview":"max-image-preview:large","max-video-preview":"max-video-preview:-1"},"canonical":"https:\/\/btektech.com\/pt-pt\/product\/abracadeira-de-arame-duplo\/","og_locale":"pt_PT","og_type":"article","og_title":"Abra\u00e7adeira de Arame Duplo - Btektech","og_description":"A Abra\u00e7adeira de Arame Duplo permanece a mesma que a pin\u00e7a de mangueira forte, ambos usam o princ\u00edpio de transmiss\u00e3o triangular de parafusos e porcas, a sele\u00e7\u00e3o Abra\u00e7adeira de Arame Duplo \u00e9 mais rigorosa.","og_url":"https:\/\/btektech.com\/pt-pt\/product\/abracadeira-de-arame-duplo\/","og_site_name":"Btektech","article_modified_time":"2022-11-21T01:54:25+00:00","og_image":[{"width":272,"height":272,"url":"https:\/\/btektech.com\/wp-content\/uploads\/2021\/09\/double-wire-202109231808.jpg-1.webp","type":"image\/webp"}],"twitter_card":"summary_large_image","twitter_site":"@Btektech1","twitter_misc":{"Tempo estimado de leitura":"2 minutos"},"schema":{"@context":"https:\/\/schema.org","@graph":[{"@type":["WebPage","ItemPage"],"@id":"https:\/\/btektech.com\/pt-pt\/product\/abracadeira-de-arame-duplo\/","url":"https:\/\/btektech.com\/pt-pt\/product\/abracadeira-de-arame-duplo\/","name":"Abra\u00e7adeira de Arame Duplo - Btektech","isPartOf":{"@id":"https:\/\/btektech.com\/#website"},"primaryImageOfPage":{"@id":"https:\/\/btektech.com\/pt-pt\/product\/abracadeira-de-arame-duplo\/#primaryimage"},"image":{"@id":"https:\/\/btektech.com\/pt-pt\/product\/abracadeira-de-arame-duplo\/#primaryimage"},"thumbnailUrl":"https:\/\/btektech.com\/wp-content\/uploads\/2021\/09\/double-wire-202109231808.jpg-1.webp","datePublished":"2022-04-25T17:53:06+00:00","dateModified":"2022-11-21T01:54:25+00:00","description":"A Abra\u00e7adeira de Arame Duplo permanece a mesma que a pin\u00e7a de mangueira forte, ambos usam o princ\u00edpio de transmiss\u00e3o triangular de parafusos e porcas, a sele\u00e7\u00e3o Abra\u00e7adeira de Arame Duplo \u00e9 mais rigorosa.","breadcrumb":{"@id":"https:\/\/btektech.com\/pt-pt\/product\/abracadeira-de-arame-duplo\/#breadcrumb"},"inLanguage":"pt-PT","potentialAction":[{"@type":"ReadAction","target":["https:\/\/btektech.com\/pt-pt\/product\/abracadeira-de-arame-duplo\/"]}]},{"@type":"ImageObject","inLanguage":"pt-PT","@id":"https:\/\/btektech.com\/pt-pt\/product\/abracadeira-de-arame-duplo\/#primaryimage","url":"https:\/\/btektech.com\/wp-content\/uploads\/2021\/09\/double-wire-202109231808.jpg-1.webp","contentUrl":"https:\/\/btektech.com\/wp-content\/uploads\/2021\/09\/double-wire-202109231808.jpg-1.webp","width":272,"height":272,"caption":"Grampo de mangueira de arame duplo"},{"@type":"BreadcrumbList","@id":"https:\/\/btektech.com\/pt-pt\/product\/abracadeira-de-arame-duplo\/#breadcrumb","itemListElement":[{"@type":"ListItem","position":1,"name":"Home","item":"https:\/\/btektech.com\/pt-pt\/home-2\/"},{"@type":"ListItem","position":2,"name":"\u00dcr\u00fcnler","item":"https:\/\/btektech.com\/tr\/shop\/"},{"@type":"ListItem","position":3,"name":"Heavy-Duty &amp; Industrial Hose Clamps","item":"https:\/\/btektech.com\/product-category\/heavy-duty-and-industrial-hose-clamps\/"},{"@type":"ListItem","position":4,"name":"Abra\u00e7adeira de Arame Duplo"}]},{"@type":"WebSite","@id":"https:\/\/btektech.com\/#website","url":"https:\/\/btektech.com\/","name":"Btektech","description":"","publisher":{"@id":"https:\/\/btektech.com\/#organization"},"potentialAction":[{"@type":"SearchAction","target":{"@type":"EntryPoint","urlTemplate":"https:\/\/btektech.com\/?s={search_term_string}"},"query-input":{"@type":"PropertyValueSpecification","valueRequired":true,"valueName":"search_term_string"}}],"inLanguage":"pt-PT"},{"@type":"Organization","@id":"https:\/\/btektech.com\/#organization","name":"Btektech","url":"https:\/\/btektech.com\/","logo":{"@type":"ImageObject","inLanguage":"pt-PT","@id":"https:\/\/btektech.com\/#\/schema\/logo\/image\/","url":"https:\/\/btektech.com\/wp-content\/uploads\/2021\/08\/btektech-logo.png","contentUrl":"https:\/\/btektech.com\/wp-content\/uploads\/2021\/08\/btektech-logo.png","width":250,"height":114,"caption":"Btektech"},"image":{"@id":"https:\/\/btektech.com\/#\/schema\/logo\/image\/"},"sameAs":["https:\/\/x.com\/Btektech1","https:\/\/www.instagram.com\/btektech\/","https:\/\/www.linkedin.com\/company\/suzhou-baotailong-electronic-materials-co-ltd\/","https:\/\/www.pinterest.com\/btektech\/_saved\/","https:\/\/www.youtube.com\/channel\/UCBiw4Bc4CmQDrdo-QqyVTqQ"]}]}},"_links":{"self":[{"href":"https:\/\/btektech.com\/pt-pt\/wp-json\/wp\/v2\/product\/5396","targetHints":{"allow":["GET"]}}],"collection":[{"href":"https:\/\/btektech.com\/pt-pt\/wp-json\/wp\/v2\/product"}],"about":[{"href":"https:\/\/btektech.com\/pt-pt\/wp-json\/wp\/v2\/types\/product"}],"replies":[{"embeddable":true,"href":"https:\/\/btektech.com\/pt-pt\/wp-json\/wp\/v2\/comments?post=5396"}],"version-history":[{"count":0,"href":"https:\/\/btektech.com\/pt-pt\/wp-json\/wp\/v2\/product\/5396\/revisions"}],"wp:featuredmedia":[{"embeddable":true,"href":"https:\/\/btektech.com\/pt-pt\/wp-json\/wp\/v2\/media\/6031"}],"wp:attachment":[{"href":"https:\/\/btektech.com\/pt-pt\/wp-json\/wp\/v2\/media?parent=5396"}],"wp:term":[{"taxonomy":"product_brand","embeddable":true,"href":"https:\/\/btektech.com\/pt-pt\/wp-json\/wp\/v2\/product_brand?post=5396"},{"taxonomy":"product_cat","embeddable":true,"href":"https:\/\/btektech.com\/pt-pt\/wp-json\/wp\/v2\/product_cat?post=5396"},{"taxonomy":"product_tag","embeddable":true,"href":"https:\/\/btektech.com\/pt-pt\/wp-json\/wp\/v2\/product_tag?post=5396"}],"curies":[{"name":"wp","href":"https:\/\/api.w.org\/{rel}","templated":true}]}}