{"id":5394,"date":"2021-09-23T08:08:04","date_gmt":"2022-04-25T17:53:04","guid":{"rendered":"https:\/\/btektech.com\/product\/grampo-de-mangueira-forte\/"},"modified":"2022-11-21T02:04:30","modified_gmt":"2022-11-21T02:04:30","slug":"bracadeiras-de-mangueira-resistentes","status":"publish","type":"product","link":"https:\/\/btektech.com\/pt-pt\/product\/bracadeiras-de-mangueira-resistentes\/","title":{"rendered":"Bra\u00e7adeiras de Mangueira Resistentes"},"content":{"rendered":"<p>For\u00e7a europeia, grande volume e bin\u00e1rio forte. \u00c9 amplamente utilizado em alguns lugares com fortes requisitos para a for\u00e7a de fixa\u00e7\u00e3o de mangueiras de parede grossa, e a possibilidade de frescura no uso \u00e9 muito baixa.<\/p>\n<div style=\"overflow: auto;\">\n<table style=\"text-align: center;\">\n<tbody>\n<caption style=\"font-weight: 600;font-size:30px\">Pin\u00e7a de mangueira forte de cabe\u00e7a \u00fanica<\/caption>\n<tr>\n<th>Alcance(mm)<\/th>\n<th>Alcance(Polegada)<\/th>\n<th>Rio Bole<\/th>\n<th>Espessura*largura(W1)<\/th>\n<th>Espessura*largura(W4)<\/th>\n<th>Bin\u00e1rio de carga(N)<\/th>\n<\/tr>\n<tr>\n<td>17-19<\/td>\n<td>0.67&#8243;-0.75<\/td>\n<td>M5*40<\/td>\n<td>0.6*18<\/td>\n<td>0.6*18<\/td>\n<td>8.5Nm<\/td>\n<\/tr>\n<tr>\n<td>20-22<\/td>\n<td>0.79&#8243;-0.87&#8243;<\/td>\n<td>M5*40<\/td>\n<td>0.6*18<\/td>\n<td>0.6*18<\/td>\n<td>8.5Nm<\/td>\n<\/tr>\n<tr>\n<td>23-25<\/td>\n<td>0.91&#8243;-0.98&#8243;<\/td>\n<td>M5*40<\/td>\n<td>0.6*18<\/td>\n<td>0.6*18<\/td>\n<td>8.5Nm<\/td>\n<\/tr>\n<tr>\n<td>26-28<\/td>\n<td>1.02&#8243;-1.1&#8243;<\/td>\n<td>M5*40<\/td>\n<td>0.6*18<\/td>\n<td>0.6*18<\/td>\n<td>8.5Nm<\/td>\n<\/tr>\n<tr>\n<td>29-31<\/td>\n<td>1.14&#8243;-1.22&#8243;<\/td>\n<td>M6*50<\/td>\n<td>0.8*20<\/td>\n<td>0.6*20<\/td>\n<td>8.5Nm<\/td>\n<\/tr>\n<tr>\n<td>32-35<\/td>\n<td>1.26&#8243;-1.38<\/td>\n<td>M6*50<\/td>\n<td>0.8*20<\/td>\n<td>0.6*20<\/td>\n<td>8.5Nm<\/td>\n<\/tr>\n<tr>\n<td>36-39<\/td>\n<td>1.42&#8243;-1.54&#8243;<\/td>\n<td>M6*50<\/td>\n<td>0.8*20<\/td>\n<td>0.6*20<\/td>\n<td>8.5Nm<\/td>\n<\/tr>\n<tr>\n<td>40-43<\/td>\n<td>1.57&#8243;-1.69&#8243;<\/td>\n<td>M6*50<\/td>\n<td>0.8*20<\/td>\n<td>0.6*20<\/td>\n<td>8.5Nm<\/td>\n<\/tr>\n<tr>\n<td>44-47<\/td>\n<td>1.73&#8243;-1.85<\/td>\n<td>M6*55<\/td>\n<td>1.2*22<\/td>\n<td>0.8*22<\/td>\n<td>8.5Nm<\/td>\n<\/tr>\n<tr>\n<td>48-51<\/td>\n<td>1.98&#8243;-2&#8243;<\/td>\n<td>M6*55<\/td>\n<td>1.2*22<\/td>\n<td>0.8*22<\/td>\n<td>8.5Nm<\/td>\n<\/tr>\n<tr>\n<td>52-55<\/td>\n<td>2.05&#8243;-2.17<\/td>\n<td>M6*55<\/td>\n<td>1.2*22<\/td>\n<td>0.8*22<\/td>\n<td>8.5Nm<\/td>\n<\/tr>\n<tr>\n<td>56-59<\/td>\n<td>2.2&#8243;-2.32&#8243;<\/td>\n<td>M6*55<\/td>\n<td>1.2*22<\/td>\n<td>0.8*22<\/td>\n<td>8.5Nm<\/td>\n<\/tr>\n<tr>\n<td>60-63<\/td>\n<td>2.36&#8243;-2.48&#8243;<\/td>\n<td>M6*55<\/td>\n<td>1.2*22<\/td>\n<td>0.8*22<\/td>\n<td>8.5Nm<\/td>\n<\/tr>\n<tr>\n<td>64-67<\/td>\n<td>2.52&#8243;-2.64&#8243;<\/td>\n<td>M6*55<\/td>\n<td>1.2*22<\/td>\n<td>0.8*22<\/td>\n<td>8.5Nm<\/td>\n<\/tr>\n<tr>\n<td>68-73<\/td>\n<td>2.68&#8243;-2.87&#8243;<\/td>\n<td>M8*70<\/td>\n<td>1.5*24<\/td>\n<td>0.8*24<\/td>\n<td>8.5Nm<\/td>\n<\/tr>\n<tr>\n<td>74-79<\/td>\n<td>2.91&#8243;-3.11&#8243;<\/td>\n<td>M8*70<\/td>\n<td>1.5*24<\/td>\n<td>0.8*24<\/td>\n<td>8.5Nm<\/td>\n<\/tr>\n<tr>\n<td>80-85<\/td>\n<td>3.15&#8243;-3.35&#8243;<\/td>\n<td>M8*70<\/td>\n<td>1.5*24<\/td>\n<td>0.8*24<\/td>\n<td>8.5Nm<\/td>\n<\/tr>\n<tr>\n<td>86-91<\/td>\n<td>3.39&#8243;-3.58&#8243;<\/td>\n<td>M8*70<\/td>\n<td>1.5*24<\/td>\n<td>0.8*24<\/td>\n<td>8.5Nm<\/td>\n<\/tr>\n<tr>\n<td>92-97<\/td>\n<td>3.62&#8243;-3.82&#8243;<\/td>\n<td>M8*70<\/td>\n<td>1.5*24<\/td>\n<td>0.8*24<\/td>\n<td>8.5Nm<\/td>\n<\/tr>\n<tr>\n<td>98-103<\/td>\n<td>3.86&#8243;-4.06&#8243;<\/td>\n<td>M8*75<\/td>\n<td>1.5*24<\/td>\n<td>0.8*24<\/td>\n<td>8.5Nm<\/td>\n<\/tr>\n<tr>\n<td>104-112<\/td>\n<td>4.09&#8243;-4.41&#8243;<\/td>\n<td>M8*75<\/td>\n<td>1.5*24<\/td>\n<td>0.8*24<\/td>\n<td>8.5Nm<\/td>\n<\/tr>\n<tr>\n<td>113-121<\/td>\n<td>4.45&#8243;-4.76<\/td>\n<td>M8*75<\/td>\n<td>1.5*24<\/td>\n<td>0.8*24<\/td>\n<td>8.5Nm<\/td>\n<\/tr>\n<tr>\n<td>122-130<\/td>\n<td>4.8&#8243;-5.12&#8243;<\/td>\n<td>M8*75<\/td>\n<td>1.5*24<\/td>\n<td>0.8*24<\/td>\n<td>8.5Nm<\/td>\n<\/tr>\n<tr>\n<td>131-139<\/td>\n<td>5.16&#8243;-5.47&#8243;<\/td>\n<td>M10*85<\/td>\n<td>1.7*26<\/td>\n<td>1.0*26<\/td>\n<td>8.5Nm<\/td>\n<\/tr>\n<tr>\n<td>140-148<\/td>\n<td>5.51&#8243;-5.83&#8243;<\/td>\n<td>M10*85<\/td>\n<td>1.7*26<\/td>\n<td>1.0*26<\/td>\n<td>8.5Nm<\/td>\n<\/tr>\n<tr>\n<td>149-161<\/td>\n<td>5.87&#8243;-6.34&#8243;<\/td>\n<td>M10*85<\/td>\n<td>1.7*26<\/td>\n<td>1.0*26<\/td>\n<td>8.5Nm<\/td>\n<\/tr>\n<tr>\n<td>162-174<\/td>\n<td>6.4&#8243;-6.85&#8243;<\/td>\n<td>M10*85<\/td>\n<td>1.7*26<\/td>\n<td>1.0*26<\/td>\n<td>8.5Nm<\/td>\n<\/tr>\n<tr>\n<td>175-187<\/td>\n<td>6.9&#8243;-7.4&#8243;<\/td>\n<td>M100*100<\/td>\n<td>1.7*26<\/td>\n<td>1.0*26<\/td>\n<td>8.5Nm<\/td>\n<\/tr>\n<tr>\n<td>188-200<\/td>\n<td>7.4&#8243;-7.87&#8243;<\/td>\n<td>M100*100<\/td>\n<td>1.7*26<\/td>\n<td>1.0*26<\/td>\n<td>8.5Nm<\/td>\n<\/tr>\n<tr>\n<td>201-213<\/td>\n<td>7.87&#8243;-8.4&#8243;<\/td>\n<td>M100*100<\/td>\n<td>1.7*26<\/td>\n<td>1.0*26<\/td>\n<td>8.5Nm<\/td>\n<\/tr>\n<tr>\n<td>214-226<\/td>\n<td>8.4&#8243;-8.9&#8243;<\/td>\n<td>M100*100<\/td>\n<td>1.7*26<\/td>\n<td>1.0*26<\/td>\n<td>8.5Nm<\/td>\n<\/tr>\n<tr>\n<td>227-239<\/td>\n<td>8.9&#8243;-9.4&#8243;<\/td>\n<td>M100*100<\/td>\n<td>1.7*26<\/td>\n<td>1.0*26<\/td>\n<td>8.5Nm<\/td>\n<\/tr>\n<tr>\n<td>240-252<\/td>\n<td>9.5&#8243;-10&#8243;<\/td>\n<td>M100*100<\/td>\n<td>1.7*26<\/td>\n<td>1.0*26<\/td>\n<td>8.5Nm<\/td>\n<\/tr>\n<\/tbody>\n<\/table>\n<\/div>\n","protected":false},"excerpt":{"rendered":"<p>A soldadura de grampo europeia adota a soldadura convexa de tr\u00eas pontos de modo a que a estrutura seja muito forte, e a borda do cinto de a\u00e7o sobressai para proteger a superf\u00edcie da mangueira.<\/p>\n","protected":false},"featured_media":2456,"comment_status":"open","ping_status":"closed","template":"","meta":{"_acf_changed":false},"product_brand":[],"product_cat":[140],"product_tag":[],"class_list":{"0":"post-5394","1":"product","2":"type-product","3":"status-publish","4":"has-post-thumbnail","6":"product_cat-abracadeiras","8":"first","9":"instock","10":"shipping-taxable","11":"product-type-simple"},"acf":[],"yoast_head":"<!-- This site is optimized with the Yoast SEO plugin v26.0 - https:\/\/yoast.com\/wordpress\/plugins\/seo\/ -->\n<title>Bra\u00e7adeiras de Mangueira Resistentes - Btektech<\/title>\n<meta name=\"description\" content=\"A soldadura de grampo europeia adota a soldadura convexa de tr\u00eas pontos de modo a que a estrutura seja muito forte, e a borda do cinto de a\u00e7o sobressai para proteger a superf\u00edcie da mangueira.\" \/>\n<meta name=\"robots\" content=\"index, follow, max-snippet:-1, max-image-preview:large, max-video-preview:-1\" \/>\n<link rel=\"canonical\" href=\"https:\/\/btektech.com\/pt-pt\/product\/bracadeiras-de-mangueira-resistentes\/\" \/>\n<meta property=\"og:locale\" content=\"pt_PT\" \/>\n<meta property=\"og:type\" content=\"article\" \/>\n<meta property=\"og:title\" content=\"Bra\u00e7adeiras de Mangueira Resistentes - Btektech\" \/>\n<meta property=\"og:description\" content=\"A soldadura de grampo europeia adota a soldadura convexa de tr\u00eas pontos de modo a que a estrutura seja muito forte, e a borda do cinto de a\u00e7o sobressai para proteger a superf\u00edcie da mangueira.\" \/>\n<meta property=\"og:url\" content=\"https:\/\/btektech.com\/pt-pt\/product\/bracadeiras-de-mangueira-resistentes\/\" \/>\n<meta property=\"og:site_name\" content=\"Btektech\" \/>\n<meta property=\"article:modified_time\" content=\"2022-11-21T02:04:30+00:00\" \/>\n<meta property=\"og:image\" content=\"https:\/\/btektech.com\/wp-content\/uploads\/2021\/09\/Strong-mini-20210923115635.jpg\" \/>\n\t<meta property=\"og:image:width\" content=\"750\" \/>\n\t<meta property=\"og:image:height\" content=\"750\" \/>\n\t<meta property=\"og:image:type\" content=\"image\/jpeg\" \/>\n<meta name=\"twitter:card\" content=\"summary_large_image\" \/>\n<meta name=\"twitter:site\" content=\"@Btektech1\" \/>\n<meta name=\"twitter:label1\" content=\"Tempo estimado de leitura\" \/>\n\t<meta name=\"twitter:data1\" content=\"2 minutos\" \/>\n<script type=\"application\/ld+json\" class=\"yoast-schema-graph\">{\"@context\":\"https:\/\/schema.org\",\"@graph\":[{\"@type\":[\"WebPage\",\"ItemPage\"],\"@id\":\"https:\/\/btektech.com\/pt-pt\/product\/bracadeiras-de-mangueira-resistentes\/\",\"url\":\"https:\/\/btektech.com\/pt-pt\/product\/bracadeiras-de-mangueira-resistentes\/\",\"name\":\"Bra\u00e7adeiras de Mangueira Resistentes - Btektech\",\"isPartOf\":{\"@id\":\"https:\/\/btektech.com\/#website\"},\"primaryImageOfPage\":{\"@id\":\"https:\/\/btektech.com\/pt-pt\/product\/bracadeiras-de-mangueira-resistentes\/#primaryimage\"},\"image\":{\"@id\":\"https:\/\/btektech.com\/pt-pt\/product\/bracadeiras-de-mangueira-resistentes\/#primaryimage\"},\"thumbnailUrl\":\"https:\/\/btektech.com\/wp-content\/uploads\/2021\/09\/Strong-mini-20210923115635.jpg\",\"datePublished\":\"2022-04-25T17:53:04+00:00\",\"dateModified\":\"2022-11-21T02:04:30+00:00\",\"description\":\"A soldadura de grampo europeia adota a soldadura convexa de tr\u00eas pontos de modo a que a estrutura seja muito forte, e a borda do cinto de a\u00e7o sobressai para proteger a superf\u00edcie da mangueira.\",\"breadcrumb\":{\"@id\":\"https:\/\/btektech.com\/pt-pt\/product\/bracadeiras-de-mangueira-resistentes\/#breadcrumb\"},\"inLanguage\":\"pt-PT\",\"potentialAction\":[{\"@type\":\"ReadAction\",\"target\":[\"https:\/\/btektech.com\/pt-pt\/product\/bracadeiras-de-mangueira-resistentes\/\"]}]},{\"@type\":\"ImageObject\",\"inLanguage\":\"pt-PT\",\"@id\":\"https:\/\/btektech.com\/pt-pt\/product\/bracadeiras-de-mangueira-resistentes\/#primaryimage\",\"url\":\"https:\/\/btektech.com\/wp-content\/uploads\/2021\/09\/Strong-mini-20210923115635.jpg\",\"contentUrl\":\"https:\/\/btektech.com\/wp-content\/uploads\/2021\/09\/Strong-mini-20210923115635.jpg\",\"width\":750,\"height\":750,\"caption\":\"Bra\u00e7adeiras de Mangueira Resistentes\"},{\"@type\":\"BreadcrumbList\",\"@id\":\"https:\/\/btektech.com\/pt-pt\/product\/bracadeiras-de-mangueira-resistentes\/#breadcrumb\",\"itemListElement\":[{\"@type\":\"ListItem\",\"position\":1,\"name\":\"Home\",\"item\":\"https:\/\/btektech.com\/pt-pt\/\"},{\"@type\":\"ListItem\",\"position\":2,\"name\":\"\u00dcr\u00fcnler\",\"item\":\"https:\/\/btektech.com\/tr\/shop\/\"},{\"@type\":\"ListItem\",\"position\":3,\"name\":\"Heavy-Duty &amp; Industrial Hose Clamps\",\"item\":\"https:\/\/btektech.com\/product-category\/heavy-duty-and-industrial-hose-clamps\/\"},{\"@type\":\"ListItem\",\"position\":4,\"name\":\"Bra\u00e7adeiras de Mangueira Resistentes\"}]},{\"@type\":\"WebSite\",\"@id\":\"https:\/\/btektech.com\/#website\",\"url\":\"https:\/\/btektech.com\/\",\"name\":\"Btektech\",\"description\":\"\",\"publisher\":{\"@id\":\"https:\/\/btektech.com\/#organization\"},\"potentialAction\":[{\"@type\":\"SearchAction\",\"target\":{\"@type\":\"EntryPoint\",\"urlTemplate\":\"https:\/\/btektech.com\/?s={search_term_string}\"},\"query-input\":{\"@type\":\"PropertyValueSpecification\",\"valueRequired\":true,\"valueName\":\"search_term_string\"}}],\"inLanguage\":\"pt-PT\"},{\"@type\":\"Organization\",\"@id\":\"https:\/\/btektech.com\/#organization\",\"name\":\"Btektech\",\"url\":\"https:\/\/btektech.com\/\",\"logo\":{\"@type\":\"ImageObject\",\"inLanguage\":\"pt-PT\",\"@id\":\"https:\/\/btektech.com\/#\/schema\/logo\/image\/\",\"url\":\"https:\/\/btektech.com\/wp-content\/uploads\/2021\/08\/btektech-logo.png\",\"contentUrl\":\"https:\/\/btektech.com\/wp-content\/uploads\/2021\/08\/btektech-logo.png\",\"width\":250,\"height\":114,\"caption\":\"Btektech\"},\"image\":{\"@id\":\"https:\/\/btektech.com\/#\/schema\/logo\/image\/\"},\"sameAs\":[\"https:\/\/x.com\/Btektech1\",\"https:\/\/www.instagram.com\/btektech\/\",\"https:\/\/www.linkedin.com\/company\/suzhou-baotailong-electronic-materials-co-ltd\/\",\"https:\/\/www.pinterest.com\/btektech\/_saved\/\",\"https:\/\/www.youtube.com\/channel\/UCBiw4Bc4CmQDrdo-QqyVTqQ\"]}]}<\/script>\n<!-- \/ Yoast SEO plugin. -->","yoast_head_json":{"title":"Bra\u00e7adeiras de Mangueira Resistentes - Btektech","description":"A soldadura de grampo europeia adota a soldadura convexa de tr\u00eas pontos de modo a que a estrutura seja muito forte, e a borda do cinto de a\u00e7o sobressai para proteger a superf\u00edcie da mangueira.","robots":{"index":"index","follow":"follow","max-snippet":"max-snippet:-1","max-image-preview":"max-image-preview:large","max-video-preview":"max-video-preview:-1"},"canonical":"https:\/\/btektech.com\/pt-pt\/product\/bracadeiras-de-mangueira-resistentes\/","og_locale":"pt_PT","og_type":"article","og_title":"Bra\u00e7adeiras de Mangueira Resistentes - Btektech","og_description":"A soldadura de grampo europeia adota a soldadura convexa de tr\u00eas pontos de modo a que a estrutura seja muito forte, e a borda do cinto de a\u00e7o sobressai para proteger a superf\u00edcie da mangueira.","og_url":"https:\/\/btektech.com\/pt-pt\/product\/bracadeiras-de-mangueira-resistentes\/","og_site_name":"Btektech","article_modified_time":"2022-11-21T02:04:30+00:00","og_image":[{"width":750,"height":750,"url":"https:\/\/btektech.com\/wp-content\/uploads\/2021\/09\/Strong-mini-20210923115635.jpg","type":"image\/jpeg"}],"twitter_card":"summary_large_image","twitter_site":"@Btektech1","twitter_misc":{"Tempo estimado de leitura":"2 minutos"},"schema":{"@context":"https:\/\/schema.org","@graph":[{"@type":["WebPage","ItemPage"],"@id":"https:\/\/btektech.com\/pt-pt\/product\/bracadeiras-de-mangueira-resistentes\/","url":"https:\/\/btektech.com\/pt-pt\/product\/bracadeiras-de-mangueira-resistentes\/","name":"Bra\u00e7adeiras de Mangueira Resistentes - Btektech","isPartOf":{"@id":"https:\/\/btektech.com\/#website"},"primaryImageOfPage":{"@id":"https:\/\/btektech.com\/pt-pt\/product\/bracadeiras-de-mangueira-resistentes\/#primaryimage"},"image":{"@id":"https:\/\/btektech.com\/pt-pt\/product\/bracadeiras-de-mangueira-resistentes\/#primaryimage"},"thumbnailUrl":"https:\/\/btektech.com\/wp-content\/uploads\/2021\/09\/Strong-mini-20210923115635.jpg","datePublished":"2022-04-25T17:53:04+00:00","dateModified":"2022-11-21T02:04:30+00:00","description":"A soldadura de grampo europeia adota a soldadura convexa de tr\u00eas pontos de modo a que a estrutura seja muito forte, e a borda do cinto de a\u00e7o sobressai para proteger a superf\u00edcie da mangueira.","breadcrumb":{"@id":"https:\/\/btektech.com\/pt-pt\/product\/bracadeiras-de-mangueira-resistentes\/#breadcrumb"},"inLanguage":"pt-PT","potentialAction":[{"@type":"ReadAction","target":["https:\/\/btektech.com\/pt-pt\/product\/bracadeiras-de-mangueira-resistentes\/"]}]},{"@type":"ImageObject","inLanguage":"pt-PT","@id":"https:\/\/btektech.com\/pt-pt\/product\/bracadeiras-de-mangueira-resistentes\/#primaryimage","url":"https:\/\/btektech.com\/wp-content\/uploads\/2021\/09\/Strong-mini-20210923115635.jpg","contentUrl":"https:\/\/btektech.com\/wp-content\/uploads\/2021\/09\/Strong-mini-20210923115635.jpg","width":750,"height":750,"caption":"Bra\u00e7adeiras de Mangueira Resistentes"},{"@type":"BreadcrumbList","@id":"https:\/\/btektech.com\/pt-pt\/product\/bracadeiras-de-mangueira-resistentes\/#breadcrumb","itemListElement":[{"@type":"ListItem","position":1,"name":"Home","item":"https:\/\/btektech.com\/pt-pt\/"},{"@type":"ListItem","position":2,"name":"\u00dcr\u00fcnler","item":"https:\/\/btektech.com\/tr\/shop\/"},{"@type":"ListItem","position":3,"name":"Heavy-Duty &amp; Industrial Hose Clamps","item":"https:\/\/btektech.com\/product-category\/heavy-duty-and-industrial-hose-clamps\/"},{"@type":"ListItem","position":4,"name":"Bra\u00e7adeiras de Mangueira Resistentes"}]},{"@type":"WebSite","@id":"https:\/\/btektech.com\/#website","url":"https:\/\/btektech.com\/","name":"Btektech","description":"","publisher":{"@id":"https:\/\/btektech.com\/#organization"},"potentialAction":[{"@type":"SearchAction","target":{"@type":"EntryPoint","urlTemplate":"https:\/\/btektech.com\/?s={search_term_string}"},"query-input":{"@type":"PropertyValueSpecification","valueRequired":true,"valueName":"search_term_string"}}],"inLanguage":"pt-PT"},{"@type":"Organization","@id":"https:\/\/btektech.com\/#organization","name":"Btektech","url":"https:\/\/btektech.com\/","logo":{"@type":"ImageObject","inLanguage":"pt-PT","@id":"https:\/\/btektech.com\/#\/schema\/logo\/image\/","url":"https:\/\/btektech.com\/wp-content\/uploads\/2021\/08\/btektech-logo.png","contentUrl":"https:\/\/btektech.com\/wp-content\/uploads\/2021\/08\/btektech-logo.png","width":250,"height":114,"caption":"Btektech"},"image":{"@id":"https:\/\/btektech.com\/#\/schema\/logo\/image\/"},"sameAs":["https:\/\/x.com\/Btektech1","https:\/\/www.instagram.com\/btektech\/","https:\/\/www.linkedin.com\/company\/suzhou-baotailong-electronic-materials-co-ltd\/","https:\/\/www.pinterest.com\/btektech\/_saved\/","https:\/\/www.youtube.com\/channel\/UCBiw4Bc4CmQDrdo-QqyVTqQ"]}]}},"_links":{"self":[{"href":"https:\/\/btektech.com\/pt-pt\/wp-json\/wp\/v2\/product\/5394","targetHints":{"allow":["GET"]}}],"collection":[{"href":"https:\/\/btektech.com\/pt-pt\/wp-json\/wp\/v2\/product"}],"about":[{"href":"https:\/\/btektech.com\/pt-pt\/wp-json\/wp\/v2\/types\/product"}],"replies":[{"embeddable":true,"href":"https:\/\/btektech.com\/pt-pt\/wp-json\/wp\/v2\/comments?post=5394"}],"version-history":[{"count":0,"href":"https:\/\/btektech.com\/pt-pt\/wp-json\/wp\/v2\/product\/5394\/revisions"}],"wp:featuredmedia":[{"embeddable":true,"href":"https:\/\/btektech.com\/pt-pt\/wp-json\/wp\/v2\/media\/2456"}],"wp:attachment":[{"href":"https:\/\/btektech.com\/pt-pt\/wp-json\/wp\/v2\/media?parent=5394"}],"wp:term":[{"taxonomy":"product_brand","embeddable":true,"href":"https:\/\/btektech.com\/pt-pt\/wp-json\/wp\/v2\/product_brand?post=5394"},{"taxonomy":"product_cat","embeddable":true,"href":"https:\/\/btektech.com\/pt-pt\/wp-json\/wp\/v2\/product_cat?post=5394"},{"taxonomy":"product_tag","embeddable":true,"href":"https:\/\/btektech.com\/pt-pt\/wp-json\/wp\/v2\/product_tag?post=5394"}],"curies":[{"name":"wp","href":"https:\/\/api.w.org\/{rel}","templated":true}]}}