{"id":5391,"date":"2021-09-24T03:28:11","date_gmt":"2022-04-25T17:53:02","guid":{"rendered":"https:\/\/btektech.com\/product\/fita-e-grampo-de-pacote\/"},"modified":"2022-11-21T01:55:40","modified_gmt":"2022-11-21T01:55:40","slug":"abracadeira-de-borracha","status":"publish","type":"product","link":"https:\/\/btektech.com\/pt-pt\/product\/abracadeira-de-borracha\/","title":{"rendered":"Abra\u00e7adeira de Borracha"},"content":{"rendered":"<p>A principal caracter\u00edstica deste Abra\u00e7adeira de  Borracha \u00e9 proteger os tubos r\u00edgidos, mangueiras e cabos que precisam de ser fixados.  A almofada de borracha tem a capacidade de evitar vibra\u00e7\u00f5es durante o exerc\u00edcio, anti-fric\u00e7\u00e3o e fun\u00e7\u00e3o de isolamento.<\/p>\n<div style=\"overflow-x: auto;\">\n<table>\n<tbody>\n<tr>\n<td>Alcance<\/td>\n<td>40-20<\/td>\n<td>4-25<\/td>\n<td>5-14<\/td>\n<td>15-46<\/td>\n<td>10-25<\/td>\n<td>26-25<\/td>\n<td>15-49<\/td>\n<td>50-150<\/td>\n<\/tr>\n<tr>\n<td>b1<\/td>\n<td>9<\/td>\n<td>12<\/td>\n<td>15<\/td>\n<td>15<\/td>\n<td>20<\/td>\n<td>20<\/td>\n<td>25<\/td>\n<td>25<\/td>\n<\/tr>\n<tr>\n<td>b2<\/td>\n<td>13<\/td>\n<td>15<\/td>\n<td>19<\/td>\n<td>19<\/td>\n<td>25<\/td>\n<td>25<\/td>\n<td>31<\/td>\n<td>31<\/td>\n<\/tr>\n<tr>\n<td>dn<\/td>\n<td>4.3<\/td>\n<td>5.3<\/td>\n<td>6.4<\/td>\n<td>6.4<\/td>\n<td>8.4<\/td>\n<td>8.4<\/td>\n<td>10.5<\/td>\n<td>10.5<\/td>\n<\/tr>\n<tr>\n<td rowspan=\"2\">d3<\/td>\n<td>d1+<\/td>\n<td>d1+<\/td>\n<td>d1+<\/td>\n<td>d1+<\/td>\n<td>d1+<\/td>\n<td>d1+<\/td>\n<td>d1+<\/td>\n<td>d1+<\/td>\n<\/tr>\n<tr>\n<td>5.2<\/td>\n<td>5.8<\/td>\n<td>7.4<\/td>\n<td>7.4<\/td>\n<td>9<\/td>\n<td>9<\/td>\n<td>13<\/td>\n<td>13<\/td>\n<\/tr>\n<tr>\n<td rowspan=\"2\">L1<\/td>\n<td>d1\/2+<\/td>\n<td>d1\/2+<\/td>\n<td>d1\/2+<\/td>\n<td>d1\/2+<\/td>\n<td>d1\/2+<\/td>\n<td>d1\/2+<\/td>\n<td>d1\/2+<\/td>\n<td>d1\/2+<\/td>\n<\/tr>\n<tr>\n<td>4.7<\/td>\n<td>6.8<\/td>\n<td>9.7<\/td>\n<td>9.7<\/td>\n<td>12.5<\/td>\n<td>12.5<\/td>\n<td>14.5<\/td>\n<td>14.5<\/td>\n<\/tr>\n<tr>\n<td rowspan=\"2\">L2 MAX<\/td>\n<td>d1\/2+<\/td>\n<td>d1\/2+<\/td>\n<td>d1\/2+<\/td>\n<td>d1\/2+<\/td>\n<td>d1\/2+<\/td>\n<td>d1\/2+<\/td>\n<td>d1\/2+<\/td>\n<td>d1\/2+<\/td>\n<\/tr>\n<tr>\n<td>9.2<\/td>\n<td>13<\/td>\n<td>17.2<\/td>\n<td>17.2<\/td>\n<td>22.5<\/td>\n<td>22.5<\/td>\n<td>27<\/td>\n<td>27<\/td>\n<\/tr>\n<tr>\n<td rowspan=\"2\">L3<\/td>\n<td>d1\/2+<\/td>\n<td>d1\/2+<\/td>\n<td>d1\/2+<\/td>\n<td>d1\/2+<\/td>\n<td>d1\/2+<\/td>\n<td>d1\/2+<\/td>\n<td>d1\/2+<\/td>\n<td>d1\/2+<\/td>\n<\/tr>\n<tr>\n<td>5.7<\/td>\n<td>8<\/td>\n<td>11.2<\/td>\n<td>11.2<\/td>\n<td>14.5<\/td>\n<td>14.5<\/td>\n<td>17.5<\/td>\n<td>17.5<\/td>\n<\/tr>\n<tr>\n<td rowspan=\"2\">L4 MAX<\/td>\n<td>d1\/2+<\/td>\n<td>d1\/2+<\/td>\n<td>d1\/2+<\/td>\n<td>d1\/2+<\/td>\n<td>d1\/2+<\/td>\n<td>d1\/2+<\/td>\n<td>d1\/2+<\/td>\n<td>d1\/2+<\/td>\n<\/tr>\n<tr>\n<td>10.2<\/td>\n<td>14<\/td>\n<td>18.7<\/td>\n<td>18.7<\/td>\n<td>24.5<\/td>\n<td>24.5<\/td>\n<td>30<\/td>\n<td>30<\/td>\n<\/tr>\n<tr>\n<td rowspan=\"2\">L5<\/td>\n<td>d1\/2+<\/td>\n<td>d1\/2+<\/td>\n<td>d1\/2+<\/td>\n<td>d1\/2+<\/td>\n<td>d1\/2+<\/td>\n<td>d1\/2+<\/td>\n<td>d1\/2+<\/td>\n<td>d1\/2+<\/td>\n<\/tr>\n<tr>\n<td>4.7<\/td>\n<td>6.8<\/td>\n<td>9.7<\/td>\n<td>9.7<\/td>\n<td>12.5<\/td>\n<td>12.5<\/td>\n<td>14.5<\/td>\n<td>14.5<\/td>\n<\/tr>\n<tr>\n<td rowspan=\"2\">L6 MAX<\/td>\n<td>d1\/2+<\/td>\n<td>d1\/2+<\/td>\n<td>d1\/2+<\/td>\n<td>d1\/2+<\/td>\n<td>d1\/2+<\/td>\n<td>d1\/2+<\/td>\n<td>d1\/2+<\/td>\n<td>d1\/2+<\/td>\n<\/tr>\n<tr>\n<td>9.2<\/td>\n<td>13<\/td>\n<td>17.2<\/td>\n<td>17.2<\/td>\n<td>22.5<\/td>\n<td>22.5<\/td>\n<td>27<\/td>\n<td>27<\/td>\n<\/tr>\n<tr>\n<td rowspan=\"2\">L7<\/td>\n<td>d1\/2+<\/td>\n<td>d1\/2+<\/td>\n<td>d1\/2+<\/td>\n<td>d1\/2+<\/td>\n<td>d1\/2+<\/td>\n<td>d1\/2+<\/td>\n<td>d1\/2+<\/td>\n<td>d1\/2+<\/td>\n<\/tr>\n<tr>\n<td>5.7<\/td>\n<td>8<\/td>\n<td>11.2<\/td>\n<td>11.2<\/td>\n<td>14.5<\/td>\n<td>14.5<\/td>\n<td>17.5<\/td>\n<td>17.5<\/td>\n<\/tr>\n<tr>\n<td rowspan=\"2\">L8 MAX<\/td>\n<td>d1\/2+<\/td>\n<td>d1\/2+<\/td>\n<td>d1\/2+<\/td>\n<td>d1\/2+<\/td>\n<td>d1\/2+<\/td>\n<td>d1\/2+<\/td>\n<td>d1\/2+<\/td>\n<td>d1\/2+<\/td>\n<\/tr>\n<tr>\n<td>10.2<\/td>\n<td>14<\/td>\n<td>18.7<\/td>\n<td>18.7<\/td>\n<td>24.5<\/td>\n<td>24.5<\/td>\n<td>30<\/td>\n<td>30<\/td>\n<\/tr>\n<tr>\n<td>S1 W1<\/td>\n<td>0.4<\/td>\n<td>0.5<\/td>\n<td>0.5<\/td>\n<td>0.8<\/td>\n<td>0.8<\/td>\n<td>1<\/td>\n<td>1<\/td>\n<td>1.25<\/td>\n<\/tr>\n<tr>\n<td>W2<\/td>\n<td>0.4<\/td>\n<td>0.5<\/td>\n<td>0.6<\/td>\n<td>0.6<\/td>\n<td>0.8<\/td>\n<td>0.8<\/td>\n<td>1<\/td>\n<td>1.25<\/td>\n<\/tr>\n<tr>\n<td>S2 W1<\/td>\n<td>1.4<\/td>\n<td>1.5<\/td>\n<td>1.6<\/td>\n<td>1.8<\/td>\n<td>2.3<\/td>\n<td>2.5<\/td>\n<td>2.3<\/td>\n<td>2.75<\/td>\n<\/tr>\n<tr>\n<td>W2<\/td>\n<td>1.4<\/td>\n<td>1.5<\/td>\n<td>1.6<\/td>\n<td>1.6<\/td>\n<td>2.3<\/td>\n<td>2.3<\/td>\n<td>2.3<\/td>\n<td>2.5<\/td>\n<\/tr>\n<tr>\n<td>S3<\/td>\n<td>1<\/td>\n<td>1.2<\/td>\n<td>1.5<\/td>\n<td>1.5<\/td>\n<td>2<\/td>\n<td>2<\/td>\n<td>3<\/td>\n<td>3<\/td>\n<\/tr>\n<\/tbody>\n<\/table>\n<\/div>\n","protected":false},"excerpt":{"rendered":"<p>As Abra\u00e7adeiras de  Borracha s\u00e3o amplamente utilizadas na fixa\u00e7\u00e3o de todos os tipos de tubos com bons efeitos anti-afrouxamento e absor\u00e7\u00e3o de choques.<\/p>\n","protected":false},"featured_media":2516,"comment_status":"open","ping_status":"closed","template":"","meta":{"_acf_changed":false},"product_brand":[],"product_cat":[140],"product_tag":[],"class_list":{"0":"post-5391","1":"product","2":"type-product","3":"status-publish","4":"has-post-thumbnail","6":"product_cat-abracadeiras","8":"first","9":"instock","10":"shipping-taxable","11":"product-type-simple"},"acf":[],"yoast_head":"<!-- This site is optimized with the Yoast SEO plugin v26.0 - https:\/\/yoast.com\/wordpress\/plugins\/seo\/ -->\n<title>Abra\u00e7adeira de Borracha - Btektech<\/title>\n<meta name=\"description\" content=\"As Abra\u00e7adeira de Borracha s\u00e3o amplamente utilizadas na fixa\u00e7\u00e3o de todos os tipos de tubos com bons efeitos anti-afrouxamento e absor\u00e7\u00e3o de choques.\" \/>\n<meta name=\"robots\" content=\"index, follow, max-snippet:-1, max-image-preview:large, max-video-preview:-1\" \/>\n<link rel=\"canonical\" href=\"https:\/\/btektech.com\/pt-pt\/product\/abracadeira-de-borracha\/\" \/>\n<meta property=\"og:locale\" content=\"pt_PT\" \/>\n<meta property=\"og:type\" content=\"article\" \/>\n<meta property=\"og:title\" content=\"Abra\u00e7adeira de Borracha - Btektech\" \/>\n<meta property=\"og:description\" content=\"As Abra\u00e7adeira de Borracha s\u00e3o amplamente utilizadas na fixa\u00e7\u00e3o de todos os tipos de tubos com bons efeitos anti-afrouxamento e absor\u00e7\u00e3o de choques.\" \/>\n<meta property=\"og:url\" content=\"https:\/\/btektech.com\/pt-pt\/product\/abracadeira-de-borracha\/\" \/>\n<meta property=\"og:site_name\" content=\"Btektech\" \/>\n<meta property=\"article:modified_time\" content=\"2022-11-21T01:55:40+00:00\" \/>\n<meta property=\"og:image\" content=\"https:\/\/btektech.com\/wp-content\/uploads\/2021\/09\/17.jpg\" \/>\n\t<meta property=\"og:image:width\" content=\"800\" \/>\n\t<meta property=\"og:image:height\" content=\"800\" \/>\n\t<meta property=\"og:image:type\" content=\"image\/jpeg\" \/>\n<meta name=\"twitter:card\" content=\"summary_large_image\" \/>\n<meta name=\"twitter:site\" content=\"@Btektech1\" \/>\n<meta name=\"twitter:label1\" content=\"Tempo estimado de leitura\" \/>\n\t<meta name=\"twitter:data1\" content=\"2 minutos\" \/>\n<script type=\"application\/ld+json\" class=\"yoast-schema-graph\">{\"@context\":\"https:\/\/schema.org\",\"@graph\":[{\"@type\":[\"WebPage\",\"ItemPage\"],\"@id\":\"https:\/\/btektech.com\/pt-pt\/product\/abracadeira-de-borracha\/\",\"url\":\"https:\/\/btektech.com\/pt-pt\/product\/abracadeira-de-borracha\/\",\"name\":\"Abra\u00e7adeira de Borracha - Btektech\",\"isPartOf\":{\"@id\":\"https:\/\/btektech.com\/#website\"},\"primaryImageOfPage\":{\"@id\":\"https:\/\/btektech.com\/pt-pt\/product\/abracadeira-de-borracha\/#primaryimage\"},\"image\":{\"@id\":\"https:\/\/btektech.com\/pt-pt\/product\/abracadeira-de-borracha\/#primaryimage\"},\"thumbnailUrl\":\"https:\/\/btektech.com\/wp-content\/uploads\/2021\/09\/17.jpg\",\"datePublished\":\"2022-04-25T17:53:02+00:00\",\"dateModified\":\"2022-11-21T01:55:40+00:00\",\"description\":\"As Abra\u00e7adeira de Borracha s\u00e3o amplamente utilizadas na fixa\u00e7\u00e3o de todos os tipos de tubos com bons efeitos anti-afrouxamento e absor\u00e7\u00e3o de choques.\",\"breadcrumb\":{\"@id\":\"https:\/\/btektech.com\/pt-pt\/product\/abracadeira-de-borracha\/#breadcrumb\"},\"inLanguage\":\"pt-PT\",\"potentialAction\":[{\"@type\":\"ReadAction\",\"target\":[\"https:\/\/btektech.com\/pt-pt\/product\/abracadeira-de-borracha\/\"]}]},{\"@type\":\"ImageObject\",\"inLanguage\":\"pt-PT\",\"@id\":\"https:\/\/btektech.com\/pt-pt\/product\/abracadeira-de-borracha\/#primaryimage\",\"url\":\"https:\/\/btektech.com\/wp-content\/uploads\/2021\/09\/17.jpg\",\"contentUrl\":\"https:\/\/btektech.com\/wp-content\/uploads\/2021\/09\/17.jpg\",\"width\":800,\"height\":800,\"caption\":\"Abra\u00e7adeira de Borracha\"},{\"@type\":\"BreadcrumbList\",\"@id\":\"https:\/\/btektech.com\/pt-pt\/product\/abracadeira-de-borracha\/#breadcrumb\",\"itemListElement\":[{\"@type\":\"ListItem\",\"position\":1,\"name\":\"Home\",\"item\":\"https:\/\/btektech.com\/pt-pt\/home-2\/\"},{\"@type\":\"ListItem\",\"position\":2,\"name\":\"\u00dcr\u00fcnler\",\"item\":\"https:\/\/btektech.com\/tr\/shop\/\"},{\"@type\":\"ListItem\",\"position\":3,\"name\":\"Heavy-Duty &amp; Industrial Hose Clamps\",\"item\":\"https:\/\/btektech.com\/product-category\/heavy-duty-and-industrial-hose-clamps\/\"},{\"@type\":\"ListItem\",\"position\":4,\"name\":\"Abra\u00e7adeira de Borracha\"}]},{\"@type\":\"WebSite\",\"@id\":\"https:\/\/btektech.com\/#website\",\"url\":\"https:\/\/btektech.com\/\",\"name\":\"Btektech\",\"description\":\"\",\"publisher\":{\"@id\":\"https:\/\/btektech.com\/#organization\"},\"potentialAction\":[{\"@type\":\"SearchAction\",\"target\":{\"@type\":\"EntryPoint\",\"urlTemplate\":\"https:\/\/btektech.com\/?s={search_term_string}\"},\"query-input\":{\"@type\":\"PropertyValueSpecification\",\"valueRequired\":true,\"valueName\":\"search_term_string\"}}],\"inLanguage\":\"pt-PT\"},{\"@type\":\"Organization\",\"@id\":\"https:\/\/btektech.com\/#organization\",\"name\":\"Btektech\",\"url\":\"https:\/\/btektech.com\/\",\"logo\":{\"@type\":\"ImageObject\",\"inLanguage\":\"pt-PT\",\"@id\":\"https:\/\/btektech.com\/#\/schema\/logo\/image\/\",\"url\":\"https:\/\/btektech.com\/wp-content\/uploads\/2021\/08\/btektech-logo.png\",\"contentUrl\":\"https:\/\/btektech.com\/wp-content\/uploads\/2021\/08\/btektech-logo.png\",\"width\":250,\"height\":114,\"caption\":\"Btektech\"},\"image\":{\"@id\":\"https:\/\/btektech.com\/#\/schema\/logo\/image\/\"},\"sameAs\":[\"https:\/\/x.com\/Btektech1\",\"https:\/\/www.instagram.com\/btektech\/\",\"https:\/\/www.linkedin.com\/company\/suzhou-baotailong-electronic-materials-co-ltd\/\",\"https:\/\/www.pinterest.com\/btektech\/_saved\/\",\"https:\/\/www.youtube.com\/channel\/UCBiw4Bc4CmQDrdo-QqyVTqQ\"]}]}<\/script>\n<!-- \/ Yoast SEO plugin. -->","yoast_head_json":{"title":"Abra\u00e7adeira de Borracha - Btektech","description":"As Abra\u00e7adeira de Borracha s\u00e3o amplamente utilizadas na fixa\u00e7\u00e3o de todos os tipos de tubos com bons efeitos anti-afrouxamento e absor\u00e7\u00e3o de choques.","robots":{"index":"index","follow":"follow","max-snippet":"max-snippet:-1","max-image-preview":"max-image-preview:large","max-video-preview":"max-video-preview:-1"},"canonical":"https:\/\/btektech.com\/pt-pt\/product\/abracadeira-de-borracha\/","og_locale":"pt_PT","og_type":"article","og_title":"Abra\u00e7adeira de Borracha - Btektech","og_description":"As Abra\u00e7adeira de Borracha s\u00e3o amplamente utilizadas na fixa\u00e7\u00e3o de todos os tipos de tubos com bons efeitos anti-afrouxamento e absor\u00e7\u00e3o de choques.","og_url":"https:\/\/btektech.com\/pt-pt\/product\/abracadeira-de-borracha\/","og_site_name":"Btektech","article_modified_time":"2022-11-21T01:55:40+00:00","og_image":[{"width":800,"height":800,"url":"https:\/\/btektech.com\/wp-content\/uploads\/2021\/09\/17.jpg","type":"image\/jpeg"}],"twitter_card":"summary_large_image","twitter_site":"@Btektech1","twitter_misc":{"Tempo estimado de leitura":"2 minutos"},"schema":{"@context":"https:\/\/schema.org","@graph":[{"@type":["WebPage","ItemPage"],"@id":"https:\/\/btektech.com\/pt-pt\/product\/abracadeira-de-borracha\/","url":"https:\/\/btektech.com\/pt-pt\/product\/abracadeira-de-borracha\/","name":"Abra\u00e7adeira de Borracha - Btektech","isPartOf":{"@id":"https:\/\/btektech.com\/#website"},"primaryImageOfPage":{"@id":"https:\/\/btektech.com\/pt-pt\/product\/abracadeira-de-borracha\/#primaryimage"},"image":{"@id":"https:\/\/btektech.com\/pt-pt\/product\/abracadeira-de-borracha\/#primaryimage"},"thumbnailUrl":"https:\/\/btektech.com\/wp-content\/uploads\/2021\/09\/17.jpg","datePublished":"2022-04-25T17:53:02+00:00","dateModified":"2022-11-21T01:55:40+00:00","description":"As Abra\u00e7adeira de Borracha s\u00e3o amplamente utilizadas na fixa\u00e7\u00e3o de todos os tipos de tubos com bons efeitos anti-afrouxamento e absor\u00e7\u00e3o de choques.","breadcrumb":{"@id":"https:\/\/btektech.com\/pt-pt\/product\/abracadeira-de-borracha\/#breadcrumb"},"inLanguage":"pt-PT","potentialAction":[{"@type":"ReadAction","target":["https:\/\/btektech.com\/pt-pt\/product\/abracadeira-de-borracha\/"]}]},{"@type":"ImageObject","inLanguage":"pt-PT","@id":"https:\/\/btektech.com\/pt-pt\/product\/abracadeira-de-borracha\/#primaryimage","url":"https:\/\/btektech.com\/wp-content\/uploads\/2021\/09\/17.jpg","contentUrl":"https:\/\/btektech.com\/wp-content\/uploads\/2021\/09\/17.jpg","width":800,"height":800,"caption":"Abra\u00e7adeira de Borracha"},{"@type":"BreadcrumbList","@id":"https:\/\/btektech.com\/pt-pt\/product\/abracadeira-de-borracha\/#breadcrumb","itemListElement":[{"@type":"ListItem","position":1,"name":"Home","item":"https:\/\/btektech.com\/pt-pt\/home-2\/"},{"@type":"ListItem","position":2,"name":"\u00dcr\u00fcnler","item":"https:\/\/btektech.com\/tr\/shop\/"},{"@type":"ListItem","position":3,"name":"Heavy-Duty &amp; Industrial Hose Clamps","item":"https:\/\/btektech.com\/product-category\/heavy-duty-and-industrial-hose-clamps\/"},{"@type":"ListItem","position":4,"name":"Abra\u00e7adeira de Borracha"}]},{"@type":"WebSite","@id":"https:\/\/btektech.com\/#website","url":"https:\/\/btektech.com\/","name":"Btektech","description":"","publisher":{"@id":"https:\/\/btektech.com\/#organization"},"potentialAction":[{"@type":"SearchAction","target":{"@type":"EntryPoint","urlTemplate":"https:\/\/btektech.com\/?s={search_term_string}"},"query-input":{"@type":"PropertyValueSpecification","valueRequired":true,"valueName":"search_term_string"}}],"inLanguage":"pt-PT"},{"@type":"Organization","@id":"https:\/\/btektech.com\/#organization","name":"Btektech","url":"https:\/\/btektech.com\/","logo":{"@type":"ImageObject","inLanguage":"pt-PT","@id":"https:\/\/btektech.com\/#\/schema\/logo\/image\/","url":"https:\/\/btektech.com\/wp-content\/uploads\/2021\/08\/btektech-logo.png","contentUrl":"https:\/\/btektech.com\/wp-content\/uploads\/2021\/08\/btektech-logo.png","width":250,"height":114,"caption":"Btektech"},"image":{"@id":"https:\/\/btektech.com\/#\/schema\/logo\/image\/"},"sameAs":["https:\/\/x.com\/Btektech1","https:\/\/www.instagram.com\/btektech\/","https:\/\/www.linkedin.com\/company\/suzhou-baotailong-electronic-materials-co-ltd\/","https:\/\/www.pinterest.com\/btektech\/_saved\/","https:\/\/www.youtube.com\/channel\/UCBiw4Bc4CmQDrdo-QqyVTqQ"]}]}},"_links":{"self":[{"href":"https:\/\/btektech.com\/pt-pt\/wp-json\/wp\/v2\/product\/5391","targetHints":{"allow":["GET"]}}],"collection":[{"href":"https:\/\/btektech.com\/pt-pt\/wp-json\/wp\/v2\/product"}],"about":[{"href":"https:\/\/btektech.com\/pt-pt\/wp-json\/wp\/v2\/types\/product"}],"replies":[{"embeddable":true,"href":"https:\/\/btektech.com\/pt-pt\/wp-json\/wp\/v2\/comments?post=5391"}],"version-history":[{"count":0,"href":"https:\/\/btektech.com\/pt-pt\/wp-json\/wp\/v2\/product\/5391\/revisions"}],"wp:featuredmedia":[{"embeddable":true,"href":"https:\/\/btektech.com\/pt-pt\/wp-json\/wp\/v2\/media\/2516"}],"wp:attachment":[{"href":"https:\/\/btektech.com\/pt-pt\/wp-json\/wp\/v2\/media?parent=5391"}],"wp:term":[{"taxonomy":"product_brand","embeddable":true,"href":"https:\/\/btektech.com\/pt-pt\/wp-json\/wp\/v2\/product_brand?post=5391"},{"taxonomy":"product_cat","embeddable":true,"href":"https:\/\/btektech.com\/pt-pt\/wp-json\/wp\/v2\/product_cat?post=5391"},{"taxonomy":"product_tag","embeddable":true,"href":"https:\/\/btektech.com\/pt-pt\/wp-json\/wp\/v2\/product_tag?post=5391"}],"curies":[{"name":"wp","href":"https:\/\/api.w.org\/{rel}","templated":true}]}}