{"id":5388,"date":"2021-09-26T03:57:46","date_gmt":"2021-09-26T03:57:46","guid":{"rendered":"https:\/\/btektech.com\/product\/arma-de-epoxy-dupla\/"},"modified":"2022-09-19T06:24:42","modified_gmt":"2022-09-19T06:24:42","slug":"pistola-de-epoxi-dupla","status":"publish","type":"product","link":"https:\/\/btektech.com\/pt-pt\/product\/pistola-de-epoxi-dupla\/","title":{"rendered":"Pistola de Ep\u00f3xi Dupla"},"content":{"rendered":"<p>A especifica\u00e7\u00e3o da Pistola de Ep\u00f3xi Dupla 50ml \u00e9 adequada para o cartucho AB de 50ml, que tem r\u00e1cios de 1:1, 2:1, 4:1 e 10:1.   Al\u00e9m disso, a pistola epoxy da Btektech tamb\u00e9m tem 75ML 10:1 Pistola de Ep\u00f3xi Dupla e 30ML, 50ML de pistola adesiva \u00fanica.<\/p>\n<p><img fetchpriority=\"high\" decoding=\"async\" class=\"alignnone size-full wp-image-5142\" src=\"https:\/\/btektech.com\/wp-content\/uploads\/2021\/09\/epoxy-gun-plunger.jpg\" alt=\"epoxy gun plunger\" width=\"300\" height=\"200\"><\/p>\n<div style=\"overflow-x: auto;\">\n<table style=\"text-align: center;\">\n<tbody>\n<caption style=\"font-weight: 600;font-size:30px;\">A especifica\u00e7\u00e3o da pistola epoxy do cartucho duplo<\/caption>\n<tr>\n<th>Item N\u00ba.<\/th>\n<th>Rela\u00e7\u00e3o<\/th>\n<th>Cor<\/th>\n<th>Material Corpo<\/th>\n<th>Material Mergulhadores<\/th>\n<\/tr>\n<tr>\n<td>FT50-11<\/td>\n<td>1:01<\/td>\n<td>Offwhite<\/td>\n<td>PP+PA<\/td>\n<td>Metal<\/td>\n<\/tr>\n<tr>\n<td>FT50-12<\/td>\n<td>2:01<\/td>\n<td>Offwhite<\/td>\n<td>PP+PA<\/td>\n<td>Metal<\/td>\n<\/tr>\n<tr>\n<td>FT50-14<\/td>\n<td>1:04<\/td>\n<td>Offwhite<\/td>\n<td>PP+PA<\/td>\n<td>Metal<\/td>\n<\/tr>\n<tr>\n<td>FT50-101<\/td>\n<td>10:01<\/td>\n<td>Offwhite<\/td>\n<td>PP+PA<\/td>\n<td>Metal<\/td>\n<\/tr>\n<tr>\n<td>FT75-101<\/td>\n<td>10:01<\/td>\n<td>Offwhite<\/td>\n<td>PP+PA<\/td>\n<td>Metal<\/td>\n<\/tr>\n<\/tbody>\n<\/table>\n<p>O cabo da pistola de cola epoxy \u00e9 humanizado com apar\u00eancia generosa. O \u00eambolo \u00e9 dur\u00e1vel e n\u00e3o \u00e9 f\u00e1cil de usar. O desenho da estrutura da arma ep\u00f3xi \u00e9 suave. O cartucho de cola \u00e9 f\u00e1cil de instalar e desmontar. A pistola epoxy do cartucho duplo \u00e9 adequada para o funcionamento manual.<\/p>\n<div style=\"text-align: center;\">\n<img decoding=\"async\" class=\"alignnone size-medium wp-image-5152\" src=\"https:\/\/btektech.com\/wp-content\/uploads\/2021\/09\/dual-epoxy-gun-300x300.jpg\" alt=\"dual epoxy gun\" width=\"300\" height=\"300\" srcset=\"https:\/\/btektech.com\/wp-content\/uploads\/2021\/09\/dual-epoxy-gun.jpg 300w, https:\/\/btektech.com\/wp-content\/uploads\/2021\/09\/dual-epoxy-gun-100x100.jpg 100w, https:\/\/btektech.com\/wp-content\/uploads\/2021\/09\/dual-epoxy-gun-150x150.jpg 150w\" sizes=\"(max-width: 300px) 100vw, 300px\" \/><\/div>\n<p>Este tipo de produto \u00e9 muito adequado para o funcionamento manual padr\u00e3o, desmontagem e utiliza\u00e7\u00e3o \u00e9 muito simples. O cartucho de tinta desliza para dentro e firmemente fixo \u00e0 posi\u00e7\u00e3o com alavanca e, em seguida, pressione a pega junta para a resina epoxy mista do distribuidor. Por favor, note que tamb\u00e9m precisa de <a href=\"https:\/\/btektech.com\/product-category\/mixing-nozzles\/\">um bocal de mistura de ep\u00f3xi<\/a> descart\u00e1vel.<\/p>\n<div style=\"text-align: center;\">\n<img decoding=\"async\" class=\"alignnone size-medium wp-image-5147\" src=\"https:\/\/btektech.com\/wp-content\/uploads\/2021\/09\/dual-cartridge-epoxy-gun-50ml-300x300.jpg\" alt=\"dual cartridge epoxy gun\" width=\"300\" height=\"300\" srcset=\"https:\/\/btektech.com\/wp-content\/uploads\/2021\/09\/dual-cartridge-epoxy-gun-50ml.jpg 300w, https:\/\/btektech.com\/wp-content\/uploads\/2021\/09\/dual-cartridge-epoxy-gun-50ml-100x100.jpg 100w, https:\/\/btektech.com\/wp-content\/uploads\/2021\/09\/dual-cartridge-epoxy-gun-50ml-150x150.jpg 150w\" sizes=\"(max-width: 300px) 100vw, 300px\" \/><\/div>\n<p>&nbsp;<\/p>\n<\/div>\n","protected":false},"excerpt":{"rendered":"<p>Este tipo de Pistola de Ep\u00f3xi Dupla \u00e9 feito por pl\u00e1sticos de engenharia de pol\u00edmeros e boa qualidade de equipamentos met\u00e1licos com caracter\u00edsticas de dureza, leveza, funcionamento flex\u00edvel e durabilidade.   A nossa pistola de entrega facilita a cola ao dispensador.   Destina-se especialmente a escorvar ou a pingar v\u00e1rios componentes duplos de adesivo ou tinta para design, o que pode resolver o problema da mistura de dois componentes de produtos adesivos de forma desigual.<\/p>\n","protected":false},"featured_media":6051,"comment_status":"open","ping_status":"closed","template":"","meta":{"_acf_changed":false},"product_brand":[],"product_cat":[267],"product_tag":[],"class_list":{"0":"post-5388","1":"product","2":"type-product","3":"status-publish","4":"has-post-thumbnail","6":"product_cat-uncategorized-pt-pt","8":"first","9":"instock","10":"shipping-taxable","11":"product-type-simple"},"acf":[],"yoast_head":"<!-- This site is optimized with the Yoast SEO plugin v26.0 - https:\/\/yoast.com\/wordpress\/plugins\/seo\/ -->\n<title>Pistola de Ep\u00f3xi Dupla - Btektech<\/title>\n<meta name=\"description\" content=\"A Btektech \u00e9 um fabricante chin\u00eas de Pistola de Ep\u00f3xi Dupla OEM e ODM. Tamb\u00e9m fornecemos servi\u00e7os de personaliza\u00e7\u00e3o de embalagens para os nossos distribuidores.\" \/>\n<meta name=\"robots\" content=\"index, follow, max-snippet:-1, max-image-preview:large, max-video-preview:-1\" \/>\n<link rel=\"canonical\" href=\"https:\/\/btektech.com\/pt-pt\/product\/pistola-de-epoxi-dupla\/\" \/>\n<meta property=\"og:locale\" content=\"pt_PT\" \/>\n<meta property=\"og:type\" content=\"article\" \/>\n<meta property=\"og:title\" content=\"Pistola de Ep\u00f3xi Dupla - Btektech\" \/>\n<meta property=\"og:description\" content=\"A Btektech \u00e9 um fabricante chin\u00eas de Pistola de Ep\u00f3xi Dupla OEM e ODM. Tamb\u00e9m fornecemos servi\u00e7os de personaliza\u00e7\u00e3o de embalagens para os nossos distribuidores.\" \/>\n<meta property=\"og:url\" content=\"https:\/\/btektech.com\/pt-pt\/product\/pistola-de-epoxi-dupla\/\" \/>\n<meta property=\"og:site_name\" content=\"Btektech\" \/>\n<meta property=\"article:modified_time\" content=\"2022-09-19T06:24:42+00:00\" \/>\n<meta property=\"og:image\" content=\"https:\/\/btektech.com\/wp-content\/uploads\/2021\/09\/Dual-Epoxy-Gun-2.jpg\" \/>\n\t<meta property=\"og:image:width\" content=\"800\" \/>\n\t<meta property=\"og:image:height\" content=\"800\" \/>\n\t<meta property=\"og:image:type\" content=\"image\/jpeg\" \/>\n<meta name=\"twitter:card\" content=\"summary_large_image\" \/>\n<meta name=\"twitter:site\" content=\"@Btektech1\" \/>\n<meta name=\"twitter:label1\" content=\"Tempo estimado de leitura\" \/>\n\t<meta name=\"twitter:data1\" content=\"2 minutos\" \/>\n<script type=\"application\/ld+json\" class=\"yoast-schema-graph\">{\"@context\":\"https:\/\/schema.org\",\"@graph\":[{\"@type\":[\"WebPage\",\"ItemPage\"],\"@id\":\"https:\/\/btektech.com\/pt-pt\/product\/pistola-de-epoxi-dupla\/\",\"url\":\"https:\/\/btektech.com\/pt-pt\/product\/pistola-de-epoxi-dupla\/\",\"name\":\"Pistola de Ep\u00f3xi Dupla - Btektech\",\"isPartOf\":{\"@id\":\"https:\/\/btektech.com\/#website\"},\"primaryImageOfPage\":{\"@id\":\"https:\/\/btektech.com\/pt-pt\/product\/pistola-de-epoxi-dupla\/#primaryimage\"},\"image\":{\"@id\":\"https:\/\/btektech.com\/pt-pt\/product\/pistola-de-epoxi-dupla\/#primaryimage\"},\"thumbnailUrl\":\"https:\/\/btektech.com\/wp-content\/uploads\/2021\/09\/Dual-Epoxy-Gun-2.jpg\",\"datePublished\":\"2021-09-26T03:57:46+00:00\",\"dateModified\":\"2022-09-19T06:24:42+00:00\",\"description\":\"A Btektech \u00e9 um fabricante chin\u00eas de Pistola de Ep\u00f3xi Dupla OEM e ODM. Tamb\u00e9m fornecemos servi\u00e7os de personaliza\u00e7\u00e3o de embalagens para os nossos distribuidores.\",\"breadcrumb\":{\"@id\":\"https:\/\/btektech.com\/pt-pt\/product\/pistola-de-epoxi-dupla\/#breadcrumb\"},\"inLanguage\":\"pt-PT\",\"potentialAction\":[{\"@type\":\"ReadAction\",\"target\":[\"https:\/\/btektech.com\/pt-pt\/product\/pistola-de-epoxi-dupla\/\"]}]},{\"@type\":\"ImageObject\",\"inLanguage\":\"pt-PT\",\"@id\":\"https:\/\/btektech.com\/pt-pt\/product\/pistola-de-epoxi-dupla\/#primaryimage\",\"url\":\"https:\/\/btektech.com\/wp-content\/uploads\/2021\/09\/Dual-Epoxy-Gun-2.jpg\",\"contentUrl\":\"https:\/\/btektech.com\/wp-content\/uploads\/2021\/09\/Dual-Epoxy-Gun-2.jpg\",\"width\":800,\"height\":800,\"caption\":\"Pistola de Ep\u00f3xi Dupla\"},{\"@type\":\"BreadcrumbList\",\"@id\":\"https:\/\/btektech.com\/pt-pt\/product\/pistola-de-epoxi-dupla\/#breadcrumb\",\"itemListElement\":[{\"@type\":\"ListItem\",\"position\":1,\"name\":\"Home\",\"item\":\"https:\/\/btektech.com\/pt-pt\/home-2\/\"},{\"@type\":\"ListItem\",\"position\":2,\"name\":\"\u00dcr\u00fcnler\",\"item\":\"https:\/\/btektech.com\/tr\/shop\/\"},{\"@type\":\"ListItem\",\"position\":3,\"name\":\"Pistola de Ep\u00f3xi Dupla\"}]},{\"@type\":\"WebSite\",\"@id\":\"https:\/\/btektech.com\/#website\",\"url\":\"https:\/\/btektech.com\/\",\"name\":\"Btektech\",\"description\":\"\",\"publisher\":{\"@id\":\"https:\/\/btektech.com\/#organization\"},\"potentialAction\":[{\"@type\":\"SearchAction\",\"target\":{\"@type\":\"EntryPoint\",\"urlTemplate\":\"https:\/\/btektech.com\/?s={search_term_string}\"},\"query-input\":{\"@type\":\"PropertyValueSpecification\",\"valueRequired\":true,\"valueName\":\"search_term_string\"}}],\"inLanguage\":\"pt-PT\"},{\"@type\":\"Organization\",\"@id\":\"https:\/\/btektech.com\/#organization\",\"name\":\"Btektech\",\"url\":\"https:\/\/btektech.com\/\",\"logo\":{\"@type\":\"ImageObject\",\"inLanguage\":\"pt-PT\",\"@id\":\"https:\/\/btektech.com\/#\/schema\/logo\/image\/\",\"url\":\"https:\/\/btektech.com\/wp-content\/uploads\/2021\/08\/btektech-logo.png\",\"contentUrl\":\"https:\/\/btektech.com\/wp-content\/uploads\/2021\/08\/btektech-logo.png\",\"width\":250,\"height\":114,\"caption\":\"Btektech\"},\"image\":{\"@id\":\"https:\/\/btektech.com\/#\/schema\/logo\/image\/\"},\"sameAs\":[\"https:\/\/x.com\/Btektech1\",\"https:\/\/www.instagram.com\/btektech\/\",\"https:\/\/www.linkedin.com\/company\/suzhou-baotailong-electronic-materials-co-ltd\/\",\"https:\/\/www.pinterest.com\/btektech\/_saved\/\",\"https:\/\/www.youtube.com\/channel\/UCBiw4Bc4CmQDrdo-QqyVTqQ\"]}]}<\/script>\n<!-- \/ Yoast SEO plugin. -->","yoast_head_json":{"title":"Pistola de Ep\u00f3xi Dupla - Btektech","description":"A Btektech \u00e9 um fabricante chin\u00eas de Pistola de Ep\u00f3xi Dupla OEM e ODM. Tamb\u00e9m fornecemos servi\u00e7os de personaliza\u00e7\u00e3o de embalagens para os nossos distribuidores.","robots":{"index":"index","follow":"follow","max-snippet":"max-snippet:-1","max-image-preview":"max-image-preview:large","max-video-preview":"max-video-preview:-1"},"canonical":"https:\/\/btektech.com\/pt-pt\/product\/pistola-de-epoxi-dupla\/","og_locale":"pt_PT","og_type":"article","og_title":"Pistola de Ep\u00f3xi Dupla - Btektech","og_description":"A Btektech \u00e9 um fabricante chin\u00eas de Pistola de Ep\u00f3xi Dupla OEM e ODM. Tamb\u00e9m fornecemos servi\u00e7os de personaliza\u00e7\u00e3o de embalagens para os nossos distribuidores.","og_url":"https:\/\/btektech.com\/pt-pt\/product\/pistola-de-epoxi-dupla\/","og_site_name":"Btektech","article_modified_time":"2022-09-19T06:24:42+00:00","og_image":[{"width":800,"height":800,"url":"https:\/\/btektech.com\/wp-content\/uploads\/2021\/09\/Dual-Epoxy-Gun-2.jpg","type":"image\/jpeg"}],"twitter_card":"summary_large_image","twitter_site":"@Btektech1","twitter_misc":{"Tempo estimado de leitura":"2 minutos"},"schema":{"@context":"https:\/\/schema.org","@graph":[{"@type":["WebPage","ItemPage"],"@id":"https:\/\/btektech.com\/pt-pt\/product\/pistola-de-epoxi-dupla\/","url":"https:\/\/btektech.com\/pt-pt\/product\/pistola-de-epoxi-dupla\/","name":"Pistola de Ep\u00f3xi Dupla - Btektech","isPartOf":{"@id":"https:\/\/btektech.com\/#website"},"primaryImageOfPage":{"@id":"https:\/\/btektech.com\/pt-pt\/product\/pistola-de-epoxi-dupla\/#primaryimage"},"image":{"@id":"https:\/\/btektech.com\/pt-pt\/product\/pistola-de-epoxi-dupla\/#primaryimage"},"thumbnailUrl":"https:\/\/btektech.com\/wp-content\/uploads\/2021\/09\/Dual-Epoxy-Gun-2.jpg","datePublished":"2021-09-26T03:57:46+00:00","dateModified":"2022-09-19T06:24:42+00:00","description":"A Btektech \u00e9 um fabricante chin\u00eas de Pistola de Ep\u00f3xi Dupla OEM e ODM. Tamb\u00e9m fornecemos servi\u00e7os de personaliza\u00e7\u00e3o de embalagens para os nossos distribuidores.","breadcrumb":{"@id":"https:\/\/btektech.com\/pt-pt\/product\/pistola-de-epoxi-dupla\/#breadcrumb"},"inLanguage":"pt-PT","potentialAction":[{"@type":"ReadAction","target":["https:\/\/btektech.com\/pt-pt\/product\/pistola-de-epoxi-dupla\/"]}]},{"@type":"ImageObject","inLanguage":"pt-PT","@id":"https:\/\/btektech.com\/pt-pt\/product\/pistola-de-epoxi-dupla\/#primaryimage","url":"https:\/\/btektech.com\/wp-content\/uploads\/2021\/09\/Dual-Epoxy-Gun-2.jpg","contentUrl":"https:\/\/btektech.com\/wp-content\/uploads\/2021\/09\/Dual-Epoxy-Gun-2.jpg","width":800,"height":800,"caption":"Pistola de Ep\u00f3xi Dupla"},{"@type":"BreadcrumbList","@id":"https:\/\/btektech.com\/pt-pt\/product\/pistola-de-epoxi-dupla\/#breadcrumb","itemListElement":[{"@type":"ListItem","position":1,"name":"Home","item":"https:\/\/btektech.com\/pt-pt\/home-2\/"},{"@type":"ListItem","position":2,"name":"\u00dcr\u00fcnler","item":"https:\/\/btektech.com\/tr\/shop\/"},{"@type":"ListItem","position":3,"name":"Pistola de Ep\u00f3xi Dupla"}]},{"@type":"WebSite","@id":"https:\/\/btektech.com\/#website","url":"https:\/\/btektech.com\/","name":"Btektech","description":"","publisher":{"@id":"https:\/\/btektech.com\/#organization"},"potentialAction":[{"@type":"SearchAction","target":{"@type":"EntryPoint","urlTemplate":"https:\/\/btektech.com\/?s={search_term_string}"},"query-input":{"@type":"PropertyValueSpecification","valueRequired":true,"valueName":"search_term_string"}}],"inLanguage":"pt-PT"},{"@type":"Organization","@id":"https:\/\/btektech.com\/#organization","name":"Btektech","url":"https:\/\/btektech.com\/","logo":{"@type":"ImageObject","inLanguage":"pt-PT","@id":"https:\/\/btektech.com\/#\/schema\/logo\/image\/","url":"https:\/\/btektech.com\/wp-content\/uploads\/2021\/08\/btektech-logo.png","contentUrl":"https:\/\/btektech.com\/wp-content\/uploads\/2021\/08\/btektech-logo.png","width":250,"height":114,"caption":"Btektech"},"image":{"@id":"https:\/\/btektech.com\/#\/schema\/logo\/image\/"},"sameAs":["https:\/\/x.com\/Btektech1","https:\/\/www.instagram.com\/btektech\/","https:\/\/www.linkedin.com\/company\/suzhou-baotailong-electronic-materials-co-ltd\/","https:\/\/www.pinterest.com\/btektech\/_saved\/","https:\/\/www.youtube.com\/channel\/UCBiw4Bc4CmQDrdo-QqyVTqQ"]}]}},"_links":{"self":[{"href":"https:\/\/btektech.com\/pt-pt\/wp-json\/wp\/v2\/product\/5388","targetHints":{"allow":["GET"]}}],"collection":[{"href":"https:\/\/btektech.com\/pt-pt\/wp-json\/wp\/v2\/product"}],"about":[{"href":"https:\/\/btektech.com\/pt-pt\/wp-json\/wp\/v2\/types\/product"}],"replies":[{"embeddable":true,"href":"https:\/\/btektech.com\/pt-pt\/wp-json\/wp\/v2\/comments?post=5388"}],"version-history":[{"count":0,"href":"https:\/\/btektech.com\/pt-pt\/wp-json\/wp\/v2\/product\/5388\/revisions"}],"wp:featuredmedia":[{"embeddable":true,"href":"https:\/\/btektech.com\/pt-pt\/wp-json\/wp\/v2\/media\/6051"}],"wp:attachment":[{"href":"https:\/\/btektech.com\/pt-pt\/wp-json\/wp\/v2\/media?parent=5388"}],"wp:term":[{"taxonomy":"product_brand","embeddable":true,"href":"https:\/\/btektech.com\/pt-pt\/wp-json\/wp\/v2\/product_brand?post=5388"},{"taxonomy":"product_cat","embeddable":true,"href":"https:\/\/btektech.com\/pt-pt\/wp-json\/wp\/v2\/product_cat?post=5388"},{"taxonomy":"product_tag","embeddable":true,"href":"https:\/\/btektech.com\/pt-pt\/wp-json\/wp\/v2\/product_tag?post=5388"}],"curies":[{"name":"wp","href":"https:\/\/api.w.org\/{rel}","templated":true}]}}