{"id":5384,"date":"2021-09-26T07:24:46","date_gmt":"2021-09-26T07:24:46","guid":{"rendered":"https:\/\/btektech.com\/product\/pistola-de-cola-manual\/"},"modified":"2022-09-23T05:37:44","modified_gmt":"2022-09-23T05:37:44","slug":"pistola-jeringa-manual","status":"publish","type":"product","link":"https:\/\/btektech.com\/pt-pt\/product\/pistola-jeringa-manual\/","title":{"rendered":"Pistola Jeringa Manual"},"content":{"rendered":"<p>Esta Pistola Jeringa Manual n\u00e3o precisa de eletricidade, o processo de montagem e utiliza\u00e7\u00e3o \u00e9 muito suave. Com as mesmas especifica\u00e7\u00f5es de cartucho e tubo de batedeira apropriado pode ser uma cola muito conveniente. Adequado para seringas de distribui\u00e7\u00e3o de 10cc\/ 30cc\/55cc.<\/p>\n<div style=\"overflow-x: auto;\">\n<table style=\"text-align:center;\">\n<tbody>\n<tr>\n<th>Item N\u00ba.<\/th>\n<th>Rio Volum<\/th>\n<th>Cor<\/th>\n<th>Peso<\/th>\n<th>Material<\/th>\n<\/tr>\n<tr>\n<td>FT30<\/td>\n<td>30cc<\/td>\n<td>Offwhite<\/td>\n<td>226g<\/td>\n<td>PP, PE, Metal<\/td>\n<\/tr>\n<tr>\n<td>FT55<\/td>\n<td>55cc<\/td>\n<td>Offwhite<\/td>\n<td>230g<\/td>\n<td>PP, PE, Metal<\/td>\n<\/tr>\n<tr>\n<td>FL10<\/td>\n<td>10CC<\/td>\n<td>Azul \/Branco<\/td>\n<td>110g<\/td>\n<td>Nylon<\/td>\n<\/tr>\n<tr>\n<td>FL30<\/td>\n<td>30CC \/ 55CC<\/td>\n<td>Vermelho\/Branco<\/td>\n<td>115g<\/td>\n<td>Nylon<\/td>\n<\/tr>\n<\/tbody>\n<\/table>\n<\/div>\n","protected":false},"excerpt":{"rendered":"<p>Esta Pistola Jeringa Manual \u00e9 pequena e port\u00e1til, pega ergon\u00f3mica, confort\u00e1vel de segurar.<\/p>\n","protected":false},"featured_media":4590,"comment_status":"open","ping_status":"closed","template":"","meta":{"_acf_changed":false},"product_brand":[],"product_cat":[267],"product_tag":[],"class_list":{"0":"post-5384","1":"product","2":"type-product","3":"status-publish","4":"has-post-thumbnail","6":"product_cat-uncategorized-pt-pt","8":"first","9":"instock","10":"shipping-taxable","11":"product-type-simple"},"acf":[],"yoast_head":"<!-- This site is optimized with the Yoast SEO plugin v26.0 - https:\/\/yoast.com\/wordpress\/plugins\/seo\/ -->\n<title>Pistola Jeringa Manual - Btektech<\/title>\n<meta name=\"description\" content=\"Esta Pistola Jeringa Manual \u00e9 pequena e port\u00e1til, pega ergon\u00f3mica, confort\u00e1vel de segurar.\" \/>\n<meta name=\"robots\" content=\"index, follow, max-snippet:-1, max-image-preview:large, max-video-preview:-1\" \/>\n<link rel=\"canonical\" href=\"https:\/\/btektech.com\/pt-pt\/product\/pistola-jeringa-manual\/\" \/>\n<meta property=\"og:locale\" content=\"pt_PT\" \/>\n<meta property=\"og:type\" content=\"article\" \/>\n<meta property=\"og:title\" content=\"Pistola Jeringa Manual - Btektech\" \/>\n<meta property=\"og:description\" content=\"Esta Pistola Jeringa Manual \u00e9 pequena e port\u00e1til, pega ergon\u00f3mica, confort\u00e1vel de segurar.\" \/>\n<meta property=\"og:url\" content=\"https:\/\/btektech.com\/pt-pt\/product\/pistola-jeringa-manual\/\" \/>\n<meta property=\"og:site_name\" content=\"Btektech\" \/>\n<meta property=\"article:modified_time\" content=\"2022-09-23T05:37:44+00:00\" \/>\n<meta property=\"og:image\" content=\"https:\/\/btektech.com\/wp-content\/uploads\/2021\/09\/manual-glue-gun.jpg\" \/>\n\t<meta property=\"og:image:width\" content=\"800\" \/>\n\t<meta property=\"og:image:height\" content=\"800\" \/>\n\t<meta property=\"og:image:type\" content=\"image\/jpeg\" \/>\n<meta name=\"twitter:card\" content=\"summary_large_image\" \/>\n<meta name=\"twitter:site\" content=\"@Btektech1\" \/>\n<meta name=\"twitter:label1\" content=\"Tempo estimado de leitura\" \/>\n\t<meta name=\"twitter:data1\" content=\"1 minuto\" \/>\n<script type=\"application\/ld+json\" class=\"yoast-schema-graph\">{\"@context\":\"https:\/\/schema.org\",\"@graph\":[{\"@type\":[\"WebPage\",\"ItemPage\"],\"@id\":\"https:\/\/btektech.com\/pt-pt\/product\/pistola-jeringa-manual\/\",\"url\":\"https:\/\/btektech.com\/pt-pt\/product\/pistola-jeringa-manual\/\",\"name\":\"Pistola Jeringa Manual - Btektech\",\"isPartOf\":{\"@id\":\"https:\/\/btektech.com\/#website\"},\"primaryImageOfPage\":{\"@id\":\"https:\/\/btektech.com\/pt-pt\/product\/pistola-jeringa-manual\/#primaryimage\"},\"image\":{\"@id\":\"https:\/\/btektech.com\/pt-pt\/product\/pistola-jeringa-manual\/#primaryimage\"},\"thumbnailUrl\":\"https:\/\/btektech.com\/wp-content\/uploads\/2021\/09\/manual-glue-gun.jpg\",\"datePublished\":\"2021-09-26T07:24:46+00:00\",\"dateModified\":\"2022-09-23T05:37:44+00:00\",\"description\":\"Esta Pistola Jeringa Manual \u00e9 pequena e port\u00e1til, pega ergon\u00f3mica, confort\u00e1vel de segurar.\",\"breadcrumb\":{\"@id\":\"https:\/\/btektech.com\/pt-pt\/product\/pistola-jeringa-manual\/#breadcrumb\"},\"inLanguage\":\"pt-PT\",\"potentialAction\":[{\"@type\":\"ReadAction\",\"target\":[\"https:\/\/btektech.com\/pt-pt\/product\/pistola-jeringa-manual\/\"]}]},{\"@type\":\"ImageObject\",\"inLanguage\":\"pt-PT\",\"@id\":\"https:\/\/btektech.com\/pt-pt\/product\/pistola-jeringa-manual\/#primaryimage\",\"url\":\"https:\/\/btektech.com\/wp-content\/uploads\/2021\/09\/manual-glue-gun.jpg\",\"contentUrl\":\"https:\/\/btektech.com\/wp-content\/uploads\/2021\/09\/manual-glue-gun.jpg\",\"width\":800,\"height\":800,\"caption\":\"Pistola Jeringa Manual\"},{\"@type\":\"BreadcrumbList\",\"@id\":\"https:\/\/btektech.com\/pt-pt\/product\/pistola-jeringa-manual\/#breadcrumb\",\"itemListElement\":[{\"@type\":\"ListItem\",\"position\":1,\"name\":\"Home\",\"item\":\"https:\/\/btektech.com\/pt-pt\/home-2\/\"},{\"@type\":\"ListItem\",\"position\":2,\"name\":\"\u00dcr\u00fcnler\",\"item\":\"https:\/\/btektech.com\/tr\/shop\/\"},{\"@type\":\"ListItem\",\"position\":3,\"name\":\"Pistola Jeringa Manual\"}]},{\"@type\":\"WebSite\",\"@id\":\"https:\/\/btektech.com\/#website\",\"url\":\"https:\/\/btektech.com\/\",\"name\":\"Btektech\",\"description\":\"\",\"publisher\":{\"@id\":\"https:\/\/btektech.com\/#organization\"},\"potentialAction\":[{\"@type\":\"SearchAction\",\"target\":{\"@type\":\"EntryPoint\",\"urlTemplate\":\"https:\/\/btektech.com\/?s={search_term_string}\"},\"query-input\":{\"@type\":\"PropertyValueSpecification\",\"valueRequired\":true,\"valueName\":\"search_term_string\"}}],\"inLanguage\":\"pt-PT\"},{\"@type\":\"Organization\",\"@id\":\"https:\/\/btektech.com\/#organization\",\"name\":\"Btektech\",\"url\":\"https:\/\/btektech.com\/\",\"logo\":{\"@type\":\"ImageObject\",\"inLanguage\":\"pt-PT\",\"@id\":\"https:\/\/btektech.com\/#\/schema\/logo\/image\/\",\"url\":\"https:\/\/btektech.com\/wp-content\/uploads\/2021\/08\/btektech-logo.png\",\"contentUrl\":\"https:\/\/btektech.com\/wp-content\/uploads\/2021\/08\/btektech-logo.png\",\"width\":250,\"height\":114,\"caption\":\"Btektech\"},\"image\":{\"@id\":\"https:\/\/btektech.com\/#\/schema\/logo\/image\/\"},\"sameAs\":[\"https:\/\/x.com\/Btektech1\",\"https:\/\/www.instagram.com\/btektech\/\",\"https:\/\/www.linkedin.com\/company\/suzhou-baotailong-electronic-materials-co-ltd\/\",\"https:\/\/www.pinterest.com\/btektech\/_saved\/\",\"https:\/\/www.youtube.com\/channel\/UCBiw4Bc4CmQDrdo-QqyVTqQ\"]}]}<\/script>\n<!-- \/ Yoast SEO plugin. -->","yoast_head_json":{"title":"Pistola Jeringa Manual - Btektech","description":"Esta Pistola Jeringa Manual \u00e9 pequena e port\u00e1til, pega ergon\u00f3mica, confort\u00e1vel de segurar.","robots":{"index":"index","follow":"follow","max-snippet":"max-snippet:-1","max-image-preview":"max-image-preview:large","max-video-preview":"max-video-preview:-1"},"canonical":"https:\/\/btektech.com\/pt-pt\/product\/pistola-jeringa-manual\/","og_locale":"pt_PT","og_type":"article","og_title":"Pistola Jeringa Manual - Btektech","og_description":"Esta Pistola Jeringa Manual \u00e9 pequena e port\u00e1til, pega ergon\u00f3mica, confort\u00e1vel de segurar.","og_url":"https:\/\/btektech.com\/pt-pt\/product\/pistola-jeringa-manual\/","og_site_name":"Btektech","article_modified_time":"2022-09-23T05:37:44+00:00","og_image":[{"width":800,"height":800,"url":"https:\/\/btektech.com\/wp-content\/uploads\/2021\/09\/manual-glue-gun.jpg","type":"image\/jpeg"}],"twitter_card":"summary_large_image","twitter_site":"@Btektech1","twitter_misc":{"Tempo estimado de leitura":"1 minuto"},"schema":{"@context":"https:\/\/schema.org","@graph":[{"@type":["WebPage","ItemPage"],"@id":"https:\/\/btektech.com\/pt-pt\/product\/pistola-jeringa-manual\/","url":"https:\/\/btektech.com\/pt-pt\/product\/pistola-jeringa-manual\/","name":"Pistola Jeringa Manual - Btektech","isPartOf":{"@id":"https:\/\/btektech.com\/#website"},"primaryImageOfPage":{"@id":"https:\/\/btektech.com\/pt-pt\/product\/pistola-jeringa-manual\/#primaryimage"},"image":{"@id":"https:\/\/btektech.com\/pt-pt\/product\/pistola-jeringa-manual\/#primaryimage"},"thumbnailUrl":"https:\/\/btektech.com\/wp-content\/uploads\/2021\/09\/manual-glue-gun.jpg","datePublished":"2021-09-26T07:24:46+00:00","dateModified":"2022-09-23T05:37:44+00:00","description":"Esta Pistola Jeringa Manual \u00e9 pequena e port\u00e1til, pega ergon\u00f3mica, confort\u00e1vel de segurar.","breadcrumb":{"@id":"https:\/\/btektech.com\/pt-pt\/product\/pistola-jeringa-manual\/#breadcrumb"},"inLanguage":"pt-PT","potentialAction":[{"@type":"ReadAction","target":["https:\/\/btektech.com\/pt-pt\/product\/pistola-jeringa-manual\/"]}]},{"@type":"ImageObject","inLanguage":"pt-PT","@id":"https:\/\/btektech.com\/pt-pt\/product\/pistola-jeringa-manual\/#primaryimage","url":"https:\/\/btektech.com\/wp-content\/uploads\/2021\/09\/manual-glue-gun.jpg","contentUrl":"https:\/\/btektech.com\/wp-content\/uploads\/2021\/09\/manual-glue-gun.jpg","width":800,"height":800,"caption":"Pistola Jeringa Manual"},{"@type":"BreadcrumbList","@id":"https:\/\/btektech.com\/pt-pt\/product\/pistola-jeringa-manual\/#breadcrumb","itemListElement":[{"@type":"ListItem","position":1,"name":"Home","item":"https:\/\/btektech.com\/pt-pt\/home-2\/"},{"@type":"ListItem","position":2,"name":"\u00dcr\u00fcnler","item":"https:\/\/btektech.com\/tr\/shop\/"},{"@type":"ListItem","position":3,"name":"Pistola Jeringa Manual"}]},{"@type":"WebSite","@id":"https:\/\/btektech.com\/#website","url":"https:\/\/btektech.com\/","name":"Btektech","description":"","publisher":{"@id":"https:\/\/btektech.com\/#organization"},"potentialAction":[{"@type":"SearchAction","target":{"@type":"EntryPoint","urlTemplate":"https:\/\/btektech.com\/?s={search_term_string}"},"query-input":{"@type":"PropertyValueSpecification","valueRequired":true,"valueName":"search_term_string"}}],"inLanguage":"pt-PT"},{"@type":"Organization","@id":"https:\/\/btektech.com\/#organization","name":"Btektech","url":"https:\/\/btektech.com\/","logo":{"@type":"ImageObject","inLanguage":"pt-PT","@id":"https:\/\/btektech.com\/#\/schema\/logo\/image\/","url":"https:\/\/btektech.com\/wp-content\/uploads\/2021\/08\/btektech-logo.png","contentUrl":"https:\/\/btektech.com\/wp-content\/uploads\/2021\/08\/btektech-logo.png","width":250,"height":114,"caption":"Btektech"},"image":{"@id":"https:\/\/btektech.com\/#\/schema\/logo\/image\/"},"sameAs":["https:\/\/x.com\/Btektech1","https:\/\/www.instagram.com\/btektech\/","https:\/\/www.linkedin.com\/company\/suzhou-baotailong-electronic-materials-co-ltd\/","https:\/\/www.pinterest.com\/btektech\/_saved\/","https:\/\/www.youtube.com\/channel\/UCBiw4Bc4CmQDrdo-QqyVTqQ"]}]}},"_links":{"self":[{"href":"https:\/\/btektech.com\/pt-pt\/wp-json\/wp\/v2\/product\/5384","targetHints":{"allow":["GET"]}}],"collection":[{"href":"https:\/\/btektech.com\/pt-pt\/wp-json\/wp\/v2\/product"}],"about":[{"href":"https:\/\/btektech.com\/pt-pt\/wp-json\/wp\/v2\/types\/product"}],"replies":[{"embeddable":true,"href":"https:\/\/btektech.com\/pt-pt\/wp-json\/wp\/v2\/comments?post=5384"}],"version-history":[{"count":0,"href":"https:\/\/btektech.com\/pt-pt\/wp-json\/wp\/v2\/product\/5384\/revisions"}],"wp:featuredmedia":[{"embeddable":true,"href":"https:\/\/btektech.com\/pt-pt\/wp-json\/wp\/v2\/media\/4590"}],"wp:attachment":[{"href":"https:\/\/btektech.com\/pt-pt\/wp-json\/wp\/v2\/media?parent=5384"}],"wp:term":[{"taxonomy":"product_brand","embeddable":true,"href":"https:\/\/btektech.com\/pt-pt\/wp-json\/wp\/v2\/product_brand?post=5384"},{"taxonomy":"product_cat","embeddable":true,"href":"https:\/\/btektech.com\/pt-pt\/wp-json\/wp\/v2\/product_cat?post=5384"},{"taxonomy":"product_tag","embeddable":true,"href":"https:\/\/btektech.com\/pt-pt\/wp-json\/wp\/v2\/product_tag?post=5384"}],"curies":[{"name":"wp","href":"https:\/\/api.w.org\/{rel}","templated":true}]}}