{"id":5380,"date":"2021-11-09T09:54:23","date_gmt":"2022-04-25T17:28:35","guid":{"rendered":"https:\/\/btektech.com\/product\/bocal-de-precisao-de-aco-inoxidavel\/"},"modified":"2022-09-08T05:18:30","modified_gmt":"2022-09-08T05:18:30","slug":"agulhas-de-precisao-de-aco-inoxidavel","status":"publish","type":"product","link":"https:\/\/btektech.com\/pt-pt\/product\/agulhas-de-precisao-de-aco-inoxidavel\/","title":{"rendered":"Agulhas de Precis\u00e3o de a\u00e7o Inoxid\u00e1vel"},"content":{"rendered":"<p><strong>Desempenho e vantagens do produto:<\/strong><br \/>\n1. A produ\u00e7\u00e3o de moldagem \u00fanica com a m\u00e1quina CNC de alta precis\u00e3o, parede interior lisa de espelho;<br \/>\n2. O desenho do bocal em forma de cone pode reduzir bem a resist\u00eancia, certificar-se de que o fluxo elevado;<br \/>\n3. Pode utilizar material de enchimento de massa e cola granular, tanto os materiais de cola de alta viscosidade como os materiais de cola de baixa viscosidade podem garantir que a dispensa de micro precis\u00e3o est\u00e1 est\u00e1vel;<br \/>\n4. Polimento elevado da abertura de toque, plano liso, quase n\u00e3o puxando cola e viscosidade, reduzindo fortemente a taxa de cola de bloqueio das exporta\u00e7\u00f5es, limpando facilmente o custo total, reutiliz\u00e1vel e reduzindo.<\/p>\n<p><strong>Aplicabilidade:<\/strong><br \/>\n1. Revestimento de embalagens BGA<br \/>\n2. Revestimento do vedante CCD<br \/>\n3. Revestimento ressonador de cristal<br \/>\n4. A distribui\u00e7\u00e3o do vedante do painel LCD<\/p>\n<p><strong>Os materiais adequados:<\/strong><br \/>\n1. Todos os tipos de adesivos, fluorescentes em p\u00f3, gel de s\u00edlica, adesivo de dois componentes, adesivo instant\u00e2neo e adesivo sol\u00favel em \u00e1gua;<br \/>\n2. Todos os tipos de pasta de soldadura, adesivo condutor, adesivo RTV, adesivo epoxy, adesivo anaer\u00f3bico e poliuretano;<br \/>\n3. Todos os tipos de revestimento, aditivo de emuls\u00e3o, material viscoso e \u00f3leo de tinta;<br \/>\n4. Todos os tipos de adesivos UV de alta viscosidade, adesivos \u00f3ticos, etc.<\/p>\n<div style=\"overflow-x: auto;\">\n<table style=\"text-align:center;\">\n<tbody>\n<tr>\n<caption style=\"font-weight:600;font-size:30px;\">Tipo dividido agulhas de precis\u00e3o de a\u00e7o inoxid\u00e1vel<\/caption>\n<\/tr>\n<tr>\n<th>Baioneta<\/th>\n<th>Fio duplo<\/th>\n<th>ID.(mm)<\/th>\n<th>OD. (mm)<\/th>\n<th>Pacote<\/th>\n<\/tr>\n<tr>\n<td>SPN01<\/td>\n<td>STPN01<\/td>\n<td>0.1<\/td>\n<td>0.2<\/td>\n<td>Embalagem \u00fanica<\/td>\n<\/tr>\n<tr>\n<td>SPN02<\/td>\n<td>STPN02<\/td>\n<td>0.15<\/td>\n<td>0.25<\/td>\n<td>Embalagem \u00fanica<\/td>\n<\/tr>\n<tr>\n<td>SPN03<\/td>\n<td>STPN03<\/td>\n<td>0.2<\/td>\n<td>0.3<\/td>\n<td>Embalagem \u00fanica<\/td>\n<\/tr>\n<tr>\n<td>SPN04<\/td>\n<td>STPN04<\/td>\n<td>0.25<\/td>\n<td>0.35<\/td>\n<td>Embalagem \u00fanica<\/td>\n<\/tr>\n<tr>\n<td>SPN05<\/td>\n<td>STPN05<\/td>\n<td>0.3<\/td>\n<td>0.4<\/td>\n<td>Embalagem \u00fanica<\/td>\n<\/tr>\n<tr>\n<td>SPN06<\/td>\n<td>STPN06<\/td>\n<td>0.35<\/td>\n<td>0.45<\/td>\n<td>Embalagem \u00fanica<\/td>\n<\/tr>\n<tr>\n<td>SPN07<\/td>\n<td>STPN07<\/td>\n<td>0.4<\/td>\n<td>0.5<\/td>\n<td>Embalagem \u00fanica<\/td>\n<\/tr>\n<tr>\n<td>SPN08<\/td>\n<td>STPN08<\/td>\n<td>0.45<\/td>\n<td>0.55<\/td>\n<td>Embalagem \u00fanica<\/td>\n<\/tr>\n<tr>\n<td>SPN09<\/td>\n<td>STPN09<\/td>\n<td>0.5<\/td>\n<td>0.6<\/td>\n<td>Embalagem \u00fanica<\/td>\n<\/tr>\n<tr>\n<td>SPN10<\/td>\n<td>STPN10<\/td>\n<td>0.6<\/td>\n<td>0.7<\/td>\n<td>Embalagem \u00fanica<\/td>\n<\/tr>\n<tr>\n<td>SPN11<\/td>\n<td>STPN11<\/td>\n<td>0.7<\/td>\n<td>0.8<\/td>\n<td>Embalagem \u00fanica<\/td>\n<\/tr>\n<tr>\n<td>SPN12<\/td>\n<td>STPN12<\/td>\n<td>0.8<\/td>\n<td>0.9<\/td>\n<td>Embalagem \u00fanica<\/td>\n<\/tr>\n<tr>\n<td>SPN13<\/td>\n<td>STPN13<\/td>\n<td>0.9<\/td>\n<td>1<\/td>\n<td>Embalagem \u00fanica<\/td>\n<\/tr>\n<tr>\n<td>SPN14<\/td>\n<td>STPN14<\/td>\n<td>1<\/td>\n<td>1.1<\/td>\n<td>Embalagem \u00fanica<\/td>\n<\/tr>\n<tr>\n<td>SPN15<\/td>\n<td>STPN15<\/td>\n<td>1.1<\/td>\n<td>1.2<\/td>\n<td>Embalagem \u00fanica<\/td>\n<\/tr>\n<tr>\n<td>SPN16<\/td>\n<td>STPN16<\/td>\n<td>1.2<\/td>\n<td>1.3<\/td>\n<td>Embalagem \u00fanica<\/td>\n<\/tr>\n<tr>\n<td>SPN17<\/td>\n<td>STPN17<\/td>\n<td>1.3<\/td>\n<td>1.4<\/td>\n<td>Embalagem \u00fanica<\/td>\n<\/tr>\n<tr>\n<td>SPN18<\/td>\n<td>STPN18<\/td>\n<td>1.4<\/td>\n<td>1.5<\/td>\n<td>Embalagem \u00fanica<\/td>\n<\/tr>\n<\/tbody>\n<\/table>\n<\/div>\n<div style=\"overflow-x: auto;\">\n<table style=\"text-align:center\">\n<tbody>\n<tr>\n<caption style=\"font-weight:600;font-size:30px\">Tipo integrado agulhas de precis\u00e3o de a\u00e7o inoxid\u00e1vel<\/caption>\n<\/tr>\n<tr>\n<th>Baioneta<\/th>\n<th>Fio duplo<\/th>\n<th>ID.(mm)<\/th>\n<th>OD. (mm)<\/th>\n<th>Pacote<\/th>\n<\/tr>\n<tr>\n<td>APN01<\/td>\n<td>ATPN01<\/td>\n<td>0.1<\/td>\n<td>0.2<\/td>\n<td>Embalagem \u00fanica<\/td>\n<\/tr>\n<tr>\n<td>APN02<\/td>\n<td>ATPN02<\/td>\n<td>0.15<\/td>\n<td>0.25<\/td>\n<td>Embalagem \u00fanica<\/td>\n<\/tr>\n<tr>\n<td>APN03<\/td>\n<td>ATPN03<\/td>\n<td>0.2<\/td>\n<td>0.3<\/td>\n<td>Embalagem \u00fanica<\/td>\n<\/tr>\n<tr>\n<td>APN04<\/td>\n<td>ATPN04<\/td>\n<td>0.25<\/td>\n<td>0.35<\/td>\n<td>Embalagem \u00fanica<\/td>\n<\/tr>\n<tr>\n<td>APN05<\/td>\n<td>ATPN05<\/td>\n<td>0.3<\/td>\n<td>0.4<\/td>\n<td>Embalagem \u00fanica<\/td>\n<\/tr>\n<tr>\n<td>APN06<\/td>\n<td>ATPN06<\/td>\n<td>0.35<\/td>\n<td>0.45<\/td>\n<td>Embalagem \u00fanica<\/td>\n<\/tr>\n<tr>\n<td>APN07<\/td>\n<td>ATPN07<\/td>\n<td>0.4<\/td>\n<td>0.5<\/td>\n<td>Embalagem \u00fanica<\/td>\n<\/tr>\n<tr>\n<td>APN08<\/td>\n<td>ATPN08<\/td>\n<td>0.45<\/td>\n<td>0.55<\/td>\n<td>Embalagem \u00fanica<\/td>\n<\/tr>\n<tr>\n<td>APN09<\/td>\n<td>ATPN09<\/td>\n<td>0.5<\/td>\n<td>0.6<\/td>\n<td>Embalagem \u00fanica<\/td>\n<\/tr>\n<tr>\n<td>APN10<\/td>\n<td>ATPN10<\/td>\n<td>0.6<\/td>\n<td>0.7<\/td>\n<td>Embalagem \u00fanica<\/td>\n<\/tr>\n<tr>\n<td>APN11<\/td>\n<td>ATPN11<\/td>\n<td>0.7<\/td>\n<td>0.8<\/td>\n<td>Embalagem \u00fanica<\/td>\n<\/tr>\n<tr>\n<td>APN12<\/td>\n<td>ATPN12<\/td>\n<td>0.8<\/td>\n<td>0.9<\/td>\n<td>Embalagem \u00fanica<\/td>\n<\/tr>\n<tr>\n<td>APN13<\/td>\n<td>ATPN13<\/td>\n<td>0.9<\/td>\n<td>1<\/td>\n<td>Embalagem \u00fanica<\/td>\n<\/tr>\n<tr>\n<td>APN14<\/td>\n<td>ATPN14<\/td>\n<td>1<\/td>\n<td>1.1<\/td>\n<td>Embalagem \u00fanica<\/td>\n<\/tr>\n<tr>\n<td>APN15<\/td>\n<td>ATPN15<\/td>\n<td>1.1<\/td>\n<td>1.2<\/td>\n<td>Embalagem \u00fanica<\/td>\n<\/tr>\n<tr>\n<td>APN16<\/td>\n<td>ATPN16<\/td>\n<td>1.2<\/td>\n<td>1.3<\/td>\n<td>Embalagem \u00fanica<\/td>\n<\/tr>\n<tr>\n<td>APN17<\/td>\n<td>ATPN17<\/td>\n<td>1.3<\/td>\n<td>1.4<\/td>\n<td>Embalagem \u00fanica<\/td>\n<\/tr>\n<tr>\n<td>APN18<\/td>\n<td>ATPN18<\/td>\n<td>1.4<\/td>\n<td>1.5<\/td>\n<td>Embalagem \u00fanica<\/td>\n<\/tr>\n<\/tbody>\n<\/table>\n<\/div>\n","protected":false},"excerpt":{"rendered":"<p>O agulhas de precis\u00e3o de a\u00e7o inoxid\u00e1vel reutiliz\u00e1vel da Btektech tem forma integral e dividida em conjunto; o bocal em forma de cone e o micro calibre podem apunhalar-se de forma acinspensar com alta precis\u00e3o. Amplamente utilizado em ind\u00fastrias que precisam de micro dispensa como LED, comunica\u00e7\u00e3o \u00f3tica, electr\u00f3nica autom\u00f3vel, etc. Adequado para materiais de viscosidade ou l\u00edquidos que contenham part\u00edculas como resina epoxy de revestimento, adesivo de cura UV, pasta de soldadura, etc., e pode ser collocado com o distribuidor pneum\u00e1tico.<\/p>\n<p>A Btektech atende \u00e0 procura do mercado, para satisfazer a procura do cliente que precisa dos produtos de microdispensing com alta precis\u00e3o, oferecemos bicos de precis\u00e3o em a\u00e7o inoxid\u00e1vel, ajudando os clientes a completar eficientemente a procura de produ\u00e7\u00e3o com redu\u00e7\u00e3o de custos. Tamb\u00e9m podemos personalizar de acordo com os requisitos do cliente.<\/p>\n<p>O agulhas de precis\u00e3o de a\u00e7o Btektech, no funcionamento do homem num\u00e9rico profissional na m\u00e1quina CNC de alta precis\u00e3o, completa a produ\u00e7\u00e3o de moldagem \u00fanica. E precisam que os inspetores de qualidade profissional, de acordo com a norma, passem a inspe\u00e7\u00e3o de amostragem da qualidade do produto com equipamentos de dete\u00e7\u00e3o de espectroscopia de alta resolu\u00e7\u00e3o e outros equipamentos de teste de propriedades f\u00edsicas. Para garantir que os clientes obtenham produtos completamente novos, os produtos qualificados s\u00e3o individualmente embrulhados em tubos de prote\u00e7\u00e3o \u00fanicos.<\/p>\n","protected":false},"featured_media":21524,"comment_status":"open","ping_status":"closed","template":"","meta":{"_acf_changed":false},"product_brand":[],"product_cat":[154],"product_tag":[1395],"class_list":{"0":"post-5380","1":"product","2":"type-product","3":"status-publish","4":"has-post-thumbnail","6":"product_cat-pontas-e-agulhas-de-dispensacao","7":"product_tag-parent","9":"first","10":"instock","11":"shipping-taxable","12":"product-type-simple"},"acf":[],"yoast_head":"<!-- This site is optimized with the Yoast SEO plugin v26.0 - https:\/\/yoast.com\/wordpress\/plugins\/seo\/ -->\n<title>Agulhas de Precis\u00e3o de a\u00e7o Inoxid\u00e1vel - Btektech<\/title>\n<meta name=\"description\" content=\"O agulhas de precis\u00e3o de a\u00e7o inoxid\u00e1vel reutiliz\u00e1vel da Btektech \u00e9 integralmente moldado e dividido em conjunto.\" \/>\n<meta name=\"robots\" content=\"index, follow, max-snippet:-1, max-image-preview:large, max-video-preview:-1\" \/>\n<link rel=\"canonical\" href=\"https:\/\/btektech.com\/pt-pt\/product\/agulhas-de-precisao-de-aco-inoxidavel\/\" \/>\n<meta property=\"og:locale\" content=\"pt_PT\" \/>\n<meta property=\"og:type\" content=\"article\" \/>\n<meta property=\"og:title\" content=\"Agulhas de Precis\u00e3o de a\u00e7o Inoxid\u00e1vel - Btektech\" \/>\n<meta property=\"og:description\" content=\"O agulhas de precis\u00e3o de a\u00e7o inoxid\u00e1vel reutiliz\u00e1vel da Btektech \u00e9 integralmente moldado e dividido em conjunto.\" \/>\n<meta property=\"og:url\" content=\"https:\/\/btektech.com\/pt-pt\/product\/agulhas-de-precisao-de-aco-inoxidavel\/\" \/>\n<meta property=\"og:site_name\" content=\"Btektech\" \/>\n<meta property=\"article:modified_time\" content=\"2022-09-08T05:18:30+00:00\" \/>\n<meta property=\"og:image\" content=\"https:\/\/btektech.com\/wp-content\/uploads\/2021\/11\/precision-nozzle02.jpg\" \/>\n\t<meta property=\"og:image:width\" content=\"750\" \/>\n\t<meta property=\"og:image:height\" content=\"750\" \/>\n\t<meta property=\"og:image:type\" content=\"image\/jpeg\" \/>\n<meta name=\"twitter:card\" content=\"summary_large_image\" \/>\n<meta name=\"twitter:site\" content=\"@Btektech1\" \/>\n<meta name=\"twitter:label1\" content=\"Tempo estimado de leitura\" \/>\n\t<meta name=\"twitter:data1\" content=\"2 minutos\" \/>\n<script type=\"application\/ld+json\" class=\"yoast-schema-graph\">{\"@context\":\"https:\/\/schema.org\",\"@graph\":[{\"@type\":[\"WebPage\",\"ItemPage\"],\"@id\":\"https:\/\/btektech.com\/pt-pt\/product\/agulhas-de-precisao-de-aco-inoxidavel\/\",\"url\":\"https:\/\/btektech.com\/pt-pt\/product\/agulhas-de-precisao-de-aco-inoxidavel\/\",\"name\":\"Agulhas de Precis\u00e3o de a\u00e7o Inoxid\u00e1vel - Btektech\",\"isPartOf\":{\"@id\":\"https:\/\/btektech.com\/#website\"},\"primaryImageOfPage\":{\"@id\":\"https:\/\/btektech.com\/pt-pt\/product\/agulhas-de-precisao-de-aco-inoxidavel\/#primaryimage\"},\"image\":{\"@id\":\"https:\/\/btektech.com\/pt-pt\/product\/agulhas-de-precisao-de-aco-inoxidavel\/#primaryimage\"},\"thumbnailUrl\":\"https:\/\/btektech.com\/wp-content\/uploads\/2025\/12\/8.jpg\",\"datePublished\":\"2022-04-25T17:28:35+00:00\",\"dateModified\":\"2022-09-08T05:18:30+00:00\",\"description\":\"O agulhas de precis\u00e3o de a\u00e7o inoxid\u00e1vel reutiliz\u00e1vel da Btektech \u00e9 integralmente moldado e dividido em conjunto.\",\"breadcrumb\":{\"@id\":\"https:\/\/btektech.com\/pt-pt\/product\/agulhas-de-precisao-de-aco-inoxidavel\/#breadcrumb\"},\"inLanguage\":\"pt-PT\",\"potentialAction\":[{\"@type\":\"ReadAction\",\"target\":[\"https:\/\/btektech.com\/pt-pt\/product\/agulhas-de-precisao-de-aco-inoxidavel\/\"]}]},{\"@type\":\"ImageObject\",\"inLanguage\":\"pt-PT\",\"@id\":\"https:\/\/btektech.com\/pt-pt\/product\/agulhas-de-precisao-de-aco-inoxidavel\/#primaryimage\",\"url\":\"https:\/\/btektech.com\/wp-content\/uploads\/2025\/12\/8.jpg\",\"contentUrl\":\"https:\/\/btektech.com\/wp-content\/uploads\/2025\/12\/8.jpg\",\"width\":800,\"height\":800,\"caption\":\"Stainless Steel Precision\"},{\"@type\":\"BreadcrumbList\",\"@id\":\"https:\/\/btektech.com\/pt-pt\/product\/agulhas-de-precisao-de-aco-inoxidavel\/#breadcrumb\",\"itemListElement\":[{\"@type\":\"ListItem\",\"position\":1,\"name\":\"Home\",\"item\":\"https:\/\/btektech.com\/pt-pt\/home-2\/\"},{\"@type\":\"ListItem\",\"position\":2,\"name\":\"\u00dcr\u00fcnler\",\"item\":\"https:\/\/btektech.com\/tr\/shop\/\"},{\"@type\":\"ListItem\",\"position\":3,\"name\":\"Dispensing Tips\",\"item\":\"https:\/\/btektech.com\/product-category\/dispensing-tips\/\"},{\"@type\":\"ListItem\",\"position\":4,\"name\":\"Agulhas de Precis\u00e3o de a\u00e7o Inoxid\u00e1vel\"}]},{\"@type\":\"WebSite\",\"@id\":\"https:\/\/btektech.com\/#website\",\"url\":\"https:\/\/btektech.com\/\",\"name\":\"Btektech\",\"description\":\"\",\"publisher\":{\"@id\":\"https:\/\/btektech.com\/#organization\"},\"potentialAction\":[{\"@type\":\"SearchAction\",\"target\":{\"@type\":\"EntryPoint\",\"urlTemplate\":\"https:\/\/btektech.com\/?s={search_term_string}\"},\"query-input\":{\"@type\":\"PropertyValueSpecification\",\"valueRequired\":true,\"valueName\":\"search_term_string\"}}],\"inLanguage\":\"pt-PT\"},{\"@type\":\"Organization\",\"@id\":\"https:\/\/btektech.com\/#organization\",\"name\":\"Btektech\",\"url\":\"https:\/\/btektech.com\/\",\"logo\":{\"@type\":\"ImageObject\",\"inLanguage\":\"pt-PT\",\"@id\":\"https:\/\/btektech.com\/#\/schema\/logo\/image\/\",\"url\":\"https:\/\/btektech.com\/wp-content\/uploads\/2021\/08\/btektech-logo.png\",\"contentUrl\":\"https:\/\/btektech.com\/wp-content\/uploads\/2021\/08\/btektech-logo.png\",\"width\":250,\"height\":114,\"caption\":\"Btektech\"},\"image\":{\"@id\":\"https:\/\/btektech.com\/#\/schema\/logo\/image\/\"},\"sameAs\":[\"https:\/\/x.com\/Btektech1\",\"https:\/\/www.instagram.com\/btektech\/\",\"https:\/\/www.linkedin.com\/company\/suzhou-baotailong-electronic-materials-co-ltd\/\",\"https:\/\/www.pinterest.com\/btektech\/_saved\/\",\"https:\/\/www.youtube.com\/channel\/UCBiw4Bc4CmQDrdo-QqyVTqQ\"]}]}<\/script>\n<!-- \/ Yoast SEO plugin. -->","yoast_head_json":{"title":"Agulhas de Precis\u00e3o de a\u00e7o Inoxid\u00e1vel - Btektech","description":"O agulhas de precis\u00e3o de a\u00e7o inoxid\u00e1vel reutiliz\u00e1vel da Btektech \u00e9 integralmente moldado e dividido em conjunto.","robots":{"index":"index","follow":"follow","max-snippet":"max-snippet:-1","max-image-preview":"max-image-preview:large","max-video-preview":"max-video-preview:-1"},"canonical":"https:\/\/btektech.com\/pt-pt\/product\/agulhas-de-precisao-de-aco-inoxidavel\/","og_locale":"pt_PT","og_type":"article","og_title":"Agulhas de Precis\u00e3o de a\u00e7o Inoxid\u00e1vel - Btektech","og_description":"O agulhas de precis\u00e3o de a\u00e7o inoxid\u00e1vel reutiliz\u00e1vel da Btektech \u00e9 integralmente moldado e dividido em conjunto.","og_url":"https:\/\/btektech.com\/pt-pt\/product\/agulhas-de-precisao-de-aco-inoxidavel\/","og_site_name":"Btektech","article_modified_time":"2022-09-08T05:18:30+00:00","og_image":[{"width":750,"height":750,"url":"https:\/\/btektech.com\/wp-content\/uploads\/2021\/11\/precision-nozzle02.jpg","type":"image\/jpeg"}],"twitter_card":"summary_large_image","twitter_site":"@Btektech1","twitter_misc":{"Tempo estimado de leitura":"2 minutos"},"schema":{"@context":"https:\/\/schema.org","@graph":[{"@type":["WebPage","ItemPage"],"@id":"https:\/\/btektech.com\/pt-pt\/product\/agulhas-de-precisao-de-aco-inoxidavel\/","url":"https:\/\/btektech.com\/pt-pt\/product\/agulhas-de-precisao-de-aco-inoxidavel\/","name":"Agulhas de Precis\u00e3o de a\u00e7o Inoxid\u00e1vel - Btektech","isPartOf":{"@id":"https:\/\/btektech.com\/#website"},"primaryImageOfPage":{"@id":"https:\/\/btektech.com\/pt-pt\/product\/agulhas-de-precisao-de-aco-inoxidavel\/#primaryimage"},"image":{"@id":"https:\/\/btektech.com\/pt-pt\/product\/agulhas-de-precisao-de-aco-inoxidavel\/#primaryimage"},"thumbnailUrl":"https:\/\/btektech.com\/wp-content\/uploads\/2025\/12\/8.jpg","datePublished":"2022-04-25T17:28:35+00:00","dateModified":"2022-09-08T05:18:30+00:00","description":"O agulhas de precis\u00e3o de a\u00e7o inoxid\u00e1vel reutiliz\u00e1vel da Btektech \u00e9 integralmente moldado e dividido em conjunto.","breadcrumb":{"@id":"https:\/\/btektech.com\/pt-pt\/product\/agulhas-de-precisao-de-aco-inoxidavel\/#breadcrumb"},"inLanguage":"pt-PT","potentialAction":[{"@type":"ReadAction","target":["https:\/\/btektech.com\/pt-pt\/product\/agulhas-de-precisao-de-aco-inoxidavel\/"]}]},{"@type":"ImageObject","inLanguage":"pt-PT","@id":"https:\/\/btektech.com\/pt-pt\/product\/agulhas-de-precisao-de-aco-inoxidavel\/#primaryimage","url":"https:\/\/btektech.com\/wp-content\/uploads\/2025\/12\/8.jpg","contentUrl":"https:\/\/btektech.com\/wp-content\/uploads\/2025\/12\/8.jpg","width":800,"height":800,"caption":"Stainless Steel Precision"},{"@type":"BreadcrumbList","@id":"https:\/\/btektech.com\/pt-pt\/product\/agulhas-de-precisao-de-aco-inoxidavel\/#breadcrumb","itemListElement":[{"@type":"ListItem","position":1,"name":"Home","item":"https:\/\/btektech.com\/pt-pt\/home-2\/"},{"@type":"ListItem","position":2,"name":"\u00dcr\u00fcnler","item":"https:\/\/btektech.com\/tr\/shop\/"},{"@type":"ListItem","position":3,"name":"Dispensing Tips","item":"https:\/\/btektech.com\/product-category\/dispensing-tips\/"},{"@type":"ListItem","position":4,"name":"Agulhas de Precis\u00e3o de a\u00e7o Inoxid\u00e1vel"}]},{"@type":"WebSite","@id":"https:\/\/btektech.com\/#website","url":"https:\/\/btektech.com\/","name":"Btektech","description":"","publisher":{"@id":"https:\/\/btektech.com\/#organization"},"potentialAction":[{"@type":"SearchAction","target":{"@type":"EntryPoint","urlTemplate":"https:\/\/btektech.com\/?s={search_term_string}"},"query-input":{"@type":"PropertyValueSpecification","valueRequired":true,"valueName":"search_term_string"}}],"inLanguage":"pt-PT"},{"@type":"Organization","@id":"https:\/\/btektech.com\/#organization","name":"Btektech","url":"https:\/\/btektech.com\/","logo":{"@type":"ImageObject","inLanguage":"pt-PT","@id":"https:\/\/btektech.com\/#\/schema\/logo\/image\/","url":"https:\/\/btektech.com\/wp-content\/uploads\/2021\/08\/btektech-logo.png","contentUrl":"https:\/\/btektech.com\/wp-content\/uploads\/2021\/08\/btektech-logo.png","width":250,"height":114,"caption":"Btektech"},"image":{"@id":"https:\/\/btektech.com\/#\/schema\/logo\/image\/"},"sameAs":["https:\/\/x.com\/Btektech1","https:\/\/www.instagram.com\/btektech\/","https:\/\/www.linkedin.com\/company\/suzhou-baotailong-electronic-materials-co-ltd\/","https:\/\/www.pinterest.com\/btektech\/_saved\/","https:\/\/www.youtube.com\/channel\/UCBiw4Bc4CmQDrdo-QqyVTqQ"]}]}},"_links":{"self":[{"href":"https:\/\/btektech.com\/pt-pt\/wp-json\/wp\/v2\/product\/5380","targetHints":{"allow":["GET"]}}],"collection":[{"href":"https:\/\/btektech.com\/pt-pt\/wp-json\/wp\/v2\/product"}],"about":[{"href":"https:\/\/btektech.com\/pt-pt\/wp-json\/wp\/v2\/types\/product"}],"replies":[{"embeddable":true,"href":"https:\/\/btektech.com\/pt-pt\/wp-json\/wp\/v2\/comments?post=5380"}],"version-history":[{"count":0,"href":"https:\/\/btektech.com\/pt-pt\/wp-json\/wp\/v2\/product\/5380\/revisions"}],"wp:featuredmedia":[{"embeddable":true,"href":"https:\/\/btektech.com\/pt-pt\/wp-json\/wp\/v2\/media\/21524"}],"wp:attachment":[{"href":"https:\/\/btektech.com\/pt-pt\/wp-json\/wp\/v2\/media?parent=5380"}],"wp:term":[{"taxonomy":"product_brand","embeddable":true,"href":"https:\/\/btektech.com\/pt-pt\/wp-json\/wp\/v2\/product_brand?post=5380"},{"taxonomy":"product_cat","embeddable":true,"href":"https:\/\/btektech.com\/pt-pt\/wp-json\/wp\/v2\/product_cat?post=5380"},{"taxonomy":"product_tag","embeddable":true,"href":"https:\/\/btektech.com\/pt-pt\/wp-json\/wp\/v2\/product_tag?post=5380"}],"curies":[{"name":"wp","href":"https:\/\/api.w.org\/{rel}","templated":true}]}}