{"id":3399,"date":"2021-08-23T15:44:17","date_gmt":"2021-08-23T15:44:17","guid":{"rendered":"https:\/\/btektech.com\/about-us\/"},"modified":"2022-08-30T03:54:43","modified_gmt":"2022-08-30T03:54:43","slug":"quem-somos","status":"publish","type":"page","link":"https:\/\/btektech.com\/pt-pt\/quem-somos\/","title":{"rendered":"Quem somos"},"content":{"rendered":"\t\t<div data-elementor-type=\"wp-page\" data-elementor-id=\"3399\" class=\"elementor elementor-3399 elementor-19\" data-elementor-post-type=\"page\">\n\t\t\t\t\t\t<section class=\"elementor-section elementor-top-section elementor-element elementor-element-04de7bb elementor-section-boxed elementor-section-height-default elementor-section-height-default\" data-id=\"04de7bb\" data-element_type=\"section\" data-e-type=\"section\" data-settings=\"{&quot;background_background&quot;:&quot;classic&quot;}\">\n\t\t\t\t\t\t<div class=\"elementor-container elementor-column-gap-default\">\n\t\t\t\t\t<div class=\"elementor-column elementor-col-100 elementor-top-column elementor-element elementor-element-2601ba2\" data-id=\"2601ba2\" data-element_type=\"column\" data-e-type=\"column\">\n\t\t\t<div class=\"elementor-widget-wrap elementor-element-populated\">\n\t\t\t\t\t\t<div class=\"elementor-element elementor-element-3762a82 elementor-widget elementor-widget-heading\" data-id=\"3762a82\" data-element_type=\"widget\" data-e-type=\"widget\" data-widget_type=\"heading.default\">\n\t\t\t\t<div class=\"elementor-widget-container\">\n\t\t\t\t\t<h1 class=\"elementor-heading-title elementor-size-default\">Quem somos<\/h1>\t\t\t\t<\/div>\n\t\t\t\t<\/div>\n\t\t\t\t\t<\/div>\n\t\t<\/div>\n\t\t\t\t\t<\/div>\n\t\t<\/section>\n\t\t\t\t<section class=\"elementor-section elementor-top-section elementor-element elementor-element-5e4bd40e elementor-section-boxed elementor-section-height-default elementor-section-height-default\" data-id=\"5e4bd40e\" data-element_type=\"section\" data-e-type=\"section\">\n\t\t\t\t\t\t<div class=\"elementor-container elementor-column-gap-default\">\n\t\t\t\t\t<div class=\"elementor-column elementor-col-50 elementor-top-column elementor-element elementor-element-6840211c\" data-id=\"6840211c\" data-element_type=\"column\" data-e-type=\"column\">\n\t\t\t<div class=\"elementor-widget-wrap elementor-element-populated\">\n\t\t\t\t\t\t<div class=\"elementor-element elementor-element-7cea750c elementor-widget elementor-widget-image\" data-id=\"7cea750c\" data-element_type=\"widget\" data-e-type=\"widget\" data-widget_type=\"image.default\">\n\t\t\t\t<div class=\"elementor-widget-container\">\n\t\t\t\t\t\t\t\t\t\t\t\t\t\t\t<img fetchpriority=\"high\" decoding=\"async\" width=\"800\" height=\"552\" src=\"https:\/\/btektech.com\/wp-content\/uploads\/2021\/08\/about.jpg\" class=\"attachment-large size-large wp-image-1683\" alt=\"Btektech companhia\" srcset=\"https:\/\/btektech.com\/wp-content\/uploads\/2021\/08\/about.jpg 800w, https:\/\/btektech.com\/wp-content\/uploads\/2021\/08\/about-400x276.jpg 400w, https:\/\/btektech.com\/wp-content\/uploads\/2021\/08\/about-300x207.jpg 300w, https:\/\/btektech.com\/wp-content\/uploads\/2021\/08\/about-768x530.jpg 768w\" sizes=\"(max-width: 800px) 100vw, 800px\" \/>\t\t\t\t\t\t\t\t\t\t\t\t\t\t\t<\/div>\n\t\t\t\t<\/div>\n\t\t\t\t\t<\/div>\n\t\t<\/div>\n\t\t\t\t<div class=\"elementor-column elementor-col-50 elementor-top-column elementor-element elementor-element-74de206e\" data-id=\"74de206e\" data-element_type=\"column\" data-e-type=\"column\">\n\t\t\t<div class=\"elementor-widget-wrap elementor-element-populated\">\n\t\t\t\t\t\t<div class=\"elementor-element elementor-element-6ce75d03 elementor-widget elementor-widget-heading\" data-id=\"6ce75d03\" data-element_type=\"widget\" data-e-type=\"widget\" data-widget_type=\"heading.default\">\n\t\t\t\t<div class=\"elementor-widget-container\">\n\t\t\t\t\t<h2 class=\"elementor-heading-title elementor-size-default\">Suzhou Baotailong Electronic Materials Co., Ltd.<\/h2>\t\t\t\t<\/div>\n\t\t\t\t<\/div>\n\t\t\t\t<div class=\"elementor-element elementor-element-d47b4d5 elementor-widget elementor-widget-text-editor\" data-id=\"d47b4d5\" data-element_type=\"widget\" data-e-type=\"widget\" data-widget_type=\"text-editor.default\">\n\t\t\t\t<div class=\"elementor-widget-container\">\n\t\t\t\t\t\t\t\t\t<div class=\"wpb_column vc_column_container vc_col-sm-12\"><div class=\"vc_column-inner\"><div class=\"wpb_wrapper\"><div id=\"kapee-header-55706\" class=\"kapee-element kapee-heading text-center kapee-width-100 separator-none separator-between-heading\"><div class=\"heading-tagline\"><div class=\"vc_row wpb_row vc_row-fluid vc_custom_1570795336369\"><div class=\"wpb_column vc_column_container vc_col-sm-6\"><div class=\"vc_column-inner\"><div class=\"wpb_wrapper\"><div class=\"wpb_text_column wpb_content_element \"><div class=\"wpb_wrapper\"><p>Somos uma empresa de alta tecnologia especializada em sistemas de distribui\u00e7\u00e3o de cola de dois componentes de gama alta, produtos de distribui\u00e7\u00e3o e consum\u00edveis.<br>Estamos a distribuir fabricantes de sistemas! N\u00c3O somos revendedores!<br>Para que possamos oferecer-lhe a melhor qualidade ao melhor pre\u00e7o. Como fabricante, temos tamb\u00e9m a op\u00e7\u00e3o de produtos de dispensa personalizados e consum\u00edveis de acordo com os seus requisitos e especifica\u00e7\u00f5es. A Btektech fabrica sistemas de distribui\u00e7\u00e3o adesiva, agulhas de distribui\u00e7\u00e3o, tubos de mistura e seringas de cola h\u00e1 mais de 10 anos, e durante este per\u00edodo temos colaborado com um maior n\u00famero de parceiros, incluindo empresas locais e internacionais. Ficar\u00edamos encantados em ouvir as suas necessidades e dar o nosso melhor para as satisfazer. Pode contactar-nos por e-mail, telefone, skype, etc. Estamos ansiosos por ouvir de si.<\/p><\/div><\/div><\/div><\/div><\/div><\/div><div class=\"vc_row wpb_row vc_row-fluid vc_custom_1622883150146 vc_row-has-fill vc_column-gap-15\"><div class=\"wpb_column vc_column_container vc_col-sm-12\"><div class=\"vc_column-inner\"><div class=\"wpb_wrapper\"><div id=\"kapee-header-91468\" class=\"kapee-element kapee-heading text-center kapee-width-100 separator-none separator-between-heading\"><div class=\"heading-wrap\"> <\/div><\/div><\/div><\/div><\/div><\/div><\/div><\/div><\/div><\/div><\/div><div class=\"wpb_column vc_column_container vc_col-sm-4 vc_col-has-fill\"><div class=\"vc_column-inner vc_custom_1622883289728\"><div class=\"wpb_wrapper\"><div id=\"kapee-info-box-64995\" class=\"kapee-element kapee-info-box icon-effect-none icon-simple icon-top color-scheme-inherit hover-color-scheme-inherit text-center vc_custom_1622887163127\"><div class=\"info-box-wrap\"><div class=\"box-icon-wrap\"> <\/div><\/div><\/div><\/div><\/div><\/div>\t\t\t\t\t\t\t\t<\/div>\n\t\t\t\t<\/div>\n\t\t\t\t\t<\/div>\n\t\t<\/div>\n\t\t\t\t\t<\/div>\n\t\t<\/section>\n\t\t\t\t<section class=\"elementor-section elementor-top-section elementor-element elementor-element-8149f30 elementor-section-boxed elementor-section-height-default elementor-section-height-default\" data-id=\"8149f30\" data-element_type=\"section\" data-e-type=\"section\">\n\t\t\t\t\t\t<div class=\"elementor-container elementor-column-gap-default\">\n\t\t\t\t\t<div class=\"elementor-column elementor-col-100 elementor-top-column elementor-element elementor-element-cac3f00\" data-id=\"cac3f00\" data-element_type=\"column\" data-e-type=\"column\">\n\t\t\t<div class=\"elementor-widget-wrap\">\n\t\t\t\t\t\t\t<\/div>\n\t\t<\/div>\n\t\t\t\t\t<\/div>\n\t\t<\/section>\n\t\t\t\t<\/div>\n\t\t","protected":false},"excerpt":{"rendered":"<p>Quem somos Suzhou Baotailong Electronic Materials Co., Ltd. Somos uma empresa de alta tecnologia especializada em sistemas de distribui\u00e7\u00e3o de cola de dois componentes de gama alta, produtos de distribui\u00e7\u00e3o e consum\u00edveis.Estamos a distribuir fabricantes de sistemas! N\u00c3O somos revendedores!Para que possamos oferecer-lhe a melhor qualidade ao melhor pre\u00e7o. Como fabricante, temos tamb\u00e9m a op\u00e7\u00e3o [&hellip;]<\/p>\n","protected":false},"author":1,"featured_media":0,"parent":0,"menu_order":0,"comment_status":"closed","ping_status":"closed","template":"elementor_header_footer","meta":{"_acf_changed":false,"footnotes":""},"class_list":["post-3399","page","type-page","status-publish","hentry"],"acf":[],"yoast_head":"<!-- This site is optimized with the Yoast SEO plugin v26.0 - https:\/\/yoast.com\/wordpress\/plugins\/seo\/ -->\n<title>Sobre Souzhou Btektech<\/title>\n<meta name=\"description\" content=\"A Btektech \u00e9 uma empresa de alta tecnologia especializada em sistemas de distribui\u00e7\u00e3o de cola de dois componentes de gama alta, produtos de distribui\u00e7\u00e3o e consum\u00edveis.\" \/>\n<meta name=\"robots\" content=\"index, follow, max-snippet:-1, max-image-preview:large, max-video-preview:-1\" \/>\n<link rel=\"canonical\" href=\"https:\/\/btektech.com\/pt-pt\/quem-somos\/\" \/>\n<meta property=\"og:locale\" content=\"pt_PT\" \/>\n<meta property=\"og:type\" content=\"article\" \/>\n<meta property=\"og:title\" content=\"Sobre Souzhou Btektech\" \/>\n<meta property=\"og:description\" content=\"A Btektech \u00e9 uma empresa de alta tecnologia especializada em sistemas de distribui\u00e7\u00e3o de cola de dois componentes de gama alta, produtos de distribui\u00e7\u00e3o e consum\u00edveis.\" \/>\n<meta property=\"og:url\" content=\"https:\/\/btektech.com\/pt-pt\/quem-somos\/\" \/>\n<meta property=\"og:site_name\" content=\"Btektech\" \/>\n<meta property=\"article:modified_time\" content=\"2022-08-30T03:54:43+00:00\" \/>\n<meta property=\"og:image\" content=\"https:\/\/btektech.com\/wp-content\/uploads\/2021\/08\/about.jpg\" \/>\n<meta name=\"twitter:card\" content=\"summary_large_image\" \/>\n<meta name=\"twitter:site\" content=\"@Btektech1\" \/>\n<meta name=\"twitter:label1\" content=\"Tempo estimado de leitura\" \/>\n\t<meta name=\"twitter:data1\" content=\"1 minuto\" \/>\n<script type=\"application\/ld+json\" class=\"yoast-schema-graph\">{\"@context\":\"https:\/\/schema.org\",\"@graph\":[{\"@type\":\"WebPage\",\"@id\":\"https:\/\/btektech.com\/pt-pt\/quem-somos\/\",\"url\":\"https:\/\/btektech.com\/pt-pt\/quem-somos\/\",\"name\":\"Sobre Souzhou Btektech\",\"isPartOf\":{\"@id\":\"https:\/\/btektech.com\/#website\"},\"primaryImageOfPage\":{\"@id\":\"https:\/\/btektech.com\/pt-pt\/quem-somos\/#primaryimage\"},\"image\":{\"@id\":\"https:\/\/btektech.com\/pt-pt\/quem-somos\/#primaryimage\"},\"thumbnailUrl\":\"https:\/\/btektech.com\/wp-content\/uploads\/2021\/08\/about.jpg\",\"datePublished\":\"2021-08-23T15:44:17+00:00\",\"dateModified\":\"2022-08-30T03:54:43+00:00\",\"description\":\"A Btektech \u00e9 uma empresa de alta tecnologia especializada em sistemas de distribui\u00e7\u00e3o de cola de dois componentes de gama alta, produtos de distribui\u00e7\u00e3o e consum\u00edveis.\",\"breadcrumb\":{\"@id\":\"https:\/\/btektech.com\/pt-pt\/quem-somos\/#breadcrumb\"},\"inLanguage\":\"pt-PT\",\"potentialAction\":[{\"@type\":\"ReadAction\",\"target\":[\"https:\/\/btektech.com\/pt-pt\/quem-somos\/\"]}]},{\"@type\":\"ImageObject\",\"inLanguage\":\"pt-PT\",\"@id\":\"https:\/\/btektech.com\/pt-pt\/quem-somos\/#primaryimage\",\"url\":\"https:\/\/btektech.com\/wp-content\/uploads\/2021\/08\/about.jpg\",\"contentUrl\":\"https:\/\/btektech.com\/wp-content\/uploads\/2021\/08\/about.jpg\"},{\"@type\":\"BreadcrumbList\",\"@id\":\"https:\/\/btektech.com\/pt-pt\/quem-somos\/#breadcrumb\",\"itemListElement\":[{\"@type\":\"ListItem\",\"position\":1,\"name\":\"Home\",\"item\":\"https:\/\/btektech.com\/pt-pt\/home-2\/\"},{\"@type\":\"ListItem\",\"position\":2,\"name\":\"Quem somos\"}]},{\"@type\":\"WebSite\",\"@id\":\"https:\/\/btektech.com\/#website\",\"url\":\"https:\/\/btektech.com\/\",\"name\":\"Btektech\",\"description\":\"\",\"publisher\":{\"@id\":\"https:\/\/btektech.com\/#organization\"},\"potentialAction\":[{\"@type\":\"SearchAction\",\"target\":{\"@type\":\"EntryPoint\",\"urlTemplate\":\"https:\/\/btektech.com\/?s={search_term_string}\"},\"query-input\":{\"@type\":\"PropertyValueSpecification\",\"valueRequired\":true,\"valueName\":\"search_term_string\"}}],\"inLanguage\":\"pt-PT\"},{\"@type\":\"Organization\",\"@id\":\"https:\/\/btektech.com\/#organization\",\"name\":\"Btektech\",\"url\":\"https:\/\/btektech.com\/\",\"logo\":{\"@type\":\"ImageObject\",\"inLanguage\":\"pt-PT\",\"@id\":\"https:\/\/btektech.com\/#\/schema\/logo\/image\/\",\"url\":\"https:\/\/btektech.com\/wp-content\/uploads\/2021\/08\/btektech-logo.png\",\"contentUrl\":\"https:\/\/btektech.com\/wp-content\/uploads\/2021\/08\/btektech-logo.png\",\"width\":250,\"height\":114,\"caption\":\"Btektech\"},\"image\":{\"@id\":\"https:\/\/btektech.com\/#\/schema\/logo\/image\/\"},\"sameAs\":[\"https:\/\/x.com\/Btektech1\",\"https:\/\/www.instagram.com\/btektech\/\",\"https:\/\/www.linkedin.com\/company\/suzhou-baotailong-electronic-materials-co-ltd\/\",\"https:\/\/www.pinterest.com\/btektech\/_saved\/\",\"https:\/\/www.youtube.com\/channel\/UCBiw4Bc4CmQDrdo-QqyVTqQ\"]}]}<\/script>\n<!-- \/ Yoast SEO plugin. -->","yoast_head_json":{"title":"Sobre Souzhou Btektech","description":"A Btektech \u00e9 uma empresa de alta tecnologia especializada em sistemas de distribui\u00e7\u00e3o de cola de dois componentes de gama alta, produtos de distribui\u00e7\u00e3o e consum\u00edveis.","robots":{"index":"index","follow":"follow","max-snippet":"max-snippet:-1","max-image-preview":"max-image-preview:large","max-video-preview":"max-video-preview:-1"},"canonical":"https:\/\/btektech.com\/pt-pt\/quem-somos\/","og_locale":"pt_PT","og_type":"article","og_title":"Sobre Souzhou Btektech","og_description":"A Btektech \u00e9 uma empresa de alta tecnologia especializada em sistemas de distribui\u00e7\u00e3o de cola de dois componentes de gama alta, produtos de distribui\u00e7\u00e3o e consum\u00edveis.","og_url":"https:\/\/btektech.com\/pt-pt\/quem-somos\/","og_site_name":"Btektech","article_modified_time":"2022-08-30T03:54:43+00:00","og_image":[{"url":"https:\/\/btektech.com\/wp-content\/uploads\/2021\/08\/about.jpg","type":"","width":"","height":""}],"twitter_card":"summary_large_image","twitter_site":"@Btektech1","twitter_misc":{"Tempo estimado de leitura":"1 minuto"},"schema":{"@context":"https:\/\/schema.org","@graph":[{"@type":"WebPage","@id":"https:\/\/btektech.com\/pt-pt\/quem-somos\/","url":"https:\/\/btektech.com\/pt-pt\/quem-somos\/","name":"Sobre Souzhou Btektech","isPartOf":{"@id":"https:\/\/btektech.com\/#website"},"primaryImageOfPage":{"@id":"https:\/\/btektech.com\/pt-pt\/quem-somos\/#primaryimage"},"image":{"@id":"https:\/\/btektech.com\/pt-pt\/quem-somos\/#primaryimage"},"thumbnailUrl":"https:\/\/btektech.com\/wp-content\/uploads\/2021\/08\/about.jpg","datePublished":"2021-08-23T15:44:17+00:00","dateModified":"2022-08-30T03:54:43+00:00","description":"A Btektech \u00e9 uma empresa de alta tecnologia especializada em sistemas de distribui\u00e7\u00e3o de cola de dois componentes de gama alta, produtos de distribui\u00e7\u00e3o e consum\u00edveis.","breadcrumb":{"@id":"https:\/\/btektech.com\/pt-pt\/quem-somos\/#breadcrumb"},"inLanguage":"pt-PT","potentialAction":[{"@type":"ReadAction","target":["https:\/\/btektech.com\/pt-pt\/quem-somos\/"]}]},{"@type":"ImageObject","inLanguage":"pt-PT","@id":"https:\/\/btektech.com\/pt-pt\/quem-somos\/#primaryimage","url":"https:\/\/btektech.com\/wp-content\/uploads\/2021\/08\/about.jpg","contentUrl":"https:\/\/btektech.com\/wp-content\/uploads\/2021\/08\/about.jpg"},{"@type":"BreadcrumbList","@id":"https:\/\/btektech.com\/pt-pt\/quem-somos\/#breadcrumb","itemListElement":[{"@type":"ListItem","position":1,"name":"Home","item":"https:\/\/btektech.com\/pt-pt\/home-2\/"},{"@type":"ListItem","position":2,"name":"Quem somos"}]},{"@type":"WebSite","@id":"https:\/\/btektech.com\/#website","url":"https:\/\/btektech.com\/","name":"Btektech","description":"","publisher":{"@id":"https:\/\/btektech.com\/#organization"},"potentialAction":[{"@type":"SearchAction","target":{"@type":"EntryPoint","urlTemplate":"https:\/\/btektech.com\/?s={search_term_string}"},"query-input":{"@type":"PropertyValueSpecification","valueRequired":true,"valueName":"search_term_string"}}],"inLanguage":"pt-PT"},{"@type":"Organization","@id":"https:\/\/btektech.com\/#organization","name":"Btektech","url":"https:\/\/btektech.com\/","logo":{"@type":"ImageObject","inLanguage":"pt-PT","@id":"https:\/\/btektech.com\/#\/schema\/logo\/image\/","url":"https:\/\/btektech.com\/wp-content\/uploads\/2021\/08\/btektech-logo.png","contentUrl":"https:\/\/btektech.com\/wp-content\/uploads\/2021\/08\/btektech-logo.png","width":250,"height":114,"caption":"Btektech"},"image":{"@id":"https:\/\/btektech.com\/#\/schema\/logo\/image\/"},"sameAs":["https:\/\/x.com\/Btektech1","https:\/\/www.instagram.com\/btektech\/","https:\/\/www.linkedin.com\/company\/suzhou-baotailong-electronic-materials-co-ltd\/","https:\/\/www.pinterest.com\/btektech\/_saved\/","https:\/\/www.youtube.com\/channel\/UCBiw4Bc4CmQDrdo-QqyVTqQ"]}]}},"_links":{"self":[{"href":"https:\/\/btektech.com\/pt-pt\/wp-json\/wp\/v2\/pages\/3399","targetHints":{"allow":["GET"]}}],"collection":[{"href":"https:\/\/btektech.com\/pt-pt\/wp-json\/wp\/v2\/pages"}],"about":[{"href":"https:\/\/btektech.com\/pt-pt\/wp-json\/wp\/v2\/types\/page"}],"author":[{"embeddable":true,"href":"https:\/\/btektech.com\/pt-pt\/wp-json\/wp\/v2\/users\/1"}],"replies":[{"embeddable":true,"href":"https:\/\/btektech.com\/pt-pt\/wp-json\/wp\/v2\/comments?post=3399"}],"version-history":[{"count":0,"href":"https:\/\/btektech.com\/pt-pt\/wp-json\/wp\/v2\/pages\/3399\/revisions"}],"wp:attachment":[{"href":"https:\/\/btektech.com\/pt-pt\/wp-json\/wp\/v2\/media?parent=3399"}],"curies":[{"name":"wp","href":"https:\/\/api.w.org\/{rel}","templated":true}]}}