{"id":24671,"date":"2026-05-12T15:49:10","date_gmt":"2026-05-12T07:49:10","guid":{"rendered":"https:\/\/btektech.com\/cartucho-duplo\/"},"modified":"2026-05-12T15:49:13","modified_gmt":"2026-05-12T07:49:13","slug":"cartucho-duplo","status":"publish","type":"page","link":"https:\/\/btektech.com\/pt-pt\/cartucho-duplo\/","title":{"rendered":"Cartucho duplo"},"content":{"rendered":"","protected":false},"excerpt":{"rendered":"","protected":false},"author":8,"featured_media":0,"parent":0,"menu_order":0,"comment_status":"closed","ping_status":"closed","template":"page-product-category-second-new.php","meta":{"_acf_changed":false,"footnotes":""},"class_list":["post-24671","page","type-page","status-publish","hentry"],"acf":[],"yoast_head":"<!-- This site is optimized with the Yoast SEO plugin v27.5 - https:\/\/yoast.com\/product\/yoast-seo-wordpress\/ -->\n<title>Cartucho Duplo | Solu\u00e7\u00e3o de Embalagem de Adesivo de Dois Componentes<\/title>\n<meta name=\"description\" content=\"O cartucho duplo Btektech garante propor\u00e7\u00f5es de mistura precisas para adesivos de dois componentes, funcionando perfeitamente com sistemas manuais, pneum\u00e1ticos e el\u00e9ctricos.\" \/>\n<meta name=\"robots\" content=\"index, follow, max-snippet:-1, max-image-preview:large, max-video-preview:-1\" \/>\n<link rel=\"canonical\" href=\"https:\/\/btektech.com\/pt-pt\/cartucho-duplo\/\" \/>\n<meta property=\"og:locale\" content=\"pt_PT\" \/>\n<meta property=\"og:type\" content=\"article\" \/>\n<meta property=\"og:title\" content=\"Cartucho Duplo | Solu\u00e7\u00e3o de Embalagem de Adesivo de Dois Componentes\" \/>\n<meta property=\"og:description\" content=\"O cartucho duplo Btektech garante propor\u00e7\u00f5es de mistura precisas para adesivos de dois componentes, funcionando perfeitamente com sistemas manuais, pneum\u00e1ticos e el\u00e9ctricos.\" \/>\n<meta property=\"og:url\" content=\"https:\/\/btektech.com\/pt-pt\/cartucho-duplo\/\" \/>\n<meta property=\"og:site_name\" content=\"Btektech\" \/>\n<meta property=\"article:modified_time\" content=\"2026-05-12T07:49:13+00:00\" \/>\n<meta name=\"twitter:card\" content=\"summary_large_image\" \/>\n<meta name=\"twitter:site\" content=\"@Btektech1\" \/>\n<script type=\"application\/ld+json\" class=\"yoast-schema-graph\">{\"@context\":\"https:\\\/\\\/schema.org\",\"@graph\":[{\"@type\":\"WebPage\",\"@id\":\"https:\\\/\\\/btektech.com\\\/pt-pt\\\/cartucho-duplo\\\/\",\"url\":\"https:\\\/\\\/btektech.com\\\/pt-pt\\\/cartucho-duplo\\\/\",\"name\":\"Cartucho Duplo | Solu\u00e7\u00e3o de Embalagem de Adesivo de Dois Componentes\",\"isPartOf\":{\"@id\":\"https:\\\/\\\/btektech.com\\\/#website\"},\"datePublished\":\"2026-05-12T07:49:10+00:00\",\"dateModified\":\"2026-05-12T07:49:13+00:00\",\"description\":\"O cartucho duplo Btektech garante propor\u00e7\u00f5es de mistura precisas para adesivos de dois componentes, funcionando perfeitamente com sistemas manuais, pneum\u00e1ticos e el\u00e9ctricos.\",\"breadcrumb\":{\"@id\":\"https:\\\/\\\/btektech.com\\\/pt-pt\\\/cartucho-duplo\\\/#breadcrumb\"},\"inLanguage\":\"pt-PT\",\"potentialAction\":[{\"@type\":\"ReadAction\",\"target\":[\"https:\\\/\\\/btektech.com\\\/pt-pt\\\/cartucho-duplo\\\/\"]}]},{\"@type\":\"BreadcrumbList\",\"@id\":\"https:\\\/\\\/btektech.com\\\/pt-pt\\\/cartucho-duplo\\\/#breadcrumb\",\"itemListElement\":[{\"@type\":\"ListItem\",\"position\":1,\"name\":\"Home\",\"item\":\"https:\\\/\\\/btektech.com\\\/\"},{\"@type\":\"ListItem\",\"position\":2,\"name\":\"Cartucho duplo\"}]},{\"@type\":\"WebSite\",\"@id\":\"https:\\\/\\\/btektech.com\\\/#website\",\"url\":\"https:\\\/\\\/btektech.com\\\/\",\"name\":\"Btektech\",\"description\":\"\",\"publisher\":{\"@id\":\"https:\\\/\\\/btektech.com\\\/#organization\"},\"potentialAction\":[{\"@type\":\"SearchAction\",\"target\":{\"@type\":\"EntryPoint\",\"urlTemplate\":\"https:\\\/\\\/btektech.com\\\/?s={search_term_string}\"},\"query-input\":{\"@type\":\"PropertyValueSpecification\",\"valueRequired\":true,\"valueName\":\"search_term_string\"}}],\"inLanguage\":\"pt-PT\"},{\"@type\":\"Organization\",\"@id\":\"https:\\\/\\\/btektech.com\\\/#organization\",\"name\":\"Btektech\",\"url\":\"https:\\\/\\\/btektech.com\\\/\",\"logo\":{\"@type\":\"ImageObject\",\"inLanguage\":\"pt-PT\",\"@id\":\"https:\\\/\\\/btektech.com\\\/#\\\/schema\\\/logo\\\/image\\\/\",\"url\":\"https:\\\/\\\/btektech.com\\\/wp-content\\\/uploads\\\/2021\\\/08\\\/btektech-logo.png\",\"contentUrl\":\"https:\\\/\\\/btektech.com\\\/wp-content\\\/uploads\\\/2021\\\/08\\\/btektech-logo.png\",\"width\":250,\"height\":114,\"caption\":\"Btektech\"},\"image\":{\"@id\":\"https:\\\/\\\/btektech.com\\\/#\\\/schema\\\/logo\\\/image\\\/\"},\"sameAs\":[\"https:\\\/\\\/x.com\\\/Btektech1\",\"https:\\\/\\\/www.instagram.com\\\/btektech\\\/\",\"https:\\\/\\\/www.linkedin.com\\\/company\\\/suzhou-baotailong-electronic-materials-co-ltd\\\/\",\"https:\\\/\\\/www.pinterest.com\\\/btektech\\\/_saved\\\/\",\"https:\\\/\\\/www.youtube.com\\\/channel\\\/UCBiw4Bc4CmQDrdo-QqyVTqQ\"]}]}<\/script>\n<!-- \/ Yoast SEO plugin. -->","yoast_head_json":{"title":"Cartucho Duplo | Solu\u00e7\u00e3o de Embalagem de Adesivo de Dois Componentes","description":"O cartucho duplo Btektech garante propor\u00e7\u00f5es de mistura precisas para adesivos de dois componentes, funcionando perfeitamente com sistemas manuais, pneum\u00e1ticos e el\u00e9ctricos.","robots":{"index":"index","follow":"follow","max-snippet":"max-snippet:-1","max-image-preview":"max-image-preview:large","max-video-preview":"max-video-preview:-1"},"canonical":"https:\/\/btektech.com\/pt-pt\/cartucho-duplo\/","og_locale":"pt_PT","og_type":"article","og_title":"Cartucho Duplo | Solu\u00e7\u00e3o de Embalagem de Adesivo de Dois Componentes","og_description":"O cartucho duplo Btektech garante propor\u00e7\u00f5es de mistura precisas para adesivos de dois componentes, funcionando perfeitamente com sistemas manuais, pneum\u00e1ticos e el\u00e9ctricos.","og_url":"https:\/\/btektech.com\/pt-pt\/cartucho-duplo\/","og_site_name":"Btektech","article_modified_time":"2026-05-12T07:49:13+00:00","twitter_card":"summary_large_image","twitter_site":"@Btektech1","schema":{"@context":"https:\/\/schema.org","@graph":[{"@type":"WebPage","@id":"https:\/\/btektech.com\/pt-pt\/cartucho-duplo\/","url":"https:\/\/btektech.com\/pt-pt\/cartucho-duplo\/","name":"Cartucho Duplo | Solu\u00e7\u00e3o de Embalagem de Adesivo de Dois Componentes","isPartOf":{"@id":"https:\/\/btektech.com\/#website"},"datePublished":"2026-05-12T07:49:10+00:00","dateModified":"2026-05-12T07:49:13+00:00","description":"O cartucho duplo Btektech garante propor\u00e7\u00f5es de mistura precisas para adesivos de dois componentes, funcionando perfeitamente com sistemas manuais, pneum\u00e1ticos e el\u00e9ctricos.","breadcrumb":{"@id":"https:\/\/btektech.com\/pt-pt\/cartucho-duplo\/#breadcrumb"},"inLanguage":"pt-PT","potentialAction":[{"@type":"ReadAction","target":["https:\/\/btektech.com\/pt-pt\/cartucho-duplo\/"]}]},{"@type":"BreadcrumbList","@id":"https:\/\/btektech.com\/pt-pt\/cartucho-duplo\/#breadcrumb","itemListElement":[{"@type":"ListItem","position":1,"name":"Home","item":"https:\/\/btektech.com\/"},{"@type":"ListItem","position":2,"name":"Cartucho duplo"}]},{"@type":"WebSite","@id":"https:\/\/btektech.com\/#website","url":"https:\/\/btektech.com\/","name":"Btektech","description":"","publisher":{"@id":"https:\/\/btektech.com\/#organization"},"potentialAction":[{"@type":"SearchAction","target":{"@type":"EntryPoint","urlTemplate":"https:\/\/btektech.com\/?s={search_term_string}"},"query-input":{"@type":"PropertyValueSpecification","valueRequired":true,"valueName":"search_term_string"}}],"inLanguage":"pt-PT"},{"@type":"Organization","@id":"https:\/\/btektech.com\/#organization","name":"Btektech","url":"https:\/\/btektech.com\/","logo":{"@type":"ImageObject","inLanguage":"pt-PT","@id":"https:\/\/btektech.com\/#\/schema\/logo\/image\/","url":"https:\/\/btektech.com\/wp-content\/uploads\/2021\/08\/btektech-logo.png","contentUrl":"https:\/\/btektech.com\/wp-content\/uploads\/2021\/08\/btektech-logo.png","width":250,"height":114,"caption":"Btektech"},"image":{"@id":"https:\/\/btektech.com\/#\/schema\/logo\/image\/"},"sameAs":["https:\/\/x.com\/Btektech1","https:\/\/www.instagram.com\/btektech\/","https:\/\/www.linkedin.com\/company\/suzhou-baotailong-electronic-materials-co-ltd\/","https:\/\/www.pinterest.com\/btektech\/_saved\/","https:\/\/www.youtube.com\/channel\/UCBiw4Bc4CmQDrdo-QqyVTqQ"]}]}},"_links":{"self":[{"href":"https:\/\/btektech.com\/pt-pt\/wp-json\/wp\/v2\/pages\/24671","targetHints":{"allow":["GET"]}}],"collection":[{"href":"https:\/\/btektech.com\/pt-pt\/wp-json\/wp\/v2\/pages"}],"about":[{"href":"https:\/\/btektech.com\/pt-pt\/wp-json\/wp\/v2\/types\/page"}],"author":[{"embeddable":true,"href":"https:\/\/btektech.com\/pt-pt\/wp-json\/wp\/v2\/users\/8"}],"replies":[{"embeddable":true,"href":"https:\/\/btektech.com\/pt-pt\/wp-json\/wp\/v2\/comments?post=24671"}],"version-history":[{"count":1,"href":"https:\/\/btektech.com\/pt-pt\/wp-json\/wp\/v2\/pages\/24671\/revisions"}],"predecessor-version":[{"id":24673,"href":"https:\/\/btektech.com\/pt-pt\/wp-json\/wp\/v2\/pages\/24671\/revisions\/24673"}],"wp:attachment":[{"href":"https:\/\/btektech.com\/pt-pt\/wp-json\/wp\/v2\/media?parent=24671"}],"curies":[{"name":"wp","href":"https:\/\/api.w.org\/{rel}","templated":true}]}}