{"id":24645,"date":"2026-05-12T15:42:03","date_gmt":"2026-05-12T07:42:03","guid":{"rendered":"https:\/\/btektech.com\/dicas-de-distribuicao-de-escovas\/"},"modified":"2026-05-12T15:42:08","modified_gmt":"2026-05-12T07:42:08","slug":"dicas-de-distribuicao-de-escovas","status":"publish","type":"page","link":"https:\/\/btektech.com\/pt-pt\/dicas-de-distribuicao-de-escovas\/","title":{"rendered":"Dicas de distribui\u00e7\u00e3o de escovas"},"content":{"rendered":"","protected":false},"excerpt":{"rendered":"","protected":false},"author":8,"featured_media":5789,"parent":0,"menu_order":0,"comment_status":"closed","ping_status":"closed","template":"page-product-category-second-new.php","meta":{"_acf_changed":false,"footnotes":""},"class_list":["post-24645","page","type-page","status-publish","has-post-thumbnail","hentry"],"acf":[],"yoast_head":"<!-- This site is optimized with the Yoast SEO plugin v27.5 - https:\/\/yoast.com\/product\/yoast-seo-wordpress\/ -->\n<title>Pontas de distribui\u00e7\u00e3o com pincel | Mesmo aplica\u00e7\u00e3o de baixa viscosidade<\/title>\n<meta name=\"description\" content=\"As pontas dispensadoras de pincel Btektech foram concebidas para uma aplica\u00e7\u00e3o uniforme de adesivos de baixa viscosidade, apoiando os processos de revestimento, colagem e tratamento de superf\u00edcies.\" \/>\n<meta name=\"robots\" content=\"index, follow, max-snippet:-1, max-image-preview:large, max-video-preview:-1\" \/>\n<link rel=\"canonical\" href=\"https:\/\/btektech.com\/pt-pt\/dicas-de-distribuicao-de-escovas\/\" \/>\n<meta property=\"og:locale\" content=\"pt_PT\" \/>\n<meta property=\"og:type\" content=\"article\" \/>\n<meta property=\"og:title\" content=\"Pontas de distribui\u00e7\u00e3o com pincel | Mesmo aplica\u00e7\u00e3o de baixa viscosidade\" \/>\n<meta property=\"og:description\" content=\"As pontas dispensadoras de pincel Btektech foram concebidas para uma aplica\u00e7\u00e3o uniforme de adesivos de baixa viscosidade, apoiando os processos de revestimento, colagem e tratamento de superf\u00edcies.\" \/>\n<meta property=\"og:url\" content=\"https:\/\/btektech.com\/pt-pt\/dicas-de-distribuicao-de-escovas\/\" \/>\n<meta property=\"og:site_name\" content=\"Btektech\" \/>\n<meta property=\"article:modified_time\" content=\"2026-05-12T07:42:08+00:00\" \/>\n<meta property=\"og:image\" content=\"https:\/\/btektech.com\/wp-content\/uploads\/2022\/05\/Brush-dispensing-tips-1.jpg\" \/>\n\t<meta property=\"og:image:width\" content=\"800\" \/>\n\t<meta property=\"og:image:height\" content=\"800\" \/>\n\t<meta property=\"og:image:type\" content=\"image\/jpeg\" \/>\n<meta name=\"twitter:card\" content=\"summary_large_image\" \/>\n<meta name=\"twitter:site\" content=\"@Btektech1\" \/>\n<script type=\"application\/ld+json\" class=\"yoast-schema-graph\">{\"@context\":\"https:\\\/\\\/schema.org\",\"@graph\":[{\"@type\":\"WebPage\",\"@id\":\"https:\\\/\\\/btektech.com\\\/pt-pt\\\/dicas-de-distribuicao-de-escovas\\\/\",\"url\":\"https:\\\/\\\/btektech.com\\\/pt-pt\\\/dicas-de-distribuicao-de-escovas\\\/\",\"name\":\"Pontas de distribui\u00e7\u00e3o com pincel | Mesmo aplica\u00e7\u00e3o de baixa viscosidade\",\"isPartOf\":{\"@id\":\"https:\\\/\\\/btektech.com\\\/#website\"},\"primaryImageOfPage\":{\"@id\":\"https:\\\/\\\/btektech.com\\\/pt-pt\\\/dicas-de-distribuicao-de-escovas\\\/#primaryimage\"},\"image\":{\"@id\":\"https:\\\/\\\/btektech.com\\\/pt-pt\\\/dicas-de-distribuicao-de-escovas\\\/#primaryimage\"},\"thumbnailUrl\":\"https:\\\/\\\/btektech.com\\\/wp-content\\\/uploads\\\/2022\\\/05\\\/Brush-dispensing-tips-1.jpg\",\"datePublished\":\"2026-05-12T07:42:03+00:00\",\"dateModified\":\"2026-05-12T07:42:08+00:00\",\"description\":\"As pontas dispensadoras de pincel Btektech foram concebidas para uma aplica\u00e7\u00e3o uniforme de adesivos de baixa viscosidade, apoiando os processos de revestimento, colagem e tratamento de superf\u00edcies.\",\"breadcrumb\":{\"@id\":\"https:\\\/\\\/btektech.com\\\/pt-pt\\\/dicas-de-distribuicao-de-escovas\\\/#breadcrumb\"},\"inLanguage\":\"pt-PT\",\"potentialAction\":[{\"@type\":\"ReadAction\",\"target\":[\"https:\\\/\\\/btektech.com\\\/pt-pt\\\/dicas-de-distribuicao-de-escovas\\\/\"]}]},{\"@type\":\"ImageObject\",\"inLanguage\":\"pt-PT\",\"@id\":\"https:\\\/\\\/btektech.com\\\/pt-pt\\\/dicas-de-distribuicao-de-escovas\\\/#primaryimage\",\"url\":\"https:\\\/\\\/btektech.com\\\/wp-content\\\/uploads\\\/2022\\\/05\\\/Brush-dispensing-tips-1.jpg\",\"contentUrl\":\"https:\\\/\\\/btektech.com\\\/wp-content\\\/uploads\\\/2022\\\/05\\\/Brush-dispensing-tips-1.jpg\",\"width\":800,\"height\":800,\"caption\":\"pontas dispensadoras de escovas\"},{\"@type\":\"BreadcrumbList\",\"@id\":\"https:\\\/\\\/btektech.com\\\/pt-pt\\\/dicas-de-distribuicao-de-escovas\\\/#breadcrumb\",\"itemListElement\":[{\"@type\":\"ListItem\",\"position\":1,\"name\":\"Home\",\"item\":\"https:\\\/\\\/btektech.com\\\/\"},{\"@type\":\"ListItem\",\"position\":2,\"name\":\"Dicas de distribui\u00e7\u00e3o de escovas\"}]},{\"@type\":\"WebSite\",\"@id\":\"https:\\\/\\\/btektech.com\\\/#website\",\"url\":\"https:\\\/\\\/btektech.com\\\/\",\"name\":\"Btektech\",\"description\":\"\",\"publisher\":{\"@id\":\"https:\\\/\\\/btektech.com\\\/#organization\"},\"potentialAction\":[{\"@type\":\"SearchAction\",\"target\":{\"@type\":\"EntryPoint\",\"urlTemplate\":\"https:\\\/\\\/btektech.com\\\/?s={search_term_string}\"},\"query-input\":{\"@type\":\"PropertyValueSpecification\",\"valueRequired\":true,\"valueName\":\"search_term_string\"}}],\"inLanguage\":\"pt-PT\"},{\"@type\":\"Organization\",\"@id\":\"https:\\\/\\\/btektech.com\\\/#organization\",\"name\":\"Btektech\",\"url\":\"https:\\\/\\\/btektech.com\\\/\",\"logo\":{\"@type\":\"ImageObject\",\"inLanguage\":\"pt-PT\",\"@id\":\"https:\\\/\\\/btektech.com\\\/#\\\/schema\\\/logo\\\/image\\\/\",\"url\":\"https:\\\/\\\/btektech.com\\\/wp-content\\\/uploads\\\/2021\\\/08\\\/btektech-logo.png\",\"contentUrl\":\"https:\\\/\\\/btektech.com\\\/wp-content\\\/uploads\\\/2021\\\/08\\\/btektech-logo.png\",\"width\":250,\"height\":114,\"caption\":\"Btektech\"},\"image\":{\"@id\":\"https:\\\/\\\/btektech.com\\\/#\\\/schema\\\/logo\\\/image\\\/\"},\"sameAs\":[\"https:\\\/\\\/x.com\\\/Btektech1\",\"https:\\\/\\\/www.instagram.com\\\/btektech\\\/\",\"https:\\\/\\\/www.linkedin.com\\\/company\\\/suzhou-baotailong-electronic-materials-co-ltd\\\/\",\"https:\\\/\\\/www.pinterest.com\\\/btektech\\\/_saved\\\/\",\"https:\\\/\\\/www.youtube.com\\\/channel\\\/UCBiw4Bc4CmQDrdo-QqyVTqQ\"]}]}<\/script>\n<!-- \/ Yoast SEO plugin. -->","yoast_head_json":{"title":"Pontas de distribui\u00e7\u00e3o com pincel | Mesmo aplica\u00e7\u00e3o de baixa viscosidade","description":"As pontas dispensadoras de pincel Btektech foram concebidas para uma aplica\u00e7\u00e3o uniforme de adesivos de baixa viscosidade, apoiando os processos de revestimento, colagem e tratamento de superf\u00edcies.","robots":{"index":"index","follow":"follow","max-snippet":"max-snippet:-1","max-image-preview":"max-image-preview:large","max-video-preview":"max-video-preview:-1"},"canonical":"https:\/\/btektech.com\/pt-pt\/dicas-de-distribuicao-de-escovas\/","og_locale":"pt_PT","og_type":"article","og_title":"Pontas de distribui\u00e7\u00e3o com pincel | Mesmo aplica\u00e7\u00e3o de baixa viscosidade","og_description":"As pontas dispensadoras de pincel Btektech foram concebidas para uma aplica\u00e7\u00e3o uniforme de adesivos de baixa viscosidade, apoiando os processos de revestimento, colagem e tratamento de superf\u00edcies.","og_url":"https:\/\/btektech.com\/pt-pt\/dicas-de-distribuicao-de-escovas\/","og_site_name":"Btektech","article_modified_time":"2026-05-12T07:42:08+00:00","og_image":[{"width":800,"height":800,"url":"https:\/\/btektech.com\/wp-content\/uploads\/2022\/05\/Brush-dispensing-tips-1.jpg","type":"image\/jpeg"}],"twitter_card":"summary_large_image","twitter_site":"@Btektech1","schema":{"@context":"https:\/\/schema.org","@graph":[{"@type":"WebPage","@id":"https:\/\/btektech.com\/pt-pt\/dicas-de-distribuicao-de-escovas\/","url":"https:\/\/btektech.com\/pt-pt\/dicas-de-distribuicao-de-escovas\/","name":"Pontas de distribui\u00e7\u00e3o com pincel | Mesmo aplica\u00e7\u00e3o de baixa viscosidade","isPartOf":{"@id":"https:\/\/btektech.com\/#website"},"primaryImageOfPage":{"@id":"https:\/\/btektech.com\/pt-pt\/dicas-de-distribuicao-de-escovas\/#primaryimage"},"image":{"@id":"https:\/\/btektech.com\/pt-pt\/dicas-de-distribuicao-de-escovas\/#primaryimage"},"thumbnailUrl":"https:\/\/btektech.com\/wp-content\/uploads\/2022\/05\/Brush-dispensing-tips-1.jpg","datePublished":"2026-05-12T07:42:03+00:00","dateModified":"2026-05-12T07:42:08+00:00","description":"As pontas dispensadoras de pincel Btektech foram concebidas para uma aplica\u00e7\u00e3o uniforme de adesivos de baixa viscosidade, apoiando os processos de revestimento, colagem e tratamento de superf\u00edcies.","breadcrumb":{"@id":"https:\/\/btektech.com\/pt-pt\/dicas-de-distribuicao-de-escovas\/#breadcrumb"},"inLanguage":"pt-PT","potentialAction":[{"@type":"ReadAction","target":["https:\/\/btektech.com\/pt-pt\/dicas-de-distribuicao-de-escovas\/"]}]},{"@type":"ImageObject","inLanguage":"pt-PT","@id":"https:\/\/btektech.com\/pt-pt\/dicas-de-distribuicao-de-escovas\/#primaryimage","url":"https:\/\/btektech.com\/wp-content\/uploads\/2022\/05\/Brush-dispensing-tips-1.jpg","contentUrl":"https:\/\/btektech.com\/wp-content\/uploads\/2022\/05\/Brush-dispensing-tips-1.jpg","width":800,"height":800,"caption":"pontas dispensadoras de escovas"},{"@type":"BreadcrumbList","@id":"https:\/\/btektech.com\/pt-pt\/dicas-de-distribuicao-de-escovas\/#breadcrumb","itemListElement":[{"@type":"ListItem","position":1,"name":"Home","item":"https:\/\/btektech.com\/"},{"@type":"ListItem","position":2,"name":"Dicas de distribui\u00e7\u00e3o de escovas"}]},{"@type":"WebSite","@id":"https:\/\/btektech.com\/#website","url":"https:\/\/btektech.com\/","name":"Btektech","description":"","publisher":{"@id":"https:\/\/btektech.com\/#organization"},"potentialAction":[{"@type":"SearchAction","target":{"@type":"EntryPoint","urlTemplate":"https:\/\/btektech.com\/?s={search_term_string}"},"query-input":{"@type":"PropertyValueSpecification","valueRequired":true,"valueName":"search_term_string"}}],"inLanguage":"pt-PT"},{"@type":"Organization","@id":"https:\/\/btektech.com\/#organization","name":"Btektech","url":"https:\/\/btektech.com\/","logo":{"@type":"ImageObject","inLanguage":"pt-PT","@id":"https:\/\/btektech.com\/#\/schema\/logo\/image\/","url":"https:\/\/btektech.com\/wp-content\/uploads\/2021\/08\/btektech-logo.png","contentUrl":"https:\/\/btektech.com\/wp-content\/uploads\/2021\/08\/btektech-logo.png","width":250,"height":114,"caption":"Btektech"},"image":{"@id":"https:\/\/btektech.com\/#\/schema\/logo\/image\/"},"sameAs":["https:\/\/x.com\/Btektech1","https:\/\/www.instagram.com\/btektech\/","https:\/\/www.linkedin.com\/company\/suzhou-baotailong-electronic-materials-co-ltd\/","https:\/\/www.pinterest.com\/btektech\/_saved\/","https:\/\/www.youtube.com\/channel\/UCBiw4Bc4CmQDrdo-QqyVTqQ"]}]}},"_links":{"self":[{"href":"https:\/\/btektech.com\/pt-pt\/wp-json\/wp\/v2\/pages\/24645","targetHints":{"allow":["GET"]}}],"collection":[{"href":"https:\/\/btektech.com\/pt-pt\/wp-json\/wp\/v2\/pages"}],"about":[{"href":"https:\/\/btektech.com\/pt-pt\/wp-json\/wp\/v2\/types\/page"}],"author":[{"embeddable":true,"href":"https:\/\/btektech.com\/pt-pt\/wp-json\/wp\/v2\/users\/8"}],"replies":[{"embeddable":true,"href":"https:\/\/btektech.com\/pt-pt\/wp-json\/wp\/v2\/comments?post=24645"}],"version-history":[{"count":1,"href":"https:\/\/btektech.com\/pt-pt\/wp-json\/wp\/v2\/pages\/24645\/revisions"}],"predecessor-version":[{"id":24649,"href":"https:\/\/btektech.com\/pt-pt\/wp-json\/wp\/v2\/pages\/24645\/revisions\/24649"}],"wp:featuredmedia":[{"embeddable":true,"href":"https:\/\/btektech.com\/pt-pt\/wp-json\/wp\/v2\/media\/5789"}],"wp:attachment":[{"href":"https:\/\/btektech.com\/pt-pt\/wp-json\/wp\/v2\/media?parent=24645"}],"curies":[{"name":"wp","href":"https:\/\/api.w.org\/{rel}","templated":true}]}}