{"id":6183,"date":"2022-06-20T03:52:19","date_gmt":"2022-06-20T03:52:19","guid":{"rendered":"https:\/\/btektech.com\/product\/rm13-12sdynamic-mixing-tube\/"},"modified":"2022-09-20T08:39:22","modified_gmt":"2022-09-20T08:39:22","slug":"boquillas-mezcladoras-dinamicas-rm-13-12","status":"publish","type":"product","link":"https:\/\/btektech.com\/es\/product\/boquillas-mezcladoras-dinamicas-rm-13-12\/","title":{"rendered":"Boquillas Mezcladoras Din\u00e1micas RM 13-12"},"content":{"rendered":"<p><strong>Tobde mezcla din\u00e1mica RM 13-12:<\/strong><br \/>\nEl tubo de mezcla din\u00e1mico RM 13-12 es adecuado para mezclar selly adhede de baja viscode 2 componentes. Esta tobde mezcla din\u00e1mica tiene un elemento blanco interno. Fabricados a partir de polipropileno, ambos son de grado industrial, seguro y libre de silicona. El tubo de mezcla din\u00e1mico RM 13-12 es adecuado para todos los materiales bicomponentes. Se recomiendan tubos protectores de Metal para todos los mezcladores. Pueden utilizarse con cualquier adaptador Luer y cualquier punta de bloqueo Luer. Son de China y ofrecen un embalaje herm\u00e9herm\u00e9.<\/p>\n<p style=\"text-align:center;\">\n<img decoding=\"async\" src=\"https:\/\/btektech.com\/wp-content\/uploads\/2021\/08\/%E9%9D%99%E6%80%81-300x70.jpg\">\n<\/p>\n<div style=\"overflow:auto;\">\n<table style=\"text-align: center;\" width=\"100%\">\n<tbody>\n<tr>\n<th>No.<\/th>\n<th>Parte No.<\/th>\n<th>Elementos<\/th>\n<th>I.D(mm)<\/th>\n<th>L(mm)<\/th>\n<th>O.D(mm)<\/th>\n<th>A(mm)<\/th>\n<th>Color interior<\/th>\n<\/tr>\n<tr>\n<td>1<\/td>\n<td>RM12-13<\/td>\n<td>12<\/td>\n<td>13<\/td>\n<td>197<\/td>\n<td>17<\/td>\n<td>4<\/td>\n<td>verde<\/td>\n<\/tr>\n<\/tbody>\n<\/table>\n<\/div>\n<p>*(debido a las diferentes resoluciones de los monitores de ordenador, puede ocurrir aberrcrom\u00e1tica. Si es necesario, por favor p\u00f3ngase en contacto con nuestro servicio al cliente para las muestras.)<\/p>\n","protected":false},"excerpt":{"rendered":"<p>La tobde mezcla din\u00e1mica de la serie RM es un tubo de mezcla con dise\u00f1o cient\u00edfico y material duradero. Equipada con la v\u00e1lvula de mezcla din\u00e1mica adecuada, la lanza de mezcla din\u00e1mica RM 13-12 ofrece un conjunto completo de soluciones adecuadas y de bajo coste para la mezcla de colas y goteo.<\/p>\n","protected":false},"featured_media":6146,"comment_status":"open","ping_status":"closed","template":"","meta":{"_acf_changed":false},"product_brand":[],"product_cat":[268],"product_tag":[],"class_list":{"0":"post-6183","1":"product","2":"type-product","3":"status-publish","4":"has-post-thumbnail","6":"product_cat-uncategorized-es","8":"first","9":"instock","10":"shipping-taxable","11":"product-type-simple"},"acf":[],"yoast_head":"<!-- This site is optimized with the Yoast SEO plugin v26.0 - https:\/\/yoast.com\/wordpress\/plugins\/seo\/ -->\n<title>Boquillas Mezcladoras Din\u00e1micas RM 13-12 -Btektech<\/title>\n<meta name=\"description\" content=\"La Boquillas Mezcladoras Din\u00e1micas RM 13-12 es un tubo de mezcla con un dise\u00f1o cient\u00edfico y un material resistente. Equipado con una v\u00e1lvula de mezcla din\u00e1mica adecuada.\" \/>\n<meta name=\"robots\" content=\"index, follow, max-snippet:-1, max-image-preview:large, max-video-preview:-1\" \/>\n<link rel=\"canonical\" href=\"https:\/\/btektech.com\/es\/product\/boquillas-mezcladoras-dinamicas-rm-13-12\/\" \/>\n<meta property=\"og:locale\" content=\"es_ES\" \/>\n<meta property=\"og:type\" content=\"article\" \/>\n<meta property=\"og:title\" content=\"Boquillas Mezcladoras Din\u00e1micas RM 13-12 -Btektech\" \/>\n<meta property=\"og:description\" content=\"La Boquillas Mezcladoras Din\u00e1micas RM 13-12 es un tubo de mezcla con un dise\u00f1o cient\u00edfico y un material resistente. Equipado con una v\u00e1lvula de mezcla din\u00e1mica adecuada.\" \/>\n<meta property=\"og:url\" content=\"https:\/\/btektech.com\/es\/product\/boquillas-mezcladoras-dinamicas-rm-13-12\/\" \/>\n<meta property=\"og:site_name\" content=\"Btektech\" \/>\n<meta property=\"article:modified_time\" content=\"2022-09-20T08:39:22+00:00\" \/>\n<meta property=\"og:image\" content=\"https:\/\/btektech.com\/wp-content\/uploads\/2022\/06\/401655717384_.pic_hd.jpg\" \/>\n\t<meta property=\"og:image:width\" content=\"1000\" \/>\n\t<meta property=\"og:image:height\" content=\"1000\" \/>\n\t<meta property=\"og:image:type\" content=\"image\/jpeg\" \/>\n<meta name=\"twitter:card\" content=\"summary_large_image\" \/>\n<meta name=\"twitter:site\" content=\"@Btektech1\" \/>\n<meta name=\"twitter:label1\" content=\"Tiempo de lectura\" \/>\n\t<meta name=\"twitter:data1\" content=\"1 minuto\" \/>\n<script type=\"application\/ld+json\" class=\"yoast-schema-graph\">{\"@context\":\"https:\/\/schema.org\",\"@graph\":[{\"@type\":[\"WebPage\",\"ItemPage\"],\"@id\":\"https:\/\/btektech.com\/es\/product\/boquillas-mezcladoras-dinamicas-rm-13-12\/\",\"url\":\"https:\/\/btektech.com\/es\/product\/boquillas-mezcladoras-dinamicas-rm-13-12\/\",\"name\":\"Boquillas Mezcladoras Din\u00e1micas RM 13-12 -Btektech\",\"isPartOf\":{\"@id\":\"https:\/\/btektech.com\/#website\"},\"primaryImageOfPage\":{\"@id\":\"https:\/\/btektech.com\/es\/product\/boquillas-mezcladoras-dinamicas-rm-13-12\/#primaryimage\"},\"image\":{\"@id\":\"https:\/\/btektech.com\/es\/product\/boquillas-mezcladoras-dinamicas-rm-13-12\/#primaryimage\"},\"thumbnailUrl\":\"https:\/\/btektech.com\/wp-content\/uploads\/2022\/06\/401655717384_.pic_hd.jpg\",\"datePublished\":\"2022-06-20T03:52:19+00:00\",\"dateModified\":\"2022-09-20T08:39:22+00:00\",\"description\":\"La Boquillas Mezcladoras Din\u00e1micas RM 13-12 es un tubo de mezcla con un dise\u00f1o cient\u00edfico y un material resistente. Equipado con una v\u00e1lvula de mezcla din\u00e1mica adecuada.\",\"breadcrumb\":{\"@id\":\"https:\/\/btektech.com\/es\/product\/boquillas-mezcladoras-dinamicas-rm-13-12\/#breadcrumb\"},\"inLanguage\":\"es\",\"potentialAction\":[{\"@type\":\"ReadAction\",\"target\":[\"https:\/\/btektech.com\/es\/product\/boquillas-mezcladoras-dinamicas-rm-13-12\/\"]}]},{\"@type\":\"ImageObject\",\"inLanguage\":\"es\",\"@id\":\"https:\/\/btektech.com\/es\/product\/boquillas-mezcladoras-dinamicas-rm-13-12\/#primaryimage\",\"url\":\"https:\/\/btektech.com\/wp-content\/uploads\/2022\/06\/401655717384_.pic_hd.jpg\",\"contentUrl\":\"https:\/\/btektech.com\/wp-content\/uploads\/2022\/06\/401655717384_.pic_hd.jpg\",\"width\":1000,\"height\":1000,\"caption\":\"Boquillas Mezcladoras Din\u00e1micas RM 13-12\"},{\"@type\":\"BreadcrumbList\",\"@id\":\"https:\/\/btektech.com\/es\/product\/boquillas-mezcladoras-dinamicas-rm-13-12\/#breadcrumb\",\"itemListElement\":[{\"@type\":\"ListItem\",\"position\":1,\"name\":\"Home\",\"item\":\"https:\/\/btektech.com\/es\/home-2\/\"},{\"@type\":\"ListItem\",\"position\":2,\"name\":\"\u00dcr\u00fcnler\",\"item\":\"https:\/\/btektech.com\/tr\/shop\/\"},{\"@type\":\"ListItem\",\"position\":3,\"name\":\"Dynamic Mixing Nozzles\",\"item\":\"https:\/\/btektech.com\/product-category\/epoxy-mixing-nozzles\/dynamic-mixing-nozzles\/\"},{\"@type\":\"ListItem\",\"position\":4,\"name\":\"Boquillas Mezcladoras Din\u00e1micas RM 13-12\"}]},{\"@type\":\"WebSite\",\"@id\":\"https:\/\/btektech.com\/#website\",\"url\":\"https:\/\/btektech.com\/\",\"name\":\"Btektech\",\"description\":\"\",\"publisher\":{\"@id\":\"https:\/\/btektech.com\/#organization\"},\"potentialAction\":[{\"@type\":\"SearchAction\",\"target\":{\"@type\":\"EntryPoint\",\"urlTemplate\":\"https:\/\/btektech.com\/?s={search_term_string}\"},\"query-input\":{\"@type\":\"PropertyValueSpecification\",\"valueRequired\":true,\"valueName\":\"search_term_string\"}}],\"inLanguage\":\"es\"},{\"@type\":\"Organization\",\"@id\":\"https:\/\/btektech.com\/#organization\",\"name\":\"Btektech\",\"url\":\"https:\/\/btektech.com\/\",\"logo\":{\"@type\":\"ImageObject\",\"inLanguage\":\"es\",\"@id\":\"https:\/\/btektech.com\/#\/schema\/logo\/image\/\",\"url\":\"https:\/\/btektech.com\/wp-content\/uploads\/2021\/08\/btektech-logo.png\",\"contentUrl\":\"https:\/\/btektech.com\/wp-content\/uploads\/2021\/08\/btektech-logo.png\",\"width\":250,\"height\":114,\"caption\":\"Btektech\"},\"image\":{\"@id\":\"https:\/\/btektech.com\/#\/schema\/logo\/image\/\"},\"sameAs\":[\"https:\/\/x.com\/Btektech1\",\"https:\/\/www.instagram.com\/btektech\/\",\"https:\/\/www.linkedin.com\/company\/suzhou-baotailong-electronic-materials-co-ltd\/\",\"https:\/\/www.pinterest.com\/btektech\/_saved\/\",\"https:\/\/www.youtube.com\/channel\/UCBiw4Bc4CmQDrdo-QqyVTqQ\"]}]}<\/script>\n<!-- \/ Yoast SEO plugin. -->","yoast_head_json":{"title":"Boquillas Mezcladoras Din\u00e1micas RM 13-12 -Btektech","description":"La Boquillas Mezcladoras Din\u00e1micas RM 13-12 es un tubo de mezcla con un dise\u00f1o cient\u00edfico y un material resistente. Equipado con una v\u00e1lvula de mezcla din\u00e1mica adecuada.","robots":{"index":"index","follow":"follow","max-snippet":"max-snippet:-1","max-image-preview":"max-image-preview:large","max-video-preview":"max-video-preview:-1"},"canonical":"https:\/\/btektech.com\/es\/product\/boquillas-mezcladoras-dinamicas-rm-13-12\/","og_locale":"es_ES","og_type":"article","og_title":"Boquillas Mezcladoras Din\u00e1micas RM 13-12 -Btektech","og_description":"La Boquillas Mezcladoras Din\u00e1micas RM 13-12 es un tubo de mezcla con un dise\u00f1o cient\u00edfico y un material resistente. Equipado con una v\u00e1lvula de mezcla din\u00e1mica adecuada.","og_url":"https:\/\/btektech.com\/es\/product\/boquillas-mezcladoras-dinamicas-rm-13-12\/","og_site_name":"Btektech","article_modified_time":"2022-09-20T08:39:22+00:00","og_image":[{"width":1000,"height":1000,"url":"https:\/\/btektech.com\/wp-content\/uploads\/2022\/06\/401655717384_.pic_hd.jpg","type":"image\/jpeg"}],"twitter_card":"summary_large_image","twitter_site":"@Btektech1","twitter_misc":{"Tiempo de lectura":"1 minuto"},"schema":{"@context":"https:\/\/schema.org","@graph":[{"@type":["WebPage","ItemPage"],"@id":"https:\/\/btektech.com\/es\/product\/boquillas-mezcladoras-dinamicas-rm-13-12\/","url":"https:\/\/btektech.com\/es\/product\/boquillas-mezcladoras-dinamicas-rm-13-12\/","name":"Boquillas Mezcladoras Din\u00e1micas RM 13-12 -Btektech","isPartOf":{"@id":"https:\/\/btektech.com\/#website"},"primaryImageOfPage":{"@id":"https:\/\/btektech.com\/es\/product\/boquillas-mezcladoras-dinamicas-rm-13-12\/#primaryimage"},"image":{"@id":"https:\/\/btektech.com\/es\/product\/boquillas-mezcladoras-dinamicas-rm-13-12\/#primaryimage"},"thumbnailUrl":"https:\/\/btektech.com\/wp-content\/uploads\/2022\/06\/401655717384_.pic_hd.jpg","datePublished":"2022-06-20T03:52:19+00:00","dateModified":"2022-09-20T08:39:22+00:00","description":"La Boquillas Mezcladoras Din\u00e1micas RM 13-12 es un tubo de mezcla con un dise\u00f1o cient\u00edfico y un material resistente. Equipado con una v\u00e1lvula de mezcla din\u00e1mica adecuada.","breadcrumb":{"@id":"https:\/\/btektech.com\/es\/product\/boquillas-mezcladoras-dinamicas-rm-13-12\/#breadcrumb"},"inLanguage":"es","potentialAction":[{"@type":"ReadAction","target":["https:\/\/btektech.com\/es\/product\/boquillas-mezcladoras-dinamicas-rm-13-12\/"]}]},{"@type":"ImageObject","inLanguage":"es","@id":"https:\/\/btektech.com\/es\/product\/boquillas-mezcladoras-dinamicas-rm-13-12\/#primaryimage","url":"https:\/\/btektech.com\/wp-content\/uploads\/2022\/06\/401655717384_.pic_hd.jpg","contentUrl":"https:\/\/btektech.com\/wp-content\/uploads\/2022\/06\/401655717384_.pic_hd.jpg","width":1000,"height":1000,"caption":"Boquillas Mezcladoras Din\u00e1micas RM 13-12"},{"@type":"BreadcrumbList","@id":"https:\/\/btektech.com\/es\/product\/boquillas-mezcladoras-dinamicas-rm-13-12\/#breadcrumb","itemListElement":[{"@type":"ListItem","position":1,"name":"Home","item":"https:\/\/btektech.com\/es\/home-2\/"},{"@type":"ListItem","position":2,"name":"\u00dcr\u00fcnler","item":"https:\/\/btektech.com\/tr\/shop\/"},{"@type":"ListItem","position":3,"name":"Dynamic Mixing Nozzles","item":"https:\/\/btektech.com\/product-category\/epoxy-mixing-nozzles\/dynamic-mixing-nozzles\/"},{"@type":"ListItem","position":4,"name":"Boquillas Mezcladoras Din\u00e1micas RM 13-12"}]},{"@type":"WebSite","@id":"https:\/\/btektech.com\/#website","url":"https:\/\/btektech.com\/","name":"Btektech","description":"","publisher":{"@id":"https:\/\/btektech.com\/#organization"},"potentialAction":[{"@type":"SearchAction","target":{"@type":"EntryPoint","urlTemplate":"https:\/\/btektech.com\/?s={search_term_string}"},"query-input":{"@type":"PropertyValueSpecification","valueRequired":true,"valueName":"search_term_string"}}],"inLanguage":"es"},{"@type":"Organization","@id":"https:\/\/btektech.com\/#organization","name":"Btektech","url":"https:\/\/btektech.com\/","logo":{"@type":"ImageObject","inLanguage":"es","@id":"https:\/\/btektech.com\/#\/schema\/logo\/image\/","url":"https:\/\/btektech.com\/wp-content\/uploads\/2021\/08\/btektech-logo.png","contentUrl":"https:\/\/btektech.com\/wp-content\/uploads\/2021\/08\/btektech-logo.png","width":250,"height":114,"caption":"Btektech"},"image":{"@id":"https:\/\/btektech.com\/#\/schema\/logo\/image\/"},"sameAs":["https:\/\/x.com\/Btektech1","https:\/\/www.instagram.com\/btektech\/","https:\/\/www.linkedin.com\/company\/suzhou-baotailong-electronic-materials-co-ltd\/","https:\/\/www.pinterest.com\/btektech\/_saved\/","https:\/\/www.youtube.com\/channel\/UCBiw4Bc4CmQDrdo-QqyVTqQ"]}]}},"_links":{"self":[{"href":"https:\/\/btektech.com\/es\/wp-json\/wp\/v2\/product\/6183","targetHints":{"allow":["GET"]}}],"collection":[{"href":"https:\/\/btektech.com\/es\/wp-json\/wp\/v2\/product"}],"about":[{"href":"https:\/\/btektech.com\/es\/wp-json\/wp\/v2\/types\/product"}],"replies":[{"embeddable":true,"href":"https:\/\/btektech.com\/es\/wp-json\/wp\/v2\/comments?post=6183"}],"version-history":[{"count":0,"href":"https:\/\/btektech.com\/es\/wp-json\/wp\/v2\/product\/6183\/revisions"}],"wp:featuredmedia":[{"embeddable":true,"href":"https:\/\/btektech.com\/es\/wp-json\/wp\/v2\/media\/6146"}],"wp:attachment":[{"href":"https:\/\/btektech.com\/es\/wp-json\/wp\/v2\/media?parent=6183"}],"wp:term":[{"taxonomy":"product_brand","embeddable":true,"href":"https:\/\/btektech.com\/es\/wp-json\/wp\/v2\/product_brand?post=6183"},{"taxonomy":"product_cat","embeddable":true,"href":"https:\/\/btektech.com\/es\/wp-json\/wp\/v2\/product_cat?post=6183"},{"taxonomy":"product_tag","embeddable":true,"href":"https:\/\/btektech.com\/es\/wp-json\/wp\/v2\/product_tag?post=6183"}],"curies":[{"name":"wp","href":"https:\/\/api.w.org\/{rel}","templated":true}]}}