{"id":6020,"date":"2022-06-08T06:50:52","date_gmt":"2022-06-08T06:50:52","guid":{"rendered":"https:\/\/btektech.com\/product\/dental-impression-mixing-tips\/"},"modified":"2022-09-20T08:52:57","modified_gmt":"2022-09-20T08:52:57","slug":"puntas-de-mezcla-impresion","status":"publish","type":"product","link":"https:\/\/btektech.com\/es\/product\/puntas-de-mezcla-impresion\/","title":{"rendered":"Puntas de Mezcla Impresi\u00f3n"},"content":{"rendered":"<p><strong>Consejos de mezcla de impresi\u00f3n Dental :<\/strong><\/p>\n<p style=\"text-align: left;\">El uso de puntas de mezcla de impresi\u00f3n dental puede ahorrar mano de obra, reducir los residuos, mejorar la productividad y reducir significativamente el costo de producci\u00f3n, la aplicaci\u00f3n del producto en la fabricaci\u00f3n electr\u00f3nica, fabricaci\u00f3n el\u00e9ctrica, construcci\u00f3n civil, fabricaci\u00f3n de autom\u00f3viles, decoraci\u00f3n de regalo, etc ampliamente utilizado en todo tipo de adhede dos componentes, relleno mezclado (incluyendo resina epoxi, silicona, PU, UV).<br \/>\n Puntas de mezcla de alto rendimiento y diferentes tama\u00f1os y colores disponibles para diferentes necesidades de mezcla. El innovador dise\u00f1o del mezclador permite una forma m\u00e1s compacta, reduciendo el volumen de residuos de material. La tecnolog\u00eda avanzada conduce a un procesamiento de materiales m\u00e1s eficiente, logrando resultados de mezcla m\u00e1s homog\u00e9. Los resultados de mezcla m\u00e1s homog\u00e9mejoran la seguridad de la aplicaci\u00f3nsin cambios en el entorno de trabajo. Por supuesto, si tambi\u00e9n necesita una <a href=\"https:\/\/btektech.com\/product\/dual-epoxy-gun\/\">pistola aplicadora de cartudual<\/a>, tambi\u00e9n puede ponerse en contacto con nosotros. <\/p>\n<div style=\"overflow: auto;\">\n<table style=\"text-align: center;\">\n<tbody>\n<caption style=\"font-weight:600;font-size:30px;\">Par\u00e1metros de la punta de mezcla de impresi\u00f3n Dental<\/caption>\n<tr>\n<th>N\u00famero de pieza<\/th>\n<th>Di\u00e1metro interior (mm)<\/th>\n<th>Longitud (mm)<\/th>\n<th>Color del n\u00facleo interior<\/th>\n<\/tr>\n<tr>\n<td>7015(1:1)<\/td>\n<td>1<\/td>\n<td>37<\/td>\n<td>Marr\u00f3n\/blanco<\/td>\n<\/tr>\n<tr>\n<td>7016(1:1)<\/td>\n<td>1<\/td>\n<td>37<\/td>\n<td>Marr\u00f3n\/blanco + punta<\/td>\n<\/tr>\n<tr>\n<td>7018(1:1)<\/td>\n<td>0.5<\/td>\n<td>37<\/td>\n<td>Marr\u00f3n\/blanco + punta<\/td>\n<\/tr>\n<tr>\n<td>7005(1:1)<\/td>\n<td>8.5<\/td>\n<td>89<\/td>\n<td>p\u00farpura<\/td>\n<\/tr>\n<tr>\n<td>7002(1:1)<\/td>\n<td>5<\/td>\n<td>83<\/td>\n<td>verde<\/td>\n<\/tr>\n<tr>\n<td>7003(1:1)<\/td>\n<td>5<\/td>\n<td>83<\/td>\n<td>Rosa<\/td>\n<\/tr>\n<tr>\n<td>7001(1:1)<\/td>\n<td>3.5<\/td>\n<td>70<\/td>\n<td>amarillo<\/td>\n<\/tr>\n<tr>\n<td>7010(1:1)<\/td>\n<td>1<\/td>\n<td>78<\/td>\n<td>Azul\/naranja<\/td>\n<\/tr>\n<tr>\n<td>7011(1: 1)<\/td>\n<td>1<\/td>\n<td>78<\/td>\n<td>Azul\/blanco<\/td>\n<\/tr>\n<\/tbody>\n<\/table><\/div>\n<p>(debido a las diferentes resoluciones de los monitores de ordenador, puede ocurrir aberrcrom\u00e1tica. Si es necesario, por favor p\u00f3ngase en contacto con nuestro servicio al cliente para las muestras.)<\/p>\n","protected":false},"excerpt":{"rendered":"<p>Ofrecemos Puntas de Mezcla Impresi\u00f3n dental que cada cl\u00ednica necesita, esta punta de mezcla dental de alto rendimiento est\u00e1 disponible en una variedad de tama\u00f1os y colores para satisfacer las diferentes necesidades de mezcla. Los consejos de mezcla amarillo y marr\u00f3n consejos de mezcla son los mejores tipos a utilizar. Nuestros productos est\u00e1n hechos de alta calidad y materiales extremadamente duraderos, son muy duraderos y compatibles con la mayor\u00eda de las m\u00e1quinas.<\/p>\n<p><audio style=\"display: none;\" controls=\"controls\"><\/audio><\/p>\n<p><audio style=\"display: none;\" controls=\"controls\"><\/audio><\/p>\n<p><audio style=\"display: none;\" controls=\"controls\"><\/audio><\/p>\n<p><audio style=\"display: none;\" controls=\"controls\"><\/audio><\/p>\n<p><audio style=\"display: none;\" controls=\"controls\"><\/audio><\/p>\n<p><audio style=\"display: none;\" controls=\"controls\"><\/audio><\/p>\n<p><audio style=\"display: none;\" controls=\"controls\"><\/audio><\/p>\n<p><audio style=\"display: none;\" controls=\"controls\"><\/audio><\/p>\n<p><audio style=\"display: none;\" controls=\"controls\"><\/audio><\/p>\n<p><audio style=\"display: none;\" controls=\"controls\"><\/audio><\/p>\n<p><audio style=\"display: none;\" controls=\"controls\"><\/audio><\/p>\n<p><audio style=\"display: none;\" controls=\"controls\"><\/audio><\/p>\n<p><audio style=\"display: none;\" controls=\"controls\"><\/audio><\/p>\n<p><audio style=\"display: none;\" controls=\"controls\"><\/audio><\/p>\n<p><audio style=\"display: none;\" controls=\"controls\"><\/audio><\/p>\n<p><audio style=\"display: none;\" controls=\"controls\"><\/audio><\/p>\n<p><audio style=\"display: none;\" controls=\"controls\"><\/audio><\/p>\n<p><audio style=\"display: none;\" controls=\"controls\"><\/audio><\/p>\n<p><audio style=\"display: none;\" controls=\"controls\"><\/audio><\/p>\n","protected":false},"featured_media":5982,"comment_status":"open","ping_status":"closed","template":"","meta":{"_acf_changed":false},"product_brand":[],"product_cat":[860],"product_tag":[],"class_list":{"0":"post-6020","1":"product","2":"type-product","3":"status-publish","4":"has-post-thumbnail","6":"product_cat-puntas-de-mezcla-dental","8":"first","9":"instock","10":"shipping-taxable","11":"product-type-simple"},"acf":[],"yoast_head":"<!-- This site is optimized with the Yoast SEO plugin v26.0 - https:\/\/yoast.com\/wordpress\/plugins\/seo\/ -->\n<title>Puntas de Mezcla Impresi\u00f3n - Btektech<\/title>\n<meta name=\"description\" content=\"Ofrecemos Puntas de Mezcla Impresi\u00f3n dental que cada cl\u00ednica necesita, este Consejo de mezcla dental de alto rendimiento est\u00e1 disponible en una variedad de tama\u00f1os.\" \/>\n<meta name=\"robots\" content=\"index, follow, max-snippet:-1, max-image-preview:large, max-video-preview:-1\" \/>\n<link rel=\"canonical\" href=\"https:\/\/btektech.com\/es\/product\/puntas-de-mezcla-impresion\/\" \/>\n<meta property=\"og:locale\" content=\"es_ES\" \/>\n<meta property=\"og:type\" content=\"article\" \/>\n<meta property=\"og:title\" content=\"Puntas de Mezcla Impresi\u00f3n - Btektech\" \/>\n<meta property=\"og:description\" content=\"Ofrecemos Puntas de Mezcla Impresi\u00f3n dental que cada cl\u00ednica necesita, este Consejo de mezcla dental de alto rendimiento est\u00e1 disponible en una variedad de tama\u00f1os.\" \/>\n<meta property=\"og:url\" content=\"https:\/\/btektech.com\/es\/product\/puntas-de-mezcla-impresion\/\" \/>\n<meta property=\"og:site_name\" content=\"Btektech\" \/>\n<meta property=\"article:modified_time\" content=\"2022-09-20T08:52:57+00:00\" \/>\n<meta property=\"og:image\" content=\"https:\/\/btektech.com\/wp-content\/uploads\/2022\/06\/411654657669_.pic_.jpg\" \/>\n\t<meta property=\"og:image:width\" content=\"750\" \/>\n\t<meta property=\"og:image:height\" content=\"750\" \/>\n\t<meta property=\"og:image:type\" content=\"image\/jpeg\" \/>\n<meta name=\"twitter:card\" content=\"summary_large_image\" \/>\n<meta name=\"twitter:site\" content=\"@Btektech1\" \/>\n<meta name=\"twitter:label1\" content=\"Tiempo de lectura\" \/>\n\t<meta name=\"twitter:data1\" content=\"2 minutos\" \/>\n<script type=\"application\/ld+json\" class=\"yoast-schema-graph\">{\"@context\":\"https:\/\/schema.org\",\"@graph\":[{\"@type\":[\"WebPage\",\"ItemPage\"],\"@id\":\"https:\/\/btektech.com\/es\/product\/puntas-de-mezcla-impresion\/\",\"url\":\"https:\/\/btektech.com\/es\/product\/puntas-de-mezcla-impresion\/\",\"name\":\"Puntas de Mezcla Impresi\u00f3n - Btektech\",\"isPartOf\":{\"@id\":\"https:\/\/btektech.com\/#website\"},\"primaryImageOfPage\":{\"@id\":\"https:\/\/btektech.com\/es\/product\/puntas-de-mezcla-impresion\/#primaryimage\"},\"image\":{\"@id\":\"https:\/\/btektech.com\/es\/product\/puntas-de-mezcla-impresion\/#primaryimage\"},\"thumbnailUrl\":\"https:\/\/btektech.com\/wp-content\/uploads\/2022\/06\/411654657669_.pic_.jpg\",\"datePublished\":\"2022-06-08T06:50:52+00:00\",\"dateModified\":\"2022-09-20T08:52:57+00:00\",\"description\":\"Ofrecemos Puntas de Mezcla Impresi\u00f3n dental que cada cl\u00ednica necesita, este Consejo de mezcla dental de alto rendimiento est\u00e1 disponible en una variedad de tama\u00f1os.\",\"breadcrumb\":{\"@id\":\"https:\/\/btektech.com\/es\/product\/puntas-de-mezcla-impresion\/#breadcrumb\"},\"inLanguage\":\"es\",\"potentialAction\":[{\"@type\":\"ReadAction\",\"target\":[\"https:\/\/btektech.com\/es\/product\/puntas-de-mezcla-impresion\/\"]}]},{\"@type\":\"ImageObject\",\"inLanguage\":\"es\",\"@id\":\"https:\/\/btektech.com\/es\/product\/puntas-de-mezcla-impresion\/#primaryimage\",\"url\":\"https:\/\/btektech.com\/wp-content\/uploads\/2022\/06\/411654657669_.pic_.jpg\",\"contentUrl\":\"https:\/\/btektech.com\/wp-content\/uploads\/2022\/06\/411654657669_.pic_.jpg\",\"width\":750,\"height\":750,\"caption\":\"Puntas de Mezcla Impresi\u00f3n\"},{\"@type\":\"BreadcrumbList\",\"@id\":\"https:\/\/btektech.com\/es\/product\/puntas-de-mezcla-impresion\/#breadcrumb\",\"itemListElement\":[{\"@type\":\"ListItem\",\"position\":1,\"name\":\"Home\",\"item\":\"https:\/\/btektech.com\/es\/home-2\/\"},{\"@type\":\"ListItem\",\"position\":2,\"name\":\"\u00dcr\u00fcnler\",\"item\":\"https:\/\/btektech.com\/tr\/shop\/\"},{\"@type\":\"ListItem\",\"position\":3,\"name\":\"Puntas de Mezcla Impresi\u00f3n\"}]},{\"@type\":\"WebSite\",\"@id\":\"https:\/\/btektech.com\/#website\",\"url\":\"https:\/\/btektech.com\/\",\"name\":\"Btektech\",\"description\":\"\",\"publisher\":{\"@id\":\"https:\/\/btektech.com\/#organization\"},\"potentialAction\":[{\"@type\":\"SearchAction\",\"target\":{\"@type\":\"EntryPoint\",\"urlTemplate\":\"https:\/\/btektech.com\/?s={search_term_string}\"},\"query-input\":{\"@type\":\"PropertyValueSpecification\",\"valueRequired\":true,\"valueName\":\"search_term_string\"}}],\"inLanguage\":\"es\"},{\"@type\":\"Organization\",\"@id\":\"https:\/\/btektech.com\/#organization\",\"name\":\"Btektech\",\"url\":\"https:\/\/btektech.com\/\",\"logo\":{\"@type\":\"ImageObject\",\"inLanguage\":\"es\",\"@id\":\"https:\/\/btektech.com\/#\/schema\/logo\/image\/\",\"url\":\"https:\/\/btektech.com\/wp-content\/uploads\/2021\/08\/btektech-logo.png\",\"contentUrl\":\"https:\/\/btektech.com\/wp-content\/uploads\/2021\/08\/btektech-logo.png\",\"width\":250,\"height\":114,\"caption\":\"Btektech\"},\"image\":{\"@id\":\"https:\/\/btektech.com\/#\/schema\/logo\/image\/\"},\"sameAs\":[\"https:\/\/x.com\/Btektech1\",\"https:\/\/www.instagram.com\/btektech\/\",\"https:\/\/www.linkedin.com\/company\/suzhou-baotailong-electronic-materials-co-ltd\/\",\"https:\/\/www.pinterest.com\/btektech\/_saved\/\",\"https:\/\/www.youtube.com\/channel\/UCBiw4Bc4CmQDrdo-QqyVTqQ\"]}]}<\/script>\n<!-- \/ Yoast SEO plugin. -->","yoast_head_json":{"title":"Puntas de Mezcla Impresi\u00f3n - Btektech","description":"Ofrecemos Puntas de Mezcla Impresi\u00f3n dental que cada cl\u00ednica necesita, este Consejo de mezcla dental de alto rendimiento est\u00e1 disponible en una variedad de tama\u00f1os.","robots":{"index":"index","follow":"follow","max-snippet":"max-snippet:-1","max-image-preview":"max-image-preview:large","max-video-preview":"max-video-preview:-1"},"canonical":"https:\/\/btektech.com\/es\/product\/puntas-de-mezcla-impresion\/","og_locale":"es_ES","og_type":"article","og_title":"Puntas de Mezcla Impresi\u00f3n - Btektech","og_description":"Ofrecemos Puntas de Mezcla Impresi\u00f3n dental que cada cl\u00ednica necesita, este Consejo de mezcla dental de alto rendimiento est\u00e1 disponible en una variedad de tama\u00f1os.","og_url":"https:\/\/btektech.com\/es\/product\/puntas-de-mezcla-impresion\/","og_site_name":"Btektech","article_modified_time":"2022-09-20T08:52:57+00:00","og_image":[{"width":750,"height":750,"url":"https:\/\/btektech.com\/wp-content\/uploads\/2022\/06\/411654657669_.pic_.jpg","type":"image\/jpeg"}],"twitter_card":"summary_large_image","twitter_site":"@Btektech1","twitter_misc":{"Tiempo de lectura":"2 minutos"},"schema":{"@context":"https:\/\/schema.org","@graph":[{"@type":["WebPage","ItemPage"],"@id":"https:\/\/btektech.com\/es\/product\/puntas-de-mezcla-impresion\/","url":"https:\/\/btektech.com\/es\/product\/puntas-de-mezcla-impresion\/","name":"Puntas de Mezcla Impresi\u00f3n - Btektech","isPartOf":{"@id":"https:\/\/btektech.com\/#website"},"primaryImageOfPage":{"@id":"https:\/\/btektech.com\/es\/product\/puntas-de-mezcla-impresion\/#primaryimage"},"image":{"@id":"https:\/\/btektech.com\/es\/product\/puntas-de-mezcla-impresion\/#primaryimage"},"thumbnailUrl":"https:\/\/btektech.com\/wp-content\/uploads\/2022\/06\/411654657669_.pic_.jpg","datePublished":"2022-06-08T06:50:52+00:00","dateModified":"2022-09-20T08:52:57+00:00","description":"Ofrecemos Puntas de Mezcla Impresi\u00f3n dental que cada cl\u00ednica necesita, este Consejo de mezcla dental de alto rendimiento est\u00e1 disponible en una variedad de tama\u00f1os.","breadcrumb":{"@id":"https:\/\/btektech.com\/es\/product\/puntas-de-mezcla-impresion\/#breadcrumb"},"inLanguage":"es","potentialAction":[{"@type":"ReadAction","target":["https:\/\/btektech.com\/es\/product\/puntas-de-mezcla-impresion\/"]}]},{"@type":"ImageObject","inLanguage":"es","@id":"https:\/\/btektech.com\/es\/product\/puntas-de-mezcla-impresion\/#primaryimage","url":"https:\/\/btektech.com\/wp-content\/uploads\/2022\/06\/411654657669_.pic_.jpg","contentUrl":"https:\/\/btektech.com\/wp-content\/uploads\/2022\/06\/411654657669_.pic_.jpg","width":750,"height":750,"caption":"Puntas de Mezcla Impresi\u00f3n"},{"@type":"BreadcrumbList","@id":"https:\/\/btektech.com\/es\/product\/puntas-de-mezcla-impresion\/#breadcrumb","itemListElement":[{"@type":"ListItem","position":1,"name":"Home","item":"https:\/\/btektech.com\/es\/home-2\/"},{"@type":"ListItem","position":2,"name":"\u00dcr\u00fcnler","item":"https:\/\/btektech.com\/tr\/shop\/"},{"@type":"ListItem","position":3,"name":"Puntas de Mezcla Impresi\u00f3n"}]},{"@type":"WebSite","@id":"https:\/\/btektech.com\/#website","url":"https:\/\/btektech.com\/","name":"Btektech","description":"","publisher":{"@id":"https:\/\/btektech.com\/#organization"},"potentialAction":[{"@type":"SearchAction","target":{"@type":"EntryPoint","urlTemplate":"https:\/\/btektech.com\/?s={search_term_string}"},"query-input":{"@type":"PropertyValueSpecification","valueRequired":true,"valueName":"search_term_string"}}],"inLanguage":"es"},{"@type":"Organization","@id":"https:\/\/btektech.com\/#organization","name":"Btektech","url":"https:\/\/btektech.com\/","logo":{"@type":"ImageObject","inLanguage":"es","@id":"https:\/\/btektech.com\/#\/schema\/logo\/image\/","url":"https:\/\/btektech.com\/wp-content\/uploads\/2021\/08\/btektech-logo.png","contentUrl":"https:\/\/btektech.com\/wp-content\/uploads\/2021\/08\/btektech-logo.png","width":250,"height":114,"caption":"Btektech"},"image":{"@id":"https:\/\/btektech.com\/#\/schema\/logo\/image\/"},"sameAs":["https:\/\/x.com\/Btektech1","https:\/\/www.instagram.com\/btektech\/","https:\/\/www.linkedin.com\/company\/suzhou-baotailong-electronic-materials-co-ltd\/","https:\/\/www.pinterest.com\/btektech\/_saved\/","https:\/\/www.youtube.com\/channel\/UCBiw4Bc4CmQDrdo-QqyVTqQ"]}]}},"_links":{"self":[{"href":"https:\/\/btektech.com\/es\/wp-json\/wp\/v2\/product\/6020","targetHints":{"allow":["GET"]}}],"collection":[{"href":"https:\/\/btektech.com\/es\/wp-json\/wp\/v2\/product"}],"about":[{"href":"https:\/\/btektech.com\/es\/wp-json\/wp\/v2\/types\/product"}],"replies":[{"embeddable":true,"href":"https:\/\/btektech.com\/es\/wp-json\/wp\/v2\/comments?post=6020"}],"version-history":[{"count":0,"href":"https:\/\/btektech.com\/es\/wp-json\/wp\/v2\/product\/6020\/revisions"}],"wp:featuredmedia":[{"embeddable":true,"href":"https:\/\/btektech.com\/es\/wp-json\/wp\/v2\/media\/5982"}],"wp:attachment":[{"href":"https:\/\/btektech.com\/es\/wp-json\/wp\/v2\/media?parent=6020"}],"wp:term":[{"taxonomy":"product_brand","embeddable":true,"href":"https:\/\/btektech.com\/es\/wp-json\/wp\/v2\/product_brand?post=6020"},{"taxonomy":"product_cat","embeddable":true,"href":"https:\/\/btektech.com\/es\/wp-json\/wp\/v2\/product_cat?post=6020"},{"taxonomy":"product_tag","embeddable":true,"href":"https:\/\/btektech.com\/es\/wp-json\/wp\/v2\/product_tag?post=6020"}],"curies":[{"name":"wp","href":"https:\/\/api.w.org\/{rel}","templated":true}]}}