{"id":5514,"date":"2021-08-25T09:04:32","date_gmt":"2022-04-26T17:03:21","guid":{"rendered":"https:\/\/btektech.com\/product\/boquilla-mezcladora-de-plastico-tubo-mezclador-dinamico\/"},"modified":"2022-09-22T06:59:00","modified_gmt":"2022-09-22T06:59:00","slug":"boquilla-mezcladora-de-plastico-tubo-mezclador-dinamico","status":"publish","type":"product","link":"https:\/\/btektech.com\/es\/product\/boquilla-mezcladora-de-plastico-tubo-mezclador-dinamico\/","title":{"rendered":"Boquilla Mezcladora de Pl\u00e1stico Tubo Mezclador Din\u00e1mico"},"content":{"rendered":"<p>Boquilla de mezcla din\u00e1mica y la diferencia entre el tubo de mezcla est\u00e1tica, la hoja de espiral de la tuber\u00eda puede rotaci\u00f3n r\u00e1pida, por supuesto, la fuerza de rotaci\u00f3n proviene de la combinaci\u00f3n de la m\u00e1quina, la brecha de esta proporci\u00f3n \u00fanica tubo de mezcla es adecuado para el l\u00edquido, y el l\u00edquido de espuma, como el etano, como el caucho, tubo de mezcla din\u00e1mica es muy f\u00e1cil de limpiar, es una mezcla de dos componentes l\u00edquidos proporciona una soluci\u00f3n de bajo costo, el uso de tubo mixto puede ahorrar mano de obra, reducir los residuos, mejorar la productividad y reducir significativamente el costo de producci\u00f3n, la aplicaci\u00f3n del producto en la fabricaci\u00f3n de productos electr\u00f3nicos, la fabricaci\u00f3n el\u00e9ctrica, la construcci\u00f3n civil, la fabricaci\u00f3n de autom\u00f3viles, la decoraci\u00f3n de regalo, etc. ampliamente utilizado en todo tipo de adhesivo de dos componentes, relleno mezclado (incluyendo resina epoxi, silicona, PU, UV).<\/p>\n<div style=\"text-align: center;\">\n<img decoding=\"async\" class=\"alignnone size-medium wp-image-1172\" src=\"https:\/\/btektech.com\/wp-content\/uploads\/2021\/08\/%E9%9D%99%E6%80%81-300x70.jpg\" alt=\"\" width=\"300\" height=\"70\">\n<\/div>\n<div style=\"overflow: auto;\">\n<table style=\"text-align: center;\">\n<tbody>\n<tr>\n<th>No.<\/th>\n<th>N\u00ba de pieza<\/th>\n<th>Elementos<\/th>\n<th>D.I. (mm)<\/th>\n<th>L(mm)<\/th>\n<th>D.E. (mm)<\/th>\n<th>A(mm)<\/th>\n<th>Color interior<\/th>\n<\/tr>\n<tr>\n<td>D1<\/td>\n<td>RM12-16<\/td>\n<td>16<\/td>\n<td>12<\/td>\n<td>128<\/td>\n<td>16<\/td>\n<td>2.8<\/td>\n<td>rojo<\/td>\n<\/tr>\n<tr>\n<td>D2<\/td>\n<td>RM12-16<\/td>\n<td>16<\/td>\n<td>12<\/td>\n<td>128<\/td>\n<td>16<\/td>\n<td>2.8<\/td>\n<td>Verde<\/td>\n<\/tr>\n<tr>\n<td>D3<\/td>\n<td>RM12-26<\/td>\n<td>26<\/td>\n<td>12<\/td>\n<td>182<\/td>\n<td>16<\/td>\n<td>4.5<\/td>\n<td>rojo<\/td>\n<\/tr>\n<tr>\n<td>D4<\/td>\n<td>RM12-26<\/td>\n<td>26<\/td>\n<td>12<\/td>\n<td>182<\/td>\n<td>16<\/td>\n<td>4.5<\/td>\n<td>Verde<\/td>\n<\/tr>\n<tr>\n<td>D5<\/td>\n<td>RM17-26<\/td>\n<td>26<\/td>\n<td>17<\/td>\n<td>216<\/td>\n<td>21<\/td>\n<td>4.5<\/td>\n<td>rojo<\/td>\n<\/tr>\n<tr>\n<td>D6<\/td>\n<td>RM17-26<\/td>\n<td>26<\/td>\n<td>17<\/td>\n<td>216<\/td>\n<td>21<\/td>\n<td>4.5<\/td>\n<td>Verde<\/td>\n<\/tr>\n<tr>\n<td>D7<\/td>\n<td>RS12-16<\/td>\n<td>16<\/td>\n<td>12<\/td>\n<td>128<\/td>\n<td>16<\/td>\n<td>2.8<\/td>\n<td>rojo<\/td>\n<\/tr>\n<tr>\n<td>D8<\/td>\n<td>RS12-16<\/td>\n<td>16<\/td>\n<td>12<\/td>\n<td>128<\/td>\n<td>16<\/td>\n<td>2.8<\/td>\n<td>Verde<\/td>\n<\/tr>\n<tr>\n<td>D9<\/td>\n<td>RS12-26<\/td>\n<td>26<\/td>\n<td>12<\/td>\n<td>182<\/td>\n<td>16<\/td>\n<td>4.5<\/td>\n<td>rojo<\/td>\n<\/tr>\n<tr>\n<td>D10<\/td>\n<td>RS12-26<\/td>\n<td>26<\/td>\n<td>12<\/td>\n<td>182<\/td>\n<td>16<\/td>\n<td>4.5<\/td>\n<td>Verde<\/td>\n<\/tr>\n<tr>\n<td>D11<\/td>\n<td>R10-12S<\/td>\n<td>12<\/td>\n<td>10<\/td>\n<td>155<\/td>\n<td>14<\/td>\n<td>3<\/td>\n<td>Verde<\/td>\n<\/tr>\n<tr>\n<td>D12<\/td>\n<td>R13-12S<\/td>\n<td>12<\/td>\n<td>13<\/td>\n<td>197<\/td>\n<td>17<\/td>\n<td>4<\/td>\n<td>Verde<\/td>\n<\/tr>\n<tr>\n<td>D13<\/td>\n<td>SEC13-25<\/td>\n<td>23<\/td>\n<td>13<\/td>\n<td>178<\/td>\n<td>18<\/td>\n<td>4.5<\/td>\n<td>rojo<\/td>\n<\/tr>\n<\/tbody>\n<\/table>\n<\/div>\n","protected":false},"excerpt":{"rendered":"<p>La boquilla de mezcla din\u00e1mica de la serie RM\/RS, es un tubo de mezcla dom\u00e9stico, dise\u00f1o cient\u00edfico, material duradero, que coincide con la v\u00e1lvula de mezcla din\u00e1mica adecuada, para proporcionar a los clientes un esquema de perfusi\u00f3n de cola de mezcla y goteo adecuado y de bajo costo.<\/p>\n","protected":false},"featured_media":4317,"comment_status":"open","ping_status":"closed","template":"","meta":{"_acf_changed":false},"product_brand":[],"product_cat":[268],"product_tag":[],"class_list":{"0":"post-5514","1":"product","2":"type-product","3":"status-publish","4":"has-post-thumbnail","6":"product_cat-uncategorized-es","8":"first","9":"instock","10":"shipping-taxable","11":"product-type-simple"},"acf":[],"yoast_head":"<!-- This site is optimized with the Yoast SEO plugin v26.0 - https:\/\/yoast.com\/wordpress\/plugins\/seo\/ -->\n<title>Boquilla Mezcladora de Pl\u00e1stico Tubo Mezclador Din\u00e1mico - Btektech<\/title>\n<meta name=\"description\" content=\"La boquilla de mezcla din\u00e1mica de la serie RM\/RS, es un tubo de mezcla dom\u00e9stico, dise\u00f1o cient\u00edfico, material duradero, que coincide con la v\u00e1lvula de mezcla din\u00e1mica adecuada, para proporcionar a los clientes un esquema de perfusi\u00f3n de cola de mezcla y goteo adecuado y de bajo costo.\" \/>\n<meta name=\"robots\" content=\"index, follow, max-snippet:-1, max-image-preview:large, max-video-preview:-1\" \/>\n<link rel=\"canonical\" href=\"https:\/\/btektech.com\/es\/product\/boquilla-mezcladora-de-plastico-tubo-mezclador-dinamico\/\" \/>\n<meta property=\"og:locale\" content=\"es_ES\" \/>\n<meta property=\"og:type\" content=\"article\" \/>\n<meta property=\"og:title\" content=\"Boquilla Mezcladora de Pl\u00e1stico Tubo Mezclador Din\u00e1mico - Btektech\" \/>\n<meta property=\"og:description\" content=\"La boquilla de mezcla din\u00e1mica de la serie RM\/RS, es un tubo de mezcla dom\u00e9stico, dise\u00f1o cient\u00edfico, material duradero, que coincide con la v\u00e1lvula de mezcla din\u00e1mica adecuada, para proporcionar a los clientes un esquema de perfusi\u00f3n de cola de mezcla y goteo adecuado y de bajo costo.\" \/>\n<meta property=\"og:url\" content=\"https:\/\/btektech.com\/es\/product\/boquilla-mezcladora-de-plastico-tubo-mezclador-dinamico\/\" \/>\n<meta property=\"og:site_name\" content=\"Btektech\" \/>\n<meta property=\"article:modified_time\" content=\"2022-09-22T06:59:00+00:00\" \/>\n<meta property=\"og:image\" content=\"https:\/\/btektech.com\/wp-content\/uploads\/2021\/08\/20211130.jpg\" \/>\n\t<meta property=\"og:image:width\" content=\"1400\" \/>\n\t<meta property=\"og:image:height\" content=\"1400\" \/>\n\t<meta property=\"og:image:type\" content=\"image\/jpeg\" \/>\n<meta name=\"twitter:card\" content=\"summary_large_image\" \/>\n<meta name=\"twitter:site\" content=\"@Btektech1\" \/>\n<meta name=\"twitter:label1\" content=\"Tiempo de lectura\" \/>\n\t<meta name=\"twitter:data1\" content=\"2 minutos\" \/>\n<script type=\"application\/ld+json\" class=\"yoast-schema-graph\">{\"@context\":\"https:\/\/schema.org\",\"@graph\":[{\"@type\":[\"WebPage\",\"ItemPage\"],\"@id\":\"https:\/\/btektech.com\/es\/product\/boquilla-mezcladora-de-plastico-tubo-mezclador-dinamico\/\",\"url\":\"https:\/\/btektech.com\/es\/product\/boquilla-mezcladora-de-plastico-tubo-mezclador-dinamico\/\",\"name\":\"Boquilla Mezcladora de Pl\u00e1stico Tubo Mezclador Din\u00e1mico - Btektech\",\"isPartOf\":{\"@id\":\"https:\/\/btektech.com\/#website\"},\"primaryImageOfPage\":{\"@id\":\"https:\/\/btektech.com\/es\/product\/boquilla-mezcladora-de-plastico-tubo-mezclador-dinamico\/#primaryimage\"},\"image\":{\"@id\":\"https:\/\/btektech.com\/es\/product\/boquilla-mezcladora-de-plastico-tubo-mezclador-dinamico\/#primaryimage\"},\"thumbnailUrl\":\"https:\/\/btektech.com\/wp-content\/uploads\/2021\/08\/20211130.jpg\",\"datePublished\":\"2022-04-26T17:03:21+00:00\",\"dateModified\":\"2022-09-22T06:59:00+00:00\",\"description\":\"La boquilla de mezcla din\u00e1mica de la serie RM\/RS, es un tubo de mezcla dom\u00e9stico, dise\u00f1o cient\u00edfico, material duradero, que coincide con la v\u00e1lvula de mezcla din\u00e1mica adecuada, para proporcionar a los clientes un esquema de perfusi\u00f3n de cola de mezcla y goteo adecuado y de bajo costo.\",\"breadcrumb\":{\"@id\":\"https:\/\/btektech.com\/es\/product\/boquilla-mezcladora-de-plastico-tubo-mezclador-dinamico\/#breadcrumb\"},\"inLanguage\":\"es\",\"potentialAction\":[{\"@type\":\"ReadAction\",\"target\":[\"https:\/\/btektech.com\/es\/product\/boquilla-mezcladora-de-plastico-tubo-mezclador-dinamico\/\"]}]},{\"@type\":\"ImageObject\",\"inLanguage\":\"es\",\"@id\":\"https:\/\/btektech.com\/es\/product\/boquilla-mezcladora-de-plastico-tubo-mezclador-dinamico\/#primaryimage\",\"url\":\"https:\/\/btektech.com\/wp-content\/uploads\/2021\/08\/20211130.jpg\",\"contentUrl\":\"https:\/\/btektech.com\/wp-content\/uploads\/2021\/08\/20211130.jpg\",\"width\":1400,\"height\":1400,\"caption\":\"Boquilla Mezcladora de Pl\u00e1stico Tubo Mezclador Din\u00e1mico\"},{\"@type\":\"BreadcrumbList\",\"@id\":\"https:\/\/btektech.com\/es\/product\/boquilla-mezcladora-de-plastico-tubo-mezclador-dinamico\/#breadcrumb\",\"itemListElement\":[{\"@type\":\"ListItem\",\"position\":1,\"name\":\"Home\",\"item\":\"https:\/\/btektech.com\/es\/home-2\/\"},{\"@type\":\"ListItem\",\"position\":2,\"name\":\"\u00dcr\u00fcnler\",\"item\":\"https:\/\/btektech.com\/tr\/shop\/\"},{\"@type\":\"ListItem\",\"position\":3,\"name\":\"Boquilla Mezcladora de Pl\u00e1stico Tubo Mezclador Din\u00e1mico\"}]},{\"@type\":\"WebSite\",\"@id\":\"https:\/\/btektech.com\/#website\",\"url\":\"https:\/\/btektech.com\/\",\"name\":\"Btektech\",\"description\":\"\",\"publisher\":{\"@id\":\"https:\/\/btektech.com\/#organization\"},\"potentialAction\":[{\"@type\":\"SearchAction\",\"target\":{\"@type\":\"EntryPoint\",\"urlTemplate\":\"https:\/\/btektech.com\/?s={search_term_string}\"},\"query-input\":{\"@type\":\"PropertyValueSpecification\",\"valueRequired\":true,\"valueName\":\"search_term_string\"}}],\"inLanguage\":\"es\"},{\"@type\":\"Organization\",\"@id\":\"https:\/\/btektech.com\/#organization\",\"name\":\"Btektech\",\"url\":\"https:\/\/btektech.com\/\",\"logo\":{\"@type\":\"ImageObject\",\"inLanguage\":\"es\",\"@id\":\"https:\/\/btektech.com\/#\/schema\/logo\/image\/\",\"url\":\"https:\/\/btektech.com\/wp-content\/uploads\/2021\/08\/btektech-logo.png\",\"contentUrl\":\"https:\/\/btektech.com\/wp-content\/uploads\/2021\/08\/btektech-logo.png\",\"width\":250,\"height\":114,\"caption\":\"Btektech\"},\"image\":{\"@id\":\"https:\/\/btektech.com\/#\/schema\/logo\/image\/\"},\"sameAs\":[\"https:\/\/x.com\/Btektech1\",\"https:\/\/www.instagram.com\/btektech\/\",\"https:\/\/www.linkedin.com\/company\/suzhou-baotailong-electronic-materials-co-ltd\/\",\"https:\/\/www.pinterest.com\/btektech\/_saved\/\",\"https:\/\/www.youtube.com\/channel\/UCBiw4Bc4CmQDrdo-QqyVTqQ\"]}]}<\/script>\n<!-- \/ Yoast SEO plugin. -->","yoast_head_json":{"title":"Boquilla Mezcladora de Pl\u00e1stico Tubo Mezclador Din\u00e1mico - Btektech","description":"La boquilla de mezcla din\u00e1mica de la serie RM\/RS, es un tubo de mezcla dom\u00e9stico, dise\u00f1o cient\u00edfico, material duradero, que coincide con la v\u00e1lvula de mezcla din\u00e1mica adecuada, para proporcionar a los clientes un esquema de perfusi\u00f3n de cola de mezcla y goteo adecuado y de bajo costo.","robots":{"index":"index","follow":"follow","max-snippet":"max-snippet:-1","max-image-preview":"max-image-preview:large","max-video-preview":"max-video-preview:-1"},"canonical":"https:\/\/btektech.com\/es\/product\/boquilla-mezcladora-de-plastico-tubo-mezclador-dinamico\/","og_locale":"es_ES","og_type":"article","og_title":"Boquilla Mezcladora de Pl\u00e1stico Tubo Mezclador Din\u00e1mico - Btektech","og_description":"La boquilla de mezcla din\u00e1mica de la serie RM\/RS, es un tubo de mezcla dom\u00e9stico, dise\u00f1o cient\u00edfico, material duradero, que coincide con la v\u00e1lvula de mezcla din\u00e1mica adecuada, para proporcionar a los clientes un esquema de perfusi\u00f3n de cola de mezcla y goteo adecuado y de bajo costo.","og_url":"https:\/\/btektech.com\/es\/product\/boquilla-mezcladora-de-plastico-tubo-mezclador-dinamico\/","og_site_name":"Btektech","article_modified_time":"2022-09-22T06:59:00+00:00","og_image":[{"width":1400,"height":1400,"url":"https:\/\/btektech.com\/wp-content\/uploads\/2021\/08\/20211130.jpg","type":"image\/jpeg"}],"twitter_card":"summary_large_image","twitter_site":"@Btektech1","twitter_misc":{"Tiempo de lectura":"2 minutos"},"schema":{"@context":"https:\/\/schema.org","@graph":[{"@type":["WebPage","ItemPage"],"@id":"https:\/\/btektech.com\/es\/product\/boquilla-mezcladora-de-plastico-tubo-mezclador-dinamico\/","url":"https:\/\/btektech.com\/es\/product\/boquilla-mezcladora-de-plastico-tubo-mezclador-dinamico\/","name":"Boquilla Mezcladora de Pl\u00e1stico Tubo Mezclador Din\u00e1mico - Btektech","isPartOf":{"@id":"https:\/\/btektech.com\/#website"},"primaryImageOfPage":{"@id":"https:\/\/btektech.com\/es\/product\/boquilla-mezcladora-de-plastico-tubo-mezclador-dinamico\/#primaryimage"},"image":{"@id":"https:\/\/btektech.com\/es\/product\/boquilla-mezcladora-de-plastico-tubo-mezclador-dinamico\/#primaryimage"},"thumbnailUrl":"https:\/\/btektech.com\/wp-content\/uploads\/2021\/08\/20211130.jpg","datePublished":"2022-04-26T17:03:21+00:00","dateModified":"2022-09-22T06:59:00+00:00","description":"La boquilla de mezcla din\u00e1mica de la serie RM\/RS, es un tubo de mezcla dom\u00e9stico, dise\u00f1o cient\u00edfico, material duradero, que coincide con la v\u00e1lvula de mezcla din\u00e1mica adecuada, para proporcionar a los clientes un esquema de perfusi\u00f3n de cola de mezcla y goteo adecuado y de bajo costo.","breadcrumb":{"@id":"https:\/\/btektech.com\/es\/product\/boquilla-mezcladora-de-plastico-tubo-mezclador-dinamico\/#breadcrumb"},"inLanguage":"es","potentialAction":[{"@type":"ReadAction","target":["https:\/\/btektech.com\/es\/product\/boquilla-mezcladora-de-plastico-tubo-mezclador-dinamico\/"]}]},{"@type":"ImageObject","inLanguage":"es","@id":"https:\/\/btektech.com\/es\/product\/boquilla-mezcladora-de-plastico-tubo-mezclador-dinamico\/#primaryimage","url":"https:\/\/btektech.com\/wp-content\/uploads\/2021\/08\/20211130.jpg","contentUrl":"https:\/\/btektech.com\/wp-content\/uploads\/2021\/08\/20211130.jpg","width":1400,"height":1400,"caption":"Boquilla Mezcladora de Pl\u00e1stico Tubo Mezclador Din\u00e1mico"},{"@type":"BreadcrumbList","@id":"https:\/\/btektech.com\/es\/product\/boquilla-mezcladora-de-plastico-tubo-mezclador-dinamico\/#breadcrumb","itemListElement":[{"@type":"ListItem","position":1,"name":"Home","item":"https:\/\/btektech.com\/es\/home-2\/"},{"@type":"ListItem","position":2,"name":"\u00dcr\u00fcnler","item":"https:\/\/btektech.com\/tr\/shop\/"},{"@type":"ListItem","position":3,"name":"Boquilla Mezcladora de Pl\u00e1stico Tubo Mezclador Din\u00e1mico"}]},{"@type":"WebSite","@id":"https:\/\/btektech.com\/#website","url":"https:\/\/btektech.com\/","name":"Btektech","description":"","publisher":{"@id":"https:\/\/btektech.com\/#organization"},"potentialAction":[{"@type":"SearchAction","target":{"@type":"EntryPoint","urlTemplate":"https:\/\/btektech.com\/?s={search_term_string}"},"query-input":{"@type":"PropertyValueSpecification","valueRequired":true,"valueName":"search_term_string"}}],"inLanguage":"es"},{"@type":"Organization","@id":"https:\/\/btektech.com\/#organization","name":"Btektech","url":"https:\/\/btektech.com\/","logo":{"@type":"ImageObject","inLanguage":"es","@id":"https:\/\/btektech.com\/#\/schema\/logo\/image\/","url":"https:\/\/btektech.com\/wp-content\/uploads\/2021\/08\/btektech-logo.png","contentUrl":"https:\/\/btektech.com\/wp-content\/uploads\/2021\/08\/btektech-logo.png","width":250,"height":114,"caption":"Btektech"},"image":{"@id":"https:\/\/btektech.com\/#\/schema\/logo\/image\/"},"sameAs":["https:\/\/x.com\/Btektech1","https:\/\/www.instagram.com\/btektech\/","https:\/\/www.linkedin.com\/company\/suzhou-baotailong-electronic-materials-co-ltd\/","https:\/\/www.pinterest.com\/btektech\/_saved\/","https:\/\/www.youtube.com\/channel\/UCBiw4Bc4CmQDrdo-QqyVTqQ"]}]}},"_links":{"self":[{"href":"https:\/\/btektech.com\/es\/wp-json\/wp\/v2\/product\/5514","targetHints":{"allow":["GET"]}}],"collection":[{"href":"https:\/\/btektech.com\/es\/wp-json\/wp\/v2\/product"}],"about":[{"href":"https:\/\/btektech.com\/es\/wp-json\/wp\/v2\/types\/product"}],"replies":[{"embeddable":true,"href":"https:\/\/btektech.com\/es\/wp-json\/wp\/v2\/comments?post=5514"}],"version-history":[{"count":0,"href":"https:\/\/btektech.com\/es\/wp-json\/wp\/v2\/product\/5514\/revisions"}],"wp:featuredmedia":[{"embeddable":true,"href":"https:\/\/btektech.com\/es\/wp-json\/wp\/v2\/media\/4317"}],"wp:attachment":[{"href":"https:\/\/btektech.com\/es\/wp-json\/wp\/v2\/media?parent=5514"}],"wp:term":[{"taxonomy":"product_brand","embeddable":true,"href":"https:\/\/btektech.com\/es\/wp-json\/wp\/v2\/product_brand?post=5514"},{"taxonomy":"product_cat","embeddable":true,"href":"https:\/\/btektech.com\/es\/wp-json\/wp\/v2\/product_cat?post=5514"},{"taxonomy":"product_tag","embeddable":true,"href":"https:\/\/btektech.com\/es\/wp-json\/wp\/v2\/product_tag?post=5514"}],"curies":[{"name":"wp","href":"https:\/\/api.w.org\/{rel}","templated":true}]}}