{"id":5512,"date":"2021-08-25T09:11:12","date_gmt":"2022-04-26T17:03:10","guid":{"rendered":"https:\/\/btektech.com\/product\/cartucho-de-jeringa-estilo-americano\/"},"modified":"2022-09-20T09:35:08","modified_gmt":"2022-09-20T09:35:08","slug":"barril-de-jeringa-dispensadora","status":"publish","type":"product","link":"https:\/\/btektech.com\/es\/product\/barril-de-jeringa-dispensadora\/","title":{"rendered":"Barril de Jeringa Dispensadora"},"content":{"rendered":"<p>Dientes de tornillo de pared vertical especialmente dise\u00f1ados, claros y uniformes, la aguja es f\u00e1cil de apretar, no es f\u00e1cil que se caiga, en la dispensaci\u00f3n con un pist\u00f3n especial, de modo que el l\u00edquido en la jeringa limpia sin pegamento residual.<br \/>\nDisponible en tres colores: transparente para fluidos en general: bronceado para adhesivo UV (que cubre una longitud de onda de 280 a 390 nm), y negro para adhesivo fotocurable con protecci\u00f3n UV.<\/p>\n<div style=\"overflow:auto;\">\n<table style=\"text-align: center;\">\n<tbody>\n<tr>\n<th>Color<\/th>\n<th>Capacidad(CC)<\/th>\n<th>ID(mm)<\/th>\n<th>OD(mm)<\/th>\n<th>Longitud(mm)<\/th>\n<\/tr>\n<tr>\n<td>Claro\/\u00c1mbar<\/td>\n<td>3<\/td>\n<td>9.5<\/td>\n<td>11.5<\/td>\n<td>74.4<\/td>\n<\/tr>\n<tr>\n<td>Claro\/\u00c1mbar<\/td>\n<td>5<\/td>\n<td>12.6<\/td>\n<td>14.4<\/td>\n<td>70<\/td>\n<\/tr>\n<tr>\n<td>Claro\/\u00c1mbar<\/td>\n<td>10<\/td>\n<td>15.6<\/td>\n<td>18.5<\/td>\n<td>91<\/td>\n<\/tr>\n<tr>\n<td>Claro\/\u00c1mbar<\/td>\n<td>30<\/td>\n<td>22.5<\/td>\n<td>25.5<\/td>\n<td>118.5<\/td>\n<\/tr>\n<tr>\n<td>Claro\/\u00c1mbar<\/td>\n<td>55<\/td>\n<td>22.5<\/td>\n<td>25.5<\/td>\n<td>174.5<\/td>\n<\/tr>\n<tr>\n<td>Claro\/\u00c1mbar<\/td>\n<td>100<\/td>\n<td>31<\/td>\n<td>37<\/td>\n<td>191.5<\/td>\n<\/tr>\n<tr>\n<td>Claro\/\u00c1mbar<\/td>\n<td>200<\/td>\n<td>40<\/td>\n<td>45.4<\/td>\n<td>230<\/td>\n<\/tr>\n<tr>\n<td>Claro\/\u00c1mbar<\/td>\n<td>300<\/td>\n<td>50<\/td>\n<td>55<\/td>\n<td>200<\/td>\n<\/tr>\n<\/tbody>\n<\/table>\n<\/div>\n","protected":false},"excerpt":{"rendered":"<p>El cuerpo del barril adopta material de espesamiento importado, que no es f\u00e1cil de reventar. El dise\u00f1o de la boca del hilo puede asegurar que la aguja no se pierda. Especificaciones de suministro desde 3CC hasta 300CC.<\/p>\n","protected":false},"featured_media":1812,"comment_status":"open","ping_status":"closed","template":"","meta":{"_acf_changed":false},"product_brand":[],"product_cat":[147],"product_tag":[],"class_list":{"0":"post-5512","1":"product","2":"type-product","3":"status-publish","4":"has-post-thumbnail","6":"product_cat-barriles-de-jeringa","8":"first","9":"instock","10":"shipping-taxable","11":"product-type-simple"},"acf":[],"yoast_head":"<!-- This site is optimized with the Yoast SEO plugin v26.0 - https:\/\/yoast.com\/wordpress\/plugins\/seo\/ -->\n<title>Barril de Jeringa Dispensadora - Btektech<\/title>\n<meta name=\"description\" content=\"El Barril de Jeringa Dispensadora cuerpo del barril adopta material de espesamiento importado, que no es f\u00e1cil de reventar. Especificaciones de suministro desde 3CC hasta 300CC.\" \/>\n<meta name=\"robots\" content=\"index, follow, max-snippet:-1, max-image-preview:large, max-video-preview:-1\" \/>\n<link rel=\"canonical\" href=\"https:\/\/btektech.com\/es\/product\/barril-de-jeringa-dispensadora\/\" \/>\n<meta property=\"og:locale\" content=\"es_ES\" \/>\n<meta property=\"og:type\" content=\"article\" \/>\n<meta property=\"og:title\" content=\"Barril de Jeringa Dispensadora - Btektech\" \/>\n<meta property=\"og:description\" content=\"El Barril de Jeringa Dispensadora cuerpo del barril adopta material de espesamiento importado, que no es f\u00e1cil de reventar. Especificaciones de suministro desde 3CC hasta 300CC.\" \/>\n<meta property=\"og:url\" content=\"https:\/\/btektech.com\/es\/product\/barril-de-jeringa-dispensadora\/\" \/>\n<meta property=\"og:site_name\" content=\"Btektech\" \/>\n<meta property=\"article:modified_time\" content=\"2022-09-20T09:35:08+00:00\" \/>\n<meta property=\"og:image\" content=\"https:\/\/btektech.com\/wp-content\/uploads\/2021\/08\/IMG_4814-b.jpg\" \/>\n\t<meta property=\"og:image:width\" content=\"800\" \/>\n\t<meta property=\"og:image:height\" content=\"800\" \/>\n\t<meta property=\"og:image:type\" content=\"image\/jpeg\" \/>\n<meta name=\"twitter:card\" content=\"summary_large_image\" \/>\n<meta name=\"twitter:site\" content=\"@Btektech1\" \/>\n<meta name=\"twitter:label1\" content=\"Tiempo de lectura\" \/>\n\t<meta name=\"twitter:data1\" content=\"1 minuto\" \/>\n<script type=\"application\/ld+json\" class=\"yoast-schema-graph\">{\"@context\":\"https:\/\/schema.org\",\"@graph\":[{\"@type\":[\"WebPage\",\"ItemPage\"],\"@id\":\"https:\/\/btektech.com\/es\/product\/barril-de-jeringa-dispensadora\/\",\"url\":\"https:\/\/btektech.com\/es\/product\/barril-de-jeringa-dispensadora\/\",\"name\":\"Barril de Jeringa Dispensadora - Btektech\",\"isPartOf\":{\"@id\":\"https:\/\/btektech.com\/#website\"},\"primaryImageOfPage\":{\"@id\":\"https:\/\/btektech.com\/es\/product\/barril-de-jeringa-dispensadora\/#primaryimage\"},\"image\":{\"@id\":\"https:\/\/btektech.com\/es\/product\/barril-de-jeringa-dispensadora\/#primaryimage\"},\"thumbnailUrl\":\"https:\/\/btektech.com\/wp-content\/uploads\/2021\/08\/IMG_4814-b.jpg\",\"datePublished\":\"2022-04-26T17:03:10+00:00\",\"dateModified\":\"2022-09-20T09:35:08+00:00\",\"description\":\"El Barril de Jeringa Dispensadora cuerpo del barril adopta material de espesamiento importado, que no es f\u00e1cil de reventar. Especificaciones de suministro desde 3CC hasta 300CC.\",\"breadcrumb\":{\"@id\":\"https:\/\/btektech.com\/es\/product\/barril-de-jeringa-dispensadora\/#breadcrumb\"},\"inLanguage\":\"es\",\"potentialAction\":[{\"@type\":\"ReadAction\",\"target\":[\"https:\/\/btektech.com\/es\/product\/barril-de-jeringa-dispensadora\/\"]}]},{\"@type\":\"ImageObject\",\"inLanguage\":\"es\",\"@id\":\"https:\/\/btektech.com\/es\/product\/barril-de-jeringa-dispensadora\/#primaryimage\",\"url\":\"https:\/\/btektech.com\/wp-content\/uploads\/2021\/08\/IMG_4814-b.jpg\",\"contentUrl\":\"https:\/\/btektech.com\/wp-content\/uploads\/2021\/08\/IMG_4814-b.jpg\",\"width\":800,\"height\":800,\"caption\":\"Barril de Jeringa Dispensadora\"},{\"@type\":\"BreadcrumbList\",\"@id\":\"https:\/\/btektech.com\/es\/product\/barril-de-jeringa-dispensadora\/#breadcrumb\",\"itemListElement\":[{\"@type\":\"ListItem\",\"position\":1,\"name\":\"Home\",\"item\":\"https:\/\/btektech.com\/es\/\"},{\"@type\":\"ListItem\",\"position\":2,\"name\":\"\u00dcr\u00fcnler\",\"item\":\"https:\/\/btektech.com\/tr\/shop\/\"},{\"@type\":\"ListItem\",\"position\":3,\"name\":\"Syringe Barrels\",\"item\":\"https:\/\/btektech.com\/product-category\/syringe-barrels\/\"},{\"@type\":\"ListItem\",\"position\":4,\"name\":\"Barril de Jeringa Dispensadora\"}]},{\"@type\":\"WebSite\",\"@id\":\"https:\/\/btektech.com\/#website\",\"url\":\"https:\/\/btektech.com\/\",\"name\":\"Btektech\",\"description\":\"\",\"publisher\":{\"@id\":\"https:\/\/btektech.com\/#organization\"},\"potentialAction\":[{\"@type\":\"SearchAction\",\"target\":{\"@type\":\"EntryPoint\",\"urlTemplate\":\"https:\/\/btektech.com\/?s={search_term_string}\"},\"query-input\":{\"@type\":\"PropertyValueSpecification\",\"valueRequired\":true,\"valueName\":\"search_term_string\"}}],\"inLanguage\":\"es\"},{\"@type\":\"Organization\",\"@id\":\"https:\/\/btektech.com\/#organization\",\"name\":\"Btektech\",\"url\":\"https:\/\/btektech.com\/\",\"logo\":{\"@type\":\"ImageObject\",\"inLanguage\":\"es\",\"@id\":\"https:\/\/btektech.com\/#\/schema\/logo\/image\/\",\"url\":\"https:\/\/btektech.com\/wp-content\/uploads\/2021\/08\/btektech-logo.png\",\"contentUrl\":\"https:\/\/btektech.com\/wp-content\/uploads\/2021\/08\/btektech-logo.png\",\"width\":250,\"height\":114,\"caption\":\"Btektech\"},\"image\":{\"@id\":\"https:\/\/btektech.com\/#\/schema\/logo\/image\/\"},\"sameAs\":[\"https:\/\/x.com\/Btektech1\",\"https:\/\/www.instagram.com\/btektech\/\",\"https:\/\/www.linkedin.com\/company\/suzhou-baotailong-electronic-materials-co-ltd\/\",\"https:\/\/www.pinterest.com\/btektech\/_saved\/\",\"https:\/\/www.youtube.com\/channel\/UCBiw4Bc4CmQDrdo-QqyVTqQ\"]}]}<\/script>\n<!-- \/ Yoast SEO plugin. -->","yoast_head_json":{"title":"Barril de Jeringa Dispensadora - Btektech","description":"El Barril de Jeringa Dispensadora cuerpo del barril adopta material de espesamiento importado, que no es f\u00e1cil de reventar. Especificaciones de suministro desde 3CC hasta 300CC.","robots":{"index":"index","follow":"follow","max-snippet":"max-snippet:-1","max-image-preview":"max-image-preview:large","max-video-preview":"max-video-preview:-1"},"canonical":"https:\/\/btektech.com\/es\/product\/barril-de-jeringa-dispensadora\/","og_locale":"es_ES","og_type":"article","og_title":"Barril de Jeringa Dispensadora - Btektech","og_description":"El Barril de Jeringa Dispensadora cuerpo del barril adopta material de espesamiento importado, que no es f\u00e1cil de reventar. Especificaciones de suministro desde 3CC hasta 300CC.","og_url":"https:\/\/btektech.com\/es\/product\/barril-de-jeringa-dispensadora\/","og_site_name":"Btektech","article_modified_time":"2022-09-20T09:35:08+00:00","og_image":[{"width":800,"height":800,"url":"https:\/\/btektech.com\/wp-content\/uploads\/2021\/08\/IMG_4814-b.jpg","type":"image\/jpeg"}],"twitter_card":"summary_large_image","twitter_site":"@Btektech1","twitter_misc":{"Tiempo de lectura":"1 minuto"},"schema":{"@context":"https:\/\/schema.org","@graph":[{"@type":["WebPage","ItemPage"],"@id":"https:\/\/btektech.com\/es\/product\/barril-de-jeringa-dispensadora\/","url":"https:\/\/btektech.com\/es\/product\/barril-de-jeringa-dispensadora\/","name":"Barril de Jeringa Dispensadora - Btektech","isPartOf":{"@id":"https:\/\/btektech.com\/#website"},"primaryImageOfPage":{"@id":"https:\/\/btektech.com\/es\/product\/barril-de-jeringa-dispensadora\/#primaryimage"},"image":{"@id":"https:\/\/btektech.com\/es\/product\/barril-de-jeringa-dispensadora\/#primaryimage"},"thumbnailUrl":"https:\/\/btektech.com\/wp-content\/uploads\/2021\/08\/IMG_4814-b.jpg","datePublished":"2022-04-26T17:03:10+00:00","dateModified":"2022-09-20T09:35:08+00:00","description":"El Barril de Jeringa Dispensadora cuerpo del barril adopta material de espesamiento importado, que no es f\u00e1cil de reventar. Especificaciones de suministro desde 3CC hasta 300CC.","breadcrumb":{"@id":"https:\/\/btektech.com\/es\/product\/barril-de-jeringa-dispensadora\/#breadcrumb"},"inLanguage":"es","potentialAction":[{"@type":"ReadAction","target":["https:\/\/btektech.com\/es\/product\/barril-de-jeringa-dispensadora\/"]}]},{"@type":"ImageObject","inLanguage":"es","@id":"https:\/\/btektech.com\/es\/product\/barril-de-jeringa-dispensadora\/#primaryimage","url":"https:\/\/btektech.com\/wp-content\/uploads\/2021\/08\/IMG_4814-b.jpg","contentUrl":"https:\/\/btektech.com\/wp-content\/uploads\/2021\/08\/IMG_4814-b.jpg","width":800,"height":800,"caption":"Barril de Jeringa Dispensadora"},{"@type":"BreadcrumbList","@id":"https:\/\/btektech.com\/es\/product\/barril-de-jeringa-dispensadora\/#breadcrumb","itemListElement":[{"@type":"ListItem","position":1,"name":"Home","item":"https:\/\/btektech.com\/es\/"},{"@type":"ListItem","position":2,"name":"\u00dcr\u00fcnler","item":"https:\/\/btektech.com\/tr\/shop\/"},{"@type":"ListItem","position":3,"name":"Syringe Barrels","item":"https:\/\/btektech.com\/product-category\/syringe-barrels\/"},{"@type":"ListItem","position":4,"name":"Barril de Jeringa Dispensadora"}]},{"@type":"WebSite","@id":"https:\/\/btektech.com\/#website","url":"https:\/\/btektech.com\/","name":"Btektech","description":"","publisher":{"@id":"https:\/\/btektech.com\/#organization"},"potentialAction":[{"@type":"SearchAction","target":{"@type":"EntryPoint","urlTemplate":"https:\/\/btektech.com\/?s={search_term_string}"},"query-input":{"@type":"PropertyValueSpecification","valueRequired":true,"valueName":"search_term_string"}}],"inLanguage":"es"},{"@type":"Organization","@id":"https:\/\/btektech.com\/#organization","name":"Btektech","url":"https:\/\/btektech.com\/","logo":{"@type":"ImageObject","inLanguage":"es","@id":"https:\/\/btektech.com\/#\/schema\/logo\/image\/","url":"https:\/\/btektech.com\/wp-content\/uploads\/2021\/08\/btektech-logo.png","contentUrl":"https:\/\/btektech.com\/wp-content\/uploads\/2021\/08\/btektech-logo.png","width":250,"height":114,"caption":"Btektech"},"image":{"@id":"https:\/\/btektech.com\/#\/schema\/logo\/image\/"},"sameAs":["https:\/\/x.com\/Btektech1","https:\/\/www.instagram.com\/btektech\/","https:\/\/www.linkedin.com\/company\/suzhou-baotailong-electronic-materials-co-ltd\/","https:\/\/www.pinterest.com\/btektech\/_saved\/","https:\/\/www.youtube.com\/channel\/UCBiw4Bc4CmQDrdo-QqyVTqQ"]}]}},"_links":{"self":[{"href":"https:\/\/btektech.com\/es\/wp-json\/wp\/v2\/product\/5512","targetHints":{"allow":["GET"]}}],"collection":[{"href":"https:\/\/btektech.com\/es\/wp-json\/wp\/v2\/product"}],"about":[{"href":"https:\/\/btektech.com\/es\/wp-json\/wp\/v2\/types\/product"}],"replies":[{"embeddable":true,"href":"https:\/\/btektech.com\/es\/wp-json\/wp\/v2\/comments?post=5512"}],"version-history":[{"count":0,"href":"https:\/\/btektech.com\/es\/wp-json\/wp\/v2\/product\/5512\/revisions"}],"wp:featuredmedia":[{"embeddable":true,"href":"https:\/\/btektech.com\/es\/wp-json\/wp\/v2\/media\/1812"}],"wp:attachment":[{"href":"https:\/\/btektech.com\/es\/wp-json\/wp\/v2\/media?parent=5512"}],"wp:term":[{"taxonomy":"product_brand","embeddable":true,"href":"https:\/\/btektech.com\/es\/wp-json\/wp\/v2\/product_brand?post=5512"},{"taxonomy":"product_cat","embeddable":true,"href":"https:\/\/btektech.com\/es\/wp-json\/wp\/v2\/product_cat?post=5512"},{"taxonomy":"product_tag","embeddable":true,"href":"https:\/\/btektech.com\/es\/wp-json\/wp\/v2\/product_tag?post=5512"}],"curies":[{"name":"wp","href":"https:\/\/api.w.org\/{rel}","templated":true}]}}