{"id":5509,"date":"2021-08-25T09:15:48","date_gmt":"2022-04-26T17:02:44","guid":{"rendered":"https:\/\/btektech.com\/product\/puntas-dispensadoras-de-boca-plana-de-uso-general\/"},"modified":"2022-09-22T06:55:27","modified_gmt":"2022-09-22T06:55:27","slug":"puntas-dispensadoras-de-boca-plana-de-uso-general","status":"publish","type":"product","link":"https:\/\/btektech.com\/es\/product\/puntas-dispensadoras-de-boca-plana-de-uso-general\/","title":{"rendered":"Puntas Dispensadoras de Boca Plana de Uso General"},"content":{"rendered":"<p>Puntas dispensadoras de pl\u00e1stico de uso general, ampliamente utilizadas. Se puede utilizar con el cartucho de jeringa, la v\u00e1lvula dispensadora y el tubo mezclador. La longitud regular de las especificaciones comunes puede ser entregada r\u00e1pidamente, si usted necesita especificaciones especiales, o la longitud no est\u00e1ndar, Btektech completar\u00e1 la orden para usted tan pronto como sea posible.<\/p>\n<div style=\"text-align: center;\">\n<img fetchpriority=\"high\" decoding=\"async\" class=\"alignnone wp-image-1792 size-full\" src=\"https:\/\/btektech.com\/wp-content\/uploads\/2021\/08\/Screenshot-2021-09-03-155525.jpg\" alt=\"\" width=\"693\" height=\"295\" srcset=\"https:\/\/btektech.com\/wp-content\/uploads\/2021\/08\/Screenshot-2021-09-03-155525.jpg 693w, https:\/\/btektech.com\/wp-content\/uploads\/2021\/08\/Screenshot-2021-09-03-155525-400x170.jpg 400w, https:\/\/btektech.com\/wp-content\/uploads\/2021\/08\/Screenshot-2021-09-03-155525-300x128.jpg 300w\" sizes=\"(max-width: 693px) 100vw, 693px\" \/>\n<\/div>\n<div style=\"overflow: auto;\">\n<table style=\"text-align: center;\">\n<tbody>\n<tr>\n<th>Medir<\/th>\n<th>Color<\/th>\n<th>Identificaci\u00f3n (mm)<\/th>\n<th>DE (mm)<\/th>\n<th>6,35mm(1\/4&#8243;)<\/th>\n<th>12,7mm(1\/2&#8243;)<\/th>\n<th>25,4mm(1&#8243;)<\/th>\n<th>38,1mm(3\/2&#8243;)<\/th>\n<\/tr>\n<tr>\n<td>14<\/td>\n<td>Aceituna<\/td>\n<td>1.54(0.06&#8243;)<\/td>\n<td>1.83(0.072&#8243;)<\/td>\n<td>9018029<\/td>\n<td>9018043<\/td>\n<td>9018032<\/td>\n<td>9018035<\/td>\n<\/tr>\n<tr>\n<td>15<\/td>\n<td>\u00c1mbar<\/td>\n<td>1.36(0.053&#8243;)<\/td>\n<td>1.65 (0.065&#8243;)<\/td>\n<td>9018056<\/td>\n<td>9018068<\/td>\n<td>9018059<\/td>\n<td>9018062<\/td>\n<\/tr>\n<tr>\n<td>16<\/td>\n<td>Gris<\/td>\n<td>1.19(0.047&#8243;)<\/td>\n<td>1.64 (0.06&#8243;)<\/td>\n<td>9018072<\/td>\n<td>9018073<\/td>\n<td>9018074<\/td>\n<td>9018075<\/td>\n<\/tr>\n<tr>\n<td>18<\/td>\n<td>Verde<\/td>\n<td>0.84(0.033&#8243;)<\/td>\n<td>1.27(0.05&#8243;)<\/td>\n<td>9018107<\/td>\n<td>9018122<\/td>\n<td>9018110<\/td>\n<td>9018113<\/td>\n<\/tr>\n<tr>\n<td>20<\/td>\n<td>Rosa<\/td>\n<td>0.61(0.024&#8243;)<\/td>\n<td>0.91(0.036&#8243;)<\/td>\n<td>9018163<\/td>\n<td>9018716<\/td>\n<td>9018166<\/td>\n<td>9018169<\/td>\n<\/tr>\n<tr>\n<td>21<\/td>\n<td>P\u00farpura<\/td>\n<td>0.51(0.02&#8243;)<\/td>\n<td>0.82(0.032&#8243;)<\/td>\n<td>9005005<\/td>\n<td>9018233<\/td>\n<td>9018222<\/td>\n<td>9018225<\/td>\n<\/tr>\n<tr>\n<td>22<\/td>\n<td>Azul<\/td>\n<td>0.41(0.016&#8243;)<\/td>\n<td>0.72(0.028&#8243;)<\/td>\n<td>9018260<\/td>\n<td>9018272<\/td>\n<td>9018263<\/td>\n<td>9018266<\/td>\n<\/tr>\n<tr>\n<td>23<\/td>\n<td>Naranja<\/td>\n<td>0.33(0.013&#8243;)<\/td>\n<td>0.65(0.025&#8243;)<\/td>\n<td>9018302<\/td>\n<td>9018314<\/td>\n<td>9018305<\/td>\n<td>9018308<\/td>\n<\/tr>\n<tr>\n<td>25<\/td>\n<td>rojo<\/td>\n<td>0.25(0.01&#8243;)<\/td>\n<td>0.52(0.02&#8243;)<\/td>\n<td>9018333<\/td>\n<td>9018345<\/td>\n<td>9018336<\/td>\n<td>9018339<\/td>\n<\/tr>\n<tr>\n<td>27<\/td>\n<td>Claro<\/td>\n<td>0.2(0.008&#8243;)<\/td>\n<td>0.42(0.016&#8243;)<\/td>\n<td>9018395<\/td>\n<td>9005008<\/td>\n<td>N\/A<\/td>\n<td>N\/A<\/td>\n<\/tr>\n<tr>\n<td>30<\/td>\n<td>Lavanda<\/td>\n<td>0.15(0.006&#8243;)<\/td>\n<td>0.31(0.012&#8243;)<\/td>\n<td>9018424<\/td>\n<td>9018433<\/td>\n<td>N\/A<\/td>\n<td>N\/A<\/td>\n<\/tr>\n<tr>\n<td>32<\/td>\n<td>Amarillo<\/td>\n<td>0.1(0.004&#8243;)<\/td>\n<td>0.24(0.009&#8243;)<\/td>\n<td>9018452<\/td>\n<td>N\/A<\/td>\n<td>N\/A<\/td>\n<td>N\/A<\/td>\n<\/tr>\n<\/tbody>\n<\/table>\n<\/div>\n","protected":false},"excerpt":{"rendered":"<p>Base de dise\u00f1o de doble rosca, tornillo fijado en el cilindro de goma, no se suelta.<\/p>\n","protected":false},"featured_media":21489,"comment_status":"open","ping_status":"closed","template":"","meta":{"_acf_changed":false},"product_brand":[],"product_cat":[151],"product_tag":[],"class_list":{"0":"post-5509","1":"product","2":"type-product","3":"status-publish","4":"has-post-thumbnail","6":"product_cat-agujas-e-puntas-dispensadoras","8":"first","9":"instock","10":"shipping-taxable","11":"product-type-simple"},"acf":[],"yoast_head":"<!-- This site is optimized with the Yoast SEO plugin v26.0 - https:\/\/yoast.com\/wordpress\/plugins\/seo\/ -->\n<title>Puntas Dispensadoras de Boca Plana de Uso General - Btektech<\/title>\n<meta name=\"description\" content=\"Puntas dispensadoras de boca plana de uso general,base de dise\u00f1o de doble rosca, tornillo fijado en el cilindro de goma, no se suelta.\" \/>\n<meta name=\"robots\" content=\"index, follow, max-snippet:-1, max-image-preview:large, max-video-preview:-1\" \/>\n<link rel=\"canonical\" href=\"https:\/\/btektech.com\/es\/product\/puntas-dispensadoras-de-boca-plana-de-uso-general\/\" \/>\n<meta property=\"og:locale\" content=\"es_ES\" \/>\n<meta property=\"og:type\" content=\"article\" \/>\n<meta property=\"og:title\" content=\"Puntas Dispensadoras de Boca Plana de Uso General - Btektech\" \/>\n<meta property=\"og:description\" content=\"Puntas dispensadoras de boca plana de uso general,base de dise\u00f1o de doble rosca, tornillo fijado en el cilindro de goma, no se suelta.\" \/>\n<meta property=\"og:url\" content=\"https:\/\/btektech.com\/es\/product\/puntas-dispensadoras-de-boca-plana-de-uso-general\/\" \/>\n<meta property=\"og:site_name\" content=\"Btektech\" \/>\n<meta property=\"article:modified_time\" content=\"2022-09-22T06:55:27+00:00\" \/>\n<meta property=\"og:image\" content=\"https:\/\/btektech.com\/wp-content\/uploads\/2021\/08\/1.jpg\" \/>\n\t<meta property=\"og:image:width\" content=\"800\" \/>\n\t<meta property=\"og:image:height\" content=\"800\" \/>\n\t<meta property=\"og:image:type\" content=\"image\/jpeg\" \/>\n<meta name=\"twitter:card\" content=\"summary_large_image\" \/>\n<meta name=\"twitter:site\" content=\"@Btektech1\" \/>\n<meta name=\"twitter:label1\" content=\"Tiempo de lectura\" \/>\n\t<meta name=\"twitter:data1\" content=\"1 minuto\" \/>\n<script type=\"application\/ld+json\" class=\"yoast-schema-graph\">{\"@context\":\"https:\/\/schema.org\",\"@graph\":[{\"@type\":[\"WebPage\",\"ItemPage\"],\"@id\":\"https:\/\/btektech.com\/es\/product\/puntas-dispensadoras-de-boca-plana-de-uso-general\/\",\"url\":\"https:\/\/btektech.com\/es\/product\/puntas-dispensadoras-de-boca-plana-de-uso-general\/\",\"name\":\"Puntas Dispensadoras de Boca Plana de Uso General - Btektech\",\"isPartOf\":{\"@id\":\"https:\/\/btektech.com\/#website\"},\"primaryImageOfPage\":{\"@id\":\"https:\/\/btektech.com\/es\/product\/puntas-dispensadoras-de-boca-plana-de-uso-general\/#primaryimage\"},\"image\":{\"@id\":\"https:\/\/btektech.com\/es\/product\/puntas-dispensadoras-de-boca-plana-de-uso-general\/#primaryimage\"},\"thumbnailUrl\":\"https:\/\/btektech.com\/wp-content\/uploads\/2025\/12\/2.jpg\",\"datePublished\":\"2022-04-26T17:02:44+00:00\",\"dateModified\":\"2022-09-22T06:55:27+00:00\",\"description\":\"Puntas dispensadoras de boca plana de uso general,base de dise\u00f1o de doble rosca, tornillo fijado en el cilindro de goma, no se suelta.\",\"breadcrumb\":{\"@id\":\"https:\/\/btektech.com\/es\/product\/puntas-dispensadoras-de-boca-plana-de-uso-general\/#breadcrumb\"},\"inLanguage\":\"es\",\"potentialAction\":[{\"@type\":\"ReadAction\",\"target\":[\"https:\/\/btektech.com\/es\/product\/puntas-dispensadoras-de-boca-plana-de-uso-general\/\"]}]},{\"@type\":\"ImageObject\",\"inLanguage\":\"es\",\"@id\":\"https:\/\/btektech.com\/es\/product\/puntas-dispensadoras-de-boca-plana-de-uso-general\/#primaryimage\",\"url\":\"https:\/\/btektech.com\/wp-content\/uploads\/2025\/12\/2.jpg\",\"contentUrl\":\"https:\/\/btektech.com\/wp-content\/uploads\/2025\/12\/2.jpg\",\"width\":800,\"height\":800,\"caption\":\"blunt tip needle\"},{\"@type\":\"BreadcrumbList\",\"@id\":\"https:\/\/btektech.com\/es\/product\/puntas-dispensadoras-de-boca-plana-de-uso-general\/#breadcrumb\",\"itemListElement\":[{\"@type\":\"ListItem\",\"position\":1,\"name\":\"Home\",\"item\":\"https:\/\/btektech.com\/es\/\"},{\"@type\":\"ListItem\",\"position\":2,\"name\":\"\u00dcr\u00fcnler\",\"item\":\"https:\/\/btektech.com\/tr\/shop\/\"},{\"@type\":\"ListItem\",\"position\":3,\"name\":\"Dispensing Tips\",\"item\":\"https:\/\/btektech.com\/product-category\/dispensing-tips\/\"},{\"@type\":\"ListItem\",\"position\":4,\"name\":\"Puntas Dispensadoras de Boca Plana de Uso General\"}]},{\"@type\":\"WebSite\",\"@id\":\"https:\/\/btektech.com\/#website\",\"url\":\"https:\/\/btektech.com\/\",\"name\":\"Btektech\",\"description\":\"\",\"publisher\":{\"@id\":\"https:\/\/btektech.com\/#organization\"},\"potentialAction\":[{\"@type\":\"SearchAction\",\"target\":{\"@type\":\"EntryPoint\",\"urlTemplate\":\"https:\/\/btektech.com\/?s={search_term_string}\"},\"query-input\":{\"@type\":\"PropertyValueSpecification\",\"valueRequired\":true,\"valueName\":\"search_term_string\"}}],\"inLanguage\":\"es\"},{\"@type\":\"Organization\",\"@id\":\"https:\/\/btektech.com\/#organization\",\"name\":\"Btektech\",\"url\":\"https:\/\/btektech.com\/\",\"logo\":{\"@type\":\"ImageObject\",\"inLanguage\":\"es\",\"@id\":\"https:\/\/btektech.com\/#\/schema\/logo\/image\/\",\"url\":\"https:\/\/btektech.com\/wp-content\/uploads\/2021\/08\/btektech-logo.png\",\"contentUrl\":\"https:\/\/btektech.com\/wp-content\/uploads\/2021\/08\/btektech-logo.png\",\"width\":250,\"height\":114,\"caption\":\"Btektech\"},\"image\":{\"@id\":\"https:\/\/btektech.com\/#\/schema\/logo\/image\/\"},\"sameAs\":[\"https:\/\/x.com\/Btektech1\",\"https:\/\/www.instagram.com\/btektech\/\",\"https:\/\/www.linkedin.com\/company\/suzhou-baotailong-electronic-materials-co-ltd\/\",\"https:\/\/www.pinterest.com\/btektech\/_saved\/\",\"https:\/\/www.youtube.com\/channel\/UCBiw4Bc4CmQDrdo-QqyVTqQ\"]}]}<\/script>\n<!-- \/ Yoast SEO plugin. -->","yoast_head_json":{"title":"Puntas Dispensadoras de Boca Plana de Uso General - Btektech","description":"Puntas dispensadoras de boca plana de uso general,base de dise\u00f1o de doble rosca, tornillo fijado en el cilindro de goma, no se suelta.","robots":{"index":"index","follow":"follow","max-snippet":"max-snippet:-1","max-image-preview":"max-image-preview:large","max-video-preview":"max-video-preview:-1"},"canonical":"https:\/\/btektech.com\/es\/product\/puntas-dispensadoras-de-boca-plana-de-uso-general\/","og_locale":"es_ES","og_type":"article","og_title":"Puntas Dispensadoras de Boca Plana de Uso General - Btektech","og_description":"Puntas dispensadoras de boca plana de uso general,base de dise\u00f1o de doble rosca, tornillo fijado en el cilindro de goma, no se suelta.","og_url":"https:\/\/btektech.com\/es\/product\/puntas-dispensadoras-de-boca-plana-de-uso-general\/","og_site_name":"Btektech","article_modified_time":"2022-09-22T06:55:27+00:00","og_image":[{"width":800,"height":800,"url":"https:\/\/btektech.com\/wp-content\/uploads\/2021\/08\/1.jpg","type":"image\/jpeg"}],"twitter_card":"summary_large_image","twitter_site":"@Btektech1","twitter_misc":{"Tiempo de lectura":"1 minuto"},"schema":{"@context":"https:\/\/schema.org","@graph":[{"@type":["WebPage","ItemPage"],"@id":"https:\/\/btektech.com\/es\/product\/puntas-dispensadoras-de-boca-plana-de-uso-general\/","url":"https:\/\/btektech.com\/es\/product\/puntas-dispensadoras-de-boca-plana-de-uso-general\/","name":"Puntas Dispensadoras de Boca Plana de Uso General - Btektech","isPartOf":{"@id":"https:\/\/btektech.com\/#website"},"primaryImageOfPage":{"@id":"https:\/\/btektech.com\/es\/product\/puntas-dispensadoras-de-boca-plana-de-uso-general\/#primaryimage"},"image":{"@id":"https:\/\/btektech.com\/es\/product\/puntas-dispensadoras-de-boca-plana-de-uso-general\/#primaryimage"},"thumbnailUrl":"https:\/\/btektech.com\/wp-content\/uploads\/2025\/12\/2.jpg","datePublished":"2022-04-26T17:02:44+00:00","dateModified":"2022-09-22T06:55:27+00:00","description":"Puntas dispensadoras de boca plana de uso general,base de dise\u00f1o de doble rosca, tornillo fijado en el cilindro de goma, no se suelta.","breadcrumb":{"@id":"https:\/\/btektech.com\/es\/product\/puntas-dispensadoras-de-boca-plana-de-uso-general\/#breadcrumb"},"inLanguage":"es","potentialAction":[{"@type":"ReadAction","target":["https:\/\/btektech.com\/es\/product\/puntas-dispensadoras-de-boca-plana-de-uso-general\/"]}]},{"@type":"ImageObject","inLanguage":"es","@id":"https:\/\/btektech.com\/es\/product\/puntas-dispensadoras-de-boca-plana-de-uso-general\/#primaryimage","url":"https:\/\/btektech.com\/wp-content\/uploads\/2025\/12\/2.jpg","contentUrl":"https:\/\/btektech.com\/wp-content\/uploads\/2025\/12\/2.jpg","width":800,"height":800,"caption":"blunt tip needle"},{"@type":"BreadcrumbList","@id":"https:\/\/btektech.com\/es\/product\/puntas-dispensadoras-de-boca-plana-de-uso-general\/#breadcrumb","itemListElement":[{"@type":"ListItem","position":1,"name":"Home","item":"https:\/\/btektech.com\/es\/"},{"@type":"ListItem","position":2,"name":"\u00dcr\u00fcnler","item":"https:\/\/btektech.com\/tr\/shop\/"},{"@type":"ListItem","position":3,"name":"Dispensing Tips","item":"https:\/\/btektech.com\/product-category\/dispensing-tips\/"},{"@type":"ListItem","position":4,"name":"Puntas Dispensadoras de Boca Plana de Uso General"}]},{"@type":"WebSite","@id":"https:\/\/btektech.com\/#website","url":"https:\/\/btektech.com\/","name":"Btektech","description":"","publisher":{"@id":"https:\/\/btektech.com\/#organization"},"potentialAction":[{"@type":"SearchAction","target":{"@type":"EntryPoint","urlTemplate":"https:\/\/btektech.com\/?s={search_term_string}"},"query-input":{"@type":"PropertyValueSpecification","valueRequired":true,"valueName":"search_term_string"}}],"inLanguage":"es"},{"@type":"Organization","@id":"https:\/\/btektech.com\/#organization","name":"Btektech","url":"https:\/\/btektech.com\/","logo":{"@type":"ImageObject","inLanguage":"es","@id":"https:\/\/btektech.com\/#\/schema\/logo\/image\/","url":"https:\/\/btektech.com\/wp-content\/uploads\/2021\/08\/btektech-logo.png","contentUrl":"https:\/\/btektech.com\/wp-content\/uploads\/2021\/08\/btektech-logo.png","width":250,"height":114,"caption":"Btektech"},"image":{"@id":"https:\/\/btektech.com\/#\/schema\/logo\/image\/"},"sameAs":["https:\/\/x.com\/Btektech1","https:\/\/www.instagram.com\/btektech\/","https:\/\/www.linkedin.com\/company\/suzhou-baotailong-electronic-materials-co-ltd\/","https:\/\/www.pinterest.com\/btektech\/_saved\/","https:\/\/www.youtube.com\/channel\/UCBiw4Bc4CmQDrdo-QqyVTqQ"]}]}},"_links":{"self":[{"href":"https:\/\/btektech.com\/es\/wp-json\/wp\/v2\/product\/5509","targetHints":{"allow":["GET"]}}],"collection":[{"href":"https:\/\/btektech.com\/es\/wp-json\/wp\/v2\/product"}],"about":[{"href":"https:\/\/btektech.com\/es\/wp-json\/wp\/v2\/types\/product"}],"replies":[{"embeddable":true,"href":"https:\/\/btektech.com\/es\/wp-json\/wp\/v2\/comments?post=5509"}],"version-history":[{"count":0,"href":"https:\/\/btektech.com\/es\/wp-json\/wp\/v2\/product\/5509\/revisions"}],"wp:featuredmedia":[{"embeddable":true,"href":"https:\/\/btektech.com\/es\/wp-json\/wp\/v2\/media\/21489"}],"wp:attachment":[{"href":"https:\/\/btektech.com\/es\/wp-json\/wp\/v2\/media?parent=5509"}],"wp:term":[{"taxonomy":"product_brand","embeddable":true,"href":"https:\/\/btektech.com\/es\/wp-json\/wp\/v2\/product_brand?post=5509"},{"taxonomy":"product_cat","embeddable":true,"href":"https:\/\/btektech.com\/es\/wp-json\/wp\/v2\/product_cat?post=5509"},{"taxonomy":"product_tag","embeddable":true,"href":"https:\/\/btektech.com\/es\/wp-json\/wp\/v2\/product_tag?post=5509"}],"curies":[{"name":"wp","href":"https:\/\/api.w.org\/{rel}","templated":true}]}}