{"id":5507,"date":"2021-08-27T15:26:34","date_gmt":"2022-04-26T17:00:46","guid":{"rendered":"https:\/\/btektech.com\/product\/boquilla-mezcladora-de-plastico-desechable-tubo-mezclador-estatico-de-bayoneta\/"},"modified":"2022-09-22T07:07:42","modified_gmt":"2022-09-22T07:07:42","slug":"boquilla-mezcladora-de-plastico-desechable-tubo-mezclador-estatico-de-bayoneta","status":"publish","type":"product","link":"https:\/\/btektech.com\/es\/product\/boquilla-mezcladora-de-plastico-desechable-tubo-mezclador-estatico-de-bayoneta\/","title":{"rendered":"Boquilla Mezcladora de Pl\u00e1stico Desechable Tubo Mezclador Est\u00e1tico de Bayoneta"},"content":{"rendered":"<p><strong>Mezcla est\u00e1tica PMA <\/strong><strong>boquilla<\/strong><strong>  es adecuado para la mezcla de cola 1:1 y 2:1. Esta serie de  <\/strong><strong>Los tubos de mezcla pueden cortarse a trav\u00e9s del cabezal escalonado del tubo de mezcla est\u00e1tico para aumentar el tama\u00f1o de la salida o adaptar la aguja para reducir la salida.<\/strong><\/p>\n<div style=\"text-align: center;\">\n<img decoding=\"async\" class=\"alignnone size-medium wp-image-4268\" src=\"https:\/\/btektech.com\/wp-content\/uploads\/2021\/08\/structure-1-300x73.png\" alt=\"\" width=\"300\" height=\"73\" srcset=\"https:\/\/btektech.com\/wp-content\/uploads\/2021\/08\/structure-1-300x73.png 300w, https:\/\/btektech.com\/wp-content\/uploads\/2021\/08\/structure-1-400x97.png 400w, https:\/\/btektech.com\/wp-content\/uploads\/2021\/08\/structure-1-1024x248.png 1024w, https:\/\/btektech.com\/wp-content\/uploads\/2021\/08\/structure-1-768x186.png 768w, https:\/\/btektech.com\/wp-content\/uploads\/2021\/08\/structure-1.png 1104w\" sizes=\"(max-width: 300px) 100vw, 300px\" \/>\n<\/div>\n<div style=\"overflow-x: auto;\">\n<table style=\"text-align: center;\">\n<tbody>\n<tr>\n<th>No.<\/th>\n<th>N\u00ba de pieza<\/th>\n<th>Elementos<\/th>\n<th>D.I.(mm)<\/th>\n<th>L(mm)<\/th>\n<th>D.E.(mm)<\/th>\n<th>A(mm)<\/th>\n<th>Color del n\u00facleo interno<\/th>\n<\/tr>\n<tr>\n<td>A1<\/td>\n<td>PMC3.0-08S<\/td>\n<td>8<\/td>\n<td>3<\/td>\n<td>38<\/td>\n<td>4.6<\/td>\n<td>1<\/td>\n<td>blanco<\/td>\n<\/tr>\n<tr>\n<td>A2<\/td>\n<td>PMA3.0-07S<\/td>\n<td>7<\/td>\n<td>3<\/td>\n<td>33.2<\/td>\n<td>4.6<\/td>\n<td>1<\/td>\n<td>blanco<\/td>\n<\/tr>\n<tr>\n<td>A3<\/td>\n<td>PMA3.0-17S<\/td>\n<td>17<\/td>\n<td>3<\/td>\n<td>63<\/td>\n<td>4.6<\/td>\n<td>1<\/td>\n<td>blanco<\/td>\n<\/tr>\n<tr>\n<td>A5<\/td>\n<td>PMA5.4-17S<\/td>\n<td>17<\/td>\n<td>5.4<\/td>\n<td>103<\/td>\n<td>7.6<\/td>\n<td>1.5<\/td>\n<td>blanco<\/td>\n<\/tr>\n<tr>\n<td>A7<\/td>\n<td>PMA6.3-21S<\/td>\n<td>21<\/td>\n<td>6.3<\/td>\n<td>153<\/td>\n<td>8.7<\/td>\n<td>1.5<\/td>\n<td>blanco<\/td>\n<\/tr>\n<tr>\n<td>A8<\/td>\n<td>PMA6.3-21L<\/td>\n<td>21<\/td>\n<td>6.3<\/td>\n<td>151.5<\/td>\n<td>8.7<\/td>\n<td>1.5<\/td>\n<td>blanco<\/td>\n<\/tr>\n<tr>\n<td>A9<\/td>\n<td>PMA6.3-12S<\/td>\n<td>12<\/td>\n<td>6.3<\/td>\n<td>97<\/td>\n<td>8.7<\/td>\n<td>1.5<\/td>\n<td>blanco<\/td>\n<\/tr>\n<tr>\n<td>A10<\/td>\n<td>PMA3.0-13S<\/td>\n<td>13<\/td>\n<td>3<\/td>\n<td>50.6<\/td>\n<td>4.6<\/td>\n<td>1<\/td>\n<td>blanco<\/td>\n<\/tr>\n<tr>\n<td>A11<\/td>\n<td>PMA4.0-13S<\/td>\n<td>13<\/td>\n<td>4<\/td>\n<td>66<\/td>\n<td>2.5<\/td>\n<td>2<\/td>\n<td>blanco<\/td>\n<\/tr>\n<tr>\n<td>A12<\/td>\n<td>PMA4.0-17S<\/td>\n<td>17<\/td>\n<td>4<\/td>\n<td>81.6<\/td>\n<td>5.8<\/td>\n<td>2<\/td>\n<td>blanco<\/td>\n<\/tr>\n<tr>\n<td>A13<\/td>\n<td>PMA5.4-07S<\/td>\n<td>7<\/td>\n<td>5.4<\/td>\n<td>55.7<\/td>\n<td>7<\/td>\n<td>1.5<\/td>\n<td>blanco<\/td>\n<\/tr>\n<tr>\n<td>A14<\/td>\n<td>PMA5.4-13S<\/td>\n<td>13<\/td>\n<td>5.4<\/td>\n<td>84.6<\/td>\n<td>7<\/td>\n<td>1.5<\/td>\n<td>blanco<\/td>\n<\/tr>\n<tr>\n<td>A15<\/td>\n<td>PMA5.4-21S<\/td>\n<td>21<\/td>\n<td>5.4<\/td>\n<td>124<\/td>\n<td>7.6<\/td>\n<td>1.5<\/td>\n<td>blanco<\/td>\n<\/tr>\n<tr>\n<td>A16<\/td>\n<td>PMA6.3-17S<\/td>\n<td>17<\/td>\n<td>6.3<\/td>\n<td>128<\/td>\n<td>8.7<\/td>\n<td>1.5<\/td>\n<td>blanco<\/td>\n<\/tr>\n<tr>\n<td>A17<\/td>\n<td>PMA6.8-12L<\/td>\n<td>12<\/td>\n<td>6.8<\/td>\n<td>149<\/td>\n<td>8.6<\/td>\n<td>4.9<\/td>\n<td>blanco<\/td>\n<\/tr>\n<tr>\n<td>A18<\/td>\n<td>PMA0517-0413<\/td>\n<td>17+13<\/td>\n<td>5.4-4.0<\/td>\n<td>149<\/td>\n<td>7.6-5.7<\/td>\n<td>1.5<\/td>\n<td>blanco<\/td>\n<\/tr>\n<tr>\n<td>A19<\/td>\n<td>PMX3.0-17S<\/td>\n<td>17<\/td>\n<td>3<\/td>\n<td>62.3<\/td>\n<td>4.6<\/td>\n<td>1<\/td>\n<td>rojo<\/td>\n<\/tr>\n<tr>\n<td>A20<\/td>\n<td>PMX4.0-17S<\/td>\n<td>17<\/td>\n<td>4<\/td>\n<td>81.6<\/td>\n<td>5.8<\/td>\n<td>2<\/td>\n<td>rojo<\/td>\n<\/tr>\n<tr>\n<td>A21<\/td>\n<td>PMX5.4-17S<\/td>\n<td>17<\/td>\n<td>5.4<\/td>\n<td>103.7<\/td>\n<td>7.6<\/td>\n<td>1.5<\/td>\n<td>rojo<\/td>\n<\/tr>\n<tr>\n<td>A22<\/td>\n<td>PMX0517-0413<\/td>\n<td>17+13<\/td>\n<td>5.4-4.0<\/td>\n<td>149<\/td>\n<td>7.6-5.7<\/td>\n<td>1.5<\/td>\n<td>rojo<\/td>\n<\/tr>\n<tr>\n<td>A23<\/td>\n<td>PMA6.3-12S<\/td>\n<td>12<\/td>\n<td>6.3<\/td>\n<td>8.7<\/td>\n<td>97<\/td>\n<td>1.5<\/td>\n<td>blanco<\/td>\n<\/tr>\n<\/tbody>\n<\/table>\n<\/div>\n","protected":false},"excerpt":{"rendered":"<p>Boquilla mezcladora de bayoneta, cierre de bayoneta cuadrada ligera, puede conectarse firmemente al cartucho de cola AB de 50 ml. el l\u00edquido puede ser de cartucho de cola AB separar en el tubo, cortar y recombinar cuando fluye en el tubo, por lo que desempe\u00f1a un papel de mezcla.<\/p>\n","protected":false},"featured_media":21433,"comment_status":"open","ping_status":"closed","template":"","meta":{"_acf_changed":false},"product_brand":[],"product_cat":[157,158],"product_tag":[],"class_list":{"0":"post-5507","1":"product","2":"type-product","3":"status-publish","4":"has-post-thumbnail","6":"product_cat-boquillas-mezcladoras","7":"product_cat-boquillas-mezcladoras-estaticas","9":"first","10":"instock","11":"shipping-taxable","12":"product-type-simple"},"acf":[],"yoast_head":"<!-- This site is optimized with the Yoast SEO plugin v26.0 - https:\/\/yoast.com\/wordpress\/plugins\/seo\/ -->\n<title>Boquilla Mezcladora de Pl\u00e1stico Desechable Tubo Mezclador Est\u00e1tico de Bayoneta - Btektech<\/title>\n<meta name=\"description\" content=\"Boquilla mezcladora de bayoneta, cierre de bayoneta cuadrada ligera, puede conectarse firmemente al cartucho de cola AB de 50 ml. el l\u00edquido puede ser de cartucho de cola AB separar en el tubo, cortar y recombinar cuando fluye en el tubo, por lo que desempe\u00f1a un papel de mezcla.\" \/>\n<meta name=\"robots\" content=\"index, follow, max-snippet:-1, max-image-preview:large, max-video-preview:-1\" \/>\n<link rel=\"canonical\" href=\"https:\/\/btektech.com\/es\/product\/boquilla-mezcladora-de-plastico-desechable-tubo-mezclador-estatico-de-bayoneta\/\" \/>\n<meta property=\"og:locale\" content=\"es_ES\" \/>\n<meta property=\"og:type\" content=\"article\" \/>\n<meta property=\"og:title\" content=\"Boquilla Mezcladora de Pl\u00e1stico Desechable Tubo Mezclador Est\u00e1tico de Bayoneta - Btektech\" \/>\n<meta property=\"og:description\" content=\"Boquilla mezcladora de bayoneta, cierre de bayoneta cuadrada ligera, puede conectarse firmemente al cartucho de cola AB de 50 ml. el l\u00edquido puede ser de cartucho de cola AB separar en el tubo, cortar y recombinar cuando fluye en el tubo, por lo que desempe\u00f1a un papel de mezcla.\" \/>\n<meta property=\"og:url\" content=\"https:\/\/btektech.com\/es\/product\/boquilla-mezcladora-de-plastico-desechable-tubo-mezclador-estatico-de-bayoneta\/\" \/>\n<meta property=\"og:site_name\" content=\"Btektech\" \/>\n<meta property=\"article:modified_time\" content=\"2022-09-22T07:07:42+00:00\" \/>\n<meta property=\"og:image\" content=\"https:\/\/btektech.com\/wp-content\/uploads\/2021\/08\/AA-b.jpg\" \/>\n\t<meta property=\"og:image:width\" content=\"800\" \/>\n\t<meta property=\"og:image:height\" content=\"800\" \/>\n\t<meta property=\"og:image:type\" content=\"image\/jpeg\" \/>\n<meta name=\"twitter:card\" content=\"summary_large_image\" \/>\n<meta name=\"twitter:site\" content=\"@Btektech1\" \/>\n<meta name=\"twitter:label1\" content=\"Tiempo de lectura\" \/>\n\t<meta name=\"twitter:data1\" content=\"2 minutos\" \/>\n<script type=\"application\/ld+json\" class=\"yoast-schema-graph\">{\"@context\":\"https:\/\/schema.org\",\"@graph\":[{\"@type\":[\"WebPage\",\"ItemPage\"],\"@id\":\"https:\/\/btektech.com\/es\/product\/boquilla-mezcladora-de-plastico-desechable-tubo-mezclador-estatico-de-bayoneta\/\",\"url\":\"https:\/\/btektech.com\/es\/product\/boquilla-mezcladora-de-plastico-desechable-tubo-mezclador-estatico-de-bayoneta\/\",\"name\":\"Boquilla Mezcladora de Pl\u00e1stico Desechable Tubo Mezclador Est\u00e1tico de Bayoneta - Btektech\",\"isPartOf\":{\"@id\":\"https:\/\/btektech.com\/#website\"},\"primaryImageOfPage\":{\"@id\":\"https:\/\/btektech.com\/es\/product\/boquilla-mezcladora-de-plastico-desechable-tubo-mezclador-estatico-de-bayoneta\/#primaryimage\"},\"image\":{\"@id\":\"https:\/\/btektech.com\/es\/product\/boquilla-mezcladora-de-plastico-desechable-tubo-mezclador-estatico-de-bayoneta\/#primaryimage\"},\"thumbnailUrl\":\"https:\/\/btektech.com\/wp-content\/uploads\/2025\/12\/1-Bayonet-1.jpg\",\"datePublished\":\"2022-04-26T17:00:46+00:00\",\"dateModified\":\"2022-09-22T07:07:42+00:00\",\"description\":\"Boquilla mezcladora de bayoneta, cierre de bayoneta cuadrada ligera, puede conectarse firmemente al cartucho de cola AB de 50 ml. el l\u00edquido puede ser de cartucho de cola AB separar en el tubo, cortar y recombinar cuando fluye en el tubo, por lo que desempe\u00f1a un papel de mezcla.\",\"breadcrumb\":{\"@id\":\"https:\/\/btektech.com\/es\/product\/boquilla-mezcladora-de-plastico-desechable-tubo-mezclador-estatico-de-bayoneta\/#breadcrumb\"},\"inLanguage\":\"es\",\"potentialAction\":[{\"@type\":\"ReadAction\",\"target\":[\"https:\/\/btektech.com\/es\/product\/boquilla-mezcladora-de-plastico-desechable-tubo-mezclador-estatico-de-bayoneta\/\"]}]},{\"@type\":\"ImageObject\",\"inLanguage\":\"es\",\"@id\":\"https:\/\/btektech.com\/es\/product\/boquilla-mezcladora-de-plastico-desechable-tubo-mezclador-estatico-de-bayoneta\/#primaryimage\",\"url\":\"https:\/\/btektech.com\/wp-content\/uploads\/2025\/12\/1-Bayonet-1.jpg\",\"contentUrl\":\"https:\/\/btektech.com\/wp-content\/uploads\/2025\/12\/1-Bayonet-1.jpg\",\"width\":800,\"height\":800,\"caption\":\"Bayonet Mixer Nozzle\"},{\"@type\":\"BreadcrumbList\",\"@id\":\"https:\/\/btektech.com\/es\/product\/boquilla-mezcladora-de-plastico-desechable-tubo-mezclador-estatico-de-bayoneta\/#breadcrumb\",\"itemListElement\":[{\"@type\":\"ListItem\",\"position\":1,\"name\":\"Home\",\"item\":\"https:\/\/btektech.com\/es\/\"},{\"@type\":\"ListItem\",\"position\":2,\"name\":\"\u00dcr\u00fcnler\",\"item\":\"https:\/\/btektech.com\/tr\/shop\/\"},{\"@type\":\"ListItem\",\"position\":3,\"name\":\"Epoxy Mixing Nozzles\",\"item\":\"https:\/\/btektech.com\/product-category\/epoxy-mixing-nozzles\/\"},{\"@type\":\"ListItem\",\"position\":4,\"name\":\"Boquilla Mezcladora de Pl\u00e1stico Desechable Tubo Mezclador Est\u00e1tico de Bayoneta\"}]},{\"@type\":\"WebSite\",\"@id\":\"https:\/\/btektech.com\/#website\",\"url\":\"https:\/\/btektech.com\/\",\"name\":\"Btektech\",\"description\":\"\",\"publisher\":{\"@id\":\"https:\/\/btektech.com\/#organization\"},\"potentialAction\":[{\"@type\":\"SearchAction\",\"target\":{\"@type\":\"EntryPoint\",\"urlTemplate\":\"https:\/\/btektech.com\/?s={search_term_string}\"},\"query-input\":{\"@type\":\"PropertyValueSpecification\",\"valueRequired\":true,\"valueName\":\"search_term_string\"}}],\"inLanguage\":\"es\"},{\"@type\":\"Organization\",\"@id\":\"https:\/\/btektech.com\/#organization\",\"name\":\"Btektech\",\"url\":\"https:\/\/btektech.com\/\",\"logo\":{\"@type\":\"ImageObject\",\"inLanguage\":\"es\",\"@id\":\"https:\/\/btektech.com\/#\/schema\/logo\/image\/\",\"url\":\"https:\/\/btektech.com\/wp-content\/uploads\/2021\/08\/btektech-logo.png\",\"contentUrl\":\"https:\/\/btektech.com\/wp-content\/uploads\/2021\/08\/btektech-logo.png\",\"width\":250,\"height\":114,\"caption\":\"Btektech\"},\"image\":{\"@id\":\"https:\/\/btektech.com\/#\/schema\/logo\/image\/\"},\"sameAs\":[\"https:\/\/x.com\/Btektech1\",\"https:\/\/www.instagram.com\/btektech\/\",\"https:\/\/www.linkedin.com\/company\/suzhou-baotailong-electronic-materials-co-ltd\/\",\"https:\/\/www.pinterest.com\/btektech\/_saved\/\",\"https:\/\/www.youtube.com\/channel\/UCBiw4Bc4CmQDrdo-QqyVTqQ\"]}]}<\/script>\n<!-- \/ Yoast SEO plugin. -->","yoast_head_json":{"title":"Boquilla Mezcladora de Pl\u00e1stico Desechable Tubo Mezclador Est\u00e1tico de Bayoneta - Btektech","description":"Boquilla mezcladora de bayoneta, cierre de bayoneta cuadrada ligera, puede conectarse firmemente al cartucho de cola AB de 50 ml. el l\u00edquido puede ser de cartucho de cola AB separar en el tubo, cortar y recombinar cuando fluye en el tubo, por lo que desempe\u00f1a un papel de mezcla.","robots":{"index":"index","follow":"follow","max-snippet":"max-snippet:-1","max-image-preview":"max-image-preview:large","max-video-preview":"max-video-preview:-1"},"canonical":"https:\/\/btektech.com\/es\/product\/boquilla-mezcladora-de-plastico-desechable-tubo-mezclador-estatico-de-bayoneta\/","og_locale":"es_ES","og_type":"article","og_title":"Boquilla Mezcladora de Pl\u00e1stico Desechable Tubo Mezclador Est\u00e1tico de Bayoneta - Btektech","og_description":"Boquilla mezcladora de bayoneta, cierre de bayoneta cuadrada ligera, puede conectarse firmemente al cartucho de cola AB de 50 ml. el l\u00edquido puede ser de cartucho de cola AB separar en el tubo, cortar y recombinar cuando fluye en el tubo, por lo que desempe\u00f1a un papel de mezcla.","og_url":"https:\/\/btektech.com\/es\/product\/boquilla-mezcladora-de-plastico-desechable-tubo-mezclador-estatico-de-bayoneta\/","og_site_name":"Btektech","article_modified_time":"2022-09-22T07:07:42+00:00","og_image":[{"width":800,"height":800,"url":"https:\/\/btektech.com\/wp-content\/uploads\/2021\/08\/AA-b.jpg","type":"image\/jpeg"}],"twitter_card":"summary_large_image","twitter_site":"@Btektech1","twitter_misc":{"Tiempo de lectura":"2 minutos"},"schema":{"@context":"https:\/\/schema.org","@graph":[{"@type":["WebPage","ItemPage"],"@id":"https:\/\/btektech.com\/es\/product\/boquilla-mezcladora-de-plastico-desechable-tubo-mezclador-estatico-de-bayoneta\/","url":"https:\/\/btektech.com\/es\/product\/boquilla-mezcladora-de-plastico-desechable-tubo-mezclador-estatico-de-bayoneta\/","name":"Boquilla Mezcladora de Pl\u00e1stico Desechable Tubo Mezclador Est\u00e1tico de Bayoneta - Btektech","isPartOf":{"@id":"https:\/\/btektech.com\/#website"},"primaryImageOfPage":{"@id":"https:\/\/btektech.com\/es\/product\/boquilla-mezcladora-de-plastico-desechable-tubo-mezclador-estatico-de-bayoneta\/#primaryimage"},"image":{"@id":"https:\/\/btektech.com\/es\/product\/boquilla-mezcladora-de-plastico-desechable-tubo-mezclador-estatico-de-bayoneta\/#primaryimage"},"thumbnailUrl":"https:\/\/btektech.com\/wp-content\/uploads\/2025\/12\/1-Bayonet-1.jpg","datePublished":"2022-04-26T17:00:46+00:00","dateModified":"2022-09-22T07:07:42+00:00","description":"Boquilla mezcladora de bayoneta, cierre de bayoneta cuadrada ligera, puede conectarse firmemente al cartucho de cola AB de 50 ml. el l\u00edquido puede ser de cartucho de cola AB separar en el tubo, cortar y recombinar cuando fluye en el tubo, por lo que desempe\u00f1a un papel de mezcla.","breadcrumb":{"@id":"https:\/\/btektech.com\/es\/product\/boquilla-mezcladora-de-plastico-desechable-tubo-mezclador-estatico-de-bayoneta\/#breadcrumb"},"inLanguage":"es","potentialAction":[{"@type":"ReadAction","target":["https:\/\/btektech.com\/es\/product\/boquilla-mezcladora-de-plastico-desechable-tubo-mezclador-estatico-de-bayoneta\/"]}]},{"@type":"ImageObject","inLanguage":"es","@id":"https:\/\/btektech.com\/es\/product\/boquilla-mezcladora-de-plastico-desechable-tubo-mezclador-estatico-de-bayoneta\/#primaryimage","url":"https:\/\/btektech.com\/wp-content\/uploads\/2025\/12\/1-Bayonet-1.jpg","contentUrl":"https:\/\/btektech.com\/wp-content\/uploads\/2025\/12\/1-Bayonet-1.jpg","width":800,"height":800,"caption":"Bayonet Mixer Nozzle"},{"@type":"BreadcrumbList","@id":"https:\/\/btektech.com\/es\/product\/boquilla-mezcladora-de-plastico-desechable-tubo-mezclador-estatico-de-bayoneta\/#breadcrumb","itemListElement":[{"@type":"ListItem","position":1,"name":"Home","item":"https:\/\/btektech.com\/es\/"},{"@type":"ListItem","position":2,"name":"\u00dcr\u00fcnler","item":"https:\/\/btektech.com\/tr\/shop\/"},{"@type":"ListItem","position":3,"name":"Epoxy Mixing Nozzles","item":"https:\/\/btektech.com\/product-category\/epoxy-mixing-nozzles\/"},{"@type":"ListItem","position":4,"name":"Boquilla Mezcladora de Pl\u00e1stico Desechable Tubo Mezclador Est\u00e1tico de Bayoneta"}]},{"@type":"WebSite","@id":"https:\/\/btektech.com\/#website","url":"https:\/\/btektech.com\/","name":"Btektech","description":"","publisher":{"@id":"https:\/\/btektech.com\/#organization"},"potentialAction":[{"@type":"SearchAction","target":{"@type":"EntryPoint","urlTemplate":"https:\/\/btektech.com\/?s={search_term_string}"},"query-input":{"@type":"PropertyValueSpecification","valueRequired":true,"valueName":"search_term_string"}}],"inLanguage":"es"},{"@type":"Organization","@id":"https:\/\/btektech.com\/#organization","name":"Btektech","url":"https:\/\/btektech.com\/","logo":{"@type":"ImageObject","inLanguage":"es","@id":"https:\/\/btektech.com\/#\/schema\/logo\/image\/","url":"https:\/\/btektech.com\/wp-content\/uploads\/2021\/08\/btektech-logo.png","contentUrl":"https:\/\/btektech.com\/wp-content\/uploads\/2021\/08\/btektech-logo.png","width":250,"height":114,"caption":"Btektech"},"image":{"@id":"https:\/\/btektech.com\/#\/schema\/logo\/image\/"},"sameAs":["https:\/\/x.com\/Btektech1","https:\/\/www.instagram.com\/btektech\/","https:\/\/www.linkedin.com\/company\/suzhou-baotailong-electronic-materials-co-ltd\/","https:\/\/www.pinterest.com\/btektech\/_saved\/","https:\/\/www.youtube.com\/channel\/UCBiw4Bc4CmQDrdo-QqyVTqQ"]}]}},"_links":{"self":[{"href":"https:\/\/btektech.com\/es\/wp-json\/wp\/v2\/product\/5507","targetHints":{"allow":["GET"]}}],"collection":[{"href":"https:\/\/btektech.com\/es\/wp-json\/wp\/v2\/product"}],"about":[{"href":"https:\/\/btektech.com\/es\/wp-json\/wp\/v2\/types\/product"}],"replies":[{"embeddable":true,"href":"https:\/\/btektech.com\/es\/wp-json\/wp\/v2\/comments?post=5507"}],"version-history":[{"count":0,"href":"https:\/\/btektech.com\/es\/wp-json\/wp\/v2\/product\/5507\/revisions"}],"wp:featuredmedia":[{"embeddable":true,"href":"https:\/\/btektech.com\/es\/wp-json\/wp\/v2\/media\/21433"}],"wp:attachment":[{"href":"https:\/\/btektech.com\/es\/wp-json\/wp\/v2\/media?parent=5507"}],"wp:term":[{"taxonomy":"product_brand","embeddable":true,"href":"https:\/\/btektech.com\/es\/wp-json\/wp\/v2\/product_brand?post=5507"},{"taxonomy":"product_cat","embeddable":true,"href":"https:\/\/btektech.com\/es\/wp-json\/wp\/v2\/product_cat?post=5507"},{"taxonomy":"product_tag","embeddable":true,"href":"https:\/\/btektech.com\/es\/wp-json\/wp\/v2\/product_tag?post=5507"}],"curies":[{"name":"wp","href":"https:\/\/api.w.org\/{rel}","templated":true}]}}