{"id":5503,"date":"2021-08-25T09:35:17","date_gmt":"2022-04-26T17:00:28","guid":{"rendered":"https:\/\/btektech.com\/product\/boquilla-mezcladora-estatica-de-plastico-tubo-mezclador-cuadrado\/"},"modified":"2026-02-03T16:38:12","modified_gmt":"2026-02-03T08:38:12","slug":"boquilla-mezcladora-estatica-de-plastico-tubo-mezclador-cuadrado","status":"publish","type":"product","link":"https:\/\/btektech.com\/es\/product\/boquilla-mezcladora-estatica-de-plastico-tubo-mezclador-cuadrado\/","title":{"rendered":"Boquilla mezcladora cuadrada"},"content":{"rendered":"<div style=\"overflow: auto;\">\n<table style=\"text-align: center;\">\n<tbody>\n<tr>\n<th>No.<\/th>\n<th>Parte No.<\/th>\n<th>Elementos<\/th>\n<th>D.I.(mm)<\/th>\n<th>L(mm)<\/th>\n<th>D.E.(mm)<\/th>\n<th>A(mm)<\/th>\n<th>Color del n\u00facleo interno<\/th>\n<\/tr>\n<tr style=\"cursor: pointer;\">\n<td>A4<\/td>\n<td>PMF6.0-16<\/td>\n<td>16<\/td>\n<td>5.3<\/td>\n<td>83<\/td>\n<td>7.5<\/td>\n<td>1.8<\/td>\n<td>Verde\/ Oro\/ Rosa\/ Blanco<\/td>\n<\/tr>\n<tr style=\"cursor: pointer;\">\n<td>A6<\/td>\n<td>PMF6.0-24<\/td>\n<td>24<\/td>\n<td>5.3<\/td>\n<td>115<\/td>\n<td>7.5<\/td>\n<td>1.8<\/td>\n<td>verde<\/td>\n<\/tr>\n<tr style=\"cursor: pointer;\">\n<td>B1<\/td>\n<td>PMF06-24<\/td>\n<td>24<\/td>\n<td>5.3<\/td>\n<td>127<\/td>\n<td>7.5<\/td>\n<td>1.8<\/td>\n<td>verde<\/td>\n<\/tr>\n<tr style=\"cursor: pointer;\">\n<td>B2<\/td>\n<td>PMF08-24<\/td>\n<td>24<\/td>\n<td>8.7<\/td>\n<td>150<\/td>\n<td>12<\/td>\n<td>3.5<\/td>\n<td>verde<\/td>\n<\/tr>\n<tr style=\"cursor: pointer;\">\n<td>B3<\/td>\n<td>PMF08-24T<\/td>\n<td>24<\/td>\n<td>8.7<\/td>\n<td>165<\/td>\n<td>12<\/td>\n<td>3.5<\/td>\n<td>verde<\/td>\n<\/tr>\n<tr style=\"cursor: pointer;\">\n<td>B4<\/td>\n<td>PMF08-32<\/td>\n<td>32<\/td>\n<td>8.7<\/td>\n<td>188<\/td>\n<td>12<\/td>\n<td>3.5<\/td>\n<td>verde<\/td>\n<\/tr>\n<tr style=\"cursor: pointer;\">\n<td>B65<\/td>\n<td>MBQ08-18<\/td>\n<td>18<\/td>\n<td>8.7<\/td>\n<td>143<\/td>\n<td>12<\/td>\n<td>3.5<\/td>\n<td>Azul<\/td>\n<\/tr>\n<\/tbody>\n<\/table>\n<\/div>\n","protected":false},"excerpt":{"rendered":"<p>Las boquillas mezcladoras de epoxi est\u00e1ticas cuadradas se basan en la innovaci\u00f3n del tubo mezclador est\u00e1tico circular, con productos de gama alta de gran eficacia, econ\u00f3micos y duraderos. Se compone de las palas izquierda y derecha de la parte superior e inferior dispuestas en orden, cuando dos o m\u00e1s tipos de fluido pasan a trav\u00e9s de cada pala, se cortar\u00e1 en cuatro partes. Esto hace que la mezcla de fluidos sea m\u00e1s uniforme.  <\/p>\n","protected":false},"featured_media":21445,"comment_status":"open","ping_status":"closed","template":"","meta":{"_acf_changed":false},"product_brand":[],"product_cat":[268],"product_tag":[],"class_list":{"0":"post-5503","1":"product","2":"type-product","3":"status-publish","4":"has-post-thumbnail","6":"product_cat-uncategorized-es","8":"first","9":"instock","10":"shipping-taxable","11":"product-type-simple"},"acf":[],"yoast_head":"<!-- This site is optimized with the Yoast SEO plugin v26.0 - https:\/\/yoast.com\/wordpress\/plugins\/seo\/ -->\n<title>Boquilla mezcladora cuadrada para cartuchos dobles de 50-1500 ml<\/title>\n<meta name=\"description\" content=\"Boquilla mezcladora cuadrada para cartuchos dobles que proporciona una homogeneidad superior con un desperdicio m\u00ednimo de adhesivo. Su dise\u00f1o compacto admite m\u00faltiples estilos de puntas y conexiones.\" \/>\n<meta name=\"robots\" content=\"index, follow, max-snippet:-1, max-image-preview:large, max-video-preview:-1\" \/>\n<link rel=\"canonical\" href=\"https:\/\/btektech.com\/es\/product\/boquilla-mezcladora-estatica-de-plastico-tubo-mezclador-cuadrado\/\" \/>\n<meta property=\"og:locale\" content=\"es_ES\" \/>\n<meta property=\"og:type\" content=\"article\" \/>\n<meta property=\"og:title\" content=\"Boquilla mezcladora cuadrada para cartuchos dobles de 50-1500 ml\" \/>\n<meta property=\"og:description\" content=\"Boquilla mezcladora cuadrada para cartuchos dobles que proporciona una homogeneidad superior con un desperdicio m\u00ednimo de adhesivo. Su dise\u00f1o compacto admite m\u00faltiples estilos de puntas y conexiones.\" \/>\n<meta property=\"og:url\" content=\"https:\/\/btektech.com\/es\/product\/boquilla-mezcladora-estatica-de-plastico-tubo-mezclador-cuadrado\/\" \/>\n<meta property=\"og:site_name\" content=\"Btektech\" \/>\n<meta property=\"article:modified_time\" content=\"2026-02-03T08:38:12+00:00\" \/>\n<meta property=\"og:image\" content=\"https:\/\/btektech.com\/wp-content\/uploads\/2025\/12\/3-Square-2.jpg\" \/>\n\t<meta property=\"og:image:width\" content=\"800\" \/>\n\t<meta property=\"og:image:height\" content=\"800\" \/>\n\t<meta property=\"og:image:type\" content=\"image\/jpeg\" \/>\n<meta name=\"twitter:card\" content=\"summary_large_image\" \/>\n<meta name=\"twitter:site\" content=\"@Btektech1\" \/>\n<meta name=\"twitter:label1\" content=\"Tiempo de lectura\" \/>\n\t<meta name=\"twitter:data1\" content=\"1 minuto\" \/>\n<script type=\"application\/ld+json\" class=\"yoast-schema-graph\">{\"@context\":\"https:\/\/schema.org\",\"@graph\":[{\"@type\":[\"WebPage\",\"ItemPage\"],\"@id\":\"https:\/\/btektech.com\/es\/product\/boquilla-mezcladora-estatica-de-plastico-tubo-mezclador-cuadrado\/\",\"url\":\"https:\/\/btektech.com\/es\/product\/boquilla-mezcladora-estatica-de-plastico-tubo-mezclador-cuadrado\/\",\"name\":\"Boquilla mezcladora cuadrada para cartuchos dobles de 50-1500 ml\",\"isPartOf\":{\"@id\":\"https:\/\/btektech.com\/#website\"},\"primaryImageOfPage\":{\"@id\":\"https:\/\/btektech.com\/es\/product\/boquilla-mezcladora-estatica-de-plastico-tubo-mezclador-cuadrado\/#primaryimage\"},\"image\":{\"@id\":\"https:\/\/btektech.com\/es\/product\/boquilla-mezcladora-estatica-de-plastico-tubo-mezclador-cuadrado\/#primaryimage\"},\"thumbnailUrl\":\"https:\/\/btektech.com\/wp-content\/uploads\/2025\/12\/3-Square-2.jpg\",\"datePublished\":\"2022-04-26T17:00:28+00:00\",\"dateModified\":\"2026-02-03T08:38:12+00:00\",\"description\":\"Boquilla mezcladora cuadrada para cartuchos dobles que proporciona una homogeneidad superior con un desperdicio m\u00ednimo de adhesivo. Su dise\u00f1o compacto admite m\u00faltiples estilos de puntas y conexiones.\",\"breadcrumb\":{\"@id\":\"https:\/\/btektech.com\/es\/product\/boquilla-mezcladora-estatica-de-plastico-tubo-mezclador-cuadrado\/#breadcrumb\"},\"inLanguage\":\"es\",\"potentialAction\":[{\"@type\":\"ReadAction\",\"target\":[\"https:\/\/btektech.com\/es\/product\/boquilla-mezcladora-estatica-de-plastico-tubo-mezclador-cuadrado\/\"]}]},{\"@type\":\"ImageObject\",\"inLanguage\":\"es\",\"@id\":\"https:\/\/btektech.com\/es\/product\/boquilla-mezcladora-estatica-de-plastico-tubo-mezclador-cuadrado\/#primaryimage\",\"url\":\"https:\/\/btektech.com\/wp-content\/uploads\/2025\/12\/3-Square-2.jpg\",\"contentUrl\":\"https:\/\/btektech.com\/wp-content\/uploads\/2025\/12\/3-Square-2.jpg\",\"width\":800,\"height\":800,\"caption\":\"Square Mixer Nozzle\"},{\"@type\":\"BreadcrumbList\",\"@id\":\"https:\/\/btektech.com\/es\/product\/boquilla-mezcladora-estatica-de-plastico-tubo-mezclador-cuadrado\/#breadcrumb\",\"itemListElement\":[{\"@type\":\"ListItem\",\"position\":1,\"name\":\"Home\",\"item\":\"https:\/\/btektech.com\/es\/home-2\/\"},{\"@type\":\"ListItem\",\"position\":2,\"name\":\"\u00dcr\u00fcnler\",\"item\":\"https:\/\/btektech.com\/tr\/shop\/\"},{\"@type\":\"ListItem\",\"position\":3,\"name\":\"Boquilla mezcladora cuadrada\"}]},{\"@type\":\"WebSite\",\"@id\":\"https:\/\/btektech.com\/#website\",\"url\":\"https:\/\/btektech.com\/\",\"name\":\"Btektech\",\"description\":\"\",\"publisher\":{\"@id\":\"https:\/\/btektech.com\/#organization\"},\"potentialAction\":[{\"@type\":\"SearchAction\",\"target\":{\"@type\":\"EntryPoint\",\"urlTemplate\":\"https:\/\/btektech.com\/?s={search_term_string}\"},\"query-input\":{\"@type\":\"PropertyValueSpecification\",\"valueRequired\":true,\"valueName\":\"search_term_string\"}}],\"inLanguage\":\"es\"},{\"@type\":\"Organization\",\"@id\":\"https:\/\/btektech.com\/#organization\",\"name\":\"Btektech\",\"url\":\"https:\/\/btektech.com\/\",\"logo\":{\"@type\":\"ImageObject\",\"inLanguage\":\"es\",\"@id\":\"https:\/\/btektech.com\/#\/schema\/logo\/image\/\",\"url\":\"https:\/\/btektech.com\/wp-content\/uploads\/2021\/08\/btektech-logo.png\",\"contentUrl\":\"https:\/\/btektech.com\/wp-content\/uploads\/2021\/08\/btektech-logo.png\",\"width\":250,\"height\":114,\"caption\":\"Btektech\"},\"image\":{\"@id\":\"https:\/\/btektech.com\/#\/schema\/logo\/image\/\"},\"sameAs\":[\"https:\/\/x.com\/Btektech1\",\"https:\/\/www.instagram.com\/btektech\/\",\"https:\/\/www.linkedin.com\/company\/suzhou-baotailong-electronic-materials-co-ltd\/\",\"https:\/\/www.pinterest.com\/btektech\/_saved\/\",\"https:\/\/www.youtube.com\/channel\/UCBiw4Bc4CmQDrdo-QqyVTqQ\"]}]}<\/script>\n<!-- \/ Yoast SEO plugin. -->","yoast_head_json":{"title":"Boquilla mezcladora cuadrada para cartuchos dobles de 50-1500 ml","description":"Boquilla mezcladora cuadrada para cartuchos dobles que proporciona una homogeneidad superior con un desperdicio m\u00ednimo de adhesivo. Su dise\u00f1o compacto admite m\u00faltiples estilos de puntas y conexiones.","robots":{"index":"index","follow":"follow","max-snippet":"max-snippet:-1","max-image-preview":"max-image-preview:large","max-video-preview":"max-video-preview:-1"},"canonical":"https:\/\/btektech.com\/es\/product\/boquilla-mezcladora-estatica-de-plastico-tubo-mezclador-cuadrado\/","og_locale":"es_ES","og_type":"article","og_title":"Boquilla mezcladora cuadrada para cartuchos dobles de 50-1500 ml","og_description":"Boquilla mezcladora cuadrada para cartuchos dobles que proporciona una homogeneidad superior con un desperdicio m\u00ednimo de adhesivo. Su dise\u00f1o compacto admite m\u00faltiples estilos de puntas y conexiones.","og_url":"https:\/\/btektech.com\/es\/product\/boquilla-mezcladora-estatica-de-plastico-tubo-mezclador-cuadrado\/","og_site_name":"Btektech","article_modified_time":"2026-02-03T08:38:12+00:00","og_image":[{"width":800,"height":800,"url":"https:\/\/btektech.com\/wp-content\/uploads\/2025\/12\/3-Square-2.jpg","type":"image\/jpeg"}],"twitter_card":"summary_large_image","twitter_site":"@Btektech1","twitter_misc":{"Tiempo de lectura":"1 minuto"},"schema":{"@context":"https:\/\/schema.org","@graph":[{"@type":["WebPage","ItemPage"],"@id":"https:\/\/btektech.com\/es\/product\/boquilla-mezcladora-estatica-de-plastico-tubo-mezclador-cuadrado\/","url":"https:\/\/btektech.com\/es\/product\/boquilla-mezcladora-estatica-de-plastico-tubo-mezclador-cuadrado\/","name":"Boquilla mezcladora cuadrada para cartuchos dobles de 50-1500 ml","isPartOf":{"@id":"https:\/\/btektech.com\/#website"},"primaryImageOfPage":{"@id":"https:\/\/btektech.com\/es\/product\/boquilla-mezcladora-estatica-de-plastico-tubo-mezclador-cuadrado\/#primaryimage"},"image":{"@id":"https:\/\/btektech.com\/es\/product\/boquilla-mezcladora-estatica-de-plastico-tubo-mezclador-cuadrado\/#primaryimage"},"thumbnailUrl":"https:\/\/btektech.com\/wp-content\/uploads\/2025\/12\/3-Square-2.jpg","datePublished":"2022-04-26T17:00:28+00:00","dateModified":"2026-02-03T08:38:12+00:00","description":"Boquilla mezcladora cuadrada para cartuchos dobles que proporciona una homogeneidad superior con un desperdicio m\u00ednimo de adhesivo. Su dise\u00f1o compacto admite m\u00faltiples estilos de puntas y conexiones.","breadcrumb":{"@id":"https:\/\/btektech.com\/es\/product\/boquilla-mezcladora-estatica-de-plastico-tubo-mezclador-cuadrado\/#breadcrumb"},"inLanguage":"es","potentialAction":[{"@type":"ReadAction","target":["https:\/\/btektech.com\/es\/product\/boquilla-mezcladora-estatica-de-plastico-tubo-mezclador-cuadrado\/"]}]},{"@type":"ImageObject","inLanguage":"es","@id":"https:\/\/btektech.com\/es\/product\/boquilla-mezcladora-estatica-de-plastico-tubo-mezclador-cuadrado\/#primaryimage","url":"https:\/\/btektech.com\/wp-content\/uploads\/2025\/12\/3-Square-2.jpg","contentUrl":"https:\/\/btektech.com\/wp-content\/uploads\/2025\/12\/3-Square-2.jpg","width":800,"height":800,"caption":"Square Mixer Nozzle"},{"@type":"BreadcrumbList","@id":"https:\/\/btektech.com\/es\/product\/boquilla-mezcladora-estatica-de-plastico-tubo-mezclador-cuadrado\/#breadcrumb","itemListElement":[{"@type":"ListItem","position":1,"name":"Home","item":"https:\/\/btektech.com\/es\/home-2\/"},{"@type":"ListItem","position":2,"name":"\u00dcr\u00fcnler","item":"https:\/\/btektech.com\/tr\/shop\/"},{"@type":"ListItem","position":3,"name":"Boquilla mezcladora cuadrada"}]},{"@type":"WebSite","@id":"https:\/\/btektech.com\/#website","url":"https:\/\/btektech.com\/","name":"Btektech","description":"","publisher":{"@id":"https:\/\/btektech.com\/#organization"},"potentialAction":[{"@type":"SearchAction","target":{"@type":"EntryPoint","urlTemplate":"https:\/\/btektech.com\/?s={search_term_string}"},"query-input":{"@type":"PropertyValueSpecification","valueRequired":true,"valueName":"search_term_string"}}],"inLanguage":"es"},{"@type":"Organization","@id":"https:\/\/btektech.com\/#organization","name":"Btektech","url":"https:\/\/btektech.com\/","logo":{"@type":"ImageObject","inLanguage":"es","@id":"https:\/\/btektech.com\/#\/schema\/logo\/image\/","url":"https:\/\/btektech.com\/wp-content\/uploads\/2021\/08\/btektech-logo.png","contentUrl":"https:\/\/btektech.com\/wp-content\/uploads\/2021\/08\/btektech-logo.png","width":250,"height":114,"caption":"Btektech"},"image":{"@id":"https:\/\/btektech.com\/#\/schema\/logo\/image\/"},"sameAs":["https:\/\/x.com\/Btektech1","https:\/\/www.instagram.com\/btektech\/","https:\/\/www.linkedin.com\/company\/suzhou-baotailong-electronic-materials-co-ltd\/","https:\/\/www.pinterest.com\/btektech\/_saved\/","https:\/\/www.youtube.com\/channel\/UCBiw4Bc4CmQDrdo-QqyVTqQ"]}]}},"_links":{"self":[{"href":"https:\/\/btektech.com\/es\/wp-json\/wp\/v2\/product\/5503","targetHints":{"allow":["GET"]}}],"collection":[{"href":"https:\/\/btektech.com\/es\/wp-json\/wp\/v2\/product"}],"about":[{"href":"https:\/\/btektech.com\/es\/wp-json\/wp\/v2\/types\/product"}],"replies":[{"embeddable":true,"href":"https:\/\/btektech.com\/es\/wp-json\/wp\/v2\/comments?post=5503"}],"version-history":[{"count":1,"href":"https:\/\/btektech.com\/es\/wp-json\/wp\/v2\/product\/5503\/revisions"}],"predecessor-version":[{"id":22392,"href":"https:\/\/btektech.com\/es\/wp-json\/wp\/v2\/product\/5503\/revisions\/22392"}],"wp:featuredmedia":[{"embeddable":true,"href":"https:\/\/btektech.com\/es\/wp-json\/wp\/v2\/media\/21445"}],"wp:attachment":[{"href":"https:\/\/btektech.com\/es\/wp-json\/wp\/v2\/media?parent=5503"}],"wp:term":[{"taxonomy":"product_brand","embeddable":true,"href":"https:\/\/btektech.com\/es\/wp-json\/wp\/v2\/product_brand?post=5503"},{"taxonomy":"product_cat","embeddable":true,"href":"https:\/\/btektech.com\/es\/wp-json\/wp\/v2\/product_cat?post=5503"},{"taxonomy":"product_tag","embeddable":true,"href":"https:\/\/btektech.com\/es\/wp-json\/wp\/v2\/product_tag?post=5503"}],"curies":[{"name":"wp","href":"https:\/\/api.w.org\/{rel}","templated":true}]}}