{"id":5497,"date":"2021-09-06T09:28:51","date_gmt":"2022-04-26T16:58:03","guid":{"rendered":"https:\/\/btektech.com\/product\/boquilla-mezcladora-de-plastico-desechable-tubo-mezclador-estatico\/"},"modified":"2022-09-22T07:06:17","modified_gmt":"2022-09-22T07:06:17","slug":"boquilla-mezcladora-de-plastico-desechable-tubo-mezclador-estatico","status":"publish","type":"product","link":"https:\/\/btektech.com\/es\/product\/boquilla-mezcladora-de-plastico-desechable-tubo-mezclador-estatico\/","title":{"rendered":"Boquilla Mezcladora de Pl\u00e1stico Desechable Tubo Mezclador Est\u00e1tico"},"content":{"rendered":"<p>Tubo mezclador est\u00e1tico GSM de estructura especial tipo X<\/p>\n<p>Su elemento est\u00e1 compuesto por material de PP o nylon. Cada elemento se cruza a 90 grados. Por lo tanto, la eficiencia del mezclador est\u00e1tico desechable X-Grid es de 3 a 10 veces mayor que la de los tubos de mezcla est\u00e1tica en espiral y cuadrados, y puede resolver el problema de la baja eficiencia de los tubos de mezcla est\u00e1tica ordinarios. Por lo tanto, el tubo mezclador tipo X es adecuado para las siguientes situaciones: La brecha de consistencia de los adhesivos A y B es grande; la proporci\u00f3n de mezcla de los adhesivos A y B es amplia; el flujo de los adhesivos A y B es demasiado r\u00e1pido.<\/p>\n<div style=\"overflow: auto;\">\n<table style=\"text-align: center;\">\n<tbody>\n<tr>\n<th>No.  <\/th>\n<th>N\u00ba de pieza  <\/th>\n<th>Elementos  <\/th>\n<th>D.I.(mm)  <\/th>\n<th>L(mm)  <\/th>\n<th>D.E.(mm)  <\/th>\n<th>A(mm)  <\/th>\n<th>Color del n\u00facleo interno  <\/th>\n<\/tr>\n<tr>\n<td>G1<\/td>\n<td>GSM9-12<\/td>\n<td>12<\/td>\n<td>9.3<\/td>\n<td>146<\/td>\n<td>12.5<\/td>\n<td>3<\/td>\n<td>Blanco\/Amarillo<\/td>\n<\/tr>\n<tr>\n<td>G2<\/td>\n<td>GSM9-14<\/td>\n<td>14<\/td>\n<td>9.3<\/td>\n<td>164<\/td>\n<td>12.5<\/td>\n<td>3<\/td>\n<td>Azul\/Amarillo<\/td>\n<\/tr>\n<tr>\n<td>G3<\/td>\n<td>GSM9-16<\/td>\n<td>16<\/td>\n<td>9.3<\/td>\n<td>183<\/td>\n<td>12.5<\/td>\n<td>3<\/td>\n<td>Blanco\/Azul<\/td>\n<\/tr>\n<tr>\n<td>G4<\/td>\n<td>GSM9-20<\/td>\n<td>20<\/td>\n<td>9.3<\/td>\n<td>220<\/td>\n<td>12.5<\/td>\n<td>3<\/td>\n<td>Azul\/Rojo<\/td>\n<\/tr>\n<\/tbody>\n<\/table>\n<\/div>\n","protected":false},"excerpt":{"rendered":"<p>Mezclador est\u00e1tico desechable X-Grid<\/p>\n<p>La caracter\u00edstica de este producto es que puede mezclarse r\u00e1pidamente, extruirse r\u00e1pidamente, ahorrar pegamento y no puede bloquearse f\u00e1cilmente.<\/p>\n","protected":false},"featured_media":1892,"comment_status":"open","ping_status":"closed","template":"","meta":{"_acf_changed":false},"product_brand":[],"product_cat":[268],"product_tag":[],"class_list":{"0":"post-5497","1":"product","2":"type-product","3":"status-publish","4":"has-post-thumbnail","6":"product_cat-uncategorized-es","8":"first","9":"instock","10":"shipping-taxable","11":"product-type-simple"},"acf":[],"yoast_head":"<!-- This site is optimized with the Yoast SEO plugin v26.0 - https:\/\/yoast.com\/wordpress\/plugins\/seo\/ -->\n<title>Boquilla Mezcladora de Pl\u00e1stico Desechable Tubo Mezclador Est\u00e1tico - Btektech<\/title>\n<meta name=\"description\" content=\"La caracter\u00edstica de este producto es que puede mezclarse r\u00e1pidamente, extruirse r\u00e1pidamente, ahorrar pegamento y no puede bloquearse f\u00e1cilmente.\" \/>\n<meta name=\"robots\" content=\"index, follow, max-snippet:-1, max-image-preview:large, max-video-preview:-1\" \/>\n<link rel=\"canonical\" href=\"https:\/\/btektech.com\/es\/product\/boquilla-mezcladora-de-plastico-desechable-tubo-mezclador-estatico\/\" \/>\n<meta property=\"og:locale\" content=\"es_ES\" \/>\n<meta property=\"og:type\" content=\"article\" \/>\n<meta property=\"og:title\" content=\"Boquilla Mezcladora de Pl\u00e1stico Desechable Tubo Mezclador Est\u00e1tico - Btektech\" \/>\n<meta property=\"og:description\" content=\"La caracter\u00edstica de este producto es que puede mezclarse r\u00e1pidamente, extruirse r\u00e1pidamente, ahorrar pegamento y no puede bloquearse f\u00e1cilmente.\" \/>\n<meta property=\"og:url\" content=\"https:\/\/btektech.com\/es\/product\/boquilla-mezcladora-de-plastico-desechable-tubo-mezclador-estatico\/\" \/>\n<meta property=\"og:site_name\" content=\"Btektech\" \/>\n<meta property=\"article:modified_time\" content=\"2022-09-22T07:06:17+00:00\" \/>\n<meta property=\"og:image\" content=\"https:\/\/btektech.com\/wp-content\/uploads\/2021\/09\/G.jpg\" \/>\n\t<meta property=\"og:image:width\" content=\"800\" \/>\n\t<meta property=\"og:image:height\" content=\"800\" \/>\n\t<meta property=\"og:image:type\" content=\"image\/jpeg\" \/>\n<meta name=\"twitter:card\" content=\"summary_large_image\" \/>\n<meta name=\"twitter:site\" content=\"@Btektech1\" \/>\n<meta name=\"twitter:label1\" content=\"Tiempo de lectura\" \/>\n\t<meta name=\"twitter:data1\" content=\"1 minuto\" \/>\n<script type=\"application\/ld+json\" class=\"yoast-schema-graph\">{\"@context\":\"https:\/\/schema.org\",\"@graph\":[{\"@type\":[\"WebPage\",\"ItemPage\"],\"@id\":\"https:\/\/btektech.com\/es\/product\/boquilla-mezcladora-de-plastico-desechable-tubo-mezclador-estatico\/\",\"url\":\"https:\/\/btektech.com\/es\/product\/boquilla-mezcladora-de-plastico-desechable-tubo-mezclador-estatico\/\",\"name\":\"Boquilla Mezcladora de Pl\u00e1stico Desechable Tubo Mezclador Est\u00e1tico - Btektech\",\"isPartOf\":{\"@id\":\"https:\/\/btektech.com\/#website\"},\"primaryImageOfPage\":{\"@id\":\"https:\/\/btektech.com\/es\/product\/boquilla-mezcladora-de-plastico-desechable-tubo-mezclador-estatico\/#primaryimage\"},\"image\":{\"@id\":\"https:\/\/btektech.com\/es\/product\/boquilla-mezcladora-de-plastico-desechable-tubo-mezclador-estatico\/#primaryimage\"},\"thumbnailUrl\":\"https:\/\/btektech.com\/wp-content\/uploads\/2021\/09\/G.jpg\",\"datePublished\":\"2022-04-26T16:58:03+00:00\",\"dateModified\":\"2022-09-22T07:06:17+00:00\",\"description\":\"La caracter\u00edstica de este producto es que puede mezclarse r\u00e1pidamente, extruirse r\u00e1pidamente, ahorrar pegamento y no puede bloquearse f\u00e1cilmente.\",\"breadcrumb\":{\"@id\":\"https:\/\/btektech.com\/es\/product\/boquilla-mezcladora-de-plastico-desechable-tubo-mezclador-estatico\/#breadcrumb\"},\"inLanguage\":\"es\",\"potentialAction\":[{\"@type\":\"ReadAction\",\"target\":[\"https:\/\/btektech.com\/es\/product\/boquilla-mezcladora-de-plastico-desechable-tubo-mezclador-estatico\/\"]}]},{\"@type\":\"ImageObject\",\"inLanguage\":\"es\",\"@id\":\"https:\/\/btektech.com\/es\/product\/boquilla-mezcladora-de-plastico-desechable-tubo-mezclador-estatico\/#primaryimage\",\"url\":\"https:\/\/btektech.com\/wp-content\/uploads\/2021\/09\/G.jpg\",\"contentUrl\":\"https:\/\/btektech.com\/wp-content\/uploads\/2021\/09\/G.jpg\",\"width\":800,\"height\":800,\"caption\":\"Boquilla Mezcladora de Pl\u00e1stico Desechable Tubo Mezclador Est\u00e1tico\"},{\"@type\":\"BreadcrumbList\",\"@id\":\"https:\/\/btektech.com\/es\/product\/boquilla-mezcladora-de-plastico-desechable-tubo-mezclador-estatico\/#breadcrumb\",\"itemListElement\":[{\"@type\":\"ListItem\",\"position\":1,\"name\":\"Home\",\"item\":\"https:\/\/btektech.com\/es\/home-2\/\"},{\"@type\":\"ListItem\",\"position\":2,\"name\":\"\u00dcr\u00fcnler\",\"item\":\"https:\/\/btektech.com\/tr\/shop\/\"},{\"@type\":\"ListItem\",\"position\":3,\"name\":\"Boquilla Mezcladora de Pl\u00e1stico Desechable Tubo Mezclador Est\u00e1tico\"}]},{\"@type\":\"WebSite\",\"@id\":\"https:\/\/btektech.com\/#website\",\"url\":\"https:\/\/btektech.com\/\",\"name\":\"Btektech\",\"description\":\"\",\"publisher\":{\"@id\":\"https:\/\/btektech.com\/#organization\"},\"potentialAction\":[{\"@type\":\"SearchAction\",\"target\":{\"@type\":\"EntryPoint\",\"urlTemplate\":\"https:\/\/btektech.com\/?s={search_term_string}\"},\"query-input\":{\"@type\":\"PropertyValueSpecification\",\"valueRequired\":true,\"valueName\":\"search_term_string\"}}],\"inLanguage\":\"es\"},{\"@type\":\"Organization\",\"@id\":\"https:\/\/btektech.com\/#organization\",\"name\":\"Btektech\",\"url\":\"https:\/\/btektech.com\/\",\"logo\":{\"@type\":\"ImageObject\",\"inLanguage\":\"es\",\"@id\":\"https:\/\/btektech.com\/#\/schema\/logo\/image\/\",\"url\":\"https:\/\/btektech.com\/wp-content\/uploads\/2021\/08\/btektech-logo.png\",\"contentUrl\":\"https:\/\/btektech.com\/wp-content\/uploads\/2021\/08\/btektech-logo.png\",\"width\":250,\"height\":114,\"caption\":\"Btektech\"},\"image\":{\"@id\":\"https:\/\/btektech.com\/#\/schema\/logo\/image\/\"},\"sameAs\":[\"https:\/\/x.com\/Btektech1\",\"https:\/\/www.instagram.com\/btektech\/\",\"https:\/\/www.linkedin.com\/company\/suzhou-baotailong-electronic-materials-co-ltd\/\",\"https:\/\/www.pinterest.com\/btektech\/_saved\/\",\"https:\/\/www.youtube.com\/channel\/UCBiw4Bc4CmQDrdo-QqyVTqQ\"]}]}<\/script>\n<!-- \/ Yoast SEO plugin. -->","yoast_head_json":{"title":"Boquilla Mezcladora de Pl\u00e1stico Desechable Tubo Mezclador Est\u00e1tico - Btektech","description":"La caracter\u00edstica de este producto es que puede mezclarse r\u00e1pidamente, extruirse r\u00e1pidamente, ahorrar pegamento y no puede bloquearse f\u00e1cilmente.","robots":{"index":"index","follow":"follow","max-snippet":"max-snippet:-1","max-image-preview":"max-image-preview:large","max-video-preview":"max-video-preview:-1"},"canonical":"https:\/\/btektech.com\/es\/product\/boquilla-mezcladora-de-plastico-desechable-tubo-mezclador-estatico\/","og_locale":"es_ES","og_type":"article","og_title":"Boquilla Mezcladora de Pl\u00e1stico Desechable Tubo Mezclador Est\u00e1tico - Btektech","og_description":"La caracter\u00edstica de este producto es que puede mezclarse r\u00e1pidamente, extruirse r\u00e1pidamente, ahorrar pegamento y no puede bloquearse f\u00e1cilmente.","og_url":"https:\/\/btektech.com\/es\/product\/boquilla-mezcladora-de-plastico-desechable-tubo-mezclador-estatico\/","og_site_name":"Btektech","article_modified_time":"2022-09-22T07:06:17+00:00","og_image":[{"width":800,"height":800,"url":"https:\/\/btektech.com\/wp-content\/uploads\/2021\/09\/G.jpg","type":"image\/jpeg"}],"twitter_card":"summary_large_image","twitter_site":"@Btektech1","twitter_misc":{"Tiempo de lectura":"1 minuto"},"schema":{"@context":"https:\/\/schema.org","@graph":[{"@type":["WebPage","ItemPage"],"@id":"https:\/\/btektech.com\/es\/product\/boquilla-mezcladora-de-plastico-desechable-tubo-mezclador-estatico\/","url":"https:\/\/btektech.com\/es\/product\/boquilla-mezcladora-de-plastico-desechable-tubo-mezclador-estatico\/","name":"Boquilla Mezcladora de Pl\u00e1stico Desechable Tubo Mezclador Est\u00e1tico - Btektech","isPartOf":{"@id":"https:\/\/btektech.com\/#website"},"primaryImageOfPage":{"@id":"https:\/\/btektech.com\/es\/product\/boquilla-mezcladora-de-plastico-desechable-tubo-mezclador-estatico\/#primaryimage"},"image":{"@id":"https:\/\/btektech.com\/es\/product\/boquilla-mezcladora-de-plastico-desechable-tubo-mezclador-estatico\/#primaryimage"},"thumbnailUrl":"https:\/\/btektech.com\/wp-content\/uploads\/2021\/09\/G.jpg","datePublished":"2022-04-26T16:58:03+00:00","dateModified":"2022-09-22T07:06:17+00:00","description":"La caracter\u00edstica de este producto es que puede mezclarse r\u00e1pidamente, extruirse r\u00e1pidamente, ahorrar pegamento y no puede bloquearse f\u00e1cilmente.","breadcrumb":{"@id":"https:\/\/btektech.com\/es\/product\/boquilla-mezcladora-de-plastico-desechable-tubo-mezclador-estatico\/#breadcrumb"},"inLanguage":"es","potentialAction":[{"@type":"ReadAction","target":["https:\/\/btektech.com\/es\/product\/boquilla-mezcladora-de-plastico-desechable-tubo-mezclador-estatico\/"]}]},{"@type":"ImageObject","inLanguage":"es","@id":"https:\/\/btektech.com\/es\/product\/boquilla-mezcladora-de-plastico-desechable-tubo-mezclador-estatico\/#primaryimage","url":"https:\/\/btektech.com\/wp-content\/uploads\/2021\/09\/G.jpg","contentUrl":"https:\/\/btektech.com\/wp-content\/uploads\/2021\/09\/G.jpg","width":800,"height":800,"caption":"Boquilla Mezcladora de Pl\u00e1stico Desechable Tubo Mezclador Est\u00e1tico"},{"@type":"BreadcrumbList","@id":"https:\/\/btektech.com\/es\/product\/boquilla-mezcladora-de-plastico-desechable-tubo-mezclador-estatico\/#breadcrumb","itemListElement":[{"@type":"ListItem","position":1,"name":"Home","item":"https:\/\/btektech.com\/es\/home-2\/"},{"@type":"ListItem","position":2,"name":"\u00dcr\u00fcnler","item":"https:\/\/btektech.com\/tr\/shop\/"},{"@type":"ListItem","position":3,"name":"Boquilla Mezcladora de Pl\u00e1stico Desechable Tubo Mezclador Est\u00e1tico"}]},{"@type":"WebSite","@id":"https:\/\/btektech.com\/#website","url":"https:\/\/btektech.com\/","name":"Btektech","description":"","publisher":{"@id":"https:\/\/btektech.com\/#organization"},"potentialAction":[{"@type":"SearchAction","target":{"@type":"EntryPoint","urlTemplate":"https:\/\/btektech.com\/?s={search_term_string}"},"query-input":{"@type":"PropertyValueSpecification","valueRequired":true,"valueName":"search_term_string"}}],"inLanguage":"es"},{"@type":"Organization","@id":"https:\/\/btektech.com\/#organization","name":"Btektech","url":"https:\/\/btektech.com\/","logo":{"@type":"ImageObject","inLanguage":"es","@id":"https:\/\/btektech.com\/#\/schema\/logo\/image\/","url":"https:\/\/btektech.com\/wp-content\/uploads\/2021\/08\/btektech-logo.png","contentUrl":"https:\/\/btektech.com\/wp-content\/uploads\/2021\/08\/btektech-logo.png","width":250,"height":114,"caption":"Btektech"},"image":{"@id":"https:\/\/btektech.com\/#\/schema\/logo\/image\/"},"sameAs":["https:\/\/x.com\/Btektech1","https:\/\/www.instagram.com\/btektech\/","https:\/\/www.linkedin.com\/company\/suzhou-baotailong-electronic-materials-co-ltd\/","https:\/\/www.pinterest.com\/btektech\/_saved\/","https:\/\/www.youtube.com\/channel\/UCBiw4Bc4CmQDrdo-QqyVTqQ"]}]}},"_links":{"self":[{"href":"https:\/\/btektech.com\/es\/wp-json\/wp\/v2\/product\/5497","targetHints":{"allow":["GET"]}}],"collection":[{"href":"https:\/\/btektech.com\/es\/wp-json\/wp\/v2\/product"}],"about":[{"href":"https:\/\/btektech.com\/es\/wp-json\/wp\/v2\/types\/product"}],"replies":[{"embeddable":true,"href":"https:\/\/btektech.com\/es\/wp-json\/wp\/v2\/comments?post=5497"}],"version-history":[{"count":0,"href":"https:\/\/btektech.com\/es\/wp-json\/wp\/v2\/product\/5497\/revisions"}],"wp:featuredmedia":[{"embeddable":true,"href":"https:\/\/btektech.com\/es\/wp-json\/wp\/v2\/media\/1892"}],"wp:attachment":[{"href":"https:\/\/btektech.com\/es\/wp-json\/wp\/v2\/media?parent=5497"}],"wp:term":[{"taxonomy":"product_brand","embeddable":true,"href":"https:\/\/btektech.com\/es\/wp-json\/wp\/v2\/product_brand?post=5497"},{"taxonomy":"product_cat","embeddable":true,"href":"https:\/\/btektech.com\/es\/wp-json\/wp\/v2\/product_cat?post=5497"},{"taxonomy":"product_tag","embeddable":true,"href":"https:\/\/btektech.com\/es\/wp-json\/wp\/v2\/product_tag?post=5497"}],"curies":[{"name":"wp","href":"https:\/\/api.w.org\/{rel}","templated":true}]}}