{"id":5490,"date":"2021-09-06T09:41:44","date_gmt":"2022-04-26T16:57:31","guid":{"rendered":"https:\/\/btektech.com\/product\/puntas-de-jeringa-en-angulo\/"},"modified":"2022-09-20T06:02:27","modified_gmt":"2022-09-20T06:02:27","slug":"aguja-dispensadora-en-angulo","status":"publish","type":"product","link":"https:\/\/btektech.com\/es\/product\/aguja-dispensadora-en-angulo\/","title":{"rendered":"Aguja Dispensadora en \u00e1ngulo"},"content":{"rendered":"<p>La Aguja Dispensadora en \u00e1ngulo es sobre la base de la aguja general, aumentar el proceso de flexi\u00f3n. Para que en algunas ocasiones especiales de dispensaci\u00f3n, las agujas rectas no puedan perfeccionar el trabajo de dispensaci\u00f3n, puede utilizar el \u00e1ngulo apropiado de la aguja doblada para sustituirla.<\/p>\n<div style=\"overflow: auto;\">\n<table style=\"border-collapse: collapse; text-align: center;\" border=\"0\"  cellspacing=\"0\" cellpadding=\"0\">\n<tbody>\n<tr>\n<th>Medir<\/th>\n<th>Color<\/th>\n<th>Identificaci\u00f3n (mm)<\/th>\n<th>DE (mm)<\/th>\n<th>12,7mm(45\u00b0)<\/th>\n<th>12,7mm(90\u00b0)<\/th>\n<\/tr>\n<tr>\n<td>14<\/td>\n<td>Aceituna<\/td>\n<td>1.54(0.06&#8243;)<\/td>\n<td>1.83(0.072&#8243;)<\/td>\n<td>9018044<\/td>\n<td>9018045<\/td>\n<\/tr>\n<tr>\n<td>15<\/td>\n<td>\u00c1mbar<\/td>\n<td>1.36(0.053&#8243;)<\/td>\n<td>1.65(0.065&#8243;)<\/td>\n<td>9018069<\/td>\n<td>9018070<\/td>\n<\/tr>\n<tr>\n<td>16<\/td>\n<td>Gris<\/td>\n<td>1.19(0.047&#8243;)<\/td>\n<td>1.64\uff080.06\uff09<\/td>\n<td>9018076<\/td>\n<td>9018077<\/td>\n<\/tr>\n<tr>\n<td>18<\/td>\n<td>Verde<\/td>\n<td>0.84(0.033&#8243;)<\/td>\n<td>1.27(0.05&#8243;)<\/td>\n<td>9018123<\/td>\n<td>9018124<\/td>\n<\/tr>\n<tr>\n<td>20<\/td>\n<td>Rosa<\/td>\n<td>0.61(0.024&#8243;)<\/td>\n<td>0.91(0.036&#8243;)<\/td>\n<td>9018179<\/td>\n<td>9018180<\/td>\n<\/tr>\n<tr>\n<td>21<\/td>\n<td>P\u00farpura<\/td>\n<td>0.51(0.02&#8243;)<\/td>\n<td>0.82(0.032&#8243;)<\/td>\n<td>9018234<\/td>\n<td>9018235<\/td>\n<\/tr>\n<tr>\n<td>22<\/td>\n<td>Azul<\/td>\n<td>0.41(0.016&#8243;)<\/td>\n<td>0.72(0.028&#8243;)<\/td>\n<td>9018273<\/td>\n<td>9018274<\/td>\n<\/tr>\n<tr>\n<td>23<\/td>\n<td>Naranja<\/td>\n<td>0.33(0.013&#8243;)<\/td>\n<td>0.65(0.025&#8243;)<\/td>\n<td>9018315<\/td>\n<td>9018316<\/td>\n<\/tr>\n<tr>\n<td>25<\/td>\n<td>rojo<\/td>\n<td>0.25(0.01&#8243;)<\/td>\n<td>0.52(0.02&#8243;)<\/td>\n<td>9018346<\/td>\n<td>9018347<\/td>\n<\/tr>\n<tr>\n<td>27<\/td>\n<td>Claro<\/td>\n<td>0.2(0.008&#8243;)<\/td>\n<td>0.42(0.016&#8243;)<\/td>\n<td>9018404<\/td>\n<td>9018405<\/td>\n<\/tr>\n<tr>\n<td>30<\/td>\n<td>Lavanda<\/td>\n<td>0.15(0.006&#8243;)<\/td>\n<td>0.31(0.012&#8243;)<\/td>\n<td>9018434<\/td>\n<td>9018435<\/td>\n<\/tr>\n<\/tbody>\n<\/table>\n<\/div>\n","protected":false},"excerpt":{"rendered":"<p class=\"src grammarSection\" data-group=\"1-1\">Se puede doblar 45 grados o 90 grados sin afectar al flujo de l\u00edquido.<\/p>\n","protected":false},"featured_media":21483,"comment_status":"open","ping_status":"closed","template":"","meta":{"_acf_changed":false},"product_brand":[],"product_cat":[151],"product_tag":[],"class_list":{"0":"post-5490","1":"product","2":"type-product","3":"status-publish","4":"has-post-thumbnail","6":"product_cat-agujas-e-puntas-dispensadoras","8":"first","9":"instock","10":"shipping-taxable","11":"product-type-simple"},"acf":[],"yoast_head":"<!-- This site is optimized with the Yoast SEO plugin v26.0 - https:\/\/yoast.com\/wordpress\/plugins\/seo\/ -->\n<title>Aguja Dispensadora en \u00e1ngulo - Btektech<\/title>\n<meta name=\"description\" content=\"Aguja Dispensadora en \u00e1ngulo la aguja doblada es sobre la base de la aguja general, aumentar el proceso de flexi\u00f3n.\" \/>\n<meta name=\"robots\" content=\"index, follow, max-snippet:-1, max-image-preview:large, max-video-preview:-1\" \/>\n<link rel=\"canonical\" href=\"https:\/\/btektech.com\/es\/product\/aguja-dispensadora-en-angulo\/\" \/>\n<meta property=\"og:locale\" content=\"es_ES\" \/>\n<meta property=\"og:type\" content=\"article\" \/>\n<meta property=\"og:title\" content=\"Aguja Dispensadora en \u00e1ngulo - Btektech\" \/>\n<meta property=\"og:description\" content=\"Aguja Dispensadora en \u00e1ngulo la aguja doblada es sobre la base de la aguja general, aumentar el proceso de flexi\u00f3n.\" \/>\n<meta property=\"og:url\" content=\"https:\/\/btektech.com\/es\/product\/aguja-dispensadora-en-angulo\/\" \/>\n<meta property=\"og:site_name\" content=\"Btektech\" \/>\n<meta property=\"article:modified_time\" content=\"2022-09-20T06:02:27+00:00\" \/>\n<meta property=\"og:image\" content=\"https:\/\/btektech.com\/wp-content\/uploads\/2021\/09\/Screenshot-2021-09-06-180927.jpg\" \/>\n\t<meta property=\"og:image:width\" content=\"379\" \/>\n\t<meta property=\"og:image:height\" content=\"379\" \/>\n\t<meta property=\"og:image:type\" content=\"image\/jpeg\" \/>\n<meta name=\"twitter:card\" content=\"summary_large_image\" \/>\n<meta name=\"twitter:site\" content=\"@Btektech1\" \/>\n<meta name=\"twitter:label1\" content=\"Tiempo de lectura\" \/>\n\t<meta name=\"twitter:data1\" content=\"1 minuto\" \/>\n<script type=\"application\/ld+json\" class=\"yoast-schema-graph\">{\"@context\":\"https:\/\/schema.org\",\"@graph\":[{\"@type\":[\"WebPage\",\"ItemPage\"],\"@id\":\"https:\/\/btektech.com\/es\/product\/aguja-dispensadora-en-angulo\/\",\"url\":\"https:\/\/btektech.com\/es\/product\/aguja-dispensadora-en-angulo\/\",\"name\":\"Aguja Dispensadora en \u00e1ngulo - Btektech\",\"isPartOf\":{\"@id\":\"https:\/\/btektech.com\/#website\"},\"primaryImageOfPage\":{\"@id\":\"https:\/\/btektech.com\/es\/product\/aguja-dispensadora-en-angulo\/#primaryimage\"},\"image\":{\"@id\":\"https:\/\/btektech.com\/es\/product\/aguja-dispensadora-en-angulo\/#primaryimage\"},\"thumbnailUrl\":\"https:\/\/btektech.com\/wp-content\/uploads\/2025\/12\/1.jpg\",\"datePublished\":\"2022-04-26T16:57:31+00:00\",\"dateModified\":\"2022-09-20T06:02:27+00:00\",\"description\":\"Aguja Dispensadora en \u00e1ngulo la aguja doblada es sobre la base de la aguja general, aumentar el proceso de flexi\u00f3n.\",\"breadcrumb\":{\"@id\":\"https:\/\/btektech.com\/es\/product\/aguja-dispensadora-en-angulo\/#breadcrumb\"},\"inLanguage\":\"es\",\"potentialAction\":[{\"@type\":\"ReadAction\",\"target\":[\"https:\/\/btektech.com\/es\/product\/aguja-dispensadora-en-angulo\/\"]}]},{\"@type\":\"ImageObject\",\"inLanguage\":\"es\",\"@id\":\"https:\/\/btektech.com\/es\/product\/aguja-dispensadora-en-angulo\/#primaryimage\",\"url\":\"https:\/\/btektech.com\/wp-content\/uploads\/2025\/12\/1.jpg\",\"contentUrl\":\"https:\/\/btektech.com\/wp-content\/uploads\/2025\/12\/1.jpg\",\"width\":800,\"height\":800,\"caption\":\"Angled Dispensing Tips\"},{\"@type\":\"BreadcrumbList\",\"@id\":\"https:\/\/btektech.com\/es\/product\/aguja-dispensadora-en-angulo\/#breadcrumb\",\"itemListElement\":[{\"@type\":\"ListItem\",\"position\":1,\"name\":\"Home\",\"item\":\"https:\/\/btektech.com\/es\/\"},{\"@type\":\"ListItem\",\"position\":2,\"name\":\"\u00dcr\u00fcnler\",\"item\":\"https:\/\/btektech.com\/tr\/shop\/\"},{\"@type\":\"ListItem\",\"position\":3,\"name\":\"Aguja Dispensadora en \u00e1ngulo\"}]},{\"@type\":\"WebSite\",\"@id\":\"https:\/\/btektech.com\/#website\",\"url\":\"https:\/\/btektech.com\/\",\"name\":\"Btektech\",\"description\":\"\",\"publisher\":{\"@id\":\"https:\/\/btektech.com\/#organization\"},\"potentialAction\":[{\"@type\":\"SearchAction\",\"target\":{\"@type\":\"EntryPoint\",\"urlTemplate\":\"https:\/\/btektech.com\/?s={search_term_string}\"},\"query-input\":{\"@type\":\"PropertyValueSpecification\",\"valueRequired\":true,\"valueName\":\"search_term_string\"}}],\"inLanguage\":\"es\"},{\"@type\":\"Organization\",\"@id\":\"https:\/\/btektech.com\/#organization\",\"name\":\"Btektech\",\"url\":\"https:\/\/btektech.com\/\",\"logo\":{\"@type\":\"ImageObject\",\"inLanguage\":\"es\",\"@id\":\"https:\/\/btektech.com\/#\/schema\/logo\/image\/\",\"url\":\"https:\/\/btektech.com\/wp-content\/uploads\/2021\/08\/btektech-logo.png\",\"contentUrl\":\"https:\/\/btektech.com\/wp-content\/uploads\/2021\/08\/btektech-logo.png\",\"width\":250,\"height\":114,\"caption\":\"Btektech\"},\"image\":{\"@id\":\"https:\/\/btektech.com\/#\/schema\/logo\/image\/\"},\"sameAs\":[\"https:\/\/x.com\/Btektech1\",\"https:\/\/www.instagram.com\/btektech\/\",\"https:\/\/www.linkedin.com\/company\/suzhou-baotailong-electronic-materials-co-ltd\/\",\"https:\/\/www.pinterest.com\/btektech\/_saved\/\",\"https:\/\/www.youtube.com\/channel\/UCBiw4Bc4CmQDrdo-QqyVTqQ\"]}]}<\/script>\n<!-- \/ Yoast SEO plugin. -->","yoast_head_json":{"title":"Aguja Dispensadora en \u00e1ngulo - Btektech","description":"Aguja Dispensadora en \u00e1ngulo la aguja doblada es sobre la base de la aguja general, aumentar el proceso de flexi\u00f3n.","robots":{"index":"index","follow":"follow","max-snippet":"max-snippet:-1","max-image-preview":"max-image-preview:large","max-video-preview":"max-video-preview:-1"},"canonical":"https:\/\/btektech.com\/es\/product\/aguja-dispensadora-en-angulo\/","og_locale":"es_ES","og_type":"article","og_title":"Aguja Dispensadora en \u00e1ngulo - Btektech","og_description":"Aguja Dispensadora en \u00e1ngulo la aguja doblada es sobre la base de la aguja general, aumentar el proceso de flexi\u00f3n.","og_url":"https:\/\/btektech.com\/es\/product\/aguja-dispensadora-en-angulo\/","og_site_name":"Btektech","article_modified_time":"2022-09-20T06:02:27+00:00","og_image":[{"width":379,"height":379,"url":"https:\/\/btektech.com\/wp-content\/uploads\/2021\/09\/Screenshot-2021-09-06-180927.jpg","type":"image\/jpeg"}],"twitter_card":"summary_large_image","twitter_site":"@Btektech1","twitter_misc":{"Tiempo de lectura":"1 minuto"},"schema":{"@context":"https:\/\/schema.org","@graph":[{"@type":["WebPage","ItemPage"],"@id":"https:\/\/btektech.com\/es\/product\/aguja-dispensadora-en-angulo\/","url":"https:\/\/btektech.com\/es\/product\/aguja-dispensadora-en-angulo\/","name":"Aguja Dispensadora en \u00e1ngulo - Btektech","isPartOf":{"@id":"https:\/\/btektech.com\/#website"},"primaryImageOfPage":{"@id":"https:\/\/btektech.com\/es\/product\/aguja-dispensadora-en-angulo\/#primaryimage"},"image":{"@id":"https:\/\/btektech.com\/es\/product\/aguja-dispensadora-en-angulo\/#primaryimage"},"thumbnailUrl":"https:\/\/btektech.com\/wp-content\/uploads\/2025\/12\/1.jpg","datePublished":"2022-04-26T16:57:31+00:00","dateModified":"2022-09-20T06:02:27+00:00","description":"Aguja Dispensadora en \u00e1ngulo la aguja doblada es sobre la base de la aguja general, aumentar el proceso de flexi\u00f3n.","breadcrumb":{"@id":"https:\/\/btektech.com\/es\/product\/aguja-dispensadora-en-angulo\/#breadcrumb"},"inLanguage":"es","potentialAction":[{"@type":"ReadAction","target":["https:\/\/btektech.com\/es\/product\/aguja-dispensadora-en-angulo\/"]}]},{"@type":"ImageObject","inLanguage":"es","@id":"https:\/\/btektech.com\/es\/product\/aguja-dispensadora-en-angulo\/#primaryimage","url":"https:\/\/btektech.com\/wp-content\/uploads\/2025\/12\/1.jpg","contentUrl":"https:\/\/btektech.com\/wp-content\/uploads\/2025\/12\/1.jpg","width":800,"height":800,"caption":"Angled Dispensing Tips"},{"@type":"BreadcrumbList","@id":"https:\/\/btektech.com\/es\/product\/aguja-dispensadora-en-angulo\/#breadcrumb","itemListElement":[{"@type":"ListItem","position":1,"name":"Home","item":"https:\/\/btektech.com\/es\/"},{"@type":"ListItem","position":2,"name":"\u00dcr\u00fcnler","item":"https:\/\/btektech.com\/tr\/shop\/"},{"@type":"ListItem","position":3,"name":"Aguja Dispensadora en \u00e1ngulo"}]},{"@type":"WebSite","@id":"https:\/\/btektech.com\/#website","url":"https:\/\/btektech.com\/","name":"Btektech","description":"","publisher":{"@id":"https:\/\/btektech.com\/#organization"},"potentialAction":[{"@type":"SearchAction","target":{"@type":"EntryPoint","urlTemplate":"https:\/\/btektech.com\/?s={search_term_string}"},"query-input":{"@type":"PropertyValueSpecification","valueRequired":true,"valueName":"search_term_string"}}],"inLanguage":"es"},{"@type":"Organization","@id":"https:\/\/btektech.com\/#organization","name":"Btektech","url":"https:\/\/btektech.com\/","logo":{"@type":"ImageObject","inLanguage":"es","@id":"https:\/\/btektech.com\/#\/schema\/logo\/image\/","url":"https:\/\/btektech.com\/wp-content\/uploads\/2021\/08\/btektech-logo.png","contentUrl":"https:\/\/btektech.com\/wp-content\/uploads\/2021\/08\/btektech-logo.png","width":250,"height":114,"caption":"Btektech"},"image":{"@id":"https:\/\/btektech.com\/#\/schema\/logo\/image\/"},"sameAs":["https:\/\/x.com\/Btektech1","https:\/\/www.instagram.com\/btektech\/","https:\/\/www.linkedin.com\/company\/suzhou-baotailong-electronic-materials-co-ltd\/","https:\/\/www.pinterest.com\/btektech\/_saved\/","https:\/\/www.youtube.com\/channel\/UCBiw4Bc4CmQDrdo-QqyVTqQ"]}]}},"_links":{"self":[{"href":"https:\/\/btektech.com\/es\/wp-json\/wp\/v2\/product\/5490","targetHints":{"allow":["GET"]}}],"collection":[{"href":"https:\/\/btektech.com\/es\/wp-json\/wp\/v2\/product"}],"about":[{"href":"https:\/\/btektech.com\/es\/wp-json\/wp\/v2\/types\/product"}],"replies":[{"embeddable":true,"href":"https:\/\/btektech.com\/es\/wp-json\/wp\/v2\/comments?post=5490"}],"version-history":[{"count":0,"href":"https:\/\/btektech.com\/es\/wp-json\/wp\/v2\/product\/5490\/revisions"}],"wp:featuredmedia":[{"embeddable":true,"href":"https:\/\/btektech.com\/es\/wp-json\/wp\/v2\/media\/21483"}],"wp:attachment":[{"href":"https:\/\/btektech.com\/es\/wp-json\/wp\/v2\/media?parent=5490"}],"wp:term":[{"taxonomy":"product_brand","embeddable":true,"href":"https:\/\/btektech.com\/es\/wp-json\/wp\/v2\/product_brand?post=5490"},{"taxonomy":"product_cat","embeddable":true,"href":"https:\/\/btektech.com\/es\/wp-json\/wp\/v2\/product_cat?post=5490"},{"taxonomy":"product_tag","embeddable":true,"href":"https:\/\/btektech.com\/es\/wp-json\/wp\/v2\/product_tag?post=5490"}],"curies":[{"name":"wp","href":"https:\/\/api.w.org\/{rel}","templated":true}]}}