{"id":5489,"date":"2021-09-07T02:29:46","date_gmt":"2022-04-26T16:57:29","guid":{"rendered":"https:\/\/btektech.com\/product\/puntas-dispensadoras-industriales-de-acero-inoxidable\/"},"modified":"2022-09-20T05:49:02","modified_gmt":"2022-09-20T05:49:02","slug":"punta-dispensadora-de-acero-inoxidable","status":"publish","type":"product","link":"https:\/\/btektech.com\/es\/product\/punta-dispensadora-de-acero-inoxidable\/","title":{"rendered":"Punta Dispensadora de Acero Inoxidable"},"content":{"rendered":"<p><span class=\"transSent\" data-group=\"0-0\">Punta Dispensadora de Acero Inoxidable de precisi\u00f3n, adecuada para la alta velocidad, la alta precisi\u00f3n y el alto funcionamiento de la maquinaria totalmente autom\u00e1tica.  <\/span><span class=\"transSent\" data-group=\"0-1\">  Adem\u00e1s del calibre est\u00e1ndar, tambi\u00e9n se puede hacer de acuerdo con los requisitos de producci\u00f3n de la longitud especificada.  <\/span><span class=\"transSent\" data-group=\"0-2\">  O aguja de doble tubo, aguja de varios tubos, etc.  <\/span><\/p>\n<div style=\"overflow: auto;\">\n<table style=\"text-align: center;\">\n<tbody>\n<tr>\n<th>Medir<\/th>\n<th>Identificaci\u00f3n (mm)<\/th>\n<th>DE (mm)<\/th>\n<th>6,35mm(1\/4&#8243;)<\/th>\n<th>12,7mm(1\/2&#8243;)<\/th>\n<th>25,4mm(1&#8243;)<\/th>\n<th>38,1mm(3\/2&#8243;)<\/th>\n<\/tr>\n<tr>\n<td>10<\/td>\n<td>2.8<\/td>\n<td>3.5<\/td>\n<td>SS 10025<\/td>\n<td>SS 10050<\/td>\n<td>SS 10100<\/td>\n<td>SS 10150<\/td>\n<\/tr>\n<tr>\n<td>11<\/td>\n<td>2.5<\/td>\n<td>3<\/td>\n<td>SS 11025<\/td>\n<td>SS 11050<\/td>\n<td>SS 11100<\/td>\n<td>SS 11150<\/td>\n<\/tr>\n<tr>\n<td>12<\/td>\n<td>2.27<\/td>\n<td>2.77<\/td>\n<td>SS 12025<\/td>\n<td>SS 12050<\/td>\n<td>SS 12100<\/td>\n<td>SS 12150<\/td>\n<\/tr>\n<tr>\n<td>13<\/td>\n<td>1.94<\/td>\n<td>2.4<\/td>\n<td>SS 13025<\/td>\n<td>SS 13050<\/td>\n<td>SS 13100<\/td>\n<td>SS 13150<\/td>\n<\/tr>\n<tr>\n<td>14<\/td>\n<td>1.65<\/td>\n<td>1.81<\/td>\n<td>SS 14025<\/td>\n<td>SS 14050<\/td>\n<td>SS 14100<\/td>\n<td>SS 14150<\/td>\n<\/tr>\n<tr>\n<td>15<\/td>\n<td>1.43<\/td>\n<td>1.81<\/td>\n<td>SS 15025<\/td>\n<td>SS 15050<\/td>\n<td>SS 15100<\/td>\n<td>SS 15150<\/td>\n<\/tr>\n<tr>\n<td>16<\/td>\n<td>1.25<\/td>\n<td>1.63<\/td>\n<td>SS 16025<\/td>\n<td>SS 16050<\/td>\n<td>SS 16100<\/td>\n<td>SS 16150<\/td>\n<\/tr>\n<tr>\n<td>17<\/td>\n<td>1.1<\/td>\n<td>1.49<\/td>\n<td>SS 17025<\/td>\n<td>SS 17050<\/td>\n<td>SS 17100<\/td>\n<td>SS 17150<\/td>\n<\/tr>\n<tr>\n<td>18<\/td>\n<td>0.84<\/td>\n<td>1.28<\/td>\n<td>SS 18025<\/td>\n<td>SS 18050<\/td>\n<td>SS 18100<\/td>\n<td>SS 18150<\/td>\n<\/tr>\n<tr>\n<td>19<\/td>\n<td>0.71<\/td>\n<td>1.06<\/td>\n<td>SS 19025<\/td>\n<td>SS 19050<\/td>\n<td>SS 19100<\/td>\n<td>SS 19150<\/td>\n<\/tr>\n<tr>\n<td>20<\/td>\n<td>0.6<\/td>\n<td>0.91<\/td>\n<td>SS 20025<\/td>\n<td>SS 20050<\/td>\n<td>SS 20100<\/td>\n<td>SS 20150<\/td>\n<\/tr>\n<tr>\n<td>21<\/td>\n<td>0.51<\/td>\n<td>0.81<\/td>\n<td>SS 21025<\/td>\n<td>SS 21050<\/td>\n<td>SS 21100<\/td>\n<td>SS 21150<\/td>\n<\/tr>\n<tr>\n<td>22<\/td>\n<td>0.41<\/td>\n<td>0.71<\/td>\n<td>SS 22025<\/td>\n<td>SS 22050<\/td>\n<td>SS 22100<\/td>\n<td>SS 22150<\/td>\n<\/tr>\n<tr>\n<td>23<\/td>\n<td>0.33<\/td>\n<td>0.63<\/td>\n<td>SS 23025<\/td>\n<td>SS 23050<\/td>\n<td>SS 23100<\/td>\n<td>SS 23150<\/td>\n<\/tr>\n<tr>\n<td>24<\/td>\n<td>0.31<\/td>\n<td>0.56<\/td>\n<td>SS 24025<\/td>\n<td>SS 24050<\/td>\n<td>NA<\/td>\n<td>NA<\/td>\n<\/tr>\n<tr>\n<td>25<\/td>\n<td>0.26<\/td>\n<td>0.51<\/td>\n<td>SS 25025<\/td>\n<td>SS 25050<\/td>\n<td>SS 25100<\/td>\n<td>SS 25150<\/td>\n<\/tr>\n<tr>\n<td>26<\/td>\n<td>0.25<\/td>\n<td>0.45<\/td>\n<td>SS 26025<\/td>\n<td>SS 26050<\/td>\n<td>SS 26100<\/td>\n<td>N\/M<\/td>\n<\/tr>\n<tr>\n<td>27<\/td>\n<td>0.21<\/td>\n<td>0.41<\/td>\n<td>SS 27025<\/td>\n<td>SS 27050<\/td>\n<td>SS 27100<\/td>\n<td>SS 27150<\/td>\n<\/tr>\n<tr>\n<td>30<\/td>\n<td>0.16<\/td>\n<td>0.32<\/td>\n<td>SS 30025<\/td>\n<td>SS 30050<\/td>\n<td>SS 30100<\/td>\n<td>SS 30150<\/td>\n<\/tr>\n<tr>\n<td>32<\/td>\n<td>0.09<\/td>\n<td>0.25<\/td>\n<td>SS 32025<\/td>\n<td>SS 32050<\/td>\n<td>NA<\/td>\n<td>NA<\/td>\n<\/tr>\n<tr>\n<td>34<\/td>\n<td>0.06<\/td>\n<td>0.25<\/td>\n<td>SS 34025<\/td>\n<td>SS 34050<\/td>\n<td>NA<\/td>\n<td>NA<\/td>\n<\/tr>\n<\/tbody>\n<\/table>\n<\/div>\n","protected":false},"excerpt":{"rendered":"<p class=\"src grammarSection\" data-group=\"1-1\">Todo el tubo es de acero inoxidable y est\u00e1 pulido por dentro y por fuera sin rebabas.<\/p>\n","protected":false},"featured_media":1932,"comment_status":"open","ping_status":"closed","template":"","meta":{"_acf_changed":false},"product_brand":[],"product_cat":[151],"product_tag":[],"class_list":{"0":"post-5489","1":"product","2":"type-product","3":"status-publish","4":"has-post-thumbnail","6":"product_cat-agujas-e-puntas-dispensadoras","8":"first","9":"instock","10":"shipping-taxable","11":"product-type-simple"},"acf":[],"yoast_head":"<!-- This site is optimized with the Yoast SEO plugin v26.0 - https:\/\/yoast.com\/wordpress\/plugins\/seo\/ -->\n<title>Punta Dispensadora de Acero Inoxidable - Btektech<\/title>\n<meta name=\"description\" content=\"Punta Dispensadora de Acero Inoxidable, adecuada para la alta velocidad, la alta precisi\u00f3n y el alto funcionamiento de la maquinaria totalmente autom\u00e1tica.\" \/>\n<meta name=\"robots\" content=\"index, follow, max-snippet:-1, max-image-preview:large, max-video-preview:-1\" \/>\n<link rel=\"canonical\" href=\"https:\/\/btektech.com\/es\/product\/punta-dispensadora-de-acero-inoxidable\/\" \/>\n<meta property=\"og:locale\" content=\"es_ES\" \/>\n<meta property=\"og:type\" content=\"article\" \/>\n<meta property=\"og:title\" content=\"Punta Dispensadora de Acero Inoxidable - Btektech\" \/>\n<meta property=\"og:description\" content=\"Punta Dispensadora de Acero Inoxidable, adecuada para la alta velocidad, la alta precisi\u00f3n y el alto funcionamiento de la maquinaria totalmente autom\u00e1tica.\" \/>\n<meta property=\"og:url\" content=\"https:\/\/btektech.com\/es\/product\/punta-dispensadora-de-acero-inoxidable\/\" \/>\n<meta property=\"og:site_name\" content=\"Btektech\" \/>\n<meta property=\"article:modified_time\" content=\"2022-09-20T05:49:02+00:00\" \/>\n<meta property=\"og:image\" content=\"https:\/\/btektech.com\/wp-content\/uploads\/2021\/09\/Screenshot-2021-09-07-104438.jpg\" \/>\n\t<meta property=\"og:image:width\" content=\"366\" \/>\n\t<meta property=\"og:image:height\" content=\"366\" \/>\n\t<meta property=\"og:image:type\" content=\"image\/jpeg\" \/>\n<meta name=\"twitter:card\" content=\"summary_large_image\" \/>\n<meta name=\"twitter:site\" content=\"@Btektech1\" \/>\n<meta name=\"twitter:label1\" content=\"Tiempo de lectura\" \/>\n\t<meta name=\"twitter:data1\" content=\"2 minutos\" \/>\n<script type=\"application\/ld+json\" class=\"yoast-schema-graph\">{\"@context\":\"https:\/\/schema.org\",\"@graph\":[{\"@type\":[\"WebPage\",\"ItemPage\"],\"@id\":\"https:\/\/btektech.com\/es\/product\/punta-dispensadora-de-acero-inoxidable\/\",\"url\":\"https:\/\/btektech.com\/es\/product\/punta-dispensadora-de-acero-inoxidable\/\",\"name\":\"Punta Dispensadora de Acero Inoxidable - Btektech\",\"isPartOf\":{\"@id\":\"https:\/\/btektech.com\/#website\"},\"primaryImageOfPage\":{\"@id\":\"https:\/\/btektech.com\/es\/product\/punta-dispensadora-de-acero-inoxidable\/#primaryimage\"},\"image\":{\"@id\":\"https:\/\/btektech.com\/es\/product\/punta-dispensadora-de-acero-inoxidable\/#primaryimage\"},\"thumbnailUrl\":\"https:\/\/btektech.com\/wp-content\/uploads\/2021\/09\/Screenshot-2021-09-07-104438.jpg\",\"datePublished\":\"2022-04-26T16:57:29+00:00\",\"dateModified\":\"2022-09-20T05:49:02+00:00\",\"description\":\"Punta Dispensadora de Acero Inoxidable, adecuada para la alta velocidad, la alta precisi\u00f3n y el alto funcionamiento de la maquinaria totalmente autom\u00e1tica.\",\"breadcrumb\":{\"@id\":\"https:\/\/btektech.com\/es\/product\/punta-dispensadora-de-acero-inoxidable\/#breadcrumb\"},\"inLanguage\":\"es\",\"potentialAction\":[{\"@type\":\"ReadAction\",\"target\":[\"https:\/\/btektech.com\/es\/product\/punta-dispensadora-de-acero-inoxidable\/\"]}]},{\"@type\":\"ImageObject\",\"inLanguage\":\"es\",\"@id\":\"https:\/\/btektech.com\/es\/product\/punta-dispensadora-de-acero-inoxidable\/#primaryimage\",\"url\":\"https:\/\/btektech.com\/wp-content\/uploads\/2021\/09\/Screenshot-2021-09-07-104438.jpg\",\"contentUrl\":\"https:\/\/btektech.com\/wp-content\/uploads\/2021\/09\/Screenshot-2021-09-07-104438.jpg\",\"width\":366,\"height\":366,\"caption\":\"Punta de dosificaci\u00f3n de acero inoxidable\"},{\"@type\":\"BreadcrumbList\",\"@id\":\"https:\/\/btektech.com\/es\/product\/punta-dispensadora-de-acero-inoxidable\/#breadcrumb\",\"itemListElement\":[{\"@type\":\"ListItem\",\"position\":1,\"name\":\"Home\",\"item\":\"https:\/\/btektech.com\/es\/\"},{\"@type\":\"ListItem\",\"position\":2,\"name\":\"\u00dcr\u00fcnler\",\"item\":\"https:\/\/btektech.com\/tr\/shop\/\"},{\"@type\":\"ListItem\",\"position\":3,\"name\":\"Dispensing Tips\",\"item\":\"https:\/\/btektech.com\/product-category\/dispensing-tips\/\"},{\"@type\":\"ListItem\",\"position\":4,\"name\":\"Punta Dispensadora de Acero Inoxidable\"}]},{\"@type\":\"WebSite\",\"@id\":\"https:\/\/btektech.com\/#website\",\"url\":\"https:\/\/btektech.com\/\",\"name\":\"Btektech\",\"description\":\"\",\"publisher\":{\"@id\":\"https:\/\/btektech.com\/#organization\"},\"potentialAction\":[{\"@type\":\"SearchAction\",\"target\":{\"@type\":\"EntryPoint\",\"urlTemplate\":\"https:\/\/btektech.com\/?s={search_term_string}\"},\"query-input\":{\"@type\":\"PropertyValueSpecification\",\"valueRequired\":true,\"valueName\":\"search_term_string\"}}],\"inLanguage\":\"es\"},{\"@type\":\"Organization\",\"@id\":\"https:\/\/btektech.com\/#organization\",\"name\":\"Btektech\",\"url\":\"https:\/\/btektech.com\/\",\"logo\":{\"@type\":\"ImageObject\",\"inLanguage\":\"es\",\"@id\":\"https:\/\/btektech.com\/#\/schema\/logo\/image\/\",\"url\":\"https:\/\/btektech.com\/wp-content\/uploads\/2021\/08\/btektech-logo.png\",\"contentUrl\":\"https:\/\/btektech.com\/wp-content\/uploads\/2021\/08\/btektech-logo.png\",\"width\":250,\"height\":114,\"caption\":\"Btektech\"},\"image\":{\"@id\":\"https:\/\/btektech.com\/#\/schema\/logo\/image\/\"},\"sameAs\":[\"https:\/\/x.com\/Btektech1\",\"https:\/\/www.instagram.com\/btektech\/\",\"https:\/\/www.linkedin.com\/company\/suzhou-baotailong-electronic-materials-co-ltd\/\",\"https:\/\/www.pinterest.com\/btektech\/_saved\/\",\"https:\/\/www.youtube.com\/channel\/UCBiw4Bc4CmQDrdo-QqyVTqQ\"]}]}<\/script>\n<!-- \/ Yoast SEO plugin. -->","yoast_head_json":{"title":"Punta Dispensadora de Acero Inoxidable - Btektech","description":"Punta Dispensadora de Acero Inoxidable, adecuada para la alta velocidad, la alta precisi\u00f3n y el alto funcionamiento de la maquinaria totalmente autom\u00e1tica.","robots":{"index":"index","follow":"follow","max-snippet":"max-snippet:-1","max-image-preview":"max-image-preview:large","max-video-preview":"max-video-preview:-1"},"canonical":"https:\/\/btektech.com\/es\/product\/punta-dispensadora-de-acero-inoxidable\/","og_locale":"es_ES","og_type":"article","og_title":"Punta Dispensadora de Acero Inoxidable - Btektech","og_description":"Punta Dispensadora de Acero Inoxidable, adecuada para la alta velocidad, la alta precisi\u00f3n y el alto funcionamiento de la maquinaria totalmente autom\u00e1tica.","og_url":"https:\/\/btektech.com\/es\/product\/punta-dispensadora-de-acero-inoxidable\/","og_site_name":"Btektech","article_modified_time":"2022-09-20T05:49:02+00:00","og_image":[{"width":366,"height":366,"url":"https:\/\/btektech.com\/wp-content\/uploads\/2021\/09\/Screenshot-2021-09-07-104438.jpg","type":"image\/jpeg"}],"twitter_card":"summary_large_image","twitter_site":"@Btektech1","twitter_misc":{"Tiempo de lectura":"2 minutos"},"schema":{"@context":"https:\/\/schema.org","@graph":[{"@type":["WebPage","ItemPage"],"@id":"https:\/\/btektech.com\/es\/product\/punta-dispensadora-de-acero-inoxidable\/","url":"https:\/\/btektech.com\/es\/product\/punta-dispensadora-de-acero-inoxidable\/","name":"Punta Dispensadora de Acero Inoxidable - Btektech","isPartOf":{"@id":"https:\/\/btektech.com\/#website"},"primaryImageOfPage":{"@id":"https:\/\/btektech.com\/es\/product\/punta-dispensadora-de-acero-inoxidable\/#primaryimage"},"image":{"@id":"https:\/\/btektech.com\/es\/product\/punta-dispensadora-de-acero-inoxidable\/#primaryimage"},"thumbnailUrl":"https:\/\/btektech.com\/wp-content\/uploads\/2021\/09\/Screenshot-2021-09-07-104438.jpg","datePublished":"2022-04-26T16:57:29+00:00","dateModified":"2022-09-20T05:49:02+00:00","description":"Punta Dispensadora de Acero Inoxidable, adecuada para la alta velocidad, la alta precisi\u00f3n y el alto funcionamiento de la maquinaria totalmente autom\u00e1tica.","breadcrumb":{"@id":"https:\/\/btektech.com\/es\/product\/punta-dispensadora-de-acero-inoxidable\/#breadcrumb"},"inLanguage":"es","potentialAction":[{"@type":"ReadAction","target":["https:\/\/btektech.com\/es\/product\/punta-dispensadora-de-acero-inoxidable\/"]}]},{"@type":"ImageObject","inLanguage":"es","@id":"https:\/\/btektech.com\/es\/product\/punta-dispensadora-de-acero-inoxidable\/#primaryimage","url":"https:\/\/btektech.com\/wp-content\/uploads\/2021\/09\/Screenshot-2021-09-07-104438.jpg","contentUrl":"https:\/\/btektech.com\/wp-content\/uploads\/2021\/09\/Screenshot-2021-09-07-104438.jpg","width":366,"height":366,"caption":"Punta de dosificaci\u00f3n de acero inoxidable"},{"@type":"BreadcrumbList","@id":"https:\/\/btektech.com\/es\/product\/punta-dispensadora-de-acero-inoxidable\/#breadcrumb","itemListElement":[{"@type":"ListItem","position":1,"name":"Home","item":"https:\/\/btektech.com\/es\/"},{"@type":"ListItem","position":2,"name":"\u00dcr\u00fcnler","item":"https:\/\/btektech.com\/tr\/shop\/"},{"@type":"ListItem","position":3,"name":"Dispensing Tips","item":"https:\/\/btektech.com\/product-category\/dispensing-tips\/"},{"@type":"ListItem","position":4,"name":"Punta Dispensadora de Acero Inoxidable"}]},{"@type":"WebSite","@id":"https:\/\/btektech.com\/#website","url":"https:\/\/btektech.com\/","name":"Btektech","description":"","publisher":{"@id":"https:\/\/btektech.com\/#organization"},"potentialAction":[{"@type":"SearchAction","target":{"@type":"EntryPoint","urlTemplate":"https:\/\/btektech.com\/?s={search_term_string}"},"query-input":{"@type":"PropertyValueSpecification","valueRequired":true,"valueName":"search_term_string"}}],"inLanguage":"es"},{"@type":"Organization","@id":"https:\/\/btektech.com\/#organization","name":"Btektech","url":"https:\/\/btektech.com\/","logo":{"@type":"ImageObject","inLanguage":"es","@id":"https:\/\/btektech.com\/#\/schema\/logo\/image\/","url":"https:\/\/btektech.com\/wp-content\/uploads\/2021\/08\/btektech-logo.png","contentUrl":"https:\/\/btektech.com\/wp-content\/uploads\/2021\/08\/btektech-logo.png","width":250,"height":114,"caption":"Btektech"},"image":{"@id":"https:\/\/btektech.com\/#\/schema\/logo\/image\/"},"sameAs":["https:\/\/x.com\/Btektech1","https:\/\/www.instagram.com\/btektech\/","https:\/\/www.linkedin.com\/company\/suzhou-baotailong-electronic-materials-co-ltd\/","https:\/\/www.pinterest.com\/btektech\/_saved\/","https:\/\/www.youtube.com\/channel\/UCBiw4Bc4CmQDrdo-QqyVTqQ"]}]}},"_links":{"self":[{"href":"https:\/\/btektech.com\/es\/wp-json\/wp\/v2\/product\/5489","targetHints":{"allow":["GET"]}}],"collection":[{"href":"https:\/\/btektech.com\/es\/wp-json\/wp\/v2\/product"}],"about":[{"href":"https:\/\/btektech.com\/es\/wp-json\/wp\/v2\/types\/product"}],"replies":[{"embeddable":true,"href":"https:\/\/btektech.com\/es\/wp-json\/wp\/v2\/comments?post=5489"}],"version-history":[{"count":0,"href":"https:\/\/btektech.com\/es\/wp-json\/wp\/v2\/product\/5489\/revisions"}],"wp:featuredmedia":[{"embeddable":true,"href":"https:\/\/btektech.com\/es\/wp-json\/wp\/v2\/media\/1932"}],"wp:attachment":[{"href":"https:\/\/btektech.com\/es\/wp-json\/wp\/v2\/media?parent=5489"}],"wp:term":[{"taxonomy":"product_brand","embeddable":true,"href":"https:\/\/btektech.com\/es\/wp-json\/wp\/v2\/product_brand?post=5489"},{"taxonomy":"product_cat","embeddable":true,"href":"https:\/\/btektech.com\/es\/wp-json\/wp\/v2\/product_cat?post=5489"},{"taxonomy":"product_tag","embeddable":true,"href":"https:\/\/btektech.com\/es\/wp-json\/wp\/v2\/product_tag?post=5489"}],"curies":[{"name":"wp","href":"https:\/\/api.w.org\/{rel}","templated":true}]}}