{"id":5477,"date":"2021-09-07T10:14:24","date_gmt":"2022-04-26T16:50:52","guid":{"rendered":"https:\/\/btektech.com\/product\/punta-dosificadora-de-cubo-de-aluminio\/"},"modified":"2022-09-20T04:00:18","modified_gmt":"2022-09-20T04:00:18","slug":"aguja-dispensadora-de-cubo-de-aluminio","status":"publish","type":"product","link":"https:\/\/btektech.com\/es\/product\/aguja-dispensadora-de-cubo-de-aluminio\/","title":{"rendered":"Aguja Dispensadora de Cubo de Aluminio"},"content":{"rendered":"<p style=\"font-weight:600;font-size:30px;\">Aguja Dispensadora de Cubo de Aluminio:<\/p>\n<p>Aguja Dispensadora de Cubo de Aluminio conecte el soporte de la aguja con un tubo de acero mediante remaches de incrustaciones de aluminio. Evite el pegamento adhesivo de aguja dispensadora convencional que es f\u00e1cil de da\u00f1ar, o el peligro de corrosi\u00f3n l\u00edquida, para mejorar la vida \u00fatil de la aguja de pegamento de punta.<\/p>\n<div style=\"overflow: auto;\">\n<table style=\"text-align: center;\">\n<tbody>\n<tr>\n<th>Medir<\/th>\n<th>Color<\/th>\n<th>Identificaci\u00f3n (mm)<\/th>\n<th>DE (mm)<\/th>\n<th>12,7 mm (1\/2&#8243;)<\/th>\n<\/tr>\n<tr>\n<td>14<\/td>\n<td>Aceituna<\/td>\n<td>1.65<\/td>\n<td>1.81<\/td>\n<td>EN 14050<\/td>\n<\/tr>\n<tr>\n<td>15<\/td>\n<td>\u00c1mbar<\/td>\n<td>1.4<\/td>\n<td>1.81<\/td>\n<td>EN 15050<\/td>\n<\/tr>\n<tr>\n<td>16<\/td>\n<td>Gris<\/td>\n<td>1.19<\/td>\n<td>1.62<\/td>\n<td>EN 16050<\/td>\n<\/tr>\n<tr>\n<td>18<\/td>\n<td>Verde<\/td>\n<td>0.84<\/td>\n<td>1.28<\/td>\n<td>EN 18050<\/td>\n<\/tr>\n<tr>\n<td>20<\/td>\n<td>Rosa<\/td>\n<td>0.6<\/td>\n<td>0.91<\/td>\n<td>en 20050<\/td>\n<\/tr>\n<tr>\n<td>21<\/td>\n<td>P\u00farpura<\/td>\n<td>0.51<\/td>\n<td>0.81<\/td>\n<td>EN 21050<\/td>\n<\/tr>\n<tr>\n<td>22<\/td>\n<td>Azul<\/td>\n<td>0.41<\/td>\n<td>0.71<\/td>\n<td>EN 22050<\/td>\n<\/tr>\n<tr>\n<td>23<\/td>\n<td>naranja<\/td>\n<td>0.33<\/td>\n<td>0.63<\/td>\n<td>EN 23050<\/td>\n<\/tr>\n<tr>\n<td>25<\/td>\n<td>rojo<\/td>\n<td>0.26<\/td>\n<td>0.51<\/td>\n<td>EN 25050<\/td>\n<\/tr>\n<\/tbody>\n<\/table>\n<\/div>\n","protected":false},"excerpt":{"rendered":"<p><span class=\"src\" data-group=\"0-0\">Los tubos de acero inoxidable se cortan a la longitud exacta y se rectifican sin rebabas. <\/span><span class=\"src\" data-group=\"0-1\"> Tubo de acero inoxidable insertado en la base de la aguja, fijado por remaches de aluminio.<\/span><\/p>\n","protected":false},"featured_media":2008,"comment_status":"open","ping_status":"closed","template":"","meta":{"_acf_changed":false},"product_brand":[],"product_cat":[268],"product_tag":[],"class_list":{"0":"post-5477","1":"product","2":"type-product","3":"status-publish","4":"has-post-thumbnail","6":"product_cat-uncategorized-es","8":"first","9":"instock","10":"shipping-taxable","11":"purchasable","12":"product-type-simple"},"acf":[],"yoast_head":"<!-- This site is optimized with the Yoast SEO plugin v26.0 - https:\/\/yoast.com\/wordpress\/plugins\/seo\/ -->\n<title>Aguja Dispensadora de Cubo de Aluminio - Btektech<\/title>\n<meta name=\"description\" content=\"Aguja Dispensadora de Cubo de Aluminio conecte el soporte de la aguja con un tubo de acero mediante remaches de incrustaciones de aluminio.\" \/>\n<meta name=\"robots\" content=\"index, follow, max-snippet:-1, max-image-preview:large, max-video-preview:-1\" \/>\n<link rel=\"canonical\" href=\"https:\/\/btektech.com\/es\/product\/aguja-dispensadora-de-cubo-de-aluminio\/\" \/>\n<meta property=\"og:locale\" content=\"es_ES\" \/>\n<meta property=\"og:type\" content=\"article\" \/>\n<meta property=\"og:title\" content=\"Aguja Dispensadora de Cubo de Aluminio - Btektech\" \/>\n<meta property=\"og:description\" content=\"Aguja Dispensadora de Cubo de Aluminio conecte el soporte de la aguja con un tubo de acero mediante remaches de incrustaciones de aluminio.\" \/>\n<meta property=\"og:url\" content=\"https:\/\/btektech.com\/es\/product\/aguja-dispensadora-de-cubo-de-aluminio\/\" \/>\n<meta property=\"og:site_name\" content=\"Btektech\" \/>\n<meta property=\"article:modified_time\" content=\"2022-09-20T04:00:18+00:00\" \/>\n<meta property=\"og:image\" content=\"https:\/\/btektech.com\/wp-content\/uploads\/2021\/09\/\u94dd\u9576\u5d4c.jpg\" \/>\n\t<meta property=\"og:image:width\" content=\"386\" \/>\n\t<meta property=\"og:image:height\" content=\"383\" \/>\n\t<meta property=\"og:image:type\" content=\"image\/jpeg\" \/>\n<meta name=\"twitter:card\" content=\"summary_large_image\" \/>\n<meta name=\"twitter:site\" content=\"@Btektech1\" \/>\n<meta name=\"twitter:label1\" content=\"Tiempo de lectura\" \/>\n\t<meta name=\"twitter:data1\" content=\"1 minuto\" \/>\n<script type=\"application\/ld+json\" class=\"yoast-schema-graph\">{\"@context\":\"https:\/\/schema.org\",\"@graph\":[{\"@type\":[\"WebPage\",\"ItemPage\"],\"@id\":\"https:\/\/btektech.com\/es\/product\/aguja-dispensadora-de-cubo-de-aluminio\/\",\"url\":\"https:\/\/btektech.com\/es\/product\/aguja-dispensadora-de-cubo-de-aluminio\/\",\"name\":\"Aguja Dispensadora de Cubo de Aluminio - Btektech\",\"isPartOf\":{\"@id\":\"https:\/\/btektech.com\/#website\"},\"primaryImageOfPage\":{\"@id\":\"https:\/\/btektech.com\/es\/product\/aguja-dispensadora-de-cubo-de-aluminio\/#primaryimage\"},\"image\":{\"@id\":\"https:\/\/btektech.com\/es\/product\/aguja-dispensadora-de-cubo-de-aluminio\/#primaryimage\"},\"thumbnailUrl\":\"https:\/\/btektech.com\/wp-content\/uploads\/2021\/09\/\u94dd\u9576\u5d4c.jpg\",\"datePublished\":\"2022-04-26T16:50:52+00:00\",\"dateModified\":\"2022-09-20T04:00:18+00:00\",\"description\":\"Aguja Dispensadora de Cubo de Aluminio conecte el soporte de la aguja con un tubo de acero mediante remaches de incrustaciones de aluminio.\",\"breadcrumb\":{\"@id\":\"https:\/\/btektech.com\/es\/product\/aguja-dispensadora-de-cubo-de-aluminio\/#breadcrumb\"},\"inLanguage\":\"es\",\"potentialAction\":[{\"@type\":\"ReadAction\",\"target\":[\"https:\/\/btektech.com\/es\/product\/aguja-dispensadora-de-cubo-de-aluminio\/\"]}]},{\"@type\":\"ImageObject\",\"inLanguage\":\"es\",\"@id\":\"https:\/\/btektech.com\/es\/product\/aguja-dispensadora-de-cubo-de-aluminio\/#primaryimage\",\"url\":\"https:\/\/btektech.com\/wp-content\/uploads\/2021\/09\/\u94dd\u9576\u5d4c.jpg\",\"contentUrl\":\"https:\/\/btektech.com\/wp-content\/uploads\/2021\/09\/\u94dd\u9576\u5d4c.jpg\",\"width\":386,\"height\":383,\"caption\":\"Aguja Dispensadora de Cubo de Aluminio\"},{\"@type\":\"BreadcrumbList\",\"@id\":\"https:\/\/btektech.com\/es\/product\/aguja-dispensadora-de-cubo-de-aluminio\/#breadcrumb\",\"itemListElement\":[{\"@type\":\"ListItem\",\"position\":1,\"name\":\"Home\",\"item\":\"https:\/\/btektech.com\/es\/\"},{\"@type\":\"ListItem\",\"position\":2,\"name\":\"\u00dcr\u00fcnler\",\"item\":\"https:\/\/btektech.com\/tr\/shop\/\"},{\"@type\":\"ListItem\",\"position\":3,\"name\":\"Dispensing Tips\",\"item\":\"https:\/\/btektech.com\/product-category\/dispensing-tips\/\"},{\"@type\":\"ListItem\",\"position\":4,\"name\":\"Aguja Dispensadora de Cubo de Aluminio\"}]},{\"@type\":\"WebSite\",\"@id\":\"https:\/\/btektech.com\/#website\",\"url\":\"https:\/\/btektech.com\/\",\"name\":\"Btektech\",\"description\":\"\",\"publisher\":{\"@id\":\"https:\/\/btektech.com\/#organization\"},\"potentialAction\":[{\"@type\":\"SearchAction\",\"target\":{\"@type\":\"EntryPoint\",\"urlTemplate\":\"https:\/\/btektech.com\/?s={search_term_string}\"},\"query-input\":{\"@type\":\"PropertyValueSpecification\",\"valueRequired\":true,\"valueName\":\"search_term_string\"}}],\"inLanguage\":\"es\"},{\"@type\":\"Organization\",\"@id\":\"https:\/\/btektech.com\/#organization\",\"name\":\"Btektech\",\"url\":\"https:\/\/btektech.com\/\",\"logo\":{\"@type\":\"ImageObject\",\"inLanguage\":\"es\",\"@id\":\"https:\/\/btektech.com\/#\/schema\/logo\/image\/\",\"url\":\"https:\/\/btektech.com\/wp-content\/uploads\/2021\/08\/btektech-logo.png\",\"contentUrl\":\"https:\/\/btektech.com\/wp-content\/uploads\/2021\/08\/btektech-logo.png\",\"width\":250,\"height\":114,\"caption\":\"Btektech\"},\"image\":{\"@id\":\"https:\/\/btektech.com\/#\/schema\/logo\/image\/\"},\"sameAs\":[\"https:\/\/x.com\/Btektech1\",\"https:\/\/www.instagram.com\/btektech\/\",\"https:\/\/www.linkedin.com\/company\/suzhou-baotailong-electronic-materials-co-ltd\/\",\"https:\/\/www.pinterest.com\/btektech\/_saved\/\",\"https:\/\/www.youtube.com\/channel\/UCBiw4Bc4CmQDrdo-QqyVTqQ\"]}]}<\/script>\n<!-- \/ Yoast SEO plugin. -->","yoast_head_json":{"title":"Aguja Dispensadora de Cubo de Aluminio - Btektech","description":"Aguja Dispensadora de Cubo de Aluminio conecte el soporte de la aguja con un tubo de acero mediante remaches de incrustaciones de aluminio.","robots":{"index":"index","follow":"follow","max-snippet":"max-snippet:-1","max-image-preview":"max-image-preview:large","max-video-preview":"max-video-preview:-1"},"canonical":"https:\/\/btektech.com\/es\/product\/aguja-dispensadora-de-cubo-de-aluminio\/","og_locale":"es_ES","og_type":"article","og_title":"Aguja Dispensadora de Cubo de Aluminio - Btektech","og_description":"Aguja Dispensadora de Cubo de Aluminio conecte el soporte de la aguja con un tubo de acero mediante remaches de incrustaciones de aluminio.","og_url":"https:\/\/btektech.com\/es\/product\/aguja-dispensadora-de-cubo-de-aluminio\/","og_site_name":"Btektech","article_modified_time":"2022-09-20T04:00:18+00:00","og_image":[{"width":386,"height":383,"url":"https:\/\/btektech.com\/wp-content\/uploads\/2021\/09\/\u94dd\u9576\u5d4c.jpg","type":"image\/jpeg"}],"twitter_card":"summary_large_image","twitter_site":"@Btektech1","twitter_misc":{"Tiempo de lectura":"1 minuto"},"schema":{"@context":"https:\/\/schema.org","@graph":[{"@type":["WebPage","ItemPage"],"@id":"https:\/\/btektech.com\/es\/product\/aguja-dispensadora-de-cubo-de-aluminio\/","url":"https:\/\/btektech.com\/es\/product\/aguja-dispensadora-de-cubo-de-aluminio\/","name":"Aguja Dispensadora de Cubo de Aluminio - Btektech","isPartOf":{"@id":"https:\/\/btektech.com\/#website"},"primaryImageOfPage":{"@id":"https:\/\/btektech.com\/es\/product\/aguja-dispensadora-de-cubo-de-aluminio\/#primaryimage"},"image":{"@id":"https:\/\/btektech.com\/es\/product\/aguja-dispensadora-de-cubo-de-aluminio\/#primaryimage"},"thumbnailUrl":"https:\/\/btektech.com\/wp-content\/uploads\/2021\/09\/\u94dd\u9576\u5d4c.jpg","datePublished":"2022-04-26T16:50:52+00:00","dateModified":"2022-09-20T04:00:18+00:00","description":"Aguja Dispensadora de Cubo de Aluminio conecte el soporte de la aguja con un tubo de acero mediante remaches de incrustaciones de aluminio.","breadcrumb":{"@id":"https:\/\/btektech.com\/es\/product\/aguja-dispensadora-de-cubo-de-aluminio\/#breadcrumb"},"inLanguage":"es","potentialAction":[{"@type":"ReadAction","target":["https:\/\/btektech.com\/es\/product\/aguja-dispensadora-de-cubo-de-aluminio\/"]}]},{"@type":"ImageObject","inLanguage":"es","@id":"https:\/\/btektech.com\/es\/product\/aguja-dispensadora-de-cubo-de-aluminio\/#primaryimage","url":"https:\/\/btektech.com\/wp-content\/uploads\/2021\/09\/\u94dd\u9576\u5d4c.jpg","contentUrl":"https:\/\/btektech.com\/wp-content\/uploads\/2021\/09\/\u94dd\u9576\u5d4c.jpg","width":386,"height":383,"caption":"Aguja Dispensadora de Cubo de Aluminio"},{"@type":"BreadcrumbList","@id":"https:\/\/btektech.com\/es\/product\/aguja-dispensadora-de-cubo-de-aluminio\/#breadcrumb","itemListElement":[{"@type":"ListItem","position":1,"name":"Home","item":"https:\/\/btektech.com\/es\/"},{"@type":"ListItem","position":2,"name":"\u00dcr\u00fcnler","item":"https:\/\/btektech.com\/tr\/shop\/"},{"@type":"ListItem","position":3,"name":"Dispensing Tips","item":"https:\/\/btektech.com\/product-category\/dispensing-tips\/"},{"@type":"ListItem","position":4,"name":"Aguja Dispensadora de Cubo de Aluminio"}]},{"@type":"WebSite","@id":"https:\/\/btektech.com\/#website","url":"https:\/\/btektech.com\/","name":"Btektech","description":"","publisher":{"@id":"https:\/\/btektech.com\/#organization"},"potentialAction":[{"@type":"SearchAction","target":{"@type":"EntryPoint","urlTemplate":"https:\/\/btektech.com\/?s={search_term_string}"},"query-input":{"@type":"PropertyValueSpecification","valueRequired":true,"valueName":"search_term_string"}}],"inLanguage":"es"},{"@type":"Organization","@id":"https:\/\/btektech.com\/#organization","name":"Btektech","url":"https:\/\/btektech.com\/","logo":{"@type":"ImageObject","inLanguage":"es","@id":"https:\/\/btektech.com\/#\/schema\/logo\/image\/","url":"https:\/\/btektech.com\/wp-content\/uploads\/2021\/08\/btektech-logo.png","contentUrl":"https:\/\/btektech.com\/wp-content\/uploads\/2021\/08\/btektech-logo.png","width":250,"height":114,"caption":"Btektech"},"image":{"@id":"https:\/\/btektech.com\/#\/schema\/logo\/image\/"},"sameAs":["https:\/\/x.com\/Btektech1","https:\/\/www.instagram.com\/btektech\/","https:\/\/www.linkedin.com\/company\/suzhou-baotailong-electronic-materials-co-ltd\/","https:\/\/www.pinterest.com\/btektech\/_saved\/","https:\/\/www.youtube.com\/channel\/UCBiw4Bc4CmQDrdo-QqyVTqQ"]}]}},"_links":{"self":[{"href":"https:\/\/btektech.com\/es\/wp-json\/wp\/v2\/product\/5477","targetHints":{"allow":["GET"]}}],"collection":[{"href":"https:\/\/btektech.com\/es\/wp-json\/wp\/v2\/product"}],"about":[{"href":"https:\/\/btektech.com\/es\/wp-json\/wp\/v2\/types\/product"}],"replies":[{"embeddable":true,"href":"https:\/\/btektech.com\/es\/wp-json\/wp\/v2\/comments?post=5477"}],"version-history":[{"count":0,"href":"https:\/\/btektech.com\/es\/wp-json\/wp\/v2\/product\/5477\/revisions"}],"wp:featuredmedia":[{"embeddable":true,"href":"https:\/\/btektech.com\/es\/wp-json\/wp\/v2\/media\/2008"}],"wp:attachment":[{"href":"https:\/\/btektech.com\/es\/wp-json\/wp\/v2\/media?parent=5477"}],"wp:term":[{"taxonomy":"product_brand","embeddable":true,"href":"https:\/\/btektech.com\/es\/wp-json\/wp\/v2\/product_brand?post=5477"},{"taxonomy":"product_cat","embeddable":true,"href":"https:\/\/btektech.com\/es\/wp-json\/wp\/v2\/product_cat?post=5477"},{"taxonomy":"product_tag","embeddable":true,"href":"https:\/\/btektech.com\/es\/wp-json\/wp\/v2\/product_tag?post=5477"}],"curies":[{"name":"wp","href":"https:\/\/api.w.org\/{rel}","templated":true}]}}