{"id":5472,"date":"2021-09-07T10:36:08","date_gmt":"2022-04-26T16:49:29","guid":{"rendered":"https:\/\/btektech.com\/product\/puntas-de-dispensacion-de-agujas-de-cepillo\/"},"modified":"2022-09-20T05:36:16","modified_gmt":"2022-09-20T05:36:16","slug":"cepillo-de-punta-dispensadora","status":"publish","type":"product","link":"https:\/\/btektech.com\/es\/product\/cepillo-de-punta-dispensadora\/","title":{"rendered":"Cepillo de Punta Dispensadora"},"content":{"rendered":"<p>El dise\u00f1o \u00fanico de Cepillo de Punta Dispensadora es simple y conveniente, para garantizar que el pegamento sea preciso y consistente, utilizado para todas las pistolas de pegamento, m\u00e1quinas dispensadoras.<br \/>\nCepillo de Punta Dispensadora adecuado para imprimaci\u00f3n, catalizador, material de recubrimiento, aceite lubricante, solvente, fundente, crema radiante, gel de s\u00edlice, tinta y pintura. No apto para colas de secado r\u00e1pido y coloides de alta viscosidad.<\/p>\n<div style=\"overflow: auto;\">\n<table style=\"border-collapse: collapse; text-align: center;\" border=\"0\"  cellspacing=\"0\" cellpadding=\"0\">\n<tbody>\n<tr>\n<th>Medir<\/th>\n<th>Color<\/th>\n<th colspan=\"5\">Redondo (mm)<\/th>\n<th colspan=\"4\">Plano (mm)<\/th>\n<\/tr>\n<tr>\n<td>14<\/td>\n<td>Aceituna<\/td>\n<td>N \/ A<\/td>\n<td>N \/ A<\/td>\n<td>4<\/td>\n<td>5<\/td>\n<td>6<\/td>\n<td>N \/ A<\/td>\n<td>4<\/td>\n<td>5<\/td>\n<td>6<\/td>\n<\/tr>\n<tr>\n<td>15<\/td>\n<td>\u00c1mbar<\/td>\n<td>N \/ A<\/td>\n<td>N \/ A<\/td>\n<td>4<\/td>\n<td>5<\/td>\n<td>6<\/td>\n<td>N \/ A<\/td>\n<td>4<\/td>\n<td>5<\/td>\n<td>6<\/td>\n<\/tr>\n<tr>\n<td>16<\/td>\n<td>Gris<\/td>\n<td>N \/ A<\/td>\n<td>N \/ A<\/td>\n<td>4<\/td>\n<td>5<\/td>\n<td>6<\/td>\n<td>N \/ A<\/td>\n<td>4<\/td>\n<td>5<\/td>\n<td>6<\/td>\n<\/tr>\n<tr>\n<td>18<\/td>\n<td>Verde<\/td>\n<td>N \/ A<\/td>\n<td>N \/ A<\/td>\n<td>4<\/td>\n<td>5<\/td>\n<td>6<\/td>\n<td>3<\/td>\n<td>4<\/td>\n<td>5<\/td>\n<td>6<\/td>\n<\/tr>\n<tr>\n<td>20<\/td>\n<td>Rosa<\/td>\n<td>2<\/td>\n<td>3<\/td>\n<td>4<\/td>\n<td>5<\/td>\n<td>6<\/td>\n<td>3<\/td>\n<td>4<\/td>\n<td>5<\/td>\n<td>6<\/td>\n<\/tr>\n<tr>\n<td>21<\/td>\n<td>P\u00farpura<\/td>\n<td>2<\/td>\n<td>3<\/td>\n<td>4<\/td>\n<td>5<\/td>\n<td>6<\/td>\n<td>3<\/td>\n<td>4<\/td>\n<td>5<\/td>\n<td>6<\/td>\n<\/tr>\n<tr>\n<td>22<\/td>\n<td>Azul<\/td>\n<td>2<\/td>\n<td>3<\/td>\n<td>4<\/td>\n<td>5<\/td>\n<td>6<\/td>\n<td>3<\/td>\n<td>4<\/td>\n<td>5<\/td>\n<td>6<\/td>\n<\/tr>\n<tr>\n<td>23<\/td>\n<td>naranja<\/td>\n<td>2<\/td>\n<td>3<\/td>\n<td>4<\/td>\n<td>5<\/td>\n<td>6<\/td>\n<td>3<\/td>\n<td>4<\/td>\n<td>5<\/td>\n<td>6<\/td>\n<\/tr>\n<tr>\n<td>25<\/td>\n<td>rojo<\/td>\n<td>2<\/td>\n<td>3<\/td>\n<td>4<\/td>\n<td>5<\/td>\n<td>6<\/td>\n<td>3<\/td>\n<td>4<\/td>\n<td>5<\/td>\n<td>6<\/td>\n<\/tr>\n<tr>\n<td>27<\/td>\n<td>Claro<\/td>\n<td>2<\/td>\n<td>3<\/td>\n<td>4<\/td>\n<td>5<\/td>\n<td>6<\/td>\n<td>3<\/td>\n<td>4<\/td>\n<td>5<\/td>\n<td>6<\/td>\n<\/tr>\n<tr>\n<td>30<\/td>\n<td>Lavanda<\/td>\n<td>2<\/td>\n<td>3<\/td>\n<td>4<\/td>\n<td>5<\/td>\n<td>6<\/td>\n<td>3<\/td>\n<td>4<\/td>\n<td>5<\/td>\n<td>6<\/td>\n<\/tr>\n<tr>\n<td>32<\/td>\n<td>Amarillo<\/td>\n<td>2<\/td>\n<td>3<\/td>\n<td>4<\/td>\n<td>5<\/td>\n<td>6<\/td>\n<td>3<\/td>\n<td>4<\/td>\n<td>5<\/td>\n<td>6<\/td>\n<\/tr>\n<\/tbody>\n<\/table>\n<\/div>\n","protected":false},"excerpt":{"rendered":"<p>Puntas de cepillo, no pierdas cabello, antiest\u00e1tico, hay cerdas suaves blancas y cerdas duras amarillas de dos tipos.<\/p>\n","protected":false},"featured_media":5753,"comment_status":"open","ping_status":"closed","template":"","meta":{"_acf_changed":false},"product_brand":[],"product_cat":[151],"product_tag":[],"class_list":{"0":"post-5472","1":"product","2":"type-product","3":"status-publish","4":"has-post-thumbnail","6":"product_cat-agujas-e-puntas-dispensadoras","8":"first","9":"instock","10":"shipping-taxable","11":"purchasable","12":"product-type-simple"},"acf":[],"yoast_head":"<!-- This site is optimized with the Yoast SEO plugin v26.0 - https:\/\/yoast.com\/wordpress\/plugins\/seo\/ -->\n<title>Cepillo de Punta Dispensadora - Btektech<\/title>\n<meta name=\"description\" content=\"Cepillo de Punta Dispensadora, no pierdas cabello, antiest\u00e1tico, hay cerdas suaves blancas y cerdas duras amarillas de dos tipos.\" \/>\n<meta name=\"robots\" content=\"index, follow, max-snippet:-1, max-image-preview:large, max-video-preview:-1\" \/>\n<link rel=\"canonical\" href=\"https:\/\/btektech.com\/es\/product\/cepillo-de-punta-dispensadora\/\" \/>\n<meta property=\"og:locale\" content=\"es_ES\" \/>\n<meta property=\"og:type\" content=\"article\" \/>\n<meta property=\"og:title\" content=\"Cepillo de Punta Dispensadora - Btektech\" \/>\n<meta property=\"og:description\" content=\"Cepillo de Punta Dispensadora, no pierdas cabello, antiest\u00e1tico, hay cerdas suaves blancas y cerdas duras amarillas de dos tipos.\" \/>\n<meta property=\"og:url\" content=\"https:\/\/btektech.com\/es\/product\/cepillo-de-punta-dispensadora\/\" \/>\n<meta property=\"og:site_name\" content=\"Btektech\" \/>\n<meta property=\"article:modified_time\" content=\"2022-09-20T05:36:16+00:00\" \/>\n<meta property=\"og:image\" content=\"https:\/\/btektech.com\/wp-content\/uploads\/2022\/05\/Brush-dispensing-tips.jpg\" \/>\n\t<meta property=\"og:image:width\" content=\"300\" \/>\n\t<meta property=\"og:image:height\" content=\"300\" \/>\n\t<meta property=\"og:image:type\" content=\"image\/jpeg\" \/>\n<meta name=\"twitter:card\" content=\"summary_large_image\" \/>\n<meta name=\"twitter:site\" content=\"@Btektech1\" \/>\n<meta name=\"twitter:label1\" content=\"Tiempo de lectura\" \/>\n\t<meta name=\"twitter:data1\" content=\"1 minuto\" \/>\n<script type=\"application\/ld+json\" class=\"yoast-schema-graph\">{\"@context\":\"https:\/\/schema.org\",\"@graph\":[{\"@type\":[\"WebPage\",\"ItemPage\"],\"@id\":\"https:\/\/btektech.com\/es\/product\/cepillo-de-punta-dispensadora\/\",\"url\":\"https:\/\/btektech.com\/es\/product\/cepillo-de-punta-dispensadora\/\",\"name\":\"Cepillo de Punta Dispensadora - Btektech\",\"isPartOf\":{\"@id\":\"https:\/\/btektech.com\/#website\"},\"primaryImageOfPage\":{\"@id\":\"https:\/\/btektech.com\/es\/product\/cepillo-de-punta-dispensadora\/#primaryimage\"},\"image\":{\"@id\":\"https:\/\/btektech.com\/es\/product\/cepillo-de-punta-dispensadora\/#primaryimage\"},\"thumbnailUrl\":\"https:\/\/btektech.com\/wp-content\/uploads\/2022\/05\/Brush-dispensing-tips.jpg\",\"datePublished\":\"2022-04-26T16:49:29+00:00\",\"dateModified\":\"2022-09-20T05:36:16+00:00\",\"description\":\"Cepillo de Punta Dispensadora, no pierdas cabello, antiest\u00e1tico, hay cerdas suaves blancas y cerdas duras amarillas de dos tipos.\",\"breadcrumb\":{\"@id\":\"https:\/\/btektech.com\/es\/product\/cepillo-de-punta-dispensadora\/#breadcrumb\"},\"inLanguage\":\"es\",\"potentialAction\":[{\"@type\":\"ReadAction\",\"target\":[\"https:\/\/btektech.com\/es\/product\/cepillo-de-punta-dispensadora\/\"]}]},{\"@type\":\"ImageObject\",\"inLanguage\":\"es\",\"@id\":\"https:\/\/btektech.com\/es\/product\/cepillo-de-punta-dispensadora\/#primaryimage\",\"url\":\"https:\/\/btektech.com\/wp-content\/uploads\/2022\/05\/Brush-dispensing-tips.jpg\",\"contentUrl\":\"https:\/\/btektech.com\/wp-content\/uploads\/2022\/05\/Brush-dispensing-tips.jpg\",\"width\":300,\"height\":300,\"caption\":\"Cepillo de Punta Dispensadora\"},{\"@type\":\"BreadcrumbList\",\"@id\":\"https:\/\/btektech.com\/es\/product\/cepillo-de-punta-dispensadora\/#breadcrumb\",\"itemListElement\":[{\"@type\":\"ListItem\",\"position\":1,\"name\":\"Home\",\"item\":\"https:\/\/btektech.com\/es\/home-2\/\"},{\"@type\":\"ListItem\",\"position\":2,\"name\":\"\u00dcr\u00fcnler\",\"item\":\"https:\/\/btektech.com\/tr\/shop\/\"},{\"@type\":\"ListItem\",\"position\":3,\"name\":\"Dispensing Tips\",\"item\":\"https:\/\/btektech.com\/product-category\/dispensing-tips\/\"},{\"@type\":\"ListItem\",\"position\":4,\"name\":\"Cepillo de Punta Dispensadora\"}]},{\"@type\":\"WebSite\",\"@id\":\"https:\/\/btektech.com\/#website\",\"url\":\"https:\/\/btektech.com\/\",\"name\":\"Btektech\",\"description\":\"\",\"publisher\":{\"@id\":\"https:\/\/btektech.com\/#organization\"},\"potentialAction\":[{\"@type\":\"SearchAction\",\"target\":{\"@type\":\"EntryPoint\",\"urlTemplate\":\"https:\/\/btektech.com\/?s={search_term_string}\"},\"query-input\":{\"@type\":\"PropertyValueSpecification\",\"valueRequired\":true,\"valueName\":\"search_term_string\"}}],\"inLanguage\":\"es\"},{\"@type\":\"Organization\",\"@id\":\"https:\/\/btektech.com\/#organization\",\"name\":\"Btektech\",\"url\":\"https:\/\/btektech.com\/\",\"logo\":{\"@type\":\"ImageObject\",\"inLanguage\":\"es\",\"@id\":\"https:\/\/btektech.com\/#\/schema\/logo\/image\/\",\"url\":\"https:\/\/btektech.com\/wp-content\/uploads\/2021\/08\/btektech-logo.png\",\"contentUrl\":\"https:\/\/btektech.com\/wp-content\/uploads\/2021\/08\/btektech-logo.png\",\"width\":250,\"height\":114,\"caption\":\"Btektech\"},\"image\":{\"@id\":\"https:\/\/btektech.com\/#\/schema\/logo\/image\/\"},\"sameAs\":[\"https:\/\/x.com\/Btektech1\",\"https:\/\/www.instagram.com\/btektech\/\",\"https:\/\/www.linkedin.com\/company\/suzhou-baotailong-electronic-materials-co-ltd\/\",\"https:\/\/www.pinterest.com\/btektech\/_saved\/\",\"https:\/\/www.youtube.com\/channel\/UCBiw4Bc4CmQDrdo-QqyVTqQ\"]}]}<\/script>\n<!-- \/ Yoast SEO plugin. -->","yoast_head_json":{"title":"Cepillo de Punta Dispensadora - Btektech","description":"Cepillo de Punta Dispensadora, no pierdas cabello, antiest\u00e1tico, hay cerdas suaves blancas y cerdas duras amarillas de dos tipos.","robots":{"index":"index","follow":"follow","max-snippet":"max-snippet:-1","max-image-preview":"max-image-preview:large","max-video-preview":"max-video-preview:-1"},"canonical":"https:\/\/btektech.com\/es\/product\/cepillo-de-punta-dispensadora\/","og_locale":"es_ES","og_type":"article","og_title":"Cepillo de Punta Dispensadora - Btektech","og_description":"Cepillo de Punta Dispensadora, no pierdas cabello, antiest\u00e1tico, hay cerdas suaves blancas y cerdas duras amarillas de dos tipos.","og_url":"https:\/\/btektech.com\/es\/product\/cepillo-de-punta-dispensadora\/","og_site_name":"Btektech","article_modified_time":"2022-09-20T05:36:16+00:00","og_image":[{"width":300,"height":300,"url":"https:\/\/btektech.com\/wp-content\/uploads\/2022\/05\/Brush-dispensing-tips.jpg","type":"image\/jpeg"}],"twitter_card":"summary_large_image","twitter_site":"@Btektech1","twitter_misc":{"Tiempo de lectura":"1 minuto"},"schema":{"@context":"https:\/\/schema.org","@graph":[{"@type":["WebPage","ItemPage"],"@id":"https:\/\/btektech.com\/es\/product\/cepillo-de-punta-dispensadora\/","url":"https:\/\/btektech.com\/es\/product\/cepillo-de-punta-dispensadora\/","name":"Cepillo de Punta Dispensadora - Btektech","isPartOf":{"@id":"https:\/\/btektech.com\/#website"},"primaryImageOfPage":{"@id":"https:\/\/btektech.com\/es\/product\/cepillo-de-punta-dispensadora\/#primaryimage"},"image":{"@id":"https:\/\/btektech.com\/es\/product\/cepillo-de-punta-dispensadora\/#primaryimage"},"thumbnailUrl":"https:\/\/btektech.com\/wp-content\/uploads\/2022\/05\/Brush-dispensing-tips.jpg","datePublished":"2022-04-26T16:49:29+00:00","dateModified":"2022-09-20T05:36:16+00:00","description":"Cepillo de Punta Dispensadora, no pierdas cabello, antiest\u00e1tico, hay cerdas suaves blancas y cerdas duras amarillas de dos tipos.","breadcrumb":{"@id":"https:\/\/btektech.com\/es\/product\/cepillo-de-punta-dispensadora\/#breadcrumb"},"inLanguage":"es","potentialAction":[{"@type":"ReadAction","target":["https:\/\/btektech.com\/es\/product\/cepillo-de-punta-dispensadora\/"]}]},{"@type":"ImageObject","inLanguage":"es","@id":"https:\/\/btektech.com\/es\/product\/cepillo-de-punta-dispensadora\/#primaryimage","url":"https:\/\/btektech.com\/wp-content\/uploads\/2022\/05\/Brush-dispensing-tips.jpg","contentUrl":"https:\/\/btektech.com\/wp-content\/uploads\/2022\/05\/Brush-dispensing-tips.jpg","width":300,"height":300,"caption":"Cepillo de Punta Dispensadora"},{"@type":"BreadcrumbList","@id":"https:\/\/btektech.com\/es\/product\/cepillo-de-punta-dispensadora\/#breadcrumb","itemListElement":[{"@type":"ListItem","position":1,"name":"Home","item":"https:\/\/btektech.com\/es\/home-2\/"},{"@type":"ListItem","position":2,"name":"\u00dcr\u00fcnler","item":"https:\/\/btektech.com\/tr\/shop\/"},{"@type":"ListItem","position":3,"name":"Dispensing Tips","item":"https:\/\/btektech.com\/product-category\/dispensing-tips\/"},{"@type":"ListItem","position":4,"name":"Cepillo de Punta Dispensadora"}]},{"@type":"WebSite","@id":"https:\/\/btektech.com\/#website","url":"https:\/\/btektech.com\/","name":"Btektech","description":"","publisher":{"@id":"https:\/\/btektech.com\/#organization"},"potentialAction":[{"@type":"SearchAction","target":{"@type":"EntryPoint","urlTemplate":"https:\/\/btektech.com\/?s={search_term_string}"},"query-input":{"@type":"PropertyValueSpecification","valueRequired":true,"valueName":"search_term_string"}}],"inLanguage":"es"},{"@type":"Organization","@id":"https:\/\/btektech.com\/#organization","name":"Btektech","url":"https:\/\/btektech.com\/","logo":{"@type":"ImageObject","inLanguage":"es","@id":"https:\/\/btektech.com\/#\/schema\/logo\/image\/","url":"https:\/\/btektech.com\/wp-content\/uploads\/2021\/08\/btektech-logo.png","contentUrl":"https:\/\/btektech.com\/wp-content\/uploads\/2021\/08\/btektech-logo.png","width":250,"height":114,"caption":"Btektech"},"image":{"@id":"https:\/\/btektech.com\/#\/schema\/logo\/image\/"},"sameAs":["https:\/\/x.com\/Btektech1","https:\/\/www.instagram.com\/btektech\/","https:\/\/www.linkedin.com\/company\/suzhou-baotailong-electronic-materials-co-ltd\/","https:\/\/www.pinterest.com\/btektech\/_saved\/","https:\/\/www.youtube.com\/channel\/UCBiw4Bc4CmQDrdo-QqyVTqQ"]}]}},"_links":{"self":[{"href":"https:\/\/btektech.com\/es\/wp-json\/wp\/v2\/product\/5472","targetHints":{"allow":["GET"]}}],"collection":[{"href":"https:\/\/btektech.com\/es\/wp-json\/wp\/v2\/product"}],"about":[{"href":"https:\/\/btektech.com\/es\/wp-json\/wp\/v2\/types\/product"}],"replies":[{"embeddable":true,"href":"https:\/\/btektech.com\/es\/wp-json\/wp\/v2\/comments?post=5472"}],"version-history":[{"count":0,"href":"https:\/\/btektech.com\/es\/wp-json\/wp\/v2\/product\/5472\/revisions"}],"wp:featuredmedia":[{"embeddable":true,"href":"https:\/\/btektech.com\/es\/wp-json\/wp\/v2\/media\/5753"}],"wp:attachment":[{"href":"https:\/\/btektech.com\/es\/wp-json\/wp\/v2\/media?parent=5472"}],"wp:term":[{"taxonomy":"product_brand","embeddable":true,"href":"https:\/\/btektech.com\/es\/wp-json\/wp\/v2\/product_brand?post=5472"},{"taxonomy":"product_cat","embeddable":true,"href":"https:\/\/btektech.com\/es\/wp-json\/wp\/v2\/product_cat?post=5472"},{"taxonomy":"product_tag","embeddable":true,"href":"https:\/\/btektech.com\/es\/wp-json\/wp\/v2\/product_tag?post=5472"}],"curies":[{"name":"wp","href":"https:\/\/api.w.org\/{rel}","templated":true}]}}