{"id":5470,"date":"2021-09-07T10:52:02","date_gmt":"2022-04-26T16:49:26","guid":{"rendered":"https:\/\/btektech.com\/product\/aguja-dispensadora-de-puntas-resistentes-a-la-corrosion\/"},"modified":"2022-09-22T06:48:05","modified_gmt":"2022-09-22T06:48:05","slug":"aguja-dispensadora-de-puntas-resistentes-a-la-corrosion","status":"publish","type":"product","link":"https:\/\/btektech.com\/es\/product\/aguja-dispensadora-de-puntas-resistentes-a-la-corrosion\/","title":{"rendered":"Aguja Dispensadora de Puntas Resistentes a la Corrosi\u00f3n"},"content":{"rendered":"<p>Aguja flexible de PP integrada con asiento cuadrado, tambi\u00e9n conocida como aguja dispensadora de la serie P, que adopta el modo de producci\u00f3n de formaci\u00f3n de un cuerpo, para garantizar que la base de la aguja y el tubo de la aguja no se caigan, tiene las caracter\u00edsticas de resistencia a la corrosi\u00f3n<\/p>\n<div style=\"overflow: auto;\">\n<table style=\"text-align: center;\">\n<tbody>\n<tr>\n<th>Medir<\/th>\n<th>Color<\/th>\n<th>Identificaci\u00f3n (mm)<\/th>\n<th>DE (mm)<\/th>\n<th>12,7 mm(1\/2&#8243;)<\/th>\n<th>25,4 mm(1&#8243;)<\/th>\n<\/tr>\n<tr>\n<td>14<\/td>\n<td>Claro<\/td>\n<td>1.55<\/td>\n<td>1.84<\/td>\n<td>tubo de rayos cat\u00f3dicos 14050<\/td>\n<td>tubo de rayos cat\u00f3dicos 14100<\/td>\n<\/tr>\n<tr>\n<td>15<\/td>\n<td>Claro<\/td>\n<td>1.2<\/td>\n<td>1.64<\/td>\n<td>tubo de rayos cat\u00f3dicos 15050<\/td>\n<td>tubo de rayos cat\u00f3dicos 15100<\/td>\n<\/tr>\n<tr>\n<td>18<\/td>\n<td>rojo<\/td>\n<td>0.84<\/td>\n<td>1.28<\/td>\n<td>tubo de rayos cat\u00f3dicos 18050<\/td>\n<td>tubo de rayos cat\u00f3dicos 18100<\/td>\n<\/tr>\n<tr>\n<td>20<\/td>\n<td>Amarillo<\/td>\n<td>0.6<\/td>\n<td>1.05<\/td>\n<td>TRC 20050<\/td>\n<td>TRC 20100<\/td>\n<\/tr>\n<tr>\n<td>22<\/td>\n<td>Claro<\/td>\n<td>0.4<\/td>\n<td>0.9<\/td>\n<td>tubo de rayos cat\u00f3dicos 22050<\/td>\n<td>tubo de rayos cat\u00f3dicos 22100<\/td>\n<\/tr>\n<tr>\n<td>25<\/td>\n<td>Claro<\/td>\n<td>0.3<\/td>\n<td>0.8<\/td>\n<td>tubo de rayos cat\u00f3dicos 25050<\/td>\n<td>tubo de rayos cat\u00f3dicos 25100<\/td>\n<\/tr>\n<\/tbody>\n<\/table>\n<\/div>\n","protected":false},"excerpt":{"rendered":"<p>La aguja resistente a la corrosi\u00f3n integrada tiene buena elasticidad y es f\u00e1cil de extender a superficies de trabajo complejas, principalmente para evitar rayones en la superficie del producto.<\/p>\n","protected":false},"featured_media":2060,"comment_status":"open","ping_status":"closed","template":"","meta":{"_acf_changed":false},"product_brand":[],"product_cat":[268],"product_tag":[],"class_list":{"0":"post-5470","1":"product","2":"type-product","3":"status-publish","4":"has-post-thumbnail","6":"product_cat-uncategorized-es","8":"first","9":"instock","10":"shipping-taxable","11":"purchasable","12":"product-type-simple"},"acf":[],"yoast_head":"<!-- This site is optimized with the Yoast SEO plugin v26.0 - https:\/\/yoast.com\/wordpress\/plugins\/seo\/ -->\n<title>Aguja Dispensadora de Puntas Resistentes a la Corrosi\u00f3n - Btektech<\/title>\n<meta name=\"description\" content=\"La aguja resistente a la corrosi\u00f3n integrada tiene buena elasticidad y es f\u00e1cil de extender a superficies de trabajo complejas, principalmente para evitar rayones en la superficie del producto.\" \/>\n<meta name=\"robots\" content=\"index, follow, max-snippet:-1, max-image-preview:large, max-video-preview:-1\" \/>\n<link rel=\"canonical\" href=\"https:\/\/btektech.com\/es\/product\/aguja-dispensadora-de-puntas-resistentes-a-la-corrosion\/\" \/>\n<meta property=\"og:locale\" content=\"es_ES\" \/>\n<meta property=\"og:type\" content=\"article\" \/>\n<meta property=\"og:title\" content=\"Aguja Dispensadora de Puntas Resistentes a la Corrosi\u00f3n - Btektech\" \/>\n<meta property=\"og:description\" content=\"La aguja resistente a la corrosi\u00f3n integrada tiene buena elasticidad y es f\u00e1cil de extender a superficies de trabajo complejas, principalmente para evitar rayones en la superficie del producto.\" \/>\n<meta property=\"og:url\" content=\"https:\/\/btektech.com\/es\/product\/aguja-dispensadora-de-puntas-resistentes-a-la-corrosion\/\" \/>\n<meta property=\"og:site_name\" content=\"Btektech\" \/>\n<meta property=\"article:modified_time\" content=\"2022-09-22T06:48:05+00:00\" \/>\n<meta property=\"og:image\" content=\"https:\/\/btektech.com\/wp-content\/uploads\/2021\/09\/\u4e00\u4f53\u94882a.jpg\" \/>\n\t<meta property=\"og:image:width\" content=\"1000\" \/>\n\t<meta property=\"og:image:height\" content=\"1000\" \/>\n\t<meta property=\"og:image:type\" content=\"image\/jpeg\" \/>\n<meta name=\"twitter:card\" content=\"summary_large_image\" \/>\n<meta name=\"twitter:site\" content=\"@Btektech1\" \/>\n<meta name=\"twitter:label1\" content=\"Tiempo de lectura\" \/>\n\t<meta name=\"twitter:data1\" content=\"1 minuto\" \/>\n<script type=\"application\/ld+json\" class=\"yoast-schema-graph\">{\"@context\":\"https:\/\/schema.org\",\"@graph\":[{\"@type\":[\"WebPage\",\"ItemPage\"],\"@id\":\"https:\/\/btektech.com\/es\/product\/aguja-dispensadora-de-puntas-resistentes-a-la-corrosion\/\",\"url\":\"https:\/\/btektech.com\/es\/product\/aguja-dispensadora-de-puntas-resistentes-a-la-corrosion\/\",\"name\":\"Aguja Dispensadora de Puntas Resistentes a la Corrosi\u00f3n - Btektech\",\"isPartOf\":{\"@id\":\"https:\/\/btektech.com\/#website\"},\"primaryImageOfPage\":{\"@id\":\"https:\/\/btektech.com\/es\/product\/aguja-dispensadora-de-puntas-resistentes-a-la-corrosion\/#primaryimage\"},\"image\":{\"@id\":\"https:\/\/btektech.com\/es\/product\/aguja-dispensadora-de-puntas-resistentes-a-la-corrosion\/#primaryimage\"},\"thumbnailUrl\":\"https:\/\/btektech.com\/wp-content\/uploads\/2021\/09\/\u4e00\u4f53\u94882a.jpg\",\"datePublished\":\"2022-04-26T16:49:26+00:00\",\"dateModified\":\"2022-09-22T06:48:05+00:00\",\"description\":\"La aguja resistente a la corrosi\u00f3n integrada tiene buena elasticidad y es f\u00e1cil de extender a superficies de trabajo complejas, principalmente para evitar rayones en la superficie del producto.\",\"breadcrumb\":{\"@id\":\"https:\/\/btektech.com\/es\/product\/aguja-dispensadora-de-puntas-resistentes-a-la-corrosion\/#breadcrumb\"},\"inLanguage\":\"es\",\"potentialAction\":[{\"@type\":\"ReadAction\",\"target\":[\"https:\/\/btektech.com\/es\/product\/aguja-dispensadora-de-puntas-resistentes-a-la-corrosion\/\"]}]},{\"@type\":\"ImageObject\",\"inLanguage\":\"es\",\"@id\":\"https:\/\/btektech.com\/es\/product\/aguja-dispensadora-de-puntas-resistentes-a-la-corrosion\/#primaryimage\",\"url\":\"https:\/\/btektech.com\/wp-content\/uploads\/2021\/09\/\u4e00\u4f53\u94882a.jpg\",\"contentUrl\":\"https:\/\/btektech.com\/wp-content\/uploads\/2021\/09\/\u4e00\u4f53\u94882a.jpg\",\"width\":1000,\"height\":1000,\"caption\":\"Korrosionsbest\u00e4ndige Spitzen Dosiernadel\"},{\"@type\":\"BreadcrumbList\",\"@id\":\"https:\/\/btektech.com\/es\/product\/aguja-dispensadora-de-puntas-resistentes-a-la-corrosion\/#breadcrumb\",\"itemListElement\":[{\"@type\":\"ListItem\",\"position\":1,\"name\":\"Home\",\"item\":\"https:\/\/btektech.com\/es\/\"},{\"@type\":\"ListItem\",\"position\":2,\"name\":\"\u00dcr\u00fcnler\",\"item\":\"https:\/\/btektech.com\/tr\/shop\/\"},{\"@type\":\"ListItem\",\"position\":3,\"name\":\"Dispensing Tips\",\"item\":\"https:\/\/btektech.com\/product-category\/dispensing-tips\/\"},{\"@type\":\"ListItem\",\"position\":4,\"name\":\"Aguja Dispensadora de Puntas Resistentes a la Corrosi\u00f3n\"}]},{\"@type\":\"WebSite\",\"@id\":\"https:\/\/btektech.com\/#website\",\"url\":\"https:\/\/btektech.com\/\",\"name\":\"Btektech\",\"description\":\"\",\"publisher\":{\"@id\":\"https:\/\/btektech.com\/#organization\"},\"potentialAction\":[{\"@type\":\"SearchAction\",\"target\":{\"@type\":\"EntryPoint\",\"urlTemplate\":\"https:\/\/btektech.com\/?s={search_term_string}\"},\"query-input\":{\"@type\":\"PropertyValueSpecification\",\"valueRequired\":true,\"valueName\":\"search_term_string\"}}],\"inLanguage\":\"es\"},{\"@type\":\"Organization\",\"@id\":\"https:\/\/btektech.com\/#organization\",\"name\":\"Btektech\",\"url\":\"https:\/\/btektech.com\/\",\"logo\":{\"@type\":\"ImageObject\",\"inLanguage\":\"es\",\"@id\":\"https:\/\/btektech.com\/#\/schema\/logo\/image\/\",\"url\":\"https:\/\/btektech.com\/wp-content\/uploads\/2021\/08\/btektech-logo.png\",\"contentUrl\":\"https:\/\/btektech.com\/wp-content\/uploads\/2021\/08\/btektech-logo.png\",\"width\":250,\"height\":114,\"caption\":\"Btektech\"},\"image\":{\"@id\":\"https:\/\/btektech.com\/#\/schema\/logo\/image\/\"},\"sameAs\":[\"https:\/\/x.com\/Btektech1\",\"https:\/\/www.instagram.com\/btektech\/\",\"https:\/\/www.linkedin.com\/company\/suzhou-baotailong-electronic-materials-co-ltd\/\",\"https:\/\/www.pinterest.com\/btektech\/_saved\/\",\"https:\/\/www.youtube.com\/channel\/UCBiw4Bc4CmQDrdo-QqyVTqQ\"]}]}<\/script>\n<!-- \/ Yoast SEO plugin. -->","yoast_head_json":{"title":"Aguja Dispensadora de Puntas Resistentes a la Corrosi\u00f3n - Btektech","description":"La aguja resistente a la corrosi\u00f3n integrada tiene buena elasticidad y es f\u00e1cil de extender a superficies de trabajo complejas, principalmente para evitar rayones en la superficie del producto.","robots":{"index":"index","follow":"follow","max-snippet":"max-snippet:-1","max-image-preview":"max-image-preview:large","max-video-preview":"max-video-preview:-1"},"canonical":"https:\/\/btektech.com\/es\/product\/aguja-dispensadora-de-puntas-resistentes-a-la-corrosion\/","og_locale":"es_ES","og_type":"article","og_title":"Aguja Dispensadora de Puntas Resistentes a la Corrosi\u00f3n - Btektech","og_description":"La aguja resistente a la corrosi\u00f3n integrada tiene buena elasticidad y es f\u00e1cil de extender a superficies de trabajo complejas, principalmente para evitar rayones en la superficie del producto.","og_url":"https:\/\/btektech.com\/es\/product\/aguja-dispensadora-de-puntas-resistentes-a-la-corrosion\/","og_site_name":"Btektech","article_modified_time":"2022-09-22T06:48:05+00:00","og_image":[{"width":1000,"height":1000,"url":"https:\/\/btektech.com\/wp-content\/uploads\/2021\/09\/\u4e00\u4f53\u94882a.jpg","type":"image\/jpeg"}],"twitter_card":"summary_large_image","twitter_site":"@Btektech1","twitter_misc":{"Tiempo de lectura":"1 minuto"},"schema":{"@context":"https:\/\/schema.org","@graph":[{"@type":["WebPage","ItemPage"],"@id":"https:\/\/btektech.com\/es\/product\/aguja-dispensadora-de-puntas-resistentes-a-la-corrosion\/","url":"https:\/\/btektech.com\/es\/product\/aguja-dispensadora-de-puntas-resistentes-a-la-corrosion\/","name":"Aguja Dispensadora de Puntas Resistentes a la Corrosi\u00f3n - Btektech","isPartOf":{"@id":"https:\/\/btektech.com\/#website"},"primaryImageOfPage":{"@id":"https:\/\/btektech.com\/es\/product\/aguja-dispensadora-de-puntas-resistentes-a-la-corrosion\/#primaryimage"},"image":{"@id":"https:\/\/btektech.com\/es\/product\/aguja-dispensadora-de-puntas-resistentes-a-la-corrosion\/#primaryimage"},"thumbnailUrl":"https:\/\/btektech.com\/wp-content\/uploads\/2021\/09\/\u4e00\u4f53\u94882a.jpg","datePublished":"2022-04-26T16:49:26+00:00","dateModified":"2022-09-22T06:48:05+00:00","description":"La aguja resistente a la corrosi\u00f3n integrada tiene buena elasticidad y es f\u00e1cil de extender a superficies de trabajo complejas, principalmente para evitar rayones en la superficie del producto.","breadcrumb":{"@id":"https:\/\/btektech.com\/es\/product\/aguja-dispensadora-de-puntas-resistentes-a-la-corrosion\/#breadcrumb"},"inLanguage":"es","potentialAction":[{"@type":"ReadAction","target":["https:\/\/btektech.com\/es\/product\/aguja-dispensadora-de-puntas-resistentes-a-la-corrosion\/"]}]},{"@type":"ImageObject","inLanguage":"es","@id":"https:\/\/btektech.com\/es\/product\/aguja-dispensadora-de-puntas-resistentes-a-la-corrosion\/#primaryimage","url":"https:\/\/btektech.com\/wp-content\/uploads\/2021\/09\/\u4e00\u4f53\u94882a.jpg","contentUrl":"https:\/\/btektech.com\/wp-content\/uploads\/2021\/09\/\u4e00\u4f53\u94882a.jpg","width":1000,"height":1000,"caption":"Korrosionsbest\u00e4ndige Spitzen Dosiernadel"},{"@type":"BreadcrumbList","@id":"https:\/\/btektech.com\/es\/product\/aguja-dispensadora-de-puntas-resistentes-a-la-corrosion\/#breadcrumb","itemListElement":[{"@type":"ListItem","position":1,"name":"Home","item":"https:\/\/btektech.com\/es\/"},{"@type":"ListItem","position":2,"name":"\u00dcr\u00fcnler","item":"https:\/\/btektech.com\/tr\/shop\/"},{"@type":"ListItem","position":3,"name":"Dispensing Tips","item":"https:\/\/btektech.com\/product-category\/dispensing-tips\/"},{"@type":"ListItem","position":4,"name":"Aguja Dispensadora de Puntas Resistentes a la Corrosi\u00f3n"}]},{"@type":"WebSite","@id":"https:\/\/btektech.com\/#website","url":"https:\/\/btektech.com\/","name":"Btektech","description":"","publisher":{"@id":"https:\/\/btektech.com\/#organization"},"potentialAction":[{"@type":"SearchAction","target":{"@type":"EntryPoint","urlTemplate":"https:\/\/btektech.com\/?s={search_term_string}"},"query-input":{"@type":"PropertyValueSpecification","valueRequired":true,"valueName":"search_term_string"}}],"inLanguage":"es"},{"@type":"Organization","@id":"https:\/\/btektech.com\/#organization","name":"Btektech","url":"https:\/\/btektech.com\/","logo":{"@type":"ImageObject","inLanguage":"es","@id":"https:\/\/btektech.com\/#\/schema\/logo\/image\/","url":"https:\/\/btektech.com\/wp-content\/uploads\/2021\/08\/btektech-logo.png","contentUrl":"https:\/\/btektech.com\/wp-content\/uploads\/2021\/08\/btektech-logo.png","width":250,"height":114,"caption":"Btektech"},"image":{"@id":"https:\/\/btektech.com\/#\/schema\/logo\/image\/"},"sameAs":["https:\/\/x.com\/Btektech1","https:\/\/www.instagram.com\/btektech\/","https:\/\/www.linkedin.com\/company\/suzhou-baotailong-electronic-materials-co-ltd\/","https:\/\/www.pinterest.com\/btektech\/_saved\/","https:\/\/www.youtube.com\/channel\/UCBiw4Bc4CmQDrdo-QqyVTqQ"]}]}},"_links":{"self":[{"href":"https:\/\/btektech.com\/es\/wp-json\/wp\/v2\/product\/5470","targetHints":{"allow":["GET"]}}],"collection":[{"href":"https:\/\/btektech.com\/es\/wp-json\/wp\/v2\/product"}],"about":[{"href":"https:\/\/btektech.com\/es\/wp-json\/wp\/v2\/types\/product"}],"replies":[{"embeddable":true,"href":"https:\/\/btektech.com\/es\/wp-json\/wp\/v2\/comments?post=5470"}],"version-history":[{"count":0,"href":"https:\/\/btektech.com\/es\/wp-json\/wp\/v2\/product\/5470\/revisions"}],"wp:featuredmedia":[{"embeddable":true,"href":"https:\/\/btektech.com\/es\/wp-json\/wp\/v2\/media\/2060"}],"wp:attachment":[{"href":"https:\/\/btektech.com\/es\/wp-json\/wp\/v2\/media?parent=5470"}],"wp:term":[{"taxonomy":"product_brand","embeddable":true,"href":"https:\/\/btektech.com\/es\/wp-json\/wp\/v2\/product_brand?post=5470"},{"taxonomy":"product_cat","embeddable":true,"href":"https:\/\/btektech.com\/es\/wp-json\/wp\/v2\/product_cat?post=5470"},{"taxonomy":"product_tag","embeddable":true,"href":"https:\/\/btektech.com\/es\/wp-json\/wp\/v2\/product_tag?post=5470"}],"curies":[{"name":"wp","href":"https:\/\/api.w.org\/{rel}","templated":true}]}}