{"id":5452,"date":"2021-09-09T09:20:44","date_gmt":"2022-04-26T16:46:53","guid":{"rendered":"https:\/\/btektech.com\/product\/cartucho-doble-de-dos-componentes\/"},"modified":"2022-09-20T09:10:40","modified_gmt":"2022-09-20T09:10:40","slug":"cartucho-doble-dispensadora","status":"publish","type":"product","link":"https:\/\/btektech.com\/es\/product\/cartucho-doble-dispensadora\/","title":{"rendered":"Cartucho Doble Dispensadora"},"content":{"rendered":"<p>Se pueden utilizar dos tubos de capacidad espec\u00edfica, compartiendo una salida, para envasar o mezclar dos l\u00edquidos en proporci\u00f3n. El borde del pist\u00f3n correspondiente est\u00e1 cerca de la pared del tubo para garantizar que el l\u00edquido se libere sin problemas y sin fugas.<\/p>\n<div style=\"overflow: auto;\">\n<table style=\"text-align: center;\">\n<tbody>\n<tr>\n<th>Art\u00edculo No.<\/th>\n<th>Relaci\u00f3n<\/th>\n<th>Capacidad<\/th>\n<th>Agotador<\/th>\n<th>Material(Cartucho)<\/th>\n<th>Material(\u00c9mbolos)<\/th>\n<\/tr>\n<tr>\n<td>E1<\/td>\n<td>1: 1<\/td>\n<td>50ml<\/td>\n<td>Y<\/td>\n<td>P\u00c1GINAS<\/td>\n<td>EDUCACI\u00d3N F\u00cdSICA<\/td>\n<\/tr>\n<tr>\n<td>E2<\/td>\n<td>1: 1<\/td>\n<td>50ml<\/td>\n<td>norte<\/td>\n<td>P\u00c1GINAS<\/td>\n<td>EDUCACI\u00d3N F\u00cdSICA<\/td>\n<\/tr>\n<tr>\n<td>E3<\/td>\n<td>2: 1<\/td>\n<td>50ml<\/td>\n<td>Y<\/td>\n<td>P\u00c1GINAS<\/td>\n<td>EDUCACI\u00d3N F\u00cdSICA<\/td>\n<\/tr>\n<tr>\n<td>E4<\/td>\n<td>2: 1<\/td>\n<td>50ml<\/td>\n<td>norte<\/td>\n<td>P\u00c1GINAS<\/td>\n<td>EDUCACI\u00d3N F\u00cdSICA<\/td>\n<\/tr>\n<tr>\n<td>E5<\/td>\n<td>10:1<\/td>\n<td>50ml<\/td>\n<td>Y<\/td>\n<td>PBT<\/td>\n<td>EDUCACI\u00d3N F\u00cdSICA<\/td>\n<\/tr>\n<tr>\n<td>E6<\/td>\n<td>10:1<\/td>\n<td>75ml<\/td>\n<td>Y<\/td>\n<td>PBT<\/td>\n<td>EDUCACI\u00d3N F\u00cdSICA<\/td>\n<\/tr>\n<tr>\n<td>E7<\/td>\n<td>1: 1<\/td>\n<td>400ml<\/td>\n<td>Y<\/td>\n<td>EDUCACI\u00d3N F\u00cdSICA<\/td>\n<td>EDUCACI\u00d3N F\u00cdSICA<\/td>\n<\/tr>\n<tr>\n<td>E8<\/td>\n<td>4: 1<\/td>\n<td>50ml<\/td>\n<td>Y<\/td>\n<td>P\u00c1GINAS<\/td>\n<td>EDUCACI\u00d3N F\u00cdSICA<\/td>\n<\/tr>\n<tr>\n<td>ABNS1<\/td>\n<td>  1:1<\/td>\n<td>5ml<\/td>\n<td>norte<\/td>\n<td>P\u00c1GINAS<\/td>\n<td>EDUCACI\u00d3N F\u00cdSICA<\/td>\n<\/tr>\n<tr>\n<td>ABNS2<\/td>\n<td>  1:1<\/td>\n<td>24ml<\/td>\n<td>\/<\/td>\n<td>P\u00c1GINAS<\/td>\n<td>EDUCACI\u00d3N F\u00cdSICA<\/td>\n<\/tr>\n<tr>\n<td>ABNS3<\/td>\n<td>  1:1<\/td>\n<td>590ml<\/td>\n<td>Y<\/td>\n<td>P\u00c1GINAS<\/td>\n<td>EDUCACI\u00d3N F\u00cdSICA<\/td>\n<\/tr>\n<tr>\n<td>ABNS4<\/td>\n<td>  1:1<\/td>\n<td>600ml<\/td>\n<td>Y<\/td>\n<td>P\u00c1GINAS<\/td>\n<td>EDUCACI\u00d3N F\u00cdSICA<\/td>\n<\/tr>\n<tr>\n<td>ABNS5<\/td>\n<td>  2:1<\/td>\n<td>450ml<\/td>\n<td>Y<\/td>\n<td>EDUCACI\u00d3N F\u00cdSICA<\/td>\n<td>EDUCACI\u00d3N F\u00cdSICA<\/td>\n<\/tr>\n<tr>\n<td>ABNS6<\/td>\n<td>  2:1<\/td>\n<td>900ml<\/td>\n<td>norte<\/td>\n<td>P\u00c1GINAS<\/td>\n<td>EDUCACI\u00d3N F\u00cdSICA<\/td>\n<\/tr>\n<tr>\n<td>ABNS7<\/td>\n<td>  3:1<\/td>\n<td>385ml<\/td>\n<td>Y<\/td>\n<td>P\u00c1GINAS<\/td>\n<td>EDUCACI\u00d3N F\u00cdSICA<\/td>\n<\/tr>\n<tr>\n<td>ABNS8<\/td>\n<td>  3:1<\/td>\n<td>390ml<\/td>\n<td>norte<\/td>\n<td>P\u00c1GINAS<\/td>\n<td>EDUCACI\u00d3N F\u00cdSICA<\/td>\n<\/tr>\n<tr>\n<td>ABNS9<\/td>\n<td>  5:1<\/td>\n<td>360ml<\/td>\n<td>Y<\/td>\n<td>P\u00c1GINAS<\/td>\n<td>EDUCACI\u00d3N F\u00cdSICA<\/td>\n<\/tr>\n<tr>\n<td>ABNS10<\/td>\n<td>  10:1<\/td>\n<td>250ml<\/td>\n<td>Y<\/td>\n<td>PBT<\/td>\n<td>EDUCACI\u00d3N F\u00cdSICA<\/td>\n<\/tr>\n<tr>\n<td>ABNS11<\/td>\n<td>  10:1<\/td>\n<td>345ml<\/td>\n<td>Y<\/td>\n<td>P\u00c1GINAS<\/td>\n<td>EDUCACI\u00d3N F\u00cdSICA<\/td>\n<\/tr>\n<tr>\n<td>ABNS12<\/td>\n<td>  10:1<\/td>\n<td>380ml<\/td>\n<td>norte<\/td>\n<td>P\u00c1GINAS<\/td>\n<td>EDUCACI\u00d3N F\u00cdSICA<\/td>\n<\/tr>\n<tr>\n<td>ABNS13<\/td>\n<td>  10:1<\/td>\n<td>490ml<\/td>\n<td>Y<\/td>\n<td>PBT<\/td>\n<td>EDUCACI\u00d3N F\u00cdSICA<\/td>\n<\/tr>\n<tr>\n<td>ABNS14<\/td>\n<td>  1:1<\/td>\n<td>1500ml<\/td>\n<td>S\/N<\/td>\n<td>P\u00c1GINAS<\/td>\n<td>EDUCACI\u00d3N F\u00cdSICA<\/td>\n<\/tr>\n<\/tbody>\n<\/table>\n<\/div>\n","protected":false},"excerpt":{"rendered":"<p>El cartucho dual de dos componentes suministrado por Btektech es adecuado para el envasado de l\u00edquidos de dos componentes de alto grado.<\/p>\n","protected":false},"featured_media":2161,"comment_status":"open","ping_status":"closed","template":"","meta":{"_acf_changed":false},"product_brand":[],"product_cat":[268],"product_tag":[],"class_list":{"0":"post-5452","1":"product","2":"type-product","3":"status-publish","4":"has-post-thumbnail","6":"product_cat-uncategorized-es","8":"first","9":"instock","10":"shipping-taxable","11":"product-type-simple"},"acf":[],"yoast_head":"<!-- This site is optimized with the Yoast SEO plugin v26.0 - https:\/\/yoast.com\/wordpress\/plugins\/seo\/ -->\n<title>Cartucho Doble Dispensadora - Btektech<\/title>\n<meta name=\"description\" content=\"El Cartucho Doble Dispensadora componentes suministrado por Btektech es adecuado para el envasado de l\u00edquidos de dos componentes de alto grado.\" \/>\n<meta name=\"robots\" content=\"index, follow, max-snippet:-1, max-image-preview:large, max-video-preview:-1\" \/>\n<link rel=\"canonical\" href=\"https:\/\/btektech.com\/es\/product\/cartucho-doble-dispensadora\/\" \/>\n<meta property=\"og:locale\" content=\"es_ES\" \/>\n<meta property=\"og:type\" content=\"article\" \/>\n<meta property=\"og:title\" content=\"Cartucho Doble Dispensadora - Btektech\" \/>\n<meta property=\"og:description\" content=\"El Cartucho Doble Dispensadora componentes suministrado por Btektech es adecuado para el envasado de l\u00edquidos de dos componentes de alto grado.\" \/>\n<meta property=\"og:url\" content=\"https:\/\/btektech.com\/es\/product\/cartucho-doble-dispensadora\/\" \/>\n<meta property=\"og:site_name\" content=\"Btektech\" \/>\n<meta property=\"article:modified_time\" content=\"2022-09-20T09:10:40+00:00\" \/>\n<meta property=\"og:image\" content=\"https:\/\/btektech.com\/wp-content\/uploads\/2021\/09\/1-1a.jpg\" \/>\n\t<meta property=\"og:image:width\" content=\"1000\" \/>\n\t<meta property=\"og:image:height\" content=\"1000\" \/>\n\t<meta property=\"og:image:type\" content=\"image\/jpeg\" \/>\n<meta name=\"twitter:card\" content=\"summary_large_image\" \/>\n<meta name=\"twitter:site\" content=\"@Btektech1\" \/>\n<meta name=\"twitter:label1\" content=\"Tiempo de lectura\" \/>\n\t<meta name=\"twitter:data1\" content=\"1 minuto\" \/>\n<script type=\"application\/ld+json\" class=\"yoast-schema-graph\">{\"@context\":\"https:\/\/schema.org\",\"@graph\":[{\"@type\":[\"WebPage\",\"ItemPage\"],\"@id\":\"https:\/\/btektech.com\/es\/product\/cartucho-doble-dispensadora\/\",\"url\":\"https:\/\/btektech.com\/es\/product\/cartucho-doble-dispensadora\/\",\"name\":\"Cartucho Doble Dispensadora - Btektech\",\"isPartOf\":{\"@id\":\"https:\/\/btektech.com\/#website\"},\"primaryImageOfPage\":{\"@id\":\"https:\/\/btektech.com\/es\/product\/cartucho-doble-dispensadora\/#primaryimage\"},\"image\":{\"@id\":\"https:\/\/btektech.com\/es\/product\/cartucho-doble-dispensadora\/#primaryimage\"},\"thumbnailUrl\":\"https:\/\/btektech.com\/wp-content\/uploads\/2021\/09\/1-1a.jpg\",\"datePublished\":\"2022-04-26T16:46:53+00:00\",\"dateModified\":\"2022-09-20T09:10:40+00:00\",\"description\":\"El Cartucho Doble Dispensadora componentes suministrado por Btektech es adecuado para el envasado de l\u00edquidos de dos componentes de alto grado.\",\"breadcrumb\":{\"@id\":\"https:\/\/btektech.com\/es\/product\/cartucho-doble-dispensadora\/#breadcrumb\"},\"inLanguage\":\"es\",\"potentialAction\":[{\"@type\":\"ReadAction\",\"target\":[\"https:\/\/btektech.com\/es\/product\/cartucho-doble-dispensadora\/\"]}]},{\"@type\":\"ImageObject\",\"inLanguage\":\"es\",\"@id\":\"https:\/\/btektech.com\/es\/product\/cartucho-doble-dispensadora\/#primaryimage\",\"url\":\"https:\/\/btektech.com\/wp-content\/uploads\/2021\/09\/1-1a.jpg\",\"contentUrl\":\"https:\/\/btektech.com\/wp-content\/uploads\/2021\/09\/1-1a.jpg\",\"width\":1000,\"height\":1000,\"caption\":\"Cartucho Doble Dispensadora\"},{\"@type\":\"BreadcrumbList\",\"@id\":\"https:\/\/btektech.com\/es\/product\/cartucho-doble-dispensadora\/#breadcrumb\",\"itemListElement\":[{\"@type\":\"ListItem\",\"position\":1,\"name\":\"Home\",\"item\":\"https:\/\/btektech.com\/es\/home-2\/\"},{\"@type\":\"ListItem\",\"position\":2,\"name\":\"\u00dcr\u00fcnler\",\"item\":\"https:\/\/btektech.com\/tr\/shop\/\"},{\"@type\":\"ListItem\",\"position\":3,\"name\":\"Cartucho Doble Dispensadora\"}]},{\"@type\":\"WebSite\",\"@id\":\"https:\/\/btektech.com\/#website\",\"url\":\"https:\/\/btektech.com\/\",\"name\":\"Btektech\",\"description\":\"\",\"publisher\":{\"@id\":\"https:\/\/btektech.com\/#organization\"},\"potentialAction\":[{\"@type\":\"SearchAction\",\"target\":{\"@type\":\"EntryPoint\",\"urlTemplate\":\"https:\/\/btektech.com\/?s={search_term_string}\"},\"query-input\":{\"@type\":\"PropertyValueSpecification\",\"valueRequired\":true,\"valueName\":\"search_term_string\"}}],\"inLanguage\":\"es\"},{\"@type\":\"Organization\",\"@id\":\"https:\/\/btektech.com\/#organization\",\"name\":\"Btektech\",\"url\":\"https:\/\/btektech.com\/\",\"logo\":{\"@type\":\"ImageObject\",\"inLanguage\":\"es\",\"@id\":\"https:\/\/btektech.com\/#\/schema\/logo\/image\/\",\"url\":\"https:\/\/btektech.com\/wp-content\/uploads\/2021\/08\/btektech-logo.png\",\"contentUrl\":\"https:\/\/btektech.com\/wp-content\/uploads\/2021\/08\/btektech-logo.png\",\"width\":250,\"height\":114,\"caption\":\"Btektech\"},\"image\":{\"@id\":\"https:\/\/btektech.com\/#\/schema\/logo\/image\/\"},\"sameAs\":[\"https:\/\/x.com\/Btektech1\",\"https:\/\/www.instagram.com\/btektech\/\",\"https:\/\/www.linkedin.com\/company\/suzhou-baotailong-electronic-materials-co-ltd\/\",\"https:\/\/www.pinterest.com\/btektech\/_saved\/\",\"https:\/\/www.youtube.com\/channel\/UCBiw4Bc4CmQDrdo-QqyVTqQ\"]}]}<\/script>\n<!-- \/ Yoast SEO plugin. -->","yoast_head_json":{"title":"Cartucho Doble Dispensadora - Btektech","description":"El Cartucho Doble Dispensadora componentes suministrado por Btektech es adecuado para el envasado de l\u00edquidos de dos componentes de alto grado.","robots":{"index":"index","follow":"follow","max-snippet":"max-snippet:-1","max-image-preview":"max-image-preview:large","max-video-preview":"max-video-preview:-1"},"canonical":"https:\/\/btektech.com\/es\/product\/cartucho-doble-dispensadora\/","og_locale":"es_ES","og_type":"article","og_title":"Cartucho Doble Dispensadora - Btektech","og_description":"El Cartucho Doble Dispensadora componentes suministrado por Btektech es adecuado para el envasado de l\u00edquidos de dos componentes de alto grado.","og_url":"https:\/\/btektech.com\/es\/product\/cartucho-doble-dispensadora\/","og_site_name":"Btektech","article_modified_time":"2022-09-20T09:10:40+00:00","og_image":[{"width":1000,"height":1000,"url":"https:\/\/btektech.com\/wp-content\/uploads\/2021\/09\/1-1a.jpg","type":"image\/jpeg"}],"twitter_card":"summary_large_image","twitter_site":"@Btektech1","twitter_misc":{"Tiempo de lectura":"1 minuto"},"schema":{"@context":"https:\/\/schema.org","@graph":[{"@type":["WebPage","ItemPage"],"@id":"https:\/\/btektech.com\/es\/product\/cartucho-doble-dispensadora\/","url":"https:\/\/btektech.com\/es\/product\/cartucho-doble-dispensadora\/","name":"Cartucho Doble Dispensadora - Btektech","isPartOf":{"@id":"https:\/\/btektech.com\/#website"},"primaryImageOfPage":{"@id":"https:\/\/btektech.com\/es\/product\/cartucho-doble-dispensadora\/#primaryimage"},"image":{"@id":"https:\/\/btektech.com\/es\/product\/cartucho-doble-dispensadora\/#primaryimage"},"thumbnailUrl":"https:\/\/btektech.com\/wp-content\/uploads\/2021\/09\/1-1a.jpg","datePublished":"2022-04-26T16:46:53+00:00","dateModified":"2022-09-20T09:10:40+00:00","description":"El Cartucho Doble Dispensadora componentes suministrado por Btektech es adecuado para el envasado de l\u00edquidos de dos componentes de alto grado.","breadcrumb":{"@id":"https:\/\/btektech.com\/es\/product\/cartucho-doble-dispensadora\/#breadcrumb"},"inLanguage":"es","potentialAction":[{"@type":"ReadAction","target":["https:\/\/btektech.com\/es\/product\/cartucho-doble-dispensadora\/"]}]},{"@type":"ImageObject","inLanguage":"es","@id":"https:\/\/btektech.com\/es\/product\/cartucho-doble-dispensadora\/#primaryimage","url":"https:\/\/btektech.com\/wp-content\/uploads\/2021\/09\/1-1a.jpg","contentUrl":"https:\/\/btektech.com\/wp-content\/uploads\/2021\/09\/1-1a.jpg","width":1000,"height":1000,"caption":"Cartucho Doble Dispensadora"},{"@type":"BreadcrumbList","@id":"https:\/\/btektech.com\/es\/product\/cartucho-doble-dispensadora\/#breadcrumb","itemListElement":[{"@type":"ListItem","position":1,"name":"Home","item":"https:\/\/btektech.com\/es\/home-2\/"},{"@type":"ListItem","position":2,"name":"\u00dcr\u00fcnler","item":"https:\/\/btektech.com\/tr\/shop\/"},{"@type":"ListItem","position":3,"name":"Cartucho Doble Dispensadora"}]},{"@type":"WebSite","@id":"https:\/\/btektech.com\/#website","url":"https:\/\/btektech.com\/","name":"Btektech","description":"","publisher":{"@id":"https:\/\/btektech.com\/#organization"},"potentialAction":[{"@type":"SearchAction","target":{"@type":"EntryPoint","urlTemplate":"https:\/\/btektech.com\/?s={search_term_string}"},"query-input":{"@type":"PropertyValueSpecification","valueRequired":true,"valueName":"search_term_string"}}],"inLanguage":"es"},{"@type":"Organization","@id":"https:\/\/btektech.com\/#organization","name":"Btektech","url":"https:\/\/btektech.com\/","logo":{"@type":"ImageObject","inLanguage":"es","@id":"https:\/\/btektech.com\/#\/schema\/logo\/image\/","url":"https:\/\/btektech.com\/wp-content\/uploads\/2021\/08\/btektech-logo.png","contentUrl":"https:\/\/btektech.com\/wp-content\/uploads\/2021\/08\/btektech-logo.png","width":250,"height":114,"caption":"Btektech"},"image":{"@id":"https:\/\/btektech.com\/#\/schema\/logo\/image\/"},"sameAs":["https:\/\/x.com\/Btektech1","https:\/\/www.instagram.com\/btektech\/","https:\/\/www.linkedin.com\/company\/suzhou-baotailong-electronic-materials-co-ltd\/","https:\/\/www.pinterest.com\/btektech\/_saved\/","https:\/\/www.youtube.com\/channel\/UCBiw4Bc4CmQDrdo-QqyVTqQ"]}]}},"_links":{"self":[{"href":"https:\/\/btektech.com\/es\/wp-json\/wp\/v2\/product\/5452","targetHints":{"allow":["GET"]}}],"collection":[{"href":"https:\/\/btektech.com\/es\/wp-json\/wp\/v2\/product"}],"about":[{"href":"https:\/\/btektech.com\/es\/wp-json\/wp\/v2\/types\/product"}],"replies":[{"embeddable":true,"href":"https:\/\/btektech.com\/es\/wp-json\/wp\/v2\/comments?post=5452"}],"version-history":[{"count":0,"href":"https:\/\/btektech.com\/es\/wp-json\/wp\/v2\/product\/5452\/revisions"}],"wp:featuredmedia":[{"embeddable":true,"href":"https:\/\/btektech.com\/es\/wp-json\/wp\/v2\/media\/2161"}],"wp:attachment":[{"href":"https:\/\/btektech.com\/es\/wp-json\/wp\/v2\/media?parent=5452"}],"wp:term":[{"taxonomy":"product_brand","embeddable":true,"href":"https:\/\/btektech.com\/es\/wp-json\/wp\/v2\/product_brand?post=5452"},{"taxonomy":"product_cat","embeddable":true,"href":"https:\/\/btektech.com\/es\/wp-json\/wp\/v2\/product_cat?post=5452"},{"taxonomy":"product_tag","embeddable":true,"href":"https:\/\/btektech.com\/es\/wp-json\/wp\/v2\/product_tag?post=5452"}],"curies":[{"name":"wp","href":"https:\/\/api.w.org\/{rel}","templated":true}]}}