{"id":5442,"date":"2021-09-24T07:50:06","date_gmt":"2022-04-26T16:46:11","guid":{"rendered":"https:\/\/btektech.com\/product\/valvula-dispensadora-sin-aguja\/"},"modified":"2022-07-29T03:31:09","modified_gmt":"2022-07-29T03:31:09","slug":"valvula-dispensadora-sin-aguja","status":"publish","type":"product","link":"https:\/\/btektech.com\/es\/product\/valvula-dispensadora-sin-aguja\/","title":{"rendered":"V\u00e1lvula dispensadora sin aguja"},"content":{"rendered":"<p>La aleaci\u00f3n de aluminio anodizado como material principal, fuerte resistencia a la corrosi\u00f3n. Puede conectar todo tipo de agujas.<\/p>\n<div style=\"overflow-x: auto;\">\n<table style=\"text-align: center;\">\n<tbody>\n<tr>\n<th>N\u00famero de parte<\/th>\n<th>YK-11<\/th>\n<th>MY-S10<\/th>\n<th>JF004<\/th>\n<th>HMJQ-19<\/th>\n<th>YK-58<\/th>\n<\/tr>\n<tr>\n<td>Estructura<\/td>\n<td>Aguja fuera<\/td>\n<td>Aguja fuera<\/td>\n<td>Tipo de dedal m\u00f3vil m\u00faltiple \/ ajuste fino de 1000 minutos<\/td>\n<td>Tipo de dedal m\u00f3vil m\u00faltiple<\/td>\n<td>Tipo de dedal m\u00f3vil m\u00faltiple<\/td>\n<\/tr>\n<tr>\n<td>Presi\u00f3n<\/td>\n<td>4-7 kgf\/cm<\/td>\n<td>0.1-7KGF\/cm<\/td>\n<td>4-7 kgf\/cm<\/td>\n<td>4-7 kgf\/cm<\/td>\n<td>4-7 kgf\/cm<\/td>\n<\/tr>\n<tr>\n<td>Cantidad m\u00ednima<\/td>\n<td>0,1 ml<\/td>\n<td>0,05 ml<\/td>\n<td>0.001ml<\/td>\n<td>0.001ml<\/td>\n<td>0.001ml<\/td>\n<\/tr>\n<tr>\n<td>Viscosidad<\/td>\n<td>1-1000000CPS<\/td>\n<td>1-1000000CPS<\/td>\n<td>1-1000000CPS<\/td>\n<td>1-1000000CPS<\/td>\n<td>1-1000000CPS<\/td>\n<\/tr>\n<tr>\n<td>Tama\u00f1o de salida de entrada<\/td>\n<td>8*6mm<\/td>\n<td>8*6mm<\/td>\n<td>1\/8&#8243;NPT(F)<\/td>\n<td>1\/8&#8243; NPT (H)<\/td>\n<td>1\/8&#8243; NPT (H)<\/td>\n<\/tr>\n<tr>\n<td>M\u00e9todo de control<\/td>\n<td><\/td>\n<td>Control manual<\/td>\n<td>&lt;600\/MIN<\/td>\n<td>&lt;600\/MIN<\/td>\n<td>&lt;600\/MIN<\/td>\n<\/tr>\n<tr>\n<td>Peso<\/td>\n<td>150g<\/td>\n<td>130g<\/td>\n<td>190g<\/td>\n<td>158g<\/td>\n<td><\/td>\n<\/tr>\n<tr>\n<td>Di\u00e1metro externo<\/td>\n<td>\u00a220mm<\/td>\n<td>\u00a219mm<\/td>\n<td>(D)21*(H)130(MM) CUADRADO<\/td>\n<td>Parte \u00a219* parte cilindro \u00a224 *(H)165mm redondo<\/td>\n<td>Parte\u00a219* parte cilindro \u00a224 *(H)165mm redondo<\/td>\n<\/tr>\n<tr>\n<td>Dimensiones<\/td>\n<td>180 mm<\/td>\n<td>150 mm<\/td>\n<td>\/<\/td>\n<td>\/<\/td>\n<td>\/<\/td>\n<\/tr>\n<tr>\n<td>Di\u00e1metro interno<\/td>\n<td>3 mm<\/td>\n<td>1,5 mm<\/td>\n<td>\/<\/td>\n<td>\/<\/td>\n<td>\/<\/td>\n<\/tr>\n<tr>\n<td>material principal<\/td>\n<td>Aleaci\u00f3n de aluminio (anodizado), POM y acero inoxidable.<\/td>\n<td>\u00c1nodo de aluminio y acero inoxidable<\/td>\n<td>acero inoxidable SUS304<\/td>\n<td>Aleaci\u00f3n de aluminio (anodizado)<\/td>\n<td>Aleaci\u00f3n de aluminio (anodizado)<\/td>\n<\/tr>\n<\/tbody>\n<\/table>\n<\/div>\n","protected":false},"excerpt":{"rendered":"<p>El modo de parada es el bloqueo del dedal, que puede evitar que el pegamento salpique instant\u00e1neamente.<\/p>\n","protected":false},"featured_media":2537,"comment_status":"open","ping_status":"closed","template":"","meta":{"_acf_changed":false},"product_brand":[],"product_cat":[268,134],"product_tag":[],"class_list":{"0":"post-5442","1":"product","2":"type-product","3":"status-publish","4":"has-post-thumbnail","6":"product_cat-uncategorized-es","7":"product_cat-valvulas-dispensadoras","9":"first","10":"instock","11":"shipping-taxable","12":"product-type-simple"},"acf":[],"yoast_head":"<!-- This site is optimized with the Yoast SEO plugin v26.0 - https:\/\/yoast.com\/wordpress\/plugins\/seo\/ -->\n<title>V\u00e1lvula dispensadora sin aguja - Btektech<\/title>\n<meta name=\"description\" content=\"El modo de parada es el bloqueo del dedal, que puede evitar que el pegamento salpique instant\u00e1neamente.\" \/>\n<meta name=\"robots\" content=\"index, follow, max-snippet:-1, max-image-preview:large, max-video-preview:-1\" \/>\n<link rel=\"canonical\" href=\"https:\/\/btektech.com\/es\/product\/valvula-dispensadora-sin-aguja\/\" \/>\n<meta property=\"og:locale\" content=\"es_ES\" \/>\n<meta property=\"og:type\" content=\"article\" \/>\n<meta property=\"og:title\" content=\"V\u00e1lvula dispensadora sin aguja - Btektech\" \/>\n<meta property=\"og:description\" content=\"El modo de parada es el bloqueo del dedal, que puede evitar que el pegamento salpique instant\u00e1neamente.\" \/>\n<meta property=\"og:url\" content=\"https:\/\/btektech.com\/es\/product\/valvula-dispensadora-sin-aguja\/\" \/>\n<meta property=\"og:site_name\" content=\"Btektech\" \/>\n<meta property=\"article:modified_time\" content=\"2022-07-29T03:31:09+00:00\" \/>\n<meta property=\"og:image\" content=\"https:\/\/btektech.com\/wp-content\/uploads\/2021\/09\/7-1.jpg\" \/>\n\t<meta property=\"og:image:width\" content=\"800\" \/>\n\t<meta property=\"og:image:height\" content=\"800\" \/>\n\t<meta property=\"og:image:type\" content=\"image\/jpeg\" \/>\n<meta name=\"twitter:card\" content=\"summary_large_image\" \/>\n<meta name=\"twitter:site\" content=\"@Btektech1\" \/>\n<meta name=\"twitter:label1\" content=\"Tiempo de lectura\" \/>\n\t<meta name=\"twitter:data1\" content=\"1 minuto\" \/>\n<script type=\"application\/ld+json\" class=\"yoast-schema-graph\">{\"@context\":\"https:\/\/schema.org\",\"@graph\":[{\"@type\":[\"WebPage\",\"ItemPage\"],\"@id\":\"https:\/\/btektech.com\/es\/product\/valvula-dispensadora-sin-aguja\/\",\"url\":\"https:\/\/btektech.com\/es\/product\/valvula-dispensadora-sin-aguja\/\",\"name\":\"V\u00e1lvula dispensadora sin aguja - Btektech\",\"isPartOf\":{\"@id\":\"https:\/\/btektech.com\/#website\"},\"primaryImageOfPage\":{\"@id\":\"https:\/\/btektech.com\/es\/product\/valvula-dispensadora-sin-aguja\/#primaryimage\"},\"image\":{\"@id\":\"https:\/\/btektech.com\/es\/product\/valvula-dispensadora-sin-aguja\/#primaryimage\"},\"thumbnailUrl\":\"https:\/\/btektech.com\/wp-content\/uploads\/2021\/09\/7-1.jpg\",\"datePublished\":\"2022-04-26T16:46:11+00:00\",\"dateModified\":\"2022-07-29T03:31:09+00:00\",\"description\":\"El modo de parada es el bloqueo del dedal, que puede evitar que el pegamento salpique instant\u00e1neamente.\",\"breadcrumb\":{\"@id\":\"https:\/\/btektech.com\/es\/product\/valvula-dispensadora-sin-aguja\/#breadcrumb\"},\"inLanguage\":\"es\",\"potentialAction\":[{\"@type\":\"ReadAction\",\"target\":[\"https:\/\/btektech.com\/es\/product\/valvula-dispensadora-sin-aguja\/\"]}]},{\"@type\":\"ImageObject\",\"inLanguage\":\"es\",\"@id\":\"https:\/\/btektech.com\/es\/product\/valvula-dispensadora-sin-aguja\/#primaryimage\",\"url\":\"https:\/\/btektech.com\/wp-content\/uploads\/2021\/09\/7-1.jpg\",\"contentUrl\":\"https:\/\/btektech.com\/wp-content\/uploads\/2021\/09\/7-1.jpg\",\"width\":800,\"height\":800,\"caption\":\"V\u00e1lvula dispensadora sin aguja\"},{\"@type\":\"BreadcrumbList\",\"@id\":\"https:\/\/btektech.com\/es\/product\/valvula-dispensadora-sin-aguja\/#breadcrumb\",\"itemListElement\":[{\"@type\":\"ListItem\",\"position\":1,\"name\":\"Home\",\"item\":\"https:\/\/btektech.com\/es\/\"},{\"@type\":\"ListItem\",\"position\":2,\"name\":\"\u00dcr\u00fcnler\",\"item\":\"https:\/\/btektech.com\/tr\/shop\/\"},{\"@type\":\"ListItem\",\"position\":3,\"name\":\"Dispensing Valves\",\"item\":\"https:\/\/btektech.com\/product-category\/dispensing-valves\/\"},{\"@type\":\"ListItem\",\"position\":4,\"name\":\"V\u00e1lvula dispensadora sin aguja\"}]},{\"@type\":\"WebSite\",\"@id\":\"https:\/\/btektech.com\/#website\",\"url\":\"https:\/\/btektech.com\/\",\"name\":\"Btektech\",\"description\":\"\",\"publisher\":{\"@id\":\"https:\/\/btektech.com\/#organization\"},\"potentialAction\":[{\"@type\":\"SearchAction\",\"target\":{\"@type\":\"EntryPoint\",\"urlTemplate\":\"https:\/\/btektech.com\/?s={search_term_string}\"},\"query-input\":{\"@type\":\"PropertyValueSpecification\",\"valueRequired\":true,\"valueName\":\"search_term_string\"}}],\"inLanguage\":\"es\"},{\"@type\":\"Organization\",\"@id\":\"https:\/\/btektech.com\/#organization\",\"name\":\"Btektech\",\"url\":\"https:\/\/btektech.com\/\",\"logo\":{\"@type\":\"ImageObject\",\"inLanguage\":\"es\",\"@id\":\"https:\/\/btektech.com\/#\/schema\/logo\/image\/\",\"url\":\"https:\/\/btektech.com\/wp-content\/uploads\/2021\/08\/btektech-logo.png\",\"contentUrl\":\"https:\/\/btektech.com\/wp-content\/uploads\/2021\/08\/btektech-logo.png\",\"width\":250,\"height\":114,\"caption\":\"Btektech\"},\"image\":{\"@id\":\"https:\/\/btektech.com\/#\/schema\/logo\/image\/\"},\"sameAs\":[\"https:\/\/x.com\/Btektech1\",\"https:\/\/www.instagram.com\/btektech\/\",\"https:\/\/www.linkedin.com\/company\/suzhou-baotailong-electronic-materials-co-ltd\/\",\"https:\/\/www.pinterest.com\/btektech\/_saved\/\",\"https:\/\/www.youtube.com\/channel\/UCBiw4Bc4CmQDrdo-QqyVTqQ\"]}]}<\/script>\n<!-- \/ Yoast SEO plugin. -->","yoast_head_json":{"title":"V\u00e1lvula dispensadora sin aguja - Btektech","description":"El modo de parada es el bloqueo del dedal, que puede evitar que el pegamento salpique instant\u00e1neamente.","robots":{"index":"index","follow":"follow","max-snippet":"max-snippet:-1","max-image-preview":"max-image-preview:large","max-video-preview":"max-video-preview:-1"},"canonical":"https:\/\/btektech.com\/es\/product\/valvula-dispensadora-sin-aguja\/","og_locale":"es_ES","og_type":"article","og_title":"V\u00e1lvula dispensadora sin aguja - Btektech","og_description":"El modo de parada es el bloqueo del dedal, que puede evitar que el pegamento salpique instant\u00e1neamente.","og_url":"https:\/\/btektech.com\/es\/product\/valvula-dispensadora-sin-aguja\/","og_site_name":"Btektech","article_modified_time":"2022-07-29T03:31:09+00:00","og_image":[{"width":800,"height":800,"url":"https:\/\/btektech.com\/wp-content\/uploads\/2021\/09\/7-1.jpg","type":"image\/jpeg"}],"twitter_card":"summary_large_image","twitter_site":"@Btektech1","twitter_misc":{"Tiempo de lectura":"1 minuto"},"schema":{"@context":"https:\/\/schema.org","@graph":[{"@type":["WebPage","ItemPage"],"@id":"https:\/\/btektech.com\/es\/product\/valvula-dispensadora-sin-aguja\/","url":"https:\/\/btektech.com\/es\/product\/valvula-dispensadora-sin-aguja\/","name":"V\u00e1lvula dispensadora sin aguja - Btektech","isPartOf":{"@id":"https:\/\/btektech.com\/#website"},"primaryImageOfPage":{"@id":"https:\/\/btektech.com\/es\/product\/valvula-dispensadora-sin-aguja\/#primaryimage"},"image":{"@id":"https:\/\/btektech.com\/es\/product\/valvula-dispensadora-sin-aguja\/#primaryimage"},"thumbnailUrl":"https:\/\/btektech.com\/wp-content\/uploads\/2021\/09\/7-1.jpg","datePublished":"2022-04-26T16:46:11+00:00","dateModified":"2022-07-29T03:31:09+00:00","description":"El modo de parada es el bloqueo del dedal, que puede evitar que el pegamento salpique instant\u00e1neamente.","breadcrumb":{"@id":"https:\/\/btektech.com\/es\/product\/valvula-dispensadora-sin-aguja\/#breadcrumb"},"inLanguage":"es","potentialAction":[{"@type":"ReadAction","target":["https:\/\/btektech.com\/es\/product\/valvula-dispensadora-sin-aguja\/"]}]},{"@type":"ImageObject","inLanguage":"es","@id":"https:\/\/btektech.com\/es\/product\/valvula-dispensadora-sin-aguja\/#primaryimage","url":"https:\/\/btektech.com\/wp-content\/uploads\/2021\/09\/7-1.jpg","contentUrl":"https:\/\/btektech.com\/wp-content\/uploads\/2021\/09\/7-1.jpg","width":800,"height":800,"caption":"V\u00e1lvula dispensadora sin aguja"},{"@type":"BreadcrumbList","@id":"https:\/\/btektech.com\/es\/product\/valvula-dispensadora-sin-aguja\/#breadcrumb","itemListElement":[{"@type":"ListItem","position":1,"name":"Home","item":"https:\/\/btektech.com\/es\/"},{"@type":"ListItem","position":2,"name":"\u00dcr\u00fcnler","item":"https:\/\/btektech.com\/tr\/shop\/"},{"@type":"ListItem","position":3,"name":"Dispensing Valves","item":"https:\/\/btektech.com\/product-category\/dispensing-valves\/"},{"@type":"ListItem","position":4,"name":"V\u00e1lvula dispensadora sin aguja"}]},{"@type":"WebSite","@id":"https:\/\/btektech.com\/#website","url":"https:\/\/btektech.com\/","name":"Btektech","description":"","publisher":{"@id":"https:\/\/btektech.com\/#organization"},"potentialAction":[{"@type":"SearchAction","target":{"@type":"EntryPoint","urlTemplate":"https:\/\/btektech.com\/?s={search_term_string}"},"query-input":{"@type":"PropertyValueSpecification","valueRequired":true,"valueName":"search_term_string"}}],"inLanguage":"es"},{"@type":"Organization","@id":"https:\/\/btektech.com\/#organization","name":"Btektech","url":"https:\/\/btektech.com\/","logo":{"@type":"ImageObject","inLanguage":"es","@id":"https:\/\/btektech.com\/#\/schema\/logo\/image\/","url":"https:\/\/btektech.com\/wp-content\/uploads\/2021\/08\/btektech-logo.png","contentUrl":"https:\/\/btektech.com\/wp-content\/uploads\/2021\/08\/btektech-logo.png","width":250,"height":114,"caption":"Btektech"},"image":{"@id":"https:\/\/btektech.com\/#\/schema\/logo\/image\/"},"sameAs":["https:\/\/x.com\/Btektech1","https:\/\/www.instagram.com\/btektech\/","https:\/\/www.linkedin.com\/company\/suzhou-baotailong-electronic-materials-co-ltd\/","https:\/\/www.pinterest.com\/btektech\/_saved\/","https:\/\/www.youtube.com\/channel\/UCBiw4Bc4CmQDrdo-QqyVTqQ"]}]}},"_links":{"self":[{"href":"https:\/\/btektech.com\/es\/wp-json\/wp\/v2\/product\/5442","targetHints":{"allow":["GET"]}}],"collection":[{"href":"https:\/\/btektech.com\/es\/wp-json\/wp\/v2\/product"}],"about":[{"href":"https:\/\/btektech.com\/es\/wp-json\/wp\/v2\/types\/product"}],"replies":[{"embeddable":true,"href":"https:\/\/btektech.com\/es\/wp-json\/wp\/v2\/comments?post=5442"}],"version-history":[{"count":0,"href":"https:\/\/btektech.com\/es\/wp-json\/wp\/v2\/product\/5442\/revisions"}],"wp:featuredmedia":[{"embeddable":true,"href":"https:\/\/btektech.com\/es\/wp-json\/wp\/v2\/media\/2537"}],"wp:attachment":[{"href":"https:\/\/btektech.com\/es\/wp-json\/wp\/v2\/media?parent=5442"}],"wp:term":[{"taxonomy":"product_brand","embeddable":true,"href":"https:\/\/btektech.com\/es\/wp-json\/wp\/v2\/product_brand?post=5442"},{"taxonomy":"product_cat","embeddable":true,"href":"https:\/\/btektech.com\/es\/wp-json\/wp\/v2\/product_cat?post=5442"},{"taxonomy":"product_tag","embeddable":true,"href":"https:\/\/btektech.com\/es\/wp-json\/wp\/v2\/product_tag?post=5442"}],"curies":[{"name":"wp","href":"https:\/\/api.w.org\/{rel}","templated":true}]}}