{"id":5406,"date":"2021-09-17T09:39:15","date_gmt":"2022-04-25T17:56:31","guid":{"rendered":"https:\/\/btektech.com\/product\/abrazadera-de-manguera-britanica\/"},"modified":"2022-11-21T02:14:16","modified_gmt":"2022-11-21T02:14:16","slug":"abrazadera-de-manguera-britanica","status":"publish","type":"product","link":"https:\/\/btektech.com\/es\/product\/abrazadera-de-manguera-britanica\/","title":{"rendered":"Abrazadera de manguera brit\u00e1nica"},"content":{"rendered":"<p>La abrazadera de manguera brit\u00e1nica tiene una alta fuerza de sujeci\u00f3n y un alto par de ruptura, que es la abrazadera m\u00e1s segura y confiable. La correa de acero de abrazadera de manguera brit\u00e1nica tiene un grosor de 1 mm, que es el m\u00e1s grueso de la familia de abrazaderas de v\u00f3rtice de turbina. \u00a1El aro fuerte es la primera opci\u00f3n para varias v\u00edas de agua de alta presi\u00f3n de servicio pesado!<\/p>\n<div style=\"text-align: center;\">\n<img fetchpriority=\"high\" decoding=\"async\" class=\"alignnone size-medium wp-image-2401\" src=\"https:\/\/btektech.com\/wp-content\/uploads\/2021\/09\/British-11.7mm-300x215.jpg\" alt=\"\" width=\"300\" height=\"215\" srcset=\"https:\/\/btektech.com\/wp-content\/uploads\/2021\/09\/British-11.7mm-300x215.jpg 300w, https:\/\/btektech.com\/wp-content\/uploads\/2021\/09\/British-11.7mm-400x287.jpg 400w, https:\/\/btektech.com\/wp-content\/uploads\/2021\/09\/British-11.7mm.jpg 427w\" sizes=\"(max-width: 300px) 100vw, 300px\" \/>\n<\/div>\n<div style=\"overflow: auto;\">\n<table style=\"border-collapse: collapse; text-align: center;\" border=\"0\"  cellspacing=\"0\" cellpadding=\"0\">\n<tbody>\n<tr>\n<th>Banda ancha(mm)<\/th>\n<th>Distancia(mm)<\/th>\n<th>Distancia(pulgada)<\/th>\n<th>Espesor(mm)<\/th>\n<th>Par de ruptura(Nuevo M\u00e9jico)<\/th>\n<\/tr>\n<tr>\n<td>9.7<\/td>\n<td>9-13<\/td>\n<td>3\/8-1\/2&#8243;<\/td>\n<td>1<\/td>\n<td>5Nm<\/td>\n<\/tr>\n<tr>\n<td>9.7<\/td>\n<td>13-16<\/td>\n<td>1\/2-0.629&#8243;<\/td>\n<td>1<\/td>\n<td>5Nm<\/td>\n<\/tr>\n<tr>\n<td>9.7<\/td>\n<td>13-19<\/td>\n<td>1\/2-3\/4&#8243;<\/td>\n<td>1<\/td>\n<td>5Nm<\/td>\n<\/tr>\n<tr>\n<td>11.7<\/td>\n<td>16-22<\/td>\n<td>0.629-7\/8&#8243;<\/td>\n<td>1<\/td>\n<td>5Nm<\/td>\n<\/tr>\n<tr>\n<td>11.7<\/td>\n<td>19-25<\/td>\n<td>3\/4-1&#8243;<\/td>\n<td>1<\/td>\n<td>5Nm<\/td>\n<\/tr>\n<tr>\n<td>11.7<\/td>\n<td>22-29<\/td>\n<td>7\/8-1 1\/4&#8243;<\/td>\n<td>1<\/td>\n<td>7Nm<\/td>\n<\/tr>\n<tr>\n<td>11.7<\/td>\n<td>25-38<\/td>\n<td>1-1 3\/8&#8243;<\/td>\n<td>1<\/td>\n<td>7Nm<\/td>\n<\/tr>\n<tr>\n<td>11.7<\/td>\n<td>28-41<\/td>\n<td>7\/8&#8243;-1.6&#8243;<\/td>\n<td>1<\/td>\n<td>7Nm<\/td>\n<\/tr>\n<tr>\n<td>11.7<\/td>\n<td>31-48<\/td>\n<td>1 1\/4-1.89&#8243;<\/td>\n<td>1<\/td>\n<td>7Nm<\/td>\n<\/tr>\n<tr>\n<td>11.7<\/td>\n<td>38-54<\/td>\n<td>1 1\/2-2 1\/16&#8243;<\/td>\n<td>1<\/td>\n<td>7Nm<\/td>\n<\/tr>\n<tr>\n<td>11.7<\/td>\n<td>44-60<\/td>\n<td>1.737-2.36&#8243;<\/td>\n<td>1<\/td>\n<td>7Nm<\/td>\n<\/tr>\n<tr>\n<td>11.7<\/td>\n<td>50-70<\/td>\n<td>2-2 3\/4&#8243;<\/td>\n<td>1<\/td>\n<td>7Nm<\/td>\n<\/tr>\n<tr>\n<td>11.7<\/td>\n<td>60-80<\/td>\n<td>1.737-3 3\/8&#8243;<\/td>\n<td>1<\/td>\n<td>7Nm<\/td>\n<\/tr>\n<tr>\n<td>11.7<\/td>\n<td>70-90<\/td>\n<td>2 3\/4-3 1\/2&#8243;<\/td>\n<td>1<\/td>\n<td>7Nm<\/td>\n<\/tr>\n<tr>\n<td>11.7<\/td>\n<td>83-102<\/td>\n<td>1.737-4&#8243;<\/td>\n<td>1<\/td>\n<td>7Nm<\/td>\n<\/tr>\n<tr>\n<td>11.7<\/td>\n<td>95-115<\/td>\n<td>3.7-4.52&#8243;<\/td>\n<td>1<\/td>\n<td>7Nm<\/td>\n<\/tr>\n<tr>\n<td>11.7<\/td>\n<td>104-127<\/td>\n<td>4-5&#8243;<\/td>\n<td>1<\/td>\n<td>7Nm<\/td>\n<\/tr>\n<tr>\n<td>11.7<\/td>\n<td>127-146<\/td>\n<td>5-6&#8243;<\/td>\n<td>1<\/td>\n<td>7Nm<\/td>\n<\/tr>\n<\/tbody>\n<\/table>\n<\/div>\n","protected":false},"excerpt":{"rendered":"<p>La abrazadera de manguera brit\u00e1nica tiene un sistema de asiento de aro especial y firme. El aro enrollado con una banda interior de acero suave y la superficie interior pueden proteger eficazmente la manguera blanda de la abrasi\u00f3n.<\/p>\n","protected":false},"featured_media":2413,"comment_status":"open","ping_status":"closed","template":"","meta":{"_acf_changed":false},"product_brand":[],"product_cat":[141],"product_tag":[],"class_list":{"0":"post-5406","1":"product","2":"type-product","3":"status-publish","4":"has-post-thumbnail","6":"product_cat-abrazaderas","8":"first","9":"instock","10":"shipping-taxable","11":"product-type-simple"},"acf":[],"yoast_head":"<!-- This site is optimized with the Yoast SEO plugin v26.0 - https:\/\/yoast.com\/wordpress\/plugins\/seo\/ -->\n<title>Abrazadera de manguera brit\u00e1nica - Btektech<\/title>\n<meta name=\"description\" content=\"Abrazadera de manguera brit\u00e1nica tiene un sistema de asiento de aro especial y firme.El aro enrollado con una banda interior de acero suave y la superficie interior pueden proteger eficazmente la manguera blanda de la abrasi\u00f3n.\" \/>\n<meta name=\"robots\" content=\"index, follow, max-snippet:-1, max-image-preview:large, max-video-preview:-1\" \/>\n<link rel=\"canonical\" href=\"https:\/\/btektech.com\/es\/product\/abrazadera-de-manguera-britanica\/\" \/>\n<meta property=\"og:locale\" content=\"es_ES\" \/>\n<meta property=\"og:type\" content=\"article\" \/>\n<meta property=\"og:title\" content=\"Abrazadera de manguera brit\u00e1nica - Btektech\" \/>\n<meta property=\"og:description\" content=\"Abrazadera de manguera brit\u00e1nica tiene un sistema de asiento de aro especial y firme.El aro enrollado con una banda interior de acero suave y la superficie interior pueden proteger eficazmente la manguera blanda de la abrasi\u00f3n.\" \/>\n<meta property=\"og:url\" content=\"https:\/\/btektech.com\/es\/product\/abrazadera-de-manguera-britanica\/\" \/>\n<meta property=\"og:site_name\" content=\"Btektech\" \/>\n<meta property=\"article:modified_time\" content=\"2022-11-21T02:14:16+00:00\" \/>\n<meta property=\"og:image\" content=\"https:\/\/btektech.com\/wp-content\/uploads\/2021\/09\/British-20210917144402.jpg\" \/>\n\t<meta property=\"og:image:width\" content=\"800\" \/>\n\t<meta property=\"og:image:height\" content=\"800\" \/>\n\t<meta property=\"og:image:type\" content=\"image\/jpeg\" \/>\n<meta name=\"twitter:card\" content=\"summary_large_image\" \/>\n<meta name=\"twitter:site\" content=\"@Btektech1\" \/>\n<meta name=\"twitter:label1\" content=\"Tiempo de lectura\" \/>\n\t<meta name=\"twitter:data1\" content=\"1 minuto\" \/>\n<script type=\"application\/ld+json\" class=\"yoast-schema-graph\">{\"@context\":\"https:\/\/schema.org\",\"@graph\":[{\"@type\":[\"WebPage\",\"ItemPage\"],\"@id\":\"https:\/\/btektech.com\/es\/product\/abrazadera-de-manguera-britanica\/\",\"url\":\"https:\/\/btektech.com\/es\/product\/abrazadera-de-manguera-britanica\/\",\"name\":\"Abrazadera de manguera brit\u00e1nica - Btektech\",\"isPartOf\":{\"@id\":\"https:\/\/btektech.com\/#website\"},\"primaryImageOfPage\":{\"@id\":\"https:\/\/btektech.com\/es\/product\/abrazadera-de-manguera-britanica\/#primaryimage\"},\"image\":{\"@id\":\"https:\/\/btektech.com\/es\/product\/abrazadera-de-manguera-britanica\/#primaryimage\"},\"thumbnailUrl\":\"https:\/\/btektech.com\/wp-content\/uploads\/2021\/09\/British-20210917144402.jpg\",\"datePublished\":\"2022-04-25T17:56:31+00:00\",\"dateModified\":\"2022-11-21T02:14:16+00:00\",\"description\":\"Abrazadera de manguera brit\u00e1nica tiene un sistema de asiento de aro especial y firme.El aro enrollado con una banda interior de acero suave y la superficie interior pueden proteger eficazmente la manguera blanda de la abrasi\u00f3n.\",\"breadcrumb\":{\"@id\":\"https:\/\/btektech.com\/es\/product\/abrazadera-de-manguera-britanica\/#breadcrumb\"},\"inLanguage\":\"es\",\"potentialAction\":[{\"@type\":\"ReadAction\",\"target\":[\"https:\/\/btektech.com\/es\/product\/abrazadera-de-manguera-britanica\/\"]}]},{\"@type\":\"ImageObject\",\"inLanguage\":\"es\",\"@id\":\"https:\/\/btektech.com\/es\/product\/abrazadera-de-manguera-britanica\/#primaryimage\",\"url\":\"https:\/\/btektech.com\/wp-content\/uploads\/2021\/09\/British-20210917144402.jpg\",\"contentUrl\":\"https:\/\/btektech.com\/wp-content\/uploads\/2021\/09\/British-20210917144402.jpg\",\"width\":800,\"height\":800,\"caption\":\"Abrazadera de manguera brit\u00e1nica\"},{\"@type\":\"BreadcrumbList\",\"@id\":\"https:\/\/btektech.com\/es\/product\/abrazadera-de-manguera-britanica\/#breadcrumb\",\"itemListElement\":[{\"@type\":\"ListItem\",\"position\":1,\"name\":\"Home\",\"item\":\"https:\/\/btektech.com\/es\/home-2\/\"},{\"@type\":\"ListItem\",\"position\":2,\"name\":\"\u00dcr\u00fcnler\",\"item\":\"https:\/\/btektech.com\/tr\/shop\/\"},{\"@type\":\"ListItem\",\"position\":3,\"name\":\"Heavy-Duty &amp; Industrial Hose Clamps\",\"item\":\"https:\/\/btektech.com\/product-category\/heavy-duty-and-industrial-hose-clamps\/\"},{\"@type\":\"ListItem\",\"position\":4,\"name\":\"Abrazadera de manguera brit\u00e1nica\"}]},{\"@type\":\"WebSite\",\"@id\":\"https:\/\/btektech.com\/#website\",\"url\":\"https:\/\/btektech.com\/\",\"name\":\"Btektech\",\"description\":\"\",\"publisher\":{\"@id\":\"https:\/\/btektech.com\/#organization\"},\"potentialAction\":[{\"@type\":\"SearchAction\",\"target\":{\"@type\":\"EntryPoint\",\"urlTemplate\":\"https:\/\/btektech.com\/?s={search_term_string}\"},\"query-input\":{\"@type\":\"PropertyValueSpecification\",\"valueRequired\":true,\"valueName\":\"search_term_string\"}}],\"inLanguage\":\"es\"},{\"@type\":\"Organization\",\"@id\":\"https:\/\/btektech.com\/#organization\",\"name\":\"Btektech\",\"url\":\"https:\/\/btektech.com\/\",\"logo\":{\"@type\":\"ImageObject\",\"inLanguage\":\"es\",\"@id\":\"https:\/\/btektech.com\/#\/schema\/logo\/image\/\",\"url\":\"https:\/\/btektech.com\/wp-content\/uploads\/2021\/08\/btektech-logo.png\",\"contentUrl\":\"https:\/\/btektech.com\/wp-content\/uploads\/2021\/08\/btektech-logo.png\",\"width\":250,\"height\":114,\"caption\":\"Btektech\"},\"image\":{\"@id\":\"https:\/\/btektech.com\/#\/schema\/logo\/image\/\"},\"sameAs\":[\"https:\/\/x.com\/Btektech1\",\"https:\/\/www.instagram.com\/btektech\/\",\"https:\/\/www.linkedin.com\/company\/suzhou-baotailong-electronic-materials-co-ltd\/\",\"https:\/\/www.pinterest.com\/btektech\/_saved\/\",\"https:\/\/www.youtube.com\/channel\/UCBiw4Bc4CmQDrdo-QqyVTqQ\"]}]}<\/script>\n<!-- \/ Yoast SEO plugin. -->","yoast_head_json":{"title":"Abrazadera de manguera brit\u00e1nica - Btektech","description":"Abrazadera de manguera brit\u00e1nica tiene un sistema de asiento de aro especial y firme.El aro enrollado con una banda interior de acero suave y la superficie interior pueden proteger eficazmente la manguera blanda de la abrasi\u00f3n.","robots":{"index":"index","follow":"follow","max-snippet":"max-snippet:-1","max-image-preview":"max-image-preview:large","max-video-preview":"max-video-preview:-1"},"canonical":"https:\/\/btektech.com\/es\/product\/abrazadera-de-manguera-britanica\/","og_locale":"es_ES","og_type":"article","og_title":"Abrazadera de manguera brit\u00e1nica - Btektech","og_description":"Abrazadera de manguera brit\u00e1nica tiene un sistema de asiento de aro especial y firme.El aro enrollado con una banda interior de acero suave y la superficie interior pueden proteger eficazmente la manguera blanda de la abrasi\u00f3n.","og_url":"https:\/\/btektech.com\/es\/product\/abrazadera-de-manguera-britanica\/","og_site_name":"Btektech","article_modified_time":"2022-11-21T02:14:16+00:00","og_image":[{"width":800,"height":800,"url":"https:\/\/btektech.com\/wp-content\/uploads\/2021\/09\/British-20210917144402.jpg","type":"image\/jpeg"}],"twitter_card":"summary_large_image","twitter_site":"@Btektech1","twitter_misc":{"Tiempo de lectura":"1 minuto"},"schema":{"@context":"https:\/\/schema.org","@graph":[{"@type":["WebPage","ItemPage"],"@id":"https:\/\/btektech.com\/es\/product\/abrazadera-de-manguera-britanica\/","url":"https:\/\/btektech.com\/es\/product\/abrazadera-de-manguera-britanica\/","name":"Abrazadera de manguera brit\u00e1nica - Btektech","isPartOf":{"@id":"https:\/\/btektech.com\/#website"},"primaryImageOfPage":{"@id":"https:\/\/btektech.com\/es\/product\/abrazadera-de-manguera-britanica\/#primaryimage"},"image":{"@id":"https:\/\/btektech.com\/es\/product\/abrazadera-de-manguera-britanica\/#primaryimage"},"thumbnailUrl":"https:\/\/btektech.com\/wp-content\/uploads\/2021\/09\/British-20210917144402.jpg","datePublished":"2022-04-25T17:56:31+00:00","dateModified":"2022-11-21T02:14:16+00:00","description":"Abrazadera de manguera brit\u00e1nica tiene un sistema de asiento de aro especial y firme.El aro enrollado con una banda interior de acero suave y la superficie interior pueden proteger eficazmente la manguera blanda de la abrasi\u00f3n.","breadcrumb":{"@id":"https:\/\/btektech.com\/es\/product\/abrazadera-de-manguera-britanica\/#breadcrumb"},"inLanguage":"es","potentialAction":[{"@type":"ReadAction","target":["https:\/\/btektech.com\/es\/product\/abrazadera-de-manguera-britanica\/"]}]},{"@type":"ImageObject","inLanguage":"es","@id":"https:\/\/btektech.com\/es\/product\/abrazadera-de-manguera-britanica\/#primaryimage","url":"https:\/\/btektech.com\/wp-content\/uploads\/2021\/09\/British-20210917144402.jpg","contentUrl":"https:\/\/btektech.com\/wp-content\/uploads\/2021\/09\/British-20210917144402.jpg","width":800,"height":800,"caption":"Abrazadera de manguera brit\u00e1nica"},{"@type":"BreadcrumbList","@id":"https:\/\/btektech.com\/es\/product\/abrazadera-de-manguera-britanica\/#breadcrumb","itemListElement":[{"@type":"ListItem","position":1,"name":"Home","item":"https:\/\/btektech.com\/es\/home-2\/"},{"@type":"ListItem","position":2,"name":"\u00dcr\u00fcnler","item":"https:\/\/btektech.com\/tr\/shop\/"},{"@type":"ListItem","position":3,"name":"Heavy-Duty &amp; Industrial Hose Clamps","item":"https:\/\/btektech.com\/product-category\/heavy-duty-and-industrial-hose-clamps\/"},{"@type":"ListItem","position":4,"name":"Abrazadera de manguera brit\u00e1nica"}]},{"@type":"WebSite","@id":"https:\/\/btektech.com\/#website","url":"https:\/\/btektech.com\/","name":"Btektech","description":"","publisher":{"@id":"https:\/\/btektech.com\/#organization"},"potentialAction":[{"@type":"SearchAction","target":{"@type":"EntryPoint","urlTemplate":"https:\/\/btektech.com\/?s={search_term_string}"},"query-input":{"@type":"PropertyValueSpecification","valueRequired":true,"valueName":"search_term_string"}}],"inLanguage":"es"},{"@type":"Organization","@id":"https:\/\/btektech.com\/#organization","name":"Btektech","url":"https:\/\/btektech.com\/","logo":{"@type":"ImageObject","inLanguage":"es","@id":"https:\/\/btektech.com\/#\/schema\/logo\/image\/","url":"https:\/\/btektech.com\/wp-content\/uploads\/2021\/08\/btektech-logo.png","contentUrl":"https:\/\/btektech.com\/wp-content\/uploads\/2021\/08\/btektech-logo.png","width":250,"height":114,"caption":"Btektech"},"image":{"@id":"https:\/\/btektech.com\/#\/schema\/logo\/image\/"},"sameAs":["https:\/\/x.com\/Btektech1","https:\/\/www.instagram.com\/btektech\/","https:\/\/www.linkedin.com\/company\/suzhou-baotailong-electronic-materials-co-ltd\/","https:\/\/www.pinterest.com\/btektech\/_saved\/","https:\/\/www.youtube.com\/channel\/UCBiw4Bc4CmQDrdo-QqyVTqQ"]}]}},"_links":{"self":[{"href":"https:\/\/btektech.com\/es\/wp-json\/wp\/v2\/product\/5406","targetHints":{"allow":["GET"]}}],"collection":[{"href":"https:\/\/btektech.com\/es\/wp-json\/wp\/v2\/product"}],"about":[{"href":"https:\/\/btektech.com\/es\/wp-json\/wp\/v2\/types\/product"}],"replies":[{"embeddable":true,"href":"https:\/\/btektech.com\/es\/wp-json\/wp\/v2\/comments?post=5406"}],"version-history":[{"count":0,"href":"https:\/\/btektech.com\/es\/wp-json\/wp\/v2\/product\/5406\/revisions"}],"wp:featuredmedia":[{"embeddable":true,"href":"https:\/\/btektech.com\/es\/wp-json\/wp\/v2\/media\/2413"}],"wp:attachment":[{"href":"https:\/\/btektech.com\/es\/wp-json\/wp\/v2\/media?parent=5406"}],"wp:term":[{"taxonomy":"product_brand","embeddable":true,"href":"https:\/\/btektech.com\/es\/wp-json\/wp\/v2\/product_brand?post=5406"},{"taxonomy":"product_cat","embeddable":true,"href":"https:\/\/btektech.com\/es\/wp-json\/wp\/v2\/product_cat?post=5406"},{"taxonomy":"product_tag","embeddable":true,"href":"https:\/\/btektech.com\/es\/wp-json\/wp\/v2\/product_tag?post=5406"}],"curies":[{"name":"wp","href":"https:\/\/api.w.org\/{rel}","templated":true}]}}