{"id":5399,"date":"2021-09-17T05:51:45","date_gmt":"2022-04-25T17:56:27","guid":{"rendered":"https:\/\/btektech.com\/product\/abrazadera-de-manguera-alemana\/"},"modified":"2022-11-21T02:12:46","modified_gmt":"2022-11-21T02:12:46","slug":"abrazadera-de-manguera-aleman","status":"publish","type":"product","link":"https:\/\/btektech.com\/es\/product\/abrazadera-de-manguera-aleman\/","title":{"rendered":"Abrazadera de manguera alem\u00e1n"},"content":{"rendered":"<p>Abrazadera de manguera alem\u00e1n, tambi\u00e9n llamada abrazadera de manguera no perforada, su dise\u00f1o de brida y estructura no perforada pueden garantizar de manera efectiva que la superficie del tubo de silicona flexible y otras superficies de la manguera no se da\u00f1en.<\/p>\n<div style=\"text-align: center;\">\n<img fetchpriority=\"high\" decoding=\"async\" class=\"alignnone size-medium wp-image-2381\" src=\"https:\/\/btektech.com\/wp-content\/uploads\/2021\/09\/Germany-12mm-300x224.jpg\" alt=\"\" width=\"300\" height=\"224\" srcset=\"https:\/\/btektech.com\/wp-content\/uploads\/2021\/09\/Germany-12mm-300x224.jpg 300w, https:\/\/btektech.com\/wp-content\/uploads\/2021\/09\/Germany-12mm-400x299.jpg 400w, https:\/\/btektech.com\/wp-content\/uploads\/2021\/09\/Germany-12mm.jpg 572w\" sizes=\"(max-width: 300px) 100vw, 300px\" \/>\n<\/div>\n<div style=\"overflow: auto;\">\n<table style=\"text-align: center;\">\n<tbody>\n<tr>\n<th>Banda ancha(mm)<\/th>\n<th>Distancia(mm)<\/th>\n<th>Distancia(pulgada)<\/th>\n<th>Espesor(mm)<\/th>\n<th>Par de ruptura(Nuevo M\u00e9jico)<\/th>\n<\/tr>\n<tr>\n<td>9<\/td>\n<td>8-12<\/td>\n<td>0.31-0.47&#8243;<\/td>\n<td>0.6<\/td>\n<td>5Nm<\/td>\n<\/tr>\n<tr>\n<td>9<\/td>\n<td>10-16<\/td>\n<td>3\/8-5\/8&#8243;<\/td>\n<td>0.6<\/td>\n<td>5Nm<\/td>\n<\/tr>\n<tr>\n<td>9<\/td>\n<td>12-20<\/td>\n<td>0.49-3\/4&#8243;<\/td>\n<td>0.6<\/td>\n<td>5Nm<\/td>\n<\/tr>\n<tr>\n<td>9<\/td>\n<td>16-27<\/td>\n<td>5\/8-1.0&#8243;<\/td>\n<td>0.6<\/td>\n<td>5Nm<\/td>\n<\/tr>\n<tr>\n<td>9<\/td>\n<td>20-32<\/td>\n<td>25\/32-11\/4&#8243;<\/td>\n<td>0.6<\/td>\n<td>5Nm<\/td>\n<\/tr>\n<tr>\n<td>9<\/td>\n<td>25-40<\/td>\n<td>0.98-1.57&#8243;<\/td>\n<td>0.6<\/td>\n<td>5Nm<\/td>\n<\/tr>\n<tr>\n<td>9<\/td>\n<td>30-45<\/td>\n<td>11\/4-2,0&#8243;<\/td>\n<td>0.6<\/td>\n<td>5Nm<\/td>\n<\/tr>\n<tr>\n<td>9<\/td>\n<td>32-50<\/td>\n<td>11\/4-2,0&#8243;<\/td>\n<td>0.6<\/td>\n<td>5Nm<\/td>\n<\/tr>\n<tr>\n<td>9<\/td>\n<td>40-60<\/td>\n<td>19\/16-2,36&#8243;<\/td>\n<td>0.6<\/td>\n<td>5Nm<\/td>\n<\/tr>\n<tr>\n<td>9<\/td>\n<td>50-70<\/td>\n<td>2-3\/4&#8243;<\/td>\n<td>0.6<\/td>\n<td>5Nm<\/td>\n<\/tr>\n<tr>\n<td>9<\/td>\n<td>60-80<\/td>\n<td>2.36-3.15&#8243;<\/td>\n<td>0.6<\/td>\n<td>5Nm<\/td>\n<\/tr>\n<tr>\n<td>9<\/td>\n<td>70-90<\/td>\n<td>2.34-3.54&#8243;<\/td>\n<td>0.6<\/td>\n<td>5Nm<\/td>\n<\/tr>\n<tr>\n<td>9<\/td>\n<td>80-100<\/td>\n<td>3.15-3.94&#8243;<\/td>\n<td>0.6<\/td>\n<td>5Nm<\/td>\n<\/tr>\n<tr>\n<td>9<\/td>\n<td>90-110<\/td>\n<td>3.54-4.33&#8243;<\/td>\n<td>0.6<\/td>\n<td>5Nm<\/td>\n<\/tr>\n<tr>\n<td>9<\/td>\n<td>100-120<\/td>\n<td>3.94-4.72&#8243;<\/td>\n<td>0.6<\/td>\n<td>5Nm<\/td>\n<\/tr>\n<tr>\n<td>9<\/td>\n<td>110-130<\/td>\n<td>4.33-5.12&#8243;<\/td>\n<td>0.6<\/td>\n<td>5Nm<\/td>\n<\/tr>\n<tr>\n<td>9<\/td>\n<td>120-140<\/td>\n<td>4.72-5.51&#8243;<\/td>\n<td>0.6<\/td>\n<td>5Nm<\/td>\n<\/tr>\n<tr>\n<td>9<\/td>\n<td>130-150<\/td>\n<td>5,12-5,91&#8243;<\/td>\n<td>0.6<\/td>\n<td>5Nm<\/td>\n<\/tr>\n<tr>\n<td>9<\/td>\n<td>140-160<\/td>\n<td>5.51-6.3&#8243;<\/td>\n<td>0.6<\/td>\n<td>5Nm<\/td>\n<\/tr>\n<tr>\n<td>9<\/td>\n<td>150-170<\/td>\n<td>5.91-6.69&#8243;<\/td>\n<td>0.6<\/td>\n<td>5Nm<\/td>\n<\/tr>\n<tr>\n<td>9<\/td>\n<td>160-180<\/td>\n<td>6.3-7.09&#8243;<\/td>\n<td>0.6<\/td>\n<td>5Nm<\/td>\n<\/tr>\n<tr>\n<td>12<\/td>\n<td>12-20<\/td>\n<td>0.49-3\/4&#8243;<\/td>\n<td>0.6<\/td>\n<td>5Nm<\/td>\n<\/tr>\n<tr>\n<td>12<\/td>\n<td>16-27<\/td>\n<td>5\/8-1.0&#8243;<\/td>\n<td>0.6<\/td>\n<td>5Nm<\/td>\n<\/tr>\n<tr>\n<td>12<\/td>\n<td>20-32<\/td>\n<td>25\/32-11\/4&#8243;<\/td>\n<td>0.6<\/td>\n<td>5Nm<\/td>\n<\/tr>\n<tr>\n<td>12<\/td>\n<td>25-40<\/td>\n<td>0.98-1.57&#8243;<\/td>\n<td>0.6<\/td>\n<td>5Nm<\/td>\n<\/tr>\n<tr>\n<td>12<\/td>\n<td>30-45<\/td>\n<td>11\/4-2,0&#8243;<\/td>\n<td>0.6<\/td>\n<td>5Nm<\/td>\n<\/tr>\n<tr>\n<td>12<\/td>\n<td>35-50<\/td>\n<td>1.38-2&#8243;<\/td>\n<td>0.6<\/td>\n<td>5Nm<\/td>\n<\/tr>\n<tr>\n<td>12<\/td>\n<td>40-60<\/td>\n<td>19\/16-2,36&#8243;<\/td>\n<td>0.6<\/td>\n<td>5Nm<\/td>\n<\/tr>\n<tr>\n<td>12<\/td>\n<td>50-70<\/td>\n<td>2-3\/4&#8243;<\/td>\n<td>0.6<\/td>\n<td>5Nm<\/td>\n<\/tr>\n<tr>\n<td>12<\/td>\n<td>60-80<\/td>\n<td>2.36-3.15&#8243;<\/td>\n<td>0.6<\/td>\n<td>5Nm<\/td>\n<\/tr>\n<tr>\n<td>12<\/td>\n<td>70-90<\/td>\n<td>2.34-3.54&#8243;<\/td>\n<td>0.6<\/td>\n<td>5Nm<\/td>\n<\/tr>\n<tr>\n<td>12<\/td>\n<td>80-100<\/td>\n<td>3.15-3.94&#8243;<\/td>\n<td>0.6<\/td>\n<td>5Nm<\/td>\n<\/tr>\n<tr>\n<td>12<\/td>\n<td>90-110<\/td>\n<td>3.54-4.33&#8243;<\/td>\n<td>0.6<\/td>\n<td>5Nm<\/td>\n<\/tr>\n<tr>\n<td>12<\/td>\n<td>100-120<\/td>\n<td>3.94-4.72&#8243;<\/td>\n<td>0.6<\/td>\n<td>5Nm<\/td>\n<\/tr>\n<tr>\n<td>12<\/td>\n<td>110-130<\/td>\n<td>4.33-5.12&#8243;<\/td>\n<td>0.6<\/td>\n<td>5Nm<\/td>\n<\/tr>\n<tr>\n<td>12<\/td>\n<td>120-140<\/td>\n<td>4.72-5.51&#8243;<\/td>\n<td>0.6<\/td>\n<td>5Nm<\/td>\n<\/tr>\n<tr>\n<td>12<\/td>\n<td>130-150<\/td>\n<td>5,12-5,91&#8243;<\/td>\n<td>0.6<\/td>\n<td>5Nm<\/td>\n<\/tr>\n<tr>\n<td>12<\/td>\n<td>140-160<\/td>\n<td>5.51-6.3&#8243;<\/td>\n<td>0.6<\/td>\n<td>5Nm<\/td>\n<\/tr>\n<tr>\n<td>12<\/td>\n<td>150-170<\/td>\n<td>5.91-6.69&#8243;<\/td>\n<td>0.6<\/td>\n<td>5Nm<\/td>\n<\/tr>\n<tr>\n<td>12<\/td>\n<td>160-180<\/td>\n<td>6.3-7.09&#8243;<\/td>\n<td>0.6<\/td>\n<td>5Nm<\/td>\n<\/tr>\n<tr>\n<td>12<\/td>\n<td>170-190<\/td>\n<td>6.69-7.48&#8243;<\/td>\n<td>0.6<\/td>\n<td>5Nm<\/td>\n<\/tr>\n<\/tbody>\n<\/table>\n<\/div>\n","protected":false},"excerpt":{"rendered":"<p>Es ampliamente utilizado en la fijaci\u00f3n y anti-aflojamiento de tuber\u00edas de diversos materiales con un evidente efecto de absorci\u00f3n de impactos.<\/p>\n","protected":false},"featured_media":5881,"comment_status":"open","ping_status":"closed","template":"","meta":{"_acf_changed":false},"product_brand":[],"product_cat":[141],"product_tag":[],"class_list":{"0":"post-5399","1":"product","2":"type-product","3":"status-publish","4":"has-post-thumbnail","6":"product_cat-abrazaderas","8":"first","9":"instock","10":"shipping-taxable","11":"product-type-simple"},"acf":[],"yoast_head":"<!-- This site is optimized with the Yoast SEO plugin v26.0 - https:\/\/yoast.com\/wordpress\/plugins\/seo\/ -->\n<title>Abrazadera de manguera alem\u00e1n - Btektech<\/title>\n<meta name=\"description\" content=\"Abrazadera de manguera alem\u00e1n ampliamente utilizado en la fijaci\u00f3n y anti-aflojamiento de tuber\u00edas de diversos materiales con un evidente efecto de absorci\u00f3n de impactos.\" \/>\n<meta name=\"robots\" content=\"index, follow, max-snippet:-1, max-image-preview:large, max-video-preview:-1\" \/>\n<link rel=\"canonical\" href=\"https:\/\/btektech.com\/es\/product\/abrazadera-de-manguera-aleman\/\" \/>\n<meta property=\"og:locale\" content=\"es_ES\" \/>\n<meta property=\"og:type\" content=\"article\" \/>\n<meta property=\"og:title\" content=\"Abrazadera de manguera alem\u00e1n - Btektech\" \/>\n<meta property=\"og:description\" content=\"Abrazadera de manguera alem\u00e1n ampliamente utilizado en la fijaci\u00f3n y anti-aflojamiento de tuber\u00edas de diversos materiales con un evidente efecto de absorci\u00f3n de impactos.\" \/>\n<meta property=\"og:url\" content=\"https:\/\/btektech.com\/es\/product\/abrazadera-de-manguera-aleman\/\" \/>\n<meta property=\"og:site_name\" content=\"Btektech\" \/>\n<meta property=\"article:modified_time\" content=\"2022-11-21T02:12:46+00:00\" \/>\n<meta property=\"og:image\" content=\"https:\/\/btektech.com\/wp-content\/uploads\/2021\/09\/Germany-20210917112848-1.jpg\" \/>\n\t<meta property=\"og:image:width\" content=\"500\" \/>\n\t<meta property=\"og:image:height\" content=\"500\" \/>\n\t<meta property=\"og:image:type\" content=\"image\/jpeg\" \/>\n<meta name=\"twitter:card\" content=\"summary_large_image\" \/>\n<meta name=\"twitter:site\" content=\"@Btektech1\" \/>\n<meta name=\"twitter:label1\" content=\"Tiempo de lectura\" \/>\n\t<meta name=\"twitter:data1\" content=\"2 minutos\" \/>\n<script type=\"application\/ld+json\" class=\"yoast-schema-graph\">{\"@context\":\"https:\/\/schema.org\",\"@graph\":[{\"@type\":[\"WebPage\",\"ItemPage\"],\"@id\":\"https:\/\/btektech.com\/es\/product\/abrazadera-de-manguera-aleman\/\",\"url\":\"https:\/\/btektech.com\/es\/product\/abrazadera-de-manguera-aleman\/\",\"name\":\"Abrazadera de manguera alem\u00e1n - Btektech\",\"isPartOf\":{\"@id\":\"https:\/\/btektech.com\/#website\"},\"primaryImageOfPage\":{\"@id\":\"https:\/\/btektech.com\/es\/product\/abrazadera-de-manguera-aleman\/#primaryimage\"},\"image\":{\"@id\":\"https:\/\/btektech.com\/es\/product\/abrazadera-de-manguera-aleman\/#primaryimage\"},\"thumbnailUrl\":\"https:\/\/btektech.com\/wp-content\/uploads\/2021\/09\/Germany-20210917112848-1.jpg\",\"datePublished\":\"2022-04-25T17:56:27+00:00\",\"dateModified\":\"2022-11-21T02:12:46+00:00\",\"description\":\"Abrazadera de manguera alem\u00e1n ampliamente utilizado en la fijaci\u00f3n y anti-aflojamiento de tuber\u00edas de diversos materiales con un evidente efecto de absorci\u00f3n de impactos.\",\"breadcrumb\":{\"@id\":\"https:\/\/btektech.com\/es\/product\/abrazadera-de-manguera-aleman\/#breadcrumb\"},\"inLanguage\":\"es\",\"potentialAction\":[{\"@type\":\"ReadAction\",\"target\":[\"https:\/\/btektech.com\/es\/product\/abrazadera-de-manguera-aleman\/\"]}]},{\"@type\":\"ImageObject\",\"inLanguage\":\"es\",\"@id\":\"https:\/\/btektech.com\/es\/product\/abrazadera-de-manguera-aleman\/#primaryimage\",\"url\":\"https:\/\/btektech.com\/wp-content\/uploads\/2021\/09\/Germany-20210917112848-1.jpg\",\"contentUrl\":\"https:\/\/btektech.com\/wp-content\/uploads\/2021\/09\/Germany-20210917112848-1.jpg\",\"width\":500,\"height\":500,\"caption\":\"Abrazadera de manguera alem\u00e1n\"},{\"@type\":\"BreadcrumbList\",\"@id\":\"https:\/\/btektech.com\/es\/product\/abrazadera-de-manguera-aleman\/#breadcrumb\",\"itemListElement\":[{\"@type\":\"ListItem\",\"position\":1,\"name\":\"Home\",\"item\":\"https:\/\/btektech.com\/es\/home-2\/\"},{\"@type\":\"ListItem\",\"position\":2,\"name\":\"\u00dcr\u00fcnler\",\"item\":\"https:\/\/btektech.com\/tr\/shop\/\"},{\"@type\":\"ListItem\",\"position\":3,\"name\":\"Heavy-Duty &amp; Industrial Hose Clamps\",\"item\":\"https:\/\/btektech.com\/product-category\/heavy-duty-and-industrial-hose-clamps\/\"},{\"@type\":\"ListItem\",\"position\":4,\"name\":\"Abrazadera de manguera alem\u00e1n\"}]},{\"@type\":\"WebSite\",\"@id\":\"https:\/\/btektech.com\/#website\",\"url\":\"https:\/\/btektech.com\/\",\"name\":\"Btektech\",\"description\":\"\",\"publisher\":{\"@id\":\"https:\/\/btektech.com\/#organization\"},\"potentialAction\":[{\"@type\":\"SearchAction\",\"target\":{\"@type\":\"EntryPoint\",\"urlTemplate\":\"https:\/\/btektech.com\/?s={search_term_string}\"},\"query-input\":{\"@type\":\"PropertyValueSpecification\",\"valueRequired\":true,\"valueName\":\"search_term_string\"}}],\"inLanguage\":\"es\"},{\"@type\":\"Organization\",\"@id\":\"https:\/\/btektech.com\/#organization\",\"name\":\"Btektech\",\"url\":\"https:\/\/btektech.com\/\",\"logo\":{\"@type\":\"ImageObject\",\"inLanguage\":\"es\",\"@id\":\"https:\/\/btektech.com\/#\/schema\/logo\/image\/\",\"url\":\"https:\/\/btektech.com\/wp-content\/uploads\/2021\/08\/btektech-logo.png\",\"contentUrl\":\"https:\/\/btektech.com\/wp-content\/uploads\/2021\/08\/btektech-logo.png\",\"width\":250,\"height\":114,\"caption\":\"Btektech\"},\"image\":{\"@id\":\"https:\/\/btektech.com\/#\/schema\/logo\/image\/\"},\"sameAs\":[\"https:\/\/x.com\/Btektech1\",\"https:\/\/www.instagram.com\/btektech\/\",\"https:\/\/www.linkedin.com\/company\/suzhou-baotailong-electronic-materials-co-ltd\/\",\"https:\/\/www.pinterest.com\/btektech\/_saved\/\",\"https:\/\/www.youtube.com\/channel\/UCBiw4Bc4CmQDrdo-QqyVTqQ\"]}]}<\/script>\n<!-- \/ Yoast SEO plugin. -->","yoast_head_json":{"title":"Abrazadera de manguera alem\u00e1n - Btektech","description":"Abrazadera de manguera alem\u00e1n ampliamente utilizado en la fijaci\u00f3n y anti-aflojamiento de tuber\u00edas de diversos materiales con un evidente efecto de absorci\u00f3n de impactos.","robots":{"index":"index","follow":"follow","max-snippet":"max-snippet:-1","max-image-preview":"max-image-preview:large","max-video-preview":"max-video-preview:-1"},"canonical":"https:\/\/btektech.com\/es\/product\/abrazadera-de-manguera-aleman\/","og_locale":"es_ES","og_type":"article","og_title":"Abrazadera de manguera alem\u00e1n - Btektech","og_description":"Abrazadera de manguera alem\u00e1n ampliamente utilizado en la fijaci\u00f3n y anti-aflojamiento de tuber\u00edas de diversos materiales con un evidente efecto de absorci\u00f3n de impactos.","og_url":"https:\/\/btektech.com\/es\/product\/abrazadera-de-manguera-aleman\/","og_site_name":"Btektech","article_modified_time":"2022-11-21T02:12:46+00:00","og_image":[{"width":500,"height":500,"url":"https:\/\/btektech.com\/wp-content\/uploads\/2021\/09\/Germany-20210917112848-1.jpg","type":"image\/jpeg"}],"twitter_card":"summary_large_image","twitter_site":"@Btektech1","twitter_misc":{"Tiempo de lectura":"2 minutos"},"schema":{"@context":"https:\/\/schema.org","@graph":[{"@type":["WebPage","ItemPage"],"@id":"https:\/\/btektech.com\/es\/product\/abrazadera-de-manguera-aleman\/","url":"https:\/\/btektech.com\/es\/product\/abrazadera-de-manguera-aleman\/","name":"Abrazadera de manguera alem\u00e1n - Btektech","isPartOf":{"@id":"https:\/\/btektech.com\/#website"},"primaryImageOfPage":{"@id":"https:\/\/btektech.com\/es\/product\/abrazadera-de-manguera-aleman\/#primaryimage"},"image":{"@id":"https:\/\/btektech.com\/es\/product\/abrazadera-de-manguera-aleman\/#primaryimage"},"thumbnailUrl":"https:\/\/btektech.com\/wp-content\/uploads\/2021\/09\/Germany-20210917112848-1.jpg","datePublished":"2022-04-25T17:56:27+00:00","dateModified":"2022-11-21T02:12:46+00:00","description":"Abrazadera de manguera alem\u00e1n ampliamente utilizado en la fijaci\u00f3n y anti-aflojamiento de tuber\u00edas de diversos materiales con un evidente efecto de absorci\u00f3n de impactos.","breadcrumb":{"@id":"https:\/\/btektech.com\/es\/product\/abrazadera-de-manguera-aleman\/#breadcrumb"},"inLanguage":"es","potentialAction":[{"@type":"ReadAction","target":["https:\/\/btektech.com\/es\/product\/abrazadera-de-manguera-aleman\/"]}]},{"@type":"ImageObject","inLanguage":"es","@id":"https:\/\/btektech.com\/es\/product\/abrazadera-de-manguera-aleman\/#primaryimage","url":"https:\/\/btektech.com\/wp-content\/uploads\/2021\/09\/Germany-20210917112848-1.jpg","contentUrl":"https:\/\/btektech.com\/wp-content\/uploads\/2021\/09\/Germany-20210917112848-1.jpg","width":500,"height":500,"caption":"Abrazadera de manguera alem\u00e1n"},{"@type":"BreadcrumbList","@id":"https:\/\/btektech.com\/es\/product\/abrazadera-de-manguera-aleman\/#breadcrumb","itemListElement":[{"@type":"ListItem","position":1,"name":"Home","item":"https:\/\/btektech.com\/es\/home-2\/"},{"@type":"ListItem","position":2,"name":"\u00dcr\u00fcnler","item":"https:\/\/btektech.com\/tr\/shop\/"},{"@type":"ListItem","position":3,"name":"Heavy-Duty &amp; Industrial Hose Clamps","item":"https:\/\/btektech.com\/product-category\/heavy-duty-and-industrial-hose-clamps\/"},{"@type":"ListItem","position":4,"name":"Abrazadera de manguera alem\u00e1n"}]},{"@type":"WebSite","@id":"https:\/\/btektech.com\/#website","url":"https:\/\/btektech.com\/","name":"Btektech","description":"","publisher":{"@id":"https:\/\/btektech.com\/#organization"},"potentialAction":[{"@type":"SearchAction","target":{"@type":"EntryPoint","urlTemplate":"https:\/\/btektech.com\/?s={search_term_string}"},"query-input":{"@type":"PropertyValueSpecification","valueRequired":true,"valueName":"search_term_string"}}],"inLanguage":"es"},{"@type":"Organization","@id":"https:\/\/btektech.com\/#organization","name":"Btektech","url":"https:\/\/btektech.com\/","logo":{"@type":"ImageObject","inLanguage":"es","@id":"https:\/\/btektech.com\/#\/schema\/logo\/image\/","url":"https:\/\/btektech.com\/wp-content\/uploads\/2021\/08\/btektech-logo.png","contentUrl":"https:\/\/btektech.com\/wp-content\/uploads\/2021\/08\/btektech-logo.png","width":250,"height":114,"caption":"Btektech"},"image":{"@id":"https:\/\/btektech.com\/#\/schema\/logo\/image\/"},"sameAs":["https:\/\/x.com\/Btektech1","https:\/\/www.instagram.com\/btektech\/","https:\/\/www.linkedin.com\/company\/suzhou-baotailong-electronic-materials-co-ltd\/","https:\/\/www.pinterest.com\/btektech\/_saved\/","https:\/\/www.youtube.com\/channel\/UCBiw4Bc4CmQDrdo-QqyVTqQ"]}]}},"_links":{"self":[{"href":"https:\/\/btektech.com\/es\/wp-json\/wp\/v2\/product\/5399","targetHints":{"allow":["GET"]}}],"collection":[{"href":"https:\/\/btektech.com\/es\/wp-json\/wp\/v2\/product"}],"about":[{"href":"https:\/\/btektech.com\/es\/wp-json\/wp\/v2\/types\/product"}],"replies":[{"embeddable":true,"href":"https:\/\/btektech.com\/es\/wp-json\/wp\/v2\/comments?post=5399"}],"version-history":[{"count":0,"href":"https:\/\/btektech.com\/es\/wp-json\/wp\/v2\/product\/5399\/revisions"}],"wp:featuredmedia":[{"embeddable":true,"href":"https:\/\/btektech.com\/es\/wp-json\/wp\/v2\/media\/5881"}],"wp:attachment":[{"href":"https:\/\/btektech.com\/es\/wp-json\/wp\/v2\/media?parent=5399"}],"wp:term":[{"taxonomy":"product_brand","embeddable":true,"href":"https:\/\/btektech.com\/es\/wp-json\/wp\/v2\/product_brand?post=5399"},{"taxonomy":"product_cat","embeddable":true,"href":"https:\/\/btektech.com\/es\/wp-json\/wp\/v2\/product_cat?post=5399"},{"taxonomy":"product_tag","embeddable":true,"href":"https:\/\/btektech.com\/es\/wp-json\/wp\/v2\/product_tag?post=5399"}],"curies":[{"name":"wp","href":"https:\/\/api.w.org\/{rel}","templated":true}]}}