{"id":5393,"date":"2021-09-23T10:15:31","date_gmt":"2022-04-25T17:53:04","guid":{"rendered":"https:\/\/btektech.com\/product\/abrazadera-de-manguera-de-doble-alambre\/"},"modified":"2022-11-21T02:15:00","modified_gmt":"2022-11-21T02:15:00","slug":"abrazadera-de-manguera-de-doble-alambre","status":"publish","type":"product","link":"https:\/\/btektech.com\/es\/product\/abrazadera-de-manguera-de-doble-alambre\/","title":{"rendered":"Abrazadera de manguera de doble alambre"},"content":{"rendered":"<p>La mayor diferencia entre la abrazadera de manguera de doble alambre y otras abrazaderas de manguera es que se usan dos alambres de acero como soporte de sujeci\u00f3n, y los alambres de acero se usan para sujetar el \u00e1rea de carga m\u00e1s peque\u00f1a, que puede concentrar la presi\u00f3n en una superficie de trabajo. . Para que la log\u00edstica est\u00e9 m\u00e1s firmemente unida.<\/p>\n<div style=\"overflow-x: auto;\">\n<table style=\"text-align: center;\">\n<tbody>\n<tr>\n<th>Distancia(mil\u00edmetro)<\/th>\n<th>Distancia(Pulgada)<\/th>\n<th>Di\u00e1metro del cable(mil\u00edmetro)<\/th>\n<th>Tama\u00f1o del tornillo(mil\u00edmetro)<\/th>\n<th>Par de carga(NORTE)<\/th>\n<\/tr>\n<tr>\n<td>8-12<\/td>\n<td>0.31&#8243;-0.47&#8243;<\/td>\n<td>1.5<\/td>\n<td>M5*35<\/td>\n<td>5-7Nm<\/td>\n<\/tr>\n<tr>\n<td>11-14<\/td>\n<td>0.43&#8243;-0.55&#8243;<\/td>\n<td>1.5<\/td>\n<td>M5*35<\/td>\n<td>5-7Nm<\/td>\n<\/tr>\n<tr>\n<td>13-16<\/td>\n<td>0.51&#8243;-0.63&#8243;<\/td>\n<td>1.5<\/td>\n<td>M5*35<\/td>\n<td>5-7Nm<\/td>\n<\/tr>\n<tr>\n<td>15-18<\/td>\n<td>0.59&#8243;-0.71&#8243;<\/td>\n<td>1.5<\/td>\n<td>M5*35<\/td>\n<td>5-7Nm<\/td>\n<\/tr>\n<tr>\n<td>17-20<\/td>\n<td>0.67&#8243;-0.79&#8243;<\/td>\n<td>1.8<\/td>\n<td>M5*35<\/td>\n<td>5-7Nm<\/td>\n<\/tr>\n<tr>\n<td>19-22<\/td>\n<td>0.75&#8243;-0.87&#8243;<\/td>\n<td>1.8<\/td>\n<td>M5*35<\/td>\n<td>5-7Nm<\/td>\n<\/tr>\n<tr>\n<td>20-24<\/td>\n<td>0.79&#8243;-0.94&#8243;<\/td>\n<td>1.8<\/td>\n<td>M5*35<\/td>\n<td>5-7Nm<\/td>\n<\/tr>\n<tr>\n<td>22-26<\/td>\n<td>0.87&#8243;-1.02&#8243;<\/td>\n<td>1.8<\/td>\n<td>M5*35<\/td>\n<td>5-7Nm<\/td>\n<\/tr>\n<tr>\n<td>24-28<\/td>\n<td>0.94&#8243;-1.1&#8243;<\/td>\n<td>1.8<\/td>\n<td>M5*35<\/td>\n<td>5-7Nm<\/td>\n<\/tr>\n<tr>\n<td>26-30<\/td>\n<td>1,02&#8243;-1,18<\/td>\n<td>2<\/td>\n<td>N6*40<\/td>\n<td>5-7Nm<\/td>\n<\/tr>\n<tr>\n<td>28-32<\/td>\n<td>1.1&#8243;-1.26&#8243;<\/td>\n<td>2<\/td>\n<td>N6*40<\/td>\n<td>5-7Nm<\/td>\n<\/tr>\n<tr>\n<td>31-35<\/td>\n<td>1.22&#8243;-1.38&#8243;<\/td>\n<td>2<\/td>\n<td>N6*40<\/td>\n<td>5-7Nm<\/td>\n<\/tr>\n<tr>\n<td>34-38<\/td>\n<td>1.34&#8243;-1.5&#8243;<\/td>\n<td>2<\/td>\n<td>M6*50<\/td>\n<td>5-7Nm<\/td>\n<\/tr>\n<tr>\n<td>35-40<\/td>\n<td>1.38&#8243;-1.57&#8243;<\/td>\n<td>2.5<\/td>\n<td>M6*50<\/td>\n<td>5-7Nm<\/td>\n<\/tr>\n<tr>\n<td>37-42<\/td>\n<td>1.46&#8243;-1.65&#8243;<\/td>\n<td>2.5<\/td>\n<td>M6*50<\/td>\n<td>5-7Nm<\/td>\n<\/tr>\n<tr>\n<td>40-45<\/td>\n<td>1.57&#8243;-1.77&#8243;<\/td>\n<td>2.5<\/td>\n<td>M6*50<\/td>\n<td>5-7Nm<\/td>\n<\/tr>\n<tr>\n<td>43-48<\/td>\n<td>1.69&#8243;-1.89&#8243;<\/td>\n<td>2.5<\/td>\n<td>M6*50<\/td>\n<td>5-7Nm<\/td>\n<\/tr>\n<tr>\n<td>45-50<\/td>\n<td>1.77&#8243;-1.97&#8243;<\/td>\n<td>2.5<\/td>\n<td>M6*50<\/td>\n<td>5-7Nm<\/td>\n<\/tr>\n<tr>\n<td>47-52<\/td>\n<td>1.85&#8243;-2.05&#8243;<\/td>\n<td>2.5<\/td>\n<td>M6*50<\/td>\n<td>5-7Nm<\/td>\n<\/tr>\n<tr>\n<td>50-55<\/td>\n<td>1.97&#8243;-2.17&#8243;<\/td>\n<td>2.5<\/td>\n<td>M6*50<\/td>\n<td>5-7Nm<\/td>\n<\/tr>\n<tr>\n<td>53-58<\/td>\n<td>2.09&#8243;-2.28\u201c<\/td>\n<td>2.5<\/td>\n<td>M6*50<\/td>\n<td>5-7Nm<\/td>\n<\/tr>\n<tr>\n<td>55-60<\/td>\n<td>2.17&#8243;-2.36&#8243;<\/td>\n<td>2.5<\/td>\n<td>M6*60<\/td>\n<td>5-7Nm<\/td>\n<\/tr>\n<tr>\n<td>54-62<\/td>\n<td>2.13&#8243;-2.44&#8243;<\/td>\n<td>2.5<\/td>\n<td>M6*60<\/td>\n<td>5-7Nm<\/td>\n<\/tr>\n<tr>\n<td>60-65<\/td>\n<td>2.36&#8243;-2.56&#8243;<\/td>\n<td>2.5<\/td>\n<td>M6*60<\/td>\n<td>5-7Nm<\/td>\n<\/tr>\n<tr>\n<td>63-68<\/td>\n<td>2.48&#8243;-2.68&#8243;<\/td>\n<td>3<\/td>\n<td>M6*60<\/td>\n<td>5-7Nm<\/td>\n<\/tr>\n<tr>\n<td>65-70<\/td>\n<td>2.56&#8243;-2.76&#8243;<\/td>\n<td>3<\/td>\n<td>M6*60<\/td>\n<td>5-7Nm<\/td>\n<\/tr>\n<tr>\n<td>70-75<\/td>\n<td>2.76&#8243;-2.95&#8243;<\/td>\n<td>3<\/td>\n<td>M6*60<\/td>\n<td>5-7Nm<\/td>\n<\/tr>\n<tr>\n<td>75-80<\/td>\n<td>2.95&#8243;-3.15&#8243;<\/td>\n<td>3<\/td>\n<td>M6*60<\/td>\n<td>5-7Nm<\/td>\n<\/tr>\n<tr>\n<td>80-85<\/td>\n<td>3.15&#8243;-3.35&#8243;<\/td>\n<td>3<\/td>\n<td>M6*60<\/td>\n<td>5-7Nm<\/td>\n<\/tr>\n<tr>\n<td>84-90<\/td>\n<td>3.31&#8243;-3.54&#8243;<\/td>\n<td>3<\/td>\n<td>M6*60<\/td>\n<td>5-7Nm<\/td>\n<\/tr>\n<tr>\n<td>89-95<\/td>\n<td>3.5&#8243;-3.74&#8243;<\/td>\n<td>3<\/td>\n<td>M6*60<\/td>\n<td>5-7Nm<\/td>\n<\/tr>\n<tr>\n<td>94-100<\/td>\n<td>3.7&#8243;-3.94&#8243;<\/td>\n<td>3<\/td>\n<td>M6*60<\/td>\n<td>5-7Nm<\/td>\n<\/tr>\n<tr>\n<td>98-105<\/td>\n<td>4.06&#8243;-4.33&#8243;<\/td>\n<td>3<\/td>\n<td>M6*60<\/td>\n<td>5-7Nm<\/td>\n<\/tr>\n<\/tbody>\n<\/table>\n<\/div>\n","protected":false},"excerpt":{"rendered":"<p>La abrazadera de manguera de alambre de acero doble sigue siendo la misma que la abrazadera de manguera fuerte, ambas usan el principio de transmisi\u00f3n de rosca triangular de tornillos y tuercas, la selecci\u00f3n de material de la abrazadera de manguera de alambre de acero doble es m\u00e1s estricta.<\/p>\n","protected":false},"featured_media":6032,"comment_status":"open","ping_status":"closed","template":"","meta":{"_acf_changed":false},"product_brand":[],"product_cat":[141],"product_tag":[],"class_list":{"0":"post-5393","1":"product","2":"type-product","3":"status-publish","4":"has-post-thumbnail","6":"product_cat-abrazaderas","8":"first","9":"instock","10":"shipping-taxable","11":"product-type-simple"},"acf":[],"yoast_head":"<!-- This site is optimized with the Yoast SEO plugin v26.0 - https:\/\/yoast.com\/wordpress\/plugins\/seo\/ -->\n<title>Abrazadera de manguera de doble alambre - Btektech<\/title>\n<meta name=\"description\" content=\"La abrazadera de manguera de alambre de acero doble sigue siendo la misma que la abrazadera de manguera fuerte, ambas usan el principio de transmisi\u00f3n de rosca triangular de tornillos y tuercas, la selecci\u00f3n de material de la abrazadera de manguera de alambre de acero doble es m\u00e1s estricta.\" \/>\n<meta name=\"robots\" content=\"index, follow, max-snippet:-1, max-image-preview:large, max-video-preview:-1\" \/>\n<link rel=\"canonical\" href=\"https:\/\/btektech.com\/es\/product\/abrazadera-de-manguera-de-doble-alambre\/\" \/>\n<meta property=\"og:locale\" content=\"es_ES\" \/>\n<meta property=\"og:type\" content=\"article\" \/>\n<meta property=\"og:title\" content=\"Abrazadera de manguera de doble alambre - Btektech\" \/>\n<meta property=\"og:description\" content=\"La abrazadera de manguera de alambre de acero doble sigue siendo la misma que la abrazadera de manguera fuerte, ambas usan el principio de transmisi\u00f3n de rosca triangular de tornillos y tuercas, la selecci\u00f3n de material de la abrazadera de manguera de alambre de acero doble es m\u00e1s estricta.\" \/>\n<meta property=\"og:url\" content=\"https:\/\/btektech.com\/es\/product\/abrazadera-de-manguera-de-doble-alambre\/\" \/>\n<meta property=\"og:site_name\" content=\"Btektech\" \/>\n<meta property=\"article:modified_time\" content=\"2022-11-21T02:15:00+00:00\" \/>\n<meta property=\"og:image\" content=\"https:\/\/btektech.com\/wp-content\/uploads\/2021\/09\/double-wire-202109231808.jpg-1.webp\" \/>\n\t<meta property=\"og:image:width\" content=\"272\" \/>\n\t<meta property=\"og:image:height\" content=\"272\" \/>\n\t<meta property=\"og:image:type\" content=\"image\/webp\" \/>\n<meta name=\"twitter:card\" content=\"summary_large_image\" \/>\n<meta name=\"twitter:site\" content=\"@Btektech1\" \/>\n<meta name=\"twitter:label1\" content=\"Tiempo de lectura\" \/>\n\t<meta name=\"twitter:data1\" content=\"2 minutos\" \/>\n<script type=\"application\/ld+json\" class=\"yoast-schema-graph\">{\"@context\":\"https:\/\/schema.org\",\"@graph\":[{\"@type\":[\"WebPage\",\"ItemPage\"],\"@id\":\"https:\/\/btektech.com\/es\/product\/abrazadera-de-manguera-de-doble-alambre\/\",\"url\":\"https:\/\/btektech.com\/es\/product\/abrazadera-de-manguera-de-doble-alambre\/\",\"name\":\"Abrazadera de manguera de doble alambre - Btektech\",\"isPartOf\":{\"@id\":\"https:\/\/btektech.com\/#website\"},\"primaryImageOfPage\":{\"@id\":\"https:\/\/btektech.com\/es\/product\/abrazadera-de-manguera-de-doble-alambre\/#primaryimage\"},\"image\":{\"@id\":\"https:\/\/btektech.com\/es\/product\/abrazadera-de-manguera-de-doble-alambre\/#primaryimage\"},\"thumbnailUrl\":\"https:\/\/btektech.com\/wp-content\/uploads\/2021\/09\/double-wire-202109231808.jpg-1.webp\",\"datePublished\":\"2022-04-25T17:53:04+00:00\",\"dateModified\":\"2022-11-21T02:15:00+00:00\",\"description\":\"La abrazadera de manguera de alambre de acero doble sigue siendo la misma que la abrazadera de manguera fuerte, ambas usan el principio de transmisi\u00f3n de rosca triangular de tornillos y tuercas, la selecci\u00f3n de material de la abrazadera de manguera de alambre de acero doble es m\u00e1s estricta.\",\"breadcrumb\":{\"@id\":\"https:\/\/btektech.com\/es\/product\/abrazadera-de-manguera-de-doble-alambre\/#breadcrumb\"},\"inLanguage\":\"es\",\"potentialAction\":[{\"@type\":\"ReadAction\",\"target\":[\"https:\/\/btektech.com\/es\/product\/abrazadera-de-manguera-de-doble-alambre\/\"]}]},{\"@type\":\"ImageObject\",\"inLanguage\":\"es\",\"@id\":\"https:\/\/btektech.com\/es\/product\/abrazadera-de-manguera-de-doble-alambre\/#primaryimage\",\"url\":\"https:\/\/btektech.com\/wp-content\/uploads\/2021\/09\/double-wire-202109231808.jpg-1.webp\",\"contentUrl\":\"https:\/\/btektech.com\/wp-content\/uploads\/2021\/09\/double-wire-202109231808.jpg-1.webp\",\"width\":272,\"height\":272,\"caption\":\"Abrazadera de manguera de doble alambre\"},{\"@type\":\"BreadcrumbList\",\"@id\":\"https:\/\/btektech.com\/es\/product\/abrazadera-de-manguera-de-doble-alambre\/#breadcrumb\",\"itemListElement\":[{\"@type\":\"ListItem\",\"position\":1,\"name\":\"Home\",\"item\":\"https:\/\/btektech.com\/es\/home-2\/\"},{\"@type\":\"ListItem\",\"position\":2,\"name\":\"\u00dcr\u00fcnler\",\"item\":\"https:\/\/btektech.com\/tr\/shop\/\"},{\"@type\":\"ListItem\",\"position\":3,\"name\":\"Heavy-Duty &amp; Industrial Hose Clamps\",\"item\":\"https:\/\/btektech.com\/product-category\/heavy-duty-and-industrial-hose-clamps\/\"},{\"@type\":\"ListItem\",\"position\":4,\"name\":\"Abrazadera de manguera de doble alambre\"}]},{\"@type\":\"WebSite\",\"@id\":\"https:\/\/btektech.com\/#website\",\"url\":\"https:\/\/btektech.com\/\",\"name\":\"Btektech\",\"description\":\"\",\"publisher\":{\"@id\":\"https:\/\/btektech.com\/#organization\"},\"potentialAction\":[{\"@type\":\"SearchAction\",\"target\":{\"@type\":\"EntryPoint\",\"urlTemplate\":\"https:\/\/btektech.com\/?s={search_term_string}\"},\"query-input\":{\"@type\":\"PropertyValueSpecification\",\"valueRequired\":true,\"valueName\":\"search_term_string\"}}],\"inLanguage\":\"es\"},{\"@type\":\"Organization\",\"@id\":\"https:\/\/btektech.com\/#organization\",\"name\":\"Btektech\",\"url\":\"https:\/\/btektech.com\/\",\"logo\":{\"@type\":\"ImageObject\",\"inLanguage\":\"es\",\"@id\":\"https:\/\/btektech.com\/#\/schema\/logo\/image\/\",\"url\":\"https:\/\/btektech.com\/wp-content\/uploads\/2021\/08\/btektech-logo.png\",\"contentUrl\":\"https:\/\/btektech.com\/wp-content\/uploads\/2021\/08\/btektech-logo.png\",\"width\":250,\"height\":114,\"caption\":\"Btektech\"},\"image\":{\"@id\":\"https:\/\/btektech.com\/#\/schema\/logo\/image\/\"},\"sameAs\":[\"https:\/\/x.com\/Btektech1\",\"https:\/\/www.instagram.com\/btektech\/\",\"https:\/\/www.linkedin.com\/company\/suzhou-baotailong-electronic-materials-co-ltd\/\",\"https:\/\/www.pinterest.com\/btektech\/_saved\/\",\"https:\/\/www.youtube.com\/channel\/UCBiw4Bc4CmQDrdo-QqyVTqQ\"]}]}<\/script>\n<!-- \/ Yoast SEO plugin. -->","yoast_head_json":{"title":"Abrazadera de manguera de doble alambre - Btektech","description":"La abrazadera de manguera de alambre de acero doble sigue siendo la misma que la abrazadera de manguera fuerte, ambas usan el principio de transmisi\u00f3n de rosca triangular de tornillos y tuercas, la selecci\u00f3n de material de la abrazadera de manguera de alambre de acero doble es m\u00e1s estricta.","robots":{"index":"index","follow":"follow","max-snippet":"max-snippet:-1","max-image-preview":"max-image-preview:large","max-video-preview":"max-video-preview:-1"},"canonical":"https:\/\/btektech.com\/es\/product\/abrazadera-de-manguera-de-doble-alambre\/","og_locale":"es_ES","og_type":"article","og_title":"Abrazadera de manguera de doble alambre - Btektech","og_description":"La abrazadera de manguera de alambre de acero doble sigue siendo la misma que la abrazadera de manguera fuerte, ambas usan el principio de transmisi\u00f3n de rosca triangular de tornillos y tuercas, la selecci\u00f3n de material de la abrazadera de manguera de alambre de acero doble es m\u00e1s estricta.","og_url":"https:\/\/btektech.com\/es\/product\/abrazadera-de-manguera-de-doble-alambre\/","og_site_name":"Btektech","article_modified_time":"2022-11-21T02:15:00+00:00","og_image":[{"width":272,"height":272,"url":"https:\/\/btektech.com\/wp-content\/uploads\/2021\/09\/double-wire-202109231808.jpg-1.webp","type":"image\/webp"}],"twitter_card":"summary_large_image","twitter_site":"@Btektech1","twitter_misc":{"Tiempo de lectura":"2 minutos"},"schema":{"@context":"https:\/\/schema.org","@graph":[{"@type":["WebPage","ItemPage"],"@id":"https:\/\/btektech.com\/es\/product\/abrazadera-de-manguera-de-doble-alambre\/","url":"https:\/\/btektech.com\/es\/product\/abrazadera-de-manguera-de-doble-alambre\/","name":"Abrazadera de manguera de doble alambre - Btektech","isPartOf":{"@id":"https:\/\/btektech.com\/#website"},"primaryImageOfPage":{"@id":"https:\/\/btektech.com\/es\/product\/abrazadera-de-manguera-de-doble-alambre\/#primaryimage"},"image":{"@id":"https:\/\/btektech.com\/es\/product\/abrazadera-de-manguera-de-doble-alambre\/#primaryimage"},"thumbnailUrl":"https:\/\/btektech.com\/wp-content\/uploads\/2021\/09\/double-wire-202109231808.jpg-1.webp","datePublished":"2022-04-25T17:53:04+00:00","dateModified":"2022-11-21T02:15:00+00:00","description":"La abrazadera de manguera de alambre de acero doble sigue siendo la misma que la abrazadera de manguera fuerte, ambas usan el principio de transmisi\u00f3n de rosca triangular de tornillos y tuercas, la selecci\u00f3n de material de la abrazadera de manguera de alambre de acero doble es m\u00e1s estricta.","breadcrumb":{"@id":"https:\/\/btektech.com\/es\/product\/abrazadera-de-manguera-de-doble-alambre\/#breadcrumb"},"inLanguage":"es","potentialAction":[{"@type":"ReadAction","target":["https:\/\/btektech.com\/es\/product\/abrazadera-de-manguera-de-doble-alambre\/"]}]},{"@type":"ImageObject","inLanguage":"es","@id":"https:\/\/btektech.com\/es\/product\/abrazadera-de-manguera-de-doble-alambre\/#primaryimage","url":"https:\/\/btektech.com\/wp-content\/uploads\/2021\/09\/double-wire-202109231808.jpg-1.webp","contentUrl":"https:\/\/btektech.com\/wp-content\/uploads\/2021\/09\/double-wire-202109231808.jpg-1.webp","width":272,"height":272,"caption":"Abrazadera de manguera de doble alambre"},{"@type":"BreadcrumbList","@id":"https:\/\/btektech.com\/es\/product\/abrazadera-de-manguera-de-doble-alambre\/#breadcrumb","itemListElement":[{"@type":"ListItem","position":1,"name":"Home","item":"https:\/\/btektech.com\/es\/home-2\/"},{"@type":"ListItem","position":2,"name":"\u00dcr\u00fcnler","item":"https:\/\/btektech.com\/tr\/shop\/"},{"@type":"ListItem","position":3,"name":"Heavy-Duty &amp; Industrial Hose Clamps","item":"https:\/\/btektech.com\/product-category\/heavy-duty-and-industrial-hose-clamps\/"},{"@type":"ListItem","position":4,"name":"Abrazadera de manguera de doble alambre"}]},{"@type":"WebSite","@id":"https:\/\/btektech.com\/#website","url":"https:\/\/btektech.com\/","name":"Btektech","description":"","publisher":{"@id":"https:\/\/btektech.com\/#organization"},"potentialAction":[{"@type":"SearchAction","target":{"@type":"EntryPoint","urlTemplate":"https:\/\/btektech.com\/?s={search_term_string}"},"query-input":{"@type":"PropertyValueSpecification","valueRequired":true,"valueName":"search_term_string"}}],"inLanguage":"es"},{"@type":"Organization","@id":"https:\/\/btektech.com\/#organization","name":"Btektech","url":"https:\/\/btektech.com\/","logo":{"@type":"ImageObject","inLanguage":"es","@id":"https:\/\/btektech.com\/#\/schema\/logo\/image\/","url":"https:\/\/btektech.com\/wp-content\/uploads\/2021\/08\/btektech-logo.png","contentUrl":"https:\/\/btektech.com\/wp-content\/uploads\/2021\/08\/btektech-logo.png","width":250,"height":114,"caption":"Btektech"},"image":{"@id":"https:\/\/btektech.com\/#\/schema\/logo\/image\/"},"sameAs":["https:\/\/x.com\/Btektech1","https:\/\/www.instagram.com\/btektech\/","https:\/\/www.linkedin.com\/company\/suzhou-baotailong-electronic-materials-co-ltd\/","https:\/\/www.pinterest.com\/btektech\/_saved\/","https:\/\/www.youtube.com\/channel\/UCBiw4Bc4CmQDrdo-QqyVTqQ"]}]}},"_links":{"self":[{"href":"https:\/\/btektech.com\/es\/wp-json\/wp\/v2\/product\/5393","targetHints":{"allow":["GET"]}}],"collection":[{"href":"https:\/\/btektech.com\/es\/wp-json\/wp\/v2\/product"}],"about":[{"href":"https:\/\/btektech.com\/es\/wp-json\/wp\/v2\/types\/product"}],"replies":[{"embeddable":true,"href":"https:\/\/btektech.com\/es\/wp-json\/wp\/v2\/comments?post=5393"}],"version-history":[{"count":0,"href":"https:\/\/btektech.com\/es\/wp-json\/wp\/v2\/product\/5393\/revisions"}],"wp:featuredmedia":[{"embeddable":true,"href":"https:\/\/btektech.com\/es\/wp-json\/wp\/v2\/media\/6032"}],"wp:attachment":[{"href":"https:\/\/btektech.com\/es\/wp-json\/wp\/v2\/media?parent=5393"}],"wp:term":[{"taxonomy":"product_brand","embeddable":true,"href":"https:\/\/btektech.com\/es\/wp-json\/wp\/v2\/product_brand?post=5393"},{"taxonomy":"product_cat","embeddable":true,"href":"https:\/\/btektech.com\/es\/wp-json\/wp\/v2\/product_cat?post=5393"},{"taxonomy":"product_tag","embeddable":true,"href":"https:\/\/btektech.com\/es\/wp-json\/wp\/v2\/product_tag?post=5393"}],"curies":[{"name":"wp","href":"https:\/\/api.w.org\/{rel}","templated":true}]}}