{"id":5387,"date":"2021-09-26T03:57:46","date_gmt":"2021-09-26T03:57:46","guid":{"rendered":"https:\/\/btektech.com\/product\/pistola-de-epoxi-doble\/"},"modified":"2022-09-22T06:29:04","modified_gmt":"2022-09-22T06:29:04","slug":"pistola-epoxi-de-doble","status":"publish","type":"product","link":"https:\/\/btektech.com\/es\/product\/pistola-epoxi-de-doble\/","title":{"rendered":"Pistola Epoxi de Doble"},"content":{"rendered":"<p>La especificaci\u00f3n de la pistola epoxi de doble cartucho de 50 ml es adecuada para el cartucho AB de 50 ml, que tiene proporciones de 1:1, 2:1, 4:1 y 10:1. Adem\u00e1s, la pistola de epoxi de Btektech tambi\u00e9n tiene una pistola de epoxi con aplicador de cartucho doble 10:1 de 75 ML y una pistola de adhesivo de un solo componente de 30 ML y 50 ML.<\/p>\n<div style=\"text-align: center;\">\n<img fetchpriority=\"high\" decoding=\"async\" class=\"alignnone size-full wp-image-5143\" src=\"https:\/\/btektech.com\/wp-content\/uploads\/2021\/09\/epoxy-gun-plunger.jpg\" alt=\"epoxy gun plunger\" width=\"300\" height=\"200\">\n<\/div>\n<div style=\"overflow-x: auto;\">\n<table style=\"text-align: center;\">\n<tbody>\n<caption style=\"font-weight: 600;font-size:30px\">La especificaci\u00f3n de la pistola epoxi de doble cartucho<\/caption>\n<tr>\n<th>Art\u00edculo No.<\/th>\n<th>Relaci\u00f3n<\/th>\n<th>Color<\/th>\n<th>Material(Cuerpo)<\/th>\n<th>Material(\u00c9mbolos)<\/th>\n<\/tr>\n<tr>\n<td>FT50-11<\/td>\n<td>1:01<\/td>\n<td>Blanquecino<\/td>\n<td>PP+PA<\/td>\n<td>Metal<\/td>\n<\/tr>\n<tr>\n<td>FT50-12<\/td>\n<td>2:01<\/td>\n<td>Blanquecino<\/td>\n<td>PP+PA<\/td>\n<td>Metal<\/td>\n<\/tr>\n<tr>\n<td>FT50-14<\/td>\n<td>1:04<\/td>\n<td>Blanquecino<\/td>\n<td>PP+PA<\/td>\n<td>Metal<\/td>\n<\/tr>\n<tr>\n<td>FT50-101<\/td>\n<td>10:01<\/td>\n<td>Blanquecino<\/td>\n<td>PP+PA<\/td>\n<td>Metal<\/td>\n<\/tr>\n<tr>\n<td>FT75-101<\/td>\n<td>10:01<\/td>\n<td>Blanquecino<\/td>\n<td>PP+PA<\/td>\n<td>Metal<\/td>\n<\/tr>\n<\/tbody>\n<\/table>\n<\/div>\n<p>El mango de la pistola de pegamento epoxi est\u00e1 humanizado con una apariencia generosa. El \u00e9mbolo es duradero y no es f\u00e1cil de usar. El dise\u00f1o de la estructura de la pistola epoxi es suave. El cartucho de pegamento es f\u00e1cil de instalar y desmontar. La pistola epoxi de doble cartucho es adecuada para operaci\u00f3n manual.<\/p>\n<div style=\"text-align: center;\">\n<img decoding=\"async\" class=\"alignnone size-medium wp-image-5153\" src=\"https:\/\/btektech.com\/wp-content\/uploads\/2021\/09\/dual-epoxy-gun-300x300.jpg\" alt=\"dual epoxy gun\" width=\"300\" height=\"300\" srcset=\"https:\/\/btektech.com\/wp-content\/uploads\/2021\/09\/dual-epoxy-gun.jpg 300w, https:\/\/btektech.com\/wp-content\/uploads\/2021\/09\/dual-epoxy-gun-100x100.jpg 100w, https:\/\/btektech.com\/wp-content\/uploads\/2021\/09\/dual-epoxy-gun-150x150.jpg 150w\" sizes=\"(max-width: 300px) 100vw, 300px\" \/>\n<\/div>\n<p>Este tipo de producto es muy adecuado para la operaci\u00f3n manual est\u00e1ndar, el desmontaje y el uso son muy simples. El cartucho de tinta se desliza hacia adentro y se fija firmemente en su posici\u00f3n con la palanca, y luego presiona el mango para unir el dispensador de resina epoxi mezclada. Tenga en cuenta que tambi\u00e9n necesita una <a href=\"https:\/\/btektech.com\/product-category\/mixing-nozzles\/\">boquilla mezcladora de epoxi<\/a> desechable.<\/p>\n<div style=\"text-align: center;\">\n<img decoding=\"async\" class=\"alignnone size-medium wp-image-5148\" src=\"https:\/\/btektech.com\/wp-content\/uploads\/2021\/09\/dual-cartridge-epoxy-gun-50ml-300x300.jpg\" alt=\"dual cartridge epoxy gun\" width=\"300\" height=\"300\" srcset=\"https:\/\/btektech.com\/wp-content\/uploads\/2021\/09\/dual-cartridge-epoxy-gun-50ml.jpg 300w, https:\/\/btektech.com\/wp-content\/uploads\/2021\/09\/dual-cartridge-epoxy-gun-50ml-100x100.jpg 100w, https:\/\/btektech.com\/wp-content\/uploads\/2021\/09\/dual-cartridge-epoxy-gun-50ml-150x150.jpg 150w\" sizes=\"(max-width: 300px) 100vw, 300px\" \/>\n<\/div>\n","protected":false},"excerpt":{"rendered":"<p>Este tipo de pistola epoxi de doble cartucho est\u00e1 fabricada con pl\u00e1sticos de ingenier\u00eda de pol\u00edmeros y equipos met\u00e1licos de buena calidad con caracter\u00edsticas de dureza, ligereza, operaci\u00f3n flexible y durabilidad. Nuestra pistola dispensadora hace que el pegamento sea f\u00e1cil de dosificar. Es especialmente para manchar o gotear varios componentes duales de adhesivo o pintura para dise\u00f1ar, lo que puede resolver el problema de mezclar productos adhesivos de dos componentes de manera desigual.<\/p>\n","protected":false},"featured_media":6052,"comment_status":"open","ping_status":"closed","template":"","meta":{"_acf_changed":false},"product_brand":[],"product_cat":[268],"product_tag":[],"class_list":{"0":"post-5387","1":"product","2":"type-product","3":"status-publish","4":"has-post-thumbnail","6":"product_cat-uncategorized-es","8":"first","9":"instock","10":"shipping-taxable","11":"product-type-simple"},"acf":[],"yoast_head":"<!-- This site is optimized with the Yoast SEO plugin v26.0 - https:\/\/yoast.com\/wordpress\/plugins\/seo\/ -->\n<title>Pistola Epoxi de Doble - Btektech<\/title>\n<meta name=\"description\" content=\"Btektech es un fabricante l\u00edder de Pistola Epoxi de Doble OEM y ODM en China. Tambi\u00e9n brindamos servicios de personalizaci\u00f3n de empaques para nuestros distribuidores.\" \/>\n<meta name=\"robots\" content=\"index, follow, max-snippet:-1, max-image-preview:large, max-video-preview:-1\" \/>\n<link rel=\"canonical\" href=\"https:\/\/btektech.com\/es\/product\/pistola-epoxi-de-doble\/\" \/>\n<meta property=\"og:locale\" content=\"es_ES\" \/>\n<meta property=\"og:type\" content=\"article\" \/>\n<meta property=\"og:title\" content=\"Pistola Epoxi de Doble - Btektech\" \/>\n<meta property=\"og:description\" content=\"Btektech es un fabricante l\u00edder de Pistola Epoxi de Doble OEM y ODM en China. Tambi\u00e9n brindamos servicios de personalizaci\u00f3n de empaques para nuestros distribuidores.\" \/>\n<meta property=\"og:url\" content=\"https:\/\/btektech.com\/es\/product\/pistola-epoxi-de-doble\/\" \/>\n<meta property=\"og:site_name\" content=\"Btektech\" \/>\n<meta property=\"article:modified_time\" content=\"2022-09-22T06:29:04+00:00\" \/>\n<meta property=\"og:image\" content=\"https:\/\/btektech.com\/wp-content\/uploads\/2021\/09\/Dual-Epoxy-Gun-2.jpg\" \/>\n\t<meta property=\"og:image:width\" content=\"800\" \/>\n\t<meta property=\"og:image:height\" content=\"800\" \/>\n\t<meta property=\"og:image:type\" content=\"image\/jpeg\" \/>\n<meta name=\"twitter:card\" content=\"summary_large_image\" \/>\n<meta name=\"twitter:site\" content=\"@Btektech1\" \/>\n<meta name=\"twitter:label1\" content=\"Tiempo de lectura\" \/>\n\t<meta name=\"twitter:data1\" content=\"2 minutos\" \/>\n<script type=\"application\/ld+json\" class=\"yoast-schema-graph\">{\"@context\":\"https:\/\/schema.org\",\"@graph\":[{\"@type\":[\"WebPage\",\"ItemPage\"],\"@id\":\"https:\/\/btektech.com\/es\/product\/pistola-epoxi-de-doble\/\",\"url\":\"https:\/\/btektech.com\/es\/product\/pistola-epoxi-de-doble\/\",\"name\":\"Pistola Epoxi de Doble - Btektech\",\"isPartOf\":{\"@id\":\"https:\/\/btektech.com\/#website\"},\"primaryImageOfPage\":{\"@id\":\"https:\/\/btektech.com\/es\/product\/pistola-epoxi-de-doble\/#primaryimage\"},\"image\":{\"@id\":\"https:\/\/btektech.com\/es\/product\/pistola-epoxi-de-doble\/#primaryimage\"},\"thumbnailUrl\":\"https:\/\/btektech.com\/wp-content\/uploads\/2021\/09\/Dual-Epoxy-Gun-2.jpg\",\"datePublished\":\"2021-09-26T03:57:46+00:00\",\"dateModified\":\"2022-09-22T06:29:04+00:00\",\"description\":\"Btektech es un fabricante l\u00edder de Pistola Epoxi de Doble OEM y ODM en China. Tambi\u00e9n brindamos servicios de personalizaci\u00f3n de empaques para nuestros distribuidores.\",\"breadcrumb\":{\"@id\":\"https:\/\/btektech.com\/es\/product\/pistola-epoxi-de-doble\/#breadcrumb\"},\"inLanguage\":\"es\",\"potentialAction\":[{\"@type\":\"ReadAction\",\"target\":[\"https:\/\/btektech.com\/es\/product\/pistola-epoxi-de-doble\/\"]}]},{\"@type\":\"ImageObject\",\"inLanguage\":\"es\",\"@id\":\"https:\/\/btektech.com\/es\/product\/pistola-epoxi-de-doble\/#primaryimage\",\"url\":\"https:\/\/btektech.com\/wp-content\/uploads\/2021\/09\/Dual-Epoxy-Gun-2.jpg\",\"contentUrl\":\"https:\/\/btektech.com\/wp-content\/uploads\/2021\/09\/Dual-Epoxy-Gun-2.jpg\",\"width\":800,\"height\":800,\"caption\":\"Pistola Epoxi de Doble\"},{\"@type\":\"BreadcrumbList\",\"@id\":\"https:\/\/btektech.com\/es\/product\/pistola-epoxi-de-doble\/#breadcrumb\",\"itemListElement\":[{\"@type\":\"ListItem\",\"position\":1,\"name\":\"Home\",\"item\":\"https:\/\/btektech.com\/es\/home-2\/\"},{\"@type\":\"ListItem\",\"position\":2,\"name\":\"\u00dcr\u00fcnler\",\"item\":\"https:\/\/btektech.com\/tr\/shop\/\"},{\"@type\":\"ListItem\",\"position\":3,\"name\":\"Pistola Epoxi de Doble\"}]},{\"@type\":\"WebSite\",\"@id\":\"https:\/\/btektech.com\/#website\",\"url\":\"https:\/\/btektech.com\/\",\"name\":\"Btektech\",\"description\":\"\",\"publisher\":{\"@id\":\"https:\/\/btektech.com\/#organization\"},\"potentialAction\":[{\"@type\":\"SearchAction\",\"target\":{\"@type\":\"EntryPoint\",\"urlTemplate\":\"https:\/\/btektech.com\/?s={search_term_string}\"},\"query-input\":{\"@type\":\"PropertyValueSpecification\",\"valueRequired\":true,\"valueName\":\"search_term_string\"}}],\"inLanguage\":\"es\"},{\"@type\":\"Organization\",\"@id\":\"https:\/\/btektech.com\/#organization\",\"name\":\"Btektech\",\"url\":\"https:\/\/btektech.com\/\",\"logo\":{\"@type\":\"ImageObject\",\"inLanguage\":\"es\",\"@id\":\"https:\/\/btektech.com\/#\/schema\/logo\/image\/\",\"url\":\"https:\/\/btektech.com\/wp-content\/uploads\/2021\/08\/btektech-logo.png\",\"contentUrl\":\"https:\/\/btektech.com\/wp-content\/uploads\/2021\/08\/btektech-logo.png\",\"width\":250,\"height\":114,\"caption\":\"Btektech\"},\"image\":{\"@id\":\"https:\/\/btektech.com\/#\/schema\/logo\/image\/\"},\"sameAs\":[\"https:\/\/x.com\/Btektech1\",\"https:\/\/www.instagram.com\/btektech\/\",\"https:\/\/www.linkedin.com\/company\/suzhou-baotailong-electronic-materials-co-ltd\/\",\"https:\/\/www.pinterest.com\/btektech\/_saved\/\",\"https:\/\/www.youtube.com\/channel\/UCBiw4Bc4CmQDrdo-QqyVTqQ\"]}]}<\/script>\n<!-- \/ Yoast SEO plugin. -->","yoast_head_json":{"title":"Pistola Epoxi de Doble - Btektech","description":"Btektech es un fabricante l\u00edder de Pistola Epoxi de Doble OEM y ODM en China. Tambi\u00e9n brindamos servicios de personalizaci\u00f3n de empaques para nuestros distribuidores.","robots":{"index":"index","follow":"follow","max-snippet":"max-snippet:-1","max-image-preview":"max-image-preview:large","max-video-preview":"max-video-preview:-1"},"canonical":"https:\/\/btektech.com\/es\/product\/pistola-epoxi-de-doble\/","og_locale":"es_ES","og_type":"article","og_title":"Pistola Epoxi de Doble - Btektech","og_description":"Btektech es un fabricante l\u00edder de Pistola Epoxi de Doble OEM y ODM en China. Tambi\u00e9n brindamos servicios de personalizaci\u00f3n de empaques para nuestros distribuidores.","og_url":"https:\/\/btektech.com\/es\/product\/pistola-epoxi-de-doble\/","og_site_name":"Btektech","article_modified_time":"2022-09-22T06:29:04+00:00","og_image":[{"width":800,"height":800,"url":"https:\/\/btektech.com\/wp-content\/uploads\/2021\/09\/Dual-Epoxy-Gun-2.jpg","type":"image\/jpeg"}],"twitter_card":"summary_large_image","twitter_site":"@Btektech1","twitter_misc":{"Tiempo de lectura":"2 minutos"},"schema":{"@context":"https:\/\/schema.org","@graph":[{"@type":["WebPage","ItemPage"],"@id":"https:\/\/btektech.com\/es\/product\/pistola-epoxi-de-doble\/","url":"https:\/\/btektech.com\/es\/product\/pistola-epoxi-de-doble\/","name":"Pistola Epoxi de Doble - Btektech","isPartOf":{"@id":"https:\/\/btektech.com\/#website"},"primaryImageOfPage":{"@id":"https:\/\/btektech.com\/es\/product\/pistola-epoxi-de-doble\/#primaryimage"},"image":{"@id":"https:\/\/btektech.com\/es\/product\/pistola-epoxi-de-doble\/#primaryimage"},"thumbnailUrl":"https:\/\/btektech.com\/wp-content\/uploads\/2021\/09\/Dual-Epoxy-Gun-2.jpg","datePublished":"2021-09-26T03:57:46+00:00","dateModified":"2022-09-22T06:29:04+00:00","description":"Btektech es un fabricante l\u00edder de Pistola Epoxi de Doble OEM y ODM en China. Tambi\u00e9n brindamos servicios de personalizaci\u00f3n de empaques para nuestros distribuidores.","breadcrumb":{"@id":"https:\/\/btektech.com\/es\/product\/pistola-epoxi-de-doble\/#breadcrumb"},"inLanguage":"es","potentialAction":[{"@type":"ReadAction","target":["https:\/\/btektech.com\/es\/product\/pistola-epoxi-de-doble\/"]}]},{"@type":"ImageObject","inLanguage":"es","@id":"https:\/\/btektech.com\/es\/product\/pistola-epoxi-de-doble\/#primaryimage","url":"https:\/\/btektech.com\/wp-content\/uploads\/2021\/09\/Dual-Epoxy-Gun-2.jpg","contentUrl":"https:\/\/btektech.com\/wp-content\/uploads\/2021\/09\/Dual-Epoxy-Gun-2.jpg","width":800,"height":800,"caption":"Pistola Epoxi de Doble"},{"@type":"BreadcrumbList","@id":"https:\/\/btektech.com\/es\/product\/pistola-epoxi-de-doble\/#breadcrumb","itemListElement":[{"@type":"ListItem","position":1,"name":"Home","item":"https:\/\/btektech.com\/es\/home-2\/"},{"@type":"ListItem","position":2,"name":"\u00dcr\u00fcnler","item":"https:\/\/btektech.com\/tr\/shop\/"},{"@type":"ListItem","position":3,"name":"Pistola Epoxi de Doble"}]},{"@type":"WebSite","@id":"https:\/\/btektech.com\/#website","url":"https:\/\/btektech.com\/","name":"Btektech","description":"","publisher":{"@id":"https:\/\/btektech.com\/#organization"},"potentialAction":[{"@type":"SearchAction","target":{"@type":"EntryPoint","urlTemplate":"https:\/\/btektech.com\/?s={search_term_string}"},"query-input":{"@type":"PropertyValueSpecification","valueRequired":true,"valueName":"search_term_string"}}],"inLanguage":"es"},{"@type":"Organization","@id":"https:\/\/btektech.com\/#organization","name":"Btektech","url":"https:\/\/btektech.com\/","logo":{"@type":"ImageObject","inLanguage":"es","@id":"https:\/\/btektech.com\/#\/schema\/logo\/image\/","url":"https:\/\/btektech.com\/wp-content\/uploads\/2021\/08\/btektech-logo.png","contentUrl":"https:\/\/btektech.com\/wp-content\/uploads\/2021\/08\/btektech-logo.png","width":250,"height":114,"caption":"Btektech"},"image":{"@id":"https:\/\/btektech.com\/#\/schema\/logo\/image\/"},"sameAs":["https:\/\/x.com\/Btektech1","https:\/\/www.instagram.com\/btektech\/","https:\/\/www.linkedin.com\/company\/suzhou-baotailong-electronic-materials-co-ltd\/","https:\/\/www.pinterest.com\/btektech\/_saved\/","https:\/\/www.youtube.com\/channel\/UCBiw4Bc4CmQDrdo-QqyVTqQ"]}]}},"_links":{"self":[{"href":"https:\/\/btektech.com\/es\/wp-json\/wp\/v2\/product\/5387","targetHints":{"allow":["GET"]}}],"collection":[{"href":"https:\/\/btektech.com\/es\/wp-json\/wp\/v2\/product"}],"about":[{"href":"https:\/\/btektech.com\/es\/wp-json\/wp\/v2\/types\/product"}],"replies":[{"embeddable":true,"href":"https:\/\/btektech.com\/es\/wp-json\/wp\/v2\/comments?post=5387"}],"version-history":[{"count":0,"href":"https:\/\/btektech.com\/es\/wp-json\/wp\/v2\/product\/5387\/revisions"}],"wp:featuredmedia":[{"embeddable":true,"href":"https:\/\/btektech.com\/es\/wp-json\/wp\/v2\/media\/6052"}],"wp:attachment":[{"href":"https:\/\/btektech.com\/es\/wp-json\/wp\/v2\/media?parent=5387"}],"wp:term":[{"taxonomy":"product_brand","embeddable":true,"href":"https:\/\/btektech.com\/es\/wp-json\/wp\/v2\/product_brand?post=5387"},{"taxonomy":"product_cat","embeddable":true,"href":"https:\/\/btektech.com\/es\/wp-json\/wp\/v2\/product_cat?post=5387"},{"taxonomy":"product_tag","embeddable":true,"href":"https:\/\/btektech.com\/es\/wp-json\/wp\/v2\/product_tag?post=5387"}],"curies":[{"name":"wp","href":"https:\/\/api.w.org\/{rel}","templated":true}]}}